
{"id":32758,"date":"2025-03-24T11:38:18","date_gmt":"2025-03-24T09:38:18","guid":{"rendered":"https:\/\/neuronup.com\/it\/?page_id=32758"},"modified":"2025-07-11T09:23:27","modified_gmt":"2025-07-11T07:23:27","slug":"ospedali","status":"publish","type":"page","link":"https:\/\/neuronup.com\/it\/soluzioni-di-neuroriabilitazione\/ospedali\/","title":{"rendered":"NeuronUP per ospedali"},"content":{"rendered":"\n<div style=\"--cover-block-justify-content:center;\" class=\"wp-block-cover alignfull has-lg-content-width has-md-padding-top has-md-padding-bottom has-sm-padding-left has-sm-padding-right\"><span aria-hidden=\"true\" class=\"wp-block-cover__background has-primary-background-color has-background-dim-100 has-background-dim\"><\/span><div class=\"wp-block-cover__inner-container is-layout-constrained wp-block-cover-is-layout-constrained\">\n<h1 class=\"wp-block-heading has-text-align-center\">Soluzioni per ospedali<\/h1>\n<\/div><\/div>\n\n\n\n<div style=\"height:100px\" aria-hidden=\"true\" class=\"wp-block-spacer\"><\/div>\n\n\n\n<div class=\"wp-block-columns is-layout-flex wp-container-core-columns-is-layout-9d6595d7 wp-block-columns-is-layout-flex\">\n<div class=\"wp-block-column is-layout-flow wp-block-column-is-layout-flow\" style=\"flex-basis:60%\">\n<h2 class=\"wp-block-heading has-text-align-left\">Posizionati all&#8217;avanguardia della neuro-riabilitazione<\/h2>\n\n\n\n<p class=\"has-text-align-left has-lg-font-size\">L&#8217;Ospedale Universitario di Navarra, l&#8217;Ospedale Universitario 12 de Octubre, l&#8217;Ospedale Universitario de Cruces, Quir\u00f3nsalud e l&#8217;Ospedale Sant Celoni sono alcuni degli ospedali che gi\u00e0 si affidano a NeuronUP per potenziare i loro interventi di riabilitazione e stimolazione cognitiva.&nbsp;&nbsp;<\/p>\n\n\n\n<p class=\"has-text-align-left\">Vuoi scoprire come trarre vantaggio dalla piattaforma leader gi\u00e0 utilizzata dai riferimenti del settore?<\/p>\n\n\n\n<div class=\"wp-block-buttons is-content-justification-left is-layout-flex wp-container-core-buttons-is-layout-fdcfc74e wp-block-buttons-is-layout-flex\">\n<div class=\"wp-block-button\"><a class=\"wp-block-button__link button wp-element-button\" href=\"#informacion\">Richiedi informazioni<\/a><\/div>\n<\/div>\n<\/div>\n\n\n\n<div class=\"wp-block-column is-layout-flow wp-block-column-is-layout-flow\" style=\"flex-basis:40%\"><div class=\"wp-block-image\">\n<figure class=\"aligncenter size-full\"><img decoding=\"async\" width=\"556\" height=\"649\" src=\"https:\/\/neuronup.com\/it\/wp-content\/uploads\/2025\/03\/investigadora-neuronup-labs.webp\" alt=\"\" class=\"wp-image-32761\" style=\"object-fit:cover\" srcset=\"https:\/\/neuronup.com\/it\/wp-content\/uploads\/2025\/03\/investigadora-neuronup-labs-257x300.webp 257w, https:\/\/neuronup.com\/it\/wp-content\/uploads\/2025\/03\/investigadora-neuronup-labs.webp 556w\" sizes=\"(max-width: 556px) 100vw, 556px\" \/><\/figure>\n<\/div><\/div>\n<\/div>\n\n\n\n<div style=\"height:70px\" aria-hidden=\"true\" class=\"wp-block-spacer\"><\/div>\n\n\n\n<h2 class=\"wp-block-heading has-text-align-center anims-fadein-up has-body-color has-text-color has-link-color wp-elements-f6cfd030a574ad811d4a6bf0ed8ec9a2 has-xl-margin-bottom\"><strong style=\"color:#00abc7;\">Ospedali<\/strong> che gi\u00e0 lavorano con NeuronUP<\/h2>\n\n\n\n<div style=\"height:30px\" aria-hidden=\"true\" class=\"wp-block-spacer\"><\/div>\n\n\n\n<div class=\"wp-block-columns are-vertically-aligned-center is-layout-flex wp-container-core-columns-is-layout-9d6595d7 wp-block-columns-is-layout-flex\">\n<div class=\"wp-block-column is-vertically-aligned-center is-layout-flow wp-block-column-is-layout-flow\"><div class=\"wp-block-image\">\n<figure class=\"aligncenter size-full has-xl-margin-top has-xl-margin-right has-xl-margin-bottom has-xl-margin-left\"><img decoding=\"async\" width=\"260\" height=\"140\" src=\"https:\/\/neuronup.com\/it\/wp-content\/uploads\/2025\/03\/ruber-logo.webp\" alt=\"\" class=\"wp-image-32725\"\/><\/figure>\n<\/div><\/div>\n\n\n\n<div class=\"wp-block-column is-vertically-aligned-center is-layout-flow wp-block-column-is-layout-flow\"><div class=\"wp-block-image\">\n<figure class=\"aligncenter size-full has-xl-margin-top has-xl-margin-right has-xl-margin-bottom has-xl-margin-left\"><img decoding=\"async\" width=\"260\" height=\"140\" src=\"https:\/\/neuronup.com\/it\/wp-content\/uploads\/2025\/03\/clinica-universita-navarra-logo-1.webp\" alt=\"\" class=\"wp-image-32724\"\/><\/figure>\n<\/div><\/div>\n\n\n\n<div class=\"wp-block-column is-vertically-aligned-center is-layout-flow wp-block-column-is-layout-flow\"><div class=\"wp-block-image\">\n<figure class=\"aligncenter size-full has-xl-margin-top has-xl-margin-right has-xl-margin-bottom has-xl-margin-left\"><img decoding=\"async\" width=\"260\" height=\"140\" src=\"https:\/\/neuronup.com\/it\/wp-content\/uploads\/2025\/03\/salute-madrid.webp\" alt=\"\" class=\"wp-image-32723\"\/><\/figure>\n<\/div><\/div>\n\n\n\n<div class=\"wp-block-column is-vertically-aligned-center is-layout-flow wp-block-column-is-layout-flow\"><div class=\"wp-block-image\">\n<figure class=\"aligncenter size-full is-resized has-no-margin-top has-xl-margin-right has-xl-margin-bottom has-xl-margin-left\"><img decoding=\"async\" width=\"260\" height=\"140\" src=\"https:\/\/neuronup.com\/it\/wp-content\/uploads\/2025\/03\/ospedale-cruces.webp\" alt=\"\" class=\"wp-image-32722\" style=\"width:195px;height:auto\"\/><\/figure>\n<\/div><\/div>\n\n\n\n<div class=\"wp-block-column is-vertically-aligned-center is-layout-flow wp-block-column-is-layout-flow\"><div class=\"wp-block-image\">\n<figure class=\"aligncenter size-full is-resized has-xl-margin-top has-xl-margin-right has-xl-margin-bottom has-xl-margin-left\"><img decoding=\"async\" width=\"260\" height=\"140\" src=\"https:\/\/neuronup.com\/it\/wp-content\/uploads\/2025\/03\/catsalut.webp\" alt=\"\" class=\"wp-image-32721\" style=\"width:160px;height:auto\"\/><\/figure>\n<\/div><\/div>\n<\/div>\n\n\n\n<div class=\"wp-block-group anims-fadein-up\"><div class=\"wp-block-group__inner-container is-layout-constrained wp-block-group-is-layout-constrained\">\n<div style=\"height:120px\" aria-hidden=\"true\" class=\"wp-block-spacer\"><\/div>\n\n\n\n<h2 class=\"wp-block-heading has-text-align-center has-body-color has-text-color has-link-color wp-elements-47890231b2acc23268c8614f05479738\"><strong style=\"color:#00abc7;\">Benefici<\/strong> di NeuronUP per <strong style=\"color:#00abc7;\">ospedali<\/strong><\/h2>\n\n\n\n<div style=\"height:30px\" aria-hidden=\"true\" class=\"wp-block-spacer\"><\/div>\n<\/div><\/div>\n\n\n\n<div class=\"wp-block-columns is-layout-flex wp-container-core-columns-is-layout-9d6595d7 wp-block-columns-is-layout-flex\">\n<div class=\"wp-block-column testimonial-block br-0101 is-layout-flow wp-block-column-is-layout-flow\">\n<h3 class=\"wp-block-heading\">Utenti<\/h3>\n\n\n\n<ul class=\"wp-block-list\">\n<li>Accesso a <strong>terapie personalizzate e adattate<\/strong>.<\/li>\n\n\n\n<li><strong>Maggiore aderenza<\/strong> al trattamento.<\/li>\n\n\n\n<li>Miglioramento dell&#8217;autonomia e della <strong>qualit\u00e0 della vita<\/strong>.<\/li>\n\n\n\n<li><strong>Continuit\u00e0 del trattamento <\/strong>anche da casa.<\/li>\n<\/ul>\n<\/div>\n\n\n\n<div class=\"wp-block-column testimonial-block br-0101 is-layout-flow wp-block-column-is-layout-flow\">\n<h3 class=\"wp-block-heading\">Professionisti<\/h3>\n\n\n\n<ul class=\"wp-block-list\">\n<li>Maggior coordinamento e <strong>lavoro interdisciplinare<\/strong>.<\/li>\n\n\n\n<li><strong>Maggiore precisione <\/strong>nella valutazione e nel monitoraggio.<\/li>\n\n\n\n<li>Miglioramento dei <strong>risultati clinici<\/strong>.<\/li>\n\n\n\n<li><strong>Facilit\u00e0 di implementazione<\/strong> e uso.<\/li>\n<\/ul>\n<\/div>\n\n\n\n<div class=\"wp-block-column testimonial-block br-0101 is-layout-flow wp-block-column-is-layout-flow\">\n<h3 class=\"wp-block-heading\">Direttori<\/h3>\n\n\n\n<ul class=\"wp-block-list\">\n<li><strong><strong>Vantaggio competitivo<\/strong> <\/strong>rispetto ad altri ospedali.<\/li>\n\n\n\n<li><strong>Rafforzamento della reputazione<\/strong> ospedaliera.<\/li>\n\n\n\n<li>Miglioramento della <strong>qualit\u00e0 dell&#8217;assistenza<\/strong>.<\/li>\n\n\n\n<li>Ottimizzazione delle risorse e <strong>riduzione dei costi<\/strong>.<\/li>\n<\/ul>\n<\/div>\n<\/div>\n\n\n\n<div style=\"height:100px\" aria-hidden=\"true\" class=\"wp-block-spacer\"><\/div>\n\n\n\n<h2 class=\"wp-block-heading has-text-align-center has-body-color has-text-color has-link-color wp-elements-047e108ef2680074c7afe2f7da42ea5a\" id=\"screen\"><strong style=\"color:#00abc7;\">Testimonianze<\/strong> di altri <strong style=\"color:#00abc7;\">ospedali<\/strong><\/h2>\n\n\n\n<div class=\"wp-block-group anims-fadein-up has-xxl-margin-top has-xxxl-margin-bottom\"><div class=\"wp-block-group__inner-container is-layout-constrained wp-block-group-is-layout-constrained\">\n<div class=\"wp-block-columns is-layout-flex wp-container-core-columns-is-layout-9d6595d7 wp-block-columns-is-layout-flex\">\n<div class=\"wp-block-column p-3 is-layout-flow wp-block-column-is-layout-flow\">\n<div class=\"wp-block-columns br-0001 p-4 h-100 has-alt-background-color has-background is-layout-flex wp-container-core-columns-is-layout-9d6595d7 wp-block-columns-is-layout-flex\">\n<div class=\"wp-block-column is-layout-flow wp-block-column-is-layout-flow\" style=\"flex-basis:33.33%\">\n<figure class=\"wp-block-image size-full is-resized\"><img decoding=\"async\" width=\"132\" height=\"152\" src=\"https:\/\/neuronup.com\/it\/wp-content\/uploads\/2025\/03\/Testimonianza-Arrixaca.webp\" alt=\"\" class=\"wp-image-32720\" style=\"width:79px;height:auto\"\/><\/figure>\n\n\n\n<p class=\"has-xs-font-size\"><strong>Rosa Espinosa, <\/strong>Ospedale Clinico Universitario Virgen de la Arrixaca<\/p>\n<\/div>\n\n\n\n<div class=\"wp-block-column is-layout-flow wp-block-column-is-layout-flow\" style=\"flex-basis:66.67%\">\n<figure class=\"wp-block-image size-large\"><img decoding=\"async\" width=\"28\" height=\"23\" src=\"https:\/\/neuronup.com\/wp-content\/uploads\/2022\/v3\/icon-comillas.svg\" alt=\"\" class=\"wp-image-21104\"\/><\/figure>\n\n\n\n<p class=\"has-sm-font-size\"><em>&#8220;Ci focalizziamo su NeuronUP al fine di <strong>generare delle basi <\/strong>(recupero, sostituzione o compensazione della funzione) sulle quali poter successivamente generalizzare quanto appreso e <strong>favorire la validit\u00e0 ecologica dell&#8217;intervento<\/strong>. Ci permette di selezionare una funzione specifica su cui lavorare, confrontare i risultati in una stessa attivit\u00e0 e fornire feedback.<\/em>&#8220;<\/p>\n<\/div>\n<\/div>\n<\/div>\n\n\n\n<div class=\"wp-block-column p-3 is-layout-flow wp-block-column-is-layout-flow\">\n<div class=\"wp-block-columns br-0001 p-4 h-100 has-alt-background-color has-background is-layout-flex wp-container-core-columns-is-layout-9d6595d7 wp-block-columns-is-layout-flex\">\n<div class=\"wp-block-column is-layout-flow wp-block-column-is-layout-flow\" style=\"flex-basis:33.33%\">\n<figure class=\"wp-block-image size-full is-resized\"><img decoding=\"async\" width=\"132\" height=\"152\" src=\"https:\/\/neuronup.com\/it\/wp-content\/uploads\/2025\/03\/Testimonianza-Iensa.webp\" alt=\"\" class=\"wp-image-32719\" style=\"width:79px;height:auto\"\/><\/figure>\n\n\n\n<p class=\"has-xs-font-size\"><strong>Olga Prian Serrano,<\/strong> <br>Istituto di Specialit\u00e0 Neurologiche (IENSA)<\/p>\n<\/div>\n\n\n\n<div class=\"wp-block-column is-layout-flow wp-block-column-is-layout-flow\" style=\"flex-basis:66.66%\">\n<figure class=\"wp-block-image size-large\"><img decoding=\"async\" width=\"28\" height=\"23\" src=\"https:\/\/neuronup.com\/wp-content\/uploads\/2022\/v3\/icon-comillas.svg\" alt=\"\" class=\"wp-image-21104\"\/><\/figure>\n\n\n\n<p class=\"has-sm-font-size\"><em><em><em><em>&#8220;La piattaforma di stimolazione cognitiva NeuronUP \u00e8 uno strumento magnifica che ci fornisce la base per adattare il materiale di lavoro al livello sia cognitivo che educativo di ogni paziente. Ad esempio, permette di lavorare diverse funzioni cognitive con la stessa scheda anche in pazienti con una compromissione maggiore. <\/em><\/em><\/em><\/em>&#8220;<\/p>\n<\/div>\n<\/div>\n<\/div>\n\n\n\n<div class=\"wp-block-column p-3 is-layout-flow wp-block-column-is-layout-flow\">\n<div class=\"wp-block-columns br-0001 p-4 h-100 has-alt-background-color has-background is-layout-flex wp-container-core-columns-is-layout-9d6595d7 wp-block-columns-is-layout-flex\">\n<div class=\"wp-block-column is-layout-flow wp-block-column-is-layout-flow\" style=\"flex-basis:33.33%\">\n<figure class=\"wp-block-image size-full is-resized\"><img decoding=\"async\" width=\"132\" height=\"152\" src=\"https:\/\/neuronup.com\/it\/wp-content\/uploads\/2025\/03\/Testimonianza-NeuroLleida.webp\" alt=\"\" class=\"wp-image-32718\" style=\"width:79px;height:auto\"\/><\/figure>\n\n\n\n<p class=\"has-xs-font-size\"><strong>Team di neuropsicologia,<\/strong> <br>Neurolleida<\/p>\n<\/div>\n\n\n\n<div class=\"wp-block-column is-layout-flow wp-block-column-is-layout-flow\" style=\"flex-basis:66.66%\">\n<figure class=\"wp-block-image size-large\"><img decoding=\"async\" width=\"28\" height=\"23\" src=\"https:\/\/neuronup.com\/wp-content\/uploads\/2022\/v3\/icon-comillas.svg\" alt=\"\" class=\"wp-image-21104\"\/><\/figure>\n\n\n\n<p class=\"has-sm-font-size\"><em><em><em><em>&#8220;Abbiamo utilizzato NeuronUP con l&#8217;obiettivo di <strong>stimolare le funzioni attentive e visuo-spaziali, sia in sessione che a domicilio<\/strong>, promuovendo cos\u00ec un approccio pi\u00f9 intensivo e continuativo. E ci\u00f2 ci ha permesso di <strong>generalizzare con maggiore facilit\u00e0 tutte le linee guida e le istruzioni<\/strong> apprese per compensare i deficit a casa.<\/em><\/em><\/em><\/em>&#8220;<\/p>\n<\/div>\n<\/div>\n<\/div>\n<\/div>\n<\/div><\/div>\n\n\n\n<div style=\"height:80px\" aria-hidden=\"true\" class=\"wp-block-spacer\"><\/div>\n\n\n\n<div class=\"wp-block-group anims-fadein-up\"><div class=\"wp-block-group__inner-container is-layout-constrained wp-block-group-is-layout-constrained\">\n<h2 class=\"wp-block-heading has-text-align-center has-body-color has-text-color has-link-color wp-elements-8fdebfbbdfe7c77d95141bbe3887c96f\">Fidati dei nostri <strong style=\"color:#00abc7;\">numeri<\/strong><\/h2>\n\n\n\n<div class=\"wp-block-group has-xxl-margin-top\"><div class=\"wp-block-group__inner-container is-layout-constrained wp-block-group-is-layout-constrained\">\n<div class=\"wp-block-columns is-layout-flex wp-container-core-columns-is-layout-9d6595d7 wp-block-columns-is-layout-flex\">\n<div class=\"wp-block-column is-layout-flow wp-block-column-is-layout-flow\"><div class=\"wp-block-image\">\n<figure class=\"aligncenter size-medium is-resized\"><img decoding=\"async\" width=\"60\" height=\"60\" src=\"https:\/\/neuronup.com\/it\/wp-content\/uploads\/2025\/03\/icona-imprese.svg\" alt=\"\" class=\"wp-image-32693\" style=\"width:45px;height:45px\"\/><\/figure>\n<\/div>\n\n\n<p class=\"has-text-align-center has-custom-2-color has-text-color\" style=\"font-size:70px\"><strong>+100<\/strong><\/p>\n\n\n\n<p class=\"has-text-align-center\">ospedali<\/p>\n<\/div>\n\n\n\n<div class=\"wp-block-column is-layout-flow wp-block-column-is-layout-flow\"><div class=\"wp-block-image\">\n<figure class=\"aligncenter size-large is-resized\"><img decoding=\"async\" width=\"60\" height=\"56\" src=\"https:\/\/neuronup.com\/it\/wp-content\/uploads\/2024\/01\/icon-multilingue.svg\" alt=\"multilingue\" class=\"wp-image-28334\" style=\"width:45px;height:42px\"\/><\/figure>\n<\/div>\n\n\n<p class=\"has-text-align-center has-custom-2-color has-text-color\" style=\"font-size:70px\"><strong>8<\/strong><\/p>\n\n\n\n<p class=\"has-text-align-center\">lingue<\/p>\n<\/div>\n\n\n\n<div class=\"wp-block-column is-layout-flow wp-block-column-is-layout-flow\"><div class=\"wp-block-image\">\n<figure class=\"aligncenter size-large is-resized\"><img decoding=\"async\" width=\"60\" height=\"60\" src=\"https:\/\/neuronup.com\/it\/wp-content\/uploads\/2024\/01\/icon-lavoratori.svg\" alt=\"avoratori\" class=\"wp-image-28333\" style=\"width:45px;height:45px\"\/><\/figure>\n<\/div>\n\n\n<p class=\"has-text-align-center has-custom-2-color has-text-color\" style=\"font-size:70px\"><strong>50<\/strong><\/p>\n\n\n\n<p class=\"has-text-align-center\">paesi<\/p>\n<\/div>\n<\/div>\n<\/div><\/div>\n<\/div><\/div>\n\n\n\n<div style=\"height:100px\" aria-hidden=\"true\" class=\"wp-block-spacer\"><\/div>\n\n\n\n<h2 class=\"wp-block-heading has-text-align-center has-body-color has-text-color has-link-color wp-elements-9770495ca408fd059a51eb62615146a3\" id=\"informacion\"><strong style=\"color:#00abc7;\">Richiedi informazioni<\/strong> senza impegno<\/h2>\n\n\n\n<p class=\"has-text-align-center\">Scopri come NeuronUP pu\u00f2 ottimizzare la riabilitazione e la stimolazione cognitiva del tuo ospedale con le sue risorse innovative. Compila il modulo e il nostro team ti fornir\u00e0 consulenza senza impegno.<\/p>\n\n\n\n<div style=\"height:10px\" aria-hidden=\"true\" class=\"wp-block-spacer\"><\/div>\n\n\n\n<div class=\"hs-form-frame\" data-region=\"eu1\" data-form-id=\"c6fc0a2a-b32d-4b5b-89c7-f33b67dd0dfe\" data-portal-id=\"143501970\"><\/div>\n\n\n\n<div style=\"height:100px\" aria-hidden=\"true\" class=\"wp-block-spacer\"><\/div>\n\n\n\n<div class=\"wp-block-group p-4 br-0111 has-alt-background-color has-background has-light-background\"><div class=\"wp-block-group__inner-container is-layout-constrained wp-block-group-is-layout-constrained\">\n<h2 class=\"wp-block-heading has-body-color has-text-color has-link-color wp-elements-02f9d6306e47de4ebdde4066defe49ab\"><strong style=\"color:#00abc7;\">Domande<\/strong><strong> <\/strong>frequenti <\/h2>\n\n\n\n<div style=\"height:20px\" aria-hidden=\"true\" class=\"wp-block-spacer\"><\/div>\n\n\n\n<div class=\"wp-block-pb-accordion-item c-accordion__item js-accordion-item no-js\" data-initially-open=\"false\" data-click-to-close=\"true\" data-auto-close=\"true\" data-scroll=\"false\" data-scroll-offset=\"0\" id=\"trabajarneuronup\"><h3 id=\"at-327580\" class=\"c-accordion__title js-accordion-controller\" role=\"button\">1. Che cos&#8217;\u00e8 NeuronUP e come pu\u00f2 migliorare la riabilitazione nel mio ospedale?<\/h3><div id=\"ac-327580\" class=\"c-accordion__content\">\n<p>NeuronUP \u00e8 una <strong>piattaforma digitale<\/strong> di riabilitazione e stimolazione cognitiva che consente agli ospedali di <strong>migliorare le loro terapie <\/strong>grazie alla sua offerta di risorse personalizzabili, alla digitalizzazione dei trattamenti e al monitoraggio automatizzato dei progressi di ciascuno dei loro utenti.<\/p>\n<\/div><\/div>\n\n\n\n<div class=\"wp-block-pb-accordion-item c-accordion__item js-accordion-item no-js\" data-initially-open=\"false\" data-click-to-close=\"true\" data-auto-close=\"true\" data-scroll=\"false\" data-scroll-offset=\"0\" id=\"trabajarneuronup\"><h3 id=\"at-327581\" class=\"c-accordion__title js-accordion-controller\" role=\"button\">2. In che modo NeuronUP contribuisce a migliorare l&#8217;esperienza degli utenti e la loro aderenza al trattamento?<\/h3><div id=\"ac-327581\" class=\"c-accordion__content\">\n<p>Grazie alla sua interattivit\u00e0 e gamification, NeuronUP <strong>aumenta la motivazione degli utenti<\/strong>. Gli esercizi personalizzati non sono solo divertenti, ma si adattano alle esigenze e al ritmo di ciascun utente, assicurando che rimangano impegnati nella loro riabilitazione. Inoltre, l&#8217;opzione di teleriabilitazione permette agli utenti di proseguire il trattamento da casa, potenziando la loro aderenza al trattamento.<\/p>\n<\/div><\/div>\n\n\n\n<div class=\"wp-block-pb-accordion-item c-accordion__item js-accordion-item no-js\" data-initially-open=\"false\" data-click-to-close=\"true\" data-auto-close=\"true\" data-scroll=\"false\" data-scroll-offset=\"0\" id=\"videosneuronup\"><h3 id=\"at-327582\" class=\"c-accordion__title js-accordion-controller\" role=\"button\">3. NeuronUP \u00e8 facile da implementare e come si integra con i sistemi di gestione ospedaliera?<\/h3><div id=\"ac-327582\" class=\"c-accordion__content\">\n<p>NeuronUP si integra facilmente con altri sistemi di gestione ospedaliera (HIS, EMR, ERP), garantendo una transizione fluida. L&#8217;implementazione \u00e8 rapida, e i nostri esperti forniscono una formazione completa a tutto il personale affinch\u00e9 possano iniziare a utilizzare la piattaforma in poche ore.<\/p>\n<\/div><\/div>\n\n\n\n<div class=\"wp-block-pb-accordion-item c-accordion__item js-accordion-item no-js\" data-initially-open=\"false\" data-click-to-close=\"true\" data-auto-close=\"true\" data-scroll=\"false\" data-scroll-offset=\"0\" id=\"formaciongratuita\"><h3 id=\"at-327583\" class=\"c-accordion__title js-accordion-controller\" role=\"button\">4. Quali benefici offre NeuronUP per i professionisti della salute degli ospedali?<\/h3><div id=\"ac-327583\" class=\"c-accordion__content\">\n<p>NeuronUP fa risparmiare tempo ai professionisti automatizzando la creazione di report e il monitoraggio degli utenti. <strong>Facilita una valutazione precisa<\/strong> di ciascuno, permettendo un intervento pi\u00f9 rapido e adeguato alle loro esigenze. Inoltre, la piattaforma <strong>facilita il lavoro di squadra<\/strong>, in quanto consente di condividere facilmente i dati tra i vari professionisti dell&#8217;ospedale (neuropsicologi, psicologi, terapisti occupazionali, logopedisti, ecc.).<\/p>\n<\/div><\/div>\n\n\n\n<div class=\"wp-block-pb-accordion-item c-accordion__item js-accordion-item no-js\" data-initially-open=\"false\" data-click-to-close=\"true\" data-auto-close=\"true\" data-scroll=\"false\" data-scroll-offset=\"0\" id=\"formaciongratuita\"><h3 id=\"at-327584\" class=\"c-accordion__title js-accordion-controller\" role=\"button\">5. NeuronUP offre supporto continuo per i professionisti dell&#8217;ospedale?<\/h3><div id=\"ac-327584\" class=\"c-accordion__content\">\n<p>S\u00ec, in NeuronUP offriamo <strong>supporto tecnico continuo<\/strong> per garantire il funzionamento ottimale della nostra piattaforma in ogni momento.<\/p>\n<\/div><\/div>\n\n\n\n<div class=\"wp-block-pb-accordion-item c-accordion__item js-accordion-item no-js\" data-initially-open=\"false\" data-click-to-close=\"true\" data-auto-close=\"true\" data-scroll=\"false\" data-scroll-offset=\"0\" id=\"telerrehabilitacion\"><h3 id=\"at-327585\" class=\"c-accordion__title js-accordion-controller\" role=\"button\">6. Come garantisce NeuronUP la privacy e la sicurezza dei dati dei nostri utenti?<\/h3><div id=\"ac-327585\" class=\"c-accordion__content\">\n<p>NeuronUP rispetta gli standard internazionali di sicurezza e privacy, come il GDPR, l&#8217;HIPAA e la <a href=\"https:\/\/neuronup.com\/noticias-de-neuronup\/neuronup-obtiene-la-certificacion-iso-270012022\/\">certificazione ISO 27001:2022<\/a>, assicurando che tutti i dati di ciascun utente siano protetti tramite crittografia avanzata e archiviati in server sicuri. Il sistema garantisce l&#8217;accesso solo agli utenti autorizzati, rispettando la normativa sanitaria e le regolamentazioni sulla protezione dei dati.<\/p>\n<\/div><\/div>\n\n\n\n<div class=\"wp-block-pb-accordion-item c-accordion__item js-accordion-item no-js\" data-initially-open=\"false\" data-click-to-close=\"true\" data-auto-close=\"true\" data-scroll=\"false\" data-scroll-offset=\"0\" id=\"trabajargrupo\"><h3 id=\"at-327586\" class=\"c-accordion__title js-accordion-controller\" role=\"button\">7. Quali benefici offre NeuronUP per i direttori degli ospedali?<\/h3><div id=\"ac-327586\" class=\"c-accordion__content\">\n<p>Per i direttori, NeuronUP rappresenta un <strong>investimento strategico che migliora la qualit\u00e0 del servizio<\/strong>, ottimizza le risorse e aiuta ad attrarre pi\u00f9 persone con compromissioni cognitive. La piattaforma riduce i costi operativi e permette di offrire terapie innovative che posizionano l&#8217;ospedale come leader nella riabilitazione e stimolazione cognitiva. Inoltre, migliora il rendimento generale del team e la soddisfazione degli utenti.<\/p>\n<\/div><\/div>\n\n\n\n<div class=\"wp-block-pb-accordion-item c-accordion__item js-accordion-item no-js\" data-initially-open=\"false\" data-click-to-close=\"true\" data-auto-close=\"true\" data-scroll=\"false\" data-scroll-offset=\"0\" id=\"trabajargrupo\"><h3 id=\"at-327587\" class=\"c-accordion__title js-accordion-controller\" role=\"button\">8. Come posso richiedere una dimostrazione o ulteriori informazioni su NeuronUP per il mio ospedale?<\/h3><div id=\"ac-327587\" class=\"c-accordion__content\">\n<p>Compilando il modulo di richiesta informazioni, il nostro team ti contatter\u00e0 per offrirti un&#8217;assistenza personalizzata su come NeuronUP pu\u00f2 beneficiare il tuo ospedale, rispondere alle tue domande e realizzare una dimostrazione della piattaforma.<\/p>\n<\/div><\/div>\n<\/div><\/div>\n\n\n\n\n<div style=\"height:50px\" aria-hidden=\"true\" class=\"wp-block-spacer\"><\/div>\n","protected":false},"excerpt":{"rendered":"<p>Posizionati all&#8217;avanguardia della neuro-riabilitazione L&#8217;Ospedale Universitario di Navarra, l&#8217;Ospedale Universitario 12 de Octubre, l&#8217;Ospedale Universitario de Cruces, Quir\u00f3nsalud e l&#8217;Ospedale Sant Celoni sono alcuni degli ospedali che gi\u00e0 si affidano a NeuronUP per potenziare i loro interventi di riabilitazione e stimolazione cognitiva.&nbsp;&nbsp; Vuoi scoprire come trarre vantaggio dalla piattaforma leader gi\u00e0 utilizzata dai riferimenti del &hellip;<\/p>\n","protected":false},"author":1,"featured_media":32683,"parent":32740,"menu_order":0,"comment_status":"closed","ping_status":"closed","template":"","meta":{"_acf_changed":false,"_genesis_hide_title":false,"_genesis_hide_breadcrumbs":false,"_genesis_hide_singular_image":false,"_genesis_hide_footer_widgets":false,"_genesis_custom_body_class":"","_genesis_custom_post_class":"","_genesis_layout":"wide-content","footnotes":""},"class_list":{"1":"page","2":"type-page","6":"entry"},"acf":[],"_links":{"self":[{"href":"https:\/\/neuronup.com\/it\/wp-json\/wp\/v2\/pages\/32758","targetHints":{"allow":["GET"]}}],"collection":[{"href":"https:\/\/neuronup.com\/it\/wp-json\/wp\/v2\/pages"}],"about":[{"href":"https:\/\/neuronup.com\/it\/wp-json\/wp\/v2\/types\/page"}],"author":[{"embeddable":true,"href":"https:\/\/neuronup.com\/it\/wp-json\/wp\/v2\/users\/1"}],"replies":[{"embeddable":true,"href":"https:\/\/neuronup.com\/it\/wp-json\/wp\/v2\/comments?post=32758"}],"version-history":[{"count":0,"href":"https:\/\/neuronup.com\/it\/wp-json\/wp\/v2\/pages\/32758\/revisions"}],"up":[{"embeddable":true,"href":"https:\/\/neuronup.com\/it\/wp-json\/wp\/v2\/pages\/32740"}],"wp:featuredmedia":[{"embeddable":true,"href":"https:\/\/neuronup.com\/it\/wp-json\/wp\/v2\/media\/32683"}],"wp:attachment":[{"href":"https:\/\/neuronup.com\/it\/wp-json\/wp\/v2\/media?parent=32758"}],"curies":[{"name":"wp","href":"https:\/\/api.w.org\/{rel}","templated":true}]}}