
{"id":32740,"date":"2025-03-21T16:44:12","date_gmt":"2025-03-21T14:44:12","guid":{"rendered":"https:\/\/neuronup.com\/it\/?page_id=32740"},"modified":"2025-03-24T11:31:42","modified_gmt":"2025-03-24T09:31:42","slug":"soluzioni-di-neuroriabilitazione","status":"publish","type":"page","link":"https:\/\/neuronup.com\/it\/soluzioni-di-neuroriabilitazione\/","title":{"rendered":"Soluzioni di neuroriabilitazione"},"content":{"rendered":"\n<header class=\"wp-block-group alignfull has-white-color has-primary-background-color has-text-color has-background has-link-color wp-elements-44e278a49c27ec5b519be71d781b3e31 has-dark-background has-lg-padding-top has-lg-padding-bottom has-xs-padding-left has-xs-padding-right\"><div class=\"wp-block-group__inner-container is-layout-constrained wp-block-group-is-layout-constrained\"><div class=\"wp-block-image\">\n<figure class=\"aligncenter size-full is-resized\"><img decoding=\"async\" width=\"40\" height=\"40\" src=\"https:\/\/neuronup.com\/it\/wp-content\/uploads\/2025\/03\/icona_neuroriabilitazione_a_distanza.svg\" alt=\"\" class=\"wp-image-32681\" style=\"width:100px\"><\/figure>\n<\/div>\n\n\n<h1 class=\"wp-block-heading alignwide has-text-align-center\">Soluzioni di neuroriabilitazione<\/h1>\n\n\n\n<p class=\"has-text-align-center\">NeuronUP \u00e8 una<strong> piattaforma web di neuroriabilitazione<\/strong> progettata per fungere da supporto chiave per i professionisti coinvolti nei processi di riabilitazione e stimolazione cognitiva che<strong> si adatta alle esigenze e alle caratteristiche del tipo di struttura e utente <\/strong>a cui \u00e8 rivolta.<\/p>\n\n\n\n<div style=\"height:40px\" aria-hidden=\"true\" class=\"wp-block-spacer\"><\/div>\n\n\n\n<h2 class=\"wp-block-heading alignwide has-text-align-center\">Quali soluzioni offriamo in base al tuo tipo di centro?<\/h2>\n<\/div><\/header>\n\n\n\n\n<div style=\"height:100px\" aria-hidden=\"true\" class=\"wp-block-spacer\"><\/div>\n\n\n\n<div class=\"wp-block-columns are-vertically-aligned-center testimonial-block br-0010 anims-fadein-left is-layout-flex wp-container-core-columns-is-layout-9d6595d7 wp-block-columns-is-layout-flex\">\n<div class=\"wp-block-column is-vertically-aligned-center is-layout-flow wp-block-column-is-layout-flow\" style=\"flex-basis:33.33%\"><div class=\"wp-block-image\">\n<figure class=\"aligncenter size-large is-resized\"><img decoding=\"async\" width=\"510\" height=\"510\" src=\"https:\/\/neuronup.com\/it\/wp-content\/uploads\/2025\/03\/Gruppi.svg\" alt=\"\" class=\"wp-image-32682\" style=\"width:250px\"\/><\/figure>\n<\/div><\/div>\n\n\n\n<div class=\"wp-block-column is-vertically-aligned-center is-layout-flow wp-block-column-is-layout-flow\" style=\"flex-basis:66.66%\">\n<h3 class=\"wp-block-heading\">Soluzioni per gruppi<\/h3>\n\n\n\n<p>Sanitas, Sanofi, Vitalia, Cruz Roja, Caser, Grupo 5 ed Emeis si affidano gi\u00e0 a NeuronUP per digitalizzare e ottimizzare i loro processi di riabilitazione e stimolazione cognitiva. La nostra piattaforma consente una gestione efficiente, scalabile e con tracciabilit\u00e0 completa, garantendo la migliore assistenza in tutta la tua rete di centri.<\/p>\n\n\n\n<div class=\"wp-block-buttons is-layout-flex wp-container-core-buttons-is-layout-a74382ec wp-block-buttons-is-layout-flex\">\n<div class=\"wp-block-button\"><a class=\"wp-block-button__link button button-link wp-element-button\" href=\"https:\/\/neuronup.com\/it\/soluzioni-di-neuroriabilitazione\/gruppi\/\">Leggi di pi\u00f9 sulle soluzioni per gruppi<\/a><\/div>\n<\/div>\n<\/div>\n<\/div>\n\n\n\n<div style=\"height:50px\" aria-hidden=\"true\" class=\"wp-block-spacer\"><\/div>\n\n\n\n<div class=\"wp-block-columns are-vertically-aligned-center testimonial-block br-0010 anims-fadein-right is-layout-flex wp-container-core-columns-is-layout-9d6595d7 wp-block-columns-is-layout-flex\">\n<div class=\"wp-block-column is-vertically-aligned-center is-layout-flow wp-block-column-is-layout-flow\" style=\"flex-basis:33.33%\"><div class=\"wp-block-image\">\n<figure class=\"aligncenter size-large is-resized\"><img decoding=\"async\" width=\"510\" height=\"510\" src=\"https:\/\/neuronup.com\/it\/wp-content\/uploads\/2025\/03\/Ospedali.svg\" alt=\"\" class=\"wp-image-32683\" style=\"width:250px\"\/><\/figure>\n<\/div><\/div>\n\n\n\n<div class=\"wp-block-column is-vertically-aligned-center is-layout-flow wp-block-column-is-layout-flow\" style=\"flex-basis:66.66%\">\n<h3 class=\"wp-block-heading\">Soluzioni per ospedali<\/h3>\n\n\n\n<p>L&#8217;Ospedale Universitario di Navarra, l&#8217;Ospedale Universitario 12 de Octubre, l&#8217;Ospedale Universitario di Cruces, Quir\u00f3nsalud e l&#8217;Ospedale Sant Celoni sono alcuni degli ospedali che gi\u00e0 si affidano a NeuronUP per potenziare i propri interventi di riabilitazione e stimolazione cognitiva.<\/p>\n\n\n\n<div class=\"wp-block-buttons is-layout-flex wp-container-core-buttons-is-layout-a74382ec wp-block-buttons-is-layout-flex\">\n<div class=\"wp-block-button\"><a class=\"wp-block-button__link button button-link wp-element-button\" href=\"https:\/\/neuronup.com\/it\/soluzioni-di-neuroriabilitazione\/ospedali\/\">Leggi di pi\u00f9 sulle soluzioni per ospedali<\/a><\/div>\n<\/div>\n<\/div>\n<\/div>\n\n\n\n<div style=\"height:50px\" aria-hidden=\"true\" class=\"wp-block-spacer\"><\/div>\n\n\n\n<div class=\"wp-block-columns are-vertically-aligned-center testimonial-block br-0010 anims-fadein-left is-layout-flex wp-container-core-columns-is-layout-9d6595d7 wp-block-columns-is-layout-flex\">\n<div class=\"wp-block-column is-vertically-aligned-center is-layout-flow wp-block-column-is-layout-flow\" style=\"flex-basis:33.33%\"><div class=\"wp-block-image\">\n<figure class=\"aligncenter size-large is-resized\"><img decoding=\"async\" width=\"500\" height=\"500\" src=\"https:\/\/neuronup.com\/it\/wp-content\/uploads\/2025\/03\/Residenze.svg\" alt=\"\" class=\"wp-image-32685\" style=\"width:250px\"\/><\/figure>\n<\/div><\/div>\n\n\n\n<div class=\"wp-block-column is-vertically-aligned-center is-layout-flow wp-block-column-is-layout-flow\" style=\"flex-basis:66.66%\">\n<h3 class=\"wp-block-heading\">Soluzioni per residenze<\/h3>\n\n\n\n<p>DomusVi F\u00e1tima, Santa Maria del Tura e Rey Aridad Rosales sono alcune delle residenze che gi\u00e0 si affidano a NeuronUP per potenziare i propri interventi di riabilitazione e stimolazione cognitiva.<\/p>\n\n\n\n<div class=\"wp-block-buttons is-layout-flex wp-container-core-buttons-is-layout-a74382ec wp-block-buttons-is-layout-flex\">\n<div class=\"wp-block-button\"><a class=\"wp-block-button__link button button-link wp-element-button\" href=\"https:\/\/neuronup.com\/it\/soluzioni-di-neuroriabilitazione\/residenze\/\">Leggi di pi\u00f9 sulle soluzioni per residenze<\/a><\/div>\n<\/div>\n<\/div>\n<\/div>\n\n\n\n<div style=\"height:50px\" aria-hidden=\"true\" class=\"wp-block-spacer\"><\/div>\n\n\n\n<div class=\"wp-block-columns are-vertically-aligned-center testimonial-block br-0010 anims-fadein-right is-layout-flex wp-container-core-columns-is-layout-9d6595d7 wp-block-columns-is-layout-flex\">\n<div class=\"wp-block-column is-vertically-aligned-center is-layout-flow wp-block-column-is-layout-flow\" style=\"flex-basis:33.33%\"><div class=\"wp-block-image\">\n<figure class=\"aligncenter size-large is-resized\"><img decoding=\"async\" width=\"1024\" height=\"1024\" src=\"https:\/\/neuronup.com\/it\/wp-content\/uploads\/2025\/03\/Centri-di-neuroriabilitazione-1024x1024.webp\" alt=\"\" class=\"wp-image-32687\" style=\"width:250px\" srcset=\"https:\/\/neuronup.com\/it\/wp-content\/uploads\/2025\/03\/Centri-di-neuroriabilitazione-80x80.webp 80w, https:\/\/neuronup.com\/it\/wp-content\/uploads\/2025\/03\/Centri-di-neuroriabilitazione-150x150.webp 150w, https:\/\/neuronup.com\/it\/wp-content\/uploads\/2025\/03\/Centri-di-neuroriabilitazione-300x300.webp 300w, https:\/\/neuronup.com\/it\/wp-content\/uploads\/2025\/03\/Centri-di-neuroriabilitazione-768x769.webp 768w, https:\/\/neuronup.com\/it\/wp-content\/uploads\/2025\/03\/Centri-di-neuroriabilitazione-1024x1024.webp 1024w, https:\/\/neuronup.com\/it\/wp-content\/uploads\/2025\/03\/Centri-di-neuroriabilitazione-1534x1536.webp 1534w, https:\/\/neuronup.com\/it\/wp-content\/uploads\/2025\/03\/Centri-di-neuroriabilitazione.webp 1561w\" sizes=\"(max-width: 1024px) 100vw, 1024px\" \/><\/figure>\n<\/div><\/div>\n\n\n\n<div class=\"wp-block-column is-vertically-aligned-center is-layout-flow wp-block-column-is-layout-flow\" style=\"flex-basis:66.66%\">\n<h3 class=\"wp-block-heading\">Soluzioni per centri di riabilitazione<\/h3>\n\n\n\n<p>MITAI, Aire Valencia e Aita Menni sono alcuni dei centri di riabilitazione che gi\u00e0 si affidano a NeuronUP per potenziare i propri interventi di riabilitazione e stimolazione cognitiva.<\/p>\n\n\n\n<div class=\"wp-block-buttons is-layout-flex wp-container-core-buttons-is-layout-a74382ec wp-block-buttons-is-layout-flex\">\n<div class=\"wp-block-button\"><a class=\"wp-block-button__link button button-link wp-element-button\" href=\"https:\/\/neuronup.com\/it\/soluzioni-di-neuroriabilitazione\/centri-di-riabilitazione\/\">Leggi di pi\u00f9 sulle soluzioni per centri di riabilitazione<\/a><\/div>\n<\/div>\n<\/div>\n<\/div>\n\n\n\n<div style=\"height:50px\" aria-hidden=\"true\" class=\"wp-block-spacer\"><\/div>\n\n\n\n<div class=\"wp-block-columns are-vertically-aligned-center testimonial-block br-0010 anims-fadein-left is-layout-flex wp-container-core-columns-is-layout-9d6595d7 wp-block-columns-is-layout-flex\">\n<div class=\"wp-block-column is-vertically-aligned-center is-layout-flow wp-block-column-is-layout-flow\" style=\"flex-basis:33.33%\"><div class=\"wp-block-image\">\n<figure class=\"aligncenter size-medium is-resized\"><img decoding=\"async\" width=\"300\" height=\"300\" src=\"https:\/\/neuronup.com\/it\/wp-content\/uploads\/2025\/03\/Associazioni-300x300.webp\" alt=\"\" class=\"wp-image-32686\" style=\"width:250px\" srcset=\"https:\/\/neuronup.com\/it\/wp-content\/uploads\/2025\/03\/Associazioni-80x80.webp 80w, https:\/\/neuronup.com\/it\/wp-content\/uploads\/2025\/03\/Associazioni-150x150.webp 150w, https:\/\/neuronup.com\/it\/wp-content\/uploads\/2025\/03\/Associazioni-300x300.webp 300w, https:\/\/neuronup.com\/it\/wp-content\/uploads\/2025\/03\/Associazioni.webp 500w\" sizes=\"(max-width: 300px) 100vw, 300px\" \/><\/figure>\n<\/div><\/div>\n\n\n\n<div class=\"wp-block-column is-vertically-aligned-center is-layout-flow wp-block-column-is-layout-flow\" style=\"flex-basis:66.66%\">\n<h3 class=\"wp-block-heading\">Soluzioni per associazioni<\/h3>\n\n\n\n<p>AFA Viveiro, Down Coru\u00f1a e la Asociaci\u00f3n Granadina de Esclerosis M\u00faltiple sono alcune delle associazioni che gi\u00e0 si affidano a NeuronUP per potenziare i propri interventi di riabilitazione e stimolazione cognitiva.<\/p>\n\n\n\n<div class=\"wp-block-buttons is-layout-flex wp-container-core-buttons-is-layout-a74382ec wp-block-buttons-is-layout-flex\">\n<div class=\"wp-block-button\"><a class=\"wp-block-button__link button button-link wp-element-button\" href=\"https:\/\/neuronup.com\/it\/soluzioni-di-neuroriabilitazione\/associazioni\/\">Leggi di pi\u00f9 sulle soluzioni per associazioni<\/a><\/div>\n<\/div>\n<\/div>\n<\/div>\n\n\n\n<div style=\"height:50px\" aria-hidden=\"true\" class=\"wp-block-spacer\"><\/div>\n\n\n\n<div class=\"wp-block-columns are-vertically-aligned-center testimonial-block br-0010 anims-fadein-right is-layout-flex wp-container-core-columns-is-layout-9d6595d7 wp-block-columns-is-layout-flex\">\n<div class=\"wp-block-column is-vertically-aligned-center is-layout-flow wp-block-column-is-layout-flow\" style=\"flex-basis:33.33%\"><div class=\"wp-block-image\">\n<figure class=\"aligncenter size-medium is-resized\"><img decoding=\"async\" width=\"500\" height=\"500\" src=\"https:\/\/neuronup.com\/it\/wp-content\/uploads\/2025\/03\/Universita.svg\" alt=\"\" class=\"wp-image-32684\" style=\"width:250px\"\/><\/figure>\n<\/div><\/div>\n\n\n\n<div class=\"wp-block-column is-vertically-aligned-center is-layout-flow wp-block-column-is-layout-flow\" style=\"flex-basis:66.66%\">\n<h3 class=\"wp-block-heading\">Soluzioni per universit\u00e0<\/h3>\n\n\n\n<p>Poni la tua universit\u00e0 all&#8217;avanguardia dell&#8217;istruzione<\/p>\n\n\n\n<p>Offri un&nbsp;valore aggiunto&nbsp;ai tuoi docenti e studenti, scegli un&nbsp;insegnamento pratico&nbsp;e punta su&nbsp;ricerca e innovazione&nbsp;in aula.<\/p>\n\n\n\n<div class=\"wp-block-buttons is-layout-flex wp-container-core-buttons-is-layout-a74382ec wp-block-buttons-is-layout-flex\">\n<div class=\"wp-block-button\"><a class=\"wp-block-button__link button button-link wp-element-button\" href=\"https:\/\/neuronup.com\/it\/soluzioni-di-neuroriabilitazione\/universita\/\">Leggi di pi\u00f9 sulle soluzioni per universit\u00e0<\/a><\/div>\n<\/div>\n<\/div>\n<\/div>\n\n\n\n<div style=\"height:50px\" aria-hidden=\"true\" class=\"wp-block-spacer\"><\/div>\n\n\n\n<div class=\"wp-block-columns are-vertically-aligned-center testimonial-block br-0010 anims-fadein-left is-layout-flex wp-container-core-columns-is-layout-9d6595d7 wp-block-columns-is-layout-flex\">\n<div class=\"wp-block-column is-vertically-aligned-center is-layout-flow wp-block-column-is-layout-flow\" style=\"flex-basis:33.33%\"><div class=\"wp-block-image\">\n<figure class=\"aligncenter size-medium is-resized\"><img decoding=\"async\" width=\"300\" height=\"300\" src=\"https:\/\/neuronup.com\/it\/wp-content\/uploads\/2025\/03\/Collegi-300x300.webp\" alt=\"\" class=\"wp-image-32688\" style=\"width:250px\" srcset=\"https:\/\/neuronup.com\/it\/wp-content\/uploads\/2025\/03\/Collegi-80x80.webp 80w, https:\/\/neuronup.com\/it\/wp-content\/uploads\/2025\/03\/Collegi-150x150.webp 150w, https:\/\/neuronup.com\/it\/wp-content\/uploads\/2025\/03\/Collegi-300x300.webp 300w, https:\/\/neuronup.com\/it\/wp-content\/uploads\/2025\/03\/Collegi-768x768.webp 768w, https:\/\/neuronup.com\/it\/wp-content\/uploads\/2025\/03\/Collegi-1024x1024.webp 1024w, https:\/\/neuronup.com\/it\/wp-content\/uploads\/2025\/03\/Collegi-1536x1536.webp 1536w, https:\/\/neuronup.com\/it\/wp-content\/uploads\/2025\/03\/Collegi.webp 1563w\" sizes=\"(max-width: 300px) 100vw, 300px\" \/><\/figure>\n<\/div><\/div>\n\n\n\n<div class=\"wp-block-column is-vertically-aligned-center is-layout-flow wp-block-column-is-layout-flow\" style=\"flex-basis:66.66%\">\n<h3 class=\"wp-block-heading\">Soluzioni per scuole<\/h3>\n\n\n\n<p>Poni la tua scuola all&#8217;avanguardia dell&#8217;istruzione<\/p>\n\n\n\n<p>Offri un&nbsp;valore aggiunto&nbsp;ai tuoi docenti e studenti,&nbsp;affronta i problemi di apprendimento&nbsp;dei tuoi alunni e punta sulla&nbsp;stimolazione cognitiva&nbsp;in aula.<\/p>\n\n\n\n<div class=\"wp-block-buttons is-layout-flex wp-container-core-buttons-is-layout-a74382ec wp-block-buttons-is-layout-flex\">\n<div class=\"wp-block-button\"><a class=\"wp-block-button__link button button-link wp-element-button\" href=\"https:\/\/neuronup.com\/it\/soluzioni-di-neuroriabilitazione\/scuole\/\">Leggi di pi\u00f9 sulle soluzioni per scuole<\/a><\/div>\n<\/div>\n<\/div>\n<\/div>\n\n\n\n<div style=\"height:150px\" aria-hidden=\"true\" class=\"wp-block-spacer\"><\/div>\n\n\n\n<header class=\"wp-block-group alignwide br-0101 has-white-color has-primary-background-color has-text-color has-background has-link-color wp-elements-3f7d0e3fa7a124579eb4b647fe53eb47 has-dark-background has-lg-padding-top has-lg-padding-bottom has-xs-padding-left has-xs-padding-right\"><div class=\"wp-block-group__inner-container is-layout-constrained wp-block-group-is-layout-constrained\">\n<h2 class=\"wp-block-heading alignwide has-text-align-center\">Quali soluzioni offriamo in base al tipo di utente con cui lavori?<\/h2>\n<\/div><\/header>\n\n\n\n\n<div style=\"height:100px\" aria-hidden=\"true\" class=\"wp-block-spacer\"><\/div>\n\n\n\n<div class=\"wp-block-columns are-vertically-aligned-center testimonial-block br-0010 anims-fadein-right is-layout-flex wp-container-core-columns-is-layout-9d6595d7 wp-block-columns-is-layout-flex\">\n<div class=\"wp-block-column is-vertically-aligned-center is-layout-flow wp-block-column-is-layout-flow\" style=\"flex-basis:33.33%\"><div class=\"wp-block-image\">\n<figure class=\"aligncenter size-large is-resized\"><img decoding=\"async\" width=\"510\" height=\"510\" src=\"https:\/\/neuronup.com\/it\/wp-content\/uploads\/2024\/01\/Cerebrolesione-acquisita.svg\" alt=\"\" class=\"wp-image-28487\" style=\"width:250px\"\/><\/figure>\n<\/div><\/div>\n\n\n\n<div class=\"wp-block-column is-vertically-aligned-center is-layout-flow wp-block-column-is-layout-flow\" style=\"flex-basis:66.66%\">\n<h3 class=\"wp-block-heading\">Danno&nbsp;cerebrale acquisito<\/h3>\n\n\n\n<p>Migliora l&#8217;autonomia del paziente, aiutandolo a recuperare il controllo sui processi interessati da una lesione cerebrale.<\/p>\n\n\n\n<div class=\"wp-block-buttons is-layout-flex wp-container-core-buttons-is-layout-a74382ec wp-block-buttons-is-layout-flex\">\n<div class=\"wp-block-button\"><a class=\"wp-block-button__link button button-link wp-element-button\" href=\"https:\/\/neuronup.com\/it\/casi-di-applicazione-cerebrolesione-acquisita\/\">Leggi di pi\u00f9 sul caso d&#8217;uso nel danno cerebrale acquisito<\/a><\/div>\n<\/div>\n<\/div>\n<\/div>\n\n\n\n<div style=\"height:50px\" aria-hidden=\"true\" class=\"wp-block-spacer\"><\/div>\n\n\n\n<div class=\"wp-block-columns are-vertically-aligned-center testimonial-block br-0010 anims-fadein-left is-layout-flex wp-container-core-columns-is-layout-9d6595d7 wp-block-columns-is-layout-flex\">\n<div class=\"wp-block-column is-vertically-aligned-center is-layout-flow wp-block-column-is-layout-flow\" style=\"flex-basis:33.33%\"><div class=\"wp-block-image\">\n<figure class=\"aligncenter size-large is-resized\"><img decoding=\"async\" width=\"510\" height=\"510\" src=\"https:\/\/neuronup.com\/it\/wp-content\/uploads\/2024\/01\/Malettie-neurodegenerative.svg\" alt=\"Malettie neurodegenerative\" class=\"wp-image-28486\" style=\"width:250px\"\/><\/figure>\n<\/div><\/div>\n\n\n\n<div class=\"wp-block-column is-vertically-aligned-center is-layout-flow wp-block-column-is-layout-flow\" style=\"flex-basis:66.66%\">\n<h3 class=\"wp-block-heading\">Malattie neurodegenerative<\/h3>\n\n\n\n<p>Rallenta il deterioramento cognitivo e funzionale dei tuoi pazienti con attivit\u00e0 mirate alla loro stimolazione cognitiva.<\/p>\n\n\n\n<div class=\"wp-block-buttons is-layout-flex wp-container-core-buttons-is-layout-a74382ec wp-block-buttons-is-layout-flex\">\n<div class=\"wp-block-button\"><a class=\"wp-block-button__link button button-link wp-element-button\" href=\"https:\/\/neuronup.com\/it\/casi-di-applicazione-malattie-neurodegenerative\/\">Leggi di pi\u00f9 sul caso d&#8217;uso nelle malattie neurodegenerative<\/a><\/div>\n<\/div>\n<\/div>\n<\/div>\n\n\n\n<div style=\"height:50px\" aria-hidden=\"true\" class=\"wp-block-spacer\"><\/div>\n\n\n\n<div class=\"wp-block-columns are-vertically-aligned-center testimonial-block br-0010 anims-fadein-right is-layout-flex wp-container-core-columns-is-layout-9d6595d7 wp-block-columns-is-layout-flex\">\n<div class=\"wp-block-column is-vertically-aligned-center is-layout-flow wp-block-column-is-layout-flow\" style=\"flex-basis:33.33%\"><div class=\"wp-block-image\">\n<figure class=\"aligncenter size-large is-resized\"><img decoding=\"async\" width=\"510\" height=\"510\" src=\"https:\/\/neuronup.com\/it\/wp-content\/uploads\/2024\/01\/Disabilita-intellettiva.svg\" alt=\"\" class=\"wp-image-28484\" style=\"width:250px\"\/><\/figure>\n<\/div><\/div>\n\n\n\n<div class=\"wp-block-column is-vertically-aligned-center is-layout-flow wp-block-column-is-layout-flow\" style=\"flex-basis:66.66%\">\n<h3 class=\"wp-block-heading\">Disabilit\u00e0&nbsp;intellettiva<\/h3>\n\n\n\n<p>Migliora la qualit\u00e0 di vita dei tuoi utenti con attivit\u00e0 pensate per potenziare la loro autonomia.<\/p>\n\n\n\n<div class=\"wp-block-buttons is-layout-flex wp-container-core-buttons-is-layout-a74382ec wp-block-buttons-is-layout-flex\">\n<div class=\"wp-block-button\"><a class=\"wp-block-button__link button button-link wp-element-button\" href=\"https:\/\/neuronup.com\/it\/casi-di-applicazione-disabilita-intellettiva\/\">Leggi di pi\u00f9 sul caso d&#8217;uso nella disabilit\u00e0&nbsp;intellettiva<\/a><\/div>\n<\/div>\n<\/div>\n<\/div>\n\n\n\n<div style=\"height:50px\" aria-hidden=\"true\" class=\"wp-block-spacer\"><\/div>\n\n\n\n<div class=\"wp-block-columns are-vertically-aligned-center testimonial-block br-0010 anims-fadein-left is-layout-flex wp-container-core-columns-is-layout-9d6595d7 wp-block-columns-is-layout-flex\">\n<div class=\"wp-block-column is-vertically-aligned-center is-layout-flow wp-block-column-is-layout-flow\" style=\"flex-basis:33.33%\"><div class=\"wp-block-image\">\n<figure class=\"aligncenter size-large is-resized\"><img decoding=\"async\" width=\"510\" height=\"510\" src=\"https:\/\/neuronup.com\/it\/wp-content\/uploads\/2024\/01\/Malattie-mentale.svg\" alt=\"\" class=\"wp-image-28483\" style=\"width:250px\"\/><\/figure>\n<\/div><\/div>\n\n\n\n<div class=\"wp-block-column is-vertically-aligned-center is-layout-flow wp-block-column-is-layout-flow\" style=\"flex-basis:66.66%\">\n<h3 class=\"wp-block-heading\">Malattia mentale<\/h3>\n\n\n\n<p>Attivit\u00e0 che lavorano sul ragionamento, il comportamento, la capacit\u00e0 di riconoscere la realt\u00e0, le emozioni, lo stato d&#8217;animo, il pensiero o la relazione con gli altri.<\/p>\n\n\n\n<div class=\"wp-block-buttons is-layout-flex wp-container-core-buttons-is-layout-a74382ec wp-block-buttons-is-layout-flex\">\n<div class=\"wp-block-button\"><a class=\"wp-block-button__link button button-link wp-element-button\" href=\"https:\/\/neuronup.com\/it\/casi-di-applicazione-malattia-mentale\/\">Leggi di pi\u00f9 sul caso d&#8217;uso nelle malattie mentali<\/a><\/div>\n<\/div>\n<\/div>\n<\/div>\n\n\n\n<div style=\"height:50px\" aria-hidden=\"true\" class=\"wp-block-spacer\"><\/div>\n\n\n\n<div class=\"wp-block-columns are-vertically-aligned-center testimonial-block br-0010 anims-fadein-right is-layout-flex wp-container-core-columns-is-layout-9d6595d7 wp-block-columns-is-layout-flex\">\n<div class=\"wp-block-column is-vertically-aligned-center is-layout-flow wp-block-column-is-layout-flow\" style=\"flex-basis:33.33%\"><div class=\"wp-block-image\">\n<figure class=\"aligncenter size-large is-resized\"><img decoding=\"async\" width=\"510\" height=\"510\" src=\"https:\/\/neuronup.com\/it\/wp-content\/uploads\/2024\/01\/Invecchiamiento-normale.svg\" alt=\"\" class=\"wp-image-28482\" style=\"width:250px\"\/><\/figure>\n<\/div><\/div>\n\n\n\n<div class=\"wp-block-column is-vertically-aligned-center is-layout-flow wp-block-column-is-layout-flow\" style=\"flex-basis:66.66%\">\n<h3 class=\"wp-block-heading\">Invecchiamento normale<\/h3>\n\n\n\n<p>Rinforza l&#8217;autonomia funzionale negli utenti in et\u00e0 avanzata e migliora la loro qualit\u00e0 di vita con attivit\u00e0 che promuovono la stimolazione cognitiva in questa fase.<\/p>\n\n\n\n<div class=\"wp-block-buttons is-layout-flex wp-container-core-buttons-is-layout-a74382ec wp-block-buttons-is-layout-flex\">\n<div class=\"wp-block-button\"><a class=\"wp-block-button__link button button-link wp-element-button\" href=\"https:\/\/neuronup.com\/it\/casi-di-applicazione-invecchiamento-normale\/\">Leggi di pi\u00f9 sul caso d&#8217;uso nell&#8217;invecchiamento normale<\/a><\/div>\n<\/div>\n<\/div>\n<\/div>\n\n\n\n<div style=\"height:50px\" aria-hidden=\"true\" class=\"wp-block-spacer\"><\/div>\n\n\n\n<div class=\"wp-block-columns are-vertically-aligned-center testimonial-block br-0010 anims-fadein-left is-layout-flex wp-container-core-columns-is-layout-9d6595d7 wp-block-columns-is-layout-flex\">\n<div class=\"wp-block-column is-vertically-aligned-center is-layout-flow wp-block-column-is-layout-flow\" style=\"flex-basis:33.33%\"><div class=\"wp-block-image\">\n<figure class=\"aligncenter size-large is-resized\"><img decoding=\"async\" width=\"40\" height=\"40\" src=\"https:\/\/neuronup.com\/wp-content\/uploads\/2022\/v3\/icon-neurorrehabilitacion.svg\" alt=\"\" class=\"wp-image-21153\" style=\"width:250px\"\/><\/figure>\n<\/div><\/div>\n\n\n\n<div class=\"wp-block-column is-vertically-aligned-center is-layout-flow wp-block-column-is-layout-flow\" style=\"flex-basis:66.66%\">\n<h3 class=\"wp-block-heading\">Disturbi del neurosviluppo<\/h3>\n\n\n\n<p>Potenzia le capacit\u00e0 del bambino con attivit\u00e0 create per compensare i deficit associati a ciascun disturbo.<\/p>\n\n\n\n<div class=\"wp-block-buttons is-layout-flex wp-container-core-buttons-is-layout-a74382ec wp-block-buttons-is-layout-flex\">\n<div class=\"wp-block-button\"><a class=\"wp-block-button__link button button-link wp-element-button\" href=\"https:\/\/neuronup.com\/it\/casi-di-applicazione-disturbi-del-neurosviluppo\/\">Leggi di pi\u00f9 sul caso d&#8217;uso nei disturbi del neurosviluppo<\/a><\/div>\n<\/div>\n<\/div>\n<\/div>\n\n\n\n<div style=\"height:150px\" aria-hidden=\"true\" class=\"wp-block-spacer\"><\/div>\n","protected":false},"excerpt":{"rendered":"<p>Soluzioni di neuroriabilitazione NeuronUP \u00e8 una piattaforma web di neuroriabilitazione progettata per fungere da supporto chiave per i professionisti coinvolti nei processi di riabilitazione e stimolazione cognitiva che si adatta alle esigenze e alle caratteristiche del tipo di struttura e utente a cui \u00e8 rivolta. Quali soluzioni offriamo in base al tuo tipo di centro? &hellip;<\/p>\n","protected":false},"author":1,"featured_media":1798,"parent":0,"menu_order":0,"comment_status":"closed","ping_status":"closed","template":"","meta":{"_acf_changed":false,"_genesis_hide_title":false,"_genesis_hide_breadcrumbs":false,"_genesis_hide_singular_image":false,"_genesis_hide_footer_widgets":false,"_genesis_custom_body_class":"","_genesis_custom_post_class":"","_genesis_layout":"wide-content","footnotes":""},"class_list":{"1":"page","2":"type-page","6":"entry"},"acf":[],"_links":{"self":[{"href":"https:\/\/neuronup.com\/it\/wp-json\/wp\/v2\/pages\/32740","targetHints":{"allow":["GET"]}}],"collection":[{"href":"https:\/\/neuronup.com\/it\/wp-json\/wp\/v2\/pages"}],"about":[{"href":"https:\/\/neuronup.com\/it\/wp-json\/wp\/v2\/types\/page"}],"author":[{"embeddable":true,"href":"https:\/\/neuronup.com\/it\/wp-json\/wp\/v2\/users\/1"}],"replies":[{"embeddable":true,"href":"https:\/\/neuronup.com\/it\/wp-json\/wp\/v2\/comments?post=32740"}],"version-history":[{"count":0,"href":"https:\/\/neuronup.com\/it\/wp-json\/wp\/v2\/pages\/32740\/revisions"}],"wp:featuredmedia":[{"embeddable":true,"href":"https:\/\/neuronup.com\/it\/wp-json\/wp\/v2\/media\/1798"}],"wp:attachment":[{"href":"https:\/\/neuronup.com\/it\/wp-json\/wp\/v2\/media?parent=32740"}],"curies":[{"name":"wp","href":"https:\/\/api.w.org\/{rel}","templated":true}]}}