
{"id":32090,"date":"2025-02-12T19:57:40","date_gmt":"2025-02-12T17:57:40","guid":{"rendered":"https:\/\/neuronup.com\/it\/?page_id=32090"},"modified":"2025-09-12T10:13:23","modified_gmt":"2025-09-12T08:13:23","slug":"pillole-di-formazione","status":"publish","type":"page","link":"https:\/\/neuronup.com\/it\/pillole-di-formazione\/","title":{"rendered":"Pillole formative"},"content":{"rendered":"\n<div class=\"wp-block-group testimonial-block\"><div class=\"wp-block-group__inner-container is-layout-constrained wp-block-group-is-layout-constrained\">\n<h2 class=\"wp-block-heading has-xl-font-size\">Funzionamento della nostra piattaforma di neuroriabilitazione<\/h2>\n\n\n\n<figure class=\"wp-block-embed aligncenter is-type-video is-provider-youtube wp-block-embed-youtube wp-embed-aspect-16-9 wp-has-aspect-ratio\"><div class=\"wp-block-embed__wrapper\">\n<iframe title=\"Come utilizzare NeuronUP? Funzionamento della nostra piattaforma di neuroriabilitazione.\" width=\"800\" height=\"450\" src=\"https:\/\/www.youtube.com\/embed\/Rkrbsx-jP5A?feature=oembed\" frameborder=\"0\" allow=\"accelerometer; autoplay; clipboard-write; encrypted-media; gyroscope; picture-in-picture; web-share\" referrerpolicy=\"strict-origin-when-cross-origin\" allowfullscreen><\/iframe>\n<\/div><\/figure>\n<\/div><\/div>\n\n\n\n<div style=\"height:60px\" aria-hidden=\"true\" class=\"wp-block-spacer\"><\/div>\n\n\n\n<div class=\"wp-block-columns testimonial-block is-layout-flex wp-container-core-columns-is-layout-9d6595d7 wp-block-columns-is-layout-flex\">\n<div class=\"wp-block-column is-layout-flow wp-block-column-is-layout-flow\" style=\"flex-basis:33.33%\">\n<p class=\"has-primary-color has-text-color\">Pillola 1<\/p>\n\n\n\n<h2 class=\"wp-block-heading is-style-default has-xl-font-size\">Tipologie di attivit\u00e0<\/h2>\n\n\n\n<p>In questa prima formazione ti spieghiamo<strong> la differenza tra <\/strong>i tre tipi di attivit\u00e0 di NeuronUP:<strong> schede, generatori e giochi.&nbsp;<\/strong><br><\/p>\n\n\n\n<p>Conoscere il funzionamento di ciascun tipo di attivit\u00e0 ti permetter\u00e0 di svolgere un\u2019<strong>intervento<\/strong> molto pi\u00f9 <strong>personalizzato<\/strong> in base alle necessit\u00e0 dei tuoi utenti.<\/p>\n\n\n\n<p>In <a href=\"https:\/\/neuronup.com\/it\/prodotto\/tipi-di-attivita-di-neuronup-generatori-giochi-e-schede\/\">questo articolo del blog<\/a> puoi leggere maggiori informazioni sui tipi di attivit\u00e0 di NeuronUP.<\/p>\n\n\n\n<p class=\"has-primary-color has-text-color has-sm-font-size\">Durata: 13 minuti.<\/p>\n<\/div>\n\n\n\n<div class=\"wp-block-column is-layout-flow wp-block-column-is-layout-flow\" style=\"flex-basis:66.66%\">\n<iframe width=\"100%\" height=\"100%\" src=\"https:\/\/www.youtube.com\/embed\/6y2vjqW_mYc\" title=\"YouTube video player\" frameborder=\"0\" allow=\"accelerometer; autoplay; clipboard-write; encrypted-media; gyroscope; picture-in-picture; web-share\" allowfullscreen><\/iframe>\n<\/div>\n<\/div>\n\n\n\n<div style=\"height:60px\" aria-hidden=\"true\" class=\"wp-block-spacer\"><\/div>\n\n\n\n<div class=\"wp-block-columns testimonial-block is-layout-flex wp-container-core-columns-is-layout-9d6595d7 wp-block-columns-is-layout-flex\">\n<div class=\"wp-block-column is-layout-flow wp-block-column-is-layout-flow\" style=\"flex-basis:66.66%\">\n<iframe width=\"100%\" height=\"100%\" src=\"https:\/\/www.youtube.com\/embed\/bsRM0X90lpw?si=1HUTZ-QZQtBX5mu-\" title=\"YouTube video player\" frameborder=\"0\" allow=\"accelerometer; autoplay; clipboard-write; encrypted-media; gyroscope; picture-in-picture; web-share\" allowfullscreen><\/iframe>\n<\/div>\n\n\n\n<div class=\"wp-block-column is-layout-flow wp-block-column-is-layout-flow\" style=\"flex-basis:33.33%\">\n<p class=\"has-primary-color has-text-color\">Pillola 2<\/p>\n\n\n\n<h2 class=\"wp-block-heading is-style-default has-xl-font-size\">Personalizzazione delle attivit\u00e0<\/h2>\n\n\n\n<p>In questa seconda pillola ti spieghiamo come creare attivit\u00e0 personalizzate con NeuronUP per <strong>aumentare la motivazione dei tuoi utenti<\/strong>.<\/p>\n\n\n\n<p>Se vuoi saperne di pi\u00f9 sulla personalizzazione delle attivit\u00e0, <a href=\"https:\/\/neuronup.com\/it\/prodotto\/personalizzare-le-attivita-con-neuronup\/\">dai un\u2019occhiata a questo articolo del blog<\/a>.<\/p>\n\n\n\n<p class=\"has-primary-color has-text-color has-sm-font-size\">Durata: 12 minuti.<\/p>\n<\/div>\n<\/div>\n\n\n\n<div style=\"height:60px\" aria-hidden=\"true\" class=\"wp-block-spacer\"><\/div>\n\n\n\n<div class=\"wp-block-columns testimonial-block is-layout-flex wp-container-core-columns-is-layout-9d6595d7 wp-block-columns-is-layout-flex\">\n<div class=\"wp-block-column is-layout-flow wp-block-column-is-layout-flow\" style=\"flex-basis:33.33%\">\n<p class=\"has-primary-color has-text-color\">Pillola 3<\/p>\n\n\n\n<h2 class=\"wp-block-heading is-style-default has-xl-font-size\">Gestione degli utenti<\/h2>\n\n\n\n<p>In questa terza pillola scoprirai tutti i vantaggi di creare utenti. Ti spiegheremo come salvare i risultati dei tuoi utenti per effettuare un <strong>monitoraggio personalizzato<\/strong> di ciascuno di loro e ridefinire la terapia in base ai loro progressi.<\/p>\n\n\n\n<p>Puoi anche <a href=\"https:\/\/neuronup.com\/it\/prodotto\/vantaggi-di-creare-utenti-in-neuronup\/\" data-type=\"URL\" data-id=\"https:\/\/neuronup.com\/noticias-de-neuronup\/todas-las-ventajas-de-crear-usuarios-en-neuronup\/\">leggere questo articolo del blog<\/a> per approfondire i vantaggi della creazione di utenti su NeuronUP.<\/p>\n\n\n\n<p class=\"has-primary-color has-text-color has-sm-font-size\">Durata: 10 minuti.<\/p>\n<\/div>\n\n\n\n<div class=\"wp-block-column is-layout-flow wp-block-column-is-layout-flow\" style=\"flex-basis:66.66%\">\n<iframe width=\"100%\" height=\"100%\" src=\"https:\/\/www.youtube.com\/embed\/bkpcOOnPFDA\" title=\"YouTube video player\" frameborder=\"0\" allow=\"accelerometer; autoplay; clipboard-write; encrypted-media; gyroscope; picture-in-picture; web-share\" allowfullscreen><\/iframe>\n<\/div>\n<\/div>\n\n\n\n<div style=\"height:60px\" aria-hidden=\"true\" class=\"wp-block-spacer\"><\/div>\n\n\n\n<div class=\"wp-block-columns testimonial-block is-layout-flex wp-container-core-columns-is-layout-9d6595d7 wp-block-columns-is-layout-flex\">\n<div class=\"wp-block-column is-layout-flow wp-block-column-is-layout-flow\" style=\"flex-basis:66.66%\">\n<iframe width=\"100%\" height=\"100%\" src=\"https:\/\/www.youtube.com\/embed\/f7RCk2RKR5E?si=YXqrYDxSpWj-Xil8\" title=\"YouTube video player\" frameborder=\"0\" allow=\"accelerometer; autoplay; clipboard-write; encrypted-media; gyroscope; picture-in-picture; web-share\" allowfullscreen><\/iframe>\n<\/div>\n\n\n\n<div class=\"wp-block-column is-layout-flow wp-block-column-is-layout-flow\" style=\"flex-basis:33.33%\">\n<p class=\"has-primary-color has-text-color\">Pillola 4<\/p>\n\n\n\n<h2 class=\"wp-block-heading is-style-default has-xl-font-size\">Sedute di NeuronUP<\/h2>\n\n\n\n<p>Questa quarta pillola <strong>\u00e8 essenziale se il tuo tempo \u00e8 limitato<\/strong>. In questo video ti mostreremo come creare,<strong> <\/strong>in meno di cinque minuti, un\u2019<strong>intervento flessibile con centinaia di attivit\u00e0<\/strong> adattate alle esigenze di ciascun utente.<\/p>\n\n\n\n<p><a href=\"https:\/\/neuronup.com\/it\/prodotto\/sedute-di-neuronup\/\">In questo articolo<\/a> puoi approfondire il tema delle sessioni di NeuronUP.<\/p>\n\n\n\n<p class=\"has-primary-color has-text-color has-sm-font-size\">Durata: 8 minuti.<\/p>\n<\/div>\n<\/div>\n\n\n\n<div style=\"height:60px\" aria-hidden=\"true\" class=\"wp-block-spacer\"><\/div>\n\n\n\n<div class=\"wp-block-columns testimonial-block is-layout-flex wp-container-core-columns-is-layout-9d6595d7 wp-block-columns-is-layout-flex\">\n<div class=\"wp-block-column is-layout-flow wp-block-column-is-layout-flow\" style=\"flex-basis:33.33%\">\n<p class=\"has-primary-color has-text-color\">Pillola 5<\/p>\n\n\n\n<h2 class=\"wp-block-heading is-style-default has-xl-font-size\">Lavorare con pi\u00f9 utenti<\/h2>\n\n\n\n<p>Sapevi che puoi <strong>lavorare con pi\u00f9 utenti contemporaneamente<\/strong> nelle sedute di NeuronUP?<\/p>\n\n\n\n<p>Questa funzione ti permetter\u00e0 di <strong>risparmiare tempo<\/strong> e, inoltre, non dovrai preoccuparti di regolare il livello per ciascun utente. <strong>La piattaforma adatter\u00e0 automaticamente le attivit\u00e0 della sessione al livello di ciascun partecipante<\/strong>!<\/p>\n\n\n\n<p>In questa pillola ti spieghiamo come farlo. <\/p>\n\n\n\n<p class=\"has-primary-color has-text-color has-sm-font-size\">Durata: 11 minuti.<\/p>\n<\/div>\n\n\n\n<div class=\"wp-block-column is-layout-flow wp-block-column-is-layout-flow\" style=\"flex-basis:66.66%\">\n<iframe width=\"100%\" height=\"100%\" src=\"https:\/\/www.youtube.com\/embed\/lfEh1W29ufE\" title=\"YouTube video player\" frameborder=\"0\" allow=\"accelerometer; autoplay; clipboard-write; encrypted-media; gyroscope; picture-in-picture; web-share\" allowfullscreen><\/iframe>\n<\/div>\n<\/div>\n\n\n\n<div style=\"height:60px\" aria-hidden=\"true\" class=\"wp-block-spacer\"><\/div>\n\n\n\n<div class=\"wp-block-columns testimonial-block is-layout-flex wp-container-core-columns-is-layout-9d6595d7 wp-block-columns-is-layout-flex\" id=\"teleriabilitazione\">\n<div class=\"wp-block-column is-layout-flow wp-block-column-is-layout-flow\" style=\"flex-basis:66.66%\">\n<iframe width=\"100%\" height=\"100%\" src=\"https:\/\/www.youtube.com\/embed\/ap6APsFPcrI?si=T-JzY4fz1bl3tv48\" title=\"YouTube video player\" frameborder=\"0\" allow=\"accelerometer; autoplay; clipboard-write; encrypted-media; gyroscope; picture-in-picture; web-share\" allowfullscreen><\/iframe>\n<\/div>\n\n\n\n<div class=\"wp-block-column is-layout-flow wp-block-column-is-layout-flow\" style=\"flex-basis:33.33%\">\n<p class=\"has-primary-color has-text-color\">Pillola 6<\/p>\n\n\n\n<h2 class=\"wp-block-heading is-style-default has-xl-font-size\">Teleriabilitazione (NeuronUP2GO)<\/h2>\n\n\n\n<p><strong>Vuoi scoprire i vantaggi della teleriabilitazione?<\/strong> Ti piacerebbe che i tuoi utenti <strong>rafforzassero<\/strong> a casa le abilit\u00e0 sviluppate in studio? O <strong>ampliare il tuo business<\/strong> gestendo pazienti in qualsiasi parte del mondo? <strong>Questa pillola \u00e8 perfetta per te!<\/strong> Ti spiegheremo <strong>come lavorare a distanza con i tuoi utenti<\/strong>.<\/p>\n\n\n\n<p>In <a href=\"https:\/\/neuronup.com\/it\/prodotto\/teleriabilitazione-la-riabilitazione-cognitiva-a-distanza-con-neuronup\/\">questo articolo del blog<\/a> puoi approfondire il tema delle sessioni a distanza.<\/p>\n\n\n\n<p class=\"has-primary-color has-text-color has-sm-font-size\">Durata: 11 minuti.<\/p>\n<\/div>\n<\/div>\n\n\n\n<div style=\"height:60px\" aria-hidden=\"true\" class=\"wp-block-spacer\"><\/div>\n\n\n\n<div class=\"wp-block-columns testimonial-block is-layout-flex wp-container-core-columns-is-layout-9d6595d7 wp-block-columns-is-layout-flex\">\n<div class=\"wp-block-column is-layout-flow wp-block-column-is-layout-flow\" style=\"flex-basis:33.33%\">\n<p class=\"has-primary-color has-text-color\">Pillola 7<\/p>\n\n\n\n<h2 class=\"wp-block-heading is-style-default has-xl-font-size\">Creare un programma<\/h2>\n\n\n\n<p>Nel video, puoi vedere come creare un programma, un insieme di sessioni pensato per organizzare il lavoro riabilitativo in modo strutturato ed efficace.<\/p>\n\n\n\n<p class=\"has-primary-color has-text-color has-sm-font-size\">Durata: 8 minuti.<\/p>\n<\/div>\n\n\n\n<div class=\"wp-block-column is-layout-flow wp-block-column-is-layout-flow\" style=\"flex-basis:66.66%\">\n<iframe width=\"100%\" height=\"100%\" src=\"https:\/\/www.youtube.com\/embed\/JEznqWzvW74?si=38Ai4Y-ahOK_d72P\" title=\"YouTube video player\" frameborder=\"0\" allow=\"accelerometer; autoplay; clipboard-write; encrypted-media; gyroscope; picture-in-picture; web-share\" allowfullscreen><\/iframe>\n<\/div>\n<\/div>\n\n\n","protected":false},"excerpt":{"rendered":"<p>Funzionamento della nostra piattaforma di neuroriabilitazione Pillola 1 Tipologie di attivit\u00e0 In questa prima formazione ti spieghiamo la differenza tra i tre tipi di attivit\u00e0 di NeuronUP: schede, generatori e giochi.&nbsp; Conoscere il funzionamento di ciascun tipo di attivit\u00e0 ti permetter\u00e0 di svolgere un\u2019intervento molto pi\u00f9 personalizzato in base alle necessit\u00e0 dei tuoi utenti. In &hellip;<\/p>\n","protected":false},"author":7,"featured_media":32092,"parent":0,"menu_order":0,"comment_status":"closed","ping_status":"closed","template":"","meta":{"_acf_changed":false,"_genesis_hide_title":false,"_genesis_hide_breadcrumbs":false,"_genesis_hide_singular_image":false,"_genesis_hide_footer_widgets":false,"_genesis_custom_body_class":"nup-style","_genesis_custom_post_class":"nup-style","_genesis_layout":"wide-content","footnotes":""},"class_list":{"1":"page","2":"type-page","6":"entry","7":"nup-style"},"acf":[],"_links":{"self":[{"href":"https:\/\/neuronup.com\/it\/wp-json\/wp\/v2\/pages\/32090","targetHints":{"allow":["GET"]}}],"collection":[{"href":"https:\/\/neuronup.com\/it\/wp-json\/wp\/v2\/pages"}],"about":[{"href":"https:\/\/neuronup.com\/it\/wp-json\/wp\/v2\/types\/page"}],"author":[{"embeddable":true,"href":"https:\/\/neuronup.com\/it\/wp-json\/wp\/v2\/users\/7"}],"replies":[{"embeddable":true,"href":"https:\/\/neuronup.com\/it\/wp-json\/wp\/v2\/comments?post=32090"}],"version-history":[{"count":0,"href":"https:\/\/neuronup.com\/it\/wp-json\/wp\/v2\/pages\/32090\/revisions"}],"wp:featuredmedia":[{"embeddable":true,"href":"https:\/\/neuronup.com\/it\/wp-json\/wp\/v2\/media\/32092"}],"wp:attachment":[{"href":"https:\/\/neuronup.com\/it\/wp-json\/wp\/v2\/media?parent=32090"}],"curies":[{"name":"wp","href":"https:\/\/api.w.org\/{rel}","templated":true}]}}