
{"id":30923,"date":"2024-08-29T11:33:19","date_gmt":"2024-08-29T09:33:19","guid":{"rendered":"https:\/\/neuronup.com\/it\/?page_id=30923"},"modified":"2025-11-05T16:53:14","modified_gmt":"2025-11-05T14:53:14","slug":"collabora","status":"publish","type":"page","link":"https:\/\/neuronup.com\/it\/neuronup-labs\/collabora\/","title":{"rendered":"Ricerca con NeuronUP Labs"},"content":{"rendered":"\n<div class=\"wp-block-columns alignfull are-vertically-aligned-center is-not-stacked-on-mobile labs-menu is-layout-flex wp-container-core-columns-is-layout-9d6595d7 wp-block-columns-is-layout-flex\">\n<div class=\"wp-block-column is-vertically-aligned-center logo-container is-layout-flow wp-block-column-is-layout-flow\" style=\"flex-basis:175px\">\n<figure class=\"wp-block-image size-large\"><a href=\"https:\/\/neuronup.com\/it\/neuronup-labs\/\" rel=\"\/\"><img decoding=\"async\" width=\"350\" height=\"200\" src=\"https:\/\/neuronup.com\/it\/wp-content\/uploads\/2024\/07\/NeuronUP-LABS-investigacion.svg\" alt=\"\" class=\"wp-image-30963\"\/><\/a><\/figure>\n<\/div>\n\n\n\n<div class=\"wp-block-column is-vertically-aligned-center menu is-layout-flow wp-block-column-is-layout-flow\"><div id=\"mega-menu-wrap-max_mega_menu_1\" class=\"mega-menu-wrap\"><div class=\"mega-menu-toggle\"><div class=\"mega-toggle-blocks-left\"><\/div><div class=\"mega-toggle-blocks-center\"><\/div><div class=\"mega-toggle-blocks-right\"><div class='mega-toggle-block mega-html-block mega-toggle-block-1' id='mega-toggle-block-1'><a class=\"mobile-login\" href=\"https:\/\/neuronup.com\/it\/\" tabindex=\"0\">Torna a neuronup.com\/it\/<\/a><\/div><div class='mega-toggle-block mega-html-block mega-toggle-block-2' id='mega-toggle-block-2'><div class=\"mobile-freetry\" style=\" --button-background: var(--color-custom-1); --button-background-hover: #cc7e00; \" >\r\n  <a class=\"button button-primary\" href=\"https:\/\/neuronup.com\/it\/neuronup-labs\/collabora\/\" >Collabora<\/a>\r\n<\/div><\/div><div class='mega-toggle-block mega-menu-toggle-animated-block mega-toggle-block-3' id='mega-toggle-block-3'><button aria-label=\"Toggle Menu\" class=\"mega-toggle-animated mega-toggle-animated-slider\" type=\"button\" aria-haspopup=\"true\" aria-expanded=\"false\" aria-controls=\"mega-menu-max_mega_menu_1\">\n                  <span class=\"mega-toggle-animated-box\">\n                    <span class=\"mega-toggle-animated-inner\"><\/span>\n                  <\/span>\n                <\/button><\/div><\/div><\/div><ul id=\"mega-menu-max_mega_menu_1\" class=\"mega-menu max-mega-menu mega-menu-horizontal mega-no-js\" data-event=\"click\" data-effect=\"slide\" data-effect-speed=\"200\" data-effect-mobile=\"slide\" data-effect-speed-mobile=\"200\" data-mobile-force-width=\"body\" data-second-click=\"go\" data-document-click=\"collapse\" data-vertical-behaviour=\"standard\" data-breakpoint=\"1182\" data-unbind=\"true\" data-mobile-state=\"collapse_all\" data-mobile-direction=\"vertical\" data-hover-intent-timeout=\"300\" data-hover-intent-interval=\"100\" data-overlay-desktop=\"false\" data-overlay-mobile=\"false\"><li class=\"mega-menu-item mega-menu-item-type-custom mega-menu-item-object-custom mega-align-bottom-left mega-menu-flyout mega-menu-item-first mega-menu-item-30951\" id=\"mega-menu-item-30951\"><a class=\"mega-menu-link\" href=\"https:\/\/neuronup.com\/it\/neuronup-labs\/strumenti-per-i-ricercatori\/\">Strumenti<\/a><\/li><li class=\"mega-menu-item mega-menu-item-type-custom mega-menu-item-object-custom mega-align-bottom-left mega-menu-flyout mega-menu-item-30952\" id=\"mega-menu-item-30952\"><a class=\"mega-menu-link\" href=\"https:\/\/neuronup.com\/it\/neuronup-labs\/documenti-neuronup\/\">Documenti<\/a><\/li><li class=\"mega-menu-item mega-menu-item-type-custom mega-menu-item-object-custom mega-align-bottom-left mega-menu-flyout mega-menu-item-30953\" id=\"mega-menu-item-30953\"><a class=\"mega-menu-link\" href=\"https:\/\/neuronup.com\/it\/neuronup-labs\/linee-di-ricerca\/\">Linee di ricerca<\/a><\/li><li class=\"mega-wp-block-button__link mega-button mega-button-outline mega-megamenu-login mega-menu-item mega-menu-item-type-custom mega-menu-item-object-custom mega-menu-item-home mega-align-bottom-left mega-menu-flyout mega-has-icon mega-icon-left mega-menu-item-30954 wp-block-button__link button button-outline megamenu-login\" id=\"mega-menu-item-30954\"><a class=\"mega-custom-icon mega-menu-link\" href=\"https:\/\/neuronup.com\/it\/\">Torna a neuronup.com\/it\/<\/a><\/li><li class=\"mega-wp-block-button__link mega-button mega-button-secondary mega-megamenu-freetry mega-orange-button mega-menu-item mega-menu-item-type-custom mega-menu-item-object-custom mega-align-bottom-left mega-menu-flyout mega-menu-item-last mega-menu-item-30955 wp-block-button__link button button-secondary megamenu-freetry orange-button\" id=\"mega-menu-item-30955\"><a class=\"mega-menu-link\" href=\"https:\/\/neuronup.com\/it\/neuronup-labs\/collabora\/\">Collabora<\/a><\/li><\/ul><\/div><\/div>\n<\/div>\n\n\n\n<div style=\"height:50px\" aria-hidden=\"true\" class=\"wp-block-spacer\"><\/div>\n\n\n\n<h1 class=\"wp-block-heading has-text-align-center has-xxl-margin-bottom\">Ricerca con NeuronUP Labs<\/h1>\n\n\n\n<div class=\"wp-block-columns br-0101 has-alt-background-color has-background is-layout-flex wp-container-core-columns-is-layout-9d6595d7 wp-block-columns-is-layout-flex\">\n<div class=\"wp-block-column is-layout-flow wp-block-column-is-layout-flow\">\n<h2 class=\"wp-block-heading has-text-align-center has-xl-margin-bottom\">Collabora con NeuronUP per la tua ricerca<\/h2>\n\n\n\n<div class=\"hs-form-frame\" data-region=\"eu1\" data-form-id=\"0dd00800-92f2-4d41-82b4-9a500d87563e\" data-portal-id=\"143501970\"><\/div>\n\n\n\n<p class=\"has-sm-font-size has-xxl-margin-top\"><em><em>*Se uno qualsiasi dei campi risulta vuoto o incompleto, NeuronUP non considerer\u00e0 valida la richiesta di collaborazione. In qualsiasi altro caso, NeuronUP ti contatter\u00e0 nei prossimi giorni per fornirti maggiori informazioni su come procedere.<\/em><br>**Il campo relativo alle precedenti pubblicazioni correlate deve essere compilato con un minimo di tre pubblicazioni. Nel caso in cui tu non ne disponga, ti suggeriremmo cortesemente di contattare un altro professionista che le possieda e sia interessato alla tua proposta, magari all&#8217;interno della tua universit\u00e0, per presentare una proposta congiunta. Ci\u00f2 aumenter\u00e0 senza dubbio le possibilit\u00e0 di successo e di accettazione all&#8217;interno della comunit\u00e0 scientifica.<\/em><\/p>\n<\/div>\n<\/div>\n\n\n\n<div style=\"height:50px\" aria-hidden=\"true\" class=\"wp-block-spacer\"><\/div>\n\n\n\n<div class=\"wp-block-group alignfull br-0100 has-custom-13-background-color has-background has-light-background has-md-padding-top has-md-padding-bottom has-md-padding-left has-md-padding-right\"><div class=\"wp-block-group__inner-container is-layout-constrained wp-block-group-is-layout-constrained\">\n<p class=\"has-text-align-center\">Collabora con noi<\/p>\n\n\n\n<h2 class=\"wp-block-heading has-text-align-center has-xxl-margin-bottom\">Accesso agli strumenti di ricerca dei laboratori NeuronUP<\/h2>\n\n\n\n<p class=\"has-text-align-center\">Volete <strong>avere accesso agli strumenti di ricerca<\/strong> dei NeuronUP Labs? Inviateci la vostra proposta di ricerca, il nostro comitato valuter\u00e0 il vostro progetto e, una volta convalidato, vi fornir\u00e0 gli strumenti pi\u00f9 innovativi per sviluppare la vostra ricerca.<\/p>\n\n\n\n<div style=\"height:40px\" aria-hidden=\"true\" class=\"wp-block-spacer\"><\/div>\n<\/div><\/div>\n\n","protected":false},"excerpt":{"rendered":"<p>Ricerca con NeuronUP Labs Collabora con NeuronUP per la tua ricerca *Se uno qualsiasi dei campi risulta vuoto o incompleto, NeuronUP non considerer\u00e0 valida la richiesta di collaborazione. In qualsiasi altro caso, NeuronUP ti contatter\u00e0 nei prossimi giorni per fornirti maggiori informazioni su come procedere.**Il campo relativo alle precedenti pubblicazioni correlate deve essere compilato con &hellip;<\/p>\n","protected":false},"author":7,"featured_media":0,"parent":30873,"menu_order":0,"comment_status":"closed","ping_status":"closed","template":"","meta":{"_acf_changed":false,"_genesis_hide_title":false,"_genesis_hide_breadcrumbs":false,"_genesis_hide_singular_image":false,"_genesis_hide_footer_widgets":false,"_genesis_custom_body_class":"","_genesis_custom_post_class":"","_genesis_layout":"","footnotes":""},"class_list":{"1":"page","2":"type-page","5":"entry"},"acf":[],"_links":{"self":[{"href":"https:\/\/neuronup.com\/it\/wp-json\/wp\/v2\/pages\/30923","targetHints":{"allow":["GET"]}}],"collection":[{"href":"https:\/\/neuronup.com\/it\/wp-json\/wp\/v2\/pages"}],"about":[{"href":"https:\/\/neuronup.com\/it\/wp-json\/wp\/v2\/types\/page"}],"author":[{"embeddable":true,"href":"https:\/\/neuronup.com\/it\/wp-json\/wp\/v2\/users\/7"}],"replies":[{"embeddable":true,"href":"https:\/\/neuronup.com\/it\/wp-json\/wp\/v2\/comments?post=30923"}],"version-history":[{"count":0,"href":"https:\/\/neuronup.com\/it\/wp-json\/wp\/v2\/pages\/30923\/revisions"}],"up":[{"embeddable":true,"href":"https:\/\/neuronup.com\/it\/wp-json\/wp\/v2\/pages\/30873"}],"wp:attachment":[{"href":"https:\/\/neuronup.com\/it\/wp-json\/wp\/v2\/media?parent=30923"}],"curies":[{"name":"wp","href":"https:\/\/api.w.org\/{rel}","templated":true}]}}