
{"id":30885,"date":"2024-08-29T11:27:16","date_gmt":"2024-08-29T09:27:16","guid":{"rendered":"https:\/\/neuronup.com\/it\/?page_id=30885"},"modified":"2025-02-27T22:07:34","modified_gmt":"2025-02-27T20:07:34","slug":"strumenti-per-i-ricercatori","status":"publish","type":"page","link":"https:\/\/neuronup.com\/it\/neuronup-labs\/strumenti-per-i-ricercatori\/","title":{"rendered":"Strumenti per i ricercatori"},"content":{"rendered":"\n<div class=\"wp-block-columns alignfull are-vertically-aligned-center is-not-stacked-on-mobile labs-menu is-layout-flex wp-container-core-columns-is-layout-9d6595d7 wp-block-columns-is-layout-flex\">\n<div class=\"wp-block-column is-vertically-aligned-center logo-container is-layout-flow wp-block-column-is-layout-flow\" style=\"flex-basis:175px\">\n<figure class=\"wp-block-image size-large\"><a href=\"https:\/\/neuronup.com\/it\/neuronup-labs\/\" rel=\"\/\"><img decoding=\"async\" width=\"350\" height=\"200\" src=\"https:\/\/neuronup.com\/it\/wp-content\/uploads\/2024\/07\/NeuronUP-LABS-investigacion.svg\" alt=\"\" class=\"wp-image-30963\"\/><\/a><\/figure>\n<\/div>\n\n\n\n<div class=\"wp-block-column is-vertically-aligned-center menu is-layout-flow wp-block-column-is-layout-flow\"><div id=\"mega-menu-wrap-max_mega_menu_1\" class=\"mega-menu-wrap\"><div class=\"mega-menu-toggle\"><div class=\"mega-toggle-blocks-left\"><\/div><div class=\"mega-toggle-blocks-center\"><\/div><div class=\"mega-toggle-blocks-right\"><div class='mega-toggle-block mega-html-block mega-toggle-block-1' id='mega-toggle-block-1'><a class=\"mobile-login\" href=\"https:\/\/neuronup.com\/it\/\" tabindex=\"0\">Torna a neuronup.com\/it\/<\/a><\/div><div class='mega-toggle-block mega-html-block mega-toggle-block-2' id='mega-toggle-block-2'><div class=\"mobile-freetry\" style=\" --button-background: var(--color-custom-1); --button-background-hover: #cc7e00; \" >\r\n  <a class=\"button button-primary\" href=\"https:\/\/neuronup.com\/it\/neuronup-labs\/collabora\/\" >Collabora<\/a>\r\n<\/div><\/div><div class='mega-toggle-block mega-menu-toggle-animated-block mega-toggle-block-3' id='mega-toggle-block-3'><button aria-label=\"Toggle Menu\" class=\"mega-toggle-animated mega-toggle-animated-slider\" type=\"button\" aria-haspopup=\"true\" aria-expanded=\"false\" aria-controls=\"mega-menu-max_mega_menu_1\">\n                  <span class=\"mega-toggle-animated-box\">\n                    <span class=\"mega-toggle-animated-inner\"><\/span>\n                  <\/span>\n                <\/button><\/div><\/div><\/div><ul id=\"mega-menu-max_mega_menu_1\" class=\"mega-menu max-mega-menu mega-menu-horizontal mega-no-js\" data-event=\"click\" data-effect=\"slide\" data-effect-speed=\"200\" data-effect-mobile=\"slide\" data-effect-speed-mobile=\"200\" data-mobile-force-width=\"body\" data-second-click=\"go\" data-document-click=\"collapse\" data-vertical-behaviour=\"standard\" data-breakpoint=\"1182\" data-unbind=\"true\" data-mobile-state=\"collapse_all\" data-mobile-direction=\"vertical\" data-hover-intent-timeout=\"300\" data-hover-intent-interval=\"100\" data-overlay-desktop=\"false\" data-overlay-mobile=\"false\"><li class=\"mega-menu-item mega-menu-item-type-custom mega-menu-item-object-custom mega-align-bottom-left mega-menu-flyout mega-menu-item-first mega-menu-item-30951\" id=\"mega-menu-item-30951\"><a class=\"mega-menu-link\" href=\"https:\/\/neuronup.com\/it\/neuronup-labs\/strumenti-per-i-ricercatori\/\">Strumenti<\/a><\/li><li class=\"mega-menu-item mega-menu-item-type-custom mega-menu-item-object-custom mega-align-bottom-left mega-menu-flyout mega-menu-item-30952\" id=\"mega-menu-item-30952\"><a class=\"mega-menu-link\" href=\"https:\/\/neuronup.com\/it\/neuronup-labs\/documenti-neuronup\/\">Documenti<\/a><\/li><li class=\"mega-menu-item mega-menu-item-type-custom mega-menu-item-object-custom mega-align-bottom-left mega-menu-flyout mega-menu-item-30953\" id=\"mega-menu-item-30953\"><a class=\"mega-menu-link\" href=\"https:\/\/neuronup.com\/it\/neuronup-labs\/linee-di-ricerca\/\">Linee di ricerca<\/a><\/li><li class=\"mega-wp-block-button__link mega-button mega-button-outline mega-megamenu-login mega-menu-item mega-menu-item-type-custom mega-menu-item-object-custom mega-menu-item-home mega-align-bottom-left mega-menu-flyout mega-has-icon mega-icon-left mega-menu-item-30954 wp-block-button__link button button-outline megamenu-login\" id=\"mega-menu-item-30954\"><a class=\"mega-custom-icon mega-menu-link\" href=\"https:\/\/neuronup.com\/it\/\">Torna a neuronup.com\/it\/<\/a><\/li><li class=\"mega-wp-block-button__link mega-button mega-button-secondary mega-megamenu-freetry mega-orange-button mega-menu-item mega-menu-item-type-custom mega-menu-item-object-custom mega-align-bottom-left mega-menu-flyout mega-menu-item-last mega-menu-item-30955 wp-block-button__link button button-secondary megamenu-freetry orange-button\" id=\"mega-menu-item-30955\"><a class=\"mega-menu-link\" href=\"https:\/\/neuronup.com\/it\/neuronup-labs\/collabora\/\">Collabora<\/a><\/li><\/ul><\/div><\/div>\n<\/div>\n\n\n\n<div style=\"height:50px\" aria-hidden=\"true\" class=\"wp-block-spacer\"><\/div>\n\n\n\n<figure class=\"wp-block-image size-full is-resized neuron-header\"><img decoding=\"async\" src=\"https:\/\/neuronup.com\/wp-content\/uploads\/2024\/05\/neurona-puntos-header.svg\" alt=\"\" class=\"wp-image-30753\" style=\"width:859px\"\/><\/figure>\n\n\n\n<header class=\"wp-block-group has-xl-margin-top\"><div class=\"wp-block-group__inner-container is-layout-constrained wp-block-group-is-layout-constrained\">\n<p class=\"has-text-align-center\">NeuronUP Labs<\/p>\n\n\n\n<h1 class=\"wp-block-heading has-text-align-center\"><strong>Strumenti <\/strong>di NeuronUP Labs <strong>per i ricercatori<\/strong><\/h1>\n\n\n\n<h2 class=\"wp-block-heading has-text-align-center has-md-font-size has-xl-margin-bottom\">NeuronUP Labs \u00e8 consapevole dei limiti esistenti nell&#8217;attuale neuropsicologia e cerca di incorporare diverse tecnologie per sviluppare metodologie all&#8217;avanguardia nella valutazione, nell&#8217;educazione, nella prevenzione, nell&#8217;intervento, nella neurologia e nella salute mentale.<\/h2>\n\n\n\n<div class=\"wp-block-buttons is-content-justification-center is-layout-flex wp-container-core-buttons-is-layout-16018d1d wp-block-buttons-is-layout-flex\">\n<div class=\"wp-block-button\" style=\"--button-background:var(--color-custom-1);--button-background-hover:#cc7e00;\"><a class=\"wp-block-button__link button   wp-element-button\" href=\"https:\/\/neuronup.com\/it\/neuronup-labs\/collabora\/\">Lavorare con i nostri strumenti<\/a><\/div>\n\n<\/div>\n\n\n\n<div style=\"height:30px\" aria-hidden=\"true\" class=\"wp-block-spacer\"><\/div>\n<\/div><\/header>\n\n\n\n<div class=\"wp-block-buttons alignwide has-custom-font-size has-sm-font-size is-content-justification-center is-layout-flex wp-container-core-buttons-is-layout-64b26803 wp-block-buttons-is-layout-flex\">\n<div class=\"wp-block-button has-custom-font-size casos-tag has-sm-font-size--1\"><a class=\"wp-block-button__link button button-outline wp-element-button\" href=\"#Score\">Score raw<\/a><\/div>\n\n\n\n<div class=\"wp-block-button has-custom-font-size casos-tag has-sm-font-size--2\"><a class=\"wp-block-button__link button button-outline wp-element-button\" href=\"#Normativo\">NeuronUP Normativo<\/a><\/div>\n\n\n\n<div class=\"wp-block-button has-custom-font-size casos-tag has-sm-font-size--3\"><a class=\"wp-block-button__link button button-outline wp-element-button\" href=\"#Evolutivo\">NeuronUP Evolutivo<\/a><\/div>\n\n\n\n<div class=\"wp-block-button has-custom-font-size casos-tag has-sm-font-size--4\"><a class=\"wp-block-button__link button button-outline wp-element-button\" href=\"#coorti-\">Coorte NeuronUP<\/a><\/div>\n\n\n\n<div class=\"wp-block-button has-custom-font-size casos-tag has-sm-font-size--5\"><a class=\"wp-block-button__link button button-outline wp-element-button\" href=\"#Et\u00e0-cerebrale\">Et\u00e0 cerebrale<\/a><\/div>\n<\/div>\n\n\n\n<div style=\"height:50px\" aria-hidden=\"true\" class=\"wp-block-spacer\"><\/div>\n\n\n\n<div class=\"wp-block-columns alignfull are-vertically-aligned-center column-reverse is-layout-flex wp-container-core-columns-is-layout-9d6595d7 wp-block-columns-is-layout-flex\" id=\"score-raw\">\n<div class=\"wp-block-column is-vertically-aligned-center br-0010 flex-align-center has-alt-background-color has-background is-layout-flow wp-block-column-is-layout-flow\"><div class=\"wp-block-image\">\n<figure class=\"aligncenter size-full has-xxl-margin-top has-xxl-margin-bottom\"><img decoding=\"async\" width=\"546\" height=\"418\" src=\"https:\/\/neuronup.com\/it\/wp-content\/uploads\/2024\/07\/ImgNeuronUP-Score.webp\" alt=\"\" class=\"wp-image-31063\" srcset=\"https:\/\/neuronup.com\/it\/wp-content\/uploads\/2024\/07\/ImgNeuronUP-Score-300x230.webp 300w, https:\/\/neuronup.com\/it\/wp-content\/uploads\/2024\/07\/ImgNeuronUP-Score.webp 546w\" sizes=\"(max-width: 546px) 100vw, 546px\" \/><\/figure>\n<\/div><\/div>\n\n\n\n<div class=\"wp-block-column is-vertically-aligned-center anims-fadein-left is-layout-flow wp-block-column-is-layout-flow\" id=\"score-raw\">\n<div class=\"wp-block-group p-inline-5 mw-700 m-inline-auto has-xxl-margin-top has-xxl-margin-bottom\"><div class=\"wp-block-group__inner-container is-layout-constrained wp-block-group-is-layout-constrained\">\n<p>Strumenti accessibili ai clienti NeuronUP<\/p>\n\n\n\n<h2 class=\"wp-block-heading\" id=\"Score\"><strong>Score <\/strong>Raw<\/h2>\n\n\n\n<h3 class=\"wp-block-heading\">Una metrica standardizzata tra 0 e 100 per misurare le prestazioni cognitive<\/h3>\n\n\n\n<p>NeuronUP Score \u00e8 la metrica utilizzata per misurare le prestazioni cognitive di ogni utente e di ogni sessione, a livello di attivit\u00e0, di dominio cognitivo o a livello globale.<\/p>\n\n\n\n<p><strong>Questo strumento \u00e8 disponibile per tutti<\/strong> i clienti di NeuronUP per misurare le prestazioni dei loro utenti in modo visivo e comparativo tra i diversi domini cognitivi.<\/p>\n\n\n\n<p>Nelle sessioni di intervento salvate e ripetute con lo stesso utente, NeuronUP Score consente di monitorare i progressi delle prestazioni cognitive.<\/p>\n\n\n\n<div class=\"wp-block-buttons is-layout-flex wp-block-buttons-is-layout-flex\">\n<div class=\"wp-block-button\"><a class=\"wp-block-button__link button button-link wp-element-button\" href=\"https:\/\/neuronup.com\/it\/prodotto\/neuronup-score\/\">Vedere NeuronUP Score<\/a><\/div>\n<\/div>\n<\/div><\/div>\n<\/div>\n<\/div>\n\n\n\n<div class=\"wp-block-group alignfull\"><div class=\"wp-block-group__inner-container is-layout-constrained wp-block-group-is-layout-constrained\">\n<div class=\"wp-block-columns alignfull is-layout-flex wp-container-core-columns-is-layout-9d6595d7 wp-block-columns-is-layout-flex\">\n<div class=\"wp-block-column is-vertically-aligned-center anims-fadein-right is-layout-flow wp-block-column-is-layout-flow\" id=\"NeuronUP-Normativo\">\n<div class=\"wp-block-group p-inline-5 mw-700 m-inline-auto has-xl-margin-top has-xxl-margin-bottom\"><div class=\"wp-block-group__inner-container is-layout-constrained wp-block-group-is-layout-constrained\">\n<p>Confrontate le prestazioni dei vostri utenti con quelle di utenti equivalenti<\/p>\n\n\n\n<h2 class=\"wp-block-heading\" id=\"Normativo\">NeuronUP <strong>Normativo<\/strong><\/h2>\n\n\n\n<h3 class=\"wp-block-heading\">Determina con le coorti la \u201cnormalit\u00e0\u201d di ciascun punteggio<\/h3>\n\n\n\n<p>Questo strumento ci permette di determinare con precisione quanto le prestazioni del nostro utente assomiglino o meno a quelle di utenti equivalenti. In questo modo possiamo individuare situazioni di normalit\u00e0 e non normalit\u00e0 (outliers). Si possono anche determinare punteggi Z e punteggi standardizzati.<\/p>\n\n\n\n<p>Tutto questo attraverso coorti di decine di migliaia di persone, calcolando i percentili (corretti per et\u00e0, sesso e anni di istruzione), si determina la &#8220;normalit\u00e0&#8221; di ogni punteggio.<\/p>\n\n\n\n<p><strong><em>Disponibile esclusivamente per i ricercatori.<\/em><\/strong><\/p>\n<\/div><\/div>\n<\/div>\n\n\n\n<div class=\"wp-block-column is-vertically-aligned-stretch br-0001 flex-align-center has-alt-background-color has-background is-layout-flow wp-block-column-is-layout-flow\"><div class=\"wp-block-image\">\n<figure class=\"aligncenter size-full is-resized\"><img decoding=\"async\" width=\"774\" height=\"436\" src=\"https:\/\/neuronup.com\/it\/wp-content\/uploads\/2024\/07\/NeuronUP-normativo-png-1.webp\" alt=\"\" class=\"wp-image-31058\" style=\"width:650px\" srcset=\"https:\/\/neuronup.com\/it\/wp-content\/uploads\/2024\/07\/NeuronUP-normativo-png-1-300x169.webp 300w, https:\/\/neuronup.com\/it\/wp-content\/uploads\/2024\/07\/NeuronUP-normativo-png-1-768x433.webp 768w, https:\/\/neuronup.com\/it\/wp-content\/uploads\/2024\/07\/NeuronUP-normativo-png-1.webp 774w\" sizes=\"(max-width: 774px) 100vw, 774px\" \/><\/figure>\n<\/div><\/div>\n<\/div>\n<\/div><\/div>\n\n\n\n<div class=\"wp-block-columns alignfull column-reverse is-layout-flex wp-container-core-columns-is-layout-9d6595d7 wp-block-columns-is-layout-flex\">\n<div class=\"wp-block-column is-vertically-aligned-stretch br-0010 flex-align-center has-alt-background-color has-background is-layout-flow wp-block-column-is-layout-flow\"><div class=\"wp-block-image\">\n<figure class=\"aligncenter size-full is-resized has-xxl-margin-top has-xxl-margin-bottom\"><img decoding=\"async\" width=\"795\" height=\"373\" src=\"https:\/\/neuronup.com\/it\/wp-content\/uploads\/2024\/07\/NeuronUP-evolutivo-png-1.webp\" alt=\"\" class=\"wp-image-31060\" style=\"width:650px\" srcset=\"https:\/\/neuronup.com\/it\/wp-content\/uploads\/2024\/07\/NeuronUP-evolutivo-png-1-300x141.webp 300w, https:\/\/neuronup.com\/it\/wp-content\/uploads\/2024\/07\/NeuronUP-evolutivo-png-1-768x360.webp 768w, https:\/\/neuronup.com\/it\/wp-content\/uploads\/2024\/07\/NeuronUP-evolutivo-png-1.webp 795w\" sizes=\"(max-width: 795px) 100vw, 795px\" \/><\/figure>\n<\/div><\/div>\n\n\n\n<div class=\"wp-block-column is-vertically-aligned-center anims-fadein-left is-layout-flow wp-block-column-is-layout-flow\" id=\"NeuronUP-Evolutivo\">\n<div class=\"wp-block-group p-inline-5 mw-700 m-inline-auto has-xxl-margin-top has-xxl-margin-bottom\"><div class=\"wp-block-group__inner-container is-layout-constrained wp-block-group-is-layout-constrained\">\n<p>Analizza e registra la traiettoria di ogni utente nel tempo<\/p>\n\n\n\n<h2 class=\"wp-block-heading\" id=\"Evolutivo\">NeuronUP <strong>Evolutivo<\/strong><\/h2>\n\n\n\n<h3 class=\"wp-block-heading\">Il monitoraggio fornito dai NeuronUP Labs \u00e8 di gran lunga superiore ai &#8220;tipici&#8221; studi longitudinali<\/h3>\n\n\n\n<p>NeuronUP Labs consente di monitorare l&#8217;evoluzione delle prestazioni cognitive di ciascun utente a livello di singolo test, di dominio cognitivo o di sessione globale. Con sessioni conservate per oltre 10 anni, nel rispetto della Dichiarazione di Helsinki e delle diverse leggi sulla protezione dei dati per la ricerca clinica.<\/p>\n\n\n\n<p>Inoltre, il monitoraggio che NeuronUP Labs consente \u00e8 di gran lunga superiore ai &#8220;tipici&#8221; studi longitudinali. Un esempio \u00e8 l&#8217;utente 46533, mostrato nel grafico. Questo utente \u00e8 stato monitorato in media 5,57 volte a settimana e per 1180 giorni diversi.<\/p>\n\n\n\n<p>D&#8217;altra parte, NeuronUP evolutivo fa uso di traiettorie molto ben rappresentate per eseguire diversi studi.<\/p>\n\n\n\n<p><strong><em>Disponibile esclusivamente per i ricercatori.<\/em><\/strong><\/p>\n<\/div><\/div>\n<\/div>\n<\/div>\n\n\n\n<div class=\"wp-block-group alignfull\"><div class=\"wp-block-group__inner-container is-layout-constrained wp-block-group-is-layout-constrained\">\n<div class=\"wp-block-columns alignfull is-layout-flex wp-container-core-columns-is-layout-9d6595d7 wp-block-columns-is-layout-flex\">\n<div class=\"wp-block-column is-vertically-aligned-center anims-fadein-right is-layout-flow wp-block-column-is-layout-flow\" id=\"NeuronUP-Cohorte\">\n<div class=\"wp-block-group p-inline-5 mw-700 m-inline-auto has-xl-margin-top has-xxl-margin-bottom\"><div class=\"wp-block-group__inner-container is-layout-constrained wp-block-group-is-layout-constrained\">\n<p>Identifica i modelli in gruppi di utenti<\/p>\n\n\n\n<h2 class=\"wp-block-heading\"><strong>Coorte<\/strong> NeuronUP <\/h2>\n\n\n\n<h3 class=\"wp-block-heading\" id=\"coorti-\">Permette di identificare coorti cliniche ben selezionate con precisi criteri di inclusione ed esclusione<\/h3>\n\n\n\n<p>Ad esempio, l&#8217;identificazione preliminare di una coorte di 1072 partecipanti ci permette di quantificare l&#8217;effetto dell&#8217;intervento all&#8217;interno della coorte e nel tempo. In questa figura, ogni 7 giorni monitoriamo le prestazioni cognitive della coorte (istogramma) e quantifichiamo l&#8217;efficacia dell&#8217;intervento utilizzando statistiche non parametriche.<\/p>\n\n\n\n<p><strong><em>Disponibile esclusivamente per i ricercatori.<\/em><\/strong><\/p>\n<\/div><\/div>\n<\/div>\n\n\n\n<div class=\"wp-block-column is-vertically-aligned-stretch br-0001 flex-align-center has-alt-background-color has-background is-layout-flow wp-block-column-is-layout-flow\"><div class=\"wp-block-image\">\n<figure class=\"aligncenter size-large is-resized has-xxl-margin-top has-xxl-margin-bottom\"><img decoding=\"async\" width=\"1024\" height=\"570\" src=\"https:\/\/neuronup.com\/it\/wp-content\/uploads\/2024\/07\/LINEE-DI-RICERCA-1024x570.webp\" alt=\"Linee di ricerca guidate dai dati presso i NeuronUP Labs. Grafica\" class=\"wp-image-30893\" style=\"width:650px\" srcset=\"https:\/\/neuronup.com\/it\/wp-content\/uploads\/2024\/07\/LINEE-DI-RICERCA-300x167.webp 300w, https:\/\/neuronup.com\/it\/wp-content\/uploads\/2024\/07\/LINEE-DI-RICERCA-768x427.webp 768w, https:\/\/neuronup.com\/it\/wp-content\/uploads\/2024\/07\/LINEE-DI-RICERCA-1024x570.webp 1024w, https:\/\/neuronup.com\/it\/wp-content\/uploads\/2024\/07\/LINEE-DI-RICERCA.webp 1113w\" sizes=\"(max-width: 1024px) 100vw, 1024px\" \/><\/figure>\n<\/div><\/div>\n<\/div>\n<\/div><\/div>\n\n\n\n<div class=\"wp-block-columns alignfull column-reverse is-layout-flex wp-container-core-columns-is-layout-9d6595d7 wp-block-columns-is-layout-flex\">\n<div class=\"wp-block-column is-vertically-aligned-stretch br-0010 flex-align-center has-alt-background-color has-background is-layout-flow wp-block-column-is-layout-flow\"><div class=\"wp-block-image\">\n<figure class=\"aligncenter size-full is-resized has-xxl-margin-top has-xxl-margin-bottom\"><img decoding=\"async\" width=\"702\" height=\"459\" src=\"https:\/\/neuronup.com\/it\/wp-content\/uploads\/2024\/07\/NeuronUP-edad-cerebral-png-1.webp\" alt=\"\" class=\"wp-image-31065\" style=\"width:650px\" srcset=\"https:\/\/neuronup.com\/it\/wp-content\/uploads\/2024\/07\/NeuronUP-edad-cerebral-png-1-300x196.webp 300w, https:\/\/neuronup.com\/it\/wp-content\/uploads\/2024\/07\/NeuronUP-edad-cerebral-png-1.webp 702w\" sizes=\"(max-width: 702px) 100vw, 702px\" \/><\/figure>\n<\/div><\/div>\n\n\n\n<div class=\"wp-block-column is-vertically-aligned-center anims-fadein-left is-layout-flow wp-block-column-is-layout-flow\" id=\"Edad-Cerebral\">\n<div class=\"wp-block-group p-inline-5 mw-700 m-inline-auto has-xxl-margin-top has-xxl-margin-bottom\"><div class=\"wp-block-group__inner-container is-layout-constrained wp-block-group-is-layout-constrained\">\n<p>Sfruttare l&#8217;intelligenza artificiale per prevedere l&#8217;et\u00e0 del cervello degli utenti<\/p>\n\n\n\n<h2 class=\"wp-block-heading\" id=\"Et\u00e0-cerebrale\">NeuronUP <strong>Et\u00e0 cerebrale<\/strong><\/h2>\n\n\n\n<h3 class=\"wp-block-heading\">L&#8217;intelligenza artificiale individua gli individui con maggiore fragilit\u00e0 cerebrale<\/h3>\n\n\n\n<p>Abbiamo addestrato diversi modelli di intelligenza artificiale a partire da una moltitudine di punteggi di popolazione sana, consentendoci di <strong>prevedere l&#8217;et\u00e0 del soggetto a partire dal punteggio a livello di test<\/strong>, a livello di dominio cognitivo o a livello di sessione globale.<\/p>\n\n\n\n<p>Nei nuovi utenti di NeuronUP, determiniamo la loro et\u00e0 cerebrale e utilizziamo la loro deviazione dall&#8217;et\u00e0 cronologica come misura dell&#8217;eccesso di maturazione cerebrale. In questo modo, <strong>cerchiamo di individuare i soggetti pi\u00f9 fragili<\/strong> di fronte all&#8217;invecchiamento.<\/p>\n\n\n\n<p>Inoltre, utilizzando l&#8217;intelligenza artificiale, stiamo cercando di definire strategie di intervento che possano ringiovanire l&#8217;et\u00e0 cerebrale.<\/p>\n\n\n\n<p><strong><em>Disponibile esclusivamente per i ricercatori.<\/em><\/strong><\/p>\n<\/div><\/div>\n<\/div>\n<\/div>\n\n\n\n<div class=\"wp-block-group alignfull br-0100 has-custom-13-background-color has-background has-light-background has-md-padding-top has-md-padding-bottom has-md-padding-left has-md-padding-right\"><div class=\"wp-block-group__inner-container is-layout-constrained wp-block-group-is-layout-constrained\">\n<p class=\"has-text-align-center\">Collabora con noi<\/p>\n\n\n\n<h2 class=\"wp-block-heading has-text-align-center has-xxl-margin-bottom\">Accesso agli strumenti di ricerca di NeuronUP Labs<\/h2>\n\n\n\n<p class=\"has-text-align-center\">Volete <strong>avere accesso agli strumenti di ricerca<\/strong> dei NeuronUP Labs? Inviateci la vostra proposta di ricerca, il nostro comitato valuter\u00e0 il vostro progetto e, una volta convalidato, vi fornir\u00e0 gli strumenti pi\u00f9 innovativi per sviluppare la vostra ricerca.<\/p>\n\n\n\n<div class=\"wp-block-buttons is-content-justification-center is-layout-flex wp-container-core-buttons-is-layout-16018d1d wp-block-buttons-is-layout-flex\">\n<div class=\"wp-block-button\"><a class=\"wp-block-button__link button button-link wp-element-button\" href=\"https:\/\/neuronup.com\/it\/neuronup-labs\/collabora\/\">Lavorare con i nostri strumenti<\/a><\/div>\n<\/div>\n\n\n\n<div style=\"height:40px\" aria-hidden=\"true\" class=\"wp-block-spacer\"><\/div>\n<\/div><\/div>\n\n","protected":false},"excerpt":{"rendered":"<p>NeuronUP Labs Strumenti di NeuronUP Labs per i ricercatori NeuronUP Labs \u00e8 consapevole dei limiti esistenti nell&#8217;attuale neuropsicologia e cerca di incorporare diverse tecnologie per sviluppare metodologie all&#8217;avanguardia nella valutazione, nell&#8217;educazione, nella prevenzione, nell&#8217;intervento, nella neurologia e nella salute mentale. Strumenti accessibili ai clienti NeuronUP Score Raw Una metrica standardizzata tra 0 e 100 per &hellip;<\/p>\n","protected":false},"author":7,"featured_media":0,"parent":30873,"menu_order":0,"comment_status":"closed","ping_status":"closed","template":"","meta":{"_acf_changed":false,"_genesis_hide_title":false,"_genesis_hide_breadcrumbs":false,"_genesis_hide_singular_image":false,"_genesis_hide_footer_widgets":false,"_genesis_custom_body_class":"","_genesis_custom_post_class":"","_genesis_layout":"","footnotes":""},"class_list":{"1":"page","2":"type-page","5":"entry"},"acf":[],"_links":{"self":[{"href":"https:\/\/neuronup.com\/it\/wp-json\/wp\/v2\/pages\/30885","targetHints":{"allow":["GET"]}}],"collection":[{"href":"https:\/\/neuronup.com\/it\/wp-json\/wp\/v2\/pages"}],"about":[{"href":"https:\/\/neuronup.com\/it\/wp-json\/wp\/v2\/types\/page"}],"author":[{"embeddable":true,"href":"https:\/\/neuronup.com\/it\/wp-json\/wp\/v2\/users\/7"}],"replies":[{"embeddable":true,"href":"https:\/\/neuronup.com\/it\/wp-json\/wp\/v2\/comments?post=30885"}],"version-history":[{"count":0,"href":"https:\/\/neuronup.com\/it\/wp-json\/wp\/v2\/pages\/30885\/revisions"}],"up":[{"embeddable":true,"href":"https:\/\/neuronup.com\/it\/wp-json\/wp\/v2\/pages\/30873"}],"wp:attachment":[{"href":"https:\/\/neuronup.com\/it\/wp-json\/wp\/v2\/media?parent=30885"}],"curies":[{"name":"wp","href":"https:\/\/api.w.org\/{rel}","templated":true}]}}