
{"id":30418,"date":"2024-12-04T09:29:53","date_gmt":"2024-12-04T07:29:53","guid":{"rendered":"https:\/\/neuronup.com\/it\/?page_id=30418"},"modified":"2025-02-27T22:37:57","modified_gmt":"2025-02-27T20:37:57","slug":"personalizzare-le-attivita-con-neuronup","status":"publish","type":"page","link":"https:\/\/neuronup.com\/it\/prodotto\/personalizzare-le-attivita-con-neuronup\/","title":{"rendered":"Personalizzare le attivit\u00e0 con NeuronUP"},"content":{"rendered":"\n<p class=\"has-body-color has-text-color has-link-color has-xl-font-size wp-elements-e46acc45fd40342f752033e497da6fc3\">\u00bfStai avendo difficolt\u00e0 a mantenere la motivazione dei tuoi utenti? Impieghi ore a creare attivit\u00e0 stimolanti per ognuno di loro? In questo articolo descriviamo i vantaggi di personalizzare le attivit\u00e0 e spieghiamo passo dopo passo <strong><mark style=\"background-color:rgba(0, 0, 0, 0)\" class=\"has-inline-color has-links-color\">come creare attivit\u00e0 personalizzate con NeuronUP.<\/mark><\/strong><\/p>\n\n\n\n<h2 class=\"wp-block-heading\">Cos&#8217;\u00e8 un&#8217;attivit\u00e0 personalizzata?<\/h2>\n\n\n\n<p>Un&#8217;attivit\u00e0 personalizzata \u00e8 un&#8217;attivit\u00e0 che viene <strong>modificata per adattarla alle esigenze, al livello cognitivo e alle preferenze<\/strong> di ogni utente al fine di agevolare l&#8217;introduzione di stimoli significativi.<\/p>\n\n\n\n<h3 class=\"wp-block-heading\">Quali attivit\u00e0 di NeuronUP possono essere personalizzate?<\/h3>\n\n\n\n<p>Sia i <strong>generatori che i giochi<\/strong> di NeuronUP possono essere personalizzati. Se non conosci la differenza tra questi tipi di attivit\u00e0, ti consigliamo di dare <a href=\"https:\/\/neuronup.com\/it\/prodotto\/tipi-di-attivita-di-neuronup-generatori-giochi-e-schede\/\">un&#8217;occhiata a questo articolo.<\/a><\/p>\n\n\n\n<h2 class=\"wp-block-heading\">Vantaggi di personalizzare le attivit\u00e0 con NeuronUP<\/h2>\n\n\n\n<ol class=\"wp-block-list\">\n<li>Aumentate la <strong>motivazione <\/strong>dei vostri utenti.<\/li>\n\n\n\n<li><strong>Adattate i parametri<\/strong> dei giochi e dei generatori <strong>al livello cognitivo e alle esigenze<\/strong> di tutti i vostri utenti.<\/li>\n\n\n\n<li>Coinvolgere gli utenti utilizzando <strong>stimoli a loro familiari.<\/strong><\/li>\n\n\n\n<li>Maggiore <strong>validit\u00e0 ecologica<\/strong>, cio\u00e8 maggiore concordanza tra il miglioramento delle abilit\u00e0 allenate nella consultazione e la loro relazione con un migliore svolgimento delle attivit\u00e0 quotidiane.<\/li>\n\n\n\n<li><strong>Risparmiate tempo<\/strong> definendo il vostro catalogo di attivit\u00e0 personalizzate da riutilizzare ogni volta che ne avete bisogno. In soli cinque minuti \u00e8 possibile creare infinite attivit\u00e0 totalmente personalizzate a partire dallo stesso esercizio.<\/li>\n<\/ol>\n\n\n\n<figure class=\"wp-block-image size-large is-resized\"><img decoding=\"async\" width=\"1024\" height=\"1024\" src=\"https:\/\/neuronup.com\/it\/wp-content\/uploads\/2024\/05\/Ventajas-de-personalizar-actividades-IT-1024x1024.webp\" alt=\"Vantaggi della personalizzazione delle attivit\u00e0 con NeuronUP\" class=\"wp-image-30587\" style=\"width:801px;height:auto\" srcset=\"https:\/\/neuronup.com\/it\/wp-content\/uploads\/2024\/05\/Ventajas-de-personalizar-actividades-IT-80x80.webp 80w, https:\/\/neuronup.com\/it\/wp-content\/uploads\/2024\/05\/Ventajas-de-personalizar-actividades-IT-150x150.webp 150w, https:\/\/neuronup.com\/it\/wp-content\/uploads\/2024\/05\/Ventajas-de-personalizar-actividades-IT-300x300.webp 300w, https:\/\/neuronup.com\/it\/wp-content\/uploads\/2024\/05\/Ventajas-de-personalizar-actividades-IT-768x768.webp 768w, https:\/\/neuronup.com\/it\/wp-content\/uploads\/2024\/05\/Ventajas-de-personalizar-actividades-IT-1024x1024.webp 1024w, https:\/\/neuronup.com\/it\/wp-content\/uploads\/2024\/05\/Ventajas-de-personalizar-actividades-IT.webp 1080w\" sizes=\"(max-width: 1024px) 100vw, 1024px\" \/><figcaption class=\"wp-element-caption\">Vantaggi della personalizzazione delle attivit\u00e0 con NeuronUP<\/figcaption><\/figure>\n\n\n\n<h2 class=\"wp-block-heading\">Come personalizzare un&#8217;attivit\u00e0 NeuronUP?<\/h2>\n\n\n\n<p>Ecco come personalizzare un gioco o un generatore NeuronUP:<\/p>\n\n\n\n<h3 class=\"wp-block-heading\">1. Scegliete e aprite un&#8217;attivit\u00e0 (generatore o gioco)<\/h3>\n\n\n\n<div class=\"wp-block-columns is-layout-flex wp-container-core-columns-is-layout-9d6595d7 wp-block-columns-is-layout-flex\">\n<div class=\"wp-block-column is-layout-flow wp-block-column-is-layout-flow\">\n<p>Scegliete un generatore dalla homepage di NeuronUP. Una volta aperta l&#8217;attivit\u00e0, selezionare \u201c<strong>Modalit\u00e0 personalizzate<\/strong>\u201d per i generatori o \u201c<strong>Fasi personalizzate<\/strong>\u201d per i giochi.<\/p>\n<\/div>\n\n\n\n<div class=\"wp-block-column is-layout-flow wp-block-column-is-layout-flow\"><div class=\"wp-block-image image-interface\">\n<figure class=\"aligncenter size-large\"><img decoding=\"async\" width=\"1024\" height=\"749\" src=\"https:\/\/neuronup.com\/it\/wp-content\/uploads\/2024\/05\/Scegliete-e-aprite-unattivita-1024x749.webp\" alt=\"Personalizzare le attivit\u00e0 con NeuronUP. Scegliete e aprite un'attivit\u00e0 (generatore o gioco)\" class=\"wp-image-30600\" srcset=\"https:\/\/neuronup.com\/it\/wp-content\/uploads\/2024\/05\/Scegliete-e-aprite-unattivita-300x219.webp 300w, https:\/\/neuronup.com\/it\/wp-content\/uploads\/2024\/05\/Scegliete-e-aprite-unattivita-768x562.webp 768w, https:\/\/neuronup.com\/it\/wp-content\/uploads\/2024\/05\/Scegliete-e-aprite-unattivita-1024x749.webp 1024w, https:\/\/neuronup.com\/it\/wp-content\/uploads\/2024\/05\/Scegliete-e-aprite-unattivita.webp 1080w\" sizes=\"(max-width: 1024px) 100vw, 1024px\" \/><\/figure>\n<\/div><\/div>\n<\/div>\n\n\n\n<div style=\"height:50px\" aria-hidden=\"true\" class=\"wp-block-spacer\"><\/div>\n\n\n\n<h3 class=\"wp-block-heading\">2. Creare una personalizzazione<\/h3>\n\n\n\n<div class=\"wp-block-columns is-layout-flex wp-container-core-columns-is-layout-9d6595d7 wp-block-columns-is-layout-flex\">\n<div class=\"wp-block-column is-layout-flow wp-block-column-is-layout-flow\">\n<p>Per creare una nuova personalizzazione, <strong>inserire un nome per la personalizzazione<\/strong>. Ad esempio, il nome dell&#8217;utente per cui verr\u00e0 utilizzata. Quindi fare clic su \u201c<strong>Continua<\/strong>\u201d.<\/p>\n\n\n\n<div style=\"height:50px\" aria-hidden=\"true\" class=\"wp-block-spacer\"><\/div>\n<\/div>\n\n\n\n<div class=\"wp-block-column is-layout-flow wp-block-column-is-layout-flow\"><div class=\"wp-block-image image-interface\">\n<figure class=\"aligncenter size-large\"><img decoding=\"async\" width=\"1024\" height=\"772\" src=\"https:\/\/neuronup.com\/it\/wp-content\/uploads\/2024\/05\/Creare-una-personalizzazione-1024x772.webp\" alt=\"Creare una personalizzazione\" class=\"wp-image-30601\" srcset=\"https:\/\/neuronup.com\/it\/wp-content\/uploads\/2024\/05\/Creare-una-personalizzazione-300x226.webp 300w, https:\/\/neuronup.com\/it\/wp-content\/uploads\/2024\/05\/Creare-una-personalizzazione-768x579.webp 768w, https:\/\/neuronup.com\/it\/wp-content\/uploads\/2024\/05\/Creare-una-personalizzazione-1024x772.webp 1024w, https:\/\/neuronup.com\/it\/wp-content\/uploads\/2024\/05\/Creare-una-personalizzazione.webp 1080w\" sizes=\"(max-width: 1024px) 100vw, 1024px\" \/><\/figure>\n<\/div><\/div>\n<\/div>\n\n\n\n<h3 class=\"wp-block-heading\">3. Iniziare la personalizzazione<\/h3>\n\n\n\n<p>Quando si personalizza un&#8217;attivit\u00e0 si possono modificare gli aspetti generali, i parametri e, in alcuni esercizi, l&#8217;adattabilit\u00e0. Ognuno di questi aspetti \u00e8 spiegato di seguito:<\/p>\n\n\n\n<h4 class=\"wp-block-heading\">3.1. Aspetti generali<\/h4>\n\n\n\n<div class=\"wp-block-columns is-layout-flex wp-container-core-columns-is-layout-9d6595d7 wp-block-columns-is-layout-flex\">\n<div class=\"wp-block-column is-layout-flow wp-block-column-is-layout-flow\">\n<p><strong>Sono gli stessi per tutti i generatori e i giochi.<\/strong> \u00c8 possibile scegliere la modalit\u00e0 di lavoro, adattare il tempo, avvisare l&#8217;utente quando \u00e8 inattivo, adattare le istruzioni dell&#8217;attivit\u00e0 e aggiungere un timer.<\/p>\n<\/div>\n\n\n\n<div class=\"wp-block-column is-layout-flow wp-block-column-is-layout-flow\"><div class=\"wp-block-image image-interface\">\n<figure class=\"aligncenter size-large\"><img decoding=\"async\" width=\"1024\" height=\"759\" src=\"https:\/\/neuronup.com\/it\/wp-content\/uploads\/2024\/05\/Aspetti-generali-1024x759.webp\" alt=\"Personalizzare le attivit\u00e0 con NeuronUP. Aspetti generali\" class=\"wp-image-30596\" srcset=\"https:\/\/neuronup.com\/it\/wp-content\/uploads\/2024\/05\/Aspetti-generali-300x222.webp 300w, https:\/\/neuronup.com\/it\/wp-content\/uploads\/2024\/05\/Aspetti-generali-768x569.webp 768w, https:\/\/neuronup.com\/it\/wp-content\/uploads\/2024\/05\/Aspetti-generali-1024x759.webp 1024w, https:\/\/neuronup.com\/it\/wp-content\/uploads\/2024\/05\/Aspetti-generali.webp 1159w\" sizes=\"(max-width: 1024px) 100vw, 1024px\" \/><\/figure>\n<\/div><\/div>\n<\/div>\n\n\n\n<div style=\"height:50px\" aria-hidden=\"true\" class=\"wp-block-spacer\"><\/div>\n\n\n\n<h4 class=\"wp-block-heading\">3.2. Parametri<\/h4>\n\n\n\n<div class=\"wp-block-columns is-layout-flex wp-container-core-columns-is-layout-9d6595d7 wp-block-columns-is-layout-flex\">\n<div class=\"wp-block-column is-layout-flow wp-block-column-is-layout-flow\">\n<p>Sono <strong>specifici per ogni attivit\u00e0<\/strong>. In questo caso, siamo in un&#8217;attivit\u00e0 di maneggio di denaro, quindi potete scegliere il tipo di valuta, la quantit\u00e0 di banconote\/monete e il loro valore.<\/p>\n<\/div>\n\n\n\n<div class=\"wp-block-column is-layout-flow wp-block-column-is-layout-flow\"><div class=\"wp-block-image image-interface\">\n<figure class=\"aligncenter size-large is-resized\"><img decoding=\"async\" width=\"1024\" height=\"771\" src=\"https:\/\/neuronup.com\/it\/wp-content\/uploads\/2024\/05\/Parametri-1024x771.webp\" alt=\"impostazione dei parametri\" class=\"wp-image-30597\" style=\"width:386px;height:auto\" srcset=\"https:\/\/neuronup.com\/it\/wp-content\/uploads\/2024\/05\/Parametri-300x226.webp 300w, https:\/\/neuronup.com\/it\/wp-content\/uploads\/2024\/05\/Parametri-400x300.webp 400w, https:\/\/neuronup.com\/it\/wp-content\/uploads\/2024\/05\/Parametri-768x578.webp 768w, https:\/\/neuronup.com\/it\/wp-content\/uploads\/2024\/05\/Parametri-1024x771.webp 1024w, https:\/\/neuronup.com\/it\/wp-content\/uploads\/2024\/05\/Parametri.webp 1144w\" sizes=\"(max-width: 1024px) 100vw, 1024px\" \/><\/figure>\n<\/div><\/div>\n<\/div>\n\n\n\n<div style=\"height:50px\" aria-hidden=\"true\" class=\"wp-block-spacer\"><\/div>\n\n\n\n<h4 class=\"wp-block-heading\">3.3. Adattabilit\u00e0<\/h4>\n\n\n\n<div class=\"wp-block-columns is-layout-flex wp-container-core-columns-is-layout-9d6595d7 wp-block-columns-is-layout-flex\">\n<div class=\"wp-block-column is-layout-flow wp-block-column-is-layout-flow\">\n<p>Permette di scegliere se <strong>trascinare o fare clic<\/strong> sugli elementi per facilitare gli utenti con difficolt\u00e0 motorie o che non sanno usare bene il mouse o i touch screen. Non disponibile per tutte le attivit\u00e0.<\/p>\n<\/div>\n\n\n\n<div class=\"wp-block-column is-layout-flow wp-block-column-is-layout-flow\"><\/div>\n<\/div>\n\n\n\n<div style=\"height:50px\" aria-hidden=\"true\" class=\"wp-block-spacer\"><\/div>\n\n\n\n<h3 class=\"wp-block-heading\">4. Salva la personalizzazione<\/h3>\n\n\n\n<div class=\"wp-block-columns is-layout-flex wp-container-core-columns-is-layout-9d6595d7 wp-block-columns-is-layout-flex\">\n<div class=\"wp-block-column is-layout-flow wp-block-column-is-layout-flow\">\n<p>\u00c8 possibile aggiungere una descrizione alla personalizzazione. In questo modo sar\u00e0 pi\u00f9 facile ricordarne le caratteristiche. Per salvare la personalizzazione, cliccare su \u201c<strong>Aggiungi<\/strong>\u201d.<\/p>\n<\/div>\n\n\n\n<div class=\"wp-block-column is-layout-flow wp-block-column-is-layout-flow\"><div class=\"wp-block-image image-interface\">\n<figure class=\"aligncenter size-full is-resized\"><img decoding=\"async\" width=\"926\" height=\"539\" src=\"https:\/\/neuronup.com\/it\/wp-content\/uploads\/2024\/05\/Salva-la-personalizzazione-1.webp\" alt=\"Personalizzare le attivit\u00e0 con NeuronUP. Salva la personalizzazione\" class=\"wp-image-30612\" style=\"width:388px;height:auto\" srcset=\"https:\/\/neuronup.com\/it\/wp-content\/uploads\/2024\/05\/Salva-la-personalizzazione-1-300x175.webp 300w, https:\/\/neuronup.com\/it\/wp-content\/uploads\/2024\/05\/Salva-la-personalizzazione-1-768x447.webp 768w, https:\/\/neuronup.com\/it\/wp-content\/uploads\/2024\/05\/Salva-la-personalizzazione-1.webp 926w\" sizes=\"(max-width: 926px) 100vw, 926px\" \/><\/figure>\n<\/div><\/div>\n<\/div>\n\n\n\n<div style=\"height:50px\" aria-hidden=\"true\" class=\"wp-block-spacer\"><\/div>\n\n\n\n<h3 class=\"wp-block-heading\">5. L&#8217;attivit\u00e0 personalizzata \u00e8 pronta e salvata<\/h3>\n\n\n\n<p>\u00c8 possibile lavorare direttamente con l&#8217;attivit\u00e0 personalizzata.<\/p>\n\n\n\n<div class=\"wp-block-columns is-layout-flex wp-container-core-columns-is-layout-9d6595d7 wp-block-columns-is-layout-flex\">\n<div class=\"wp-block-column is-layout-flow wp-block-column-is-layout-flow\">\n<p>Quando si vorr\u00e0 lavorare con essa in un secondo momento, la si trover\u00e0 nell&#8217;elenco delle personalizzazioni delle attivit\u00e0.<\/p>\n<\/div>\n\n\n\n<div class=\"wp-block-column is-layout-flow wp-block-column-is-layout-flow\"><div class=\"wp-block-image image-interface\">\n<figure class=\"aligncenter size-full\"><img decoding=\"async\" width=\"1046\" height=\"826\" src=\"https:\/\/neuronup.com\/it\/wp-content\/uploads\/2024\/05\/Lattivita-personalizzata-e-pronta-e-salvata-1.webp\" alt=\"L'attivit\u00e0 personalizzata \u00e8 pronta e salvata\" class=\"wp-image-30614\" srcset=\"https:\/\/neuronup.com\/it\/wp-content\/uploads\/2024\/05\/Lattivita-personalizzata-e-pronta-e-salvata-1-300x237.webp 300w, https:\/\/neuronup.com\/it\/wp-content\/uploads\/2024\/05\/Lattivita-personalizzata-e-pronta-e-salvata-1-768x606.webp 768w, https:\/\/neuronup.com\/it\/wp-content\/uploads\/2024\/05\/Lattivita-personalizzata-e-pronta-e-salvata-1-1024x809.webp 1024w, https:\/\/neuronup.com\/it\/wp-content\/uploads\/2024\/05\/Lattivita-personalizzata-e-pronta-e-salvata-1.webp 1046w\" sizes=\"(max-width: 1046px) 100vw, 1046px\" \/><\/figure>\n<\/div><\/div>\n<\/div>\n\n\n\n<div style=\"height:80px\" aria-hidden=\"true\" class=\"wp-block-spacer\"><\/div>\n\n\n\n<div class=\"wp-block-group\"><div class=\"wp-block-group__inner-container is-layout-constrained wp-block-group-is-layout-constrained\">\n<div class=\"wp-block-columns is-layout-flex wp-container-core-columns-is-layout-9d6595d7 wp-block-columns-is-layout-flex\">\n<div class=\"wp-block-column br-0111 p-5 particle-bg anims-fadein-up has-primary-background-color has-background is-layout-flow wp-block-column-is-layout-flow\">\n<h2 class=\"wp-block-heading has-white-color has-text-color has-link-color wp-elements-6f4fe2ad212310641ae59a57160f444f\">Conosci meglio<br><strong>NeuronUP<\/strong><\/h2>\n\n\n\n<div class=\"wp-block-buttons is-layout-flex wp-block-buttons-is-layout-flex\">\n<div class=\"wp-block-button--1\" style=\"--button-outline-color:var(--color-white);--button-outline-color-hover:rgba(0,0,0,0.8);\"><a class=\"wp-block-button__link button button-outline   wp-element-button\" href=\"https:\/\/neuronup.com\/it\/richiesta-di-informazioni\/\">Richiedi informazioni<\/a><\/div>\n\n<\/div>\n<\/div>\n\n\n\n<div class=\"wp-block-column br-0111 p-5 particle-bg anims-fadein-up has-primary-background-color has-background is-layout-flow wp-block-column-is-layout-flow\">\n<h2 class=\"wp-block-heading has-white-color has-text-color\">Prova gratuitamente<\/h2>\n\n\n\n<p class=\"has-white-color has-text-color\">La piattaforma che <strong>pi\u00f9 di 4.500 professionisti<\/strong> utilizzano ogni giorno<\/p>\n\n\n\n<div class=\"wp-block-buttons is-layout-flex wp-block-buttons-is-layout-flex\">\n<div class=\"wp-block-button orange-button\" style=\"--button-background:var(--color-custom-1);--button-background-hover:#cc7e00;\"><a class=\"wp-block-button__link button   wp-element-button\" href=\"https:\/\/neuronup.com\/landing\/landing-it\/\">Richiedi la tua prova<img decoding=\"async\" class=\"wp-image-18719\" style=\"width: 8px;\" src=\"\/it\/wp-content\/uploads\/2022\/v3\/icon_rightArrow-white.svg\"><\/a><\/div>\n\n<\/div>\n<\/div>\n<\/div>\n<\/div><\/div>\n\n\n\n<div style=\"height:80px\" aria-hidden=\"true\" class=\"wp-block-spacer\"><\/div>\n\n\n\n<h2 class=\"wp-block-heading\">Come aggiungere un&#8217;attivit\u00e0 personalizzata a una sessione?<\/h2>\n\n\n\n<p>Le attivit\u00e0 personalizzate possono essere aggiunte alle sessioni di NeuronUP, sia a quelle frontali che a quelle domiciliari. Per fare questo:<\/p>\n\n\n\n<p>1. Andare su \u201cSeduta\u201d, quindi cliccare su \u201cSedute digitali\u201d e su \u201c<strong>Nuova seduta digitale<\/strong>\u201d.<\/p>\n\n\n\n<p>2. Impostare la sessione e aggiungere le attivit\u00e0 facendo clic su di esse.<\/p>\n\n\n\n<p>3. <strong>Scegliete l&#8217;attivit\u00e0 per la quale avete creato una personalizzazione<\/strong>. In questo caso, \u201cOrdina denaro\u201d.<\/p>\n\n\n<div class=\"wp-block-image image-interface\">\n<figure class=\"aligncenter size-large\"><img decoding=\"async\" width=\"1024\" height=\"465\" src=\"https:\/\/neuronup.com\/it\/wp-content\/uploads\/2024\/05\/Scegliete-lattivita-per-la-quale-avete-creato-una-personalizzazione-1024x465.webp\" alt=\"Personalizzare le attivit\u00e0 con NeuronUP. Scegliete l'attivit\u00e0 per la quale avete creato una personalizzazione\" class=\"wp-image-30604\" srcset=\"https:\/\/neuronup.com\/it\/wp-content\/uploads\/2024\/05\/Scegliete-lattivita-per-la-quale-avete-creato-una-personalizzazione-300x136.webp 300w, https:\/\/neuronup.com\/it\/wp-content\/uploads\/2024\/05\/Scegliete-lattivita-per-la-quale-avete-creato-una-personalizzazione-768x348.webp 768w, https:\/\/neuronup.com\/it\/wp-content\/uploads\/2024\/05\/Scegliete-lattivita-per-la-quale-avete-creato-una-personalizzazione-1024x465.webp 1024w, https:\/\/neuronup.com\/it\/wp-content\/uploads\/2024\/05\/Scegliete-lattivita-per-la-quale-avete-creato-una-personalizzazione.webp 1080w\" sizes=\"(max-width: 1024px) 100vw, 1024px\" \/><\/figure>\n<\/div>\n\n\n<p>4. Una volta aggiunta l&#8217;attivit\u00e0, <strong>fare clic su di essa sul lato sinistro dello schermo<\/strong>, come nell&#8217;immagine seguente.<\/p>\n\n\n\n<p>5. Attivare quindi il filtro <strong>\u201cScegli dove iniziare<\/strong>\u201d per visualizzare le diverse personalizzazioni create per questa attivit\u00e0.<br>6. Scegliere la configurazione desiderata. In questo esempio abbiamo scelto \u201cMaria\u201d. In questo modo, il vostro utente acceder\u00e0 con l&#8217;attivit\u00e0 personalizzata.<\/p>\n\n\n<div class=\"wp-block-image image-interface\">\n<figure class=\"aligncenter size-large\"><img decoding=\"async\" width=\"1024\" height=\"466\" src=\"https:\/\/neuronup.com\/it\/wp-content\/uploads\/2024\/05\/Scegli-dove-iniziare-1024x466.webp\" alt=\"Scegli dove iniziare\" class=\"wp-image-30605\" srcset=\"https:\/\/neuronup.com\/it\/wp-content\/uploads\/2024\/05\/Scegli-dove-iniziare-300x137.webp 300w, https:\/\/neuronup.com\/it\/wp-content\/uploads\/2024\/05\/Scegli-dove-iniziare-768x350.webp 768w, https:\/\/neuronup.com\/it\/wp-content\/uploads\/2024\/05\/Scegli-dove-iniziare-1024x466.webp 1024w, https:\/\/neuronup.com\/it\/wp-content\/uploads\/2024\/05\/Scegli-dove-iniziare.webp 1080w\" sizes=\"(max-width: 1024px) 100vw, 1024px\" \/><\/figure>\n<\/div>","protected":false},"excerpt":{"rendered":"<p>\u00bfStai avendo difficolt\u00e0 a mantenere la motivazione dei tuoi utenti? Impieghi ore a creare attivit\u00e0 stimolanti per ognuno di loro? In questo articolo descriviamo i vantaggi di personalizzare le attivit\u00e0 e spieghiamo passo dopo passo come creare attivit\u00e0 personalizzate con NeuronUP. Cos&#8217;\u00e8 un&#8217;attivit\u00e0 personalizzata? Un&#8217;attivit\u00e0 personalizzata \u00e8 un&#8217;attivit\u00e0 che viene modificata per adattarla alle esigenze, &hellip;<\/p>\n","protected":false},"author":7,"featured_media":30587,"parent":21885,"menu_order":0,"comment_status":"closed","ping_status":"closed","template":"","meta":{"_acf_changed":false,"_genesis_hide_title":false,"_genesis_hide_breadcrumbs":false,"_genesis_hide_singular_image":false,"_genesis_hide_footer_widgets":false,"_genesis_custom_body_class":"","_genesis_custom_post_class":"","_genesis_layout":"content-sidebar","footnotes":""},"class_list":{"1":"page","2":"type-page","6":"entry"},"acf":[],"_links":{"self":[{"href":"https:\/\/neuronup.com\/it\/wp-json\/wp\/v2\/pages\/30418","targetHints":{"allow":["GET"]}}],"collection":[{"href":"https:\/\/neuronup.com\/it\/wp-json\/wp\/v2\/pages"}],"about":[{"href":"https:\/\/neuronup.com\/it\/wp-json\/wp\/v2\/types\/page"}],"author":[{"embeddable":true,"href":"https:\/\/neuronup.com\/it\/wp-json\/wp\/v2\/users\/7"}],"replies":[{"embeddable":true,"href":"https:\/\/neuronup.com\/it\/wp-json\/wp\/v2\/comments?post=30418"}],"version-history":[{"count":0,"href":"https:\/\/neuronup.com\/it\/wp-json\/wp\/v2\/pages\/30418\/revisions"}],"up":[{"embeddable":true,"href":"https:\/\/neuronup.com\/it\/wp-json\/wp\/v2\/pages\/21885"}],"wp:featuredmedia":[{"embeddable":true,"href":"https:\/\/neuronup.com\/it\/wp-json\/wp\/v2\/media\/30587"}],"wp:attachment":[{"href":"https:\/\/neuronup.com\/it\/wp-json\/wp\/v2\/media?parent=30418"}],"curies":[{"name":"wp","href":"https:\/\/api.w.org\/{rel}","templated":true}]}}