
{"id":29523,"date":"2024-04-02T11:13:24","date_gmt":"2024-04-02T09:13:24","guid":{"rendered":"https:\/\/neuronup.com\/it\/?page_id=29523"},"modified":"2025-09-05T12:47:34","modified_gmt":"2025-09-05T10:47:34","slug":"soluzioni-per-i-professionisti-della-neuroriabilitazione","status":"publish","type":"page","link":"https:\/\/neuronup.com\/it\/neuronup-applicazione-di-riabilitazione-e-stimolazione-cognitiva-per-professionisti\/soluzioni-per-i-professionisti-della-neuroriabilitazione\/","title":{"rendered":"Soluzioni per i professionisti della neuroriabilitazione"},"content":{"rendered":"\n<div class=\"wp-block-columns is-layout-flex wp-container-core-columns-is-layout-9d6595d7 wp-block-columns-is-layout-flex\">\n<div class=\"wp-block-column is-layout-flow wp-block-column-is-layout-flow\" style=\"flex-basis:66.66%\">\n<h2 class=\"wp-block-heading\">NeuronUP \u00e8 un&#8217;applicazione che <strong>fornisce ai terapisti gli strumenti<\/strong> per raggiungere la massima autonomia funzionale possibile per gli utenti.<\/h2>\n\n\n\n<p>Un intervento terapeutico con NeuronUP permette di lavorare sia a livello cognitivo che comportamentale per ripristinare l&#8217;autostima dell&#8217;utente, potenziare le capacit\u00e0 conservate, ottenere il miglior reinserimento sociale e informare e consigliare l&#8217;ambiente familiare circa l&#8217;evoluzione della persona interessata.<\/p>\n\n\n\n<p>NeuronUP permette di combinare le tecniche di  <strong>riabilitazione convenzionali <\/strong>con l&#8217;introduzione di nuove tecnologie e l&#8217;applicazione di tecniche di <strong>ricerca <\/strong>per migliorare i disturbi neurologici, riducendo al minimo le ripercussioni della patologia sull&#8217;utente e massimizzando i risultati della metodologia terapeutica del professionista per un potenziale recupero.<\/p>\n\n\n\n<div class=\"wp-block-buttons is-layout-flex wp-block-buttons-is-layout-flex\">\n<div class=\"wp-block-button--1\"><a class=\"wp-block-button__link button button-outline wp-element-button\" href=\"https:\/\/neuronup.com\/it\/neuronup-applicazione-di-riabilitazione-e-stimolazione-cognitiva-per-professionisti\/\">Per saperne di pi\u00f9 su NeuronUP<\/a><\/div>\n<\/div>\n<\/div>\n\n\n\n<div class=\"wp-block-column relative is-layout-flow wp-block-column-is-layout-flow\" style=\"flex-basis:33.33%\">\n<figure class=\"wp-block-image size-full absolute-l image-interface animate-scroll\"><img decoding=\"async\" width=\"1899\" height=\"907\" src=\"https:\/\/neuronup.com\/it\/wp-content\/uploads\/2024\/03\/Sedute-digitali-applicazione.webp\" alt=\"\" class=\"wp-image-29532\" srcset=\"https:\/\/neuronup.com\/it\/wp-content\/uploads\/2024\/03\/Sedute-digitali-applicazione-300x143.webp 300w, https:\/\/neuronup.com\/it\/wp-content\/uploads\/2024\/03\/Sedute-digitali-applicazione-768x367.webp 768w, https:\/\/neuronup.com\/it\/wp-content\/uploads\/2024\/03\/Sedute-digitali-applicazione-1024x489.webp 1024w, https:\/\/neuronup.com\/it\/wp-content\/uploads\/2024\/03\/Sedute-digitali-applicazione-1536x734.webp 1536w, https:\/\/neuronup.com\/it\/wp-content\/uploads\/2024\/03\/Sedute-digitali-applicazione.webp 1899w\" sizes=\"(max-width: 1899px) 100vw, 1899px\" \/><\/figure>\n<\/div>\n<\/div>\n\n\n\n<div style=\"height:100px\" aria-hidden=\"true\" class=\"wp-block-spacer\"><\/div>\n\n\n\n<div class=\"wp-block-columns is-layout-flex wp-container-core-columns-is-layout-9d6595d7 wp-block-columns-is-layout-flex\">\n<div class=\"wp-block-column image-interface p-5 is-layout-flow wp-block-column-is-layout-flow\">\n<h4 class=\"wp-block-heading\">NeuronUP University<\/h4>\n\n\n\n<p><strong>Metti la tua universit\u00e0 in prima linea<\/strong> nell&#8217;istruzione e <strong>forma i futuri professionisti della salute mentale <\/strong>con il nostro strumento.<\/p>\n\n\n\n<div class=\"wp-block-buttons is-layout-flex wp-block-buttons-is-layout-flex\">\n<div class=\"wp-block-button--2\"><a class=\"wp-block-button__link button button-outline wp-element-button\" href=\"https:\/\/neuronup.com\/it\/soluzioni-di-neuroriabilitazione\/universita\/\">Scopri i vantaggi per la tua universit\u00e0<\/a><\/div>\n<\/div>\n<\/div>\n\n\n\n<div class=\"wp-block-column image-interface p-5 is-layout-flow wp-block-column-is-layout-flow\">\n<h4 class=\"wp-block-heading\">NeuronUP School<\/h4>\n\n\n\n<p>Offri <strong>valore aggiunto<\/strong> ai tuoi insegnanti e studenti, <strong>occupandoti dei problemi di apprendimento <\/strong>dei tuoi studenti.<\/p>\n\n\n\n<div class=\"wp-block-buttons is-layout-flex wp-block-buttons-is-layout-flex\">\n<div class=\"wp-block-button--3\"><a class=\"wp-block-button__link button button-outline wp-element-button\" href=\"https:\/\/neuronup.com\/it\/soluzioni-di-neuroriabilitazione\/scuole\/\">Consulta le nostre opzioni per le scuole<\/a><\/div>\n<\/div>\n<\/div>\n<\/div>\n\n\n\n<div class=\"wp-block-group alignfull back-blue has-alt-background-color has-background has-light-background has-lg-padding-top has-lg-padding-bottom has-xxxxl-margin-top\"><div class=\"wp-block-group__inner-container is-layout-flow wp-block-group-is-layout-flow\">\n<h2 class=\"wp-block-heading has-text-align-center\">Prodotti di NeuronUP<\/h2>\n\n\n\n<div style=\"height:100px\" aria-hidden=\"true\" class=\"wp-block-spacer\"><\/div>\n\n\n\n<div class=\"wp-block-columns is-layout-flex wp-container-core-columns-is-layout-9d6595d7 wp-block-columns-is-layout-flex\">\n<div class=\"wp-block-column is-vertically-aligned-center is-layout-flow wp-block-column-is-layout-flow\">\n<div class=\"wp-block-group\"><div class=\"wp-block-group__inner-container is-layout-flow wp-block-group-is-layout-flow\">\n<figure class=\"wp-block-gallery has-nested-images columns-2 is-cropped image-interface-gallery animate-scroll-left wp-block-gallery-4 is-layout-flex wp-block-gallery-is-layout-flex\">\n<figure class=\"wp-block-image size-large\"><img decoding=\"async\" width=\"1024\" height=\"576\" data-id=\"32560\" src=\"https:\/\/neuronup.com\/it\/wp-content\/uploads\/2025\/03\/Post-it-ordinati-1024x576.webp\" alt=\"Post-it ordinati\" class=\"wp-image-32560\" srcset=\"https:\/\/neuronup.com\/it\/wp-content\/uploads\/2025\/03\/Post-it-ordinati-300x169.webp 300w, https:\/\/neuronup.com\/it\/wp-content\/uploads\/2025\/03\/Post-it-ordinati-768x432.webp 768w, https:\/\/neuronup.com\/it\/wp-content\/uploads\/2025\/03\/Post-it-ordinati-1024x576.webp 1024w, https:\/\/neuronup.com\/it\/wp-content\/uploads\/2025\/03\/Post-it-ordinati.webp 1200w\" sizes=\"(max-width: 1024px) 100vw, 1024px\" \/><\/figure>\n\n\n\n<figure class=\"wp-block-image size-large\"><img decoding=\"async\" width=\"1024\" height=\"576\" data-id=\"32561\" src=\"https:\/\/neuronup.com\/it\/wp-content\/uploads\/2025\/03\/Consegna-a-domicilio-1024x576.webp\" alt=\"Consegna a domicilio\" class=\"wp-image-32561\" srcset=\"https:\/\/neuronup.com\/it\/wp-content\/uploads\/2025\/03\/Consegna-a-domicilio-300x169.webp 300w, https:\/\/neuronup.com\/it\/wp-content\/uploads\/2025\/03\/Consegna-a-domicilio-768x432.webp 768w, https:\/\/neuronup.com\/it\/wp-content\/uploads\/2025\/03\/Consegna-a-domicilio-1024x576.webp 1024w, https:\/\/neuronup.com\/it\/wp-content\/uploads\/2025\/03\/Consegna-a-domicilio.webp 1200w\" sizes=\"(max-width: 1024px) 100vw, 1024px\" \/><\/figure>\n\n\n\n<figure class=\"wp-block-image size-large\"><img decoding=\"async\" width=\"1024\" height=\"576\" data-id=\"32562\" src=\"https:\/\/neuronup.com\/it\/wp-content\/uploads\/2025\/03\/Numeri-irrequieti-1024x576.webp\" alt=\"Numeri irrequieti\" class=\"wp-image-32562\" srcset=\"https:\/\/neuronup.com\/it\/wp-content\/uploads\/2025\/03\/Numeri-irrequieti-300x169.webp 300w, https:\/\/neuronup.com\/it\/wp-content\/uploads\/2025\/03\/Numeri-irrequieti-768x432.webp 768w, https:\/\/neuronup.com\/it\/wp-content\/uploads\/2025\/03\/Numeri-irrequieti-1024x576.webp 1024w, https:\/\/neuronup.com\/it\/wp-content\/uploads\/2025\/03\/Numeri-irrequieti.webp 1200w\" sizes=\"(max-width: 1024px) 100vw, 1024px\" \/><\/figure>\n\n\n\n<figure class=\"wp-block-image size-large\"><img decoding=\"async\" width=\"1024\" height=\"576\" data-id=\"32563\" src=\"https:\/\/neuronup.com\/it\/wp-content\/uploads\/2025\/03\/Intrecciati-1024x576.webp\" alt=\"\" class=\"wp-image-32563\" srcset=\"https:\/\/neuronup.com\/it\/wp-content\/uploads\/2025\/03\/Intrecciati-300x169.webp 300w, https:\/\/neuronup.com\/it\/wp-content\/uploads\/2025\/03\/Intrecciati-768x432.webp 768w, https:\/\/neuronup.com\/it\/wp-content\/uploads\/2025\/03\/Intrecciati-1024x576.webp 1024w, https:\/\/neuronup.com\/it\/wp-content\/uploads\/2025\/03\/Intrecciati.webp 1200w\" sizes=\"(max-width: 1024px) 100vw, 1024px\" \/><\/figure>\n<\/figure>\n<\/div><\/div>\n<\/div>\n\n\n\n<div class=\"wp-block-column is-vertically-aligned-center is-layout-flow wp-block-column-is-layout-flow\">\n<h3 class=\"wp-block-heading\">Piano di attivit\u00e0 digitali Kids<\/h3>\n\n\n\n<p>Centinaia di attivit\u00e0 di stimolazione cognitiva pensate appositamente per i bambini, sviluppate da psicologi, logopedisti ed educatori, focalizzate su ADHD, disturbi dell&#8217;apprendimento e altri disturbi del neurosviluppo.<\/p>\n\n\n\n<p class=\"has-sm-font-size\">Esercizi pensati appositamente per i bambini, con ampia diversificazione per livelli. Particolare enfasi \u00e8 stata posta sulla creazione di attivit\u00e0 di allenamento cerebrale che aumentino la motivazione durante lo svolgimento della riabilitazione cognitiva, come punto di partenza per aumentare il coinvolgimento del bambino utente. NeuronUP Kids offre giochi di stimolazione cognitiva specializzati e interattivi per lavorare su disabilit\u00e0 intellettive, ADHD, autismo, vari disturbi dell&#8217;apprendimento come dislessia, disgrafia, discalculia, disturbi di espressione e comprensione e altri disturbi della comunicazione.<\/p>\n\n\n\n<div class=\"wp-block-buttons is-layout-flex wp-block-buttons-is-layout-flex\">\n<div class=\"wp-block-button--5\"><a class=\"wp-block-button__link button button-outline wp-element-button\" href=\"https:\/\/neuronup.com\/it\/landing\/\">Voglio provare questo piano<\/a><\/div>\n<\/div>\n<\/div>\n<\/div>\n\n\n\n<div style=\"height:100px\" aria-hidden=\"true\" class=\"wp-block-spacer\"><\/div>\n\n\n\n<div class=\"wp-block-columns is-layout-flex wp-container-core-columns-is-layout-9d6595d7 wp-block-columns-is-layout-flex\">\n<div class=\"wp-block-column is-vertically-aligned-center is-layout-flow wp-block-column-is-layout-flow\">\n<h3 class=\"wp-block-heading\"><meta charset=\"utf-8\">Piano di attivit\u00e0 digitali Adulti<\/h3>\n\n\n\n<p>Centinaia di attivit\u00e0 ad alto valore ecologico sviluppate da neuropsicologi e terapisti occupazionali progettate per lavorare su danni cerebrali, malattie mentali, invecchiamento sano e malattie neurodegenerative come la sclerosi multipla, il Parkinson o l&#8217;Alzheimer.<\/p>\n\n\n\n<p class=\"has-sm-font-size\">Esercizi per la memoria, l&#8217;attenzione, il linguaggio, l&#8217;orientamento, la cognizione sociale, le prassie, le abilit\u00e0 visuospaziali, le funzioni esecutive e altre funzioni cognitive, la stragrande maggioranza dei quali basati su attivit\u00e0 della vita quotidiana che mirano alla riabilitazione cognitiva funzionale, e centinaia di risorse aggiuntive. Dispone di un\u2019enorme variet\u00e0 di attivit\u00e0 di stimolazione cerebrale con supporto tecnico continuo, che consentir\u00e0 ai professionisti di risparmiare tempo e denaro e render\u00e0 NeuronUP il miglior strumento di riabilitazione cognitiva professionale con implementazione in 12 paesi.<\/p>\n\n\n\n<div class=\"wp-block-buttons is-layout-flex wp-block-buttons-is-layout-flex\">\n<div class=\"wp-block-button--6\"><a class=\"wp-block-button__link button button-outline wp-element-button\" href=\"https:\/\/neuronup.com\/it\/landing\/\"><meta charset=\"utf-8\">Voglio provare questo piano<\/a><\/div>\n<\/div>\n<\/div>\n\n\n\n<div class=\"wp-block-column is-vertically-aligned-center is-layout-flow wp-block-column-is-layout-flow\">\n<figure class=\"wp-block-gallery has-nested-images columns-2 is-cropped image-interface-gallery animate-scroll-right wp-block-gallery-7 is-layout-flex wp-block-gallery-is-layout-flex\">\n<figure class=\"wp-block-image size-large\"><img decoding=\"async\" width=\"1024\" height=\"576\" data-id=\"32564\" src=\"https:\/\/neuronup.com\/it\/wp-content\/uploads\/2025\/03\/Scoprire-il-pezzo-mancante-1024x576.webp\" alt=\"Scoprire il pezzo mancante\" class=\"wp-image-32564\" srcset=\"https:\/\/neuronup.com\/it\/wp-content\/uploads\/2025\/03\/Scoprire-il-pezzo-mancante-300x169.webp 300w, https:\/\/neuronup.com\/it\/wp-content\/uploads\/2025\/03\/Scoprire-il-pezzo-mancante-768x432.webp 768w, https:\/\/neuronup.com\/it\/wp-content\/uploads\/2025\/03\/Scoprire-il-pezzo-mancante-1024x576.webp 1024w, https:\/\/neuronup.com\/it\/wp-content\/uploads\/2025\/03\/Scoprire-il-pezzo-mancante.webp 1200w\" sizes=\"(max-width: 1024px) 100vw, 1024px\" \/><\/figure>\n\n\n\n<figure class=\"wp-block-image size-large\"><img decoding=\"async\" width=\"1024\" height=\"576\" data-id=\"32565\" src=\"https:\/\/neuronup.com\/it\/wp-content\/uploads\/2025\/03\/Contare-i-suoni-1024x576.webp\" alt=\"Contare i suoni\" class=\"wp-image-32565\" srcset=\"https:\/\/neuronup.com\/it\/wp-content\/uploads\/2025\/03\/Contare-i-suoni-300x169.webp 300w, https:\/\/neuronup.com\/it\/wp-content\/uploads\/2025\/03\/Contare-i-suoni-768x432.webp 768w, https:\/\/neuronup.com\/it\/wp-content\/uploads\/2025\/03\/Contare-i-suoni-1024x576.webp 1024w, https:\/\/neuronup.com\/it\/wp-content\/uploads\/2025\/03\/Contare-i-suoni.webp 1200w\" sizes=\"(max-width: 1024px) 100vw, 1024px\" \/><\/figure>\n\n\n\n<figure class=\"wp-block-image size-large\"><img decoding=\"async\" width=\"1024\" height=\"576\" data-id=\"32566\" src=\"https:\/\/neuronup.com\/it\/wp-content\/uploads\/2025\/03\/Colpisi-la-palla-1024x576.webp\" alt=\"Colpisi la palla\" class=\"wp-image-32566\" srcset=\"https:\/\/neuronup.com\/it\/wp-content\/uploads\/2025\/03\/Colpisi-la-palla-300x169.webp 300w, https:\/\/neuronup.com\/it\/wp-content\/uploads\/2025\/03\/Colpisi-la-palla-768x432.webp 768w, https:\/\/neuronup.com\/it\/wp-content\/uploads\/2025\/03\/Colpisi-la-palla-1024x576.webp 1024w, https:\/\/neuronup.com\/it\/wp-content\/uploads\/2025\/03\/Colpisi-la-palla.webp 1200w\" sizes=\"(max-width: 1024px) 100vw, 1024px\" \/><\/figure>\n\n\n\n<figure class=\"wp-block-image size-large\"><img decoding=\"async\" width=\"1024\" height=\"576\" data-id=\"32567\" src=\"https:\/\/neuronup.com\/it\/wp-content\/uploads\/2025\/03\/Acchiappa-la-talpa-1024x576.webp\" alt=\"\" class=\"wp-image-32567\" srcset=\"https:\/\/neuronup.com\/it\/wp-content\/uploads\/2025\/03\/Acchiappa-la-talpa-300x169.webp 300w, https:\/\/neuronup.com\/it\/wp-content\/uploads\/2025\/03\/Acchiappa-la-talpa-768x432.webp 768w, https:\/\/neuronup.com\/it\/wp-content\/uploads\/2025\/03\/Acchiappa-la-talpa-1024x576.webp 1024w, https:\/\/neuronup.com\/it\/wp-content\/uploads\/2025\/03\/Acchiappa-la-talpa.webp 1200w\" sizes=\"(max-width: 1024px) 100vw, 1024px\" \/><\/figure>\n<\/figure>\n<\/div>\n<\/div>\n\n\n\n<div style=\"height:100px\" aria-hidden=\"true\" class=\"wp-block-spacer\"><\/div>\n\n\n\n<div class=\"wp-block-columns is-layout-flex wp-container-core-columns-is-layout-9d6595d7 wp-block-columns-is-layout-flex\">\n<div class=\"wp-block-column is-vertically-aligned-center is-layout-flow wp-block-column-is-layout-flow\">\n<figure class=\"wp-block-image size-full is-resized w-100\"><img decoding=\"async\" width=\"512\" height=\"388\" src=\"https:\/\/neuronup.com\/it\/wp-content\/uploads\/2025\/03\/home-sessions.webp\" alt=\"NeuronUP 2GO per lavorare ovunque\" class=\"wp-image-32568\" style=\"width:512px;height:388px\" srcset=\"https:\/\/neuronup.com\/it\/wp-content\/uploads\/2025\/03\/home-sessions-300x227.webp 300w, https:\/\/neuronup.com\/it\/wp-content\/uploads\/2025\/03\/home-sessions.webp 512w\" sizes=\"(max-width: 512px) 100vw, 512px\" \/><\/figure>\n<\/div>\n\n\n\n<div class=\"wp-block-column is-vertically-aligned-center is-layout-flow wp-block-column-is-layout-flow\">\n<h3 class=\"wp-block-heading\">NeuronUP 2GO per lavorare ovunque<\/h3>\n\n\n\n<p>NeuronUP2GO propone sedute di NeuronUP personalizzate che permettono agli utenti di svolgere comodamente da casa gli esercizi di stimolazione cognitiva programmati dal terapista.<\/p>\n\n\n\n<p>Il professionista avr\u00e0 un resoconto dei risultati degli esercizi di ciascun utente e potr\u00e0 espandere la capacit\u00e0 del proprio centro, gestendo la riabilitazione cognitiva di utenti che si trovano in qualsiasi parte del mondo.<\/p>\n\n\n\n<p>Con NeuronUP2GO non sar\u00e0 necessario interrompere il trattamento per nessun motivo, poich\u00e9 il professionista potr\u00e0 programmare le sedute in modo che l&#8217;utente segua regolarmente il proprio trattamento neuroriabilitativo con gli esercizi NeuronUP.<\/p>\n\n\n\n<p>Per utilizzare NeuronUP2GO \u00e8 necessario aver precedentemente sottoscritto uno dei piani di attivit\u00e0 Kids e\/o Adulti.<\/p>\n\n\n\n<div class=\"wp-block-buttons is-layout-flex wp-block-buttons-is-layout-flex\">\n<div class=\"wp-block-button--8\"><a class=\"wp-block-button__link button button-outline wp-element-button\" href=\"https:\/\/neuronup.com\/it\/landing\/\"><meta charset=\"utf-8\">Voglio provare a lavorare a distanza<\/a><\/div>\n<\/div>\n<\/div>\n<\/div>\n\n\n\n<div style=\"height:100px\" aria-hidden=\"true\" class=\"wp-block-spacer\"><\/div>\n\n\n\n<div class=\"wp-block-columns is-layout-flex wp-container-core-columns-is-layout-9d6595d7 wp-block-columns-is-layout-flex\">\n<div class=\"wp-block-column is-vertically-aligned-center is-layout-flow wp-block-column-is-layout-flow\">\n<h3 class=\"wp-block-heading\">Piano di attivit\u00e0 su carta<\/h3>\n\n\n\n<p>NeuronUP \u00e8 una piattaforma multiformato che dispone di centinaia di schede di lavoro cartacee e generatori di esercizi appositamente progettati per quegli utenti che hanno difficolt\u00e0 a lavorare con gli schermi.<\/p>\n\n\n\n<p class=\"has-sm-font-size\">In questo modo, il professionista potr\u00e0 adattare l&#8217;interfaccia degli esercizi del proprio intervento alla tecnologia che meglio si adatta alla riabilitazione cognitiva richiesta dai suoi pazienti.<\/p>\n\n\n\n<div class=\"wp-block-buttons is-layout-flex wp-block-buttons-is-layout-flex\">\n<div class=\"wp-block-button--9\"><a class=\"wp-block-button__link button button-outline wp-element-button\" href=\"https:\/\/neuronup.com\/it\/landing\/\">Voglio acquistare questo piano<\/a><\/div>\n<\/div>\n<\/div>\n\n\n\n<div class=\"wp-block-column is-vertically-aligned-center is-layout-flow wp-block-column-is-layout-flow\">\n<figure class=\"wp-block-image size-large\"><img decoding=\"async\" src=\"https:\/\/neuronup.com\/wp-content\/uploads\/2021\/10\/fichas-de-papel-para-neurorrehabilitacion-1024x597.webp\" alt=\"fichas de papel para neurorrehabilitaci\u00f3n\"><\/figure>\n<\/div>\n<\/div>\n<\/div><\/div>\n\n\n\n\n<div style=\"height:100px\" aria-hidden=\"true\" class=\"wp-block-spacer\"><\/div>\n\n\n\n<div class=\"wp-block-columns is-layout-flex wp-container-core-columns-is-layout-9d6595d7 wp-block-columns-is-layout-flex\">\n<div class=\"wp-block-column is-layout-flow wp-block-column-is-layout-flow\">\n<h2 class=\"wp-block-heading\">Vantaggi per i professionisti<\/h2>\n\n\n\n<ul class=\"wp-block-list\">\n<li>Risparmio di tempo nella pianificazione delle sedute di trattamento.<\/li>\n\n\n\n<li>Attivit\u00e0 sviluppate e classificate sulla base di <strong>evidenze cliniche <\/strong>e <strong>neuroscientifiche<\/strong>.<\/li>\n\n\n\n<li>Materiale numeroso e vario per rendere pi\u00f9 completo il percorso riabilitativo\/di stimolazione.<\/li>\n\n\n\n<li>Possibilit\u00e0 di elevata personalizzazione per rendere i compiti pi\u00f9 ecologici e adattarli alle esigenze specifiche di ciascun soggetto.<\/li>\n\n\n\n<li>Accesso da qualsiasi punto dotato di internet (sistema Cloud Computing). Non \u00e8 richiesta alcuna installazione e gli aggiornamenti sono disponibili in tempo reale.<\/li>\n\n\n\n<li>Gestore dei risultati dove salvare e consultare velocemente l&#8217;evoluzione del soggetto.<\/li>\n\n\n\n<li>Comunicazione tra professionisti che <strong>facilita lo scambio di idee e materiali.<\/strong><\/li>\n\n\n\n<li>Aumenta la capacit\u00e0 della tua attivit\u00e0 fornendo interventi terapeutici agli utenti situati in qualsiasi parte del mondo.<\/li>\n<\/ul>\n<\/div>\n\n\n\n<div class=\"wp-block-column is-layout-flow wp-block-column-is-layout-flow\">\n<h2 class=\"wp-block-heading\">Benefici per le persone colpite<\/h2>\n\n\n\n<ul class=\"wp-block-list\">\n<li>Intervento personalizzato adattato ad ogni persona e alle sue esigenze.<\/li>\n\n\n\n<li>Formazione su attivit\u00e0 della vita quotidiana utili.<\/li>\n\n\n\n<li>Materiale numeroso e vario sviluppato da professionisti.<\/li>\n\n\n\n<li>Contenuti motivanti con un design accurato e adattato all&#8217;et\u00e0.<\/li>\n\n\n\n<li>Formato cartaceo e digitale.<\/li>\n\n\n\n<li>Possibilit\u00e0 di proseguire il trattamento svolgendo attivit\u00e0 a domicilio con NeuronUP2GO (sempre preventivamente programmate dal professionista).<\/li>\n<\/ul>\n<\/div>\n<\/div>\n","protected":false},"excerpt":{"rendered":"<p>NeuronUP \u00e8 un&#8217;applicazione che fornisce ai terapisti gli strumenti per raggiungere la massima autonomia funzionale possibile per gli utenti. Un intervento terapeutico con NeuronUP permette di lavorare sia a livello cognitivo che comportamentale per ripristinare l&#8217;autostima dell&#8217;utente, potenziare le capacit\u00e0 conservate, ottenere il miglior reinserimento sociale e informare e consigliare l&#8217;ambiente familiare circa l&#8217;evoluzione della &hellip;<\/p>\n","protected":false},"author":3,"featured_media":0,"parent":29527,"menu_order":0,"comment_status":"closed","ping_status":"closed","template":"","meta":{"_acf_changed":false,"_genesis_hide_title":false,"_genesis_hide_breadcrumbs":false,"_genesis_hide_singular_image":false,"_genesis_hide_footer_widgets":false,"_genesis_custom_body_class":"","_genesis_custom_post_class":"","_genesis_layout":"","footnotes":""},"class_list":{"1":"page","2":"type-page","5":"entry"},"acf":[],"_links":{"self":[{"href":"https:\/\/neuronup.com\/it\/wp-json\/wp\/v2\/pages\/29523","targetHints":{"allow":["GET"]}}],"collection":[{"href":"https:\/\/neuronup.com\/it\/wp-json\/wp\/v2\/pages"}],"about":[{"href":"https:\/\/neuronup.com\/it\/wp-json\/wp\/v2\/types\/page"}],"author":[{"embeddable":true,"href":"https:\/\/neuronup.com\/it\/wp-json\/wp\/v2\/users\/3"}],"replies":[{"embeddable":true,"href":"https:\/\/neuronup.com\/it\/wp-json\/wp\/v2\/comments?post=29523"}],"version-history":[{"count":0,"href":"https:\/\/neuronup.com\/it\/wp-json\/wp\/v2\/pages\/29523\/revisions"}],"up":[{"embeddable":true,"href":"https:\/\/neuronup.com\/it\/wp-json\/wp\/v2\/pages\/29527"}],"wp:attachment":[{"href":"https:\/\/neuronup.com\/it\/wp-json\/wp\/v2\/media?parent=29523"}],"curies":[{"name":"wp","href":"https:\/\/api.w.org\/{rel}","templated":true}]}}