
{"id":28959,"date":"2025-08-12T14:27:41","date_gmt":"2025-08-12T12:27:41","guid":{"rendered":"https:\/\/neuronup.com\/it\/?page_id=28959"},"modified":"2025-09-17T20:17:59","modified_gmt":"2025-09-17T18:17:59","slug":"download","status":"publish","type":"page","link":"https:\/\/neuronup.com\/it\/download\/","title":{"rendered":"Ebook, guide, modelli e altro ancora per aiutarti a crescere come professionista"},"content":{"rendered":"\n<div class=\"wp-block-cover alignfull has-lg-content-width has-md-padding-top has-md-padding-bottom has-xs-padding-left has-xs-padding-right\"><span aria-hidden=\"true\" class=\"wp-block-cover__background has-primary-background-color has-background-dim-100 has-background-dim\"><\/span><div class=\"wp-block-cover__inner-container is-layout-constrained wp-block-cover-is-layout-constrained\">\n<h1 class=\"wp-block-heading has-text-align-center\">Ebook, guide, modelli e molto altro materiale per aiutarti a crescere come professionista<\/h1>\n<\/div><\/div>\n\n\n\n<div style=\"height:100px\" aria-hidden=\"true\" class=\"wp-block-spacer\"><\/div>\n\n\n\n<div class=\"wp-block-columns is-layout-flex wp-container-core-columns-is-layout-9d6595d7 wp-block-columns-is-layout-flex\">\n<div class=\"wp-block-column testimonial-block br-0010 is-layout-flow wp-block-column-is-layout-flow\">\n<p class=\"has-text-align-center has-primary-color has-text-color has-link-color wp-elements-426114f8f80c67b4398e06caf45c5127\"><strong><strong><strong>ATTIVIT\u00c0<\/strong> <strong>DI STIMOLAZIONE<\/strong><\/strong><\/strong><\/p>\n\n\n\n<figure class=\"wp-block-image size-full\"><img decoding=\"async\" width=\"500\" height=\"500\" src=\"https:\/\/neuronup.com\/it\/wp-content\/uploads\/2025\/08\/Download-Top-Attivita-06.webp\" alt=\"Download-Top-Attivit\u00e0-06\" class=\"wp-image-41519\" srcset=\"https:\/\/neuronup.com\/it\/wp-content\/uploads\/2025\/08\/Download-Top-Attivita-06-80x80.webp 80w, https:\/\/neuronup.com\/it\/wp-content\/uploads\/2025\/08\/Download-Top-Attivita-06-150x150.webp 150w, https:\/\/neuronup.com\/it\/wp-content\/uploads\/2025\/08\/Download-Top-Attivita-06-300x300.webp 300w, https:\/\/neuronup.com\/it\/wp-content\/uploads\/2025\/08\/Download-Top-Attivita-06.webp 500w\" sizes=\"(max-width: 500px) 100vw, 500px\" \/><\/figure>\n\n\n\n<h3 class=\"wp-block-heading has-text-align-center\">Le attivit\u00e0 di stimolazione pi\u00f9 utilizzate nel 2025<\/h3>\n\n\n\n<p class=\"has-text-align-center\">Ottieni subito le risorse pi\u00f9 utilizzate ogni giorno da migliaia di professionisti per lavorare con adulti e bambini.<\/p>\n\n\n\n<div style=\"height:10px\" aria-hidden=\"true\" class=\"wp-block-spacer\"><\/div>\n\n\n\n<div class=\"wp-block-buttons is-content-justification-center is-layout-flex wp-container-core-buttons-is-layout-16018d1d wp-block-buttons-is-layout-flex\">\n<div class=\"wp-block-button\"><a class=\"wp-block-button__link button has-text-align-center wp-element-button\" href=\"https:\/\/neuronup.com\/redirect\/?target=typeform\/2025IT?utm_first_source=Web&amp;utm_first_campaign_name=Worksheets_2025_activities\" target=\"_blank\" rel=\"nofollow\"><strong>Scaricare attivit\u00e0<\/strong><\/a><\/div>\n<\/div>\n<\/div>\n\n\n\n<div class=\"wp-block-column testimonial-block br-0010 is-layout-flow wp-block-column-is-layout-flow\">\n<p class=\"has-text-align-center has-primary-color has-text-color has-link-color wp-elements-2e14f9d6b98692d5f638dcdb0d87e4a7\"><strong>INTERVENTO<\/strong><\/p>\n\n\n\n<figure class=\"wp-block-image size-full\"><img decoding=\"async\" width=\"834\" height=\"834\" src=\"https:\/\/neuronup.com\/it\/wp-content\/uploads\/2025\/08\/AFA-RIOJA.webp\" alt=\"Programma di stimolazione cognitiva per persone con Alzheimer\" class=\"wp-image-41507\" srcset=\"https:\/\/neuronup.com\/it\/wp-content\/uploads\/2025\/08\/AFA-RIOJA-80x80.webp 80w, https:\/\/neuronup.com\/it\/wp-content\/uploads\/2025\/08\/AFA-RIOJA-150x150.webp 150w, https:\/\/neuronup.com\/it\/wp-content\/uploads\/2025\/08\/AFA-RIOJA-300x300.webp 300w, https:\/\/neuronup.com\/it\/wp-content\/uploads\/2025\/08\/AFA-RIOJA-768x768.webp 768w, https:\/\/neuronup.com\/it\/wp-content\/uploads\/2025\/08\/AFA-RIOJA.webp 834w\" sizes=\"(max-width: 834px) 100vw, 834px\" \/><\/figure>\n\n\n\n<h3 class=\"wp-block-heading has-text-align-center\">Programma di stimolazione cognitiva per persone con Alzheimer<\/h3>\n\n\n\n<p class=\"has-text-align-center\">Ottieni un programma di stimolazione cognitiva per persone con Alzheimer grazie alla testimonianza di AFA Rioja. <\/p>\n\n\n\n<div style=\"height:10px\" aria-hidden=\"true\" class=\"wp-block-spacer\"><\/div>\n\n\n\n<div class=\"wp-block-buttons is-content-justification-center is-layout-flex wp-container-core-buttons-is-layout-16018d1d wp-block-buttons-is-layout-flex\">\n<div class=\"wp-block-button\"><a class=\"wp-block-button__link button has-text-align-center wp-element-button\" href=\"https:\/\/neuronup.com\/redirect\/?target=typeform\/afariojait?utm_first_source=Web&amp;utm_first_campaign_name=Use_case_afarioja\" target=\"_blank\" rel=\"nofollow noreferrer noopener\"><strong>Scaricare guida<\/strong><\/a><\/div>\n<\/div>\n<\/div>\n\n\n\n<div class=\"wp-block-column testimonial-block br-0010 is-layout-flow wp-block-column-is-layout-flow\">\n<p class=\"has-text-align-center has-primary-color has-text-color has-link-color wp-elements-f998de417fc1460ec0829beb7873a20a\"><strong>PARKINSON<\/strong><\/p>\n\n\n\n<figure class=\"wp-block-image size-full\"><img decoding=\"async\" width=\"400\" height=\"400\" src=\"https:\/\/neuronup.com\/it\/wp-content\/uploads\/2025\/08\/Download_LM-di-Parkinson_guida.webp\" alt=\"Sessioni cognitive per il Parkinson\" class=\"wp-image-41515\" srcset=\"https:\/\/neuronup.com\/it\/wp-content\/uploads\/2025\/08\/Download_LM-di-Parkinson_guida-80x80.webp 80w, https:\/\/neuronup.com\/it\/wp-content\/uploads\/2025\/08\/Download_LM-di-Parkinson_guida-150x150.webp 150w, https:\/\/neuronup.com\/it\/wp-content\/uploads\/2025\/08\/Download_LM-di-Parkinson_guida-300x300.webp 300w, https:\/\/neuronup.com\/it\/wp-content\/uploads\/2025\/08\/Download_LM-di-Parkinson_guida.webp 400w\" sizes=\"(max-width: 400px) 100vw, 400px\" \/><\/figure>\n\n\n\n<h3 class=\"wp-block-heading has-text-align-center\">Sessioni cognitive per il Parkinson<\/h3>\n\n\n\n<p class=\"has-text-align-center\">Scopri come progettare sessioni cognitive efficaci per lavorare con persone con Parkinson.<\/p>\n\n\n\n<div style=\"height:10px\" aria-hidden=\"true\" class=\"wp-block-spacer\"><\/div>\n\n\n\n<div class=\"wp-block-buttons is-content-justification-center is-layout-flex wp-container-core-buttons-is-layout-16018d1d wp-block-buttons-is-layout-flex\">\n<div class=\"wp-block-button\"><a class=\"wp-block-button__link button has-text-align-center wp-element-button\" href=\"https:\/\/neuronup.com\/redirect\/?target=typeform\/parkinsonit?utm_first_source=Web&amp;utm_first_campaign_name=Parkinson_guide\" target=\"_blank\" rel=\"nofollow\"><strong>Scaricare guida<\/strong><\/a><\/div>\n<\/div>\n<\/div>\n<\/div>\n\n\n\n<div style=\"height:100px\" aria-hidden=\"true\" class=\"wp-block-spacer\"><\/div>\n\n\n\n<div class=\"wp-block-columns is-layout-flex wp-container-core-columns-is-layout-9d6595d7 wp-block-columns-is-layout-flex\">\n<div class=\"wp-block-column is-vertically-aligned-stretch testimonial-block br-0010 is-layout-flow wp-block-column-is-layout-flow\">\n<p class=\"has-text-align-center has-primary-color has-text-color has-link-color wp-elements-2e14f9d6b98692d5f638dcdb0d87e4a7\"><strong>INTERVENTO<\/strong><\/p>\n\n\n\n<figure class=\"wp-block-image size-full\"><img decoding=\"async\" width=\"834\" height=\"834\" src=\"https:\/\/neuronup.com\/it\/wp-content\/uploads\/2025\/08\/Neurolleida.webp\" alt=\"4 programmi di riabilitazione neuropsicologica\" class=\"wp-image-41504\" srcset=\"https:\/\/neuronup.com\/it\/wp-content\/uploads\/2025\/08\/Neurolleida-80x80.webp 80w, https:\/\/neuronup.com\/it\/wp-content\/uploads\/2025\/08\/Neurolleida-150x150.webp 150w, https:\/\/neuronup.com\/it\/wp-content\/uploads\/2025\/08\/Neurolleida-300x300.webp 300w, https:\/\/neuronup.com\/it\/wp-content\/uploads\/2025\/08\/Neurolleida-768x768.webp 768w, https:\/\/neuronup.com\/it\/wp-content\/uploads\/2025\/08\/Neurolleida.webp 834w\" sizes=\"(max-width: 834px) 100vw, 834px\" \/><\/figure>\n\n\n\n<h3 class=\"wp-block-heading has-text-align-center\">4 programmi di riabilitazione neuropsicologica<\/h3>\n\n\n\n<p class=\"has-text-align-center\">Ottieni 4 programmi di riabilitazione neuropsicologica grazie ai professionisti di Neurolleida. <\/p>\n\n\n\n<div style=\"height:10px\" aria-hidden=\"true\" class=\"wp-block-spacer\"><\/div>\n\n\n\n<div class=\"wp-block-buttons is-content-justification-center is-layout-flex wp-container-core-buttons-is-layout-5e6b19ed wp-block-buttons-is-layout-flex\">\n<div class=\"wp-block-button\"><a class=\"wp-block-button__link button has-text-align-center wp-element-button\" href=\"https:\/\/neuronup.com\/redirect\/?target=typeform\/neuroriab?utm_first_source=Web&amp;utm_first_campaign_name=Use_case_neurolleida\" target=\"_blank\" rel=\"nofollow\"><strong>Scaricare guida<\/strong><\/a><\/div>\n<\/div>\n<\/div>\n\n\n\n<div class=\"wp-block-column is-vertically-aligned-stretch testimonial-block br-0010 is-layout-flow wp-block-column-is-layout-flow\">\n<p class=\"has-text-align-center has-primary-color has-text-color has-link-color wp-elements-9226ec2169eb665cf13e079a8c718d40\"><strong>DANNO CEREBRALE<\/strong><\/p>\n\n\n\n<figure class=\"wp-block-image size-full\"><img decoding=\"async\" width=\"400\" height=\"400\" src=\"https:\/\/neuronup.com\/it\/wp-content\/uploads\/2025\/08\/Attivita-danno-cerebrale.webp\" alt=\"Attivit\u00e0 per lavorare con persone con danno cerebrale\" class=\"wp-image-41503\" srcset=\"https:\/\/neuronup.com\/it\/wp-content\/uploads\/2025\/08\/Attivita-danno-cerebrale-80x80.webp 80w, https:\/\/neuronup.com\/it\/wp-content\/uploads\/2025\/08\/Attivita-danno-cerebrale-150x150.webp 150w, https:\/\/neuronup.com\/it\/wp-content\/uploads\/2025\/08\/Attivita-danno-cerebrale-300x300.webp 300w, https:\/\/neuronup.com\/it\/wp-content\/uploads\/2025\/08\/Attivita-danno-cerebrale.webp 400w\" sizes=\"(max-width: 400px) 100vw, 400px\" \/><\/figure>\n\n\n\n<h3 class=\"wp-block-heading has-text-align-center\">Attivit\u00e0 per lavorare con persone con danno cerebrale<\/h3>\n\n\n\n<p class=\"has-text-align-center\">Ottieni subito 10 attivit\u00e0 stampabili per lavorare sulla stimolazione cognitiva di persone con danno cerebrale.<\/p>\n\n\n\n<div style=\"height:10px\" aria-hidden=\"true\" class=\"wp-block-spacer\"><\/div>\n\n\n\n<div class=\"wp-block-buttons is-content-justification-center is-layout-flex wp-container-core-buttons-is-layout-5e6b19ed wp-block-buttons-is-layout-flex\">\n<div class=\"wp-block-button\"><a class=\"wp-block-button__link button has-text-align-center wp-element-button\" href=\"https:\/\/neuronup.com\/redirect\/?target=typeform\/lesionicerebral?utm_first_source=Web&amp;utm_first_campaign_name=Worksheets_brain_injury\" target=\"_blank\" rel=\"nofollow\"><strong>Scaricare guida<\/strong><\/a><\/div>\n<\/div>\n<\/div>\n\n\n\n<div class=\"wp-block-column is-vertically-aligned-stretch testimonial-block br-0010 is-layout-flow wp-block-column-is-layout-flow\">\n<p class=\"has-text-align-center has-primary-color has-text-color has-link-color wp-elements-9585e77b83689b9c764113ed789764b6\"><strong><strong><strong><strong>ADHD<\/strong><\/strong><\/strong><\/strong><\/p>\n\n\n\n<figure class=\"wp-block-image size-full\"><img decoding=\"async\" width=\"400\" height=\"400\" src=\"https:\/\/neuronup.com\/it\/wp-content\/uploads\/2025\/08\/Download_ADHD_guida.webp\" alt=\"Riabilitazione efficace nell'ADHD\" class=\"wp-image-41518\" srcset=\"https:\/\/neuronup.com\/it\/wp-content\/uploads\/2025\/08\/Download_ADHD_guida-80x80.webp 80w, https:\/\/neuronup.com\/it\/wp-content\/uploads\/2025\/08\/Download_ADHD_guida-150x150.webp 150w, https:\/\/neuronup.com\/it\/wp-content\/uploads\/2025\/08\/Download_ADHD_guida-300x300.webp 300w, https:\/\/neuronup.com\/it\/wp-content\/uploads\/2025\/08\/Download_ADHD_guida.webp 400w\" sizes=\"(max-width: 400px) 100vw, 400px\" \/><\/figure>\n\n\n\n<h3 class=\"wp-block-heading has-text-align-center\">Riabilitazione efficace nell&#8217;ADHD<\/h3>\n\n\n\n<p class=\"has-text-align-center\">Ottieni un manuale per progettare terapie di stimolazione cognitiva per bambini con ADHD.<\/p>\n\n\n\n<div style=\"height:10px\" aria-hidden=\"true\" class=\"wp-block-spacer\"><\/div>\n\n\n\n<div class=\"wp-block-buttons is-content-justification-center is-layout-flex wp-container-core-buttons-is-layout-16018d1d wp-block-buttons-is-layout-flex\">\n<div class=\"wp-block-button\"><a class=\"wp-block-button__link button has-text-align-center wp-element-button\" href=\"https:\/\/neuronup.com\/redirect\/?target=typeform\/TDAHIT?utm_first_source=Web&amp;utm_first_campaign_name=TDAH_guide\" target=\"_blank\" rel=\"nofollow\"><strong>Scaricare guida<\/strong><\/a><\/div>\n<\/div>\n<\/div>\n<\/div>\n\n\n\n<div style=\"height:100px\" aria-hidden=\"true\" class=\"wp-block-spacer\"><\/div>\n\n\n\n<div class=\"wp-block-group\"><div class=\"wp-block-group__inner-container is-layout-constrained wp-block-group-is-layout-constrained\">\n<div class=\"wp-block-columns br-0111 particle-bg p-5 has-primary-background-color has-background is-layout-flex wp-container-core-columns-is-layout-9d6595d7 wp-block-columns-is-layout-flex\">\n<div class=\"wp-block-column is-layout-flow wp-block-column-is-layout-flow\" style=\"flex-basis:66.66%\">\n<h2 class=\"wp-block-heading has-white-color has-text-color\">Prova NeuronUP gratis per 7 giorni<\/h2>\n\n\n\n<p class=\"has-white-color has-text-color\">Potrai collaborare con le nostre attivit\u00e0, progettare sedute o fare riabilitazione a distanza.<\/p>\n<\/div>\n\n\n\n<div class=\"wp-block-column is-layout-flow wp-block-column-is-layout-flow\" style=\"flex-basis:33.33%\">\n<div class=\"wp-block-buttons is-content-justification-center is-layout-flex wp-container-core-buttons-is-layout-16018d1d wp-block-buttons-is-layout-flex\">\n<div class=\"wp-block-button\" style=\"--button-background:var(--color-custom-1);--button-background-hover:#cc7e00;\"><a class=\"wp-block-button__link button   wp-element-button\" href=\"https:\/\/neuronup.com\/it\/landing-store-user\/\">Comincia la tua prova<\/a><\/div>\n\n<\/div>\n<\/div>\n<\/div>\n<\/div><\/div>\n\n\n\n<div style=\"height:18px\" aria-hidden=\"true\" class=\"wp-block-spacer\"><\/div>\n\n\n\n<div style=\"height:100px\" aria-hidden=\"true\" class=\"wp-block-spacer\"><\/div>\n\n\n\n<div class=\"wp-block-columns testimonial-block is-layout-flex wp-container-core-columns-is-layout-9d6595d7 wp-block-columns-is-layout-flex\">\n<div class=\"wp-block-column is-layout-flow wp-block-column-is-layout-flow\" style=\"flex-basis:100%\"><div class=\"wp-block-image\">\n<figure class=\"aligncenter size-full\"><img decoding=\"async\" width=\"500\" height=\"354\" src=\"https:\/\/neuronup.com\/it\/wp-content\/uploads\/2025\/08\/Presentazione-di-NeuronUP.webp\" alt=\"\" class=\"wp-image-41502\" srcset=\"https:\/\/neuronup.com\/it\/wp-content\/uploads\/2025\/08\/Presentazione-di-NeuronUP-300x212.webp 300w, https:\/\/neuronup.com\/it\/wp-content\/uploads\/2025\/08\/Presentazione-di-NeuronUP.webp 500w\" sizes=\"(max-width: 500px) 100vw, 500px\" \/><\/figure>\n<\/div><\/div>\n\n\n\n<div class=\"wp-block-column is-layout-flow wp-block-column-is-layout-flow\" style=\"flex-basis:100%\">\n<h2 class=\"wp-block-heading\"><strong>Risorse per professionisti<\/strong> <\/h2>\n\n\n\n<p>Qui vi forniamo una raccolta di materiali da utilizzare nel vostro centro, sia per promuovere che lavorate con NeuronUP sia per offrire guide ai vostri utenti.<\/p>\n\n\n\n<ul class=\"wp-block-list\">\n<li>Presentazione di NeuronUP<\/li>\n\n\n\n<li>Locandine<\/li>\n\n\n\n<li>Diplomi<\/li>\n\n\n\n<li>Guide<\/li>\n\n\n\n<li>Loghi<\/li>\n<\/ul>\n\n\n\n<div class=\"wp-block-buttons is-layout-flex wp-block-buttons-is-layout-flex\">\n<div class=\"wp-block-button\"><a class=\"wp-block-button__link button wp-element-button\" href=\"https:\/\/neuronup.com\/it\/risorse-per-i-clienti-di-neuronup\/\">Consulta le risorse<\/a><\/div>\n<\/div>\n<\/div>\n<\/div>\n\n\n\n<div style=\"height:100px\" aria-hidden=\"true\" class=\"wp-block-spacer\"><\/div>\n","protected":false},"excerpt":{"rendered":"<p>ATTIVIT\u00c0 DI STIMOLAZIONE Le attivit\u00e0 di stimolazione pi\u00f9 utilizzate nel 2025 Ottieni subito le risorse pi\u00f9 utilizzate ogni giorno da migliaia di professionisti per lavorare con adulti e bambini. INTERVENTO Programma di stimolazione cognitiva per persone con Alzheimer Ottieni un programma di stimolazione cognitiva per persone con Alzheimer grazie alla testimonianza di AFA Rioja. PARKINSON &hellip;<\/p>\n","protected":false},"author":7,"featured_media":41502,"parent":0,"menu_order":0,"comment_status":"closed","ping_status":"closed","template":"","meta":{"_acf_changed":false,"_genesis_hide_title":false,"_genesis_hide_breadcrumbs":false,"_genesis_hide_singular_image":false,"_genesis_hide_footer_widgets":false,"_genesis_custom_body_class":"nup-style","_genesis_custom_post_class":"nup-style","_genesis_layout":"wide-content","footnotes":""},"class_list":{"1":"page","2":"type-page","6":"entry","7":"nup-style"},"acf":[],"_links":{"self":[{"href":"https:\/\/neuronup.com\/it\/wp-json\/wp\/v2\/pages\/28959","targetHints":{"allow":["GET"]}}],"collection":[{"href":"https:\/\/neuronup.com\/it\/wp-json\/wp\/v2\/pages"}],"about":[{"href":"https:\/\/neuronup.com\/it\/wp-json\/wp\/v2\/types\/page"}],"author":[{"embeddable":true,"href":"https:\/\/neuronup.com\/it\/wp-json\/wp\/v2\/users\/7"}],"replies":[{"embeddable":true,"href":"https:\/\/neuronup.com\/it\/wp-json\/wp\/v2\/comments?post=28959"}],"version-history":[{"count":0,"href":"https:\/\/neuronup.com\/it\/wp-json\/wp\/v2\/pages\/28959\/revisions"}],"wp:featuredmedia":[{"embeddable":true,"href":"https:\/\/neuronup.com\/it\/wp-json\/wp\/v2\/media\/41502"}],"wp:attachment":[{"href":"https:\/\/neuronup.com\/it\/wp-json\/wp\/v2\/media?parent=28959"}],"curies":[{"name":"wp","href":"https:\/\/api.w.org\/{rel}","templated":true}]}}