
{"id":28923,"date":"2024-04-09T08:21:08","date_gmt":"2024-04-09T06:21:08","guid":{"rendered":"https:\/\/neuronup.com\/it\/?page_id=28923"},"modified":"2025-07-11T12:25:54","modified_gmt":"2025-07-11T10:25:54","slug":"universita","status":"publish","type":"page","link":"https:\/\/neuronup.com\/it\/soluzioni-di-neuroriabilitazione\/universita\/","title":{"rendered":"NeuronUP University"},"content":{"rendered":"\n<div style=\"--cover-block-justify-content:center;\" class=\"wp-block-cover alignfull has-lg-content-width has-md-padding-top has-md-padding-bottom has-sm-padding-left has-sm-padding-right\"><span aria-hidden=\"true\" class=\"wp-block-cover__background has-primary-background-color has-background-dim-100 has-background-dim\"><\/span><div class=\"wp-block-cover__inner-container is-layout-constrained wp-block-cover-is-layout-constrained\">\n<h1 class=\"wp-block-heading has-text-align-center\">NeuronUP University<\/h1>\n\n\n\n<p class=\"has-text-align-center\">Piattaforma di neuroriabilitazione che consente ai professori universitari di insegnare agli studenti in modo pratico la stimolazione cognitiva e la riabilitazione.<\/p>\n<\/div><\/div>\n\n\n\n<div style=\"height:100px\" aria-hidden=\"true\" class=\"wp-block-spacer\"><\/div>\n\n\n\n<div class=\"wp-block-columns is-layout-flex wp-container-core-columns-is-layout-9d6595d7 wp-block-columns-is-layout-flex\">\n<div class=\"wp-block-column is-layout-flow wp-block-column-is-layout-flow\" style=\"flex-basis:50%\">\n<h2 class=\"wp-block-heading\"><strong>Metti la tua universit\u00e0 all&#8217;avanguardia nel campo dell&#8217;istruzione<\/strong><\/h2>\n\n\n\n<p>Offri un <strong>valore aggiunto<\/strong> a docenti e studenti, scegli un <strong>approccio pratico<\/strong> all&#8217;insegnamento e impegnati nella <strong>ricerca e nell&#8217;innovazione<\/strong> in aula.<\/p>\n\n\n\n<div class=\"wp-block-buttons is-layout-flex wp-block-buttons-is-layout-flex\">\n<div class=\"wp-block-button--1\"><a class=\"wp-block-button__link button button-outline wp-element-button\" href=\"https:\/\/neuronup.com\/redirect\/?target=typeform\/universita?utm_first_source=Web&#038;utm_first_campaign_name=Request_meeting\">Fissa una videochiamata<\/a><\/div>\n\n\n\n<div class=\"wp-block-button\" style=\"--button-background:var(--color-custom-1);--button-background-hover:#cc7e00;\"><a class=\"wp-block-button__link button   wp-element-button\" href=\"https:\/\/neuronup.com\/it\/landing-store-user\/\"><strong>Inizia la tua prova gratuita<\/strong><\/a><\/div>\n\n<\/div>\n<\/div>\n\n\n\n<div class=\"wp-block-column relative is-layout-flow wp-block-column-is-layout-flow\" style=\"flex-basis:50%\">\n<figure class=\"wp-block-image size-full absolute-l image-interface animate-scroll\"><img decoding=\"async\" width=\"899\" height=\"446\" src=\"https:\/\/neuronup.com\/it\/wp-content\/uploads\/2024\/04\/studente-universitario-che-usa-il-neuronup.webp\" alt=\"studente universitario che usa il neuronup\" class=\"wp-image-30106\" srcset=\"https:\/\/neuronup.com\/it\/wp-content\/uploads\/2024\/04\/studente-universitario-che-usa-il-neuronup-300x149.webp 300w, https:\/\/neuronup.com\/it\/wp-content\/uploads\/2024\/04\/studente-universitario-che-usa-il-neuronup-768x381.webp 768w, https:\/\/neuronup.com\/it\/wp-content\/uploads\/2024\/04\/studente-universitario-che-usa-il-neuronup.webp 899w\" sizes=\"(max-width: 899px) 100vw, 899px\" \/><\/figure>\n<\/div>\n<\/div>\n\n\n\n<div style=\"height:80px\" aria-hidden=\"true\" class=\"wp-block-spacer\"><\/div>\n\n\n\n<div class=\"wp-block-group alignfull has-no-margin-bottom\"><div class=\"wp-block-group__inner-container is-layout-flow wp-block-group-is-layout-flow\">\n<h3 class=\"wp-block-heading has-text-align-center has-xxl-margin-bottom\">Pi\u00f9 di 50 universit\u00e0 si rivolgono gi\u00e0 a noi<\/h3>\n\n\n\n<div style=\"height:30px\" aria-hidden=\"true\" class=\"wp-block-spacer\"><\/div>\n\n\n<div class=\"wp-block-image\">\n<figure class=\"aligncenter size-full\"><img decoding=\"async\" width=\"1262\" height=\"380\" src=\"https:\/\/neuronup.com\/it\/wp-content\/uploads\/2024\/04\/universita-che-lavorano-con-neuronup.webp\" alt=\"universita-che-lavorano-con-neuronup\" class=\"wp-image-30107\" srcset=\"https:\/\/neuronup.com\/it\/wp-content\/uploads\/2024\/04\/universita-che-lavorano-con-neuronup-300x90.webp 300w, https:\/\/neuronup.com\/it\/wp-content\/uploads\/2024\/04\/universita-che-lavorano-con-neuronup-768x231.webp 768w, https:\/\/neuronup.com\/it\/wp-content\/uploads\/2024\/04\/universita-che-lavorano-con-neuronup-1024x308.webp 1024w, https:\/\/neuronup.com\/it\/wp-content\/uploads\/2024\/04\/universita-che-lavorano-con-neuronup.webp 1262w\" sizes=\"(max-width: 1262px) 100vw, 1262px\" \/><\/figure>\n<\/div><\/div><\/div>\n\n\n\n<div style=\"height:79px\" aria-hidden=\"true\" class=\"wp-block-spacer\"><\/div>\n\n\n\n<div class=\"wp-block-group alignfull back-blue has-custom-6-background-color has-background has-light-background has-lg-padding-top has-lg-padding-bottom has-no-margin-top\"><div class=\"wp-block-group__inner-container is-layout-flow wp-block-group-is-layout-flow\">\n<div class=\"wp-block-columns is-layout-flex wp-container-core-columns-is-layout-9d6595d7 wp-block-columns-is-layout-flex\">\n<div class=\"wp-block-column is-vertically-aligned-center is-layout-flow wp-block-column-is-layout-flow\">\n<div class=\"wp-block-group\"><div class=\"wp-block-group__inner-container is-layout-flow wp-block-group-is-layout-flow\"><div class=\"wp-block-image is-style-default\">\n<figure class=\"aligncenter size-full\"><img decoding=\"async\" width=\"85\" height=\"52\" src=\"https:\/\/neuronup.com\/it\/wp-content\/uploads\/2024\/04\/strumento-insegnanti-neuropsicologia.webp\" alt=\"\" class=\"wp-image-30109\"><\/figure>\n<\/div>\n\n\n<h2 class=\"wp-block-heading\">Vantaggi per i docenti <\/h2>\n\n\n\n<ol class=\"wp-block-list has-heading-color has-text-color\">\n<li>Utilizzare NeuronUP durante le lezioni per insegnare agli studenti come <strong>progettare sedute di intervento neuropsicologico<\/strong>.<\/li>\n\n\n\n<li><strong>Monitoraggio completo dello studente<\/strong>. Con NeuronUP \u00e8 possibile registrare in tempo reale tutto il lavoro dello studente.<\/li>\n\n\n\n<li>Possibilit\u00e0 di <strong>lavorare a distanza<\/strong> con gli studenti.<\/li>\n\n\n\n<li>Materiale progettato <strong>da e per professionisti <\/strong>della neuroriabilitazione.<\/li>\n<\/ol>\n<\/div><\/div>\n<\/div>\n\n\n\n<div class=\"wp-block-column is-vertically-aligned-center is-layout-flow wp-block-column-is-layout-flow\"><div class=\"wp-block-image is-resized\">\n<figure class=\"aligncenter size-full\"><img decoding=\"async\" width=\"125\" height=\"56\" src=\"https:\/\/neuronup.com\/it\/wp-content\/uploads\/2024\/04\/strumento-alunni-neuropsicologia.webp\" alt=\"\" class=\"wp-image-30108\"><\/figure>\n<\/div>\n\n\n<h2 class=\"wp-block-heading\">Vantaggi per gli alunni <\/h2>\n\n\n\n<ol class=\"wp-block-list has-heading-color has-text-color\">\n<li><strong>Imparare facendo<\/strong>. Gli studenti potranno<strong> utilizzare NeuronUP durante i loro stage <\/strong>in ospedali, cliniche, centri di neuroriabilitazione, ecc.<\/li>\n\n\n\n<li>Possibilit\u00e0 di <strong>realizzare un progetto di ricerca<\/strong> con la piattaforma.<\/li>\n\n\n\n<li><strong>Imparare a utilizzare uno strumento di neuroriabilitazione<\/strong> essenziale per la propria vita professionale.<\/li>\n\n\n\n<li>Ottenere il <strong>certificato di esperto NeuronUP<\/strong> alla fine del corso.<\/li>\n<\/ol>\n<\/div>\n<\/div>\n<\/div><\/div>\n\n\n\n\n<div style=\"height:79px\" aria-hidden=\"true\" class=\"wp-block-spacer\"><\/div>\n\n\n\n<div class=\"wp-block-columns is-layout-flex wp-container-core-columns-is-layout-9d6595d7 wp-block-columns-is-layout-flex\">\n<div class=\"wp-block-column is-layout-flow wp-block-column-is-layout-flow\">\n<h3 class=\"wp-block-heading has-text-align-left\">Insegnamento pratico<\/h3>\n\n\n\n<p>Gli interventi cognitivi si imparano al meglio con la pratica. Con NeuronUP si potr\u00e0 offrire ai propri studenti un insegnamento pratico, insegnandogli a <strong>progettare sedute e programmi di intervento neuropsicologico<\/strong> reali durante le lezioni e i tirocini.<\/p>\n<\/div>\n\n\n\n<div class=\"wp-block-column is-layout-flow wp-block-column-is-layout-flow\">\n<figure class=\"wp-block-image size-full image-interface\"><img decoding=\"async\" width=\"887\" height=\"527\" src=\"https:\/\/neuronup.com\/it\/wp-content\/uploads\/2024\/04\/professionista-con-neuronup.webp\" alt=\"\" class=\"wp-image-30105\" srcset=\"https:\/\/neuronup.com\/it\/wp-content\/uploads\/2024\/04\/professionista-con-neuronup-300x178.webp 300w, https:\/\/neuronup.com\/it\/wp-content\/uploads\/2024\/04\/professionista-con-neuronup-768x456.webp 768w, https:\/\/neuronup.com\/it\/wp-content\/uploads\/2024\/04\/professionista-con-neuronup.webp 887w\" sizes=\"(max-width: 887px) 100vw, 887px\" \/><\/figure>\n<\/div>\n<\/div>\n\n\n\n<div style=\"height:80px\" aria-hidden=\"true\" class=\"wp-block-spacer\"><\/div>\n\n\n\n<div class=\"wp-block-columns is-layout-flex wp-container-core-columns-is-layout-9d6595d7 wp-block-columns-is-layout-flex\">\n<div class=\"wp-block-column is-layout-flow wp-block-column-is-layout-flow\">\n<figure class=\"wp-block-image size-full image-interface\"><img decoding=\"async\" width=\"841\" height=\"595\" src=\"https:\/\/neuronup.com\/it\/wp-content\/uploads\/2024\/03\/CertificatoSpecialistaDiNeuronUP.webp\" alt=\"Attestato specialista di NeuronUP\" class=\"wp-image-29486\" srcset=\"https:\/\/neuronup.com\/it\/wp-content\/uploads\/2024\/03\/CertificatoSpecialistaDiNeuronUP-300x212.webp 300w, https:\/\/neuronup.com\/it\/wp-content\/uploads\/2024\/03\/CertificatoSpecialistaDiNeuronUP-768x543.webp 768w, https:\/\/neuronup.com\/it\/wp-content\/uploads\/2024\/03\/CertificatoSpecialistaDiNeuronUP.webp 841w\" sizes=\"(max-width: 841px) 100vw, 841px\" \/><\/figure>\n<\/div>\n\n\n\n<div class=\"wp-block-column is-layout-flow wp-block-column-is-layout-flow\">\n<h3 class=\"wp-block-heading has-text-align-left\">Prepara i tuoi alunni per il mercato lavorativo<\/h3>\n\n\n\n<p>Gli studenti impareranno a utilizzare questo strumento leader nella riabilitazione e nella stimolazione cognitiva e, al termine del corso, otterranno un <strong>certificato di esperto NeuronUP <\/strong>che spalancher\u00e0 loro le porte della carriera futura.<\/p>\n<\/div>\n<\/div>\n\n\n\n<div style=\"height:60px\" aria-hidden=\"true\" class=\"wp-block-spacer\"><\/div>\n\n\n\n<div class=\"wp-block-group alignfull has-alt-background-color has-background has-light-background has-lg-padding-top has-lg-padding-bottom\"><div class=\"wp-block-group__inner-container is-layout-flow wp-block-group-is-layout-flow\">\n<div class=\"wp-block-group\"><div class=\"wp-block-group__inner-container is-layout-flow wp-block-group-is-layout-flow\">\n<div class=\"wp-block-columns is-layout-flex wp-container-core-columns-is-layout-9d6595d7 wp-block-columns-is-layout-flex\">\n<div class=\"wp-block-column is-layout-flow wp-block-column-is-layout-flow\" style=\"flex-basis:30%\">\n<figure class=\"wp-block-embed is-type-wp-embed is-provider-neuronup wp-block-embed-neuronup\"><div class=\"wp-block-embed__wrapper\">\n<blockquote class=\"wp-embedded-content\" data-secret=\"VOD46QCuwL\"><a href=\"https:\/\/neuronup.com\/it\/formazione\/formazione-pratica-in-neuropsicologia-imparare-la-neuroriabilitazione-in-modo-utile-e-pratico-con-neuronup-il-caso-di-unir-master-in-neuropsicologia-clinica\/\">Formazione pratica in neuropsicologia: imparare la neuroriabilitazione in modo utile e pratico con NeuronUP. Il caso di UNIR, Master in Neuropsicologia Clinica<\/a><\/blockquote><iframe class=\"wp-embedded-content\" sandbox=\"allow-scripts\" security=\"restricted\" style=\"position: absolute; visibility: hidden;\" title=\"\u00abFormazione pratica in neuropsicologia: imparare la neuroriabilitazione in modo utile e pratico con NeuronUP. Il caso di UNIR, Master in Neuropsicologia Clinica\u00bb \u2014 NeuronUP\" src=\"https:\/\/neuronup.com\/it\/formazione\/formazione-pratica-in-neuropsicologia-imparare-la-neuroriabilitazione-in-modo-utile-e-pratico-con-neuronup-il-caso-di-unir-master-in-neuropsicologia-clinica\/embed\/#?secret=8UJ4PqW7Qv#?secret=VOD46QCuwL\" data-secret=\"VOD46QCuwL\" width=\"600\" height=\"338\" frameborder=\"0\" marginwidth=\"0\" marginheight=\"0\" scrolling=\"no\"><\/iframe>\n<\/div><\/figure>\n<\/div>\n\n\n\n<div class=\"wp-block-column is-layout-flow wp-block-column-is-layout-flow\" style=\"flex-basis:70%\"><div class=\"wp-block-image is-resized is-style-rounded\">\n<figure class=\"aligncenter size-full\"><img decoding=\"async\" width=\"238\" height=\"300\" src=\"https:\/\/neuronup.com\/it\/wp-content\/uploads\/2024\/04\/Raquel-Balsameda.webp\" alt=\"universita-che-lavorano-con-neuronup\" class=\"wp-image-30104\"><\/figure>\n<\/div>\n\n\n<blockquote class=\"wp-block-quote is-layout-flow wp-block-quote-is-layout-flow\">\n<p>&#8220;Quale modo migliore per entrare nel mercato del lavoro se non quello di <strong>saper utilizzare NeuronUP, lo strumento di stimolazione cognitiva e neuroriabilitazione leader spagnola<\/strong>, in modo che gli studenti che completano il nostro corso di laurea e iniziano a sviluppare la loro professione abbiano gi\u00e0 avuto un&#8217;esperienza pratica con lo strumento che sicuramente utilizzeranno nel loro lavoro quotidiano&#8221;.<\/p>\n<cite>Raquel Balmaseda, direttrice del Master in Neuropsicologia Clinica di UNIR<\/cite><\/blockquote>\n<\/div>\n<\/div>\n<\/div><\/div>\n<\/div><\/div>\n\n\n\n\n<div style=\"height:79px\" aria-hidden=\"true\" class=\"wp-block-spacer\"><\/div>\n\n\n\n<div class=\"wp-block-columns is-layout-flex wp-container-core-columns-is-layout-9d6595d7 wp-block-columns-is-layout-flex\">\n<div class=\"wp-block-column is-layout-flow wp-block-column-is-layout-flow\" style=\"flex-basis:33.33%\"><div class=\"wp-block-image is-resized is-style-default\">\n<figure class=\"aligncenter size-large\"><img decoding=\"async\" width=\"234\" height=\"234\" src=\"https:\/\/neuronup.com\/it\/wp-content\/uploads\/2024\/04\/risultati-di-neuronup.svg\" alt=\"Monitoraggio completo degli studenti\" class=\"wp-image-30103\" style=\"width:176px;height:auto\"\/><\/figure>\n<\/div><\/div>\n\n\n\n<div class=\"wp-block-column is-layout-flow wp-block-column-is-layout-flow\" style=\"flex-basis:66.66%\">\n<h3 class=\"wp-block-heading\">Monitoraggio completo degli studenti<\/h3>\n\n\n\n<p>La nostra piattaforma \u00e8 ideale per il monitoraggio personalizzato di ogni studente, in quanto \u00e8 possibile analizzare<strong> in tempo reale<\/strong> le attivit\u00e0 che ogni studente sta svolgendo per verificare se sta interiorizzando le conoscenze.<\/p>\n<\/div>\n<\/div>\n\n\n\n<hr class=\"wp-block-separator has-css-opacity is-style-wide has-xxxl-margin-top has-xxxl-margin-bottom\"\/>\n\n\n\n<div class=\"wp-block-columns is-layout-flex wp-container-core-columns-is-layout-9d6595d7 wp-block-columns-is-layout-flex\">\n<div class=\"wp-block-column is-layout-flow wp-block-column-is-layout-flow\" style=\"flex-basis:66.66%\">\n<h3 class=\"wp-block-heading\">Ricerca clinica<\/h3>\n\n\n\n<p>Gli studenti possono utilizzare NeuronUP nei loro <strong>progetti di ricerca<\/strong> sulla stimolazione e la riabilitazione neuropsicologica per migliorare la vita quotidiana dei pazienti.<\/p>\n<\/div>\n\n\n\n<div class=\"wp-block-column is-layout-flow wp-block-column-is-layout-flow\" style=\"flex-basis:33.33%\"><div class=\"wp-block-image is-resized is-style-default\">\n<figure class=\"aligncenter size-large\"><img decoding=\"async\" width=\"265\" height=\"256\" src=\"https:\/\/neuronup.com\/it\/wp-content\/uploads\/2024\/04\/pubblicazioni-e-progetti.svg\" alt=\"Ricerca clinica\" class=\"wp-image-30102\" style=\"width:183px;height:auto\"\/><\/figure>\n<\/div><\/div>\n<\/div>\n\n\n\n<div style=\"height:80px\" aria-hidden=\"true\" class=\"wp-block-spacer\"><\/div>\n\n\n\n<div class=\"wp-block-columns is-layout-flex wp-container-core-columns-is-layout-9d6595d7 wp-block-columns-is-layout-flex\">\n<div class=\"wp-block-column testimonial-block p-5 is-layout-flow wp-block-column-is-layout-flow\">\n<h3 class=\"wp-block-heading has-text-align-center has-heading-color has-text-color\"><strong>Assistenza e supporto continui<\/strong><\/h3>\n\n\n\n<p class=\"has-text-align-center has-custom-2-color has-text-color\"><strong>Ti accompagniamo nel tuo processo di apprendimento.<\/strong><\/p>\n\n\n\n<p>Gli esperti di NeuronUP offriranno una <strong>formazione gratuita e continua sulla piattaforma<\/strong> a insegnanti e studenti, per aiutarli a sfruttarla al massimo.<\/p>\n<\/div>\n\n\n\n<div class=\"wp-block-column testimonial-block  p-5 is-layout-flow wp-block-column-is-layout-flow\">\n<h3 class=\"wp-block-heading has-text-align-center has-heading-color has-text-color\"><strong>Multilingua<\/strong><\/h3>\n\n\n\n<p>Con la possibilit\u00e0 di lavorare con la piattaforma in italiano, spagnolo, inglese, francese, portoghese e tedesco.<\/p>\n\n\n<div class=\"wp-block-image\">\n<figure class=\"aligncenter size-medium is-resized has-xl-margin-top has-no-margin-bottom\"><img decoding=\"async\" width=\"300\" height=\"59\" src=\"https:\/\/neuronup.com\/it\/wp-content\/uploads\/2024\/03\/Bandiere-lingue-NeuronUP-300x59.webp\" alt=\"Bandiere lingue NeuronUP\" class=\"wp-image-29487\" style=\"width:366px;height:auto\" srcset=\"https:\/\/neuronup.com\/it\/wp-content\/uploads\/2024\/03\/Bandiere-lingue-NeuronUP-300x59.webp 300w, https:\/\/neuronup.com\/it\/wp-content\/uploads\/2024\/03\/Bandiere-lingue-NeuronUP.webp 616w\" sizes=\"(max-width: 300px) 100vw, 300px\" \/><\/figure>\n<\/div><\/div>\n<\/div>\n\n\n\n<div style=\"height:90px\" aria-hidden=\"true\" class=\"wp-block-spacer\"><\/div>\n\n\n\n<div class=\"wp-block-group alignfull has-background\" style=\"background-color:#dff3f6\"><div class=\"wp-block-group__inner-container is-layout-flow wp-block-group-is-layout-flow\">\n<div style=\"height:50px\" aria-hidden=\"true\" class=\"wp-block-spacer\"><\/div>\n\n\n\n<h4 class=\"wp-block-heading has-text-align-center has-lg-font-size has-xl-margin-bottom\">Cosa pensano gli studenti:<\/h4>\n\n\n\n<div class=\"wp-block-columns is-layout-flex wp-container-core-columns-is-layout-9d6595d7 wp-block-columns-is-layout-flex\">\n<div class=\"wp-block-column is-layout-flow wp-block-column-is-layout-flow\" style=\"flex-basis:33.33%\"><div class=\"wp-block-image image-interface\">\n<figure class=\"aligncenter size-full\"><img decoding=\"async\" width=\"800\" height=\"545\" src=\"https:\/\/neuronup.com\/it\/wp-content\/uploads\/2024\/04\/Olga-studentessa-universitaria-con-neuronup.webp\" alt=\"Olga-studentessa-universitaria-con-neuronup\" class=\"wp-image-30101\" srcset=\"https:\/\/neuronup.com\/it\/wp-content\/uploads\/2024\/04\/Olga-studentessa-universitaria-con-neuronup-300x204.webp 300w, https:\/\/neuronup.com\/it\/wp-content\/uploads\/2024\/04\/Olga-studentessa-universitaria-con-neuronup-768x523.webp 768w, https:\/\/neuronup.com\/it\/wp-content\/uploads\/2024\/04\/Olga-studentessa-universitaria-con-neuronup.webp 800w\" sizes=\"(max-width: 800px) 100vw, 800px\" \/><\/figure>\n<\/div><\/div>\n\n\n\n<div class=\"wp-block-column is-layout-flow wp-block-column-is-layout-flow\" style=\"flex-basis:66.66%\">\n<blockquote class=\"wp-block-quote is-style-default is-layout-flow wp-block-quote-is-layout-flow\">\n<p>\u201cCome studentessa del Master in Neuropsicologia Clinica dell&#8217;UNIR, ritengo molto utile includere l&#8217;uso dello strumento NeuronUP nel programma di formazione. Il suo design intuitivo e le numerose risorse disponibili sulla piattaforma facilitano il lavoro del professionista nella programmazione delle sedute terapeutiche.\u201d<\/p>\n<cite><strong>Olga Oceja<\/strong><\/cite><\/blockquote>\n<\/div>\n<\/div>\n\n\n\n<div style=\"height:50px\" aria-hidden=\"true\" class=\"wp-block-spacer\"><\/div>\n<\/div><\/div>\n\n\n\n<div style=\"height:70px\" aria-hidden=\"true\" class=\"wp-block-spacer\"><\/div>\n\n\n\n<div class=\"wp-block-columns is-layout-flex wp-container-core-columns-is-layout-9d6595d7 wp-block-columns-is-layout-flex\">\n<div class=\"wp-block-column testimonial-block p-5 is-layout-flow wp-block-column-is-layout-flow\">\n<h2 class=\"wp-block-heading has-text-align-center has-heading-color has-text-color\">Scopri tutto quello che NeuronUP pu\u00f2 fare per te<\/h2>\n\n\n\n<div style=\"height:30px\" aria-hidden=\"true\" class=\"wp-block-spacer\"><\/div>\n\n\n\n<div class=\"wp-block-buttons is-content-justification-center is-layout-flex wp-container-core-buttons-is-layout-16018d1d wp-block-buttons-is-layout-flex\">\n<div class=\"wp-block-button--2\"><a class=\"wp-block-button__link button button-outline wp-element-button\" href=\"https:\/\/neuronup.com\/redirect\/?target=typeform\/universita?utm_first_source=Web&#038;utm_first_campaign_name=Request_meeting\">Fissa una videochiamata<\/a><\/div>\n<\/div>\n<\/div>\n\n\n\n<div class=\"wp-block-column testimonial-block p-5 is-layout-flow wp-block-column-is-layout-flow\">\n<h2 class=\"wp-block-heading has-text-align-center has-heading-color has-text-color\">Prova gratis<\/h2>\n\n\n\n<p>La piattaforma di cui si fidano gi\u00e0 <strong>+ di 50 universit\u00e0 <\/strong>dedite all&#8217;insegnamento pratico.<\/p>\n\n\n\n<div class=\"wp-block-buttons is-content-justification-center is-layout-flex wp-container-core-buttons-is-layout-16018d1d wp-block-buttons-is-layout-flex\">\n<div class=\"wp-block-button\" style=\"--button-background:var(--color-custom-1);--button-background-hover:#cc7e00;\"><a class=\"wp-block-button__link button   wp-element-button\" href=\"https:\/\/neuronup.com\/it\/landing-store-user\/\"><strong>Inizia la tua prova gratuita<\/strong><\/a><\/div>\n\n<\/div>\n<\/div>\n<\/div>\n\n\n","protected":false},"excerpt":{"rendered":"<p>Metti la tua universit\u00e0 all&#8217;avanguardia nel campo dell&#8217;istruzione Offri un valore aggiunto a docenti e studenti, scegli un approccio pratico all&#8217;insegnamento e impegnati nella ricerca e nell&#8217;innovazione in aula. Pi\u00f9 di 50 universit\u00e0 si rivolgono gi\u00e0 a noi Vantaggi per i docenti Vantaggi per gli alunni Insegnamento pratico Gli interventi cognitivi si imparano al meglio &hellip;<\/p>\n","protected":false},"author":7,"featured_media":28924,"parent":32740,"menu_order":0,"comment_status":"closed","ping_status":"closed","template":"","meta":{"_acf_changed":false,"_genesis_hide_title":false,"_genesis_hide_breadcrumbs":false,"_genesis_hide_singular_image":false,"_genesis_hide_footer_widgets":false,"_genesis_custom_body_class":"","_genesis_custom_post_class":"","_genesis_layout":"wide-content","footnotes":""},"class_list":{"1":"page","2":"type-page","6":"entry"},"acf":[],"_links":{"self":[{"href":"https:\/\/neuronup.com\/it\/wp-json\/wp\/v2\/pages\/28923","targetHints":{"allow":["GET"]}}],"collection":[{"href":"https:\/\/neuronup.com\/it\/wp-json\/wp\/v2\/pages"}],"about":[{"href":"https:\/\/neuronup.com\/it\/wp-json\/wp\/v2\/types\/page"}],"author":[{"embeddable":true,"href":"https:\/\/neuronup.com\/it\/wp-json\/wp\/v2\/users\/7"}],"replies":[{"embeddable":true,"href":"https:\/\/neuronup.com\/it\/wp-json\/wp\/v2\/comments?post=28923"}],"version-history":[{"count":0,"href":"https:\/\/neuronup.com\/it\/wp-json\/wp\/v2\/pages\/28923\/revisions"}],"up":[{"embeddable":true,"href":"https:\/\/neuronup.com\/it\/wp-json\/wp\/v2\/pages\/32740"}],"wp:featuredmedia":[{"embeddable":true,"href":"https:\/\/neuronup.com\/it\/wp-json\/wp\/v2\/media\/28924"}],"wp:attachment":[{"href":"https:\/\/neuronup.com\/it\/wp-json\/wp\/v2\/media?parent=28923"}],"curies":[{"name":"wp","href":"https:\/\/api.w.org\/{rel}","templated":true}]}}