
{"id":28908,"date":"2024-02-13T13:05:41","date_gmt":"2024-02-13T11:05:41","guid":{"rendered":"https:\/\/neuronup.com\/it\/?page_id=28908"},"modified":"2025-02-27T22:25:04","modified_gmt":"2025-02-27T20:25:04","slug":"sclerosi-multipla","status":"publish","type":"page","link":"https:\/\/neuronup.com\/it\/neuroriabilitazione\/malattie-neurodegenerative\/sclerosi-multipla\/","title":{"rendered":"Sclerosi multipla"},"content":{"rendered":"\n<p>Le <strong>cause <\/strong>della sclerosi multipla sono ancora <strong>sconosciute<\/strong>, anche se si pensa che sia causata da un virus o da un antigene che innesca un&#8217;anomalia immunitaria che porta l&#8217;organismo ad attaccare la propria mielina, sebbene anche i fattori ambientali siano coinvolti nello sviluppo della malattia.<\/p>\n\n\n\n<p>Un paziente \u00e8 considerato affetto da sclerosi multipla quando si sono presentati due focolai con evidenza di due diverse lesioni in aree distinte del sistema nervoso centrale (SNC).<\/p>\n\n\n\n<p>La sclerosi multipla \u00e8 una malattia che <strong>si manifesta in et\u00e0 precoce<\/strong>, con un&#8217;et\u00e0 di insorgenza comune tra i 29 e i 33 anni, anche se pu\u00f2 comparire dai 10 ai 59 anni. In termini di genere, \u00e8 stato riscontrato che questa malattia si manifesta in misura maggiore nelle donne rispetto agli uomini.<\/p>\n\n\n\n<p>Per molto tempo le manifestazioni cliniche sono state considerate esclusivamente neurologiche (debolezza motoria, difficolt\u00e0 visive, diplopia, disartria, atassia, ecc.) Tuttavia, negli ultimi decenni un numero crescente di ricerche ha dimostrato che pu\u00f2 essere associata anche a deficit cognitivi che riguardano principalmente l&#8217;attenzione, la concentrazione, la velocit\u00e0 di elaborazione delle informazioni, la memoria e le funzioni esecutive.<\/p>\n\n\n\n<p>Entrando nel dettaglio dei <strong>sintomi neurologici<\/strong> che di solito compaiono, oltre a quelli gi\u00e0 citati, i pazienti con sclerosi multipla possono presentare:<\/p>\n\n\n\n<ul class=\"wp-block-list\">\n<li>Sintomi muscolari: perdita di equilibrio, spasmi muscolari, problemi di movimento delle braccia o delle gambe, coordinazione, tremore o debolezza degli arti.<\/li>\n\n\n\n<li>Sintomi vescicali e intestinali: costipazione, incontinenza e quant&#8217;altro.<\/li>\n\n\n\n<li>Sintomi oculari: visione doppia, movimenti incontrollabili degli occhi, visione offuscata o perdita della vista.<\/li>\n\n\n\n<li>Intorpidimento, formicolio o dolore.<\/li>\n\n\n\n<li>Sintomi sessuali.<\/li>\n\n\n\n<li>Sintomi del linguaggio e della deglutizione: eloquio rallentato e problemi di deglutizione.<\/li>\n<\/ul>\n\n\n\n<h3 class=\"wp-block-heading\">Articoli sulla sclerosi multipla<\/h3>\n\n\n<div class=\"mai-grid entries entries-grid has-boxed has-image-full\" style=\"--entry-title-font-size:var(--font-size-lg);--align-text:start;--entry-meta-text-align:start;\"><div class=\"entries-wrap has-columns\" style=\"--columns-xs:1\/1;--columns-sm:1\/2;--columns-md:1\/2;--columns-lg:1\/2;--flex-xs:0 0 var(--flex-basis);--flex-sm:0 0 var(--flex-basis);--flex-md:0 0 var(--flex-basis);--flex-lg:0 0 var(--flex-basis);--column-gap:var(--spacing-lg);--row-gap:var(--spacing-lg);--align-columns:start;\"><article class=\"entry entry-grid is-column has-entry-link has-image has-image-first type-post category-sclerosi-multipla tag-malattie-neurodegenerative tag-sclerosi-multipla\" style=\"--entry-index:1;\" aria-label=\"La sclerosi: a chi colpisce, come viene diagnosticata e quali sono i suoi sintomi\" itemscope itemtype=\"https:\/\/schema.org\/CreativeWork\"><a class=\"entry-image-link\" href=\"https:\/\/neuronup.com\/it\/stimolazione-e-riabilitazione-cognitiva\/malattie-neurodegenerative\/sclerosi-multipla\/la-esclerosi-a-chi-colpisce-come-si-diagnostica-e-quali-sono-i-suoi-sintomi\/\" tabindex=\"-1\" aria-hidden=\"true\"><img decoding=\"async\" width=\"400\" height=\"271\" src=\"https:\/\/neuronup.com\/it\/wp-content\/uploads\/2022\/05\/Centro-ADEMBI-en-el-tratamiento-de-la-esclerosis-multiple-1-1.webp\" class=\"entry-image size-landscape-sm\" alt=\"Due donne sedute davanti a un computer, una indica lo schermo mentre l&#039;altra osserva; sfondo con armadi e calendario.\" srcset=\"https:\/\/neuronup.com\/it\/wp-content\/uploads\/2022\/05\/Centro-ADEMBI-en-el-tratamiento-de-la-esclerosis-multiple-1-1-300x203.webp 300w, https:\/\/neuronup.com\/it\/wp-content\/uploads\/2022\/05\/Centro-ADEMBI-en-el-tratamiento-de-la-esclerosis-multiple-1-1-768x521.webp 768w, https:\/\/neuronup.com\/it\/wp-content\/uploads\/2022\/05\/Centro-ADEMBI-en-el-tratamiento-de-la-esclerosis-multiple-1-1-1024x694.webp 1024w, https:\/\/neuronup.com\/it\/wp-content\/uploads\/2022\/05\/Centro-ADEMBI-en-el-tratamiento-de-la-esclerosis-multiple-1-1.webp 1204w\" sizes=\"(max-width:599px) 599px, (min-width:600px) and (max-width: 799px) 399.5px, (min-width:800px) and (max-width: 999px) 499.5px, (min-width:1000px) 600px\" \/><\/a><div class=\"entry-wrap entry-wrap-grid\"><h3 class=\"entry-title\" itemprop=\"headline\"><a class=\"entry-title-link\" href=\"https:\/\/neuronup.com\/it\/stimolazione-e-riabilitazione-cognitiva\/malattie-neurodegenerative\/sclerosi-multipla\/la-esclerosi-a-chi-colpisce-come-si-diagnostica-e-quali-sono-i-suoi-sintomi\/\" rel=\"bookmark\">La sclerosi: a chi colpisce, come viene diagnosticata e quali sono i suoi sintomi<\/a><\/h3>\n<div class=\"entry-excerpt\"><p>In questo articolo ti spieghiamo cos&#8217;\u00e8 la Sclerosi Multipla (SM), a chi colpisce, come si diagnostica e quali sono i suoi sintomi. Non se ne conosce la causa, n\u00e9 se ne conosce la cura. La Sclerosi Multipla (SM) \u00e8 una malattia neurodegenerativa cronica e autoimmune che colpisce il sistema nervoso centrale (cervello e midollo spinale) &hellip;<\/p>\n<\/div><\/div><\/article><article class=\"entry entry-grid is-column has-entry-link has-image has-image-first type-post category-sclerosi-multipla tag-attivita-di-stimolazione-cognitiva tag-sclerosi-multipla\" style=\"--entry-index:2;\" aria-label=\"Laboratorio cognitivo con NeuronUP per l&#8217;intervento della sclerosi multipla (SM)\" itemscope itemtype=\"https:\/\/schema.org\/CreativeWork\"><a class=\"entry-image-link\" href=\"https:\/\/neuronup.com\/it\/stimolazione-e-riabilitazione-cognitiva\/malattie-neurodegenerative\/sclerosi-multipla\/laboratorio-cognitivo-con-neuronup-per-lintervento-nella-sclerosi-multipla-em\/\" tabindex=\"-1\" aria-hidden=\"true\"><img decoding=\"async\" width=\"400\" height=\"300\" src=\"https:\/\/neuronup.com\/it\/wp-content\/uploads\/2024\/10\/Actividad-Objetos-en-el-hogar.webp\" class=\"entry-image size-landscape-sm\" alt=\"Collage di ambienti domestici: giardino fiorito, camera, lavanderia e accessori casa; segni di progresso in basso.\" srcset=\"https:\/\/neuronup.com\/it\/wp-content\/uploads\/2024\/10\/Actividad-Objetos-en-el-hogar-300x225.webp 300w, https:\/\/neuronup.com\/it\/wp-content\/uploads\/2024\/10\/Actividad-Objetos-en-el-hogar-768x577.webp 768w, https:\/\/neuronup.com\/it\/wp-content\/uploads\/2024\/10\/Actividad-Objetos-en-el-hogar-1024x769.webp 1024w, https:\/\/neuronup.com\/it\/wp-content\/uploads\/2024\/10\/Actividad-Objetos-en-el-hogar.webp 1200w\" sizes=\"(max-width:599px) 599px, (min-width:600px) and (max-width: 799px) 399.5px, (min-width:800px) and (max-width: 999px) 499.5px, (min-width:1000px) 600px\" \/><\/a><div class=\"entry-wrap entry-wrap-grid\"><h3 class=\"entry-title\" itemprop=\"headline\"><a class=\"entry-title-link\" href=\"https:\/\/neuronup.com\/it\/stimolazione-e-riabilitazione-cognitiva\/malattie-neurodegenerative\/sclerosi-multipla\/laboratorio-cognitivo-con-neuronup-per-lintervento-nella-sclerosi-multipla-em\/\" rel=\"bookmark\">Laboratorio cognitivo con NeuronUP per l&#8217;intervento della sclerosi multipla (SM)<\/a><\/h3>\n<div class=\"entry-excerpt\"><p>Olalla S\u00e1iz V\u00e1zquez, terapista occupazionale e docente presso l&#8217;Universit\u00e0 di Burgos, presenta insieme alle sue studentesse Naroa Mart\u00ednez Bravo, Goretti Manterola Aldazabal e Marina Labat Garru\u00e9s, un laboratorio cognitivo con NeuronUP per la stimolazione cognitiva di persone con sclerosi multipla (SM). Caso clinico Mar\u00eda \u00e8 una donna di 45 anni, diagnosticata con sclerosi multipla recidivante-remittente &hellip;<\/p>\n<\/div><\/div><\/article><article class=\"entry entry-grid is-column has-entry-link has-image has-image-first type-post category-attivita-per-la-sclerosi-multipla tag-attivita-di-stimolazione-cognitiva tag-malattie-neurodegenerative tag-riabilitazione-cognitiva tag-sclerosi-multipla\" style=\"--entry-index:3;\" aria-label=\"Esercizi di riabilitazione cognitiva per persone con sclerosi multipla\" itemscope itemtype=\"https:\/\/schema.org\/CreativeWork\"><a class=\"entry-image-link\" href=\"https:\/\/neuronup.com\/it\/attivita-di-neuroriabilitazione\/attivita-per-la-sclerosi-multipla\/esercizi-di-riabilitazione-cognitiva-per-persone-con-sclerosi-multipla\/\" tabindex=\"-1\" aria-hidden=\"true\"><img decoding=\"async\" width=\"393\" height=\"300\" src=\"https:\/\/neuronup.com\/it\/wp-content\/uploads\/2021\/11\/encontrar-letras-en-palabras.webp\" class=\"entry-image size-landscape-sm\" alt=\"Elenco di parole con segni di spunta verdi accanto ad alcune e una croce rossa accanto a orangut\u00e1n, barra di avanzamento e pulsante Risolvere.\" srcset=\"https:\/\/neuronup.com\/it\/wp-content\/uploads\/2021\/11\/encontrar-letras-en-palabras-300x229.webp 300w, https:\/\/neuronup.com\/it\/wp-content\/uploads\/2021\/11\/encontrar-letras-en-palabras.webp 768w\" sizes=\"(max-width:599px) 599px, (min-width:600px) and (max-width: 799px) 399.5px, (min-width:800px) and (max-width: 999px) 499.5px, (min-width:1000px) 600px\" \/><\/a><div class=\"entry-wrap entry-wrap-grid\"><h3 class=\"entry-title\" itemprop=\"headline\"><a class=\"entry-title-link\" href=\"https:\/\/neuronup.com\/it\/attivita-di-neuroriabilitazione\/attivita-per-la-sclerosi-multipla\/esercizi-di-riabilitazione-cognitiva-per-persone-con-sclerosi-multipla\/\" rel=\"bookmark\">Esercizi di riabilitazione cognitiva per persone con sclerosi multipla<\/a><\/h3>\n<div class=\"entry-excerpt\"><p>In questo articolo descriviamo esercizi di riabilitazione cognitiva per persone con sclerosi multipla sviluppati da professionisti della neuroriabilitazione per professionisti. La sclerosi multipla \u00e8 una malattia autoimmune causata da un virus o da un antigene sconosciuto. In questo caso, il sistema immunitario del nostro organismo attacca la mielina, che \u00e8 una sostanza che avvolge le &hellip;<\/p>\n<\/div><\/div><\/article><article class=\"entry entry-grid is-column has-entry-link has-image has-image-first type-post category-sclerosi-multipla tag-malattie-neurodegenerative tag-sclerosi-multipla\" style=\"--entry-index:4;\" aria-label=\"Differenze tra sclerosi multipla e sclerosi laterale amiotrofica e l&#8217;impatto della Legge ELA 2024\" itemscope itemtype=\"https:\/\/schema.org\/CreativeWork\"><a class=\"entry-image-link\" href=\"https:\/\/neuronup.com\/it\/stimolazione-e-riabilitazione-cognitiva\/malattie-neurodegenerative\/sclerosi-multipla\/differenze-tra-la-sclerosi-multipla-e-la-sclerosi-laterale-amiotrofica\/\" tabindex=\"-1\" aria-hidden=\"true\"><img decoding=\"async\" width=\"400\" height=\"267\" src=\"https:\/\/neuronup.com\/it\/wp-content\/uploads\/2025\/03\/Rehabilitacion-cognitiva-en-pacientes-con-esclerosis-multiple-estrategias-para-mejorar-la-calidad-de-vida.webp\" class=\"entry-image size-landscape-sm\" alt=\"Due mani si tengono: una mano in accappatoio blu a righe e l\u2019altra guantata in lattice blu, sfondo con sedia a rotelle.\" srcset=\"https:\/\/neuronup.com\/it\/wp-content\/uploads\/2025\/03\/Rehabilitacion-cognitiva-en-pacientes-con-esclerosis-multiple-estrategias-para-mejorar-la-calidad-de-vida-300x200.webp 300w, https:\/\/neuronup.com\/it\/wp-content\/uploads\/2025\/03\/Rehabilitacion-cognitiva-en-pacientes-con-esclerosis-multiple-estrategias-para-mejorar-la-calidad-de-vida-768x512.webp 768w, https:\/\/neuronup.com\/it\/wp-content\/uploads\/2025\/03\/Rehabilitacion-cognitiva-en-pacientes-con-esclerosis-multiple-estrategias-para-mejorar-la-calidad-de-vida-1024x683.webp 1024w, https:\/\/neuronup.com\/it\/wp-content\/uploads\/2025\/03\/Rehabilitacion-cognitiva-en-pacientes-con-esclerosis-multiple-estrategias-para-mejorar-la-calidad-de-vida.webp 1200w\" sizes=\"(max-width:599px) 599px, (min-width:600px) and (max-width: 799px) 399.5px, (min-width:800px) and (max-width: 999px) 499.5px, (min-width:1000px) 600px\" \/><\/a><div class=\"entry-wrap entry-wrap-grid\"><h3 class=\"entry-title\" itemprop=\"headline\"><a class=\"entry-title-link\" href=\"https:\/\/neuronup.com\/it\/stimolazione-e-riabilitazione-cognitiva\/malattie-neurodegenerative\/sclerosi-multipla\/differenze-tra-la-sclerosi-multipla-e-la-sclerosi-laterale-amiotrofica\/\" rel=\"bookmark\">Differenze tra sclerosi multipla e sclerosi laterale amiotrofica e l&#8217;impatto della Legge ELA 2024<\/a><\/h3>\n<div class=\"entry-excerpt\"><p>In questo articolo, analizziamo le principali differenze tra la sclerosi multipla e la sclerosi laterale amiotrofica, esplorando contemporaneamente come la Legge ELA influisca sul trattamento e sui servizi di riabilitazione dei pazienti con SLA. Le malattie neurodegenerative, come la sclerosi multipla (SM) e la sclerosi laterale amiotrofica (SLA), incidono gravemente sulla qualit\u00e0 della vita delle &hellip;<\/p>\n<\/div><\/div><\/article><article class=\"entry entry-grid is-column has-entry-link has-image has-image-first type-post category-sclerosi-multipla tag-malattie-neurodegenerative tag-sclerosi-multipla tag-stimolazione-cognitiva\" style=\"--entry-index:5;\" aria-label=\"Riabilitazione cognitiva nei pazienti con sclerosi multipla: strategie per migliorare la qualit\u00e0 della vita\" itemscope itemtype=\"https:\/\/schema.org\/CreativeWork\"><a class=\"entry-image-link\" href=\"https:\/\/neuronup.com\/it\/stimolazione-e-riabilitazione-cognitiva\/malattie-neurodegenerative\/sclerosi-multipla\/riabilitazione-cognitiva-nei-pazienti-con-sclerosi-multipla-strategie-per-migliorare-la-qualita-della-vita\/\" tabindex=\"-1\" aria-hidden=\"true\"><img decoding=\"async\" width=\"400\" height=\"300\" src=\"https:\/\/neuronup.com\/it\/wp-content\/uploads\/2025\/03\/Riabilitazione-cognitiva-nei-pazienti-con-sclerosi-multipla-400x300.webp\" class=\"entry-image size-landscape-sm\" alt=\"Due mani in primo piano: una persona su sedia a rotelle stringe la mano di un caregiver con guanti blu, simbolo di cura e supporto.\" srcset=\"https:\/\/neuronup.com\/it\/wp-content\/uploads\/2025\/03\/Riabilitazione-cognitiva-nei-pazienti-con-sclerosi-multipla-400x300.webp 400w, https:\/\/neuronup.com\/it\/wp-content\/uploads\/2025\/03\/Riabilitazione-cognitiva-nei-pazienti-con-sclerosi-multipla-800x600.webp 800w\" sizes=\"(max-width:599px) 599px, (min-width:600px) and (max-width: 799px) 399.5px, (min-width:800px) and (max-width: 999px) 499.5px, (min-width:1000px) 600px\" \/><\/a><div class=\"entry-wrap entry-wrap-grid\"><h3 class=\"entry-title\" itemprop=\"headline\"><a class=\"entry-title-link\" href=\"https:\/\/neuronup.com\/it\/stimolazione-e-riabilitazione-cognitiva\/malattie-neurodegenerative\/sclerosi-multipla\/riabilitazione-cognitiva-nei-pazienti-con-sclerosi-multipla-strategie-per-migliorare-la-qualita-della-vita\/\" rel=\"bookmark\">Riabilitazione cognitiva nei pazienti con sclerosi multipla: strategie per migliorare la qualit\u00e0 della vita<\/a><\/h3>\n<div class=\"entry-excerpt\"><p>In occasione della Settimana del Cervello 2025, questo articolo esplora strategie terapeutiche basate sull\u2019evidenza per migliorare la qualit\u00e0 della vita dei pazienti con sclerosi multipla (SM). Introduzione La sclerosi multipla (SM) \u00e8 una malattia neurodegenerativa cronica che colpisce il sistema nervoso centrale, causando una vasta gamma di sintomi, tra cui disturbi cognitivi. Questi deficit possono &hellip;<\/p>\n<\/div><\/div><\/article><article class=\"entry entry-grid is-column has-entry-link has-image has-image-first type-post category-sclerosi-multipla tag-malattie-neurodegenerative tag-sclerosi-multipla tag-testimonianze\" style=\"--entry-index:6;\" aria-label=\"L&#8217;esercizio cognitivo pi\u00f9 completo per le persone con sclerosi multipla\" itemscope itemtype=\"https:\/\/schema.org\/CreativeWork\"><a class=\"entry-image-link\" href=\"https:\/\/neuronup.com\/it\/stimolazione-e-riabilitazione-cognitiva\/malattie-neurodegenerative\/sclerosi-multipla\/lesercizio-cognitivo-piu-completo-per-le-persone-con-sclerosi-multipla\/\" tabindex=\"-1\" aria-hidden=\"true\"><img decoding=\"async\" width=\"400\" height=\"300\" src=\"https:\/\/neuronup.com\/it\/wp-content\/uploads\/2024\/10\/Il-numero-mancante-400x300.webp\" class=\"entry-image size-landscape-sm\" alt=\"Griglia 1\u201360 con numeri mancanti; pannello laterale con numeri colorati 1\u20136 e input.\" srcset=\"https:\/\/neuronup.com\/it\/wp-content\/uploads\/2024\/10\/Il-numero-mancante-400x300.webp 400w, https:\/\/neuronup.com\/it\/wp-content\/uploads\/2024\/10\/Il-numero-mancante-800x600.webp 800w\" sizes=\"(max-width:599px) 599px, (min-width:600px) and (max-width: 799px) 399.5px, (min-width:800px) and (max-width: 999px) 499.5px, (min-width:1000px) 600px\" \/><\/a><div class=\"entry-wrap entry-wrap-grid\"><h3 class=\"entry-title\" itemprop=\"headline\"><a class=\"entry-title-link\" href=\"https:\/\/neuronup.com\/it\/stimolazione-e-riabilitazione-cognitiva\/malattie-neurodegenerative\/sclerosi-multipla\/lesercizio-cognitivo-piu-completo-per-le-persone-con-sclerosi-multipla\/\" rel=\"bookmark\">L&#8217;esercizio cognitivo pi\u00f9 completo per le persone con sclerosi multipla<\/a><\/h3>\n<div class=\"entry-excerpt\"><p>Lo psicologo sanitario di ACODEM Juan Portillo Rivas ci propone un&#8217;attivit\u00e0 di NeuronUP per lavorare sulle alterazioni cognitive associate a persone con sclerosi multipla. Tenendo in considerazione la filosofia eminentemente pratica e funzionale di NeuronUP, ci \u00e8 sembrato utile, pratico e piacevole utilizzare un&#8217;attivit\u00e0 della piattaforma per fare un breve e semplice ripasso di aspetti &hellip;<\/p>\n<\/div><\/div><\/article><article class=\"entry entry-grid is-column has-entry-link has-image has-image-first type-post category-sclerosi-multipla tag-sclerosi-multipla tag-stimolazione-cognitiva\" style=\"--entry-index:7;\" aria-label=\"Come le nuove tecnologie producono benefici nei trattamenti cognitivi per la sclerosi multipla\" itemscope itemtype=\"https:\/\/schema.org\/CreativeWork\"><a class=\"entry-image-link\" href=\"https:\/\/neuronup.com\/it\/stimolazione-e-riabilitazione-cognitiva\/malattie-neurodegenerative\/sclerosi-multipla\/come-le-nuove-tecnologie-producono-benefici-nei-trattamenti-cognitivi-per-la-sclerosi-multipla\/\" tabindex=\"-1\" aria-hidden=\"true\"><img decoding=\"async\" width=\"400\" height=\"300\" src=\"https:\/\/neuronup.com\/it\/wp-content\/uploads\/2024\/04\/Esclerosis-multiple-y-nuevas-tecnologias-Yolanda-Virue-NeuronUP-400x300.webp\" class=\"entry-image size-landscape-sm\" alt=\"Donna davanti a un portatile, capelli castani lunghi, digita; accanto tablet, ambiente luminoso con pareti chiare.\" srcset=\"https:\/\/neuronup.com\/it\/wp-content\/uploads\/2024\/04\/Esclerosis-multiple-y-nuevas-tecnologias-Yolanda-Virue-NeuronUP-400x300.webp 400w, https:\/\/neuronup.com\/it\/wp-content\/uploads\/2024\/04\/Esclerosis-multiple-y-nuevas-tecnologias-Yolanda-Virue-NeuronUP-800x600.webp 800w\" sizes=\"(max-width:599px) 599px, (min-width:600px) and (max-width: 799px) 399.5px, (min-width:800px) and (max-width: 999px) 499.5px, (min-width:1000px) 600px\" \/><\/a><div class=\"entry-wrap entry-wrap-grid\"><h3 class=\"entry-title\" itemprop=\"headline\"><a class=\"entry-title-link\" href=\"https:\/\/neuronup.com\/it\/stimolazione-e-riabilitazione-cognitiva\/malattie-neurodegenerative\/sclerosi-multipla\/come-le-nuove-tecnologie-producono-benefici-nei-trattamenti-cognitivi-per-la-sclerosi-multipla\/\" rel=\"bookmark\">Come le nuove tecnologie producono benefici nei trattamenti cognitivi per la sclerosi multipla<\/a><\/h3>\n<div class=\"entry-excerpt\"><p>Yolanda Viru\u00e9 Lapuente, terapista occupazionale con esperienza clinica nell&#8217;approccio degli adulti con sclerosi multipla, ci mostra in questo articolo quali possono essere le inteventi pi\u00f9 efficaci, con maggiore adesione e durata ottimale, utilizzando le nuove tecnologie applicate alle funzioni cognitive nei pazienti con sclerosi multipla. Cos&#8217;\u00e8 la sclerosi multipla? La sclerosi multipla \u00e8 una malattia &hellip;<\/p>\n<\/div><\/div><\/article><article class=\"entry entry-grid is-column has-entry-link has-image has-image-first type-post category-sclerosi-multipla tag-malattie-neurodegenerative tag-regolazione-emotiva tag-sclerosi-multipla tag-stimolazione-cognitiva\" style=\"--entry-index:8;\" aria-label=\"Qual \u00e8 il profilo neuropsicologico tipico delle persone con sclerosi multipla?\" itemscope itemtype=\"https:\/\/schema.org\/CreativeWork\"><a class=\"entry-image-link\" href=\"https:\/\/neuronup.com\/it\/stimolazione-e-riabilitazione-cognitiva\/malattie-neurodegenerative\/sclerosi-multipla\/qual-e-il-profilo-neuropsicologico-tipico-delle-persone-con-sclerosi-multipla\/\" tabindex=\"-1\" aria-hidden=\"true\"><img decoding=\"async\" width=\"400\" height=\"300\" src=\"https:\/\/neuronup.com\/it\/wp-content\/uploads\/2024\/06\/Profilo-neuropsicologico-che-spesso-presenta-persone-con-sclerosi-multipla-NeuronUP-Blog-400x300.webp\" class=\"entry-image size-landscape-sm\" alt=\"Mano posata su un divano: elastico giallo al polso e maglione arancione; sfondo neutro e atmosfera calda.\" srcset=\"https:\/\/neuronup.com\/it\/wp-content\/uploads\/2024\/06\/Profilo-neuropsicologico-che-spesso-presenta-persone-con-sclerosi-multipla-NeuronUP-Blog-400x300.webp 400w, https:\/\/neuronup.com\/it\/wp-content\/uploads\/2024\/06\/Profilo-neuropsicologico-che-spesso-presenta-persone-con-sclerosi-multipla-NeuronUP-Blog-800x600.webp 800w\" sizes=\"(max-width:599px) 599px, (min-width:600px) and (max-width: 799px) 399.5px, (min-width:800px) and (max-width: 999px) 499.5px, (min-width:1000px) 600px\" \/><\/a><div class=\"entry-wrap entry-wrap-grid\"><h3 class=\"entry-title\" itemprop=\"headline\"><a class=\"entry-title-link\" href=\"https:\/\/neuronup.com\/it\/stimolazione-e-riabilitazione-cognitiva\/malattie-neurodegenerative\/sclerosi-multipla\/qual-e-il-profilo-neuropsicologico-tipico-delle-persone-con-sclerosi-multipla\/\" rel=\"bookmark\">Qual \u00e8 il profilo neuropsicologico tipico delle persone con sclerosi multipla?<\/a><\/h3>\n<div class=\"entry-excerpt\"><p>Conchi Moreno Rodr\u00edguez, psicologa sanitaria e neuropsicologa, parla in questo articolo sulla disfunzione cognitiva e sulla regolazione emotiva nelle persone con sclerosi multipla. La sclerosi multipla (SM) \u00e8 una malattia neurodegenerativa che colpisce principalmente gli adulti giovani. La sua sintomatologia \u00e8 molto varia: sintomi sensoriali, motori, visivi, vescicali, cognitivi, emotivi e affaticamento, tra gli altri. &hellip;<\/p>\n<\/div><\/div><\/article><article class=\"entry entry-grid is-column has-entry-link has-image has-image-first type-post category-metodi-e-tecniche-di-intervento-terapeutico-e-psicologico category-sclerosi-multipla category-testimonianze tag-malattie-neurodegenerative tag-sclerosi-multipla tag-testimonianze\" style=\"--entry-index:9;\" aria-label=\"Trattamento della sclerosi multipla con NeuronUP\" itemscope itemtype=\"https:\/\/schema.org\/CreativeWork\"><a class=\"entry-image-link\" href=\"https:\/\/neuronup.com\/it\/stimolazione-e-riabilitazione-cognitiva\/malattie-neurodegenerative\/sclerosi-multipla\/trattamento-della-sclerosi-multipla-con-neuronup\/\" tabindex=\"-1\" aria-hidden=\"true\"><img decoding=\"async\" width=\"400\" height=\"300\" src=\"https:\/\/neuronup.com\/it\/wp-content\/uploads\/2024\/02\/Centro-ADEMBI-en-el-tratamiento-de-la-esclerosis-multiple-11-1-400x300.webp\" class=\"entry-image size-landscape-sm\" alt=\"Due professioniste in ufficio sedute davanti a un computer: una a sinistra guarda lo schermo e l&#039;altra indica qualcosa.\" srcset=\"https:\/\/neuronup.com\/it\/wp-content\/uploads\/2024\/02\/Centro-ADEMBI-en-el-tratamiento-de-la-esclerosis-multiple-11-1-400x300.webp 400w, https:\/\/neuronup.com\/it\/wp-content\/uploads\/2024\/02\/Centro-ADEMBI-en-el-tratamiento-de-la-esclerosis-multiple-11-1-800x600.webp 800w\" sizes=\"(max-width:599px) 599px, (min-width:600px) and (max-width: 799px) 399.5px, (min-width:800px) and (max-width: 999px) 499.5px, (min-width:1000px) 600px\" \/><\/a><div class=\"entry-wrap entry-wrap-grid\"><h3 class=\"entry-title\" itemprop=\"headline\"><a class=\"entry-title-link\" href=\"https:\/\/neuronup.com\/it\/stimolazione-e-riabilitazione-cognitiva\/malattie-neurodegenerative\/sclerosi-multipla\/trattamento-della-sclerosi-multipla-con-neuronup\/\" rel=\"bookmark\">Trattamento della sclerosi multipla con NeuronUP<\/a><\/h3>\n<div class=\"entry-excerpt\"><p>Soraya V\u00e1zquez Caro, psicologa dell&#8217;ADEMBI (Associazione di sclerosi multipla della comunit\u00e0 basca), racconta in questo articolo la sua esperienza nel trattamento della sclerosi multipla con NeuronUP. Il lavoro dell&#8217;Associazione Sclerosi Multipla di Bizkaia Il servizio di neuropsicologia viene offerto nella nostra associazione dal febbraio 2006, a fronte del bisogno che esiste nelle persone con sclerosi &hellip;<\/p>\n<\/div><\/div><\/article><\/div><\/div>\n\n","protected":false},"excerpt":{"rendered":"<p>Le cause della sclerosi multipla sono ancora sconosciute, anche se si pensa che sia causata da un virus o da un antigene che innesca un&#8217;anomalia immunitaria che porta l&#8217;organismo ad attaccare la propria mielina, sebbene anche i fattori ambientali siano coinvolti nello sviluppo della malattia. Un paziente \u00e8 considerato affetto da sclerosi multipla quando si &hellip;<\/p>\n","protected":false},"author":7,"featured_media":0,"parent":1565,"menu_order":0,"comment_status":"closed","ping_status":"closed","template":"","meta":{"_acf_changed":false,"_genesis_hide_title":false,"_genesis_hide_breadcrumbs":false,"_genesis_hide_singular_image":false,"_genesis_hide_footer_widgets":false,"_genesis_custom_body_class":"","_genesis_custom_post_class":"","_genesis_layout":"","footnotes":""},"class_list":{"1":"page","2":"type-page","5":"entry"},"acf":[],"_links":{"self":[{"href":"https:\/\/neuronup.com\/it\/wp-json\/wp\/v2\/pages\/28908","targetHints":{"allow":["GET"]}}],"collection":[{"href":"https:\/\/neuronup.com\/it\/wp-json\/wp\/v2\/pages"}],"about":[{"href":"https:\/\/neuronup.com\/it\/wp-json\/wp\/v2\/types\/page"}],"author":[{"embeddable":true,"href":"https:\/\/neuronup.com\/it\/wp-json\/wp\/v2\/users\/7"}],"replies":[{"embeddable":true,"href":"https:\/\/neuronup.com\/it\/wp-json\/wp\/v2\/comments?post=28908"}],"version-history":[{"count":0,"href":"https:\/\/neuronup.com\/it\/wp-json\/wp\/v2\/pages\/28908\/revisions"}],"up":[{"embeddable":true,"href":"https:\/\/neuronup.com\/it\/wp-json\/wp\/v2\/pages\/1565"}],"wp:attachment":[{"href":"https:\/\/neuronup.com\/it\/wp-json\/wp\/v2\/media?parent=28908"}],"curies":[{"name":"wp","href":"https:\/\/api.w.org\/{rel}","templated":true}]}}