
{"id":28868,"date":"2024-02-07T12:36:50","date_gmt":"2024-02-07T10:36:50","guid":{"rendered":"https:\/\/neuronup.com\/it\/?page_id=28868"},"modified":"2025-02-27T22:14:55","modified_gmt":"2025-02-27T20:14:55","slug":"sindrome-di-down","status":"publish","type":"page","link":"https:\/\/neuronup.com\/it\/neuroriabilitazione\/disabilita-intellettiva\/sindrome-di-down\/","title":{"rendered":"Sindrome di Down"},"content":{"rendered":"\n<p>Si stima che nel mondo vi siano circa <strong>4-5 milioni di persone<\/strong> affette dalla sindrome di Down.<\/p>\n\n\n\n<p>La sindrome di Down colpisce diversi aspetti dello sviluppo del bambino fin dalla fase prenatale, dove la madre <strong>pu\u00f2 identificare la sindrome di Down<\/strong> nei risultati di alcuni test.<\/p>\n\n\n<div class=\"wp-block-image\">\n<figure class=\"aligncenter size-full is-resized\"><img decoding=\"async\" width=\"1080\" height=\"1080\" src=\"https:\/\/neuronup.com\/it\/wp-content\/uploads\/2024\/04\/Sintomas-Down-IT1.webp\" alt=\"Sintomi Sindrome di Down\" class=\"wp-image-29925\" style=\"width:500px\" srcset=\"https:\/\/neuronup.com\/it\/wp-content\/uploads\/2024\/04\/Sintomas-Down-IT1-80x80.webp 80w, https:\/\/neuronup.com\/it\/wp-content\/uploads\/2024\/04\/Sintomas-Down-IT1-150x150.webp 150w, https:\/\/neuronup.com\/it\/wp-content\/uploads\/2024\/04\/Sintomas-Down-IT1-300x300.webp 300w, https:\/\/neuronup.com\/it\/wp-content\/uploads\/2024\/04\/Sintomas-Down-IT1-768x768.webp 768w, https:\/\/neuronup.com\/it\/wp-content\/uploads\/2024\/04\/Sintomas-Down-IT1-1024x1024.webp 1024w, https:\/\/neuronup.com\/it\/wp-content\/uploads\/2024\/04\/Sintomas-Down-IT1.webp 1080w\" sizes=\"(max-width: 1080px) 100vw, 1080px\" \/><\/figure>\n<\/div>\n\n\n<p>I problemi cognitivi di questa sindrome riguardano <strong>aree dello sviluppo come il linguaggio e la comunicazione, la comprensione e la memoria.<\/strong><\/p>\n\n\n\n<p>Vi sono anche conseguenze sulla<strong> salute fisica<\/strong>, come un&#8217;<strong>ipertonia pi\u00f9 evidente e problemi gastrointestinali e cardiaci<\/strong> nel corso della vita.<\/p>\n\n\n\n<p>Il trattamento delle persone con sindrome di Down consiste in una combinazione di terapie, farmaci e altre cure. Questo include:<\/p>\n\n\n\n<ul class=\"wp-block-list\">\n<li>La fisioterapia,<\/li>\n\n\n\n<li>la terapia occupazionale,<\/li>\n\n\n\n<li>la logopedia,<\/li>\n\n\n\n<li>la terapia psicologica per migliorare le funzioni cognitive,<\/li>\n\n\n\n<li>monitoraggio medico specialistico per prevenire complicazioni di salute.<\/li>\n<\/ul>\n\n\n\n<p>Attualmente non esiste una cura per la sindrome di <strong>Down<\/strong>, ma un <strong>intervento precoce e appropriato, adattato alle esigenze di ciascun bambino<\/strong>, pu\u00f2 aiutarlo a raggiungere il suo massimo livello di benessere. Anche il sostegno della famiglia e della scuola \u00e8 essenziale per ottenere la migliore qualit\u00e0 di vita e di sviluppo possibile per le persone con sindrome di Down.<\/p>\n\n\n\n<ul class=\"wp-block-list\">\n<li class=\"has-sm-font-size\">1. Jain, S., &amp; Thakur, A. K. (2017). Syndrome of Down. International Journal of Advanced Medical Research &amp; Clinical Science., 5(2), 1971-1973.<\/li>\n\n\n\n<li class=\"has-sm-font-size\">2. Coleman, M., Boucher, J., &amp; Grimwood, K. (2013). An Overview of Down Syndrome. Frontiers in Pediatrics, 1, 81.<\/li>\n\n\n\n<li class=\"has-sm-font-size\">3. Glasson, E., Fitzpatrick, E., &amp; Howard-Peebles, P. (2019). Down Syndrome. The Lancet, 394(10210), 1517-1527.<\/li>\n\n\n\n<li class=\"has-sm-font-size\">4. Turner, S. J. (2017). Treatment of Down Syndrome: Strategies for Supporting Early Development and Maximizing Quality of Life. The Scientist, 31(8), 16.<\/li>\n\n\n\n<li class=\"has-sm-font-size\">5. Devenny, S., Fee, C., &amp; Layte, R. (2008). The Care Needs of Children with Down Syndrome: Perspectives of Carers and Professionals. Developmental Medicine &amp; Child Neurology, 50(3), 199-205.<\/li>\n<\/ul>\n\n\n\n<h3 class=\"wp-block-heading\">Articoli relativi alla Sindrome di Down<\/h3>\n\n\n<div class=\"mai-grid entries entries-grid has-boxed has-image-full\" style=\"--entry-title-font-size:var(--font-size-lg);--align-text:start;--entry-meta-text-align:start;\"><div class=\"entries-wrap has-columns\" style=\"--columns-xs:1\/1;--columns-sm:1\/1;--columns-md:1\/3;--columns-lg:1\/3;--flex-xs:0 0 var(--flex-basis);--flex-sm:0 0 var(--flex-basis);--flex-md:0 0 var(--flex-basis);--flex-lg:0 0 var(--flex-basis);--column-gap:var(--spacing-lg);--row-gap:var(--spacing-lg);--align-columns:start;\"><article class=\"entry entry-grid is-column has-entry-link has-image has-image-first type-post category-sindrome-di-down tag-disabilita-intellettiva tag-sindrome-di-down\" style=\"--entry-index:1;\" aria-label=\"Sindrome di Down: cos&#8217;\u00e8, cifre, miti e verit\u00e0\" itemscope itemtype=\"https:\/\/schema.org\/CreativeWork\"><a class=\"entry-image-link\" href=\"https:\/\/neuronup.com\/it\/stimolazione-e-riabilitazione-cognitiva\/disabilita-intelletiva\/sindrome-di-down\/sindrome-di-down-che-cose-cifre-miti-e-verita\/\" tabindex=\"-1\" aria-hidden=\"true\"><img decoding=\"async\" width=\"400\" height=\"267\" src=\"https:\/\/neuronup.com\/it\/wp-content\/uploads\/2022\/02\/people-with-down-syndrome-cute-bonding-WMX5BHK-655x437-1-1.webp\" class=\"entry-image size-landscape-sm\" alt=\"Uomo e bambina seduti su un tronco d&#039;albero in un ambiente naturale, entrambi sorridenti, con alberi e prato verde sullo sfondo.\" srcset=\"https:\/\/neuronup.com\/it\/wp-content\/uploads\/2022\/02\/people-with-down-syndrome-cute-bonding-WMX5BHK-655x437-1-1-300x200.webp 300w, https:\/\/neuronup.com\/it\/wp-content\/uploads\/2022\/02\/people-with-down-syndrome-cute-bonding-WMX5BHK-655x437-1-1.webp 767w\" sizes=\"(max-width:599px) 599px, (min-width:600px) and (max-width: 799px) 799px, (min-width:800px) and (max-width: 999px) 333px, (min-width:1000px) 400px\" \/><\/a><div class=\"entry-wrap entry-wrap-grid\"><h3 class=\"entry-title\" itemprop=\"headline\"><a class=\"entry-title-link\" href=\"https:\/\/neuronup.com\/it\/stimolazione-e-riabilitazione-cognitiva\/disabilita-intelletiva\/sindrome-di-down\/sindrome-di-down-che-cose-cifre-miti-e-verita\/\" rel=\"bookmark\">Sindrome di Down: cos&#8217;\u00e8, cifre, miti e verit\u00e0<\/a><\/h3>\n<\/div><\/article><article class=\"entry entry-grid is-column has-entry-link has-image has-image-first type-post category-sindrome-di-down tag-disabilita-intellettiva tag-sindrome-di-down tag-testimonianze\" style=\"--entry-index:2;\" aria-label=\"Lavorare con persone con sindrome di Down per gruppi di et\u00e0\" itemscope itemtype=\"https:\/\/schema.org\/CreativeWork\"><a class=\"entry-image-link\" href=\"https:\/\/neuronup.com\/it\/stimolazione-e-riabilitazione-cognitiva\/disabilita-intelletiva\/sindrome-di-down\/lavorare-con-persone-con-sindrome-di-down-per-gruppi-di-eta\/\" tabindex=\"-1\" aria-hidden=\"true\"><img decoding=\"async\" width=\"400\" height=\"300\" src=\"https:\/\/neuronup.com\/it\/wp-content\/uploads\/2024\/11\/Una-bambina-utilizza-lattivita-di-NeuronUP-per-lavorare-sulle-gnosie-chiamata-Formazione-di-volti-400x300.webp\" class=\"entry-image size-landscape-sm\" alt=\"Ragazza seduta utilizza un tablet per l\u2019attivit\u00e0 Formazione di volti di NeuronUP, con maglione a scacchi giallo e nero.\" srcset=\"https:\/\/neuronup.com\/it\/wp-content\/uploads\/2024\/11\/Una-bambina-utilizza-lattivita-di-NeuronUP-per-lavorare-sulle-gnosie-chiamata-Formazione-di-volti-300x225.webp 300w, https:\/\/neuronup.com\/it\/wp-content\/uploads\/2024\/11\/Una-bambina-utilizza-lattivita-di-NeuronUP-per-lavorare-sulle-gnosie-chiamata-Formazione-di-volti-400x300.webp 400w, https:\/\/neuronup.com\/it\/wp-content\/uploads\/2024\/11\/Una-bambina-utilizza-lattivita-di-NeuronUP-per-lavorare-sulle-gnosie-chiamata-Formazione-di-volti.webp 768w\" sizes=\"(max-width:599px) 599px, (min-width:600px) and (max-width: 799px) 799px, (min-width:800px) and (max-width: 999px) 333px, (min-width:1000px) 400px\" \/><\/a><div class=\"entry-wrap entry-wrap-grid\"><h3 class=\"entry-title\" itemprop=\"headline\"><a class=\"entry-title-link\" href=\"https:\/\/neuronup.com\/it\/stimolazione-e-riabilitazione-cognitiva\/disabilita-intelletiva\/sindrome-di-down\/lavorare-con-persone-con-sindrome-di-down-per-gruppi-di-eta\/\" rel=\"bookmark\">Lavorare con persone con sindrome di Down per gruppi di et\u00e0<\/a><\/h3>\n<\/div><\/article><article class=\"entry entry-grid is-column has-entry-link has-image has-image-first type-post category-sindrome-di-down tag-disabilita-intellettiva tag-sindrome-di-down tag-testimonianze\" style=\"--entry-index:3;\" aria-label=\"Invecchiamento delle persone con sindrome di Down\" itemscope itemtype=\"https:\/\/schema.org\/CreativeWork\"><a class=\"entry-image-link\" href=\"https:\/\/neuronup.com\/it\/stimolazione-e-riabilitazione-cognitiva\/disabilita-intelletiva\/sindrome-di-down\/invecchiamento-delle-persone-con-sindrome-di-down\/\" tabindex=\"-1\" aria-hidden=\"true\"><img decoding=\"async\" width=\"400\" height=\"300\" src=\"https:\/\/neuronup.com\/it\/wp-content\/uploads\/2024\/11\/closeup-of-support-hands-1-400x300-1-400x300.webp\" class=\"entry-image size-landscape-sm\" alt=\"Due mani: una persona anziana stringe un bastone per la mobilit\u00e0, mentre l&#039;assistente offre supporto in cura.\" srcset=\"https:\/\/neuronup.com\/it\/wp-content\/uploads\/2024\/11\/closeup-of-support-hands-1-400x300-1-300x225.webp 300w, https:\/\/neuronup.com\/it\/wp-content\/uploads\/2024\/11\/closeup-of-support-hands-1-400x300-1-400x300.webp 400w, https:\/\/neuronup.com\/it\/wp-content\/uploads\/2024\/11\/closeup-of-support-hands-1-400x300-1-768x576.webp 768w, https:\/\/neuronup.com\/it\/wp-content\/uploads\/2024\/11\/closeup-of-support-hands-1-400x300-1-800x600.webp 800w, https:\/\/neuronup.com\/it\/wp-content\/uploads\/2024\/11\/closeup-of-support-hands-1-400x300-1-1024x768.webp 1024w, https:\/\/neuronup.com\/it\/wp-content\/uploads\/2024\/11\/closeup-of-support-hands-1-400x300-1.webp 1200w\" sizes=\"(max-width:599px) 599px, (min-width:600px) and (max-width: 799px) 799px, (min-width:800px) and (max-width: 999px) 333px, (min-width:1000px) 400px\" \/><\/a><div class=\"entry-wrap entry-wrap-grid\"><h3 class=\"entry-title\" itemprop=\"headline\"><a class=\"entry-title-link\" href=\"https:\/\/neuronup.com\/it\/stimolazione-e-riabilitazione-cognitiva\/disabilita-intelletiva\/sindrome-di-down\/invecchiamento-delle-persone-con-sindrome-di-down\/\" rel=\"bookmark\">Invecchiamento delle persone con sindrome di Down<\/a><\/h3>\n<\/div><\/article><\/div><\/div>","protected":false},"excerpt":{"rendered":"<p>Si stima che nel mondo vi siano circa 4-5 milioni di persone affette dalla sindrome di Down. La sindrome di Down colpisce diversi aspetti dello sviluppo del bambino fin dalla fase prenatale, dove la madre pu\u00f2 identificare la sindrome di Down nei risultati di alcuni test. I problemi cognitivi di questa sindrome riguardano aree dello &hellip;<\/p>\n","protected":false},"author":7,"featured_media":0,"parent":1582,"menu_order":0,"comment_status":"closed","ping_status":"closed","template":"","meta":{"_acf_changed":false,"_genesis_hide_title":false,"_genesis_hide_breadcrumbs":false,"_genesis_hide_singular_image":false,"_genesis_hide_footer_widgets":false,"_genesis_custom_body_class":"","_genesis_custom_post_class":"","_genesis_layout":"wide-content","footnotes":""},"class_list":{"1":"page","2":"type-page","5":"entry"},"acf":[],"_links":{"self":[{"href":"https:\/\/neuronup.com\/it\/wp-json\/wp\/v2\/pages\/28868","targetHints":{"allow":["GET"]}}],"collection":[{"href":"https:\/\/neuronup.com\/it\/wp-json\/wp\/v2\/pages"}],"about":[{"href":"https:\/\/neuronup.com\/it\/wp-json\/wp\/v2\/types\/page"}],"author":[{"embeddable":true,"href":"https:\/\/neuronup.com\/it\/wp-json\/wp\/v2\/users\/7"}],"replies":[{"embeddable":true,"href":"https:\/\/neuronup.com\/it\/wp-json\/wp\/v2\/comments?post=28868"}],"version-history":[{"count":0,"href":"https:\/\/neuronup.com\/it\/wp-json\/wp\/v2\/pages\/28868\/revisions"}],"up":[{"embeddable":true,"href":"https:\/\/neuronup.com\/it\/wp-json\/wp\/v2\/pages\/1582"}],"wp:attachment":[{"href":"https:\/\/neuronup.com\/it\/wp-json\/wp\/v2\/media?parent=28868"}],"curies":[{"name":"wp","href":"https:\/\/api.w.org\/{rel}","templated":true}]}}