
{"id":28029,"date":"2023-12-20T11:14:07","date_gmt":"2023-12-20T09:14:07","guid":{"rendered":"https:\/\/neuronup.com\/it\/?page_id=28029"},"modified":"2025-02-27T22:18:52","modified_gmt":"2025-02-27T20:18:52","slug":"invecchiamento-normale","status":"publish","type":"page","link":"https:\/\/neuronup.com\/it\/neuroriabilitazione\/invecchiamento-normale\/","title":{"rendered":"Invecchiamento normale"},"content":{"rendered":"\n<h2 class=\"wp-block-heading\">Cos&#8217;\u00e8 l&#8217;invecchiamento cerebrale?<\/h2>\n\n\n\n<p>L&#8217;invecchiamento cerebrale \u00e8 un deterioramento generalizzato dell&#8217;individuo in cui, a causa di diversi processi, i tessuti degenerano e si verificano una limitazione del rinnovamento cellulare e il rallentamento della maggior parte dei processi.<\/p>\n\n\n\n<p>Tuttavia, questa degenerazione non \u00e8 dovuta solo al processo di invecchiamento <strong>biologico<\/strong>, ma dipende anche da fattori <strong>ambientali<\/strong>, come la sfera <strong>sociale<\/strong> e <strong>familiare<\/strong>, e soprattutto dal <strong>grado di stimolazione<\/strong> ricevuto in questi ambiti. Le esperienze di vita sono strettamente correlate al deterioramento; la cattiva salute, la scarsa istruzione, la presenza di qualche patologia o la mancanza di motivazione, oltre a molte altre cause, possono interferire con la corretta manifestazione delle funzioni intellettuali.<\/p>\n\n\n\n<p>Questi fattori sono correlati, ma una parte del declino attribuito all&#8217;et\u00e0 pu\u00f2 anche essere dovuto semplicemente alla mancanza di <strong>stimolazione cognitiva<\/strong>. Le persone che ricevono pochi stimoli dall&#8217;ambiente soffrono pi\u00f9 rapidamente del declino delle facolt\u00e0 mentali rispetto alle persone esposte a grandi stimoli sensoriali, ovvero pi\u00f9 stimoli cognitivi riceve una persona, pi\u00f9 autonomia dimostrer\u00e0.<\/p>\n\n\n\n<p>Questo concetto \u00e8 noto come <strong>riserva cognitiva<\/strong>, cio\u00e8 la quantit\u00e0 di conoscenze, risorse cognitive e strategie di adattamento che una persona accumula nel corso della propria vita: quanto pi\u00f9 ricchi sono gli stimoli che una persona ha ricevuto (istruzione, cultura, esperienze, sfide&#8230;), tanto pi\u00f9 \u00e8 probabile che abbia una riserva che le permetta di affrontare i cambiamenti associati all&#8217;invecchiamento e, quindi, di fronteggiare meglio il deterioramento cognitivo che si presenta con l&#8217;invecchiamento.<\/p>\n\n\n\n<h3 class=\"wp-block-heading\">Principali deficit rilevati in et\u00e0 avanzata<\/h3>\n\n\n\n<p>Alcuni dei principali deficit osservati in et\u00e0 avanzata riguardano l&#8217;<strong>elaborazione delle informazioni<\/strong>, l&#8217;apprendimento e il recupero delle informazioni (<strong>memoria<\/strong>), la <strong>risoluzione dei problemi<\/strong> e la <strong>velocit\u00e0 di risposta<\/strong>.<\/p>\n\n\n\n<p>L&#8217;aspetto pi\u00f9 importante in questo ambito \u00e8 garantire alle persone la migliore <strong>qualit\u00e0 della vita<\/strong> possibile il pi\u00f9 a lungo possibile. Questo concetto \u00e8 direttamente legato all&#8217;<strong>autonomia funzionale<\/strong>, che \u00e8 caratterizzata da:<\/p>\n\n\n\n<ul class=\"wp-block-list\">\n<li><strong>Essere indipendente<\/strong>&nbsp;per svolgere le attivit\u00e0 della vita quotidiana, come fare la spesa, memorizzare e riconoscere l&#8217;itinerario dell&#8217;autobus, preparare i pasti, essere in grado di curare la propria igiene, tenere la contabilit\u00e0, ecc.<\/li>\n\n\n\n<li><strong>Usufruire del sostegno familiare e sociale <\/strong>per non isolarsi dal proprio ambiente. Studi recenti hanno dimostrato che il contatto sociale \u00e8 il fattore pi\u00f9 importante contro il declino cognitivo in et\u00e0 avanzata. Inoltre, esiste una forte connessione tra isolamento sociale e sintomi depressivi tipici del cambiamento di vita in et\u00e0 avanzata, e declino cognitivo.<\/li>\n\n\n\n<li>Essere in grado di <strong>conservare uno<\/strong> <strong>stato di salute<\/strong> accettabile in base all&#8217;et\u00e0 cronologica e alle condizioni evolutive. L&#8217;esercizio fisico (al ritmo pi\u00f9 adatto a ciascuno) non solo migliora la muscolatura del corpo, ma anche l&#8217;umore e la plasticit\u00e0 del cervello.<\/li>\n<\/ul>\n\n\n\n<p>\u00c8 dimostrato che il deterioramento rallenta e i deficit sono pi\u00f9 lievi se si conduce una vita attiva e sana in ambienti stimolanti e se si continua a lavorare sulle proprie capacit\u00e0 attraverso pratiche ed esercizi di stimolazione cognitiva.<\/p>\n\n\n\n<h3 class=\"wp-block-heading\">Articoli sull&#8217;invecchiamento normale<\/h3>\n\n\n<div class=\"mai-grid entries entries-grid has-boxed has-image-left-full\" style=\"--entry-title-font-size:var(--font-size-lg);--aspect-ratio:4\/3;--entry-image-link-max-width:25%;--align-text:start;--align-text-vertical:unset;--entry-meta-text-align:start;\"><div class=\"entries-wrap has-columns has-image-stack\" style=\"--columns-xs:1\/1;--columns-sm:1\/1;--columns-md:1\/1;--columns-lg:1\/1;--flex-xs:0 0 var(--flex-basis);--flex-sm:0 0 var(--flex-basis);--flex-md:0 0 var(--flex-basis);--flex-lg:0 0 var(--flex-basis);--column-gap:var(--spacing-lg);--row-gap:var(--spacing-lg);--align-columns:start;\"><article class=\"entry entry-grid is-column has-entry-link has-image has-image-first type-post category-attivita-per-un-invecchiamento-normale tag-attivita-di-stimolazione-cognitiva tag-invecchiamento-normale\" style=\"--entry-index:1;\" aria-label=\"Intervento con NeuronUP in anziani con deterioramento cognitivo lieve (DCL)\" itemscope itemtype=\"https:\/\/schema.org\/CreativeWork\"><a class=\"entry-image-link\" href=\"https:\/\/neuronup.com\/it\/attivita-di-neuroriabilitazione\/attivita-per-un-invecchiamento-normale\/intervento-con-neuronup-in-anziani-con-deterioramento-cognitivo-lieve-dcl\/\" tabindex=\"-1\" aria-hidden=\"true\"><img decoding=\"async\" width=\"400\" height=\"267\" src=\"https:\/\/neuronup.com\/it\/wp-content\/uploads\/2024\/09\/personas-mayores-usando-un-portatil-con-NeuronUP2GO.webp\" class=\"entry-image size-landscape-sm\" alt=\"Due anziani seduti a un tavolo guardano un laptop: videochiamata con miniature, caff\u00e8 e dolce sul tavolo, ambiente domestico.\" srcset=\"https:\/\/neuronup.com\/it\/wp-content\/uploads\/2024\/09\/personas-mayores-usando-un-portatil-con-NeuronUP2GO-300x200.webp 300w, https:\/\/neuronup.com\/it\/wp-content\/uploads\/2024\/09\/personas-mayores-usando-un-portatil-con-NeuronUP2GO-768x512.webp 768w, https:\/\/neuronup.com\/it\/wp-content\/uploads\/2024\/09\/personas-mayores-usando-un-portatil-con-NeuronUP2GO-1024x683.webp 1024w, https:\/\/neuronup.com\/it\/wp-content\/uploads\/2024\/09\/personas-mayores-usando-un-portatil-con-NeuronUP2GO.webp 1200w\" sizes=\"(max-width:599px) 599px, (min-width:600px) and (max-width: 799px) 199.75px, (min-width:800px) and (max-width: 999px) 249.75px, (min-width:1000px) 300px\" \/><\/a><div class=\"entry-wrap entry-wrap-grid\"><h3 class=\"entry-title\" itemprop=\"headline\"><a class=\"entry-title-link\" href=\"https:\/\/neuronup.com\/it\/attivita-di-neuroriabilitazione\/attivita-per-un-invecchiamento-normale\/intervento-con-neuronup-in-anziani-con-deterioramento-cognitivo-lieve-dcl\/\" rel=\"bookmark\">Intervento con NeuronUP in anziani con deterioramento cognitivo lieve (DCL)<\/a><\/h3>\n<div class=\"entry-excerpt\"><p>La terapista occupazionale, Olalla S\u00e1iz V\u00e1zquez, spiega come svolgere un intervento con NeuronUP in anziani con deterioramento cognitivo lieve (DCL). Il gruppo con cui si lavorer\u00e0 \u00e8 composto da cinque utenti con DCL del Centro Residenziale Mevefares. Si considera DCL quando il deterioramento cognitivo supera quanto atteso per l&#8217;et\u00e0 dell&#8217;utente ma non soddisfa i criteri &hellip;<\/p>\n<\/div><div class=\"entry-more\"><a class=\"entry-more-link button button-secondary button-small\" href=\"https:\/\/neuronup.com\/it\/attivita-di-neuroriabilitazione\/attivita-per-un-invecchiamento-normale\/intervento-con-neuronup-in-anziani-con-deterioramento-cognitivo-lieve-dcl\/\">Ver m\u00e1s ejercicios de estimulaci\u00f3n cognitiva para mayores<span class=\"screen-reader-text\">Intervento con NeuronUP in anziani con deterioramento cognitivo lieve (DCL)<\/span><\/a><\/div><\/div><\/article><article class=\"entry entry-grid is-column has-entry-link has-image has-image-first type-post category-attivita-per-un-invecchiamento-normale tag-attenzione tag-attivita-di-stimolazione-cognitiva tag-neuronup tag-stimolazione-cognitiva\" style=\"--entry-index:2;\" aria-label=\"Intervento con NeuronUP per la stimolazione cognitiva in geriatria\" itemscope itemtype=\"https:\/\/schema.org\/CreativeWork\"><a class=\"entry-image-link\" href=\"https:\/\/neuronup.com\/it\/attivita-di-neuroriabilitazione\/attivita-per-un-invecchiamento-normale\/intervento-con-neuronup-per-la-stimolazione-cognitiva-in-geriatria\/\" tabindex=\"-1\" aria-hidden=\"true\"><img decoding=\"async\" width=\"400\" height=\"267\" src=\"https:\/\/neuronup.com\/it\/wp-content\/uploads\/2022\/11\/Intervencion-con-NeuronUP-para-la-estimulacion-cognitiva-en-geriatria.webp\" class=\"entry-image size-landscape-sm\" alt=\"Medico o infermiere in camice verde assiste un paziente a letto: sorridono, tablet in mano, luce naturale dalla finestra.\" srcset=\"https:\/\/neuronup.com\/it\/wp-content\/uploads\/2022\/11\/Intervencion-con-NeuronUP-para-la-estimulacion-cognitiva-en-geriatria-300x200.webp 300w, https:\/\/neuronup.com\/it\/wp-content\/uploads\/2022\/11\/Intervencion-con-NeuronUP-para-la-estimulacion-cognitiva-en-geriatria-768x512.webp 768w, https:\/\/neuronup.com\/it\/wp-content\/uploads\/2022\/11\/Intervencion-con-NeuronUP-para-la-estimulacion-cognitiva-en-geriatria-1024x683.webp 1024w, https:\/\/neuronup.com\/it\/wp-content\/uploads\/2022\/11\/Intervencion-con-NeuronUP-para-la-estimulacion-cognitiva-en-geriatria.webp 1205w\" sizes=\"(max-width:599px) 599px, (min-width:600px) and (max-width: 799px) 199.75px, (min-width:800px) and (max-width: 999px) 249.75px, (min-width:1000px) 300px\" \/><\/a><div class=\"entry-wrap entry-wrap-grid\"><h3 class=\"entry-title\" itemprop=\"headline\"><a class=\"entry-title-link\" href=\"https:\/\/neuronup.com\/it\/attivita-di-neuroriabilitazione\/attivita-per-un-invecchiamento-normale\/intervento-con-neuronup-per-la-stimolazione-cognitiva-in-geriatria\/\" rel=\"bookmark\">Intervento con NeuronUP per la stimolazione cognitiva in geriatria<\/a><\/h3>\n<div class=\"entry-more\"><a class=\"entry-more-link button button-secondary button-small\" href=\"https:\/\/neuronup.com\/it\/attivita-di-neuroriabilitazione\/attivita-per-un-invecchiamento-normale\/intervento-con-neuronup-per-la-stimolazione-cognitiva-in-geriatria\/\">Ver m\u00e1s ejercicios de estimulaci\u00f3n cognitiva para mayores<span class=\"screen-reader-text\">Intervento con NeuronUP per la stimolazione cognitiva in geriatria<\/span><\/a><\/div><\/div><\/article><article class=\"entry entry-grid is-column has-entry-link has-image has-image-first type-post category-attivita-di-neuroriabilitazione category-attivita-per-un-invecchiamento-normale tag-anziani tag-attivita-di-stimolazione-cognitiva tag-invecchiamento-normale\" style=\"--entry-index:3;\" aria-label=\"7 esercizi di stimolazione cognitiva per anziani\" itemscope itemtype=\"https:\/\/schema.org\/CreativeWork\"><a class=\"entry-image-link\" href=\"https:\/\/neuronup.com\/it\/attivita-di-neuroriabilitazione\/stimolazione-cognitiva-per-anziani-esercizi-di-stimolazione-cognitiva-per-anziani\/\" tabindex=\"-1\" aria-hidden=\"true\"><img decoding=\"async\" width=\"400\" height=\"300\" src=\"https:\/\/neuronup.com\/it\/wp-content\/uploads\/2024\/10\/Actividad-Separa-los-bichos.webp\" class=\"entry-image size-landscape-sm\" alt=\"Gioco educativo con insetti: coccinelle verdi scorrono su una rete a sinistra e coccinelle rosse con fiori a destra, e pulsante salto.\" srcset=\"https:\/\/neuronup.com\/it\/wp-content\/uploads\/2024\/10\/Actividad-Separa-los-bichos-300x226.webp 300w, https:\/\/neuronup.com\/it\/wp-content\/uploads\/2024\/10\/Actividad-Separa-los-bichos-768x578.webp 768w, https:\/\/neuronup.com\/it\/wp-content\/uploads\/2024\/10\/Actividad-Separa-los-bichos-1024x771.webp 1024w, https:\/\/neuronup.com\/it\/wp-content\/uploads\/2024\/10\/Actividad-Separa-los-bichos.webp 1200w\" sizes=\"(max-width:599px) 599px, (min-width:600px) and (max-width: 799px) 199.75px, (min-width:800px) and (max-width: 999px) 249.75px, (min-width:1000px) 300px\" \/><\/a><div class=\"entry-wrap entry-wrap-grid\"><h3 class=\"entry-title\" itemprop=\"headline\"><a class=\"entry-title-link\" href=\"https:\/\/neuronup.com\/it\/attivita-di-neuroriabilitazione\/stimolazione-cognitiva-per-anziani-esercizi-di-stimolazione-cognitiva-per-anziani\/\" rel=\"bookmark\">7 esercizi di stimolazione cognitiva per anziani<\/a><\/h3>\n<div class=\"entry-excerpt\"><p>Proponiamo 7 esercizi di stimolazione cognitiva per anziani progettati da neuropsicologi e terapisti occupazionali per rafforzare l&#8217;autonomia funzionale e rallentare il declino cognitivo delle persone in et\u00e0 avanzata. Sempre pi\u00f9 studi confermano i benefici della stimolazione cognitiva per gli anziani. Non solo per le persone con Alzheimer, ma anche per gli adulti anziani con invecchiamento &hellip;<\/p>\n<\/div><div class=\"entry-more\"><a class=\"entry-more-link button button-secondary button-small\" href=\"https:\/\/neuronup.com\/it\/attivita-di-neuroriabilitazione\/stimolazione-cognitiva-per-anziani-esercizi-di-stimolazione-cognitiva-per-anziani\/\">Ver m\u00e1s ejercicios de estimulaci\u00f3n cognitiva para mayores<span class=\"screen-reader-text\">7 esercizi di stimolazione cognitiva per anziani<\/span><\/a><\/div><\/div><\/article><\/div><\/div>\n\n<div class=\"mai-grid entries entries-grid has-boxed has-image-full\" style=\"--entry-title-font-size:var(--font-size-lg);--align-text:start;--entry-meta-text-align:start;\"><div class=\"entries-wrap has-columns\" style=\"--columns-xs:1\/1;--columns-sm:1\/1;--columns-md:1\/3;--columns-lg:1\/3;--flex-xs:0 0 var(--flex-basis);--flex-sm:0 0 var(--flex-basis);--flex-md:0 0 var(--flex-basis);--flex-lg:0 0 var(--flex-basis);--column-gap:var(--spacing-lg);--row-gap:var(--spacing-lg);--align-columns:start;\"><article class=\"entry entry-grid is-column has-entry-link has-image has-image-first type-post category-attivita-per-un-invecchiamento-normale tag-attivita-di-stimolazione-cognitiva tag-invecchiamento-normale\" style=\"--entry-index:1;\" aria-label=\"Intervento con NeuronUP in anziani con deterioramento cognitivo lieve (DCL)\" itemscope itemtype=\"https:\/\/schema.org\/CreativeWork\"><a class=\"entry-image-link\" href=\"https:\/\/neuronup.com\/it\/attivita-di-neuroriabilitazione\/attivita-per-un-invecchiamento-normale\/intervento-con-neuronup-in-anziani-con-deterioramento-cognitivo-lieve-dcl\/\" tabindex=\"-1\" aria-hidden=\"true\"><img decoding=\"async\" width=\"400\" height=\"267\" src=\"https:\/\/neuronup.com\/it\/wp-content\/uploads\/2024\/09\/personas-mayores-usando-un-portatil-con-NeuronUP2GO.webp\" class=\"entry-image size-landscape-sm\" alt=\"Due anziani seduti a un tavolo guardano un laptop: videochiamata con miniature, caff\u00e8 e dolce sul tavolo, ambiente domestico.\" srcset=\"https:\/\/neuronup.com\/it\/wp-content\/uploads\/2024\/09\/personas-mayores-usando-un-portatil-con-NeuronUP2GO-300x200.webp 300w, https:\/\/neuronup.com\/it\/wp-content\/uploads\/2024\/09\/personas-mayores-usando-un-portatil-con-NeuronUP2GO-768x512.webp 768w, https:\/\/neuronup.com\/it\/wp-content\/uploads\/2024\/09\/personas-mayores-usando-un-portatil-con-NeuronUP2GO-1024x683.webp 1024w, https:\/\/neuronup.com\/it\/wp-content\/uploads\/2024\/09\/personas-mayores-usando-un-portatil-con-NeuronUP2GO.webp 1200w\" sizes=\"(max-width:599px) 599px, (min-width:600px) and (max-width: 799px) 799px, (min-width:800px) and (max-width: 999px) 333px, (min-width:1000px) 400px\" \/><\/a><div class=\"entry-wrap entry-wrap-grid\"><h3 class=\"entry-title\" itemprop=\"headline\"><a class=\"entry-title-link\" href=\"https:\/\/neuronup.com\/it\/attivita-di-neuroriabilitazione\/attivita-per-un-invecchiamento-normale\/intervento-con-neuronup-in-anziani-con-deterioramento-cognitivo-lieve-dcl\/\" rel=\"bookmark\">Intervento con NeuronUP in anziani con deterioramento cognitivo lieve (DCL)<\/a><\/h3>\n<\/div><\/article><article class=\"entry entry-grid is-column has-entry-link has-image has-image-first type-post category-attivita-per-un-invecchiamento-normale tag-attenzione tag-attivita-di-stimolazione-cognitiva tag-neuronup tag-stimolazione-cognitiva\" style=\"--entry-index:2;\" aria-label=\"Intervento con NeuronUP per la stimolazione cognitiva in geriatria\" itemscope itemtype=\"https:\/\/schema.org\/CreativeWork\"><a class=\"entry-image-link\" href=\"https:\/\/neuronup.com\/it\/attivita-di-neuroriabilitazione\/attivita-per-un-invecchiamento-normale\/intervento-con-neuronup-per-la-stimolazione-cognitiva-in-geriatria\/\" tabindex=\"-1\" aria-hidden=\"true\"><img decoding=\"async\" width=\"400\" height=\"267\" src=\"https:\/\/neuronup.com\/it\/wp-content\/uploads\/2022\/11\/Intervencion-con-NeuronUP-para-la-estimulacion-cognitiva-en-geriatria.webp\" class=\"entry-image size-landscape-sm\" alt=\"Medico o infermiere in camice verde assiste un paziente a letto: sorridono, tablet in mano, luce naturale dalla finestra.\" srcset=\"https:\/\/neuronup.com\/it\/wp-content\/uploads\/2022\/11\/Intervencion-con-NeuronUP-para-la-estimulacion-cognitiva-en-geriatria-300x200.webp 300w, https:\/\/neuronup.com\/it\/wp-content\/uploads\/2022\/11\/Intervencion-con-NeuronUP-para-la-estimulacion-cognitiva-en-geriatria-768x512.webp 768w, https:\/\/neuronup.com\/it\/wp-content\/uploads\/2022\/11\/Intervencion-con-NeuronUP-para-la-estimulacion-cognitiva-en-geriatria-1024x683.webp 1024w, https:\/\/neuronup.com\/it\/wp-content\/uploads\/2022\/11\/Intervencion-con-NeuronUP-para-la-estimulacion-cognitiva-en-geriatria.webp 1205w\" sizes=\"(max-width:599px) 599px, (min-width:600px) and (max-width: 799px) 799px, (min-width:800px) and (max-width: 999px) 333px, (min-width:1000px) 400px\" \/><\/a><div class=\"entry-wrap entry-wrap-grid\"><h3 class=\"entry-title\" itemprop=\"headline\"><a class=\"entry-title-link\" href=\"https:\/\/neuronup.com\/it\/attivita-di-neuroriabilitazione\/attivita-per-un-invecchiamento-normale\/intervento-con-neuronup-per-la-stimolazione-cognitiva-in-geriatria\/\" rel=\"bookmark\">Intervento con NeuronUP per la stimolazione cognitiva in geriatria<\/a><\/h3>\n<\/div><\/article><article class=\"entry entry-grid is-column has-entry-link has-image has-image-first type-post category-invecchiamento-normale tag-anziani tag-invecchiamento-normale\" style=\"--entry-index:3;\" aria-label=\"Benefici della stimolazione cognitiva nelle persone anziane\" itemscope itemtype=\"https:\/\/schema.org\/CreativeWork\"><a class=\"entry-image-link\" href=\"https:\/\/neuronup.com\/it\/stimolazione-e-riabilitazione-cognitiva\/invecchiamento-normale\/benefici-della-stimolazione-cognitiva-nelle-persone-anziane\/\" tabindex=\"-1\" aria-hidden=\"true\"><img decoding=\"async\" width=\"400\" height=\"210\" src=\"https:\/\/neuronup.com\/it\/wp-content\/uploads\/2022\/08\/Beneficios-de-la-estimulacion-cognitiva-en-personas-mayores-2.webp\" class=\"entry-image size-landscape-sm\" alt=\"Donna in maglietta chiara interagisce con due uomini anziani in una sala riunioni, di fronte a un proiettore con icone visive.\" srcset=\"https:\/\/neuronup.com\/it\/wp-content\/uploads\/2022\/08\/Beneficios-de-la-estimulacion-cognitiva-en-personas-mayores-2-300x157.webp 300w, https:\/\/neuronup.com\/it\/wp-content\/uploads\/2022\/08\/Beneficios-de-la-estimulacion-cognitiva-en-personas-mayores-2-768x403.webp 768w, https:\/\/neuronup.com\/it\/wp-content\/uploads\/2022\/08\/Beneficios-de-la-estimulacion-cognitiva-en-personas-mayores-2-1024x537.webp 1024w, https:\/\/neuronup.com\/it\/wp-content\/uploads\/2022\/08\/Beneficios-de-la-estimulacion-cognitiva-en-personas-mayores-2.webp 1286w\" sizes=\"(max-width:599px) 599px, (min-width:600px) and (max-width: 799px) 799px, (min-width:800px) and (max-width: 999px) 333px, (min-width:1000px) 400px\" \/><\/a><div class=\"entry-wrap entry-wrap-grid\"><h3 class=\"entry-title\" itemprop=\"headline\"><a class=\"entry-title-link\" href=\"https:\/\/neuronup.com\/it\/stimolazione-e-riabilitazione-cognitiva\/invecchiamento-normale\/benefici-della-stimolazione-cognitiva-nelle-persone-anziane\/\" rel=\"bookmark\">Benefici della stimolazione cognitiva nelle persone anziane<\/a><\/h3>\n<\/div><\/article><article class=\"entry entry-grid is-column has-entry-link has-image has-image-first type-post category-attivita-di-neuroriabilitazione category-attivita-per-un-invecchiamento-normale tag-anziani tag-attivita-di-stimolazione-cognitiva tag-invecchiamento-normale\" style=\"--entry-index:4;\" aria-label=\"7 esercizi di stimolazione cognitiva per anziani\" itemscope itemtype=\"https:\/\/schema.org\/CreativeWork\"><a class=\"entry-image-link\" href=\"https:\/\/neuronup.com\/it\/attivita-di-neuroriabilitazione\/stimolazione-cognitiva-per-anziani-esercizi-di-stimolazione-cognitiva-per-anziani\/\" tabindex=\"-1\" aria-hidden=\"true\"><img decoding=\"async\" width=\"400\" height=\"300\" src=\"https:\/\/neuronup.com\/it\/wp-content\/uploads\/2024\/10\/Actividad-Separa-los-bichos.webp\" class=\"entry-image size-landscape-sm\" alt=\"Gioco educativo con insetti: coccinelle verdi scorrono su una rete a sinistra e coccinelle rosse con fiori a destra, e pulsante salto.\" srcset=\"https:\/\/neuronup.com\/it\/wp-content\/uploads\/2024\/10\/Actividad-Separa-los-bichos-300x226.webp 300w, https:\/\/neuronup.com\/it\/wp-content\/uploads\/2024\/10\/Actividad-Separa-los-bichos-768x578.webp 768w, https:\/\/neuronup.com\/it\/wp-content\/uploads\/2024\/10\/Actividad-Separa-los-bichos-1024x771.webp 1024w, https:\/\/neuronup.com\/it\/wp-content\/uploads\/2024\/10\/Actividad-Separa-los-bichos.webp 1200w\" sizes=\"(max-width:599px) 599px, (min-width:600px) and (max-width: 799px) 799px, (min-width:800px) and (max-width: 999px) 333px, (min-width:1000px) 400px\" \/><\/a><div class=\"entry-wrap entry-wrap-grid\"><h3 class=\"entry-title\" itemprop=\"headline\"><a class=\"entry-title-link\" href=\"https:\/\/neuronup.com\/it\/attivita-di-neuroriabilitazione\/stimolazione-cognitiva-per-anziani-esercizi-di-stimolazione-cognitiva-per-anziani\/\" rel=\"bookmark\">7 esercizi di stimolazione cognitiva per anziani<\/a><\/h3>\n<\/div><\/article><article class=\"entry entry-grid is-column has-entry-link has-image has-image-first type-post category-invecchiamento-normale tag-anziani tag-invecchiamento-normale\" style=\"--entry-index:5;\" aria-label=\"Come combattere la solitudine involontaria nelle persone anziane\" itemscope itemtype=\"https:\/\/schema.org\/CreativeWork\"><a class=\"entry-image-link\" href=\"https:\/\/neuronup.com\/it\/stimolazione-e-riabilitazione-cognitiva\/invecchiamento-normale\/come-combattere-la-solitudine-involontaria-nelle-persone-anziane\/\" tabindex=\"-1\" aria-hidden=\"true\"><img decoding=\"async\" width=\"400\" height=\"300\" src=\"https:\/\/neuronup.com\/it\/wp-content\/uploads\/2024\/02\/Persona-mayor-sentada-en-el-banco1-400x300.webp\" class=\"entry-image size-landscape-sm\" alt=\"Uomo anziano seduto su una panchina in un parco, schiena voltata all\u2019osservatore, abito chiaro, contesto di alberi e fiori.\" srcset=\"https:\/\/neuronup.com\/it\/wp-content\/uploads\/2024\/02\/Persona-mayor-sentada-en-el-banco1-400x300.webp 400w, https:\/\/neuronup.com\/it\/wp-content\/uploads\/2024\/02\/Persona-mayor-sentada-en-el-banco1-800x600.webp 800w\" sizes=\"(max-width:599px) 599px, (min-width:600px) and (max-width: 799px) 799px, (min-width:800px) and (max-width: 999px) 333px, (min-width:1000px) 400px\" \/><\/a><div class=\"entry-wrap entry-wrap-grid\"><h3 class=\"entry-title\" itemprop=\"headline\"><a class=\"entry-title-link\" href=\"https:\/\/neuronup.com\/it\/stimolazione-e-riabilitazione-cognitiva\/invecchiamento-normale\/come-combattere-la-solitudine-involontaria-nelle-persone-anziane\/\" rel=\"bookmark\">Come combattere la solitudine involontaria nelle persone anziane<\/a><\/h3>\n<\/div><\/article><article class=\"entry entry-grid is-column has-entry-link has-image has-image-first type-post category-invecchiamento-normale tag-anziani tag-invecchiamento-normale tag-malattie-neurodegenerative\" style=\"--entry-index:6;\" aria-label=\"Le zone blu e il segreto della longevit\u00e0\" itemscope itemtype=\"https:\/\/schema.org\/CreativeWork\"><a class=\"entry-image-link\" href=\"https:\/\/neuronup.com\/it\/stimolazione-e-riabilitazione-cognitiva\/invecchiamento-normale\/le-zone-blu-e-il-segreto-della-longevita\/\" tabindex=\"-1\" aria-hidden=\"true\"><img decoding=\"async\" width=\"400\" height=\"300\" src=\"https:\/\/neuronup.com\/it\/wp-content\/uploads\/2024\/02\/zonas-azules-11-400x300.webp\" class=\"entry-image size-landscape-sm\" alt=\"Mappa globale evidenzia Zone Blu: Loma Linda, Sardegna, Icaria, Okinawa e Nicoya; nota sull&#039;unica zona America Latina; collega l&#039;immagine al tema della longevit\u00e0.\" srcset=\"https:\/\/neuronup.com\/it\/wp-content\/uploads\/2024\/02\/zonas-azules-11-400x300.webp 400w, https:\/\/neuronup.com\/it\/wp-content\/uploads\/2024\/02\/zonas-azules-11-800x600.webp 800w\" sizes=\"(max-width:599px) 599px, (min-width:600px) and (max-width: 799px) 799px, (min-width:800px) and (max-width: 999px) 333px, (min-width:1000px) 400px\" \/><\/a><div class=\"entry-wrap entry-wrap-grid\"><h3 class=\"entry-title\" itemprop=\"headline\"><a class=\"entry-title-link\" href=\"https:\/\/neuronup.com\/it\/stimolazione-e-riabilitazione-cognitiva\/invecchiamento-normale\/le-zone-blu-e-il-segreto-della-longevita\/\" rel=\"bookmark\">Le zone blu e il segreto della longevit\u00e0<\/a><\/h3>\n<\/div><\/article><\/div><\/div>","protected":false},"excerpt":{"rendered":"<p>Cos&#8217;\u00e8 l&#8217;invecchiamento cerebrale? L&#8217;invecchiamento cerebrale \u00e8 un deterioramento generalizzato dell&#8217;individuo in cui, a causa di diversi processi, i tessuti degenerano e si verificano una limitazione del rinnovamento cellulare e il rallentamento della maggior parte dei processi. Tuttavia, questa degenerazione non \u00e8 dovuta solo al processo di invecchiamento biologico, ma dipende anche da fattori ambientali, come &hellip;<\/p>\n","protected":false},"author":7,"featured_media":0,"parent":1534,"menu_order":0,"comment_status":"closed","ping_status":"closed","template":"","meta":{"_acf_changed":false,"_genesis_hide_title":false,"_genesis_hide_breadcrumbs":false,"_genesis_hide_singular_image":false,"_genesis_hide_footer_widgets":false,"_genesis_custom_body_class":"nup-style neurorehab","_genesis_custom_post_class":"nup-style neurorehab","_genesis_layout":"","footnotes":""},"class_list":{"1":"page","2":"type-page","5":"entry","6":"nup-style neurorehab"},"acf":[],"_links":{"self":[{"href":"https:\/\/neuronup.com\/it\/wp-json\/wp\/v2\/pages\/28029","targetHints":{"allow":["GET"]}}],"collection":[{"href":"https:\/\/neuronup.com\/it\/wp-json\/wp\/v2\/pages"}],"about":[{"href":"https:\/\/neuronup.com\/it\/wp-json\/wp\/v2\/types\/page"}],"author":[{"embeddable":true,"href":"https:\/\/neuronup.com\/it\/wp-json\/wp\/v2\/users\/7"}],"replies":[{"embeddable":true,"href":"https:\/\/neuronup.com\/it\/wp-json\/wp\/v2\/comments?post=28029"}],"version-history":[{"count":0,"href":"https:\/\/neuronup.com\/it\/wp-json\/wp\/v2\/pages\/28029\/revisions"}],"up":[{"embeddable":true,"href":"https:\/\/neuronup.com\/it\/wp-json\/wp\/v2\/pages\/1534"}],"wp:attachment":[{"href":"https:\/\/neuronup.com\/it\/wp-json\/wp\/v2\/media?parent=28029"}],"curies":[{"name":"wp","href":"https:\/\/api.w.org\/{rel}","templated":true}]}}