
{"id":27937,"date":"2023-12-19T19:11:48","date_gmt":"2023-12-19T17:11:48","guid":{"rendered":"https:\/\/neuronup.com\/it\/?page_id=27937"},"modified":"2025-12-02T15:06:17","modified_gmt":"2025-12-02T13:06:17","slug":"neuronup-score","status":"publish","type":"page","link":"https:\/\/neuronup.com\/it\/prodotto\/neuronup-score\/","title":{"rendered":"NeuronUP Score"},"content":{"rendered":"\n<p class=\"has-lg-font-size has-md-max-width\">Vuoi <strong>misurare i progressi dei tuoi utenti con grafici di evoluzione<\/strong>? Vuoi <strong>confrontare i dati dei tuoi utenti <\/strong>con i loro risultati passati? Ti interessa mostrare i numeri del tuo intervento ai tuoi utenti e alle loro famiglie? In questo articolo ti spieghiamo come farlo grazie a <strong><mark style=\"background-color:rgba(0, 0, 0, 0)\" class=\"has-inline-color has-primary-color\">NeuronUP Score<\/mark><\/strong>.<\/p>\n\n\n\n<h2 class=\"wp-block-heading\">Cos\u2019\u00e8 NeuronUP Score?<\/h2>\n\n\n\n<p>NeuronUP Score \u00e8 il <strong>punteggio <\/strong>utilizzato per misurare i<strong> progressi degli utenti di NeuronUP<\/strong>, offrendo la possibilit\u00e0 di confrontare i risultati attuali con i punteggi precedenti. Inoltre, in futuro, consentir\u00e0 il confronto con i punteggi di utenti simili.<\/p>\n\n\n\n<h2 class=\"wp-block-heading\">Tipi di Score<\/h2>\n\n\n\n<p>In NeuronUP sono presenti 4 diversi tipi di Score. Due sono relativi all&#8217;utente e due all&#8217;attivit\u00e0.<\/p>\n\n\n\n<h3 class=\"wp-block-heading\">1. Score globale<\/h3>\n\n\n\n<p>Lo score globale \u00e8 la <strong>media degli score ottenuti <\/strong>dall&#8217;utente nell&#8217;<strong>intervallo di tempo selezionato.<\/strong><\/p>\n\n\n\n<p>\u00c8 possibile vedere l&#8217;evoluzione degli score globali nel grafico a linee della schermata NeuronUP Score.<\/p>\n\n\n<div class=\"wp-block-image\">\n<figure class=\"aligncenter size-full is-resized\"><img decoding=\"async\" width=\"149\" height=\"71\" src=\"https:\/\/neuronup.com\/it\/wp-content\/uploads\/2024\/05\/Score-globale.webp\" alt=\"Score globale del grafico di evoluzione di NeuronUP.\" class=\"wp-image-30462\" style=\"width:169px\"\/><figcaption class=\"wp-element-caption\">Score globale del grafico di evoluzione di NeuronUP.<\/figcaption><\/figure>\n<\/div>\n\n\n<h3 class=\"wp-block-heading\">2. Score attuale<\/h3>\n\n\n\n<p>Lo score <strong>attuale <\/strong>\u00e8 <strong>la media degli score ottenuti negli ultimi tre mesi. <\/strong>\u00c8 il quadro di <strong>riferimento per conoscere la situazione attuale dell&#8217;utente<\/strong>.<\/p>\n\n\n<div class=\"wp-block-image\">\n<figure class=\"aligncenter size-full is-resized\"><img decoding=\"async\" width=\"127\" height=\"70\" src=\"https:\/\/neuronup.com\/it\/wp-content\/uploads\/2024\/05\/Score-attuale.webp\" alt=\"NeuronUP Score. Score attuale del grafico di evoluzione di NeuronUP.\" class=\"wp-image-30463\" style=\"width:169px\"\/><figcaption class=\"wp-element-caption\">Score attuale del grafico di evoluzione di NeuronUP.<\/figcaption><\/figure>\n<\/div>\n\n\n<h3 class=\"wp-block-heading\">3. Score di una funzione cognitiva<\/h3>\n\n\n\n<p>Lo score di una funzione cognitiva \u00e8 la <strong>media degli score ottenuti<\/strong> in quella funzione cognitiva nell&#8217;<strong>intervallo di tempo selezionato<\/strong>.<\/p>\n\n\n\n<p>\u00c8 possibile vedere l&#8217;evoluzione degli score delle funzioni cognitive nel grafico a linee della schermata NeuronUP Score.<\/p>\n\n\n<div class=\"wp-block-image image-interface\">\n<figure class=\"aligncenter size-large\"><img decoding=\"async\" width=\"1024\" height=\"356\" src=\"https:\/\/neuronup.com\/it\/wp-content\/uploads\/2024\/05\/Score-di-una-funzione-cognitiva-1024x356.webp\" alt=\"Grafici di evoluzione comparativa delle funzioni cognitive.\" class=\"wp-image-30464\" srcset=\"https:\/\/neuronup.com\/it\/wp-content\/uploads\/2024\/05\/Score-di-una-funzione-cognitiva-300x104.webp 300w, https:\/\/neuronup.com\/it\/wp-content\/uploads\/2024\/05\/Score-di-una-funzione-cognitiva-768x267.webp 768w, https:\/\/neuronup.com\/it\/wp-content\/uploads\/2024\/05\/Score-di-una-funzione-cognitiva-1024x356.webp 1024w, https:\/\/neuronup.com\/it\/wp-content\/uploads\/2024\/05\/Score-di-una-funzione-cognitiva-1536x534.webp 1536w, https:\/\/neuronup.com\/it\/wp-content\/uploads\/2024\/05\/Score-di-una-funzione-cognitiva.webp 1548w\" sizes=\"(max-width: 1024px) 100vw, 1024px\" \/><figcaption class=\"wp-element-caption\">Grafici di evoluzione comparativa delle funzioni cognitive.<\/figcaption><\/figure>\n<\/div>\n\n\n<h3 class=\"wp-block-heading\">4. Score generale dell\u2019attivit\u00e0<\/h3>\n\n\n\n<p>Lo score glabale dell&#8217;attivit\u00e0 \u00e8 la <strong>media dei punteggi ottenuti in quell&#8217;attivit\u00e0 <\/strong>nell&#8217;intervallo di tempo selezionato.<br><\/p>\n\n\n\n<h2 class=\"wp-block-heading\">Utilit\u00e0 di NeuronUP Score nel tuo intervento<\/h2>\n\n\n\n<ol class=\"wp-block-list\">\n<li><strong>Vedere visivamente i progressi<\/strong> dei tuoi utenti;<\/li>\n\n\n\n<li><strong>gestire al meglio il follow-up<\/strong> degli utenti;<\/li>\n\n\n\n<li><strong>dimostrare il tuo lavoro<\/strong> con i dati ad utenti e famiglie;<\/li>\n\n\n\n<li><strong>confrontare i progressi dei tuoi utenti in una funzione cognitiva rispetto ad altre.<\/strong><\/li>\n<\/ol>\n\n\n\n<div class=\"wp-block-group\"><div class=\"wp-block-group__inner-container is-layout-constrained wp-block-group-is-layout-constrained\">\n<div class=\"wp-block-columns is-layout-flex wp-container-core-columns-is-layout-9d6595d7 wp-block-columns-is-layout-flex\">\n<div class=\"wp-block-column br-0111 p-5 particle-bg anims-fadein-up has-primary-background-color has-background is-layout-flow wp-block-column-is-layout-flow\">\n<h2 class=\"wp-block-heading has-white-color has-text-color\">Per conoscere a fondo<br><strong>NeuronUP<\/strong><\/h2>\n\n\n\n<div class=\"wp-block-buttons is-content-justification-center is-layout-flex wp-container-core-buttons-is-layout-16018d1d wp-block-buttons-is-layout-flex\">\n<div class=\"wp-block-button--1\" style=\"--button-outline-color:var(--color-white);--button-outline-color-hover:rgba(0,0,0,0.8);\"><a class=\"wp-block-button__link button button-outline   has-link-color wp-element-button\" href=\"https:\/\/neuronup.com\/redirect\/?target=typeform\/videochiamata?utm_first_source=Web&#038;utm_first_campaign_name=Request_meeting\">Parla con un esperto<\/a><\/div>\n\n<\/div>\n<\/div>\n\n\n\n<div class=\"wp-block-column br-0111 p-5 particle-bg anims-fadein-up has-primary-background-color has-background is-layout-flow wp-block-column-is-layout-flow\">\n<h2 class=\"wp-block-heading has-white-color has-text-color\">Prova gratuitamente<\/h2>\n\n\n\n<p class=\"has-white-color has-text-color\">La piattaforma che pi\u00f9 di 4.500 professionisti utilizzano ogni giorno<\/p>\n\n\n\n<div class=\"wp-block-buttons is-layout-flex wp-block-buttons-is-layout-flex\">\n<div class=\"wp-block-button orange-button\" style=\"--button-background:var(--color-custom-1);--button-background-hover:#cc7e00;\"><a class=\"wp-block-button__link button   wp-element-button\" href=\"https:\/\/neuronup.com\/it\/landing-store-user\/\">Richiedi una prova<img decoding=\"async\" class=\"wp-image-18719\" style=\"width: 8px;\" src=\"\/it\/wp-content\/uploads\/2022\/v3\/icon_rightArrow-white.svg\"><\/a><\/div>\n\n<\/div>\n<\/div>\n<\/div>\n<\/div><\/div>\n\n\n\n<h2 class=\"wp-block-heading\">Grafici di evoluzione<\/h2>\n\n\n\n<h3 class=\"wp-block-heading\">Cosa sono i grafici di evoluzione?<\/h3>\n\n\n\n<p>I grafici di evoluzione di NeuronUP ti permettono di <strong>vedere i progressi dei tuoi utenti in modo chiaro.<\/strong><\/p>\n\n\n\n<h3 class=\"wp-block-heading\">Tipi di grafici<\/h3>\n\n\n\n<h4 class=\"wp-block-heading\">1. Linea di tendenza<\/h4>\n\n\n\n<p>Nel grafico dell&#8217;evoluzione dell&#8217;utente \u00e8 attivato di default il <strong>filtro di tendenza, che consente di visualizzare chiaramente l&#8217;andamento dello score.<\/strong><\/p>\n\n\n\n<p>Questa linea \u00e8 molto utile negli<strong> interventi a lungo termine <\/strong>che presentano un&#8217;elevata dispersione dei risultati, come si pu\u00f2 vedere nell&#8217;immagine seguente.<\/p>\n\n\n\n<h4 class=\"wp-block-heading\">2. Grafica dell\u2019impatto<\/h4>\n\n\n\n<p>Con il grafico dell&#8217;impatto \u00e8 possibile vedere l&#8217;<strong>importanza di ogni area di intervento allenata attraverso NeuronUP Score<\/strong>. In questo modo, avrai la possibilit\u00e0 di ridefinire il focus dell&#8217;intervento, se necessario.<\/p>\n\n\n<div class=\"wp-block-image image-interface\">\n<figure class=\"aligncenter size-large is-resized\"><img decoding=\"async\" width=\"1024\" height=\"428\" src=\"https:\/\/neuronup.com\/it\/wp-content\/uploads\/2024\/05\/Grafica-dellimpatto-1024x428.webp\" alt=\"NeuronUP Score. Grafica dell\u2019impatto.\" class=\"wp-image-30465\" style=\"object-fit:cover;width:788px;height:328px\" srcset=\"https:\/\/neuronup.com\/it\/wp-content\/uploads\/2024\/05\/Grafica-dellimpatto-300x125.webp 300w, https:\/\/neuronup.com\/it\/wp-content\/uploads\/2024\/05\/Grafica-dellimpatto-768x321.webp 768w, https:\/\/neuronup.com\/it\/wp-content\/uploads\/2024\/05\/Grafica-dellimpatto-1024x428.webp 1024w, https:\/\/neuronup.com\/it\/wp-content\/uploads\/2024\/05\/Grafica-dellimpatto-1536x642.webp 1536w, https:\/\/neuronup.com\/it\/wp-content\/uploads\/2024\/05\/Grafica-dellimpatto.webp 1893w\" sizes=\"(max-width: 1024px) 100vw, 1024px\" \/><figcaption class=\"wp-element-caption\">Grafica dell\u2019impatto.<\/figcaption><\/figure>\n<\/div>\n\n\n<div class=\"wp-block-group alignfull has-alt-background-color has-background has-light-background has-sm-padding-top has-sm-padding-bottom\"><div class=\"wp-block-group__inner-container is-layout-constrained wp-block-group-is-layout-constrained\">\n<p class=\"has-text-align-center\">Se vuoi saperne di pi\u00f9 su NeuronUP Score, <strong><a href=\"https:\/\/neuronup.com\/it\/indicatori-di-rendimento-del-sistema-neuronup-score\/\">consulta qui la documentaci\u00f3n.<\/a><\/strong><\/p>\n<\/div><\/div>\n\n","protected":false},"excerpt":{"rendered":"<p>Vuoi misurare i progressi dei tuoi utenti con grafici di evoluzione? Vuoi confrontare i dati dei tuoi utenti con i loro risultati passati? Ti interessa mostrare i numeri del tuo intervento ai tuoi utenti e alle loro famiglie? In questo articolo ti spieghiamo come farlo grazie a NeuronUP Score. Cos\u2019\u00e8 NeuronUP Score? NeuronUP Score \u00e8 &hellip;<\/p>\n","protected":false},"author":7,"featured_media":29902,"parent":21885,"menu_order":0,"comment_status":"closed","ping_status":"closed","template":"","meta":{"_acf_changed":false,"_genesis_hide_title":false,"_genesis_hide_breadcrumbs":false,"_genesis_hide_singular_image":false,"_genesis_hide_footer_widgets":false,"_genesis_custom_body_class":"","_genesis_custom_post_class":"","_genesis_layout":"","footnotes":""},"class_list":{"1":"page","2":"type-page","6":"entry"},"acf":[],"_links":{"self":[{"href":"https:\/\/neuronup.com\/it\/wp-json\/wp\/v2\/pages\/27937","targetHints":{"allow":["GET"]}}],"collection":[{"href":"https:\/\/neuronup.com\/it\/wp-json\/wp\/v2\/pages"}],"about":[{"href":"https:\/\/neuronup.com\/it\/wp-json\/wp\/v2\/types\/page"}],"author":[{"embeddable":true,"href":"https:\/\/neuronup.com\/it\/wp-json\/wp\/v2\/users\/7"}],"replies":[{"embeddable":true,"href":"https:\/\/neuronup.com\/it\/wp-json\/wp\/v2\/comments?post=27937"}],"version-history":[{"count":0,"href":"https:\/\/neuronup.com\/it\/wp-json\/wp\/v2\/pages\/27937\/revisions"}],"up":[{"embeddable":true,"href":"https:\/\/neuronup.com\/it\/wp-json\/wp\/v2\/pages\/21885"}],"wp:featuredmedia":[{"embeddable":true,"href":"https:\/\/neuronup.com\/it\/wp-json\/wp\/v2\/media\/29902"}],"wp:attachment":[{"href":"https:\/\/neuronup.com\/it\/wp-json\/wp\/v2\/media?parent=27937"}],"curies":[{"name":"wp","href":"https:\/\/api.w.org\/{rel}","templated":true}]}}