
{"id":24502,"date":"2023-03-28T10:55:24","date_gmt":"2023-03-28T08:55:24","guid":{"rendered":"https:\/\/neuronup.com\/it\/?page_id=24502"},"modified":"2025-09-12T10:28:52","modified_gmt":"2025-09-12T08:28:52","slug":"teleriabilitazione-la-riabilitazione-cognitiva-a-distanza-con-neuronup","status":"publish","type":"page","link":"https:\/\/neuronup.com\/it\/prodotto\/teleriabilitazione-la-riabilitazione-cognitiva-a-distanza-con-neuronup\/","title":{"rendered":"Teleriabilitazione: la riabilitazione cognitiva a distanza con NeuronUP"},"content":{"rendered":"\n<p class=\"has-xl-font-size\">Vuoi<strong> lavorare a distanza con i tuoi utenti<\/strong>? NeuronUP ti permette di <mark style=\"background-color:rgba(0, 0, 0, 0)\" class=\"has-inline-color has-primary-color\"><strong>creare sedute a domicilio<\/strong>,<\/mark> per integrare il lavoro svolto nel tuo centro, evitare di interrompere la terapia durante le vacanze o le malattie e facilitare l&#8217;intervento per le persone con difficolt\u00e0 di spostamento. Approfitta dei vantaggi della <strong>teleriabilitazione <\/strong>sperimentando la <strong>riabilitazione cognitiva a distanza<\/strong> con NeuronUP2GO!<\/p>\n\n\n\n<h2 class=\"wp-block-heading\">Cos&#8217;\u00e8 NeuronUP2GO?<\/h2>\n\n\n\n<p>Queste sono le <strong>sedute domestiche di NeuronUP<\/strong>.<\/p>\n\n\n\n<h2 class=\"wp-block-heading\">Vantaggi della teleriabilitazione con NeuronUP<\/h2>\n\n\n\n<p>Lavorare da remoto con i tuoi utenti presenta molti vantaggi sia per te come professionista che per i tuoi utenti. Eccoli in dettaglio qui di seguito:<br><\/p>\n\n\n\n<h3 class=\"wp-block-heading\">Vantaggi della teleriabilitazione con NeuronUP <strong>per professionisti\/e<\/strong><\/h3>\n\n\n\n<ol class=\"wp-block-list\">\n<li><strong>Consolida <\/strong>il lavoro fatto in studio.<\/li>\n\n\n\n<li><strong>Evita interruzioni nella terapia<\/strong> anche in assenza del paziente o dello specialista in sede, o per difficolt\u00e0 di mobilit\u00e0 del paziente.<\/li>\n\n\n\n<li><strong>Facilita l&#8217;intervento<\/strong> per le persone con difficolt\u00e0 di mobilit\u00e0.<\/li>\n\n\n\n<li><strong>Amplia la capacit\u00e0 del vostro centro <\/strong>di gestire la riabilitazione di utenti situati in diverse parti del mondo.<\/li>\n\n\n\n<li>Esegui un <strong>intervento a distanza controllato e personalizzato<\/strong>, grazie a tutti i risultati memorizzati nella piattaforma.<\/li>\n\n\n\n<li><strong>Rimodula la terapia<\/strong> in base ai progressi di ciascun utente, promuovendo un miglioramento continuo e programmato.<\/li>\n<\/ol>\n\n\n<div class=\"wp-block-image\">\n<figure class=\"aligncenter size-full\"><img decoding=\"async\" width=\"1080\" height=\"1080\" src=\"https:\/\/neuronup.com\/it\/wp-content\/uploads\/2025\/09\/Vantaggi-della-teleriabilitazione-con-NeuronUP-per-professionisti.webp\" alt=\"Vantaggi della teleriabilitazione con NeuronUP\" class=\"wp-image-41721\" srcset=\"https:\/\/neuronup.com\/it\/wp-content\/uploads\/2025\/09\/Vantaggi-della-teleriabilitazione-con-NeuronUP-per-professionisti-80x80.webp 80w, https:\/\/neuronup.com\/it\/wp-content\/uploads\/2025\/09\/Vantaggi-della-teleriabilitazione-con-NeuronUP-per-professionisti-150x150.webp 150w, https:\/\/neuronup.com\/it\/wp-content\/uploads\/2025\/09\/Vantaggi-della-teleriabilitazione-con-NeuronUP-per-professionisti-300x300.webp 300w, https:\/\/neuronup.com\/it\/wp-content\/uploads\/2025\/09\/Vantaggi-della-teleriabilitazione-con-NeuronUP-per-professionisti-768x768.webp 768w, https:\/\/neuronup.com\/it\/wp-content\/uploads\/2025\/09\/Vantaggi-della-teleriabilitazione-con-NeuronUP-per-professionisti-1024x1024.webp 1024w, https:\/\/neuronup.com\/it\/wp-content\/uploads\/2025\/09\/Vantaggi-della-teleriabilitazione-con-NeuronUP-per-professionisti.webp 1080w\" sizes=\"(max-width: 1080px) 100vw, 1080px\" \/><\/figure>\n<\/div>\n\n\n<div style=\"height:50px\" aria-hidden=\"true\" class=\"wp-block-spacer\"><\/div>\n\n\n\n<div class=\"wp-block-group\"><div class=\"wp-block-group__inner-container is-layout-constrained wp-block-group-is-layout-constrained\">\n<div class=\"wp-block-columns is-layout-flex wp-container-core-columns-is-layout-9d6595d7 wp-block-columns-is-layout-flex\">\n<div class=\"wp-block-column br-0111 p-5 particle-bg anims-fadein-up has-primary-background-color has-background is-layout-flow wp-block-column-is-layout-flow\">\n<h2 class=\"wp-block-heading has-white-color has-text-color\">Per conoscere a fondo<br><strong>NeuronUP<\/strong><\/h2>\n\n\n\n<div class=\"wp-block-buttons is-content-justification-center is-layout-flex wp-container-core-buttons-is-layout-16018d1d wp-block-buttons-is-layout-flex\">\n<div class=\"wp-block-button--1\" style=\"--button-outline-color:var(--color-white);--button-outline-color-hover:rgba(0,0,0,0.8);\"><a class=\"wp-block-button__link button button-outline   has-link-color wp-element-button\" href=\"https:\/\/neuronup.com\/redirect\/?target=typeform\/videochiamata?utm_first_source=Web&#038;utm_first_campaign_name=Request_meeting\">Parla con un esperto<\/a><\/div>\n\n<\/div>\n<\/div>\n\n\n\n<div class=\"wp-block-column br-0111 p-5 particle-bg anims-fadein-up has-primary-background-color has-background is-layout-flow wp-block-column-is-layout-flow\">\n<h2 class=\"wp-block-heading has-white-color has-text-color\">Prova gratuitamente<\/h2>\n\n\n\n<p class=\"has-white-color has-text-color\">La piattaforma che pi\u00f9 di 4.500 professionisti utilizzano ogni giorno<\/p>\n\n\n\n<div class=\"wp-block-buttons is-layout-flex wp-block-buttons-is-layout-flex\">\n<div class=\"wp-block-button orange-button\" style=\"--button-background:var(--color-custom-1);--button-background-hover:#cc7e00;\"><a class=\"wp-block-button__link button   wp-element-button\" href=\"https:\/\/neuronup.com\/it\/landing-store-user\/\">Richiedi una prova<img decoding=\"async\" class=\"wp-image-18719\" style=\"width: 8px;\" src=\"\/it\/wp-content\/uploads\/2022\/v3\/icon_rightArrow-white.svg\"><\/a><\/div>\n\n<\/div>\n<\/div>\n<\/div>\n<\/div><\/div>\n\n\n\n<div style=\"height:50px\" aria-hidden=\"true\" class=\"wp-block-spacer\"><\/div>\n\n\n\n<h3 class=\"wp-block-heading\">Vantaggi della <strong>teleriabilitazione <\/strong>con NeuronUP <strong>per i tuoi utenti<\/strong><\/h3>\n\n\n\n<ol class=\"wp-block-list\">\n<li><strong>Permette di continuare la riabilitazione comodamente da casa propria<\/strong>, in qualsiasi momento della giornata<\/li>\n\n\n\n<li><strong>Consente di mantenere la terapia a distanza<\/strong> quando si \u00e8 <strong>malati, si lavora fuori citt\u00e0 o si \u00e8 in vacanza<\/strong>.<\/li>\n\n\n\n<li><strong>Evita gli spostamenti<\/strong>, aspetto centrale per le persone con problemi di mobilit\u00e0.<\/li>\n\n\n\n<li><strong>Consolida <\/strong>le attivit\u00e0 svolte in presenza in studio.<\/li>\n\n\n\n<li><strong><strong>Favorisce l&#8217;adesione al trattamento.<\/strong><\/strong><\/li>\n<\/ol>\n\n\n\n<figure class=\"wp-block-image size-full\"><img decoding=\"async\" width=\"1024\" height=\"1024\" src=\"https:\/\/neuronup.com\/it\/wp-content\/uploads\/2024\/04\/Vantaggi-della-teleriabilitazione-con-NeuronUP-per-gli-utenti.webp\" alt=\"Vantaggi-della-teleriabilitazione-con-NeuronUP-per gli utenti\" class=\"wp-image-29887\" srcset=\"https:\/\/neuronup.com\/it\/wp-content\/uploads\/2024\/04\/Vantaggi-della-teleriabilitazione-con-NeuronUP-per-gli-utenti-80x80.webp 80w, https:\/\/neuronup.com\/it\/wp-content\/uploads\/2024\/04\/Vantaggi-della-teleriabilitazione-con-NeuronUP-per-gli-utenti-150x150.webp 150w, https:\/\/neuronup.com\/it\/wp-content\/uploads\/2024\/04\/Vantaggi-della-teleriabilitazione-con-NeuronUP-per-gli-utenti-300x300.webp 300w, https:\/\/neuronup.com\/it\/wp-content\/uploads\/2024\/04\/Vantaggi-della-teleriabilitazione-con-NeuronUP-per-gli-utenti-768x768.webp 768w, https:\/\/neuronup.com\/it\/wp-content\/uploads\/2024\/04\/Vantaggi-della-teleriabilitazione-con-NeuronUP-per-gli-utenti.webp 1024w\" sizes=\"(max-width: 1024px) 100vw, 1024px\" \/><\/figure>\n\n\n\n<h2 class=\"wp-block-heading\">Come si svolge la riabilitazione cognitiva a distanza con NeuronUP?<\/h2>\n\n\n\n<p class=\"has-xl-margin-top has-xl-margin-bottom\">Ecco una spiegazione passo per passo di<strong> come funziona la teleriabilitazione con NeuronUP<\/strong>:<\/p>\n\n\n\n<div class=\"wp-block-columns is-layout-flex wp-container-core-columns-is-layout-9d6595d7 wp-block-columns-is-layout-flex\">\n<div class=\"wp-block-column is-layout-flow wp-block-column-is-layout-flow\">\n<h3 class=\"wp-block-heading\">1. <strong>Il\/la professionista pianifica le sedute <\/strong>a distanza<\/h3>\n\n\n\n<p>Il\/la professionista <strong>sceglie le attivit\u00e0<\/strong> in base alle esigenze e alle caratteristiche di ciascun utente, allievo o paziente.<\/p>\n<\/div>\n\n\n\n<div class=\"wp-block-column is-layout-flow wp-block-column-is-layout-flow\">\n<figure class=\"wp-block-image size-full\"><img decoding=\"async\" width=\"1024\" height=\"721\" src=\"https:\/\/neuronup.com\/it\/wp-content\/uploads\/2024\/01\/Il-professionista-guida-le-attivita.webp\" alt=\"Il professionista guida le attivita\" class=\"wp-image-28272\" srcset=\"https:\/\/neuronup.com\/it\/wp-content\/uploads\/2024\/01\/Il-professionista-guida-le-attivita-300x211.webp 300w, https:\/\/neuronup.com\/it\/wp-content\/uploads\/2024\/01\/Il-professionista-guida-le-attivita-768x541.webp 768w, https:\/\/neuronup.com\/it\/wp-content\/uploads\/2024\/01\/Il-professionista-guida-le-attivita.webp 1024w\" sizes=\"(max-width: 1024px) 100vw, 1024px\" \/><\/figure>\n<\/div>\n<\/div>\n\n\n\n<div style=\"height:50px\" aria-hidden=\"true\" class=\"wp-block-spacer\"><\/div>\n\n\n\n<div class=\"wp-block-columns is-layout-flex wp-container-core-columns-is-layout-9d6595d7 wp-block-columns-is-layout-flex\">\n<div class=\"wp-block-column is-layout-flow wp-block-column-is-layout-flow\">\n<h3 class=\"wp-block-heading\">2.<strong> L&#8217;utente si connette da casa <\/strong>e svolge le attivit\u00e0<\/h3>\n\n\n\n<p>L&#8217;utente si collega da casa con le proprie chiavi di accesso, che il\/la professionista gli ha precedentemente fornito, e <strong>svolge le attivit\u00e0<\/strong>.<\/p>\n<\/div>\n\n\n\n<div class=\"wp-block-column is-layout-flow wp-block-column-is-layout-flow\">\n<figure class=\"wp-block-image size-full\"><img decoding=\"async\" width=\"1024\" height=\"721\" src=\"https:\/\/neuronup.com\/it\/wp-content\/uploads\/2024\/01\/Lutente-esegue-le-attivita.webp\" alt=\"L'utente svolge le attivit\u00e0\" class=\"wp-image-28273\" srcset=\"https:\/\/neuronup.com\/it\/wp-content\/uploads\/2024\/01\/Lutente-esegue-le-attivita-300x211.webp 300w, https:\/\/neuronup.com\/it\/wp-content\/uploads\/2024\/01\/Lutente-esegue-le-attivita-768x541.webp 768w, https:\/\/neuronup.com\/it\/wp-content\/uploads\/2024\/01\/Lutente-esegue-le-attivita.webp 1024w\" sizes=\"(max-width: 1024px) 100vw, 1024px\" \/><\/figure>\n<\/div>\n<\/div>\n\n\n\n<div style=\"height:50px\" aria-hidden=\"true\" class=\"wp-block-spacer\"><\/div>\n\n\n\n<div class=\"wp-block-columns is-layout-flex wp-container-core-columns-is-layout-9d6595d7 wp-block-columns-is-layout-flex\">\n<div class=\"wp-block-column is-layout-flow wp-block-column-is-layout-flow\">\n<h3 class=\"wp-block-heading\">3. <strong>NeuronUP registra i risultati <\/strong>automaticamente<\/h3>\n\n\n\n<p>Ogni volta che l&#8217;utente svolge un&#8217;attivit\u00e0 nella sua seduta, i <strong>risultati vengono automaticamente salvati <\/strong>nel suo profilo. Questa funzionalit\u00e0 consente di vedere la sua <strong>evoluzione in tempo reale.<\/strong><\/p>\n<\/div>\n\n\n\n<div class=\"wp-block-column is-layout-flow wp-block-column-is-layout-flow\">\n<figure class=\"wp-block-image aligncenter size-full is-resized\"><img decoding=\"async\" src=\"https:\/\/neuronup.com\/it\/wp-content\/uploads\/2024\/01\/NeuronUP-registra-i-risultati-in-modo-automatico.webp\" alt=\"NeuronUP registra i risultati automaticamente\" class=\"wp-image-24179\" style=\"width:250px;height:250px\"\/><\/figure>\n<\/div>\n<\/div>\n\n\n\n<div style=\"height:50px\" aria-hidden=\"true\" class=\"wp-block-spacer\"><\/div>\n\n\n\n<div class=\"wp-block-columns is-layout-flex wp-container-core-columns-is-layout-9d6595d7 wp-block-columns-is-layout-flex\">\n<div class=\"wp-block-column is-layout-flow wp-block-column-is-layout-flow\">\n<h3 class=\"wp-block-heading\">4. <strong>Il\/la professionista revisiona i risultati<\/strong><\/h3>\n\n\n\n<p>Puoi analizzare i risultati dei tuoi utenti per ridefinire la terapia in base ai loro progressi, in modo da promuovere un <strong>miglioramento continuo e mirato<\/strong>.<\/p>\n<\/div>\n\n\n\n<div class=\"wp-block-column is-layout-flow wp-block-column-is-layout-flow\">\n<figure class=\"wp-block-image size-full\"><img decoding=\"async\" width=\"1024\" height=\"721\" src=\"https:\/\/neuronup.com\/it\/wp-content\/uploads\/2024\/01\/Il-professionista-controlla-i-risultati.webp\" alt=\"\" class=\"wp-image-28275\" srcset=\"https:\/\/neuronup.com\/it\/wp-content\/uploads\/2024\/01\/Il-professionista-controlla-i-risultati-300x211.webp 300w, https:\/\/neuronup.com\/it\/wp-content\/uploads\/2024\/01\/Il-professionista-controlla-i-risultati-768x541.webp 768w, https:\/\/neuronup.com\/it\/wp-content\/uploads\/2024\/01\/Il-professionista-controlla-i-risultati.webp 1024w\" sizes=\"(max-width: 1024px) 100vw, 1024px\" \/><\/figure>\n<\/div>\n<\/div>\n\n\n\n<div style=\"height:50px\" aria-hidden=\"true\" class=\"wp-block-spacer\"><\/div>\n\n\n\n<div class=\"wp-block-columns is-layout-flex wp-container-core-columns-is-layout-9d6595d7 wp-block-columns-is-layout-flex\">\n<div class=\"wp-block-column is-layout-flow wp-block-column-is-layout-flow\">\n<h3 class=\"wp-block-heading\">5. <strong>Si ricomincia!<\/strong><br>\u00c8 il momento di pianificare la prossima seduta<\/h3>\n\n\n<\/div>\n\n\n\n<div class=\"wp-block-column is-layout-flow wp-block-column-is-layout-flow\">\n<figure class=\"wp-block-image size-full\"><img decoding=\"async\" width=\"1024\" height=\"721\" src=\"https:\/\/neuronup.com\/it\/wp-content\/uploads\/2024\/01\/Ritorno-allinizio.webp\" alt=\"pianificare la prossima seduta\" class=\"wp-image-28276\" srcset=\"https:\/\/neuronup.com\/it\/wp-content\/uploads\/2024\/01\/Ritorno-allinizio-300x211.webp 300w, https:\/\/neuronup.com\/it\/wp-content\/uploads\/2024\/01\/Ritorno-allinizio-768x541.webp 768w, https:\/\/neuronup.com\/it\/wp-content\/uploads\/2024\/01\/Ritorno-allinizio.webp 1024w\" sizes=\"(max-width: 1024px) 100vw, 1024px\" \/><\/figure>\n<\/div>\n<\/div>\n\n\n\n\n<div class=\"mai-columns\"><div class=\"mai-columns-wrap has-columns\" style=\"--column-gap:var(--spacing-xl);--row-gap:var(--spacing-xl);--align-columns:start;--align-columns-vertical:initial;\">\n<div class=\"mai-column is-column\" style=\"--columns-xs:1\/1;--flex-xs:0 0 var(--flex-basis);--columns-sm:1\/2;--flex-sm:0 0 var(--flex-basis);--columns-md:1\/2;--flex-md:0 0 var(--flex-basis);--columns-lg:1\/2;--flex-lg:0 0 var(--flex-basis);\"><\/div>\n\n<div class=\"mai-column is-column\" style=\"--columns-xs:1\/1;--flex-xs:0 0 var(--flex-basis);--columns-sm:1\/2;--flex-sm:0 0 var(--flex-basis);--columns-md:1\/2;--flex-md:0 0 var(--flex-basis);--columns-lg:1\/2;--flex-lg:0 0 var(--flex-basis);\"><\/div>\n<\/div><\/div>","protected":false},"excerpt":{"rendered":"<p>Vuoi lavorare a distanza con i tuoi utenti? NeuronUP ti permette di creare sedute a domicilio, per integrare il lavoro svolto nel tuo centro, evitare di interrompere la terapia durante le vacanze o le malattie e facilitare l&#8217;intervento per le persone con difficolt\u00e0 di spostamento. Approfitta dei vantaggi della teleriabilitazione sperimentando la riabilitazione cognitiva a &hellip;<\/p>\n","protected":false},"author":7,"featured_media":28288,"parent":21885,"menu_order":0,"comment_status":"closed","ping_status":"closed","template":"","meta":{"_acf_changed":false,"_genesis_hide_title":false,"_genesis_hide_breadcrumbs":false,"_genesis_hide_singular_image":false,"_genesis_hide_footer_widgets":false,"_genesis_custom_body_class":"","_genesis_custom_post_class":"","_genesis_layout":"","footnotes":""},"class_list":{"1":"page","2":"type-page","6":"entry"},"acf":[],"_links":{"self":[{"href":"https:\/\/neuronup.com\/it\/wp-json\/wp\/v2\/pages\/24502","targetHints":{"allow":["GET"]}}],"collection":[{"href":"https:\/\/neuronup.com\/it\/wp-json\/wp\/v2\/pages"}],"about":[{"href":"https:\/\/neuronup.com\/it\/wp-json\/wp\/v2\/types\/page"}],"author":[{"embeddable":true,"href":"https:\/\/neuronup.com\/it\/wp-json\/wp\/v2\/users\/7"}],"replies":[{"embeddable":true,"href":"https:\/\/neuronup.com\/it\/wp-json\/wp\/v2\/comments?post=24502"}],"version-history":[{"count":0,"href":"https:\/\/neuronup.com\/it\/wp-json\/wp\/v2\/pages\/24502\/revisions"}],"up":[{"embeddable":true,"href":"https:\/\/neuronup.com\/it\/wp-json\/wp\/v2\/pages\/21885"}],"wp:featuredmedia":[{"embeddable":true,"href":"https:\/\/neuronup.com\/it\/wp-json\/wp\/v2\/media\/28288"}],"wp:attachment":[{"href":"https:\/\/neuronup.com\/it\/wp-json\/wp\/v2\/media?parent=24502"}],"curies":[{"name":"wp","href":"https:\/\/api.w.org\/{rel}","templated":true}]}}