
{"id":24489,"date":"2023-03-28T10:36:31","date_gmt":"2023-03-28T08:36:31","guid":{"rendered":"https:\/\/neuronup.com\/it\/?page_id=24489"},"modified":"2025-02-27T22:46:19","modified_gmt":"2025-02-27T20:46:19","slug":"vantaggi-di-creare-utenti-in-neuronup","status":"publish","type":"page","link":"https:\/\/neuronup.com\/it\/prodotto\/vantaggi-di-creare-utenti-in-neuronup\/","title":{"rendered":"Vantaggi di creare utenti in NeuronUP"},"content":{"rendered":"\n<p class=\"has-xl-font-size\">Quanti sistemi utilizzi per monitorare i dati dei tuoi utenti? <strong><mark style=\"background-color:rgba(0, 0, 0, 0)\" class=\"has-inline-color has-primary-color\">La creazione di un profilo per ogni utente in NeuronUP<\/mark><\/strong> ti permetter\u00e0 di avere tutte le informazioni sulle sue sedute e sui suoi risultati raggruppate in un unico posto e di misurare i suoi progressi.<\/p>\n\n\n\n<h2 class=\"wp-block-heading\">Che cos&#8217;\u00e8 un utente NeuronUP?<\/h2>\n\n\n\n<p>Noi di NeuronUP chiamiamo i pazienti utenti. Se preferisci utilizzare una nomenclatura diversa, per\u00f2, puoi farlo. Puoi scegliere tra pazienti, utenti o studenti.<\/p>\n\n\n\n<h2 class=\"wp-block-heading\">Vantaggi della creazione di utenti in NeuronUP<\/h2>\n\n\n\n<ul class=\"wp-block-list\">\n<li>Raggruppa e <strong>organizza le informazioni<\/strong> degli utenti.<\/li>\n\n\n\n<li><strong>Definisci i professionisti<\/strong> che lavoreranno con ogni utente.<\/li>\n\n\n\n<li>Crea <strong>sedute e programmi personalizzati <\/strong>per ogni utente.<\/li>\n\n\n\n<li>Potenzia il lavoro svolto nel tuo centro con <strong>sedute a casa<\/strong>.<\/li>\n\n\n\n<li><strong>Lavora con pi\u00f9 utenti contemporaneamente<\/strong>, una sessione alla volta, ognuno al proprio ritmo!<\/li>\n\n\n\n<li><strong>I risultati<\/strong> dei tuoi utenti <strong>vengono registrati automaticamente.<\/strong><\/li>\n\n\n\n<li><strong>Misura i progressi <\/strong>di ogni utente con NeuronUP Score.<\/li>\n<\/ul>\n\n\n\n<p class=\"has-text-align-left br-0101 has-custom-11-background-color has-background has-lg-font-size\">Inoltre, ricorda che <strong>tutti i piani NeuronUP includono un numero illimitato di utenti\/pazienti<\/strong>. Non ti facciamo pagare di pi\u00f9 per i vostri utenti. Con NeuronUP puoi lavorare con tutti gli utenti e i pazienti di cui hai bisogno.<\/p>\n\n\n\n<figure class=\"wp-block-image size-full\"><img decoding=\"async\" width=\"1024\" height=\"1024\" src=\"https:\/\/neuronup.com\/it\/wp-content\/uploads\/2024\/04\/Vantaggi-di-creare-utenti-su-NeuronUP.webp\" alt=\"Vantaggi di creare utenti su NeuronUP\" class=\"wp-image-29892\" srcset=\"https:\/\/neuronup.com\/it\/wp-content\/uploads\/2024\/04\/Vantaggi-di-creare-utenti-su-NeuronUP-80x80.webp 80w, https:\/\/neuronup.com\/it\/wp-content\/uploads\/2024\/04\/Vantaggi-di-creare-utenti-su-NeuronUP-150x150.webp 150w, https:\/\/neuronup.com\/it\/wp-content\/uploads\/2024\/04\/Vantaggi-di-creare-utenti-su-NeuronUP-300x300.webp 300w, https:\/\/neuronup.com\/it\/wp-content\/uploads\/2024\/04\/Vantaggi-di-creare-utenti-su-NeuronUP-768x768.webp 768w, https:\/\/neuronup.com\/it\/wp-content\/uploads\/2024\/04\/Vantaggi-di-creare-utenti-su-NeuronUP.webp 1024w\" sizes=\"(max-width: 1024px) 100vw, 1024px\" \/><\/figure>\n\n\n\n<div style=\"height:50px\" aria-hidden=\"true\" class=\"wp-block-spacer\"><\/div>\n\n\n\n<h3 class=\"wp-block-heading\">1. Raggruppa e <strong>organizza le informazioni <\/strong>degli utenti<\/h3>\n\n\n\n<div class=\"wp-block-columns is-layout-flex wp-container-core-columns-is-layout-9d6595d7 wp-block-columns-is-layout-flex\">\n<div class=\"wp-block-column is-layout-flow wp-block-column-is-layout-flow\">\n<p>NeuronUP ti permette di avere <strong>tutte le informazioni sui tuoi utenti<\/strong>, i loro referti, gli esami medici, le note, il diario, i risultati delle attivit\u00e0, ecc. <strong>Tutto raggruppato e organizzato in un unico luogo, sempre accessibile e sicuro<\/strong> che, inoltre, ti permette di mantenere la riservatezza dei vostri utenti.<\/p>\n\n\n<\/div>\n\n\n\n<div class=\"wp-block-column is-layout-flow wp-block-column-is-layout-flow\">\n<figure class=\"wp-block-image size-full is-resized\"><img decoding=\"async\" width=\"845\" height=\"770\" src=\"https:\/\/neuronup.com\/it\/wp-content\/uploads\/2024\/04\/Informazione-degli-utenti.webp\" alt=\"Informazione degli utenti\" class=\"wp-image-29894\" style=\"width:343px;height:auto\" srcset=\"https:\/\/neuronup.com\/it\/wp-content\/uploads\/2024\/04\/Informazione-degli-utenti-300x273.webp 300w, https:\/\/neuronup.com\/it\/wp-content\/uploads\/2024\/04\/Informazione-degli-utenti-768x700.webp 768w, https:\/\/neuronup.com\/it\/wp-content\/uploads\/2024\/04\/Informazione-degli-utenti.webp 845w\" sizes=\"(max-width: 845px) 100vw, 845px\" \/><\/figure>\n<\/div>\n<\/div>\n\n\n\n<h3 class=\"wp-block-heading\"><br>2.<strong> Definisci i professionisti <\/strong>che lavoreranno con ciascun utente<\/h3>\n\n\n\n<p>\u00c8 possibile definire i professionisti che lavoreranno con un utente. Questo \u00e8 utile quando ci sono pi\u00f9 professionisti che lavorano con lo stesso utente nel centro.<\/p>\n\n\n\n<h3 class=\"wp-block-heading\">3. <strong>Crea sedute e programmi personalizzati <\/strong>per ogni utente<\/h3>\n\n\n\n<p>La creazione di un utente in NeuronUP consente di creare sedute e programmi personalizzati che<strong> si adattano al suo livello cognitivo e alle sue esigenze<\/strong> specifiche.<\/p>\n\n\n\n<h3 class=\"wp-block-heading\">4.<strong> Potenziare il lavoro svolto nel centro con le sedute a domicilio<\/strong><\/h3>\n\n\n\n<div class=\"wp-block-columns is-layout-flex wp-container-core-columns-is-layout-9d6595d7 wp-block-columns-is-layout-flex\">\n<div class=\"wp-block-column is-layout-flow wp-block-column-is-layout-flow\">\n<p>Sapevi che con NeuronUP puoi <strong>inviare sedute a domicilio ai tuoi utenti <\/strong>per migliorare il lavoro svolto nel tuo centro?<\/p>\n\n\n\n<p>Come? \u00c8 molto semplice! Il tuo utente deve semplicemente accedere alle sedute che tu, in qualit\u00e0 di professionista, avrai precedentemente progettato per lui, comodamente da casa sua.<\/p>\n\n\n<\/div>\n\n\n\n<div class=\"wp-block-column is-layout-flow wp-block-column-is-layout-flow\"><div class=\"wp-block-image image-interface\">\n<figure class=\"aligncenter size-full is-resized\"><img decoding=\"async\" width=\"768\" height=\"422\" src=\"https:\/\/neuronup.com\/it\/wp-content\/uploads\/2024\/01\/Lavorare-con-NeuronUP-sessioni-per-risparmiare-tempo.webp\" alt=\"\" class=\"wp-image-28296\" style=\"aspect-ratio:1.819905213270142;width:388px;height:auto\" srcset=\"https:\/\/neuronup.com\/it\/wp-content\/uploads\/2024\/01\/Lavorare-con-NeuronUP-sessioni-per-risparmiare-tempo-300x165.webp 300w, https:\/\/neuronup.com\/it\/wp-content\/uploads\/2024\/01\/Lavorare-con-NeuronUP-sessioni-per-risparmiare-tempo.webp 768w\" sizes=\"(max-width: 768px) 100vw, 768px\" \/><figcaption class=\"wp-element-caption\">Un bambino che svolge una seduta NeuronUP a casa.<br><\/figcaption><\/figure>\n<\/div><\/div>\n<\/div>\n\n\n\n<h3 class=\"wp-block-heading\">5. <strong>Lavora con pi\u00f9 utenti contemporaneamente <\/strong>in un&#8217;unica sessione e ognuno al proprio ritmo!<\/h3>\n\n\n\n<div class=\"wp-block-columns is-layout-flex wp-container-core-columns-is-layout-9d6595d7 wp-block-columns-is-layout-flex\">\n<div class=\"wp-block-column is-layout-flow wp-block-column-is-layout-flow\">\n<p>Con NeuronUP puoi far lavorare i<strong> tuoi utenti su diversi dispositivi contemporaneamente <\/strong>nella stessa seduta.<\/p>\n\n\n\n<p>Questa funzione ti permette di<strong> risparmiare tempo <\/strong>e non devi preoccuparti di regolare il livello di ciascuno di questi utenti: <strong>la piattaforma regola le attivit\u00e0 della seduta in base al livello di ciascun utente!<\/strong><\/p>\n<\/div>\n\n\n\n<div class=\"wp-block-column is-layout-flow wp-block-column-is-layout-flow\">\n<figure class=\"wp-block-image size-full\"><img decoding=\"async\" width=\"768\" height=\"388\" src=\"https:\/\/neuronup.com\/it\/wp-content\/uploads\/2024\/01\/Un-gruppo-di-persone-con-sindrome-di-down-collabora-con-NeuronUP.webp\" alt=\"Un gruppo di persone con sindrome di down collabora con NeuronUP\" class=\"wp-image-28297\" srcset=\"https:\/\/neuronup.com\/it\/wp-content\/uploads\/2024\/01\/Un-gruppo-di-persone-con-sindrome-di-down-collabora-con-NeuronUP-300x152.webp 300w, https:\/\/neuronup.com\/it\/wp-content\/uploads\/2024\/01\/Un-gruppo-di-persone-con-sindrome-di-down-collabora-con-NeuronUP.webp 768w\" sizes=\"(max-width: 768px) 100vw, 768px\" \/><figcaption class=\"wp-element-caption\">Un gruppo di persone con sindrome di Down al lavoro con NeuronUP<br><\/figcaption><\/figure>\n<\/div>\n<\/div>\n\n\n\n<h3 class=\"wp-block-heading\">6. <strong>I risultati <\/strong>degli utenti <strong>vengono registrati automaticamente<\/strong><\/h3>\n\n\n\n<div class=\"wp-block-columns is-layout-flex wp-container-core-columns-is-layout-9d6595d7 wp-block-columns-is-layout-flex\">\n<div class=\"wp-block-column is-layout-flow wp-block-column-is-layout-flow\">\n<p>Ogni volta che uno dei tuoi utenti svolge un&#8217;attivit\u00e0 o una seduta di NeuronUP,<strong> i risultati vengono automaticamente<\/strong> salvati nel suo profilo.<\/p>\n\n\n\n<p>Questa funzionalit\u00e0 ti permette di <strong>ridefinire la terapia<\/strong> in base ai progressi di ciascun utente, promuovendo un<strong> miglioramento continuo e programmato.<\/strong><\/p>\n<\/div>\n\n\n\n<div class=\"wp-block-column is-layout-flow wp-block-column-is-layout-flow\">\n<figure class=\"wp-block-image size-full\"><img decoding=\"async\" width=\"546\" height=\"419\" src=\"https:\/\/neuronup.com\/it\/wp-content\/uploads\/2024\/01\/risultati-neuronup-1.webp\" alt=\"Risultati neuronup\n\" class=\"wp-image-28254\" srcset=\"https:\/\/neuronup.com\/it\/wp-content\/uploads\/2024\/01\/risultati-neuronup-1-300x230.webp 300w, https:\/\/neuronup.com\/it\/wp-content\/uploads\/2024\/01\/risultati-neuronup-1.webp 546w\" sizes=\"(max-width: 546px) 100vw, 546px\" \/><\/figure>\n<\/div>\n<\/div>\n\n\n\n<h3 class=\"wp-block-heading\"><strong>7. Misura i progressi <\/strong>di ogni utente con NeuronUP Score<\/h3>\n\n\n\n<div class=\"wp-block-columns is-layout-flex wp-container-core-columns-is-layout-9d6595d7 wp-block-columns-is-layout-flex\">\n<div class=\"wp-block-column is-layout-flow wp-block-column-is-layout-flow\">\n<p>NeuronUP Score \u00e8 il punteggio utilizzato per misurare i progressi degli utenti in NeuronUP. Questo punteggio ti consentir\u00e0 di confrontare i dati dei tuoi utenti con i loro risultati passati per un <strong>migliore monitoraggio.<\/strong><\/p>\n<\/div>\n\n\n\n<div class=\"wp-block-column is-layout-flow wp-block-column-is-layout-flow\">\n<figure class=\"wp-block-image size-full\"><img decoding=\"async\" width=\"546\" height=\"418\" src=\"https:\/\/neuronup.com\/it\/wp-content\/uploads\/2024\/01\/NeuronUP-Score-Punteggio-1.webp\" alt=\"\" class=\"wp-image-28294\" srcset=\"https:\/\/neuronup.com\/it\/wp-content\/uploads\/2024\/01\/NeuronUP-Score-Punteggio-1-300x230.webp 300w, https:\/\/neuronup.com\/it\/wp-content\/uploads\/2024\/01\/NeuronUP-Score-Punteggio-1.webp 546w\" sizes=\"(max-width: 546px) 100vw, 546px\" \/><\/figure>\n<\/div>\n<\/div>\n\n\n\n<div style=\"height:80px\" aria-hidden=\"true\" class=\"wp-block-spacer\"><\/div>\n\n\n\n<div class=\"wp-block-group\"><div class=\"wp-block-group__inner-container is-layout-constrained wp-block-group-is-layout-constrained\">\n<div class=\"wp-block-columns is-layout-flex wp-container-core-columns-is-layout-9d6595d7 wp-block-columns-is-layout-flex\">\n<div class=\"wp-block-column br-0111 p-5 particle-bg anims-fadein-up has-primary-background-color has-background is-layout-flow wp-block-column-is-layout-flow\">\n<h2 class=\"wp-block-heading has-white-color has-text-color\">Per conoscere a fondo<br><strong>NeuronUP<\/strong><\/h2>\n\n\n\n<div class=\"wp-block-buttons is-content-justification-center is-layout-flex wp-container-core-buttons-is-layout-16018d1d wp-block-buttons-is-layout-flex\">\n<div class=\"wp-block-button--1\" style=\"--button-outline-color:var(--color-white);--button-outline-color-hover:rgba(0,0,0,0.8);\"><a class=\"wp-block-button__link button button-outline   has-link-color wp-element-button\" href=\"https:\/\/neuronup.com\/redirect\/?target=typeform\/videochiamata?utm_first_source=Web&#038;utm_first_campaign_name=Request_meeting\">Parla con un esperto<\/a><\/div>\n\n<\/div>\n<\/div>\n\n\n\n<div class=\"wp-block-column br-0111 p-5 particle-bg anims-fadein-up has-primary-background-color has-background is-layout-flow wp-block-column-is-layout-flow\">\n<h2 class=\"wp-block-heading has-white-color has-text-color\">Prova gratuitamente<\/h2>\n\n\n\n<p class=\"has-white-color has-text-color\">La piattaforma che pi\u00f9 di 4.500 professionisti utilizzano ogni giorno<\/p>\n\n\n\n<div class=\"wp-block-buttons is-layout-flex wp-block-buttons-is-layout-flex\">\n<div class=\"wp-block-button orange-button\" style=\"--button-background:var(--color-custom-1);--button-background-hover:#cc7e00;\"><a class=\"wp-block-button__link button   wp-element-button\" href=\"https:\/\/neuronup.com\/it\/landing-store-user\/\">Richiedi una prova<img decoding=\"async\" class=\"wp-image-18719\" style=\"width: 8px;\" src=\"\/it\/wp-content\/uploads\/2022\/v3\/icon_rightArrow-white.svg\"><\/a><\/div>\n\n<\/div>\n<\/div>\n<\/div>\n<\/div><\/div>\n\n\n\n<div style=\"height:80px\" aria-hidden=\"true\" class=\"wp-block-spacer\"><\/div>\n\n\n\n<h2 class=\"wp-block-heading\">Come creare un profilo utente in NeuronUP?<\/h2>\n\n\n\n<p>Qui di seguito spieghiamo passo per passo come creare un profilo utente in NeuronUP:<\/p>\n\n\n\n<h3 class=\"wp-block-heading\">1. Clicca su &#8220;Gestione dei pazienti&#8221;<\/h3>\n\n\n\n<div class=\"wp-block-columns is-layout-flex wp-container-core-columns-is-layout-9d6595d7 wp-block-columns-is-layout-flex\">\n<div class=\"wp-block-column is-layout-flow wp-block-column-is-layout-flow\">\n<p>Per iniziare, clicca sulla scheda &#8220;<strong>Gestione dei pazienti<\/strong>&#8221; nella parte superiore dello schermo.<\/p>\n<\/div>\n\n\n\n<div class=\"wp-block-column is-layout-flow wp-block-column-is-layout-flow\"><div class=\"wp-block-image image-interface\">\n<figure class=\"aligncenter size-full\"><img decoding=\"async\" width=\"580\" height=\"305\" src=\"https:\/\/neuronup.com\/it\/wp-content\/uploads\/2024\/04\/Gestione-pazienti-2.webp\" alt=\"\nGestione pazienti\" class=\"wp-image-29897\" srcset=\"https:\/\/neuronup.com\/it\/wp-content\/uploads\/2024\/04\/Gestione-pazienti-2-300x158.webp 300w, https:\/\/neuronup.com\/it\/wp-content\/uploads\/2024\/04\/Gestione-pazienti-2.webp 580w\" sizes=\"(max-width: 580px) 100vw, 580px\" \/><\/figure>\n<\/div><\/div>\n<\/div>\n\n\n\n<div style=\"height:50px\" aria-hidden=\"true\" class=\"wp-block-spacer\"><\/div>\n\n\n\n<h3 class=\"wp-block-heading\">2. Clicca su &#8220;Nuovo utente&#8221;.<\/h3>\n\n\n\n<div class=\"wp-block-columns is-layout-flex wp-container-core-columns-is-layout-9d6595d7 wp-block-columns-is-layout-flex\">\n<div class=\"wp-block-column is-layout-flow wp-block-column-is-layout-flow\">\n<p>Clicca quindi su &#8220;<strong>Nuovo paziente<\/strong>&#8220;, sul lato destro della piattaforma.<\/p>\n\n\n\n<ul class=\"wp-block-list\">\n<li><strong>Inserisci il nome e il cognome<\/strong> del tuo utente\/paziente.<\/li>\n\n\n\n<li>Carica una foto del tuo utente o scegli un avatar.<\/li>\n\n\n\n<li>Clicca su &#8220;<strong>Crea<\/strong>&#8220;.<\/li>\n<\/ul>\n<\/div>\n\n\n\n<div class=\"wp-block-column is-layout-flow wp-block-column-is-layout-flow\"><div class=\"wp-block-image image-interface\">\n<figure class=\"aligncenter size-full\"><img decoding=\"async\" width=\"730\" height=\"505\" src=\"https:\/\/neuronup.com\/it\/wp-content\/uploads\/2024\/04\/Nuovo-paziente.webp\" alt=\"\" class=\"wp-image-29898\" srcset=\"https:\/\/neuronup.com\/it\/wp-content\/uploads\/2024\/04\/Nuovo-paziente-300x208.webp 300w, https:\/\/neuronup.com\/it\/wp-content\/uploads\/2024\/04\/Nuovo-paziente.webp 730w\" sizes=\"(max-width: 730px) 100vw, 730px\" \/><\/figure>\n<\/div><\/div>\n<\/div>\n\n\n\n<div style=\"height:50px\" aria-hidden=\"true\" class=\"wp-block-spacer\"><\/div>\n\n\n\n<h3 class=\"wp-block-heading\">3. Compila il profilo utente<\/h3>\n\n\n\n<div class=\"wp-block-columns is-layout-flex wp-container-core-columns-is-layout-9d6595d7 wp-block-columns-is-layout-flex\">\n<div class=\"wp-block-column is-layout-flow wp-block-column-is-layout-flow\">\n<p>Una volta creato il profilo utente, \u00e8 possibile aggiungere tutte le informazioni desiderate: istruzione, storia lavorativa, diagnosi, ecc. Per inserire queste informazioni, clicca su &#8220;<strong>Modifica<\/strong>&#8220;.<\/p>\n<\/div>\n\n\n\n<div class=\"wp-block-column is-layout-flow wp-block-column-is-layout-flow\"><div class=\"wp-block-image image-interface\">\n<figure class=\"aligncenter size-full\"><img decoding=\"async\" width=\"501\" height=\"249\" src=\"https:\/\/neuronup.com\/it\/wp-content\/uploads\/2024\/04\/Compila-profilo-paziente.webp\" alt=\"\" class=\"wp-image-29899\" srcset=\"https:\/\/neuronup.com\/it\/wp-content\/uploads\/2024\/04\/Compila-profilo-paziente-300x149.webp 300w, https:\/\/neuronup.com\/it\/wp-content\/uploads\/2024\/04\/Compila-profilo-paziente.webp 501w\" sizes=\"(max-width: 501px) 100vw, 501px\" \/><\/figure>\n<\/div><\/div>\n<\/div>\n\n\n\n<div style=\"height:50px\" aria-hidden=\"true\" class=\"wp-block-spacer\"><\/div>\n\n\n\n<h2 class=\"wp-block-heading\">Cosa posso fare dalla schermata di gestione degli utenti di NeuronUP?<\/h2>\n\n\n\n<p>Dalla schermata di gestione degli utenti di NeuronUP puoi:<\/p>\n\n\n\n<ul class=\"wp-block-list\">\n<li><strong>Aggiungere le informazioni sugli utenti.<\/strong><\/li>\n\n\n\n<li><strong>Definire i professionisti che lavoreranno con questo utente<\/strong>. Questo \u00e8 utile quando ci sono pi\u00f9 professionisti che lavorano con lo stesso utente nel centro.<\/li>\n\n\n\n<li>Creare e gestire i <strong>dati di accesso a NeuronUP2GO<\/strong> (le sedute domestiche di NeuronUP).<\/li>\n\n\n\n<li><strong>Acquistare le sedute domestiche <\/strong>per gli utenti.<\/li>\n\n\n\n<li>Visualizzare e <strong>gestire le sedute<\/strong> dell&#8217;utente.<\/li>\n\n\n\n<li>Visualizzare e <strong>gestire i programmi <\/strong>dell&#8217;utente.<\/li>\n\n\n\n<li><strong>Accedere allo Score<\/strong> dell&#8217;utente.<\/li>\n<\/ul>\n\n\n<div class=\"mai-columns\"><div class=\"mai-columns-wrap has-columns\" style=\"--column-gap:var(--spacing-xl);--row-gap:var(--spacing-xl);--align-columns:start;--align-columns-vertical:initial;\">\n<div class=\"mai-column is-column\" style=\"--columns-xs:1\/1;--flex-xs:0 0 var(--flex-basis);--columns-sm:1\/2;--flex-sm:0 0 var(--flex-basis);--columns-md:1\/2;--flex-md:0 0 var(--flex-basis);--columns-lg:1\/2;--flex-lg:0 0 var(--flex-basis);\"><\/div>\n\n<div class=\"mai-column is-column\" style=\"--columns-xs:1\/1;--flex-xs:0 0 var(--flex-basis);--columns-sm:1\/2;--flex-sm:0 0 var(--flex-basis);--columns-md:1\/2;--flex-md:0 0 var(--flex-basis);--columns-lg:1\/2;--flex-lg:0 0 var(--flex-basis);\"><\/div>\n<\/div><\/div>","protected":false},"excerpt":{"rendered":"<p>Quanti sistemi utilizzi per monitorare i dati dei tuoi utenti? La creazione di un profilo per ogni utente in NeuronUP ti permetter\u00e0 di avere tutte le informazioni sulle sue sedute e sui suoi risultati raggruppate in un unico posto e di misurare i suoi progressi. Che cos&#8217;\u00e8 un utente NeuronUP? Noi di NeuronUP chiamiamo i &hellip;<\/p>\n","protected":false},"author":7,"featured_media":28295,"parent":21885,"menu_order":0,"comment_status":"closed","ping_status":"closed","template":"","meta":{"_acf_changed":false,"_genesis_hide_title":false,"_genesis_hide_breadcrumbs":false,"_genesis_hide_singular_image":false,"_genesis_hide_footer_widgets":false,"_genesis_custom_body_class":"","_genesis_custom_post_class":"","_genesis_layout":"","footnotes":""},"class_list":{"1":"page","2":"type-page","6":"entry"},"acf":[],"_links":{"self":[{"href":"https:\/\/neuronup.com\/it\/wp-json\/wp\/v2\/pages\/24489","targetHints":{"allow":["GET"]}}],"collection":[{"href":"https:\/\/neuronup.com\/it\/wp-json\/wp\/v2\/pages"}],"about":[{"href":"https:\/\/neuronup.com\/it\/wp-json\/wp\/v2\/types\/page"}],"author":[{"embeddable":true,"href":"https:\/\/neuronup.com\/it\/wp-json\/wp\/v2\/users\/7"}],"replies":[{"embeddable":true,"href":"https:\/\/neuronup.com\/it\/wp-json\/wp\/v2\/comments?post=24489"}],"version-history":[{"count":0,"href":"https:\/\/neuronup.com\/it\/wp-json\/wp\/v2\/pages\/24489\/revisions"}],"up":[{"embeddable":true,"href":"https:\/\/neuronup.com\/it\/wp-json\/wp\/v2\/pages\/21885"}],"wp:featuredmedia":[{"embeddable":true,"href":"https:\/\/neuronup.com\/it\/wp-json\/wp\/v2\/media\/28295"}],"wp:attachment":[{"href":"https:\/\/neuronup.com\/it\/wp-json\/wp\/v2\/media?parent=24489"}],"curies":[{"name":"wp","href":"https:\/\/api.w.org\/{rel}","templated":true}]}}