
{"id":24457,"date":"2024-02-14T09:31:00","date_gmt":"2024-02-14T07:31:00","guid":{"rendered":"https:\/\/neuronup.com\/it\/?page_id=24457"},"modified":"2025-02-27T22:41:50","modified_gmt":"2025-02-27T20:41:50","slug":"tipi-di-attivita-di-neuronup-generatori-giochi-e-schede","status":"publish","type":"page","link":"https:\/\/neuronup.com\/it\/prodotto\/tipi-di-attivita-di-neuronup-generatori-giochi-e-schede\/","title":{"rendered":"Tipi di attivit\u00e0 di NeuronUP: generatori, giochi e schede"},"content":{"rendered":"\n<p class=\"has-xl-font-size has-xl-margin-bottom\">NeuronUP offre centinaia di esercizi di stimolazione cognitiva, suddivisi in tre tipi di attivit\u00e0: generatori, giochi e schede. Ma conosci la<strong style=\"color:#00abc7;\"> differenza tra i diversi tipi di attivit\u00e0 di NeuronUP<\/strong>?<\/p>\n\n\n\n<p><br>Capire la differenza tra schede, generatori e giochi ti <strong>permetter\u00e0 di scegliere l&#8217;attivit\u00e0 pi\u00f9 appropriata a seconda di ci\u00f2 che vuoi fare con i tuoi utenti <\/strong>di volta in volta.<\/p>\n\n\n\n<h2 class=\"wp-block-heading\"><strong>Tipi di attivit\u00e0 di NeuronUP<\/strong><\/h2>\n\n\n\n<p>Di seguito troverai una spiegazione dettagliata della differenza tra i tre tipi di attivit\u00e0 di NeuronUP.<\/p>\n\n\n\n<figure class=\"wp-block-image size-full\"><img decoding=\"async\" width=\"943\" height=\"224\" src=\"https:\/\/neuronup.com\/it\/wp-content\/uploads\/2024\/01\/Tipi-di-attivita-di-NeuronUP-IT.webp\" alt=\"\" class=\"wp-image-28248\" srcset=\"https:\/\/neuronup.com\/it\/wp-content\/uploads\/2024\/01\/Tipi-di-attivita-di-NeuronUP-IT-300x71.webp 300w, https:\/\/neuronup.com\/it\/wp-content\/uploads\/2024\/01\/Tipi-di-attivita-di-NeuronUP-IT-768x182.webp 768w, https:\/\/neuronup.com\/it\/wp-content\/uploads\/2024\/01\/Tipi-di-attivita-di-NeuronUP-IT.webp 943w\" sizes=\"(max-width: 943px) 100vw, 943px\" \/><\/figure>\n\n\n\n<div class=\"wp-block-buttons is-content-justification-center is-layout-flex wp-container-core-buttons-is-layout-16018d1d wp-block-buttons-is-layout-flex\">\n<div class=\"wp-block-button\"><a class=\"wp-block-button__link button wp-element-button\" href=\"#generatori\">Generatori<\/a><\/div>\n\n\n\n<div class=\"wp-block-button\"><a class=\"wp-block-button__link button wp-element-button\" href=\"#giochi\">Giochi<\/a><\/div>\n\n\n\n<div class=\"wp-block-button\"><a class=\"wp-block-button__link button wp-element-button\" href=\"#schede\">Schede<\/a><\/div>\n<\/div>\n\n\n\n<h3 class=\"wp-block-heading\" id=\"generatori\">1. Generatori<\/h3>\n\n\n\n\n\n<h4 class=\"wp-block-heading\">Cosa sono i generatori?<\/h4>\n\n\n\n<p>I generatori sono<strong> attivit\u00e0 illimitate ed ecologiche<\/strong>. Impediscono all&#8217;utente di memorizzare l&#8217;esercizio e lo inducono a concentrarsi sul processo perch\u00e9 <strong>creano infinite versioni della stessa attivit\u00e0<\/strong>, che possono essere eseguite in digitale o su carta. Inoltre, sono altamente personalizzabili per facilitare l&#8217;introduzione di stimoli significativi.<\/p>\n\n\n\n\n\n<h4 class=\"wp-block-heading\">Modalit\u00e0 di lavoro<\/h4>\n\n\n\n<p>I generatori possono essere utilizzati in tre modalit\u00e0:<\/p>\n\n\n\n<ol class=\"wp-block-list\">\n<li><strong><strong>Correzione:<\/strong> <\/strong>la piattaforma corregge l&#8217;utente dopo ogni azione.&nbsp;<\/li>\n\n\n\n<li><strong>Libera<\/strong>: la piattaforma non corregge l&#8217;utente fino alla fine dell&#8217;esercizio. Non dice se l&#8217;utente ha risposto bene o male durante l&#8217;attivit\u00e0.<\/li>\n\n\n\n<li><strong>Personalizzata:<\/strong> consente di personalizzare ogni generatore in base alle esigenze e alle circostanze di ciascun utente. La modalit\u00e0 personalizzata consente la personalizzazione:\n<ul class=\"wp-block-list\">\n<li>Gli <strong>aspetti generali<\/strong>. Sono gli stessi per tutti i generatori. \u00c8 possibile scegliere la modalit\u00e0 di lavoro, adattare l&#8217;orario, avvisare l&#8217;utente quando \u00e8 inattivo, adattare le istruzioni per l&#8217;attivit\u00e0 e aggiungere un timer.<\/li>\n\n\n\n<li>I <strong>parametri<\/strong>. Sono specifici per l&#8217;attivit\u00e0.<\/li>\n\n\n\n<li><strong>Adattabilit\u00e0<\/strong>. Permette di scegliere se trascinare o cliccare sugli elementi per facilitare il compito agli utenti con problemi motori o che non lavorano bene con il mouse o i touch screen. Non \u00e8 disponibile per tutte le attivit\u00e0.<\/li>\n<\/ul>\n<\/li>\n<\/ol>\n\n\n\n<h4 class=\"wp-block-heading\">Formato<\/h4>\n\n\n\n<p>I generatori sono disponibili in due formati:<\/p>\n\n\n\n<ul class=\"wp-block-list\">\n<li>Digitale;<\/li>\n\n\n\n<li>Cartaceo.<\/li>\n<\/ul>\n\n\n\n<h4 class=\"wp-block-heading\">Esempio di generatore: <em>Pagamenti esatti<\/em><\/h4>\n\n\n\n<p><em>Pagamenti <\/em>esatti \u00e8 un&#8217;attivit\u00e0 con grandi benefici per la vita quotidiana.&nbsp;<\/p>\n\n\n\n<h5 class=\"wp-block-heading\"><br>In cosa consiste?<\/h5>\n\n\n\n<p>L&#8217;utente deve<strong> selezionare l&#8217;importo esatto richiesto<\/strong>.&nbsp;<\/p>\n\n\n\n<p><br>Che cosa allena questa attivit\u00e0?<\/p>\n\n\n\n<p>Questa attivit\u00e0 lavora sulla <strong>memoria di lavoro<\/strong>, sugli <strong>acquisti <\/strong>e sulla <strong>pianificazione<\/strong>.<\/p>\n\n\n\n<p><br>Personalizzazione dell&#8217;attivit\u00e0<\/p>\n\n\n\n<p>In <em>Pagamenti esatti<\/em>, come in tutti i generatori, si pu\u00f2 personalizzare:&nbsp;<\/p>\n\n\n\n<ul class=\"wp-block-list\">\n<li><strong>Aspetti generali<\/strong>: \u00e8 possibile scegliere la modalit\u00e0 di lavoro, adattare l&#8217;orario, avvisare l&#8217;utente quando \u00e8 inattivo, adattare le istruzioni dell&#8217;attivit\u00e0 e aggiungere un timer.<\/li>\n\n\n\n<li><strong>Parametri<\/strong>: in questo caso, ci troviamo in un&#8217;attivit\u00e0 di gestione del denaro, quindi \u00e8 possibile scegliere il tipo di valuta, la quantit\u00e0 di banconote\/monete e il loro valore.<\/li>\n\n\n\n<li><strong>Adattabilit\u00e0<\/strong>: consente di scegliere se trascinare o cliccare.<\/li>\n<\/ul>\n\n\n\n<h5 class=\"wp-block-heading\">Esempio<\/h5>\n\n\n\n<p>Nel video in spagnolo che segue mostriamo un esempio di attivit\u00e0 in modalit\u00e0 personalizzata, una modalit\u00e0 che ci permette di adattare questa attivit\u00e0 alle esigenze di ciascun utente. In particolare, abbiamo creato una personalizzazione rivolta agli utenti del Messico. Per farlo, abbiamo scelto i pesos messicani anzich\u00e9 gli euro, e solo importi interi fino a 10.000 pesos:<\/p>\n\n\n\n<figure class=\"wp-block-embed aligncenter is-type-video is-provider-youtube wp-block-embed-youtube image-interface\"><div class=\"wp-block-embed__wrapper\">\n<iframe title=\"Personalizar un generador de NeuronUP\" width=\"800\" height=\"450\" src=\"https:\/\/www.youtube.com\/embed\/WcHXbfMDcvs?feature=oembed\" frameborder=\"0\" allow=\"accelerometer; autoplay; clipboard-write; encrypted-media; gyroscope; picture-in-picture; web-share\" referrerpolicy=\"strict-origin-when-cross-origin\" allowfullscreen><\/iframe>\n<\/div><\/figure>\n\n\n\n<h3 class=\"wp-block-heading\" id=\"giochi\">2. Giochi<\/h3>\n\n\n\n\n\n<h4 class=\"wp-block-heading\">Cosa sono i giochi?<\/h4>\n\n\n\n<p>Sono attivit\u00e0 organizzate in <strong>diversi livelli di difficolt\u00e0<\/strong>, in modo che l&#8217;utente avanzi o retroceda automaticamente a seconda dei suoi successi o errori. Possono anche essere <strong>personalizzati <\/strong>in base alle esigenze di ciascun utente.<\/p>\n\n\n\n\n\n<h4 class=\"wp-block-heading\">Gioco per livelli<\/h4>\n\n\n\n<p>I giochi sono suddivisi in diversi livelli di difficolt\u00e0. In questo modo, l&#8217;utente salir\u00e0 o scender\u00e0 di livello in base ai suoi successi o errori. In altre parole, <strong>l&#8217;utente si trover\u00e0 sempre al suo livello adeguato in modo automatico<\/strong>.<\/p>\n\n\n\n\n\n<h4 class=\"wp-block-heading\">Personalizzazione dell&#8217;attivit\u00e0<\/h4>\n\n\n\n<p>I giochi possono essere personalizzati per adattarsi alle caratteristiche di ciascun utente. Possono essere personalizzati:<\/p>\n\n\n\n<ul class=\"wp-block-list\">\n<li><strong>Aspetti generali<\/strong>. Sono gli stessi per tutti i giochi. \u00c8 possibile scegliere il numero di esercizi, adattare il tempo, avvisare l&#8217;utente quando \u00e8 inattivo, adattare le istruzioni dell&#8217;attivit\u00e0 e aggiungere un timer.<\/li>\n\n\n\n<li><strong>Parametri<\/strong>. Sono specifici dell&#8217;attivit\u00e0.<\/li>\n\n\n\n<li><strong>Adattabilit\u00e0<\/strong>. Permette di scegliere se trascinare o cliccare sugli elementi per facilitare l&#8217;attivit\u00e0 agli utenti con problemi motori o che non se la cavano bene con il mouse o i touch screen. Non \u00e8 disponibile in tutte le attivit\u00e0.<\/li>\n<\/ul>\n\n\n\n<div style=\"height:50px\" aria-hidden=\"true\" class=\"wp-block-spacer\"><\/div>\n\n\n\n<div class=\"wp-block-group\"><div class=\"wp-block-group__inner-container is-layout-constrained wp-block-group-is-layout-constrained\">\n<div class=\"wp-block-columns is-layout-flex wp-container-core-columns-is-layout-9d6595d7 wp-block-columns-is-layout-flex\">\n<div class=\"wp-block-column br-0111 p-5 particle-bg anims-fadein-up has-primary-background-color has-background is-layout-flow wp-block-column-is-layout-flow\">\n<h2 class=\"wp-block-heading has-white-color has-text-color\">Per conoscere a fondo<br><strong>NeuronUP<\/strong><\/h2>\n\n\n\n<div class=\"wp-block-buttons is-content-justification-center is-layout-flex wp-container-core-buttons-is-layout-16018d1d wp-block-buttons-is-layout-flex\">\n<div class=\"wp-block-button--1\" style=\"--button-outline-color:var(--color-white);--button-outline-color-hover:rgba(0,0,0,0.8);\"><a class=\"wp-block-button__link button button-outline   has-link-color wp-element-button\" href=\"https:\/\/neuronup.com\/redirect\/?target=typeform\/videochiamata?utm_first_source=Web&#038;utm_first_campaign_name=Request_meeting\">Parla con un esperto<\/a><\/div>\n\n<\/div>\n<\/div>\n\n\n\n<div class=\"wp-block-column br-0111 p-5 particle-bg anims-fadein-up has-primary-background-color has-background is-layout-flow wp-block-column-is-layout-flow\">\n<h2 class=\"wp-block-heading has-white-color has-text-color\">Prova gratuitamente<\/h2>\n\n\n\n<p class=\"has-white-color has-text-color\">La piattaforma che pi\u00f9 di 4.500 professionisti utilizzano ogni giorno<\/p>\n\n\n\n<div class=\"wp-block-buttons is-layout-flex wp-block-buttons-is-layout-flex\">\n<div class=\"wp-block-button orange-button\" style=\"--button-background:var(--color-custom-1);--button-background-hover:#cc7e00;\"><a class=\"wp-block-button__link button   wp-element-button\" href=\"https:\/\/neuronup.com\/it\/landing-store-user\/\">Richiedi una prova<img decoding=\"async\" class=\"wp-image-18719\" style=\"width: 8px;\" src=\"\/it\/wp-content\/uploads\/2022\/v3\/icon_rightArrow-white.svg\"><\/a><\/div>\n\n<\/div>\n<\/div>\n<\/div>\n<\/div><\/div>\n\n\n\n<div style=\"height:50px\" aria-hidden=\"true\" class=\"wp-block-spacer\"><\/div>\n\n\n\n<h4 class=\"wp-block-heading\">Esempio di gioco: <em>L&#8217;erba del vicino<\/em><\/h4>\n\n\n\n<h5 class=\"wp-block-heading\"><br>In cosa consiste?<\/h5>\n\n\n\n<p><em>L&#8217;orto del vicino<\/em> \u00e8 un gioco di NeuronUP che consiste nel <strong>determinare la corrispondenza spaziale <\/strong>di uno stimolo. L&#8217;utente deve riempire il proprio orto di verdure cliccando sullo stesso punto in cui esse escono dall&#8217;altra parte.<\/p>\n\n\n\n<h5 class=\"wp-block-heading\"><br>Che cosa allena questa attivit\u00e0?<\/h5>\n\n\n\n<p>Si tratta di un gioco che lavora sulle<strong> relazioni spaziali<\/strong>.<\/p>\n\n\n\n<h5 class=\"wp-block-heading\"><br>Gioca per livelli<\/h5>\n\n\n\n<p>Questo gioco \u00e8 suddiviso in <strong>dodici <\/strong>livelli di difficolt\u00e0. L&#8217;utente <strong>salir\u00e0 o scender\u00e0 automaticamente <\/strong>di livello a seconda dei suoi successi o dei suoi errori.<\/p>\n\n\n\n<h5 class=\"wp-block-heading\"><br>Personalizzazione dell&#8217;attivit\u00e0<\/h5>\n\n\n\n<p>\u00c8 possibile personalizzare l&#8217;attivit\u00e0 in base alle capacit\u00e0 di ciascun bambino:<\/p>\n\n\n\n<ul class=\"wp-block-list\">\n<li><strong>Aspetti generali<\/strong>.<strong> <\/strong>\u00c8 possibile scegliere il numero di esercizi, regolare il tempo, avvisare l&#8217;utente quando \u00e8 inattivo, personalizzare le istruzioni dell&#8217;attivit\u00e0 e aggiungere un timer.<\/li>\n\n\n\n<li><strong>Parametri<\/strong>. In questo caso, \u00e8 possibile personalizzare le dimensioni della matrice, il numero di elementi, le linee di riferimento e gli errori massimi.<\/li>\n\n\n\n<li><strong>Lateralit\u00e0<\/strong>. Sinistra o destra, a seconda che si lavori con utenti mancini o destrorsi.<\/li>\n<\/ul>\n\n\n\n<figure class=\"wp-block-embed aligncenter is-type-video is-provider-youtube wp-block-embed-youtube image-interface\"><div class=\"wp-block-embed__wrapper\">\n<iframe title=\"Personalizar un juego de NeuronUP\" width=\"800\" height=\"450\" src=\"https:\/\/www.youtube.com\/embed\/oYBmchrF5eg?feature=oembed\" frameborder=\"0\" allow=\"accelerometer; autoplay; clipboard-write; encrypted-media; gyroscope; picture-in-picture; web-share\" referrerpolicy=\"strict-origin-when-cross-origin\" allowfullscreen><\/iframe>\n<\/div><\/figure>\n\n\n\n<h3 class=\"wp-block-heading\" id=\"schede\"><br>3. Schede<\/h3>\n\n\n\n<h4 class=\"wp-block-heading\"><br>Cosa sono le schede?<\/h4>\n\n\n\n<p>Le schede sono attivit\u00e0 <strong>suddivise per livelli di difficolt\u00e0 <\/strong>che possono essere usate in digitale o su carta.<\/p>\n\n\n\n<h4 class=\"wp-block-heading\"><br>Livelli di difficolt\u00e0<\/h4>\n\n\n\n<p>Le schede sono organizzate in <strong>cinque <\/strong>livelli di difficolt\u00e0:<\/p>\n\n\n\n<ul class=\"wp-block-list\">\n<li>base,<\/li>\n\n\n\n<li>facile,<\/li>\n\n\n\n<li>medio,<\/li>\n\n\n\n<li>difficile,<\/li>\n\n\n\n<li>avanzato.<\/li>\n<\/ul>\n\n\n\n<h4 class=\"wp-block-heading\">Modalit\u00e0 di lavoro<\/h4>\n\n\n\n<p>Le schede possono essere utilizzate in due modalit\u00e0:<\/p>\n\n\n\n<ul class=\"wp-block-list\">\n<li><strong>Correzione:<\/strong> la piattaforma corregge l&#8217;utente dopo ogni azione;<\/li>\n\n\n\n<li><strong>Libera<\/strong>: la piattaforma non corregge l&#8217;utente fino alla fine dell&#8217;esercizio. Non dice se l&#8217;utente ha risposto bene o male durante l&#8217;attivit\u00e0.<\/li>\n<\/ul>\n\n\n\n<h4 class=\"wp-block-heading\">Formato<\/h4>\n\n\n\n<p>Le schede sono disponibili in due formati:<\/p>\n\n\n\n<ul class=\"wp-block-list\">\n<li>Digitale;<\/li>\n\n\n\n<li>Cartaceo.<\/li>\n<\/ul>\n\n\n\n<h4 class=\"wp-block-heading\">Esempio: <em>Trova le coppie<\/em><\/h4>\n\n\n\n<h5 class=\"wp-block-heading\"><br>In cosa consiste?<\/h5>\n\n\n\n<p>Questa scheda prevede l&#8217;<strong>abbinamento delle figure con il loro partner corrispondente.<\/strong><\/p>\n\n\n\n<h5 class=\"wp-block-heading\"><br>Che cosa allena questa attivit\u00e0?<\/h5>\n\n\n\n<p>Questa \u00e8 una scheda che aiuta a lavorare sull&#8217;<strong>attenzione selettiva<\/strong>.&nbsp;<\/p>\n\n\n\n<h5 class=\"wp-block-heading\"><br>Gioca per livelli<\/h5>\n\n\n\n<p>Questo foglio di lavoro presenta <strong>cinque <\/strong>livelli di difficolt\u00e0: base, facile, medio, difficile e avanzato.<\/p>\n\n\n\n<h5 class=\"wp-block-heading\"><br>Esempio<\/h5>\n\n\n\n<p>Nell&#8217;esempio seguente puoi vedere, sempre in spagnolo, come creare la scheda digitale in modalit\u00e0 correzione di <em>Trova le coppie:<\/em><\/p>\n\n\n\n<figure class=\"wp-block-embed aligncenter is-type-video is-provider-youtube wp-block-embed-youtube image-interface\"><div class=\"wp-block-embed__wrapper\">\n<iframe title=\"Ficha de NeuronUP Unir figuras por parejas\" width=\"800\" height=\"450\" src=\"https:\/\/www.youtube.com\/embed\/ieg9GoOeE_c?feature=oembed\" frameborder=\"0\" allow=\"accelerometer; autoplay; clipboard-write; encrypted-media; gyroscope; picture-in-picture; web-share\" referrerpolicy=\"strict-origin-when-cross-origin\" allowfullscreen><\/iframe>\n<\/div><\/figure>\n\n\n\n\n\n<h3 class=\"wp-block-heading\">Se ti \u00e8 piaciuto questo articolo sui <strong>tipi di attivit\u00e0 di NeuronUP<\/strong>, potrebbero interessarti anche le seguenti informazioni:<\/h3>\n\n\n\n\n\n<div style=\"height:80px\" aria-hidden=\"true\" class=\"wp-block-spacer\"><\/div>\n\n\n\n<div class=\"wp-block-group\"><div class=\"wp-block-group__inner-container is-layout-constrained wp-block-group-is-layout-constrained\">\n<div class=\"wp-block-columns is-layout-flex wp-container-core-columns-is-layout-9d6595d7 wp-block-columns-is-layout-flex\">\n<div class=\"wp-block-column br-0111 p-5 particle-bg anims-fadein-up has-primary-background-color has-background is-layout-flow wp-block-column-is-layout-flow\">\n<h2 class=\"wp-block-heading has-white-color has-text-color\">Per conoscere a fondo<br><strong>NeuronUP<\/strong><\/h2>\n\n\n\n<div class=\"wp-block-buttons is-content-justification-center is-layout-flex wp-container-core-buttons-is-layout-16018d1d wp-block-buttons-is-layout-flex\">\n<div class=\"wp-block-button--2\" style=\"--button-outline-color:var(--color-white);--button-outline-color-hover:rgba(0,0,0,0.8);\"><a class=\"wp-block-button__link button button-outline   has-link-color wp-element-button\" href=\"https:\/\/neuronup.com\/redirect\/?target=typeform\/videochiamata?utm_first_source=Web&#038;utm_first_campaign_name=Request_meeting\">Parla con un esperto<\/a><\/div>\n\n<\/div>\n<\/div>\n\n\n\n<div class=\"wp-block-column br-0111 p-5 particle-bg anims-fadein-up has-primary-background-color has-background is-layout-flow wp-block-column-is-layout-flow\">\n<h2 class=\"wp-block-heading has-white-color has-text-color\">Prova gratuitamente<\/h2>\n\n\n\n<p class=\"has-white-color has-text-color\">La piattaforma che pi\u00f9 di 4.500 professionisti utilizzano ogni giorno<\/p>\n\n\n\n<div class=\"wp-block-buttons is-layout-flex wp-block-buttons-is-layout-flex\">\n<div class=\"wp-block-button orange-button\" style=\"--button-background:var(--color-custom-1);--button-background-hover:#cc7e00;\"><a class=\"wp-block-button__link button   wp-element-button\" href=\"https:\/\/neuronup.com\/it\/landing-store-user\/\">Richiedi una prova<img decoding=\"async\" class=\"wp-image-18719\" style=\"width: 8px;\" src=\"\/it\/wp-content\/uploads\/2022\/v3\/icon_rightArrow-white.svg\"><\/a><\/div>\n\n<\/div>\n<\/div>\n<\/div>\n<\/div><\/div>\n","protected":false},"excerpt":{"rendered":"<p>NeuronUP offre centinaia di esercizi di stimolazione cognitiva, suddivisi in tre tipi di attivit\u00e0: generatori, giochi e schede. Ma conosci la differenza tra i diversi tipi di attivit\u00e0 di NeuronUP? Capire la differenza tra schede, generatori e giochi ti permetter\u00e0 di scegliere l&#8217;attivit\u00e0 pi\u00f9 appropriata a seconda di ci\u00f2 che vuoi fare con i tuoi &hellip;<\/p>\n","protected":false},"author":3,"featured_media":28249,"parent":21885,"menu_order":0,"comment_status":"closed","ping_status":"closed","template":"","meta":{"_acf_changed":false,"_genesis_hide_title":false,"_genesis_hide_breadcrumbs":false,"_genesis_hide_singular_image":false,"_genesis_hide_footer_widgets":false,"_genesis_custom_body_class":"","_genesis_custom_post_class":"","_genesis_layout":"","footnotes":""},"class_list":{"1":"page","2":"type-page","6":"entry"},"acf":[],"_links":{"self":[{"href":"https:\/\/neuronup.com\/it\/wp-json\/wp\/v2\/pages\/24457","targetHints":{"allow":["GET"]}}],"collection":[{"href":"https:\/\/neuronup.com\/it\/wp-json\/wp\/v2\/pages"}],"about":[{"href":"https:\/\/neuronup.com\/it\/wp-json\/wp\/v2\/types\/page"}],"author":[{"embeddable":true,"href":"https:\/\/neuronup.com\/it\/wp-json\/wp\/v2\/users\/3"}],"replies":[{"embeddable":true,"href":"https:\/\/neuronup.com\/it\/wp-json\/wp\/v2\/comments?post=24457"}],"version-history":[{"count":0,"href":"https:\/\/neuronup.com\/it\/wp-json\/wp\/v2\/pages\/24457\/revisions"}],"up":[{"embeddable":true,"href":"https:\/\/neuronup.com\/it\/wp-json\/wp\/v2\/pages\/21885"}],"wp:featuredmedia":[{"embeddable":true,"href":"https:\/\/neuronup.com\/it\/wp-json\/wp\/v2\/media\/28249"}],"wp:attachment":[{"href":"https:\/\/neuronup.com\/it\/wp-json\/wp\/v2\/media?parent=24457"}],"curies":[{"name":"wp","href":"https:\/\/api.w.org\/{rel}","templated":true}]}}