
{"id":1657,"date":"2024-02-14T11:11:00","date_gmt":"2024-02-14T09:11:00","guid":{"rendered":"https:\/\/neuronup.com\/it\/?page_id=1657"},"modified":"2025-07-11T09:34:05","modified_gmt":"2025-07-11T07:34:05","slug":"strumenti-di-ricerca","status":"publish","type":"page","link":"https:\/\/neuronup.com\/it\/ricerca-nel-campo-della-stimolazione-cognitiva-e-della-riabilitazione-neuropsicologica-con-neuronup\/strumenti-di-ricerca\/","title":{"rendered":"Strumenti di ricerca"},"content":{"rendered":"<div class=\"wp-block-image\">\n<figure class=\"aligncenter size-large is-resized\"><img decoding=\"async\" width=\"300\" height=\"300\" src=\"https:\/\/neuronup.com\/it\/wp-content\/uploads\/2024\/01\/strumenti-di-ricerca-.svg\" alt=\"strumenti di ricerca\" class=\"wp-image-28531\" style=\"width:173px;height:auto\"\/><\/figure>\n<\/div>\n\n\n<h1 class=\"wp-block-heading has-text-align-center\">Strumenti di ricerca<\/h1>\n\n\n\n<h2 class=\"wp-block-heading has-text-align-center is-style-default has-xxl-margin-top has-xl-margin-bottom\">Funzionalit\u00e0 di NeuronUP<\/h2>\n\n\n\n<div class=\"wp-block-group br-0111 particle-bg p-5 anims-fadein-up has-primary-background-color has-background has-dark-background\"><div class=\"wp-block-group__inner-container is-layout-constrained wp-block-group-is-layout-constrained\">\n<h3 class=\"wp-block-heading has-text-align-center\">Ricerca sulla riabilitazione neuropsicologica<\/h3>\n\n\n\n<p class=\"has-text-align-center\">Ricercatori di tutto il mondo lavorano con NeuronUP nei loro progetti di ricerca finalizzati allo studio della riabilitazione neuropsicologica e i disturbi cognitivi.<\/p>\n\n\n\n<div class=\"wp-block-buttons is-content-justification-center is-layout-flex wp-container-core-buttons-is-layout-16018d1d wp-block-buttons-is-layout-flex\">\n<div class=\"wp-block-button\" style=\"--button-color:var(--color-white);--button-background:var(--color-custom-1);--button-background-hover:#cc7e00;\"><a class=\"wp-block-button__link button     has-link-color wp-element-button\" href=\"#investiga\"><strong>Comincia la tua ricerca con NeuronUP<\/strong><\/a><\/div>\n\n<\/div>\n<\/div><\/div>\n\n\n\n\n<div class=\"wp-block-group anims-fadein-up\"><div class=\"wp-block-group__inner-container is-layout-constrained wp-block-group-is-layout-constrained\">\n<h3 class=\"wp-block-heading has-xxl-margin-top\">Principali linee di ricerca con NeuronUP<\/h3>\n\n\n\n<p class=\"has-xl-margin-bottom\">NeuronUP \u00e8 aperta a collaborare con proposte di ricerca innovative relative alla riabilitazione neuropsicologica o al deterioramento cognitivo. Di seguito proponiamo argomenti di ricerca suddivisi per profilo:<\/p>\n<\/div><\/div>\n\n\n\n<div class=\"wp-block-columns anims-fadein-up is-layout-flex wp-container-core-columns-is-layout-9d6595d7 wp-block-columns-is-layout-flex\">\n<div class=\"wp-block-column is-layout-flow wp-block-column-is-layout-flow\">\n<p><strong>GRAVE CEREBROLESIONE ACQUISITA<\/strong><\/p>\n\n\n\n<ul class=\"wp-block-list\">\n<li>Lesioni cerebrali traumatiche (TBI)<\/li>\n\n\n\n<li>Incidenti cerebrovascolari (CVA)<\/li>\n<\/ul>\n\n\n\n<p><strong>MALATTIE NEURODEGENERATIVE<\/strong><\/p>\n\n\n\n<ul class=\"wp-block-list\">\n<li>Sclerosi multipla<\/li>\n\n\n\n<li>Alzheimer<\/li>\n\n\n\n<li>Morbo di Parkinson<\/li>\n\n\n\n<li>Malattia di Huntington<\/li>\n<\/ul>\n<\/div>\n\n\n\n<div class=\"wp-block-column is-layout-flow wp-block-column-is-layout-flow\">\n<p><strong>DISTURBI DEL NEUROSVILUPPO<\/strong><\/p>\n\n\n\n<ul class=\"wp-block-list\">\n<li>Disturbo da deficit di attenzione e iperattivit\u00e0 (ADHD)<\/li>\n\n\n\n<li>Disturbi dello spettro autistico (ASD)<\/li>\n\n\n\n<li>Dislessia<\/li>\n\n\n\n<li>Discalculia<\/li>\n\n\n\n<li>Difficolt\u00e0 di comprensione<\/li>\n\n\n\n<li>Dislalia<\/li>\n\n\n\n<li>Disfemia<\/li>\n<\/ul>\n<\/div>\n\n\n\n<div class=\"wp-block-column is-layout-flow wp-block-column-is-layout-flow\">\n<p><strong>DISABILIT\u00c0 INTELLETTIVA<\/strong><\/p>\n\n\n\n<p><strong>MALATTIA MENTALE<\/strong><\/p>\n\n\n\n<p><strong>PREVENZIONE DEL DETERIORAMENTO<\/strong> <strong>COGNITIVO<\/strong><\/p>\n<\/div>\n<\/div>\n\n\n\n<div class=\"wp-block-columns is-layout-flex wp-container-core-columns-is-layout-9d6595d7 wp-block-columns-is-layout-flex\">\n<div class=\"wp-block-column anims-fadein-up is-layout-flow wp-block-column-is-layout-flow\">\n<figure class=\"wp-block-image aligncenter size-full is-resized blog-br-0010\"><img decoding=\"async\" src=\"https:\/\/neuronup.com\/it\/wp-content\/uploads\/2024\/01\/ricercatore-neuropsicologia-con-portafoglio-1024x490-1.webp\" alt=\"\" class=\"wp-image-28133\" style=\"width:1200px;height:574px\"\/><\/figure>\n<\/div>\n<\/div>\n\n\n\n<div class=\"wp-block-group anims-fadein-up\"><div class=\"wp-block-group__inner-container is-layout-constrained wp-block-group-is-layout-constrained\">\n<h3 class=\"wp-block-heading has-xxl-margin-top\">Riabilitazione cognitiva<\/h3>\n\n\n\n<p>Lo strumento di riabilitazione cognitiva di NeuronUP consente un intervento intensivo e personalizzato, che lo rende una risorsa preziosa per i ricercatori nei loro studi sulla neuroriabilitazione e sui deficit cognitivi.<\/p>\n\n\n\n<p>Contiene attivit\u00e0 di vita quotidiana livellate in base a parametri tecnici, che consentono al ricercatore di adattare le attivit\u00e0 al livello delle funzioni di ciascun utente.<\/p>\n\n\n\n<p>Consente inoltre di progettare le sessioni, tenendo conto dell&#8217;importanza della personalizzazione e della validit\u00e0 ecologica degli esercizi di stimolazione cognitiva. Per questo motivo, dispone anche di un gestore di utenti per salvare e monitorare i risultati degli esercizi.<\/p>\n<\/div><\/div>\n\n\n\n<div class=\"wp-block-group anims-fadein-up\"><div class=\"wp-block-group__inner-container is-layout-constrained wp-block-group-is-layout-constrained\">\n<h3 class=\"wp-block-heading has-xxl-margin-top\">Hai bisogno di idee per la tua ricerca?<\/h3>\n\n\n\n<p>Se stai pensando di fare ricerca con NeuronUP, ma non hai ben chiaro il progetto specifico su cui vuoi intraprendere la tua ricerca, abbiamo alcune idee da offrirti. Contattateci compilando il modulo di seguito.<\/p>\n<\/div><\/div>\n\n\n\n<div style=\"height:100px\" aria-hidden=\"true\" class=\"wp-block-spacer\"><\/div>\n\n\n\n<div class=\"wp-block-columns anims-fadein-up is-layout-flex wp-container-core-columns-is-layout-9d6595d7 wp-block-columns-is-layout-flex\">\n<div class=\"wp-block-column is-layout-flow wp-block-column-is-layout-flow\">\n<div class=\"wp-block-group p-4 br-0101 has-alt-background-color has-background has-light-background\"><div class=\"wp-block-group__inner-container is-layout-constrained wp-block-group-is-layout-constrained\">\n<h3 class=\"wp-block-heading has-text-align-center has-xxl-margin-top\" id=\"investiga\">Collaborar con NeuronUP per la vostra ricerca<\/h3>\n\n\n\n<div class=\"hs-form-frame\" data-region=\"eu1\" data-form-id=\"0dd00800-92f2-4d41-82b4-9a500d87563e\" data-portal-id=\"143501970\"><\/div>\n\n\n\n<p>*Se uno dei campi \u00e8 vuoto o incompleto, NeuronUP non considerer\u00e0 valida la richiesta di collaborazione. In ogni altro caso, NeuronUP vi contatter\u00e0 nei prossimi giorni per darvi maggiori informazioni su come procedere.<\/p>\n\n\n\n<div style=\"height:40px\" aria-hidden=\"true\" class=\"wp-block-spacer\"><\/div>\n<\/div><\/div>\n\n<\/div>\n<\/div>\n\n\n","protected":false},"excerpt":{"rendered":"<p>Strumenti di ricerca Funzionalit\u00e0 di NeuronUP Ricerca sulla riabilitazione neuropsicologica Ricercatori di tutto il mondo lavorano con NeuronUP nei loro progetti di ricerca finalizzati allo studio della riabilitazione neuropsicologica e i disturbi cognitivi. Principali linee di ricerca con NeuronUP NeuronUP \u00e8 aperta a collaborare con proposte di ricerca innovative relative alla riabilitazione neuropsicologica o al &hellip;<\/p>\n","protected":false},"author":7,"featured_media":0,"parent":1647,"menu_order":0,"comment_status":"closed","ping_status":"closed","template":"","meta":{"_acf_changed":false,"_genesis_hide_title":false,"_genesis_hide_breadcrumbs":false,"_genesis_hide_singular_image":false,"_genesis_hide_footer_widgets":false,"_genesis_custom_body_class":"nup-style","_genesis_custom_post_class":"nup-style","_genesis_layout":"wide-content","footnotes":""},"class_list":{"1":"page","2":"type-page","5":"entry","6":"nup-style"},"acf":[],"_links":{"self":[{"href":"https:\/\/neuronup.com\/it\/wp-json\/wp\/v2\/pages\/1657","targetHints":{"allow":["GET"]}}],"collection":[{"href":"https:\/\/neuronup.com\/it\/wp-json\/wp\/v2\/pages"}],"about":[{"href":"https:\/\/neuronup.com\/it\/wp-json\/wp\/v2\/types\/page"}],"author":[{"embeddable":true,"href":"https:\/\/neuronup.com\/it\/wp-json\/wp\/v2\/users\/7"}],"replies":[{"embeddable":true,"href":"https:\/\/neuronup.com\/it\/wp-json\/wp\/v2\/comments?post=1657"}],"version-history":[{"count":0,"href":"https:\/\/neuronup.com\/it\/wp-json\/wp\/v2\/pages\/1657\/revisions"}],"up":[{"embeddable":true,"href":"https:\/\/neuronup.com\/it\/wp-json\/wp\/v2\/pages\/1647"}],"wp:attachment":[{"href":"https:\/\/neuronup.com\/it\/wp-json\/wp\/v2\/media?parent=1657"}],"curies":[{"name":"wp","href":"https:\/\/api.w.org\/{rel}","templated":true}]}}