
{"id":1523,"date":"2021-06-02T18:17:16","date_gmt":"2021-06-02T18:17:16","guid":{"rendered":"https:\/\/neuronup.com\/it\/?page_id=1523"},"modified":"2026-03-13T11:17:10","modified_gmt":"2026-03-13T09:17:10","slug":"attivita-della-vita-quotidiana-adl","status":"publish","type":"page","link":"https:\/\/neuronup.com\/it\/aree-dintervento\/attivita-della-vita-quotidiana-adl\/","title":{"rendered":"Attivit\u00e0 della vita quotidiana (ADL)"},"content":{"rendered":"\n<div class=\"wp-block-group alignfull has-custom-12-background-color has-background has-light-background has-md-padding-top has-md-padding-bottom\"><div class=\"wp-block-group__inner-container is-layout-constrained wp-block-group-is-layout-constrained\"><div class=\"wp-block-image\">\n<figure class=\"aligncenter size-large has-xxl-margin-top\"><img decoding=\"async\" src=\"https:\/\/neuronup.com\/it\/wp-content\/uploads\/2024\/01\/icon-avds-squared-1.svg\" alt=\"Aktivit\u00e4ten des t\u00e4glichen Lebens (ADL)\" class=\"wp-image-27542\"><\/figure>\n<\/div>\n\n\n<h1 class=\"wp-block-heading has-text-align-center\">Attivit\u00e0 della vita quotidiana (ADL)<\/h1>\n\n\n\n<p class=\"has-xxl-margin-bottom\">Dette anche &#8220;aree di occupazione&#8221;, comprendono tutte quelle attivit\u00e0 della vita quotidiana che hanno un valore e un significato concreto per una persona, oltre che uno scopo.<\/p>\n<\/div><\/div>\n\n\n\n\n<h2 class=\"wp-block-heading\">Tipi di attivit\u00e0 della vita quotidiana<\/h2>\n\n\n\n<p class=\"has-lg-font-size has-xxxl-margin-bottom\">Le occupazioni sono fondamentali per l&#8217;identit\u00e0 e le capacit\u00e0 di una persona e influenzano il modo in cui trascorre il tempo e prende decisioni.<\/p>\n\n\n\n<div class=\"wp-block-columns mb-5 is-layout-flex wp-container-core-columns-is-layout-9d6595d7 wp-block-columns-is-layout-flex\">\n<div class=\"wp-block-column p-3 is-layout-flow wp-block-column-is-layout-flow\"><div class=\"wp-block-image\">\n<figure class=\"aligncenter size-full\"><img decoding=\"async\" width=\"100\" height=\"100\" src=\"https:\/\/neuronup.com\/it\/wp-content\/uploads\/2024\/01\/Icon-Attivita-di-base.webp\" alt=\"Icon-Attivita-di-base\" class=\"wp-image-28449\" srcset=\"https:\/\/neuronup.com\/it\/wp-content\/uploads\/2024\/01\/Icon-Attivita-di-base-80x80.webp 80w, https:\/\/neuronup.com\/it\/wp-content\/uploads\/2024\/01\/Icon-Attivita-di-base.webp 100w\" sizes=\"(max-width: 100px) 100vw, 100px\" \/><\/figure>\n<\/div>\n\n\n<h3 class=\"wp-block-heading has-text-align-center\">Attivit\u00e0 di base<\/h3>\n\n\n\n<p>Attivit\u00e0 orientate alla cura del proprio corpo.<\/p>\n\n\n\n<ul class=\"wp-block-list\">\n<li>Fare il bagno\/la doccia<\/li>\n\n\n\n<li>Igiene e cura personale<\/li>\n\n\n\n<li>Gestione della continenza<\/li>\n\n\n\n<li>Igiene dei servizi igienici<\/li>\n\n\n\n<li>Vestizione<\/li>\n\n\n\n<li>Mangiare<\/li>\n\n\n\n<li>Alimentazione<\/li>\n\n\n\n<li>Mobilit\u00e0 funzionale<\/li>\n\n\n\n<li>Attivit\u00e0 sessuale<\/li>\n\n\n\n<li>Sonno\/riposo&nbsp;<\/li>\n\n\n\n<li>Cura degli ausili tecnici personali<\/li>\n<\/ul>\n<\/div>\n\n\n\n<div class=\"wp-block-column br-0101 p-3 has-alt-background-color has-background is-layout-flow wp-block-column-is-layout-flow\"><div class=\"wp-block-image\">\n<figure class=\"aligncenter size-full\"><img decoding=\"async\" width=\"100\" height=\"100\" src=\"https:\/\/neuronup.com\/it\/wp-content\/uploads\/2024\/01\/Icon-Attivita-strumentali.webp\" alt=\"Icon-Attivita-strumentali\" class=\"wp-image-28450\" srcset=\"https:\/\/neuronup.com\/it\/wp-content\/uploads\/2024\/01\/Icon-Attivita-strumentali-80x80.webp 80w, https:\/\/neuronup.com\/it\/wp-content\/uploads\/2024\/01\/Icon-Attivita-strumentali.webp 100w\" sizes=\"(max-width: 100px) 100vw, 100px\" \/><\/figure>\n<\/div>\n\n\n<h3 class=\"wp-block-heading has-text-align-center\">Attivit\u00e0 strumentali<\/h3>\n\n\n\n<p>Attivit\u00e0 volte all&#8217;interazione con l&#8217;ambiente, spesso complesse e di solito facoltative, in quanto possono essere delegate ad altri.<\/p>\n\n\n\n<ul class=\"wp-block-list\">\n<li>Cura degli animali domestici<\/li>\n\n\n\n<li>Allevamento dei bambini<\/li>\n\n\n\n<li>Uso dei sistemi di comunicazione<\/li>\n\n\n\n<li>Mobilit\u00e0 nella comunit\u00e0<\/li>\n\n\n\n<li>Gestione delle finanze<\/li>\n\n\n\n<li>Gestione della salute e del suo mantenimento<\/li>\n\n\n\n<li>Cura della casa<\/li>\n\n\n\n<li>Preparazione dei pasti<\/li>\n\n\n\n<li>Procedure di sicurezza e risposta alle emergenze<\/li>\n\n\n\n<li>Acquisti<\/li>\n<\/ul>\n<\/div>\n\n\n\n<div class=\"wp-block-column p-3 is-layout-flow wp-block-column-is-layout-flow\"><div class=\"wp-block-image\">\n<figure class=\"aligncenter size-full\"><img decoding=\"async\" width=\"100\" height=\"101\" src=\"https:\/\/neuronup.com\/it\/wp-content\/uploads\/2024\/01\/Icon-Istruzione.webp\" alt=\"Icon-Istruzione\" class=\"wp-image-28451\" srcset=\"https:\/\/neuronup.com\/it\/wp-content\/uploads\/2024\/01\/Icon-Istruzione-80x80.webp 80w, https:\/\/neuronup.com\/it\/wp-content\/uploads\/2024\/01\/Icon-Istruzione.webp 100w\" sizes=\"(max-width: 100px) 100vw, 100px\" \/><\/figure>\n<\/div>\n\n\n<h3 class=\"wp-block-heading has-text-align-center\">Istruzione<\/h3>\n\n\n\n<p>Attivit\u00e0 necessarie per essere uno studente e partecipare all&#8217;ambiente educativo.<\/p>\n\n\n\n<ul class=\"wp-block-list\">\n<li>Partecipazione all&#8217;istruzione formale<\/li>\n\n\n\n<li>Valutazione delle esigenze o degli interessi personali in materia di istruzione<\/li>\n\n\n\n<li>Partecipazione personale all&#8217;educazione informale<\/li>\n<\/ul>\n<\/div>\n<\/div>\n\n\n\n<div style=\"height:60px\" aria-hidden=\"true\" class=\"wp-block-spacer\"><\/div>\n\n\n\n<div class=\"wp-block-columns mb-5 is-layout-flex wp-container-core-columns-is-layout-9d6595d7 wp-block-columns-is-layout-flex\">\n<div class=\"wp-block-column br-0101 p-3 is-layout-flow wp-block-column-is-layout-flow\"><div class=\"wp-block-image\">\n<figure class=\"aligncenter size-full\"><img decoding=\"async\" width=\"100\" height=\"101\" src=\"https:\/\/neuronup.com\/it\/wp-content\/uploads\/2024\/01\/Icon-Lavoro.webp\" alt=\"Lavoro\" class=\"wp-image-28452\" srcset=\"https:\/\/neuronup.com\/it\/wp-content\/uploads\/2024\/01\/Icon-Lavoro-80x80.webp 80w, https:\/\/neuronup.com\/it\/wp-content\/uploads\/2024\/01\/Icon-Lavoro.webp 100w\" sizes=\"(max-width: 100px) 100vw, 100px\" \/><\/figure>\n<\/div>\n\n\n<h3 class=\"wp-block-heading has-text-align-center\">Lavoro<\/h3>\n\n\n\n<p>Attivit\u00e0 necessarie per ottenere un impiego retribuito o attivit\u00e0 di volontariato.<\/p>\n\n\n\n<ul class=\"wp-block-list\">\n<li>Interesse e ricerca di un\u2019occupazione<\/li>\n\n\n\n<li>Individuazione e ottenimento di un\u2019occupazione<\/li>\n\n\n\n<li>Prestazioni lavorative<\/li>\n\n\n\n<li>Preparazione alla pensione<\/li>\n\n\n\n<li>Valutazione della possibilit\u00e0 di fare volontariato<\/li>\n\n\n\n<li>Partecipazione volontaria<\/li>\n<\/ul>\n<\/div>\n\n\n\n<div class=\"wp-block-column br-0101 p-3 has-alt-background-color has-background is-layout-flow wp-block-column-is-layout-flow\"><div class=\"wp-block-image\">\n<figure class=\"aligncenter size-full\"><img decoding=\"async\" width=\"100\" height=\"101\" src=\"https:\/\/neuronup.com\/it\/wp-content\/uploads\/2024\/01\/icon-gioco.webp\" alt=\"icon-gioco\" class=\"wp-image-28453\" srcset=\"https:\/\/neuronup.com\/it\/wp-content\/uploads\/2024\/01\/icon-gioco-80x80.webp 80w, https:\/\/neuronup.com\/it\/wp-content\/uploads\/2024\/01\/icon-gioco.webp 100w\" sizes=\"(max-width: 100px) 100vw, 100px\" \/><\/figure>\n<\/div>\n\n\n<h3 class=\"wp-block-heading has-text-align-center\">Gioco<\/h3>\n\n\n\n<p>Attivit\u00e0 spontanee od organizzate che servono da divertimento, intrattenimento, passatempo o svago.<\/p>\n\n\n\n<ul class=\"wp-block-list\">\n<li>Esplorazione del gioco<\/li>\n\n\n\n<li>Gioco partecipativo<\/li>\n<\/ul>\n<\/div>\n<\/div>\n\n\n\n<div class=\"wp-block-columns is-layout-flex wp-container-core-columns-is-layout-9d6595d7 wp-block-columns-is-layout-flex\">\n<div class=\"wp-block-column br-0101 p-3 has-alt-background-color has-background is-layout-flow wp-block-column-is-layout-flow\"><div class=\"wp-block-image\">\n<figure class=\"aligncenter size-full\"><img decoding=\"async\" width=\"100\" height=\"101\" src=\"https:\/\/neuronup.com\/it\/wp-content\/uploads\/2024\/01\/Icon-tempo-libero.webp\" alt=\"Icon-tempo-libero\" class=\"wp-image-28455\" srcset=\"https:\/\/neuronup.com\/it\/wp-content\/uploads\/2024\/01\/Icon-tempo-libero-80x80.webp 80w, https:\/\/neuronup.com\/it\/wp-content\/uploads\/2024\/01\/Icon-tempo-libero.webp 100w\" sizes=\"(max-width: 100px) 100vw, 100px\" \/><\/figure>\n<\/div>\n\n\n<h3 class=\"wp-block-heading has-text-align-center\">Tempo libero<\/h3>\n\n\n\n<p>Attivit\u00e0 non obbligatorie, scelte volontariamente e svolte per un tempo che non contrasta con l&#8217;impegno in occupazioni obbligatorie come il lavoro, la cura della persona o il sonno.<\/p>\n\n\n\n<ul class=\"wp-block-list\">\n<li>Analisi del tempo libero<\/li>\n\n\n\n<li>Individuazione del tempo libero<\/li>\n<\/ul>\n<\/div>\n\n\n\n<div class=\"wp-block-column p-3 is-layout-flow wp-block-column-is-layout-flow\"><div class=\"wp-block-image\">\n<figure class=\"aligncenter size-full\"><img decoding=\"async\" width=\"100\" height=\"100\" src=\"https:\/\/neuronup.com\/it\/wp-content\/uploads\/2024\/01\/icon-partecipazione-alla-vita-sociale.webp\" alt=\"icon-partecipazione-alla-vita-sociale\" class=\"wp-image-28456\" srcset=\"https:\/\/neuronup.com\/it\/wp-content\/uploads\/2024\/01\/icon-partecipazione-alla-vita-sociale-80x80.webp 80w, https:\/\/neuronup.com\/it\/wp-content\/uploads\/2024\/01\/icon-partecipazione-alla-vita-sociale.webp 100w\" sizes=\"(max-width: 100px) 100vw, 100px\" \/><\/figure>\n<\/div>\n\n\n<h3 class=\"wp-block-heading has-text-align-center\">Partecipazione alla vita sociale<\/h3>\n\n\n\n<p>Attivit\u00e0 associate all&#8217;organizzazione di modelli di comportamento caratteristici nell&#8217;interazione individuale o collettiva con gli altri in un determinato sistema sociale.<\/p>\n\n\n\n<ul class=\"wp-block-list\">\n<li>Comunit\u00e0<\/li>\n\n\n\n<li>Famiglia<\/li>\n\n\n\n<li>Compagni\/ amici<\/li>\n<\/ul>\n<\/div>\n<\/div>\n\n\n\n<div style=\"height:100px\" aria-hidden=\"true\" class=\"wp-block-spacer\"><\/div>\n\n\n\n<div class=\"wp-block-columns are-vertically-aligned-top is-layout-flex wp-container-core-columns-is-layout-9d6595d7 wp-block-columns-is-layout-flex\">\n<div class=\"wp-block-column is-vertically-aligned-top is-layout-flow wp-block-column-is-layout-flow\">\n<figure class=\"wp-block-video aligncenter image-interface\"><video height=\"600\" style=\"aspect-ratio: 1200 \/ 600;\" width=\"1200\" autoplay loop muted src=\"https:\/\/neuronup.com\/it\/wp-content\/uploads\/2026\/02\/Attivita-di-NeuronUP-Vestiti-donna-Vistete-mujer.webm\" playsinline><\/video><figcaption class=\"wp-element-caption\">NeuronUP Activity: Vestiti (donna).<\/figcaption><\/figure>\n<\/div>\n\n\n\n<div class=\"wp-block-column is-vertically-aligned-top is-layout-flow wp-block-column-is-layout-flow\">\n<figure class=\"wp-block-video aligncenter image-interface\"><video height=\"600\" style=\"aspect-ratio: 1200 \/ 600;\" width=\"1200\" autoplay loop muted src=\"https:\/\/neuronup.com\/it\/wp-content\/uploads\/2026\/02\/Attivita-di-NeuronUP-Riordina-la-cucina-Ordena-la-cocina.webm\" playsinline><\/video><figcaption class=\"wp-element-caption\">NeuronUP Activity: Riordina la cucina.<\/figcaption><\/figure>\n<\/div>\n\n\n\n<div class=\"wp-block-column is-vertically-aligned-top is-layout-flow wp-block-column-is-layout-flow\">\n<figure class=\"wp-block-video aligncenter image-interface\"><video height=\"600\" style=\"aspect-ratio: 1200 \/ 600;\" width=\"1200\" autoplay loop muted src=\"https:\/\/neuronup.com\/it\/wp-content\/uploads\/2026\/02\/Attivita-di-NeuronUP-Isola-ecologica-Recicla-tu-basura.webm\" playsinline><\/video><figcaption class=\"wp-element-caption\">NeuronUP Activity: Isola ecologica.<\/figcaption><\/figure>\n<\/div>\n<\/div>\n\n\n\n<div style=\"height:100px\" aria-hidden=\"true\" class=\"wp-block-spacer\"><\/div>\n\n\n<div class=\"wp-block-image image-interface\">\n<figure class=\"aligncenter size-full is-resized\"><img decoding=\"async\" width=\"1200\" height=\"955\" src=\"https:\/\/neuronup.com\/it\/wp-content\/uploads\/2026\/03\/ATTIVITA-DELLA-VITA-QUOTIDIANA-Aree-di-Occupazione.webp\" alt=\"ATTIVIT\u00c0 DELLA VITA QUOTIDIANA - Aree di Occupazione\" class=\"wp-image-46658\" style=\"width:800px\" srcset=\"https:\/\/neuronup.com\/it\/wp-content\/uploads\/2026\/03\/ATTIVITA-DELLA-VITA-QUOTIDIANA-Aree-di-Occupazione-300x239.webp 300w, https:\/\/neuronup.com\/it\/wp-content\/uploads\/2026\/03\/ATTIVITA-DELLA-VITA-QUOTIDIANA-Aree-di-Occupazione-768x611.webp 768w, https:\/\/neuronup.com\/it\/wp-content\/uploads\/2026\/03\/ATTIVITA-DELLA-VITA-QUOTIDIANA-Aree-di-Occupazione-1024x815.webp 1024w, https:\/\/neuronup.com\/it\/wp-content\/uploads\/2026\/03\/ATTIVITA-DELLA-VITA-QUOTIDIANA-Aree-di-Occupazione.webp 1200w\" sizes=\"(max-width: 1200px) 100vw, 1200px\" \/><\/figure>\n<\/div>\n\n\n<div style=\"height:100px\" aria-hidden=\"true\" class=\"wp-block-spacer\"><\/div>\n\n\n\n<h3 class=\"wp-block-heading\">Ti potrebbe interessare:<\/h3>\n\n\n<div class=\"mai-grid entries entries-grid has-boxed has-image-left-full\" style=\"--entry-title-font-size:var(--font-size-lg);--aspect-ratio:4\/3;--entry-image-link-max-width:25%;--align-text:start;--align-text-vertical:unset;--entry-meta-text-align:start;\"><div class=\"entries-wrap has-columns has-image-stack\" style=\"--columns-xs:1\/1;--columns-sm:1\/1;--columns-md:1\/1;--columns-lg:1\/1;--flex-xs:0 0 var(--flex-basis);--flex-sm:0 0 var(--flex-basis);--flex-md:0 0 var(--flex-basis);--flex-lg:0 0 var(--flex-basis);--column-gap:var(--spacing-lg);--row-gap:var(--spacing-lg);--align-columns:start;\"><article class=\"entry entry-grid is-column has-entry-link has-image has-image-first type-post category-attivita-di-vita-quotidiana-adl tag-attivita-della-vita-quotidiana tag-attivita-di-stimolazione-cognitiva\" style=\"--entry-index:1;\" aria-label=\"Attivit\u00e0 della vita quotidiana (AVD): definizione, classificazione ed esercizi\" itemscope itemtype=\"https:\/\/schema.org\/CreativeWork\"><a class=\"entry-image-link\" href=\"https:\/\/neuronup.com\/it\/attivita-di-neuroriabilitazione\/attivita-di-vita-quotidiana-adl\/attivita-della-vita-quotidiana-avd-definizione-classificazione-e-esercizi\/\" tabindex=\"-1\" aria-hidden=\"true\"><img decoding=\"async\" width=\"400\" height=\"269\" src=\"https:\/\/neuronup.com\/it\/wp-content\/uploads\/2022\/03\/activida-de-la-vida-diaria-de-NeuronUP-Ordena-la-cocina-1.webp\" class=\"entry-image size-landscape-sm\" alt=\"Cucina moderna e minimalista: forno a microonde, frigorifero in acciaio e piano grigio con contenitori, panni e libro verde.\" srcset=\"https:\/\/neuronup.com\/it\/wp-content\/uploads\/2022\/03\/activida-de-la-vida-diaria-de-NeuronUP-Ordena-la-cocina-1-300x202.webp 300w, https:\/\/neuronup.com\/it\/wp-content\/uploads\/2022\/03\/activida-de-la-vida-diaria-de-NeuronUP-Ordena-la-cocina-1-768x516.webp 768w, https:\/\/neuronup.com\/it\/wp-content\/uploads\/2022\/03\/activida-de-la-vida-diaria-de-NeuronUP-Ordena-la-cocina-1-1024x688.webp 1024w, https:\/\/neuronup.com\/it\/wp-content\/uploads\/2022\/03\/activida-de-la-vida-diaria-de-NeuronUP-Ordena-la-cocina-1.webp 1200w\" sizes=\"(max-width:599px) 599px, (min-width:600px) and (max-width: 799px) 199.75px, (min-width:800px) and (max-width: 999px) 249.75px, (min-width:1000px) 300px\" \/><\/a><div class=\"entry-wrap entry-wrap-grid\"><h3 class=\"entry-title\" itemprop=\"headline\"><a class=\"entry-title-link\" href=\"https:\/\/neuronup.com\/it\/attivita-di-neuroriabilitazione\/attivita-di-vita-quotidiana-adl\/attivita-della-vita-quotidiana-avd-definizione-classificazione-e-esercizi\/\" rel=\"bookmark\">Attivit\u00e0 della vita quotidiana (AVD): definizione, classificazione ed esercizi<\/a><\/h3>\n<div class=\"entry-excerpt\"><p>Sai quali sono le attivit\u00e0 della vita quotidiana? Conosci la differenza tra le attivit\u00e0 di base e quelle strumentali? Sai come lavorarci? Cosa sono le attivit\u00e0 della vita quotidiana (AVQ)? Le attivit\u00e0 della vita quotidiana (AVQ) comprendono tutte quelle attivit\u00e0 quotidiane che hanno un valore e un significato concreti per una persona e, inoltre, uno &hellip;<\/p>\n<\/div><div class=\"entry-more\"><a class=\"entry-more-link button button-secondary button-small\" href=\"https:\/\/neuronup.com\/it\/attivita-di-neuroriabilitazione\/attivita-di-vita-quotidiana-adl\/attivita-della-vita-quotidiana-avd-definizione-classificazione-e-esercizi\/\">Leggi l&#8217;articolo completo<span class=\"screen-reader-text\">Attivit\u00e0 della vita quotidiana (AVD): definizione, classificazione ed esercizi<\/span><\/a><\/div><\/div><\/article><article class=\"entry entry-grid is-column has-entry-link has-image has-image-first type-post category-attivita-di-vita-quotidiana-adl tag-attenzione tag-attivita-della-vita-quotidiana tag-attivita-di-stimolazione-cognitiva tag-funzioni-esecutive tag-memoria tag-orientamento\" style=\"--entry-index:2;\" aria-label=\"Attivit\u00e0 strumentali della vita quotidiana: cosa sono, tipi ed esempi\" itemscope itemtype=\"https:\/\/schema.org\/CreativeWork\"><a class=\"entry-image-link\" href=\"https:\/\/neuronup.com\/it\/attivita-di-neuroriabilitazione\/attivita-di-vita-quotidiana-adl\/attivita-strumentali-della-vita-quotidiana-che-sono-tipi-e-esempi\/\" tabindex=\"-1\" aria-hidden=\"true\"><img decoding=\"async\" width=\"400\" height=\"297\" src=\"https:\/\/neuronup.com\/it\/wp-content\/uploads\/2022\/06\/Actividades-instrumentales-de-la-vida-diaria.-Actividad-de-NeuronUP-Recicla-tu-basura.webp\" class=\"entry-image size-landscape-sm\" alt=\"Contenitori differenziati colorati in primo piano: vetro, imballaggi, carta\/cartone e organico nell&#039;area urbana.\" srcset=\"https:\/\/neuronup.com\/it\/wp-content\/uploads\/2022\/06\/Actividades-instrumentales-de-la-vida-diaria.-Actividad-de-NeuronUP-Recicla-tu-basura-300x223.webp 300w, https:\/\/neuronup.com\/it\/wp-content\/uploads\/2022\/06\/Actividades-instrumentales-de-la-vida-diaria.-Actividad-de-NeuronUP-Recicla-tu-basura-768x570.webp 768w, https:\/\/neuronup.com\/it\/wp-content\/uploads\/2022\/06\/Actividades-instrumentales-de-la-vida-diaria.-Actividad-de-NeuronUP-Recicla-tu-basura.webp 879w\" sizes=\"(max-width:599px) 599px, (min-width:600px) and (max-width: 799px) 199.75px, (min-width:800px) and (max-width: 999px) 249.75px, (min-width:1000px) 300px\" \/><\/a><div class=\"entry-wrap entry-wrap-grid\"><h3 class=\"entry-title\" itemprop=\"headline\"><a class=\"entry-title-link\" href=\"https:\/\/neuronup.com\/it\/attivita-di-neuroriabilitazione\/attivita-di-vita-quotidiana-adl\/attivita-strumentali-della-vita-quotidiana-che-sono-tipi-e-esempi\/\" rel=\"bookmark\">Attivit\u00e0 strumentali della vita quotidiana: cosa sono, tipi ed esempi<\/a><\/h3>\n<div class=\"entry-excerpt\"><p>Le attivit\u00e0 della vita quotidiana sono quelle attivit\u00e0 che aumentano l&#8217;indipendenza della persona e la sua capacit\u00e0 di adattamento all&#8217;ambiente. Ci sono tre tipologie:&nbsp;di base, attivit\u00e0 strumentali della vita quotidiana e avanzate. Cosa sono le attivit\u00e0 strumentali della vita quotidiana? Si tratta di attivit\u00e0 orientate all&#8217;interazione con l&#8217;ambiente che spesso sono complesse e, generalmente, opzionali, &hellip;<\/p>\n<\/div><div class=\"entry-more\"><a class=\"entry-more-link button button-secondary button-small\" href=\"https:\/\/neuronup.com\/it\/attivita-di-neuroriabilitazione\/attivita-di-vita-quotidiana-adl\/attivita-strumentali-della-vita-quotidiana-che-sono-tipi-e-esempi\/\">Leggi l&#8217;articolo completo<span class=\"screen-reader-text\">Attivit\u00e0 strumentali della vita quotidiana: cosa sono, tipi ed esempi<\/span><\/a><\/div><\/div><\/article><\/div><\/div>\n\n","protected":false},"excerpt":{"rendered":"<p>Attivit\u00e0 della vita quotidiana (ADL) Dette anche &#8220;aree di occupazione&#8221;, comprendono tutte quelle attivit\u00e0 della vita quotidiana che hanno un valore e un significato concreto per una persona, oltre che uno scopo. Tipi di attivit\u00e0 della vita quotidiana Le occupazioni sono fondamentali per l&#8217;identit\u00e0 e le capacit\u00e0 di una persona e influenzano il modo in &hellip;<\/p>\n","protected":false},"author":7,"featured_media":27788,"parent":1352,"menu_order":0,"comment_status":"closed","ping_status":"closed","template":"","meta":{"_acf_changed":false,"_genesis_hide_title":false,"_genesis_hide_breadcrumbs":false,"_genesis_hide_singular_image":false,"_genesis_hide_footer_widgets":false,"_genesis_custom_body_class":"nup-style","_genesis_custom_post_class":"nup-style","_genesis_layout":"wide-content","footnotes":""},"class_list":{"1":"page","2":"type-page","6":"entry","7":"nup-style"},"acf":[],"_links":{"self":[{"href":"https:\/\/neuronup.com\/it\/wp-json\/wp\/v2\/pages\/1523","targetHints":{"allow":["GET"]}}],"collection":[{"href":"https:\/\/neuronup.com\/it\/wp-json\/wp\/v2\/pages"}],"about":[{"href":"https:\/\/neuronup.com\/it\/wp-json\/wp\/v2\/types\/page"}],"author":[{"embeddable":true,"href":"https:\/\/neuronup.com\/it\/wp-json\/wp\/v2\/users\/7"}],"replies":[{"embeddable":true,"href":"https:\/\/neuronup.com\/it\/wp-json\/wp\/v2\/comments?post=1523"}],"version-history":[{"count":0,"href":"https:\/\/neuronup.com\/it\/wp-json\/wp\/v2\/pages\/1523\/revisions"}],"up":[{"embeddable":true,"href":"https:\/\/neuronup.com\/it\/wp-json\/wp\/v2\/pages\/1352"}],"wp:featuredmedia":[{"embeddable":true,"href":"https:\/\/neuronup.com\/it\/wp-json\/wp\/v2\/media\/27788"}],"wp:attachment":[{"href":"https:\/\/neuronup.com\/it\/wp-json\/wp\/v2\/media?parent=1523"}],"curies":[{"name":"wp","href":"https:\/\/api.w.org\/{rel}","templated":true}]}}