
{"id":1492,"date":"2021-06-01T16:29:58","date_gmt":"2021-06-01T16:29:58","guid":{"rendered":"https:\/\/neuronup.com\/it\/?page_id=1492"},"modified":"2025-02-27T21:45:06","modified_gmt":"2025-02-27T19:45:06","slug":"abilita-visuo-spaziali","status":"publish","type":"page","link":"https:\/\/neuronup.com\/it\/aree-dintervento\/funzioni-cognitive\/abilita-visuo-spaziali\/","title":{"rendered":"Abilit\u00e0 visuo-spaziali"},"content":{"rendered":"\n<div class=\"wp-block-columns is-layout-flex wp-container-core-columns-is-layout-9d6595d7 wp-block-columns-is-layout-flex\">\n<div class=\"wp-block-column pr-5 is-layout-flow wp-block-column-is-layout-flow\" style=\"flex-basis:66.66%\">\n<p class=\"is-style-subheading\">IN RELAZIONE ALLE <strong>ABILIT\u00c0 VISUO-SPAZIALI<\/strong> VI SONO DUE CONCETTI IMPORTANTI:<\/p>\n\n\n\n<ul class=\"wp-block-list\">\n<li><strong>Relazione spaziale:<\/strong>&nbsp;capacit\u00e0 di rappresentare e di manipolare mentalmente gli oggetti in due dimensioni.<\/li>\n\n\n\n<li><strong>Visualizzazione spaziale:&nbsp;<\/strong>capacit\u00e0 di rappresentare e manipolare mentalmente oggetti in tre dimensioni.<\/li>\n<\/ul>\n\n\n\n<h2 class=\"wp-block-heading\">A cosa servono le abilit\u00e0 visuo-spaziali?<\/h2>\n\n\n\n<p>Le abilit\u00e0 visuo-spaziali sono molto utili nella nostra vita quotidiana. Ci permettono di valutare la distanza tra due oggetti, il che pu\u00f2 essere molto utile, ad esempio, quando si parcheggia per controllare lo spazio tra l\u2019auto e gli ostacoli intorno. Utilizziamo le abilit\u00e0 visuo-spaziali anche quando immaginiamo un luogo o una strada di cui stiamo parlando o quando dobbiamo girare mentalmente gli oggetti per sapere come potrebbero apparire prima di farlo.<\/p>\n\n\n\n<h2 class=\"wp-block-heading\">Esercizi di NeuronUP per riabilitare le abilit\u00e0 visuo-spaziali<\/h2>\n\n\n\n<p>Di seguito due esempi di esercizi di relazione spaziale: il primo consiste nel calcolare il momento esatto in cui un elemento (la palla) passa attraverso un punto esatto. Il secondo esercizio mostra un&#8217;attivit\u00e0 di visualizzazione spaziale che consiste nel calcolare l&#8217;aspetto di una serie di cubi dopo averne spostati alcuni.<\/p>\n\n\n\n<figure class=\"wp-block-image size-full\"><img decoding=\"async\" width=\"600\" height=\"358\" src=\"https:\/\/neuronup.com\/it\/wp-content\/uploads\/2024\/01\/gioco-di-abilita-visuo-spaziali.webp\" alt=\"gioco di abilita visuo spaziali\" class=\"wp-image-28438\" srcset=\"https:\/\/neuronup.com\/it\/wp-content\/uploads\/2024\/01\/gioco-di-abilita-visuo-spaziali-300x179.webp 300w, https:\/\/neuronup.com\/it\/wp-content\/uploads\/2024\/01\/gioco-di-abilita-visuo-spaziali.webp 600w\" sizes=\"(max-width: 600px) 100vw, 600px\" \/><\/figure>\n<\/div>\n\n\n\n<div class=\"wp-block-column is-vertically-aligned-top sticky is-layout-flow wp-block-column-is-layout-flow\" style=\"flex-basis:33.33%\">\n<div class=\"wp-block-buttons is-layout-flex wp-block-buttons-is-layout-flex\">\n<div class=\"wp-block-button\"><a class=\"wp-block-button__link button wp-element-button\" href=\"https:\/\/neuronup.com\/it\/aree-dintervento\/funzioni-cognitive\/orientamento\/\">Orientamento<\/a><\/div>\n\n\n\n<div class=\"wp-block-button\"><a class=\"wp-block-button__link button wp-element-button\" href=\"https:\/\/neuronup.com\/it\/aree-dintervento\/funzioni-cognitive\/gnosie\/\">Gnosie<\/a><\/div>\n\n\n\n<div class=\"wp-block-button\"><a class=\"wp-block-button__link button wp-element-button\" href=\"https:\/\/neuronup.com\/it\/aree-dintervento\/funzioni-cognitive\/attenzione\/\">Attenzione<\/a><\/div>\n\n\n\n<div class=\"wp-block-button\"><a class=\"wp-block-button__link button wp-element-button\" href=\"https:\/\/neuronup.com\/it\/aree-dintervento\/funzioni-cognitive\/funzioni-esecutive\/\">Funzioni esecutive<\/a><\/div>\n\n\n\n<div class=\"wp-block-button\"><a class=\"wp-block-button__link button wp-element-button\" href=\"https:\/\/neuronup.com\/it\/aree-dintervento\/funzioni-cognitive\/prassie\/\">Prassie<\/a><\/div>\n\n\n\n<div class=\"wp-block-button\"><a class=\"wp-block-button__link button wp-element-button\" href=\"https:\/\/neuronup.com\/it\/aree-dintervento\/funzioni-cognitive\/linguaggio\/\">Linguaggio<\/a><\/div>\n\n\n\n<div class=\"wp-block-button\"><a class=\"wp-block-button__link button wp-element-button\" href=\"https:\/\/neuronup.com\/it\/aree-dintervento\/funzioni-cognitive\/memoria\/\">Memoria<\/a><\/div>\n\n\n\n<div class=\"wp-block-button\"><a class=\"wp-block-button__link button wp-element-button\" href=\"https:\/\/neuronup.com\/it\/aree-dintervento\/funzioni-cognitive\/cognizione-sociale\/\">Cognizione sociale<\/a><\/div>\n\n\n\n<div class=\"wp-block-button\"><a class=\"wp-block-button__link button wp-element-button\" href=\"https:\/\/neuronup.com\/it\/aree-dintervento\/funzioni-cognitive\/abilita-visuo-spaziali\/\"><strong>Abilit\u00e0 visuo-spaziali<\/strong><\/a><\/div>\n<\/div>\n<\/div>\n<\/div>\n\n\n<div class=\"mai-grid entries entries-grid has-boxed has-image-full\" style=\"--entry-title-font-size:var(--font-size-lg);--align-text:start;--entry-meta-text-align:start;\"><div class=\"entries-wrap has-columns\" style=\"--columns-xs:1\/1;--columns-sm:1\/1;--columns-md:1\/3;--columns-lg:1\/3;--flex-xs:0 0 var(--flex-basis);--flex-sm:0 0 var(--flex-basis);--flex-md:0 0 var(--flex-basis);--flex-lg:0 0 var(--flex-basis);--column-gap:var(--spacing-lg);--row-gap:var(--spacing-lg);--align-columns:start;\"><article class=\"entry entry-grid is-column has-entry-link has-image has-image-first type-post category-attivita-per-le-abilita-visuo-spaziali tag-attivita-di-stimolazione-cognitiva tag-attivita-di-stimolazione-cognitiva-per-bambini tag-bambini\" style=\"--entry-index:1;\" aria-label=\"Lateralit\u00e0 infantile: esercizi di lateralit\u00e0 incrociata per bambini\" itemscope itemtype=\"https:\/\/schema.org\/CreativeWork\"><a class=\"entry-image-link\" href=\"https:\/\/neuronup.com\/it\/attivita-di-neuroriabilitazione\/attivita-per-le-funzioni-cognitive\/attivita-per-le-abilita-visuo-spaziali\/lateralita-infantile\/\" tabindex=\"-1\" aria-hidden=\"true\"><img decoding=\"async\" width=\"400\" height=\"300\" src=\"https:\/\/neuronup.com\/it\/wp-content\/uploads\/2024\/09\/Actividad-Escapa-del-laberinto.webp\" class=\"entry-image size-landscape-sm\" alt=\"Labirinto stilizzato blu con percorsi e vicoli ciechi; frecce indicano ingresso a sinistra e uscita a destra, pulsanti per nuova soluzione in alto.\" srcset=\"https:\/\/neuronup.com\/it\/wp-content\/uploads\/2024\/09\/Actividad-Escapa-del-laberinto-300x225.webp 300w, https:\/\/neuronup.com\/it\/wp-content\/uploads\/2024\/09\/Actividad-Escapa-del-laberinto-768x576.webp 768w, https:\/\/neuronup.com\/it\/wp-content\/uploads\/2024\/09\/Actividad-Escapa-del-laberinto-1024x768.webp 1024w, https:\/\/neuronup.com\/it\/wp-content\/uploads\/2024\/09\/Actividad-Escapa-del-laberinto.webp 1200w\" sizes=\"(max-width:599px) 599px, (min-width:600px) and (max-width: 799px) 799px, (min-width:800px) and (max-width: 999px) 333px, (min-width:1000px) 400px\" \/><\/a><div class=\"entry-wrap entry-wrap-grid\"><h3 class=\"entry-title\" itemprop=\"headline\"><a class=\"entry-title-link\" href=\"https:\/\/neuronup.com\/it\/attivita-di-neuroriabilitazione\/attivita-per-le-funzioni-cognitive\/attivita-per-le-abilita-visuo-spaziali\/lateralita-infantile\/\" rel=\"bookmark\">Lateralit\u00e0 infantile: esercizi di lateralit\u00e0 incrociata per bambini<\/a><\/h3>\n<\/div><\/article><article class=\"entry entry-grid is-column has-entry-link has-image has-image-first type-post category-attivita-di-neuroriabilitazione category-attivita-per-le-abilita-visuo-spaziali category-stimolazione-e-riabilitazione-cognitiva tag-attivita-di-stimolazione-cognitiva tag-attivita-di-stimolazione-cognitiva-per-bambini tag-bambini tag-notizie-di-neuronup tag-visualizacion-espacial\" style=\"--entry-index:2;\" aria-label=\"Gioco di visualizzazione spaziale per bambini: Corde intrecciate\" itemscope itemtype=\"https:\/\/schema.org\/CreativeWork\"><a class=\"entry-image-link\" href=\"https:\/\/neuronup.com\/it\/stimolazione-e-riabilitazione-cognitiva\/gioco-di-visualizzazione-spaziale-per-bambini-corde-aggrovigliate\/\" tabindex=\"-1\" aria-hidden=\"true\"><img decoding=\"async\" width=\"400\" height=\"226\" src=\"https:\/\/neuronup.com\/it\/wp-content\/uploads\/2025\/05\/cuerdas-enredadas.webp\" class=\"entry-image size-landscape-sm\" alt=\"Diagramma interattivo con punti blu collegati da linee rosse e verdi; simboli + sui punti, progresso 0\/5 e pulsante Finalizar.\" srcset=\"https:\/\/neuronup.com\/it\/wp-content\/uploads\/2025\/05\/cuerdas-enredadas-300x170.webp 300w, https:\/\/neuronup.com\/it\/wp-content\/uploads\/2025\/05\/cuerdas-enredadas-768x434.webp 768w, https:\/\/neuronup.com\/it\/wp-content\/uploads\/2025\/05\/cuerdas-enredadas-1024x579.webp 1024w, https:\/\/neuronup.com\/it\/wp-content\/uploads\/2025\/05\/cuerdas-enredadas.webp 1194w\" sizes=\"(max-width:599px) 599px, (min-width:600px) and (max-width: 799px) 799px, (min-width:800px) and (max-width: 999px) 333px, (min-width:1000px) 400px\" \/><\/a><div class=\"entry-wrap entry-wrap-grid\"><h3 class=\"entry-title\" itemprop=\"headline\"><a class=\"entry-title-link\" href=\"https:\/\/neuronup.com\/it\/stimolazione-e-riabilitazione-cognitiva\/gioco-di-visualizzazione-spaziale-per-bambini-corde-aggrovigliate\/\" rel=\"bookmark\">Gioco di visualizzazione spaziale per bambini: Corde intrecciate<\/a><\/h3>\n<\/div><\/article><article class=\"entry entry-grid is-column has-entry-link has-image has-image-first type-post category-attivita-per-le-abilita-visuo-spaziali tag-abilita-visuospaziali tag-adulti tag-attivita-di-stimolazione-cognitiva tag-attivita-di-stimolazione-cognitiva-per-adulti tag-notizie-di-neuronup\" style=\"--entry-index:3;\" aria-label=\"Scheda per lavorare la visualizzazione spaziale negli adulti: Ricostruzione mentale di cubi\" itemscope itemtype=\"https:\/\/schema.org\/CreativeWork\"><a class=\"entry-image-link\" href=\"https:\/\/neuronup.com\/it\/attivita-di-neuroriabilitazione\/attivita-per-le-funzioni-cognitive\/attivita-per-le-abilita-visuo-spaziali\/scheda-per-lavorare-la-visualizzazione-spaziale-negli-adulti-ricostruzione-mentale-di-cubi\/\" tabindex=\"-1\" aria-hidden=\"true\"><img decoding=\"async\" width=\"400\" height=\"270\" src=\"https:\/\/neuronup.com\/it\/wp-content\/uploads\/2023\/05\/Captura-de-pantalla-2023-05-16-a-las-19.27.36.webp\" class=\"entry-image size-landscape-sm\" alt=\"Croce di sei quadrati verdi e bianchi; verdi in alto, centro e laterale; bianchi al centro e in basso; a destra cubi A B C\" srcset=\"https:\/\/neuronup.com\/it\/wp-content\/uploads\/2023\/05\/Captura-de-pantalla-2023-05-16-a-las-19.27.36-300x202.webp 300w, https:\/\/neuronup.com\/it\/wp-content\/uploads\/2023\/05\/Captura-de-pantalla-2023-05-16-a-las-19.27.36-768x518.webp 768w, https:\/\/neuronup.com\/it\/wp-content\/uploads\/2023\/05\/Captura-de-pantalla-2023-05-16-a-las-19.27.36-1024x691.webp 1024w, https:\/\/neuronup.com\/it\/wp-content\/uploads\/2023\/05\/Captura-de-pantalla-2023-05-16-a-las-19.27.36.webp 1300w\" sizes=\"(max-width:599px) 599px, (min-width:600px) and (max-width: 799px) 799px, (min-width:800px) and (max-width: 999px) 333px, (min-width:1000px) 400px\" \/><\/a><div class=\"entry-wrap entry-wrap-grid\"><h3 class=\"entry-title\" itemprop=\"headline\"><a class=\"entry-title-link\" href=\"https:\/\/neuronup.com\/it\/attivita-di-neuroriabilitazione\/attivita-per-le-funzioni-cognitive\/attivita-per-le-abilita-visuo-spaziali\/scheda-per-lavorare-la-visualizzazione-spaziale-negli-adulti-ricostruzione-mentale-di-cubi\/\" rel=\"bookmark\">Scheda per lavorare la visualizzazione spaziale negli adulti: Ricostruzione mentale di cubi<\/a><\/h3>\n<\/div><\/article><article class=\"entry entry-grid is-column has-entry-link has-image has-image-first type-post category-attivita-per-le-abilita-visuo-spaziali tag-abilita-visuospaziali tag-attivita-di-stimolazione-cognitiva\" style=\"--entry-index:4;\" aria-label=\"8 attivit\u00e0 per riabilitare le abilit\u00e0 visuo-spaziali\" itemscope itemtype=\"https:\/\/schema.org\/CreativeWork\"><a class=\"entry-image-link\" href=\"https:\/\/neuronup.com\/it\/attivita-di-neuroriabilitazione\/attivita-per-le-funzioni-cognitive\/attivita-per-le-abilita-visuo-spaziali\/8-attivita-per-riabilitare-le-abilita-visuo-spaziali\/\" tabindex=\"-1\" aria-hidden=\"true\"><img decoding=\"async\" width=\"400\" height=\"278\" src=\"https:\/\/neuronup.com\/it\/wp-content\/uploads\/2022\/03\/Actividad-para-rehabilitar-las-habilidades-visoespaciales-Parada-en-boxes-1.webp\" class=\"entry-image size-landscape-sm\" alt=\"Circuito automobilistico stilizzato con pista circolare e zona centrale azzurra, bordo rosso-bianco e icona informativa in alto.\" srcset=\"https:\/\/neuronup.com\/it\/wp-content\/uploads\/2022\/03\/Actividad-para-rehabilitar-las-habilidades-visoespaciales-Parada-en-boxes-1-300x209.webp 300w, https:\/\/neuronup.com\/it\/wp-content\/uploads\/2022\/03\/Actividad-para-rehabilitar-las-habilidades-visoespaciales-Parada-en-boxes-1-768x534.webp 768w, https:\/\/neuronup.com\/it\/wp-content\/uploads\/2022\/03\/Actividad-para-rehabilitar-las-habilidades-visoespaciales-Parada-en-boxes-1-1024x713.webp 1024w, https:\/\/neuronup.com\/it\/wp-content\/uploads\/2022\/03\/Actividad-para-rehabilitar-las-habilidades-visoespaciales-Parada-en-boxes-1.webp 1200w\" sizes=\"(max-width:599px) 599px, (min-width:600px) and (max-width: 799px) 799px, (min-width:800px) and (max-width: 999px) 333px, (min-width:1000px) 400px\" \/><\/a><div class=\"entry-wrap entry-wrap-grid\"><h3 class=\"entry-title\" itemprop=\"headline\"><a class=\"entry-title-link\" href=\"https:\/\/neuronup.com\/it\/attivita-di-neuroriabilitazione\/attivita-per-le-funzioni-cognitive\/attivita-per-le-abilita-visuo-spaziali\/8-attivita-per-riabilitare-le-abilita-visuo-spaziali\/\" rel=\"bookmark\">8 attivit\u00e0 per riabilitare le abilit\u00e0 visuo-spaziali<\/a><\/h3>\n<\/div><\/article><article class=\"entry entry-grid is-column has-entry-link has-image has-image-first type-post category-attivita-per-le-abilita-visuo-spaziali tag-abilita-visuospaziali tag-riabilitazione-cognitiva\" style=\"--entry-index:5;\" aria-label=\"Riabilitazione neuropsicologica delle abilit\u00e0 visuo-spaziali\" itemscope itemtype=\"https:\/\/schema.org\/CreativeWork\"><a class=\"entry-image-link\" href=\"https:\/\/neuronup.com\/it\/attivita-di-neuroriabilitazione\/attivita-per-le-funzioni-cognitive\/attivita-per-le-abilita-visuo-spaziali\/riabilitazione-neuropsicologica-delle-abilita-visuo-spaziali\/\" tabindex=\"-1\" aria-hidden=\"true\"><img decoding=\"async\" width=\"400\" height=\"267\" src=\"https:\/\/neuronup.com\/it\/wp-content\/uploads\/2021\/11\/child-psychology-little-boy-doing-test-with-block-2021-08-26-16-53-17-utc.webp\" class=\"entry-image size-landscape-sm\" alt=\"Bambino che gioca con blocchi colorati su tavolo, concentrato nel posare un blocco; sfondo con pianta e ambiente giocoso.\" srcset=\"https:\/\/neuronup.com\/it\/wp-content\/uploads\/2021\/11\/child-psychology-little-boy-doing-test-with-block-2021-08-26-16-53-17-utc-300x200.webp 300w, https:\/\/neuronup.com\/it\/wp-content\/uploads\/2021\/11\/child-psychology-little-boy-doing-test-with-block-2021-08-26-16-53-17-utc-768x512.webp 768w, https:\/\/neuronup.com\/it\/wp-content\/uploads\/2021\/11\/child-psychology-little-boy-doing-test-with-block-2021-08-26-16-53-17-utc-1024x683.webp 1024w, https:\/\/neuronup.com\/it\/wp-content\/uploads\/2021\/11\/child-psychology-little-boy-doing-test-with-block-2021-08-26-16-53-17-utc.webp 1200w\" sizes=\"(max-width:599px) 599px, (min-width:600px) and (max-width: 799px) 799px, (min-width:800px) and (max-width: 999px) 333px, (min-width:1000px) 400px\" \/><\/a><div class=\"entry-wrap entry-wrap-grid\"><h3 class=\"entry-title\" itemprop=\"headline\"><a class=\"entry-title-link\" href=\"https:\/\/neuronup.com\/it\/attivita-di-neuroriabilitazione\/attivita-per-le-funzioni-cognitive\/attivita-per-le-abilita-visuo-spaziali\/riabilitazione-neuropsicologica-delle-abilita-visuo-spaziali\/\" rel=\"bookmark\">Riabilitazione neuropsicologica delle abilit\u00e0 visuo-spaziali<\/a><\/h3>\n<\/div><\/article><article class=\"entry entry-grid is-column has-entry-link has-image has-image-first type-post category-attivita-per-le-abilita-visuo-spaziali tag-capacita-visuo-spaziali tag-notizie-su-neuronup\" style=\"--entry-index:6;\" aria-label=\"Abilit\u00e0 visuo-spaziali: le nuove attivit\u00e0 per lavorare in quest&#8217;area\" itemscope itemtype=\"https:\/\/schema.org\/CreativeWork\"><a class=\"entry-image-link\" href=\"https:\/\/neuronup.com\/it\/attivita-di-neuroriabilitazione\/attivita-per-le-funzioni-cognitive\/attivita-per-le-abilita-visuo-spaziali\/abilita-visuo-spaziali-le-nuove-attivita-per-lavorare-in-questarea\/\" tabindex=\"-1\" aria-hidden=\"true\"><img decoding=\"async\" width=\"400\" height=\"300\" src=\"https:\/\/neuronup.com\/it\/wp-content\/uploads\/2025\/01\/Lettere-ruotate-400x300.webp\" class=\"entry-image size-landscape-sm\" alt=\"Serie di lettere &#039;p&#039; e &#039;s&#039; ruotate in diverse posizioni su sfondo bianco, pulsanti Riavvia e Riproduci in basso.\" srcset=\"https:\/\/neuronup.com\/it\/wp-content\/uploads\/2025\/01\/Lettere-ruotate-300x226.webp 300w, https:\/\/neuronup.com\/it\/wp-content\/uploads\/2025\/01\/Lettere-ruotate-400x300.webp 400w, https:\/\/neuronup.com\/it\/wp-content\/uploads\/2025\/01\/Lettere-ruotate-800x600.webp 800w, https:\/\/neuronup.com\/it\/wp-content\/uploads\/2025\/01\/Lettere-ruotate-1200x900.webp 1200w, https:\/\/neuronup.com\/it\/wp-content\/uploads\/2025\/01\/Lettere-ruotate.webp 1432w\" sizes=\"(max-width:599px) 599px, (min-width:600px) and (max-width: 799px) 799px, (min-width:800px) and (max-width: 999px) 333px, (min-width:1000px) 400px\" \/><\/a><div class=\"entry-wrap entry-wrap-grid\"><h3 class=\"entry-title\" itemprop=\"headline\"><a class=\"entry-title-link\" href=\"https:\/\/neuronup.com\/it\/attivita-di-neuroriabilitazione\/attivita-per-le-funzioni-cognitive\/attivita-per-le-abilita-visuo-spaziali\/abilita-visuo-spaziali-le-nuove-attivita-per-lavorare-in-questarea\/\" rel=\"bookmark\">Abilit\u00e0 visuo-spaziali: le nuove attivit\u00e0 per lavorare in quest&#8217;area<\/a><\/h3>\n<\/div><\/article><\/div><\/div>","protected":false},"excerpt":{"rendered":"<p>IN RELAZIONE ALLE ABILIT\u00c0 VISUO-SPAZIALI VI SONO DUE CONCETTI IMPORTANTI: A cosa servono le abilit\u00e0 visuo-spaziali? Le abilit\u00e0 visuo-spaziali sono molto utili nella nostra vita quotidiana. Ci permettono di valutare la distanza tra due oggetti, il che pu\u00f2 essere molto utile, ad esempio, quando si parcheggia per controllare lo spazio tra l\u2019auto e gli ostacoli &hellip;<\/p>\n","protected":false},"author":7,"featured_media":28439,"parent":1350,"menu_order":0,"comment_status":"closed","ping_status":"closed","template":"","meta":{"_acf_changed":false,"_genesis_hide_title":false,"_genesis_hide_breadcrumbs":false,"_genesis_hide_singular_image":false,"_genesis_hide_footer_widgets":false,"_genesis_custom_body_class":"nup-style","_genesis_custom_post_class":"nup-style","_genesis_layout":"wide-content","footnotes":""},"class_list":{"1":"page","2":"type-page","6":"entry","7":"nup-style"},"acf":[],"_links":{"self":[{"href":"https:\/\/neuronup.com\/it\/wp-json\/wp\/v2\/pages\/1492","targetHints":{"allow":["GET"]}}],"collection":[{"href":"https:\/\/neuronup.com\/it\/wp-json\/wp\/v2\/pages"}],"about":[{"href":"https:\/\/neuronup.com\/it\/wp-json\/wp\/v2\/types\/page"}],"author":[{"embeddable":true,"href":"https:\/\/neuronup.com\/it\/wp-json\/wp\/v2\/users\/7"}],"replies":[{"embeddable":true,"href":"https:\/\/neuronup.com\/it\/wp-json\/wp\/v2\/comments?post=1492"}],"version-history":[{"count":0,"href":"https:\/\/neuronup.com\/it\/wp-json\/wp\/v2\/pages\/1492\/revisions"}],"up":[{"embeddable":true,"href":"https:\/\/neuronup.com\/it\/wp-json\/wp\/v2\/pages\/1350"}],"wp:featuredmedia":[{"embeddable":true,"href":"https:\/\/neuronup.com\/it\/wp-json\/wp\/v2\/media\/28439"}],"wp:attachment":[{"href":"https:\/\/neuronup.com\/it\/wp-json\/wp\/v2\/media?parent=1492"}],"curies":[{"name":"wp","href":"https:\/\/api.w.org\/{rel}","templated":true}]}}