
{"id":1475,"date":"2021-06-01T15:33:22","date_gmt":"2021-06-01T15:33:22","guid":{"rendered":"https:\/\/neuronup.com\/it\/?page_id=1475"},"modified":"2025-02-27T21:52:33","modified_gmt":"2025-02-27T19:52:33","slug":"prassie","status":"publish","type":"page","link":"https:\/\/neuronup.com\/it\/aree-dintervento\/funzioni-cognitive\/prassie\/","title":{"rendered":"Prassie"},"content":{"rendered":"\n<div class=\"wp-block-columns is-layout-flex wp-container-core-columns-is-layout-9d6595d7 wp-block-columns-is-layout-flex\">\n<div class=\"wp-block-column pr-5 is-layout-flow wp-block-column-is-layout-flow\" style=\"flex-basis:66.66%\">\n<p class=\"is-style-subheading\">TRA LE <strong>PRASSIE<\/strong> SI DISTINGUONO:<\/p>\n\n\n\n<ul class=\"wp-block-list\">\n<li><strong>Prassie ideomotorie:<\/strong> capacit\u00e0 di eseguire un movimento o un gesto semplice in modo intenzionale.<\/li>\n\n\n\n<li><strong>Prassie ideative: <\/strong>capacit\u00e0 di manipolare oggetti attraverso una sequenza di gesti, il che comporta la conoscenza della funzione dell&#8217;oggetto, dell&#8217;azione e dell&#8217;ordine della serie di atti che producono quell&#8217;azione.<\/li>\n\n\n\n<li><strong>Prassie facciali:<\/strong> capacit\u00e0 di eseguire volontariamente movimenti o gesti con varie parti del viso: labbra, occhi, lingua, sopracciglia, guance, ecc.<\/li>\n\n\n\n<li><strong>Prassie visuo-costruttive:<\/strong> capacit\u00e0 di pensare ed eseguire i movimenti necessari per organizzare una serie di elementi nello spazio e formare un disegno o una figura finale.<\/li>\n<\/ul>\n\n\n\n<h2 class=\"wp-block-heading\" id=\"para-que-sirven-las-praxias\"><strong><strong>A cosa servono le prassie?<\/strong><\/strong><\/h2>\n\n\n\n<p>Come accennato, la prassia \u00e8 la capacit\u00e0 di eseguire un movimento. Quando camminiamo, ci vestiamo o svolgiamo qualsiasi attivit\u00e0 motoria facciamo uso di questa capacit\u00e0; l&#8217;incapacit\u00e0 di eseguire queste azioni \u00e8 chiamata aprassia. La prassia comporta anche la conoscenza delle funzioni degli oggetti che si intende usare o degli atti che da compiere per usare un oggetto o eseguire un&#8217;azione.<\/p>\n\n\n\n<p>Le prassie sono quindi una parte molto importante della vita quotidiana, ogni azione che cogliamo compiere coinvolge questa abilit\u00e0. Azioni tanto semplici quanto importanti, come sorridere o parlare, richiedono queste competenze, pertanto le persone affette da aprassia non riescono a svolgere.<\/p>\n\n\n\n<h2 class=\"wp-block-heading\" id=\"ejercicios-de-neuronup-para-rehabilitar-las-praxias\"><strong><strong>Esercizi di NeuronUP per la riabilitazione delle prassie<\/strong><\/strong><\/h2>\n\n\n\n<p>Per lavorare su queste capacit\u00e0, NeuronUP ha ideato esercizi necessari come copiare una serie di figure (prassie visuo-costruttive) o la rappresentare l&#8217;uso di un oggetto (prassie ideomotorie), sia a consegna che per imitazione, e con o senza oggetto per adattare la difficolt\u00e0 al caso specifico.<\/p>\n\n\n<div class=\"wp-block-image image-interface w-100\">\n<figure class=\"aligncenter size-full is-resized\"><img decoding=\"async\" width=\"600\" height=\"358\" src=\"https:\/\/neuronup.com\/it\/wp-content\/uploads\/2024\/01\/gioco-di-prassi.webp\" alt=\"\" class=\"wp-image-28414\" style=\"width:605px;height:auto\" srcset=\"https:\/\/neuronup.com\/it\/wp-content\/uploads\/2024\/01\/gioco-di-prassi-300x179.webp 300w, https:\/\/neuronup.com\/it\/wp-content\/uploads\/2024\/01\/gioco-di-prassi.webp 600w\" sizes=\"(max-width: 600px) 100vw, 600px\" \/><\/figure>\n<\/div>\n\n\n<div style=\"height:100px\" aria-hidden=\"true\" class=\"wp-block-spacer\"><\/div>\n\n\n\n<h3 class=\"wp-block-heading\" id=\"consulta-nuestros-articulos-sobre-praxias\">Consultate i nostri articoli sulle prassie<\/h3>\n\n\n<div class=\"mai-grid entries entries-grid has-boxed has-image-full\" style=\"--entry-title-font-size:var(--font-size-lg);--align-text:start;--entry-meta-text-align:start;\"><div class=\"entries-wrap has-columns\" style=\"--columns-xs:1\/1;--columns-sm:1\/2;--columns-md:1\/2;--columns-lg:1\/2;--flex-xs:0 0 var(--flex-basis);--flex-sm:0 0 var(--flex-basis);--flex-md:0 0 var(--flex-basis);--flex-lg:0 0 var(--flex-basis);--column-gap:var(--spacing-lg);--row-gap:var(--spacing-lg);--align-columns:start;\"><article class=\"entry entry-grid is-column has-entry-link has-image has-image-first type-post category-attivita-delle-funzioni-esecutive tag-attivita-di-stimolazione-cognitiva\" style=\"--entry-index:1;\" aria-label=\"Scheda di calcolo mentale: \u00abCentrare il bersaglio\u00bb\" itemscope itemtype=\"https:\/\/schema.org\/CreativeWork\"><a class=\"entry-image-link\" href=\"https:\/\/neuronup.com\/it\/attivita-di-neuroriabilitazione\/attivita-per-le-funzioni-cognitive\/attivita-delle-funzioni-esecutive\/scheda-di-calcolo-mentale\/\" tabindex=\"-1\" aria-hidden=\"true\"><img decoding=\"async\" width=\"400\" height=\"300\" src=\"https:\/\/neuronup.com\/it\/wp-content\/uploads\/2024\/10\/Actividad-Acertar-en-la-diana.webp\" class=\"entry-image size-landscape-sm\" alt=\"Diagramma circolare con otto settori numerati e bersaglio 72; tre caselle di inserimento e numeri 8\/29\/36 in rosso.\" srcset=\"https:\/\/neuronup.com\/it\/wp-content\/uploads\/2024\/10\/Actividad-Acertar-en-la-diana-300x226.webp 300w, https:\/\/neuronup.com\/it\/wp-content\/uploads\/2024\/10\/Actividad-Acertar-en-la-diana-768x578.webp 768w, https:\/\/neuronup.com\/it\/wp-content\/uploads\/2024\/10\/Actividad-Acertar-en-la-diana-1024x771.webp 1024w, https:\/\/neuronup.com\/it\/wp-content\/uploads\/2024\/10\/Actividad-Acertar-en-la-diana.webp 1200w\" sizes=\"(max-width:599px) 599px, (min-width:600px) and (max-width: 799px) 399.5px, (min-width:800px) and (max-width: 999px) 499.5px, (min-width:1000px) 600px\" \/><\/a><div class=\"entry-wrap entry-wrap-grid\"><h3 class=\"entry-title\" itemprop=\"headline\"><a class=\"entry-title-link\" href=\"https:\/\/neuronup.com\/it\/attivita-di-neuroriabilitazione\/attivita-per-le-funzioni-cognitive\/attivita-delle-funzioni-esecutive\/scheda-di-calcolo-mentale\/\" rel=\"bookmark\">Scheda di calcolo mentale: \u00abCentrare il bersaglio\u00bb<\/a><\/h3>\n<div class=\"entry-excerpt\"><p>Conosci la nostra scheda di calcolo mentale Centrare il &hellip;<\/p>\n<\/div><\/div><\/article><article class=\"entry entry-grid is-column has-entry-link has-image has-image-first type-post category-attivita-per-le-funzioni-cognitive tag-attivita-di-stimolazione-cognitiva tag-attivita-di-stimolazione-cognitiva-per-bambini tag-bambini\" style=\"--entry-index:2;\" aria-label=\"Esercizio di ragionamento con numeri per bambini: \u00abNumeri pari\u00bb\" itemscope itemtype=\"https:\/\/schema.org\/CreativeWork\"><a class=\"entry-image-link\" href=\"https:\/\/neuronup.com\/it\/attivita-di-neuroriabilitazione\/attivita-per-le-funzioni-cognitive\/esercizio-di-ragionamento-con-numeri-per-bambini\/\" tabindex=\"-1\" aria-hidden=\"true\"><img decoding=\"async\" width=\"400\" height=\"300\" src=\"https:\/\/neuronup.com\/it\/wp-content\/uploads\/2022\/07\/Pares-con-pares-1.webp\" class=\"entry-image size-landscape-sm\" alt=\"Griglia di numeri 3x5 con etichette PARES (pari) e IMPARES (dispari); barra di controllo inferiore nell\u2019interfaccia.\" srcset=\"https:\/\/neuronup.com\/it\/wp-content\/uploads\/2022\/07\/Pares-con-pares-1-300x224.webp 300w, https:\/\/neuronup.com\/it\/wp-content\/uploads\/2022\/07\/Pares-con-pares-1-1024x765.webp 1024w, https:\/\/neuronup.com\/it\/wp-content\/uploads\/2022\/07\/Pares-con-pares-1.webp 1255w\" sizes=\"(max-width:599px) 599px, (min-width:600px) and (max-width: 799px) 399.5px, (min-width:800px) and (max-width: 999px) 499.5px, (min-width:1000px) 600px\" \/><\/a><div class=\"entry-wrap entry-wrap-grid\"><h3 class=\"entry-title\" itemprop=\"headline\"><a class=\"entry-title-link\" href=\"https:\/\/neuronup.com\/it\/attivita-di-neuroriabilitazione\/attivita-per-le-funzioni-cognitive\/esercizio-di-ragionamento-con-numeri-per-bambini\/\" rel=\"bookmark\">Esercizio di ragionamento con numeri per bambini: \u00abNumeri pari\u00bb<\/a><\/h3>\n<div class=\"entry-excerpt\"><p>Oggi vi presentiamo&nbsp;Pares con &hellip;<\/p>\n<\/div><\/div><\/article><\/div><\/div><\/div>\n\n\n\n<div class=\"wp-block-column is-vertically-aligned-top sticky is-layout-flow wp-block-column-is-layout-flow\" style=\"flex-basis:33.33%\">\n<div class=\"wp-block-buttons is-layout-flex wp-block-buttons-is-layout-flex\">\n<div class=\"wp-block-button\"><a class=\"wp-block-button__link button wp-element-button\" href=\"https:\/\/neuronup.com\/it\/aree-dintervento\/funzioni-cognitive\/orientamento\/\">Orientamento<\/a><\/div>\n\n\n\n<div class=\"wp-block-button\"><a class=\"wp-block-button__link button wp-element-button\" href=\"https:\/\/neuronup.com\/it\/aree-dintervento\/funzioni-cognitive\/gnosie\/\">Gnosie<\/a><\/div>\n\n\n\n<div class=\"wp-block-button\"><a class=\"wp-block-button__link button wp-element-button\" href=\"https:\/\/neuronup.com\/it\/aree-dintervento\/funzioni-cognitive\/attenzione\/\">Attenzione<\/a><\/div>\n\n\n\n<div class=\"wp-block-button\"><a class=\"wp-block-button__link button wp-element-button\" href=\"https:\/\/neuronup.com\/it\/aree-dintervento\/funzioni-cognitive\/funzioni-esecutive\/\">Funzioni esecutive<\/a><\/div>\n\n\n\n<div class=\"wp-block-button\"><a class=\"wp-block-button__link button wp-element-button\" href=\"https:\/\/neuronup.com\/it\/aree-dintervento\/funzioni-cognitive\/prassie\/\"><strong>Prassie<\/strong><\/a><\/div>\n\n\n\n<div class=\"wp-block-button\"><a class=\"wp-block-button__link button wp-element-button\" href=\"https:\/\/neuronup.com\/it\/aree-dintervento\/funzioni-cognitive\/linguaggio\/\">Linguaggio<\/a><\/div>\n\n\n\n<div class=\"wp-block-button\"><a class=\"wp-block-button__link button wp-element-button\" href=\"https:\/\/neuronup.com\/it\/aree-dintervento\/funzioni-cognitive\/memoria\/\">Memoria<\/a><\/div>\n\n\n\n<div class=\"wp-block-button\"><a class=\"wp-block-button__link button wp-element-button\" href=\"https:\/\/neuronup.com\/it\/aree-dintervento\/funzioni-cognitive\/cognizione-sociale\/\">Cognizione sociale<\/a><\/div>\n\n\n\n<div class=\"wp-block-button\"><a class=\"wp-block-button__link button wp-element-button\" href=\"https:\/\/neuronup.com\/it\/aree-dintervento\/funzioni-cognitive\/abilita-visuo-spaziali\/\">Abilit\u00e0 visuo-spaziali<\/a><\/div>\n<\/div>\n<\/div>\n<\/div>\n","protected":false},"excerpt":{"rendered":"<p>TRA LE PRASSIE SI DISTINGUONO: A cosa servono le prassie? Come accennato, la prassia \u00e8 la capacit\u00e0 di eseguire un movimento. Quando camminiamo, ci vestiamo o svolgiamo qualsiasi attivit\u00e0 motoria facciamo uso di questa capacit\u00e0; l&#8217;incapacit\u00e0 di eseguire queste azioni \u00e8 chiamata aprassia. La prassia comporta anche la conoscenza delle funzioni degli oggetti che si &hellip;<\/p>\n","protected":false},"author":7,"featured_media":28411,"parent":1350,"menu_order":0,"comment_status":"closed","ping_status":"closed","template":"","meta":{"_acf_changed":false,"_genesis_hide_title":false,"_genesis_hide_breadcrumbs":false,"_genesis_hide_singular_image":false,"_genesis_hide_footer_widgets":false,"_genesis_custom_body_class":"nup-style","_genesis_custom_post_class":"nup-style","_genesis_layout":"wide-content","footnotes":""},"class_list":{"1":"page","2":"type-page","6":"entry","7":"nup-style"},"acf":[],"_links":{"self":[{"href":"https:\/\/neuronup.com\/it\/wp-json\/wp\/v2\/pages\/1475","targetHints":{"allow":["GET"]}}],"collection":[{"href":"https:\/\/neuronup.com\/it\/wp-json\/wp\/v2\/pages"}],"about":[{"href":"https:\/\/neuronup.com\/it\/wp-json\/wp\/v2\/types\/page"}],"author":[{"embeddable":true,"href":"https:\/\/neuronup.com\/it\/wp-json\/wp\/v2\/users\/7"}],"replies":[{"embeddable":true,"href":"https:\/\/neuronup.com\/it\/wp-json\/wp\/v2\/comments?post=1475"}],"version-history":[{"count":0,"href":"https:\/\/neuronup.com\/it\/wp-json\/wp\/v2\/pages\/1475\/revisions"}],"up":[{"embeddable":true,"href":"https:\/\/neuronup.com\/it\/wp-json\/wp\/v2\/pages\/1350"}],"wp:featuredmedia":[{"embeddable":true,"href":"https:\/\/neuronup.com\/it\/wp-json\/wp\/v2\/media\/28411"}],"wp:attachment":[{"href":"https:\/\/neuronup.com\/it\/wp-json\/wp\/v2\/media?parent=1475"}],"curies":[{"name":"wp","href":"https:\/\/api.w.org\/{rel}","templated":true}]}}