
{"id":1467,"date":"2021-06-01T15:13:07","date_gmt":"2021-06-01T15:13:07","guid":{"rendered":"https:\/\/neuronup.com\/it\/?page_id=1467"},"modified":"2025-02-27T21:45:51","modified_gmt":"2025-02-27T19:45:51","slug":"attenzione","status":"publish","type":"page","link":"https:\/\/neuronup.com\/it\/aree-dintervento\/funzioni-cognitive\/attenzione\/","title":{"rendered":"Attenzione"},"content":{"rendered":"\n<div class=\"wp-block-columns is-layout-flex wp-container-core-columns-is-layout-9d6595d7 wp-block-columns-is-layout-flex\">\n<div class=\"wp-block-column pr-5 is-layout-flow wp-block-column-is-layout-flow\" style=\"flex-basis:66.66%\">\n<blockquote class=\"wp-block-quote is-layout-flow wp-block-quote-is-layout-flow\">\n<p>L&#8217;attenzione si riferisce allo stato di osservazione e di allerta che ci permette di essere consapevoli di ci\u00f2 che accade intorno.<\/p>\n<cite><em><em>(Ballesteros, 2000)<\/em><\/em><\/cite><\/blockquote>\n\n\n\n<p class=\"pr-5\">In altre parole, l&#8217;<strong>attenzione <\/strong>\u00e8 la capacit\u00e0 di generare, di dirigere e di mantenere uno stato di attivazione adeguato ad una corretta elaborazione delle informazioni.<\/p>\n\n\n\n<p>All&#8217;interno di questa funzione ci riferiamo a 5 processi diversi:<\/p>\n\n\n\n<ul class=\"wp-block-list\">\n<li><strong>Attenzione sostenuta:<\/strong>&nbsp;capacit\u00e0 di mantenere l&#8217;attenzione focalizzata su un compito o un evento per un periodo di tempo prolungato. Questo tipo di attenzione \u00e8 detto anche vigilanza.<\/li>\n\n\n\n<li><strong>Attenzione selettiva:<\/strong>&nbsp;capacit\u00e0 di dirigere l&#8217;attenzione e di concentrarsi su qualcosa senza consentire l&#8217;interruzione da parte di altri stimoli, esterni o interni.<\/li>\n\n\n\n<li><strong>Attenzione alternata:<\/strong>&nbsp;capacit\u00e0 di spostare l&#8217;attenzione da un&#8217;attivit\u00e0 o da una regola interna a un&#8217;altra.<\/li>\n\n\n\n<li><strong>Velocit\u00e0 di elaborazione:<\/strong> velocit\u00e0 con cui il cervello esegue un compito (questa ovviamente, a seconda del compito, in base alle altre funzioni cognitive coinvolte). Si misura in base al tempo che occorrente al soggetto tra la ricezione dello stimolo e la risposta.<\/li>\n\n\n\n<li><strong>Eminegligenza:<\/strong>&nbsp;grande difficolt\u00e0 o incapacit\u00e0 di rivolgere l&#8217;attenzione verso un lato (di solito il sinistro), sia in relazione al proprio corpo che allo spazio.<\/li>\n<\/ul>\n\n\n\n<h2 class=\"wp-block-heading\" id=\"para-que-sirve-la-atencion\">A cosa serve l&#8217;attenzione?<\/h2>\n\n\n\n<p>Nel corso della nostra vita abbiamo bisogno di attenzione per qualunque cosa. Da bambini impariamo a concentrarci su alcuni stimoli ignorandone altri di minore importanza. A volte siamo in grado di ricordare facilmente una conversazione che abbiamo avuto, ma non siamo in grado di ricordare altri aspetti, per cos\u00ec dire, secondari: il luogo, com&#8217;era vestito il nostro interlocutore, se faceva caldo o freddo&#8230; Un altro esempio potrebbe essere quando dobbiamo essere in grado di concentrarci su qualcosa per molto tempo, anche se \u00e8 noiosa, come una lezione a scuola oppure al lavoro.<\/p>\n\n\n\n<h2 class=\"wp-block-heading\" id=\"ejercicios-de-neuronup-para-rehabilitar-la-atencion\">Esercizi di NeuronUP per la riabilitazione dell&#8217;attenzione<\/h2>\n\n\n\n<p><strong>NeuronUP propone attivit\u00e0 per i vari tipi di attenzione. <\/strong>Per l&#8217;attenzione sostenuta l&#8217;attivit\u00e0 proposta come esempio consiste nel copiare la figura presentata a modello.<\/p>\n\n\n\n<figure class=\"wp-block-image size-full is-resized image-interface w-100 has-xxl-margin-bottom\"><img decoding=\"async\" width=\"600\" height=\"358\" src=\"https:\/\/neuronup.com\/it\/wp-content\/uploads\/2024\/01\/Gioco-di-attenzione.webp\" alt=\"Gioco di attenzione\" class=\"wp-image-28400\" srcset=\"https:\/\/neuronup.com\/it\/wp-content\/uploads\/2024\/01\/Gioco-di-attenzione-300x179.webp 300w, https:\/\/neuronup.com\/it\/wp-content\/uploads\/2024\/01\/Gioco-di-attenzione.webp 600w\" sizes=\"(max-width: 600px) 100vw, 600px\" \/><\/figure>\n\n\n\n<p>Per lavorare sull&#8217;<strong>attenzione selettiva<\/strong>, una delle attivit\u00e0 proposte \u00e8 <em>La parola magica<\/em>, un crucipuzzle in cui i bambini devono individuare le parole nascoste in una serie di lettere.<\/p>\n\n\n\n<figure class=\"wp-block-image size-full image-interface w-100 has-xxl-margin-bottom\"><img decoding=\"async\" width=\"600\" height=\"358\" src=\"https:\/\/neuronup.com\/it\/wp-content\/uploads\/2024\/01\/Gioco-di-attenzione3.webp\" alt=\"Gioco di attenzione\" class=\"wp-image-28398\" srcset=\"https:\/\/neuronup.com\/it\/wp-content\/uploads\/2024\/01\/Gioco-di-attenzione3-300x179.webp 300w, https:\/\/neuronup.com\/it\/wp-content\/uploads\/2024\/01\/Gioco-di-attenzione3.webp 600w\" sizes=\"(max-width: 600px) 100vw, 600px\" \/><\/figure>\n\n\n\n<p>L&#8217;attivit\u00e0 successiva, utile per lavorare sull&#8217;<strong>attenzione alternata,<\/strong> consiste nel seguire il percorso verso il castello saltando le diverse caselle indicate dal disegno.<\/p>\n\n\n\n<figure class=\"wp-block-image size-full is-resized image-interface w-100\"><img decoding=\"async\" width=\"600\" height=\"358\" src=\"https:\/\/neuronup.com\/it\/wp-content\/uploads\/2024\/01\/Gioco-di-attenzione2-.webp\" alt=\"Gioco di attenzione\" class=\"wp-image-28399\" srcset=\"https:\/\/neuronup.com\/it\/wp-content\/uploads\/2024\/01\/Gioco-di-attenzione2--300x179.webp 300w, https:\/\/neuronup.com\/it\/wp-content\/uploads\/2024\/01\/Gioco-di-attenzione2-.webp 600w\" sizes=\"(max-width: 600px) 100vw, 600px\" \/><\/figure>\n\n\n\n<p>Un esempio di attivit\u00e0 per migliorare la velocit\u00e0 di elaborazione consiste nell&#8217;indicare il pi\u00f9 rapidamente possibile le diverse immagini di una serie.<\/p>\n\n\n\n<div style=\"height:100px\" aria-hidden=\"true\" class=\"wp-block-spacer\"><\/div>\n\n\n\n<h3 class=\"wp-block-heading has-xl-margin-bottom\" id=\"consulta-nuestros-articulos-sobre-atencion\">Vedi i nostri articoli sull&#8217;attenzione<\/h3>\n\n\n<div class=\"mai-grid entries entries-grid has-boxed has-image-full\" style=\"--entry-title-font-size:var(--font-size-lg);--align-text:start;--entry-meta-text-align:start;\"><div class=\"entries-wrap has-columns\" style=\"--columns-xs:1\/1;--columns-sm:1\/2;--columns-md:1\/2;--columns-lg:1\/2;--flex-xs:0 0 var(--flex-basis);--flex-sm:0 0 var(--flex-basis);--flex-md:0 0 var(--flex-basis);--flex-lg:0 0 var(--flex-basis);--column-gap:var(--spacing-lg);--row-gap:var(--spacing-lg);--align-columns:start;\"><article class=\"entry entry-grid is-column has-entry-link has-image has-image-first type-post category-attivita-di-attenzione tag-attenzione tag-attivita-di-stimolazione-cognitiva tag-bambini\" style=\"--entry-index:1;\" aria-label=\"Scheda infantile per lavorare sull&#8217;attenzione selettiva \u00abQuanti ce ne sono di ciascuno?\u00bb\" itemscope itemtype=\"https:\/\/schema.org\/CreativeWork\"><a class=\"entry-image-link\" href=\"https:\/\/neuronup.com\/it\/attivita-di-neuroriabilitazione\/attivita-per-le-funzioni-cognitive\/attivita-di-attenzione\/scheda-infantile-per-lavorare-sullattenzione-selettiva\/\" tabindex=\"-1\" aria-hidden=\"true\"><img decoding=\"async\" width=\"400\" height=\"300\" src=\"https:\/\/neuronup.com\/it\/wp-content\/uploads\/2024\/09\/Actividad-Cuantos-hay-de-cada-version-infantil.webp\" class=\"entry-image size-landscape-sm\" alt=\"Illustrazione con cani e leoni: caselle numeriche con crocette a sinistra e pulsanti numerati a destra per rispondere.\" srcset=\"https:\/\/neuronup.com\/it\/wp-content\/uploads\/2024\/09\/Actividad-Cuantos-hay-de-cada-version-infantil-300x225.webp 300w, https:\/\/neuronup.com\/it\/wp-content\/uploads\/2024\/09\/Actividad-Cuantos-hay-de-cada-version-infantil-768x577.webp 768w, https:\/\/neuronup.com\/it\/wp-content\/uploads\/2024\/09\/Actividad-Cuantos-hay-de-cada-version-infantil-1024x769.webp 1024w, https:\/\/neuronup.com\/it\/wp-content\/uploads\/2024\/09\/Actividad-Cuantos-hay-de-cada-version-infantil.webp 1200w\" sizes=\"(max-width:599px) 599px, (min-width:600px) and (max-width: 799px) 399.5px, (min-width:800px) and (max-width: 999px) 499.5px, (min-width:1000px) 600px\" \/><\/a><div class=\"entry-wrap entry-wrap-grid\"><h3 class=\"entry-title\" itemprop=\"headline\"><a class=\"entry-title-link\" href=\"https:\/\/neuronup.com\/it\/attivita-di-neuroriabilitazione\/attivita-per-le-funzioni-cognitive\/attivita-di-attenzione\/scheda-infantile-per-lavorare-sullattenzione-selettiva\/\" rel=\"bookmark\">Scheda infantile per lavorare sull&#8217;attenzione selettiva \u00abQuanti ce ne sono di ciascuno?\u00bb<\/a><\/h3>\n<div class=\"entry-excerpt\"><p>Scopri la nostra attivit\u00e0 per lavorare l&#8217;attenzione &hellip;<\/p>\n<\/div><\/div><\/article><article class=\"entry entry-grid is-column has-entry-link has-image has-image-first type-post category-attivita-di-attenzione tag-attenzione tag-attivita-di-stimolazione-cognitiva tag-attivita-di-stimolazione-cognitiva-per-adulti\" style=\"--entry-index:2;\" aria-label=\"Gioco di attenzione selettiva per adulti: Esplora e trova\" itemscope itemtype=\"https:\/\/schema.org\/CreativeWork\"><a class=\"entry-image-link\" href=\"https:\/\/neuronup.com\/it\/attivita-di-neuroriabilitazione\/attivita-per-le-funzioni-cognitive\/attivita-di-attenzione\/gioco-di-attenzione-selettiva-per-adulti-esplora-e-trova\/\" tabindex=\"-1\" aria-hidden=\"true\"><img decoding=\"async\" width=\"400\" height=\"296\" src=\"https:\/\/neuronup.com\/it\/wp-content\/uploads\/2024\/09\/Explora-y-encuentra-juego-adultos.webp\" class=\"entry-image size-landscape-sm\" alt=\"Griglia di capi d&#039;abbigliamento con icona lavatrice al centro; pile di vestiti a sinistra e capi come maglioni e camicie.\" srcset=\"https:\/\/neuronup.com\/it\/wp-content\/uploads\/2024\/09\/Explora-y-encuentra-juego-adultos-300x222.webp 300w, https:\/\/neuronup.com\/it\/wp-content\/uploads\/2024\/09\/Explora-y-encuentra-juego-adultos-768x568.webp 768w, https:\/\/neuronup.com\/it\/wp-content\/uploads\/2024\/09\/Explora-y-encuentra-juego-adultos.webp 912w\" sizes=\"(max-width:599px) 599px, (min-width:600px) and (max-width: 799px) 399.5px, (min-width:800px) and (max-width: 999px) 499.5px, (min-width:1000px) 600px\" \/><\/a><div class=\"entry-wrap entry-wrap-grid\"><h3 class=\"entry-title\" itemprop=\"headline\"><a class=\"entry-title-link\" href=\"https:\/\/neuronup.com\/it\/attivita-di-neuroriabilitazione\/attivita-per-le-funzioni-cognitive\/attivita-di-attenzione\/gioco-di-attenzione-selettiva-per-adulti-esplora-e-trova\/\" rel=\"bookmark\">Gioco di attenzione selettiva per adulti: Esplora e trova<\/a><\/h3>\n<div class=\"entry-excerpt\"><p>Oggi ti presentiamo il nostro nuovo gioco Esplora e trova &hellip;<\/p>\n<\/div><\/div><\/article><article class=\"entry entry-grid is-column has-entry-link has-image has-image-first type-post category-attivita-di-attenzione\" style=\"--entry-index:3;\" aria-label=\"Nuove attivit\u00e0 ad alto valore ecologico!\" itemscope itemtype=\"https:\/\/schema.org\/CreativeWork\"><a class=\"entry-image-link\" href=\"https:\/\/neuronup.com\/it\/attivita-di-neuroriabilitazione\/attivita-per-le-funzioni-cognitive\/attivita-di-attenzione\/nuove-attivita-di-alto-valore-ecologico\/\" tabindex=\"-1\" aria-hidden=\"true\"><img decoding=\"async\" width=\"400\" height=\"300\" src=\"https:\/\/neuronup.com\/it\/wp-content\/uploads\/2026\/04\/Encontrar-los-numeros-que-faltan-NeuronUP-400x300.webp\" class=\"entry-image size-landscape-sm\" alt=\"Scheda di attenzione sostenuta: due tabelle con sequenze da 1 a 25, con numeri mancanti da completare.\" srcset=\"https:\/\/neuronup.com\/it\/wp-content\/uploads\/2026\/04\/Encontrar-los-numeros-que-faltan-NeuronUP-400x300.webp 400w, https:\/\/neuronup.com\/it\/wp-content\/uploads\/2026\/04\/Encontrar-los-numeros-que-faltan-NeuronUP-800x600.webp 800w\" sizes=\"(max-width:599px) 599px, (min-width:600px) and (max-width: 799px) 399.5px, (min-width:800px) and (max-width: 999px) 499.5px, (min-width:1000px) 600px\" \/><\/a><div class=\"entry-wrap entry-wrap-grid\"><h3 class=\"entry-title\" itemprop=\"headline\"><a class=\"entry-title-link\" href=\"https:\/\/neuronup.com\/it\/attivita-di-neuroriabilitazione\/attivita-per-le-funzioni-cognitive\/attivita-di-attenzione\/nuove-attivita-di-alto-valore-ecologico\/\" rel=\"bookmark\">Nuove attivit\u00e0 ad alto valore ecologico!<\/a><\/h3>\n<div class=\"entry-excerpt\"><p>Oggi ti presentiamo due nuovi pacchetti di attivit\u00e0 &hellip;<\/p>\n<\/div><\/div><\/article><article class=\"entry entry-grid is-column has-entry-link has-image has-image-first type-post category-attivita-di-attenzione tag-attenzione tag-attivita-di-stimolazione-cognitiva-per-adulti\" style=\"--entry-index:4;\" aria-label=\"Scheda di attenzione con numeri: Contare gli stimoli per tipo\" itemscope itemtype=\"https:\/\/schema.org\/CreativeWork\"><a class=\"entry-image-link\" href=\"https:\/\/neuronup.com\/it\/attivita-di-neuroriabilitazione\/attivita-per-le-funzioni-cognitive\/attivita-di-attenzione\/scheda-di-attenzione-con-numeri-contare-stimoli-per-tipo\/\" tabindex=\"-1\" aria-hidden=\"true\"><img decoding=\"async\" width=\"400\" height=\"300\" src=\"https:\/\/neuronup.com\/it\/wp-content\/uploads\/2024\/09\/Actividad-Contar-estimulos-por-tipo.webp\" class=\"entry-image size-landscape-sm\" alt=\"Pagnotte di pane con croste diverse su sfondo bianco; in alto caselle con 5 e vuoto, in basso numeri 0\u20136 e pulsante di risoluzione.\" srcset=\"https:\/\/neuronup.com\/it\/wp-content\/uploads\/2024\/09\/Actividad-Contar-estimulos-por-tipo-300x225.webp 300w, https:\/\/neuronup.com\/it\/wp-content\/uploads\/2024\/09\/Actividad-Contar-estimulos-por-tipo-768x575.webp 768w, https:\/\/neuronup.com\/it\/wp-content\/uploads\/2024\/09\/Actividad-Contar-estimulos-por-tipo-1024x766.webp 1024w, https:\/\/neuronup.com\/it\/wp-content\/uploads\/2024\/09\/Actividad-Contar-estimulos-por-tipo.webp 1200w\" sizes=\"(max-width:599px) 599px, (min-width:600px) and (max-width: 799px) 399.5px, (min-width:800px) and (max-width: 999px) 499.5px, (min-width:1000px) 600px\" \/><\/a><div class=\"entry-wrap entry-wrap-grid\"><h3 class=\"entry-title\" itemprop=\"headline\"><a class=\"entry-title-link\" href=\"https:\/\/neuronup.com\/it\/attivita-di-neuroriabilitazione\/attivita-per-le-funzioni-cognitive\/attivita-di-attenzione\/scheda-di-attenzione-con-numeri-contare-stimoli-per-tipo\/\" rel=\"bookmark\">Scheda di attenzione con numeri: Contare gli stimoli per tipo<\/a><\/h3>\n<div class=\"entry-excerpt\"><p>\u00c8 ora di esercitare l&#8217;attenzione con i numeri! Vi &hellip;<\/p>\n<\/div><\/div><\/article><\/div><\/div>\n\n<\/div>\n\n\n\n<div class=\"wp-block-column is-vertically-aligned-top sticky is-layout-flow wp-block-column-is-layout-flow\" style=\"flex-basis:33.33%\">\n<div class=\"wp-block-buttons is-layout-flex wp-block-buttons-is-layout-flex\">\n<div class=\"wp-block-button\"><a class=\"wp-block-button__link button wp-element-button\" href=\"https:\/\/neuronup.com\/it\/aree-dintervento\/funzioni-cognitive\/orientamento\/\">Orientamento<\/a><\/div>\n\n\n\n<div class=\"wp-block-button\"><a class=\"wp-block-button__link button wp-element-button\" href=\"https:\/\/neuronup.com\/it\/aree-dintervento\/funzioni-cognitive\/gnosie\/\">Gnosie<\/a><\/div>\n\n\n\n<div class=\"wp-block-button\"><a class=\"wp-block-button__link button wp-element-button\" href=\"https:\/\/neuronup.com\/it\/aree-dintervento\/funzioni-cognitive\/attenzione\/\"><strong>Attenzione<\/strong><\/a><\/div>\n\n\n\n<div class=\"wp-block-button\"><a class=\"wp-block-button__link button wp-element-button\" href=\"https:\/\/neuronup.com\/it\/aree-dintervento\/funzioni-cognitive\/funzioni-esecutive\/\">Funzioni esecutive<\/a><\/div>\n\n\n\n<div class=\"wp-block-button\"><a class=\"wp-block-button__link button wp-element-button\" href=\"https:\/\/neuronup.com\/it\/aree-dintervento\/funzioni-cognitive\/prassie\/\">Prassie<\/a><\/div>\n\n\n\n<div class=\"wp-block-button\"><a class=\"wp-block-button__link button wp-element-button\" href=\"https:\/\/neuronup.com\/it\/aree-dintervento\/funzioni-cognitive\/linguaggio\/\">Linguaggio<\/a><\/div>\n\n\n\n<div class=\"wp-block-button\"><a class=\"wp-block-button__link button wp-element-button\" href=\"https:\/\/neuronup.com\/it\/aree-dintervento\/funzioni-cognitive\/memoria\/\">Memoria<\/a><\/div>\n\n\n\n<div class=\"wp-block-button\"><a class=\"wp-block-button__link button wp-element-button\" href=\"https:\/\/neuronup.com\/it\/aree-dintervento\/funzioni-cognitive\/cognizione-sociale\/\">Cognizione sociale<\/a><\/div>\n\n\n\n<div class=\"wp-block-button\"><a class=\"wp-block-button__link button wp-element-button\" href=\"https:\/\/neuronup.com\/it\/aree-dintervento\/funzioni-cognitive\/abilita-visuo-spaziali\/\">Abilit\u00e0 visuo-spaziali<\/a><\/div>\n<\/div>\n<\/div>\n<\/div>\n\n\n<p><!-- \/wp:post-content --><\/p>","protected":false},"excerpt":{"rendered":"<p>L&#8217;attenzione si riferisce allo stato di osservazione e di allerta che ci permette di essere consapevoli di ci\u00f2 che accade intorno. In altre parole, l&#8217;attenzione \u00e8 la capacit\u00e0 di generare, di dirigere e di mantenere uno stato di attivazione adeguato ad una corretta elaborazione delle informazioni. All&#8217;interno di questa funzione ci riferiamo a 5 processi &hellip;<\/p>\n","protected":false},"author":7,"featured_media":28393,"parent":1350,"menu_order":0,"comment_status":"closed","ping_status":"closed","template":"","meta":{"_acf_changed":false,"_genesis_hide_title":false,"_genesis_hide_breadcrumbs":false,"_genesis_hide_singular_image":false,"_genesis_hide_footer_widgets":false,"_genesis_custom_body_class":"nup-style","_genesis_custom_post_class":"nup-style","_genesis_layout":"wide-content","footnotes":""},"class_list":{"1":"page","2":"type-page","6":"entry","7":"nup-style"},"acf":[],"_links":{"self":[{"href":"https:\/\/neuronup.com\/it\/wp-json\/wp\/v2\/pages\/1467","targetHints":{"allow":["GET"]}}],"collection":[{"href":"https:\/\/neuronup.com\/it\/wp-json\/wp\/v2\/pages"}],"about":[{"href":"https:\/\/neuronup.com\/it\/wp-json\/wp\/v2\/types\/page"}],"author":[{"embeddable":true,"href":"https:\/\/neuronup.com\/it\/wp-json\/wp\/v2\/users\/7"}],"replies":[{"embeddable":true,"href":"https:\/\/neuronup.com\/it\/wp-json\/wp\/v2\/comments?post=1467"}],"version-history":[{"count":0,"href":"https:\/\/neuronup.com\/it\/wp-json\/wp\/v2\/pages\/1467\/revisions"}],"up":[{"embeddable":true,"href":"https:\/\/neuronup.com\/it\/wp-json\/wp\/v2\/pages\/1350"}],"wp:featuredmedia":[{"embeddable":true,"href":"https:\/\/neuronup.com\/it\/wp-json\/wp\/v2\/media\/28393"}],"wp:attachment":[{"href":"https:\/\/neuronup.com\/it\/wp-json\/wp\/v2\/media?parent=1467"}],"curies":[{"name":"wp","href":"https:\/\/api.w.org\/{rel}","templated":true}]}}