
{"id":1444,"date":"2021-06-01T11:46:10","date_gmt":"2021-06-01T11:46:10","guid":{"rendered":"https:\/\/neuronup.com\/it\/?page_id=1444"},"modified":"2025-02-27T21:48:19","modified_gmt":"2025-02-27T19:48:19","slug":"gnosie","status":"publish","type":"page","link":"https:\/\/neuronup.com\/it\/aree-dintervento\/funzioni-cognitive\/gnosie\/","title":{"rendered":"Gnosie"},"content":{"rendered":"\n<div class=\"wp-block-columns is-layout-flex wp-container-core-columns-is-layout-9d6595d7 wp-block-columns-is-layout-flex\">\n<div class=\"wp-block-column pr-5 is-layout-flow wp-block-column-is-layout-flow\" style=\"flex-basis:66.66%\">\n<p class=\"is-style-subheading\"><strong>GNOSIE<\/strong> SEMPLICI (NELLE QUALI INTERVIENE SOLO UN CANALE SENSORIALE):<\/p>\n\n\n\n<ul class=\"wp-block-list\">\n<li><strong>Gnosie visive:&nbsp;<\/strong>capacit\u00e0 di riconoscere visivamente diversi stimoli e di attribuire loro un significato. Questi stimoli possono essere oggetti, volti, colori o forme.<\/li>\n\n\n\n<li><strong>Gnosie uditive: <\/strong>capacit\u00e0 di riconoscere uditivamente stimoli (suoni) diversi.<\/li>\n\n\n\n<li><strong>Gnosie tattili:&nbsp;<\/strong>capacit\u00e0 di riconoscere al tatto stimoli diversi come la consistenza o la temperatura degli oggetti.<\/li>\n\n\n\n<li><strong>Gnosie olfattive:&nbsp;<\/strong>capacit\u00e0 di riconoscere attraverso l&#8217;olfatto stimoli come odori diversi.<\/li>\n\n\n\n<li><strong>Gnosie gustative: <\/strong>capacit\u00e0 di riconoscere i diversi sapori attraverso il gusto.<\/li>\n<\/ul>\n\n\n\n<p>Gnosie complesse (quelle in cui interviene pi\u00f9 di un canale sensitivo):<\/p>\n\n\n\n<ul class=\"wp-block-list\">\n<li><strong>Schema corporeo:&nbsp;<\/strong>capacit\u00e0 di riconoscere e di rappresentare mentalmente il corpo nel suo insieme e nelle sue varie parti, sviluppare i movimenti che si possono fare con ciascuna di esse e orientare il corpo nello spazio.<\/li>\n<\/ul>\n\n\n\n<h2 class=\"wp-block-heading\" id=\"para-que-sirven-las-gnosias\">A cosa servono le gnosie?<\/h2>\n\n\n\n<p>Le gnosie sono di vitale importanza per lo svolgimento della nostra vita quotidiana. Grazie ad esse possiamo riconoscere i nostri parenti pi\u00f9 stretti (esiste ad esempio una patologia chiamata prosopagnosia a causa della quale il paziente non \u00e8 in grado di riconoscere i volti) o identificare la nostra canzone preferita (ci sono persone che non riescono a riconoscere la musica a causa di un disturbo noto come amusia).<\/p>\n\n\n\n<p>Come sarebbe la nostra vita se non riuscissimo a identificare alcune parti del corpo come nostre? O come sarebbe toccare a occhi chiusi un oggetto comune come un cucchiaino e non essere in grado di riconoscerlo?<\/p>\n\n\n\n<h2 class=\"wp-block-heading\" id=\"ejercicios-de-neuronup-para-rehabilitar-las-gnosias\">Esercizi di NeuronUP per la riabilitazione delle gnosie<\/h2>\n\n\n\n<p class=\"has-lg-font-size\">NeuronUP pu\u00f2 aiutarti a trattare queste difficolt\u00e0 con varie attivit\u00e0.<\/p>\n\n\n<div class=\"wp-block-image image-interface\">\n<figure class=\"aligncenter size-large\"><img decoding=\"async\" width=\"1024\" height=\"327\" src=\"https:\/\/neuronup.com\/it\/wp-content\/uploads\/2024\/04\/Alcune-attivita-di-NeuronUP-sulle-gnosie-1024x327.webp\" alt=\"Alcune-attivita-di-NeuronUP-sulle-gnosie\" class=\"wp-image-29986\" srcset=\"https:\/\/neuronup.com\/it\/wp-content\/uploads\/2024\/04\/Alcune-attivita-di-NeuronUP-sulle-gnosie-300x96.webp 300w, https:\/\/neuronup.com\/it\/wp-content\/uploads\/2024\/04\/Alcune-attivita-di-NeuronUP-sulle-gnosie-768x246.webp 768w, https:\/\/neuronup.com\/it\/wp-content\/uploads\/2024\/04\/Alcune-attivita-di-NeuronUP-sulle-gnosie-1024x327.webp 1024w, https:\/\/neuronup.com\/it\/wp-content\/uploads\/2024\/04\/Alcune-attivita-di-NeuronUP-sulle-gnosie-1536x491.webp 1536w, https:\/\/neuronup.com\/it\/wp-content\/uploads\/2024\/04\/Alcune-attivita-di-NeuronUP-sulle-gnosie.webp 1539w\" sizes=\"(max-width: 1024px) 100vw, 1024px\" \/><\/figure>\n<\/div>\n\n\n<p>In relazione alle<strong> gnosie visive<\/strong> abbiamo attivit\u00e0 come il riconoscimento di oggetti parzialmente coperti (non sempre riusciamo a vedere un oggetto intero ma vedendo alcune delle sue parti significative siamo in grado di riconoscerlo) e la selezione di quelli che soddisfano determinate caratteristiche.<\/p>\n\n\n\n<div style=\"height:100px\" aria-hidden=\"true\" class=\"wp-block-spacer\"><\/div>\n\n\n\n<h3 class=\"wp-block-heading\" id=\"consulta-nuestros-articulos-sobre-gnosias\"><\/h3>\n\n\n\n\n<div class=\"mai-grid entries entries-grid has-boxed has-image-full\" style=\"--entry-title-font-size:var(--font-size-lg);--align-text:start;--entry-meta-text-align:start;\"><div class=\"entries-wrap has-columns\" style=\"--columns-xs:1\/1;--columns-sm:1\/2;--columns-md:1\/2;--columns-lg:1\/2;--flex-xs:0 0 var(--flex-basis);--flex-sm:0 0 var(--flex-basis);--flex-md:0 0 var(--flex-basis);--flex-lg:0 0 var(--flex-basis);--column-gap:var(--spacing-lg);--row-gap:var(--spacing-lg);--align-columns:start;\"><article class=\"entry entry-grid is-column has-entry-link has-image has-image-first type-post category-attivita-di-neuroriabilitazione category-attivita-per-gnosia category-attivita-per-le-funzioni-cognitive category-malattie-neurodegenerative category-stimolazione-e-riabilitazione-cognitiva tag-adulti tag-attivita-per-la-stimolazione-cognitiva tag-attivita-di-stimolazione-cognitiva-per-adulti tag-malattie-neurodegenerative\" style=\"--entry-index:1;\" aria-label=\"Nuova attivit\u00e0 cartacea: Memorizza la sequenza di immagini!\" itemscope itemtype=\"https:\/\/schema.org\/CreativeWork\"><a class=\"entry-image-link\" href=\"https:\/\/neuronup.com\/it\/stimolazione-e-riabilitazione-cognitiva\/nuova-attivita-cartacea-memorizza-la-sequenza-di-immagini\/\" tabindex=\"-1\" aria-hidden=\"true\"><img decoding=\"async\" width=\"400\" height=\"300\" src=\"https:\/\/neuronup.com\/it\/wp-content\/uploads\/2025\/12\/EWM2A1-400x300.webp\" class=\"entry-image size-landscape-sm\" alt=\"In fila: torta bianca, oggetto rosso a forma di triangolo, coniglio grigio, ananas, oggetto arancione e scatola di cartone.\" srcset=\"https:\/\/neuronup.com\/it\/wp-content\/uploads\/2025\/12\/EWM2A1-400x300.webp 400w, https:\/\/neuronup.com\/it\/wp-content\/uploads\/2025\/12\/EWM2A1-800x600.webp 800w, https:\/\/neuronup.com\/it\/wp-content\/uploads\/2025\/12\/EWM2A1-1200x900.webp 1200w\" sizes=\"(max-width:599px) 599px, (min-width:600px) and (max-width: 799px) 399.5px, (min-width:800px) and (max-width: 999px) 499.5px, (min-width:1000px) 600px\" \/><\/a><div class=\"entry-wrap entry-wrap-grid\"><h3 class=\"entry-title\" itemprop=\"headline\"><a class=\"entry-title-link\" href=\"https:\/\/neuronup.com\/it\/stimolazione-e-riabilitazione-cognitiva\/nuova-attivita-cartacea-memorizza-la-sequenza-di-immagini\/\" rel=\"bookmark\">Nuova attivit\u00e0 cartacea: Memorizza la sequenza di immagini!<\/a><\/h3>\n<div class=\"entry-excerpt\"><p>Oggi presentiamo Memorizza la sequenza di immagini , una &hellip;<\/p>\n<\/div><\/div><\/article><article class=\"entry entry-grid is-column has-entry-link has-image has-image-first type-post category-attivita-per-gnosia tag-attivita-di-stimolazione-cognitiva tag-attivita-di-stimolazione-cognitiva-per-bambini tag-bambini tag-gnosie tag-notizie-di-neuronup\" style=\"--entry-index:2;\" aria-label=\"Scheda per lavorare le gnosie visive nei bambini: Oggetti parzialmente nascosti\" itemscope itemtype=\"https:\/\/schema.org\/CreativeWork\"><a class=\"entry-image-link\" href=\"https:\/\/neuronup.com\/it\/attivita-di-neuroriabilitazione\/attivita-per-le-funzioni-cognitive\/attivita-per-gnosia\/scheda-per-lavorare-sulle-gnosie-visive-nei-bambini-oggetti-mezzo-nascosti\/\" tabindex=\"-1\" aria-hidden=\"true\"><img decoding=\"async\" width=\"400\" height=\"271\" src=\"https:\/\/neuronup.com\/it\/wp-content\/uploads\/2023\/06\/Captura-de-pantalla-2023-06-19-a-las-14.27.11.webp\" class=\"entry-image size-landscape-sm\" alt=\"Sequenza di sei riquadri A-F con oggetti elettrici parzialmente nascosti: lampada, TV, base, oggetto colorato, attrezzatura.\" srcset=\"https:\/\/neuronup.com\/it\/wp-content\/uploads\/2023\/06\/Captura-de-pantalla-2023-06-19-a-las-14.27.11-300x203.webp 300w, https:\/\/neuronup.com\/it\/wp-content\/uploads\/2023\/06\/Captura-de-pantalla-2023-06-19-a-las-14.27.11-768x520.webp 768w, https:\/\/neuronup.com\/it\/wp-content\/uploads\/2023\/06\/Captura-de-pantalla-2023-06-19-a-las-14.27.11-1024x693.webp 1024w, https:\/\/neuronup.com\/it\/wp-content\/uploads\/2023\/06\/Captura-de-pantalla-2023-06-19-a-las-14.27.11.webp 1254w\" sizes=\"(max-width:599px) 599px, (min-width:600px) and (max-width: 799px) 399.5px, (min-width:800px) and (max-width: 999px) 499.5px, (min-width:1000px) 600px\" \/><\/a><div class=\"entry-wrap entry-wrap-grid\"><h3 class=\"entry-title\" itemprop=\"headline\"><a class=\"entry-title-link\" href=\"https:\/\/neuronup.com\/it\/attivita-di-neuroriabilitazione\/attivita-per-le-funzioni-cognitive\/attivita-per-gnosia\/scheda-per-lavorare-sulle-gnosie-visive-nei-bambini-oggetti-mezzo-nascosti\/\" rel=\"bookmark\">Scheda per lavorare le gnosie visive nei bambini: Oggetti parzialmente nascosti<\/a><\/h3>\n<div class=\"entry-excerpt\"><p>Oggi vi presentiamo una nuova&nbsp;scheda per lavorare le &hellip;<\/p>\n<\/div><\/div><\/article><article class=\"entry entry-grid is-column has-entry-link has-image has-image-first type-post category-attivita-per-gnosia tag-attivita-di-stimolazione-cognitiva tag-attivita-di-stimolazione-cognitiva-per-bambini tag-bambini tag-gnosie tag-notizie-di-neuronup\" style=\"--entry-index:3;\" aria-label=\"Scheda per lavorare le gnosie visive nei bambini: Completa l&#8217;immagine\" itemscope itemtype=\"https:\/\/schema.org\/CreativeWork\"><a class=\"entry-image-link\" href=\"https:\/\/neuronup.com\/it\/attivita-di-neuroriabilitazione\/attivita-per-le-funzioni-cognitive\/attivita-per-gnosia\/scheda-per-lavorare-sulle-gnosie-visive-nei-bambini-completa-limmagine\/\" tabindex=\"-1\" aria-hidden=\"true\"><img decoding=\"async\" width=\"400\" height=\"271\" src=\"https:\/\/neuronup.com\/it\/wp-content\/uploads\/2023\/04\/Captura-de-pantalla-2023-04-12-a-las-11.59.50.webp\" class=\"entry-image size-landscape-sm\" alt=\"Immagine mostra uova marroni in contenitore, quadranti A\/B\/C con immagini di cibi, zona vuota per confronto.\" srcset=\"https:\/\/neuronup.com\/it\/wp-content\/uploads\/2023\/04\/Captura-de-pantalla-2023-04-12-a-las-11.59.50-300x203.webp 300w, https:\/\/neuronup.com\/it\/wp-content\/uploads\/2023\/04\/Captura-de-pantalla-2023-04-12-a-las-11.59.50-768x520.webp 768w, https:\/\/neuronup.com\/it\/wp-content\/uploads\/2023\/04\/Captura-de-pantalla-2023-04-12-a-las-11.59.50-1024x693.webp 1024w, https:\/\/neuronup.com\/it\/wp-content\/uploads\/2023\/04\/Captura-de-pantalla-2023-04-12-a-las-11.59.50.webp 1250w\" sizes=\"(max-width:599px) 599px, (min-width:600px) and (max-width: 799px) 399.5px, (min-width:800px) and (max-width: 999px) 499.5px, (min-width:1000px) 600px\" \/><\/a><div class=\"entry-wrap entry-wrap-grid\"><h3 class=\"entry-title\" itemprop=\"headline\"><a class=\"entry-title-link\" href=\"https:\/\/neuronup.com\/it\/attivita-di-neuroriabilitazione\/attivita-per-le-funzioni-cognitive\/attivita-per-gnosia\/scheda-per-lavorare-sulle-gnosie-visive-nei-bambini-completa-limmagine\/\" rel=\"bookmark\">Scheda per lavorare le gnosie visive nei bambini: Completa l&#8217;immagine<\/a><\/h3>\n<div class=\"entry-excerpt\"><p>Oggi vi presentiamo una nuova&nbsp;scheda per lavorare le &hellip;<\/p>\n<\/div><\/div><\/article><article class=\"entry entry-grid is-column has-entry-link has-image has-image-first type-post category-attivita-per-gnosia tag-attivita-di-stimolazione-cognitiva tag-gnosie\" style=\"--entry-index:4;\" aria-label=\"5 Schede di stimolazione cognitiva per lavorare le gnosie\" itemscope itemtype=\"https:\/\/schema.org\/CreativeWork\"><a class=\"entry-image-link\" href=\"https:\/\/neuronup.com\/it\/attivita-di-neuroriabilitazione\/attivita-per-le-funzioni-cognitive\/attivita-per-gnosia\/5-schede-di-stimolazione-cognitiva-per-lavorare-sulle-gnosie\/\" tabindex=\"-1\" aria-hidden=\"true\"><img decoding=\"async\" width=\"400\" height=\"270\" src=\"https:\/\/neuronup.com\/it\/wp-content\/uploads\/2022\/04\/Fichas-de-estimulacion-cognitiva-para-trabajar-las-gnosias-pizza-1-1-1.webp\" class=\"entry-image size-landscape-sm\" alt=\"Pizza dorata su vassoio di legno con pomodoro, mozzarella e salame, prezzemolo; accanto tre miniature etichettate A, B e C sul lato.\" srcset=\"https:\/\/neuronup.com\/it\/wp-content\/uploads\/2022\/04\/Fichas-de-estimulacion-cognitiva-para-trabajar-las-gnosias-pizza-1-1-1-300x203.webp 300w, https:\/\/neuronup.com\/it\/wp-content\/uploads\/2022\/04\/Fichas-de-estimulacion-cognitiva-para-trabajar-las-gnosias-pizza-1-1-1-768x519.webp 768w, https:\/\/neuronup.com\/it\/wp-content\/uploads\/2022\/04\/Fichas-de-estimulacion-cognitiva-para-trabajar-las-gnosias-pizza-1-1-1-1024x692.webp 1024w, https:\/\/neuronup.com\/it\/wp-content\/uploads\/2022\/04\/Fichas-de-estimulacion-cognitiva-para-trabajar-las-gnosias-pizza-1-1-1.webp 1200w\" sizes=\"(max-width:599px) 599px, (min-width:600px) and (max-width: 799px) 399.5px, (min-width:800px) and (max-width: 999px) 499.5px, (min-width:1000px) 600px\" \/><\/a><div class=\"entry-wrap entry-wrap-grid\"><h3 class=\"entry-title\" itemprop=\"headline\"><a class=\"entry-title-link\" href=\"https:\/\/neuronup.com\/it\/attivita-di-neuroriabilitazione\/attivita-per-le-funzioni-cognitive\/attivita-per-gnosia\/5-schede-di-stimolazione-cognitiva-per-lavorare-sulle-gnosie\/\" rel=\"bookmark\">5 Schede di stimolazione cognitiva per lavorare le gnosie<\/a><\/h3>\n<div class=\"entry-excerpt\"><p>In questo articolo, proporremo 5 schede di stimolazione &hellip;<\/p>\n<\/div><\/div><\/article><article class=\"entry entry-grid is-column has-entry-link has-image has-image-first type-post category-attivita-per-gnosia tag-attivita-di-stimolazione-cognitiva tag-gnosie tag-notizie-di-neuronup\" style=\"--entry-index:5;\" aria-label=\"Attivit\u00e0 di gnosie visive per adulti\" itemscope itemtype=\"https:\/\/schema.org\/CreativeWork\"><a class=\"entry-image-link\" href=\"https:\/\/neuronup.com\/it\/attivita-di-neuroriabilitazione\/attivita-per-le-funzioni-cognitive\/attivita-per-gnosia\/attivita-di-gnosie-visive-per-adulti\/\" tabindex=\"-1\" aria-hidden=\"true\"><img decoding=\"async\" width=\"400\" height=\"272\" src=\"https:\/\/neuronup.com\/it\/wp-content\/uploads\/2022\/01\/ES-clasifica-el-dinero-NeuronUP-2-1.webp\" class=\"entry-image size-landscape-sm\" alt=\"Banconote euro in alto: 20\u20ac, 10\u20ac, 5\u20ac e piccole monete; in basso banconote da 20\u20ac e 10\u20ac con monete sparse.\" srcset=\"https:\/\/neuronup.com\/it\/wp-content\/uploads\/2022\/01\/ES-clasifica-el-dinero-NeuronUP-2-1-300x204.webp 300w, https:\/\/neuronup.com\/it\/wp-content\/uploads\/2022\/01\/ES-clasifica-el-dinero-NeuronUP-2-1-768x522.webp 768w, https:\/\/neuronup.com\/it\/wp-content\/uploads\/2022\/01\/ES-clasifica-el-dinero-NeuronUP-2-1-1024x696.webp 1024w, https:\/\/neuronup.com\/it\/wp-content\/uploads\/2022\/01\/ES-clasifica-el-dinero-NeuronUP-2-1.webp 1200w\" sizes=\"(max-width:599px) 599px, (min-width:600px) and (max-width: 799px) 399.5px, (min-width:800px) and (max-width: 999px) 499.5px, (min-width:1000px) 600px\" \/><\/a><div class=\"entry-wrap entry-wrap-grid\"><h3 class=\"entry-title\" itemprop=\"headline\"><a class=\"entry-title-link\" href=\"https:\/\/neuronup.com\/it\/attivita-di-neuroriabilitazione\/attivita-per-le-funzioni-cognitive\/attivita-per-gnosia\/attivita-di-gnosie-visive-per-adulti\/\" rel=\"bookmark\">Attivit\u00e0 di gnosie visive per adulti<\/a><\/h3>\n<div class=\"entry-excerpt\"><p>Presentiamo una nuova attivit\u00e0 di gnosie visive per adulti! &hellip;<\/p>\n<\/div><\/div><\/article><article class=\"entry entry-grid is-column has-entry-link has-image has-image-first type-post category-attivita-per-gnosia tag-attenzione tag-attivita-di-stimolazione-cognitiva tag-bambini tag-ddai tag-disturbi-del-neurosviluppo tag-notizie-di-neuronup\" style=\"--entry-index:6;\" aria-label=\"Attivit\u00e0 per insegnare ai bambini la gestione del denaro\" itemscope itemtype=\"https:\/\/schema.org\/CreativeWork\"><a class=\"entry-image-link\" href=\"https:\/\/neuronup.com\/it\/attivita-di-neuroriabilitazione\/attivita-per-le-funzioni-cognitive\/attivita-per-gnosia\/attivita-per-insegnare-ai-bambini-la-gestione-del-denaro\/\" tabindex=\"-1\" aria-hidden=\"true\"><img decoding=\"async\" width=\"400\" height=\"300\" src=\"https:\/\/neuronup.com\/it\/wp-content\/uploads\/2021\/10\/Actividad-para-ensenar-a-los-ninos-el-manejo-del-dinero-1-1-1.webp\" class=\"entry-image size-landscape-sm\" alt=\"Banconote europee da 5-20\u20ac e monete su sfondo azzurro, con icone verdi interattive e pulsante Rispondi in basso a destra.\" srcset=\"https:\/\/neuronup.com\/it\/wp-content\/uploads\/2021\/10\/Actividad-para-ensenar-a-los-ninos-el-manejo-del-dinero-1-1-1-300x225.webp 300w, https:\/\/neuronup.com\/it\/wp-content\/uploads\/2021\/10\/Actividad-para-ensenar-a-los-ninos-el-manejo-del-dinero-1-1-1-768x575.webp 768w, https:\/\/neuronup.com\/it\/wp-content\/uploads\/2021\/10\/Actividad-para-ensenar-a-los-ninos-el-manejo-del-dinero-1-1-1-1024x767.webp 1024w, https:\/\/neuronup.com\/it\/wp-content\/uploads\/2021\/10\/Actividad-para-ensenar-a-los-ninos-el-manejo-del-dinero-1-1-1.webp 1204w\" sizes=\"(max-width:599px) 599px, (min-width:600px) and (max-width: 799px) 399.5px, (min-width:800px) and (max-width: 999px) 499.5px, (min-width:1000px) 600px\" \/><\/a><div class=\"entry-wrap entry-wrap-grid\"><h3 class=\"entry-title\" itemprop=\"headline\"><a class=\"entry-title-link\" href=\"https:\/\/neuronup.com\/it\/attivita-di-neuroriabilitazione\/attivita-per-le-funzioni-cognitive\/attivita-per-gnosia\/attivita-per-insegnare-ai-bambini-la-gestione-del-denaro\/\" rel=\"bookmark\">Attivit\u00e0 per insegnare ai bambini la gestione del denaro<\/a><\/h3>\n<div class=\"entry-excerpt\"><p>Questa settimana presentiamo, grazie al suggerimento del &hellip;<\/p>\n<\/div><\/div><\/article><article class=\"entry entry-grid is-column has-entry-link has-image has-image-first type-post category-attivita-per-gnosia tag-gnosie tag-notizie-su-neuronup\" style=\"--entry-index:7;\" aria-label=\"Nuove attivit\u00e0 per lavorare sulle gnosi\" itemscope itemtype=\"https:\/\/schema.org\/CreativeWork\"><a class=\"entry-image-link\" href=\"https:\/\/neuronup.com\/it\/attivita-di-neuroriabilitazione\/attivita-per-le-funzioni-cognitive\/attivita-per-gnosia\/nuove-attivita-per-lavorare-sulle-gnosi\/\" tabindex=\"-1\" aria-hidden=\"true\"><img decoding=\"async\" width=\"400\" height=\"300\" src=\"https:\/\/neuronup.com\/it\/wp-content\/uploads\/2025\/01\/Da-che-parte-vanno-400x300.webp\" class=\"entry-image size-landscape-sm\" alt=\"Interfaccia di gioco con icone di veicoli in due file (camion, auto, moto, aerei, elicotteri), istruzioni di direzione destra e sinistra e pulsanti di ascolto.\" srcset=\"https:\/\/neuronup.com\/it\/wp-content\/uploads\/2025\/01\/Da-che-parte-vanno-400x300.webp 400w, https:\/\/neuronup.com\/it\/wp-content\/uploads\/2025\/01\/Da-che-parte-vanno-800x600.webp 800w, https:\/\/neuronup.com\/it\/wp-content\/uploads\/2025\/01\/Da-che-parte-vanno-1200x900.webp 1200w\" sizes=\"(max-width:599px) 599px, (min-width:600px) and (max-width: 799px) 399.5px, (min-width:800px) and (max-width: 999px) 499.5px, (min-width:1000px) 600px\" \/><\/a><div class=\"entry-wrap entry-wrap-grid\"><h3 class=\"entry-title\" itemprop=\"headline\"><a class=\"entry-title-link\" href=\"https:\/\/neuronup.com\/it\/attivita-di-neuroriabilitazione\/attivita-per-le-funzioni-cognitive\/attivita-per-gnosia\/nuove-attivita-per-lavorare-sulle-gnosi\/\" rel=\"bookmark\">Nuove attivit\u00e0 per lavorare sulle gnosi<\/a><\/h3>\n<div class=\"entry-excerpt\"><p>Scoprite le 7 nuove attivit\u00e0 per lavorare sulle gnosi per &hellip;<\/p>\n<\/div><\/div><\/article><\/div><\/div><\/div>\n\n\n\n<div class=\"wp-block-column is-vertically-aligned-top sticky is-layout-flow wp-block-column-is-layout-flow\" style=\"flex-basis:33.33%\">\n<div class=\"wp-block-buttons is-layout-flex wp-block-buttons-is-layout-flex\">\n<div class=\"wp-block-button\"><a class=\"wp-block-button__link button wp-element-button\" href=\"https:\/\/neuronup.com\/it\/aree-dintervento\/funzioni-cognitive\/orientamento\/\">Orientamento<\/a><\/div>\n\n\n\n<div class=\"wp-block-button\"><a class=\"wp-block-button__link button wp-element-button\" href=\"https:\/\/neuronup.com\/it\/aree-dintervento\/funzioni-cognitive\/gnosie\/\"><strong>Gnosie<\/strong><\/a><\/div>\n\n\n\n<div class=\"wp-block-button\"><a class=\"wp-block-button__link button wp-element-button\" href=\"https:\/\/neuronup.com\/it\/aree-dintervento\/funzioni-cognitive\/attenzione\/\">Attenzione<\/a><\/div>\n\n\n\n<div class=\"wp-block-button\"><a class=\"wp-block-button__link button wp-element-button\" href=\"https:\/\/neuronup.com\/it\/aree-dintervento\/funzioni-cognitive\/funzioni-esecutive\/\">Funzioni esecutive<\/a><\/div>\n\n\n\n<div class=\"wp-block-button\"><a class=\"wp-block-button__link button wp-element-button\" href=\"https:\/\/neuronup.com\/it\/aree-dintervento\/funzioni-cognitive\/prassie\/\">Prassie<\/a><\/div>\n\n\n\n<div class=\"wp-block-button\"><a class=\"wp-block-button__link button wp-element-button\" href=\"https:\/\/neuronup.com\/it\/aree-dintervento\/funzioni-cognitive\/linguaggio\/\">Linguaggio<\/a><\/div>\n\n\n\n<div class=\"wp-block-button\"><a class=\"wp-block-button__link button wp-element-button\" href=\"https:\/\/neuronup.com\/it\/aree-dintervento\/funzioni-cognitive\/memoria\/\">Memoria<\/a><\/div>\n\n\n\n<div class=\"wp-block-button\"><a class=\"wp-block-button__link button wp-element-button\" href=\"https:\/\/neuronup.com\/it\/aree-dintervento\/funzioni-cognitive\/cognizione-sociale\/\">Cognizione sociale<\/a><\/div>\n\n\n\n<div class=\"wp-block-button\"><a class=\"wp-block-button__link button wp-element-button\" href=\"https:\/\/neuronup.com\/it\/aree-dintervento\/funzioni-cognitive\/abilita-visuo-spaziali\/\">Abilit\u00e0 visuo-spaziali<\/a><\/div>\n<\/div>\n<\/div>\n<\/div>\n\n\n","protected":false},"excerpt":{"rendered":"<p>GNOSIE SEMPLICI (NELLE QUALI INTERVIENE SOLO UN CANALE SENSORIALE): Gnosie complesse (quelle in cui interviene pi\u00f9 di un canale sensitivo): A cosa servono le gnosie? Le gnosie sono di vitale importanza per lo svolgimento della nostra vita quotidiana. Grazie ad esse possiamo riconoscere i nostri parenti pi\u00f9 stretti (esiste ad esempio una patologia chiamata prosopagnosia &hellip;<\/p>\n","protected":false},"author":7,"featured_media":28384,"parent":1350,"menu_order":0,"comment_status":"closed","ping_status":"closed","template":"","meta":{"_acf_changed":false,"_genesis_hide_title":false,"_genesis_hide_breadcrumbs":false,"_genesis_hide_singular_image":false,"_genesis_hide_footer_widgets":false,"_genesis_custom_body_class":"nup-style","_genesis_custom_post_class":"nup-style","_genesis_layout":"wide-content","footnotes":""},"class_list":{"1":"page","2":"type-page","6":"entry","7":"nup-style"},"acf":[],"_links":{"self":[{"href":"https:\/\/neuronup.com\/it\/wp-json\/wp\/v2\/pages\/1444","targetHints":{"allow":["GET"]}}],"collection":[{"href":"https:\/\/neuronup.com\/it\/wp-json\/wp\/v2\/pages"}],"about":[{"href":"https:\/\/neuronup.com\/it\/wp-json\/wp\/v2\/types\/page"}],"author":[{"embeddable":true,"href":"https:\/\/neuronup.com\/it\/wp-json\/wp\/v2\/users\/7"}],"replies":[{"embeddable":true,"href":"https:\/\/neuronup.com\/it\/wp-json\/wp\/v2\/comments?post=1444"}],"version-history":[{"count":0,"href":"https:\/\/neuronup.com\/it\/wp-json\/wp\/v2\/pages\/1444\/revisions"}],"up":[{"embeddable":true,"href":"https:\/\/neuronup.com\/it\/wp-json\/wp\/v2\/pages\/1350"}],"wp:featuredmedia":[{"embeddable":true,"href":"https:\/\/neuronup.com\/it\/wp-json\/wp\/v2\/media\/28384"}],"wp:attachment":[{"href":"https:\/\/neuronup.com\/it\/wp-json\/wp\/v2\/media?parent=1444"}],"curies":[{"name":"wp","href":"https:\/\/api.w.org\/{rel}","templated":true}]}}