
{"id":1432,"date":"2021-06-01T11:16:00","date_gmt":"2021-06-01T11:16:00","guid":{"rendered":"https:\/\/neuronup.com\/it\/?page_id=1432"},"modified":"2025-02-27T21:51:56","modified_gmt":"2025-02-27T19:51:56","slug":"orientamento","status":"publish","type":"page","link":"https:\/\/neuronup.com\/it\/aree-dintervento\/funzioni-cognitive\/orientamento\/","title":{"rendered":"Orientamento"},"content":{"rendered":"\n<div class=\"wp-block-columns is-layout-flex wp-container-core-columns-is-layout-9d6595d7 wp-block-columns-is-layout-flex\">\n<div class=\"wp-block-column pr-5 is-layout-flow wp-block-column-is-layout-flow\" style=\"flex-basis:66.66%\">\n<p class=\"is-style-subheading\">L&#8217;<strong>ORIENTAMENTO<\/strong> SI SUDDIVIDE IN TRE TIPI:<\/p>\n\n\n\n<ul class=\"wp-block-list\">\n<li><strong>Orientamento personale:<\/strong>&nbsp;capacit\u00e0 di integrare le informazioni relative alla storia e all&#8217;identit\u00e0 personale, come l&#8217;et\u00e0, lo stato civile o gli studi effettuati.<\/li>\n\n\n\n<li><strong>Orientamento temporale:<\/strong> capacit\u00e0 di gestire le informazioni relative a diversi eventi o situazioni e di collocarle cronologicamente nel tempo, cio\u00e8 informazioni relative all&#8217;ora, al giorno, al mese, all&#8217;anno, alle festivit\u00e0, alle stagioni, ecc. per comportarsi di conseguenza.<\/li>\n\n\n\n<li><strong>Orientamento spaziale:<\/strong> capacit\u00e0 di gestire le informazioni relative alla provenienza, al luogo in cui ci si trova in un determinato momento, alla destinazione, ecc.<\/li>\n<\/ul>\n\n\n\n<h2 class=\"wp-block-heading\" id=\"para-que-sirve-la-orientacion\">A cosa serve l&#8217;orientamento?<\/h2>\n\n\n\n<p>Uno degli aspetti pi\u00f9 importanti della nostra vita \u00e8 sapere come collocare s\u00e9 stessi e gli altri in una situazione o un momento. Per farlo, occorre possedere un solido orientamento di s\u00e9 stessi e di ci\u00f2 che ci circonda, oltre che di concetti importanti come lo spazio o il tempo in cui ci si trova.<\/p>\n\n\n\n<p>Quotidianamente \u00e8 necessario sapere in quale giorno o momento ci si trova e quali attivit\u00e0 si possono svolgere in quel momento (fare colazione al mattino, andare a letto la sera, dedicarci ai nostri hobby nel fine settimana, ecc.).<\/p>\n\n\n\n<h2 class=\"wp-block-heading\" id=\"ejercicios-de-neuronup-para-rehabilitar-la-orientacion\">Esercizi di NeuronUP per riabilitare l&#8217;orientamento<\/h2>\n\n\n\n<p>Per lavorare sull&#8217;<strong>orientamento personale<\/strong>, abbiamo ideato degli esercizi in cui il paziente deve rispondere a una serie di domande sulla propria vita personale. L&#8217;attivit\u00e0 pu\u00f2 variare per difficolt\u00e0 e aiuti a seconda delle esigenze del paziente.<\/p>\n\n\n\n<p>Per quanto riguarda l&#8217;<strong>orientamento temporale<\/strong>, sono disponibili attivit\u00e0 in cui il soggetto deve dire l&#8217;ora, il mese o la stagione dell&#8217;anno in cui si trova.<\/p>\n\n\n<div class=\"wp-block-image image-interface\">\n<figure class=\"aligncenter size-large\"><img decoding=\"async\" width=\"1024\" height=\"770\" src=\"https:\/\/neuronup.com\/it\/wp-content\/uploads\/2024\/04\/Che-ora-e-1024x770.webp\" alt=\"Attivit\u00e0 che ora \u00e8 sull'orientamento temporale\" class=\"wp-image-29983\" srcset=\"https:\/\/neuronup.com\/it\/wp-content\/uploads\/2024\/04\/Che-ora-e-300x226.webp 300w, https:\/\/neuronup.com\/it\/wp-content\/uploads\/2024\/04\/Che-ora-e-400x300.webp 400w, https:\/\/neuronup.com\/it\/wp-content\/uploads\/2024\/04\/Che-ora-e-768x577.webp 768w, https:\/\/neuronup.com\/it\/wp-content\/uploads\/2024\/04\/Che-ora-e-1024x770.webp 1024w, https:\/\/neuronup.com\/it\/wp-content\/uploads\/2024\/04\/Che-ora-e.webp 1435w\" sizes=\"(max-width: 1024px) 100vw, 1024px\" \/><\/figure>\n<\/div>\n\n\n<p>Infine, una delle attivit\u00e0 proposte da NeuronUP per lavorare sull&#8217;<strong>orientamento spaziale<\/strong> consiste nel mettere in relazione i vari oggetti con i luoghi in cui si ottengono e con le persone che se ne occupano.<\/p>\n\n\n\n<div style=\"height:100px\" aria-hidden=\"true\" class=\"wp-block-spacer\"><\/div>\n\n\n\n<h3 class=\"wp-block-heading has-xxl-margin-bottom\" id=\"consulta-nuestros-articulos-sobre-orientacion\">Leggi i nostri articoli relativi all&#8217;orientamento<\/h3>\n\n\n<div class=\"mai-grid entries entries-grid has-boxed has-image-full\" style=\"--entry-title-font-size:var(--font-size-lg);--align-text:start;--entry-meta-text-align:start;\"><div class=\"entries-wrap has-columns\" style=\"--columns-xs:1\/1;--columns-sm:1\/2;--columns-md:1\/2;--columns-lg:1\/2;--flex-xs:0 0 var(--flex-basis);--flex-sm:0 0 var(--flex-basis);--flex-md:0 0 var(--flex-basis);--flex-lg:0 0 var(--flex-basis);--column-gap:var(--spacing-lg);--row-gap:var(--spacing-lg);--align-columns:start;\"><article class=\"entry entry-grid is-column has-entry-link has-image has-image-first type-post category-deterioramento-cognitivo tag-attivita-di-stimolazione-cognitiva tag-stimolazione-cognitiva\" style=\"--entry-index:1;\" aria-label=\"Sessione di stimolazione cognitiva per persone con deterioro cognitivo\" itemscope itemtype=\"https:\/\/schema.org\/CreativeWork\"><a class=\"entry-image-link\" href=\"https:\/\/neuronup.com\/it\/stimolazione-e-riabilitazione-cognitiva\/deterioramento-cognitivo\/sessione-di-stimolazione-cognitiva-per-persone-con-deterioramento-cognitivo\/\" tabindex=\"-1\" aria-hidden=\"true\"><img decoding=\"async\" width=\"400\" height=\"300\" src=\"https:\/\/neuronup.com\/it\/wp-content\/uploads\/2024\/09\/actividad-recoge-tu-equipaje.webp\" class=\"entry-image size-landscape-sm\" alt=\"Area d&#039;attesa aeroportuale con nastro di bagagli; borsa verde con spunta a sinistra, carrello bagagli e panche rosse.\" srcset=\"https:\/\/neuronup.com\/it\/wp-content\/uploads\/2024\/09\/actividad-recoge-tu-equipaje-300x224.webp 300w, https:\/\/neuronup.com\/it\/wp-content\/uploads\/2024\/09\/actividad-recoge-tu-equipaje-768x574.webp 768w, https:\/\/neuronup.com\/it\/wp-content\/uploads\/2024\/09\/actividad-recoge-tu-equipaje-1024x765.webp 1024w, https:\/\/neuronup.com\/it\/wp-content\/uploads\/2024\/09\/actividad-recoge-tu-equipaje.webp 1200w\" sizes=\"(max-width:599px) 599px, (min-width:600px) and (max-width: 799px) 399.5px, (min-width:800px) and (max-width: 999px) 499.5px, (min-width:1000px) 600px\" \/><\/a><div class=\"entry-wrap entry-wrap-grid\"><h3 class=\"entry-title\" itemprop=\"headline\"><a class=\"entry-title-link\" href=\"https:\/\/neuronup.com\/it\/stimolazione-e-riabilitazione-cognitiva\/deterioramento-cognitivo\/sessione-di-stimolazione-cognitiva-per-persone-con-deterioramento-cognitivo\/\" rel=\"bookmark\">Sessione di stimolazione cognitiva per persone con deterioro cognitivo<\/a><\/h3>\n<div class=\"entry-excerpt\"><p>La ricercatrice Olalla S\u00e1iz V\u00e1zquez ci parla di una sessione &hellip;<\/p>\n<\/div><\/div><\/article><article class=\"entry entry-grid is-column has-entry-link has-image has-image-first type-post category-attivita-di-orientamento tag-attivita-di-stimolazione-cognitiva tag-attivita-di-stimolazione-cognitiva-per-bambini tag-bambini tag-notizie-di-neuronup tag-orientamento\" style=\"--entry-index:2;\" aria-label=\"Scheda per lavorare sull&#8217;orientamento temporale nei bambini: Ora\" itemscope itemtype=\"https:\/\/schema.org\/CreativeWork\"><a class=\"entry-image-link\" href=\"https:\/\/neuronup.com\/it\/attivita-di-neuroriabilitazione\/attivita-per-le-funzioni-cognitive\/attivita-di-orientamento\/scheda-per-lavorare-sullorientamento-temporale-nei-bambini-adesso\/\" tabindex=\"-1\" aria-hidden=\"true\"><img decoding=\"async\" width=\"400\" height=\"271\" src=\"https:\/\/neuronup.com\/it\/wp-content\/uploads\/2023\/01\/Ficha-para-trabajar-la-orientacion-temporal-en-ninos.webp\" class=\"entry-image size-landscape-sm\" alt=\"Orologio analogico con lancette tra 12 e 1, pulsanti +\/- per ore e minuti, conferma verde; in alto la domanda &#039;\u00bfQu\u00e9 hora es?&#039;\" srcset=\"https:\/\/neuronup.com\/it\/wp-content\/uploads\/2023\/01\/Ficha-para-trabajar-la-orientacion-temporal-en-ninos-300x203.webp 300w, https:\/\/neuronup.com\/it\/wp-content\/uploads\/2023\/01\/Ficha-para-trabajar-la-orientacion-temporal-en-ninos-768x520.webp 768w, https:\/\/neuronup.com\/it\/wp-content\/uploads\/2023\/01\/Ficha-para-trabajar-la-orientacion-temporal-en-ninos-1024x693.webp 1024w, https:\/\/neuronup.com\/it\/wp-content\/uploads\/2023\/01\/Ficha-para-trabajar-la-orientacion-temporal-en-ninos.webp 1200w\" sizes=\"(max-width:599px) 599px, (min-width:600px) and (max-width: 799px) 399.5px, (min-width:800px) and (max-width: 999px) 499.5px, (min-width:1000px) 600px\" \/><\/a><div class=\"entry-wrap entry-wrap-grid\"><h3 class=\"entry-title\" itemprop=\"headline\"><a class=\"entry-title-link\" href=\"https:\/\/neuronup.com\/it\/attivita-di-neuroriabilitazione\/attivita-per-le-funzioni-cognitive\/attivita-di-orientamento\/scheda-per-lavorare-sullorientamento-temporale-nei-bambini-adesso\/\" rel=\"bookmark\">Scheda per lavorare sull&#8217;orientamento temporale nei bambini: Ora<\/a><\/h3>\n<div class=\"entry-excerpt\"><p>Oggi vi presentiamo una nuova&nbsp;scheda per lavorare &hellip;<\/p>\n<\/div><\/div><\/article><\/div><\/div><\/div>\n\n\n\n<div class=\"wp-block-column is-vertically-aligned-top sticky is-layout-flow wp-block-column-is-layout-flow\" style=\"flex-basis:33.33%\">\n<div class=\"wp-block-buttons is-layout-flex wp-block-buttons-is-layout-flex\">\n<div class=\"wp-block-button\"><a class=\"wp-block-button__link button wp-element-button\" href=\"https:\/\/neuronup.com\/it\/aree-dintervento\/funzioni-cognitive\/orientamento\/\"><strong>Orientamento<\/strong><\/a><\/div>\n\n\n\n<div class=\"wp-block-button\"><a class=\"wp-block-button__link button wp-element-button\" href=\"https:\/\/neuronup.com\/it\/aree-dintervento\/funzioni-cognitive\/gnosie\/\">Gnosie<\/a><\/div>\n\n\n\n<div class=\"wp-block-button\"><a class=\"wp-block-button__link button wp-element-button\" href=\"https:\/\/neuronup.com\/it\/aree-dintervento\/funzioni-cognitive\/attenzione\/\">Attenzione<\/a><\/div>\n\n\n\n<div class=\"wp-block-button\"><a class=\"wp-block-button__link button wp-element-button\" href=\"https:\/\/neuronup.com\/it\/aree-dintervento\/funzioni-cognitive\/funzioni-esecutive\/\">Funzioni esecutive<\/a><\/div>\n\n\n\n<div class=\"wp-block-button\"><a class=\"wp-block-button__link button wp-element-button\" href=\"https:\/\/neuronup.com\/it\/aree-dintervento\/funzioni-cognitive\/prassie\/\">Prassie<\/a><\/div>\n\n\n\n<div class=\"wp-block-button\"><a class=\"wp-block-button__link button wp-element-button\" href=\"https:\/\/neuronup.com\/it\/aree-dintervento\/funzioni-cognitive\/linguaggio\/\">Linguaggio<\/a><\/div>\n\n\n\n<div class=\"wp-block-button\"><a class=\"wp-block-button__link button wp-element-button\" href=\"https:\/\/neuronup.com\/it\/aree-dintervento\/funzioni-cognitive\/memoria\/\">Memoria<\/a><\/div>\n\n\n\n<div class=\"wp-block-button\"><a class=\"wp-block-button__link button wp-element-button\" href=\"https:\/\/neuronup.com\/it\/aree-dintervento\/funzioni-cognitive\/cognizione-sociale\/\">Cognizione sociale<\/a><\/div>\n\n\n\n<div class=\"wp-block-button\"><a class=\"wp-block-button__link button wp-element-button\" href=\"https:\/\/neuronup.com\/it\/aree-dintervento\/funzioni-cognitive\/abilita-visuo-spaziali\/\">Abilit\u00e0 visuo-spaziali<\/a><\/div>\n<\/div>\n<\/div>\n<\/div>\n\n\n<div class=\"mai-grid entries entries-grid has-boxed has-image-full\" style=\"--entry-title-font-size:var(--font-size-lg);--align-text:start;--entry-meta-text-align:start;\"><div class=\"entries-wrap has-columns\" style=\"--columns-xs:1\/1;--columns-sm:1\/1;--columns-md:1\/3;--columns-lg:1\/3;--flex-xs:0 0 var(--flex-basis);--flex-sm:0 0 var(--flex-basis);--flex-md:0 0 var(--flex-basis);--flex-lg:0 0 var(--flex-basis);--column-gap:var(--spacing-lg);--row-gap:var(--spacing-lg);--align-columns:start;\"><article class=\"entry entry-grid is-column has-entry-link has-image has-image-first type-post category-attivita-di-orientamento tag-attivita-di-stimolazione-cognitiva-per-bambini tag-notizie-di-neuronup tag-orientamento\" style=\"--entry-index:1;\" aria-label=\"Scheda per lavorare l&#8217;orientamento spaziale con i bambini: Ordina la casa\" itemscope itemtype=\"https:\/\/schema.org\/CreativeWork\"><a class=\"entry-image-link\" href=\"https:\/\/neuronup.com\/it\/attivita-di-neuroriabilitazione\/attivita-per-le-funzioni-cognitive\/attivita-di-orientamento\/scheda-per-lavorare-lorientamento-spaziale-con-i-bambini-ordina-la-casa\/\" tabindex=\"-1\" aria-hidden=\"true\"><img decoding=\"async\" width=\"400\" height=\"272\" src=\"https:\/\/neuronup.com\/it\/wp-content\/uploads\/2023\/11\/Ficha-para-trabajar-la-orientacion-espacial-con-ninos-Ordena-la-casa-1.webp\" class=\"entry-image size-landscape-sm\" alt=\"Collage di cinque ambienti domestici utile per illustrare la scheda Ordina la casa, attivit\u00e0 per lavorare l&#039;orientamento spaziale nei bambini e facilitare l&#039;apprendimento attraverso contesti visivi.\" srcset=\"https:\/\/neuronup.com\/it\/wp-content\/uploads\/2023\/11\/Ficha-para-trabajar-la-orientacion-espacial-con-ninos-Ordena-la-casa-1-300x204.webp 300w, https:\/\/neuronup.com\/it\/wp-content\/uploads\/2023\/11\/Ficha-para-trabajar-la-orientacion-espacial-con-ninos-Ordena-la-casa-1-768x522.webp 768w, https:\/\/neuronup.com\/it\/wp-content\/uploads\/2023\/11\/Ficha-para-trabajar-la-orientacion-espacial-con-ninos-Ordena-la-casa-1-1024x696.webp 1024w, https:\/\/neuronup.com\/it\/wp-content\/uploads\/2023\/11\/Ficha-para-trabajar-la-orientacion-espacial-con-ninos-Ordena-la-casa-1.webp 1200w\" sizes=\"(max-width:599px) 599px, (min-width:600px) and (max-width: 799px) 799px, (min-width:800px) and (max-width: 999px) 333px, (min-width:1000px) 400px\" \/><\/a><div class=\"entry-wrap entry-wrap-grid\"><h3 class=\"entry-title\" itemprop=\"headline\"><a class=\"entry-title-link\" href=\"https:\/\/neuronup.com\/it\/attivita-di-neuroriabilitazione\/attivita-per-le-funzioni-cognitive\/attivita-di-orientamento\/scheda-per-lavorare-lorientamento-spaziale-con-i-bambini-ordina-la-casa\/\" rel=\"bookmark\">Scheda per lavorare l&#8217;orientamento spaziale con i bambini: Ordina la casa<\/a><\/h3>\n<\/div><\/article><article class=\"entry entry-grid is-column has-entry-link has-image has-image-first type-post category-attivita-di-orientamento tag-attivita-di-stimolazione-cognitiva tag-attivita-di-stimolazione-cognitiva-per-bambini tag-bambini tag-notizie-di-neuronup tag-orientamento\" style=\"--entry-index:2;\" aria-label=\"Scheda per lavorare sull&#8217;orientamento temporale nei bambini: Ora\" itemscope itemtype=\"https:\/\/schema.org\/CreativeWork\"><a class=\"entry-image-link\" href=\"https:\/\/neuronup.com\/it\/attivita-di-neuroriabilitazione\/attivita-per-le-funzioni-cognitive\/attivita-di-orientamento\/scheda-per-lavorare-sullorientamento-temporale-nei-bambini-adesso\/\" tabindex=\"-1\" aria-hidden=\"true\"><img decoding=\"async\" width=\"400\" height=\"271\" src=\"https:\/\/neuronup.com\/it\/wp-content\/uploads\/2023\/01\/Ficha-para-trabajar-la-orientacion-temporal-en-ninos.webp\" class=\"entry-image size-landscape-sm\" alt=\"Orologio analogico con lancette tra 12 e 1, pulsanti +\/- per ore e minuti, conferma verde; in alto la domanda &#039;\u00bfQu\u00e9 hora es?&#039;\" srcset=\"https:\/\/neuronup.com\/it\/wp-content\/uploads\/2023\/01\/Ficha-para-trabajar-la-orientacion-temporal-en-ninos-300x203.webp 300w, https:\/\/neuronup.com\/it\/wp-content\/uploads\/2023\/01\/Ficha-para-trabajar-la-orientacion-temporal-en-ninos-768x520.webp 768w, https:\/\/neuronup.com\/it\/wp-content\/uploads\/2023\/01\/Ficha-para-trabajar-la-orientacion-temporal-en-ninos-1024x693.webp 1024w, https:\/\/neuronup.com\/it\/wp-content\/uploads\/2023\/01\/Ficha-para-trabajar-la-orientacion-temporal-en-ninos.webp 1200w\" sizes=\"(max-width:599px) 599px, (min-width:600px) and (max-width: 799px) 799px, (min-width:800px) and (max-width: 999px) 333px, (min-width:1000px) 400px\" \/><\/a><div class=\"entry-wrap entry-wrap-grid\"><h3 class=\"entry-title\" itemprop=\"headline\"><a class=\"entry-title-link\" href=\"https:\/\/neuronup.com\/it\/attivita-di-neuroriabilitazione\/attivita-per-le-funzioni-cognitive\/attivita-di-orientamento\/scheda-per-lavorare-sullorientamento-temporale-nei-bambini-adesso\/\" rel=\"bookmark\">Scheda per lavorare sull&#8217;orientamento temporale nei bambini: Ora<\/a><\/h3>\n<\/div><\/article><article class=\"entry entry-grid is-column has-entry-link has-image has-image-first type-post category-attivita-di-vita-quotidiana-adl tag-attenzione tag-attivita-della-vita-quotidiana tag-attivita-di-stimolazione-cognitiva tag-funzioni-esecutive tag-memoria tag-orientamento\" style=\"--entry-index:3;\" aria-label=\"Attivit\u00e0 strumentali della vita quotidiana: cosa sono, tipi ed esempi\" itemscope itemtype=\"https:\/\/schema.org\/CreativeWork\"><a class=\"entry-image-link\" href=\"https:\/\/neuronup.com\/it\/attivita-di-neuroriabilitazione\/attivita-di-vita-quotidiana-adl\/attivita-strumentali-della-vita-quotidiana-che-sono-tipi-e-esempi\/\" tabindex=\"-1\" aria-hidden=\"true\"><img decoding=\"async\" width=\"400\" height=\"297\" src=\"https:\/\/neuronup.com\/it\/wp-content\/uploads\/2022\/06\/Actividades-instrumentales-de-la-vida-diaria.-Actividad-de-NeuronUP-Recicla-tu-basura.webp\" class=\"entry-image size-landscape-sm\" alt=\"Contenitori differenziati colorati in primo piano: vetro, imballaggi, carta\/cartone e organico nell&#039;area urbana.\" srcset=\"https:\/\/neuronup.com\/it\/wp-content\/uploads\/2022\/06\/Actividades-instrumentales-de-la-vida-diaria.-Actividad-de-NeuronUP-Recicla-tu-basura-300x223.webp 300w, https:\/\/neuronup.com\/it\/wp-content\/uploads\/2022\/06\/Actividades-instrumentales-de-la-vida-diaria.-Actividad-de-NeuronUP-Recicla-tu-basura-768x570.webp 768w, https:\/\/neuronup.com\/it\/wp-content\/uploads\/2022\/06\/Actividades-instrumentales-de-la-vida-diaria.-Actividad-de-NeuronUP-Recicla-tu-basura.webp 879w\" sizes=\"(max-width:599px) 599px, (min-width:600px) and (max-width: 799px) 799px, (min-width:800px) and (max-width: 999px) 333px, (min-width:1000px) 400px\" \/><\/a><div class=\"entry-wrap entry-wrap-grid\"><h3 class=\"entry-title\" itemprop=\"headline\"><a class=\"entry-title-link\" href=\"https:\/\/neuronup.com\/it\/attivita-di-neuroriabilitazione\/attivita-di-vita-quotidiana-adl\/attivita-strumentali-della-vita-quotidiana-che-sono-tipi-e-esempi\/\" rel=\"bookmark\">Attivit\u00e0 strumentali della vita quotidiana: cosa sono, tipi ed esempi<\/a><\/h3>\n<\/div><\/article><article class=\"entry entry-grid is-column has-entry-link has-image has-image-first type-post category-attivita-di-orientamento tag-attivita-di-stimolazione-cognitiva tag-orientamento\" style=\"--entry-index:4;\" aria-label=\"Orientamento: definizione, tipi e attivit\u00e0 di orientamento\" itemscope itemtype=\"https:\/\/schema.org\/CreativeWork\"><a class=\"entry-image-link\" href=\"https:\/\/neuronup.com\/it\/attivita-di-neuroriabilitazione\/attivita-per-le-funzioni-cognitive\/attivita-di-orientamento\/orientamento-definizione-tipi-e-attivita-di-orientamento\/\" tabindex=\"-1\" aria-hidden=\"true\"><img decoding=\"async\" width=\"400\" height=\"269\" src=\"https:\/\/neuronup.com\/it\/wp-content\/uploads\/2022\/01\/Actividades-de-orientacionObjetos-en-el-hogar.webp\" class=\"entry-image size-landscape-sm\" alt=\"Tre scene: area lavoro con scrivania e orologio; stanza bambini con letto a castello; garage con bici e auto gialla, simboli in ogni sezione.\" srcset=\"https:\/\/neuronup.com\/it\/wp-content\/uploads\/2022\/01\/Actividades-de-orientacionObjetos-en-el-hogar-300x202.webp 300w, https:\/\/neuronup.com\/it\/wp-content\/uploads\/2022\/01\/Actividades-de-orientacionObjetos-en-el-hogar-768x517.webp 768w, https:\/\/neuronup.com\/it\/wp-content\/uploads\/2022\/01\/Actividades-de-orientacionObjetos-en-el-hogar-1024x689.webp 1024w, https:\/\/neuronup.com\/it\/wp-content\/uploads\/2022\/01\/Actividades-de-orientacionObjetos-en-el-hogar.webp 1200w\" sizes=\"(max-width:599px) 599px, (min-width:600px) and (max-width: 799px) 799px, (min-width:800px) and (max-width: 999px) 333px, (min-width:1000px) 400px\" \/><\/a><div class=\"entry-wrap entry-wrap-grid\"><h3 class=\"entry-title\" itemprop=\"headline\"><a class=\"entry-title-link\" href=\"https:\/\/neuronup.com\/it\/attivita-di-neuroriabilitazione\/attivita-per-le-funzioni-cognitive\/attivita-di-orientamento\/orientamento-definizione-tipi-e-attivita-di-orientamento\/\" rel=\"bookmark\">Orientamento: definizione, tipi e attivit\u00e0 di orientamento<\/a><\/h3>\n<\/div><\/article><article class=\"entry entry-grid is-column has-entry-link has-image has-image-first type-post category-stimolazione-e-riabilitazione-cognitiva tag-attenzione tag-cervello tag-funzioni-esecutive tag-linguaggio tag-memoria tag-orientamento tag-stimolazione-cognitiva\" style=\"--entry-index:5;\" aria-label=\"Le capacit\u00e0 cognitive: cosa sono, tipologie, funzionamento e stimolazione\" itemscope itemtype=\"https:\/\/schema.org\/CreativeWork\"><a class=\"entry-image-link\" href=\"https:\/\/neuronup.com\/it\/stimolazione-e-riabilitazione-cognitiva\/le-capacita-cognitive-cosa-sono-tipologie-funzionamento-e-stimolazione\/\" tabindex=\"-1\" aria-hidden=\"true\"><img decoding=\"async\" width=\"400\" height=\"300\" src=\"https:\/\/neuronup.com\/it\/wp-content\/uploads\/2022\/03\/Uomo-che-indica-un-cervello-di-carta-400x300.webp\" class=\"entry-image size-landscape-sm\" alt=\"Persona in camicia e cardigan blu ha un ritaglio di carta a forma di cervello, puntando verso di esso con sfondo blu.\" srcset=\"https:\/\/neuronup.com\/it\/wp-content\/uploads\/2022\/03\/Uomo-che-indica-un-cervello-di-carta-400x300.webp 400w, https:\/\/neuronup.com\/it\/wp-content\/uploads\/2022\/03\/Uomo-che-indica-un-cervello-di-carta-800x600.webp 800w\" sizes=\"(max-width:599px) 599px, (min-width:600px) and (max-width: 799px) 799px, (min-width:800px) and (max-width: 999px) 333px, (min-width:1000px) 400px\" \/><\/a><div class=\"entry-wrap entry-wrap-grid\"><h3 class=\"entry-title\" itemprop=\"headline\"><a class=\"entry-title-link\" href=\"https:\/\/neuronup.com\/it\/stimolazione-e-riabilitazione-cognitiva\/le-capacita-cognitive-cosa-sono-tipologie-funzionamento-e-stimolazione\/\" rel=\"bookmark\">Le capacit\u00e0 cognitive: cosa sono, tipologie, funzionamento e stimolazione<\/a><\/h3>\n<\/div><\/article><\/div><\/div>","protected":false},"excerpt":{"rendered":"<p>L&#8217;ORIENTAMENTO SI SUDDIVIDE IN TRE TIPI: A cosa serve l&#8217;orientamento? Uno degli aspetti pi\u00f9 importanti della nostra vita \u00e8 sapere come collocare s\u00e9 stessi e gli altri in una situazione o un momento. Per farlo, occorre possedere un solido orientamento di s\u00e9 stessi e di ci\u00f2 che ci circonda, oltre che di concetti importanti come &hellip;<\/p>\n","protected":false},"author":7,"featured_media":28374,"parent":1350,"menu_order":0,"comment_status":"closed","ping_status":"closed","template":"","meta":{"_acf_changed":false,"_genesis_hide_title":false,"_genesis_hide_breadcrumbs":false,"_genesis_hide_singular_image":false,"_genesis_hide_footer_widgets":false,"_genesis_custom_body_class":"nup-style","_genesis_custom_post_class":"nup-style","_genesis_layout":"wide-content","footnotes":""},"class_list":{"1":"page","2":"type-page","6":"entry","7":"nup-style"},"acf":[],"_links":{"self":[{"href":"https:\/\/neuronup.com\/it\/wp-json\/wp\/v2\/pages\/1432","targetHints":{"allow":["GET"]}}],"collection":[{"href":"https:\/\/neuronup.com\/it\/wp-json\/wp\/v2\/pages"}],"about":[{"href":"https:\/\/neuronup.com\/it\/wp-json\/wp\/v2\/types\/page"}],"author":[{"embeddable":true,"href":"https:\/\/neuronup.com\/it\/wp-json\/wp\/v2\/users\/7"}],"replies":[{"embeddable":true,"href":"https:\/\/neuronup.com\/it\/wp-json\/wp\/v2\/comments?post=1432"}],"version-history":[{"count":0,"href":"https:\/\/neuronup.com\/it\/wp-json\/wp\/v2\/pages\/1432\/revisions"}],"up":[{"embeddable":true,"href":"https:\/\/neuronup.com\/it\/wp-json\/wp\/v2\/pages\/1350"}],"wp:featuredmedia":[{"embeddable":true,"href":"https:\/\/neuronup.com\/it\/wp-json\/wp\/v2\/media\/28374"}],"wp:attachment":[{"href":"https:\/\/neuronup.com\/it\/wp-json\/wp\/v2\/media?parent=1432"}],"curies":[{"name":"wp","href":"https:\/\/api.w.org\/{rel}","templated":true}]}}