
{"id":12179,"date":"2024-02-14T15:40:00","date_gmt":"2024-02-14T13:40:00","guid":{"rendered":"https:\/\/neuronup.com\/it\/?page_id=12179"},"modified":"2026-03-02T14:21:58","modified_gmt":"2026-03-02T12:21:58","slug":"contattaci","status":"publish","type":"page","link":"https:\/\/neuronup.com\/it\/contattaci\/","title":{"rendered":"Contattaci"},"content":{"rendered":"<div class=\"wp-block-image\">\n<figure class=\"aligncenter size-full\"><img decoding=\"async\" width=\"101\" height=\"101\" src=\"https:\/\/neuronup.com\/it\/wp-content\/uploads\/2024\/01\/contatacci.webp\" alt=\"contatacci\" class=\"wp-image-28343\" srcset=\"https:\/\/neuronup.com\/it\/wp-content\/uploads\/2024\/01\/contatacci-80x80.webp 80w, https:\/\/neuronup.com\/it\/wp-content\/uploads\/2024\/01\/contatacci.webp 101w\" sizes=\"(max-width: 101px) 100vw, 101px\" \/><\/figure>\n<\/div>\n\n\n<h1 class=\"wp-block-heading has-text-align-center\">Contattaci<\/h1>\n\n\n\n<p class=\"has-text-align-center\">Non esitare a chiamarci o scriverci per porre qualsiasi domanda.<br>Il team di NeuronUP sar\u00e0 lieto di aiutarti.<\/p>\n\n\n\n<div class=\"wp-block-columns alignwide is-layout-flex wp-container-core-columns-is-layout-9d6595d7 wp-block-columns-is-layout-flex\">\n<div class=\"wp-block-column testimonial-block p-3 br-0101 is-layout-flow wp-block-column-is-layout-flow\">\n<h2 class=\"wp-block-heading has-text-align-center has-xl-font-size has-xl-margin-top\">Vendite<\/h2>\n\n\n\n<p>Risolvi i tuoi dubbi, scopri di pi\u00f9 su NeuronUP oppure prenota una videochiamata per imparare ad usare la nostra piattaforma.<\/p>\n\n\n\n<p class=\"has-text-align-center has-primary-color has-text-color\"><a href=\"tel:+34676842914\" data-type=\"tel\" data-id=\"tel:+393514085110\">+34 676842914<\/a><\/p>\n<\/div>\n\n\n\n<div class=\"wp-block-column testimonial-block p-3 br-0101 is-layout-flow wp-block-column-is-layout-flow\">\n<h2 class=\"wp-block-heading has-text-align-center has-xl-font-size has-xl-margin-top\">Assistenza e supporto<\/h2>\n\n\n\n<p>Hai problemi tecnici o dubbi sul funzionamento di NeuronUP? Possiamo aiutarti.<\/p>\n\n\n\n<p class=\"has-text-align-center has-primary-color has-text-color\"><a href=\"tel:+393514848639\" data-type=\"tel\" data-id=\"tel:+393514085110\"><a href=\"tel:+34676842914\" data-type=\"tel\" data-id=\"tel:+393514085110\">+34 676842914<\/a><\/a><\/p>\n\n\n\n<div class=\"wp-block-buttons is-vertical is-content-justification-center is-layout-flex wp-container-core-buttons-is-layout-4b2eccd6 wp-block-buttons-is-layout-flex\">\n<div class=\"wp-block-button\"><a class=\"wp-block-button__link button button-link wp-element-button\" href=\"mailto:neuronup.it@neuronup.com\">neuronup.it@neuronup.com<\/a><\/div>\n<\/div>\n<\/div>\n\n\n\n<div class=\"wp-block-column testimonial-block p-3 br-0101 is-layout-flow wp-block-column-is-layout-flow\">\n<h2 class=\"wp-block-heading has-text-align-center has-xl-font-size has-xl-margin-top\">Fatturazione<\/h2>\n\n\n\n<p>Se hai bisogno di modificare la fattura o hai riscontrato un problema nella fatturazione, faccelo sapere e ti aiuteremo a gestirlo.<\/p>\n\n\n\n<p class=\"has-text-align-center has-primary-color has-text-color\"><a href=\"tel:+393514848639\" data-type=\"tel\" data-id=\"tel:+393514085110\"><a href=\"tel:+34676842914\" data-type=\"tel\" data-id=\"tel:+393514085110\">+34 676842914<\/a><\/a><\/p>\n\n\n\n<div class=\"wp-block-buttons is-content-justification-center is-layout-flex wp-container-core-buttons-is-layout-16018d1d wp-block-buttons-is-layout-flex\">\n<div class=\"wp-block-button\"><a class=\"wp-block-button__link button button-link wp-element-button\" href=\"mailto:neuronup.it@neuronup.com\">neuronup.it@neuronup.com<\/a><\/div>\n<\/div>\n<\/div>\n\n\n\n<div class=\"wp-block-column testimonial-block p-3 br-0101 is-layout-flow wp-block-column-is-layout-flow\">\n<h2 class=\"wp-block-heading has-text-align-center has-xl-font-size has-xl-margin-top\">Suggerimenti<\/h2>\n\n\n\n<p>Insieme, facciamo crescere NeuronUP. Se hai creato manualmente un&#8217;attivit\u00e0 per i tuoi utenti e vuoi che la digitalizziamo, scrivici e studieremo la possibilit\u00e0 di inserirla nella piattaforma.<\/p>\n\n\n\n<div class=\"wp-block-buttons is-content-justification-center is-layout-flex wp-container-core-buttons-is-layout-16018d1d wp-block-buttons-is-layout-flex\">\n<div class=\"wp-block-button\"><a class=\"wp-block-button__link button button-link wp-element-button\" href=\"mailto:neuronup.it@neuronup.com\">neuronup.it@neuronup.com<\/a><\/div>\n<\/div>\n<\/div>\n<\/div>\n\n\n\n<div style=\"height:60px\" aria-hidden=\"true\" class=\"wp-block-spacer\"><\/div>\n\n\n\n<p class=\"anims-fadein-up\"><img decoding=\"async\" style=\"width: 32px;\" src=\"https:\/\/neuronup.com\/it\/wp-content\/uploads\/2024\/01\/SIMBOLI-DI-SUPPORTO-AL-TEMPO.svg\" alt=\"icono horario\"> <strong style=\"color:#00abc7;\">&nbsp;<strong>Orario di servizio al cliente<\/strong>:<\/strong><strong> dal luned\u00ec al gioved\u00ec dalle 9.00 alle 17.00 e il venerd\u00ec dalla 9.00 alle 15.00 (GMT+1)<\/strong> Puoi contare su tecnici competenti e disponibili, in grado di offrirti un supporto concreto grazie alla loro esperienza e all\u2019uso delle migliori tecnologie.<\/p>\n\n\n\n<div style=\"height:60px\" aria-hidden=\"true\" class=\"wp-block-spacer\"><\/div>\n\n\n\n<div class=\"wp-block-columns alignwide anims-fadein-up is-layout-flex wp-container-core-columns-is-layout-9d6595d7 wp-block-columns-is-layout-flex\">\n<div class=\"wp-block-column br-0111 p-5 particle-bg has-primary-background-color has-background is-layout-flow wp-block-column-is-layout-flow\">\n<h2 class=\"wp-block-heading has-white-color has-text-color\"><strong>Informazioni<\/strong><\/h2>\n\n\n\n<p class=\"has-white-color has-text-color\"><strong><strong>Vuoi saperne di pi\u00f9 su NeuronUP?<\/strong><\/strong><\/p>\n\n\n\n<p class=\"has-white-color has-text-color\">Compila il modulo e il nostro team<br>ti contatter\u00e0.<\/p>\n\n\n\n<div class=\"wp-block-buttons is-layout-flex wp-block-buttons-is-layout-flex\">\n<div class=\"wp-block-button--1\" style=\"--button-outline-color:var(--color-white);--button-outline-color-hover:rgba(0,0,0,0.8);\"><a class=\"wp-block-button__link button button-outline   wp-element-button\" href=\"https:\/\/neuronup.com\/it\/richiesta-di-informazioni\/\">Richiedi informazioni<\/a><\/div>\n\n<\/div>\n<\/div>\n\n\n\n<div class=\"wp-block-column br-0111 p-5 particle-bg has-primary-background-color has-background is-layout-flow wp-block-column-is-layout-flow\">\n<h2 class=\"wp-block-heading has-white-color has-text-color\"><strong>Non sai a quale reparto rivolgerti?<\/strong><\/h2>\n\n\n\n<p class=\"has-white-color has-text-color has-link-color wp-elements-7156ba4430133bbce6963a7a5ad7643e\">Chiamaci e ti metteremo in contatto con la<br>persona giusta<\/p>\n\n\n\n<div class=\"wp-block-buttons is-layout-flex wp-block-buttons-is-layout-flex\">\n<div class=\"wp-block-button--2\" style=\"--button-outline-color:var(--color-white);--button-outline-color-hover:rgba(0,0,0,0.8);\"><a class=\"wp-block-button__link button button-outline   wp-element-button\" href=\"tel:+393514085110\">Chiama ora<\/a><\/div>\n\n<\/div>\n<\/div>\n<\/div>\n\n\n\n<h2 class=\"wp-block-heading has-text-align-center anims-fadein-up has-xxxxl-margin-top has-xl-margin-bottom\">Vi supportiamo da<\/h2>\n\n\n\n<div id=\"map\" class=\"anims-fadein-up br-0101 alignwide\"><\/div>\n\n\n\n<div style=\"height:100px\" aria-hidden=\"true\" class=\"wp-block-spacer\"><\/div>\n\n\n","protected":false},"excerpt":{"rendered":"<p>Contattaci Non esitare a chiamarci o scriverci per porre qualsiasi domanda.Il team di NeuronUP sar\u00e0 lieto di aiutarti. Vendite Risolvi i tuoi dubbi, scopri di pi\u00f9 su NeuronUP oppure prenota una videochiamata per imparare ad usare la nostra piattaforma. +34 676842914 Assistenza e supporto Hai problemi tecnici o dubbi sul funzionamento di NeuronUP? Possiamo aiutarti. &hellip;<\/p>\n","protected":false},"author":7,"featured_media":0,"parent":0,"menu_order":0,"comment_status":"closed","ping_status":"closed","template":"","meta":{"_acf_changed":false,"_genesis_hide_title":false,"_genesis_hide_breadcrumbs":false,"_genesis_hide_singular_image":false,"_genesis_hide_footer_widgets":false,"_genesis_custom_body_class":"nup-style","_genesis_custom_post_class":"","_genesis_layout":"wide-content","footnotes":""},"class_list":{"1":"page","2":"type-page","5":"entry"},"acf":[],"_links":{"self":[{"href":"https:\/\/neuronup.com\/it\/wp-json\/wp\/v2\/pages\/12179","targetHints":{"allow":["GET"]}}],"collection":[{"href":"https:\/\/neuronup.com\/it\/wp-json\/wp\/v2\/pages"}],"about":[{"href":"https:\/\/neuronup.com\/it\/wp-json\/wp\/v2\/types\/page"}],"author":[{"embeddable":true,"href":"https:\/\/neuronup.com\/it\/wp-json\/wp\/v2\/users\/7"}],"replies":[{"embeddable":true,"href":"https:\/\/neuronup.com\/it\/wp-json\/wp\/v2\/comments?post=12179"}],"version-history":[{"count":0,"href":"https:\/\/neuronup.com\/it\/wp-json\/wp\/v2\/pages\/12179\/revisions"}],"wp:attachment":[{"href":"https:\/\/neuronup.com\/it\/wp-json\/wp\/v2\/media?parent=12179"}],"curies":[{"name":"wp","href":"https:\/\/api.w.org\/{rel}","templated":true}]}}