{"id":46901,"date":"2026-02-13T13:07:27","date_gmt":"2026-02-13T11:07:27","guid":{"rendered":"https:\/\/neuronup.com\/fr\/?page_id=46901"},"modified":"2026-02-13T13:29:16","modified_gmt":"2026-02-13T11:29:16","slug":"manuels-dutilisation-de-neuronup","status":"publish","type":"page","link":"https:\/\/neuronup.com\/fr\/manuels-dutilisation-de-neuronup\/","title":{"rendered":"Manuels d\u2019utilisation de NeuronUP"},"content":{"rendered":"\n<h1 class=\"wp-block-heading has-text-align-center has-xxxl-margin-bottom\">Manuels d\u2019utilisation de NeuronUP<\/h1>\n\n\n\n<div class=\"wp-block-columns is-layout-flex wp-container-core-columns-is-layout-9d6595d7 wp-block-columns-is-layout-flex\">\n<div class=\"wp-block-column is-layout-flow wp-block-column-is-layout-flow\">\n<div style=\"height:20px\" aria-hidden=\"true\" class=\"wp-block-spacer\"><\/div>\n\n\n\n<h2 class=\"wp-block-heading has-text-align-center\">Manuel d\u2019utilisation de <br><strong>NeuronUP R\u00e9\u00e9ducation<\/strong><\/h2>\n\n\n\n<figure class=\"wp-block-image size-full is-resized\"><img decoding=\"async\" width=\"2560\" height=\"1707\" src=\"https:\/\/neuronup.com\/fr\/wp-content\/uploads\/2026\/02\/Imagen-Manual-Rehab-1-scaled.webp\" alt=\"Manuel d\u2019utilisation de \nNeuronUP R\u00e9\u00e9ducation\" class=\"wp-image-46903\" style=\"aspect-ratio:1.500039591416581;width:536px;height:auto\" srcset=\"https:\/\/neuronup.com\/fr\/wp-content\/uploads\/2026\/02\/Imagen-Manual-Rehab-1-300x200.webp 300w, https:\/\/neuronup.com\/fr\/wp-content\/uploads\/2026\/02\/Imagen-Manual-Rehab-1-768x512.webp 768w, https:\/\/neuronup.com\/fr\/wp-content\/uploads\/2026\/02\/Imagen-Manual-Rehab-1-1024x683.webp 1024w, https:\/\/neuronup.com\/fr\/wp-content\/uploads\/2026\/02\/Imagen-Manual-Rehab-1-1536x1024.webp 1536w, https:\/\/neuronup.com\/fr\/wp-content\/uploads\/2026\/02\/Imagen-Manual-Rehab-1-2048x1365.webp 2048w, https:\/\/neuronup.com\/fr\/wp-content\/uploads\/2026\/02\/Imagen-Manual-Rehab-1-scaled.webp 2560w\" sizes=\"(max-width: 2560px) 100vw, 2560px\" \/><\/figure>\n\n\n\n<div style=\"height:30px\" aria-hidden=\"true\" class=\"wp-block-spacer\"><\/div>\n\n\n\n<p>T\u00e9l\u00e9chargez gratuitement ce <strong>manuel complet<\/strong> pour apprendre <br>\u00e0 exploiter pleinement NeuronUP R\u00e9\u00e9ducation dans votre pratique clinique. <br>Apprenez \u00e0 :<\/p>\n\n\n\n<ul class=\"wp-block-list\">\n<li>Personnaliser les activit\u00e9s th\u00e9rapeutiques,<\/li>\n\n\n\n<li>Cr\u00e9er et g\u00e9rer un profil patient,<\/li>\n\n\n\n<li>Organiser vos s\u00e9ances et programmes de r\u00e9\u00e9ducation,<\/li>\n\n\n\n<li>Mettre en place un suivi \u00e0 distance,<\/li>\n\n\n\n<li>Mettre en \u0153uvre une prise en charge groupale,<\/li>\n\n\n\n<li>Accompagner plusieurs patients simultan\u00e9ment.<\/li>\n<\/ul>\n\n\n\n<div class=\"wp-block-buttons is-layout-flex wp-block-buttons-is-layout-flex\">\n<div class=\"wp-block-button\"><a class=\"wp-block-button__link button button-link wp-element-button\" href=\"https:\/\/neuronup.com\/fr\/wp-content\/uploads\/2025\/11\/Manuel_d_utilisation_NeuronUP_Rehab.pdf\">T\u00e9l\u00e9charger le manuel d\u2019utilisation de NeuronUP R\u00e9\u00e9ducation<\/a><\/div>\n<\/div>\n<\/div>\n\n\n\n<div class=\"wp-block-column is-layout-flow wp-block-column-is-layout-flow\">\n<div style=\"height:20px\" aria-hidden=\"true\" class=\"wp-block-spacer\"><\/div>\n\n\n\n<h2 class=\"wp-block-heading has-text-align-center\">Manuel d\u2019utilisation de <br><strong>NeuronUP \u00c9valuation<\/strong><\/h2>\n\n\n\n<figure class=\"wp-block-image size-large is-resized\"><img decoding=\"async\" width=\"1024\" height=\"683\" src=\"https:\/\/neuronup.com\/fr\/wp-content\/uploads\/2026\/02\/Imagen-Manual-Assessment-1-1024x683.webp\" alt=\"Manuel d\u2019utilisation de \nNeuronUP \u00c9valuation\" class=\"wp-image-46904\" style=\"width:536px\" srcset=\"https:\/\/neuronup.com\/fr\/wp-content\/uploads\/2026\/02\/Imagen-Manual-Assessment-1-300x200.webp 300w, https:\/\/neuronup.com\/fr\/wp-content\/uploads\/2026\/02\/Imagen-Manual-Assessment-1-768x512.webp 768w, https:\/\/neuronup.com\/fr\/wp-content\/uploads\/2026\/02\/Imagen-Manual-Assessment-1-1024x683.webp 1024w, https:\/\/neuronup.com\/fr\/wp-content\/uploads\/2026\/02\/Imagen-Manual-Assessment-1-1536x1024.webp 1536w, https:\/\/neuronup.com\/fr\/wp-content\/uploads\/2026\/02\/Imagen-Manual-Assessment-1-2048x1365.webp 2048w\" sizes=\"(max-width: 1024px) 100vw, 1024px\" \/><\/figure>\n\n\n\n<div style=\"height:30px\" aria-hidden=\"true\" class=\"wp-block-spacer\"><\/div>\n\n\n\n<p>T\u00e9l\u00e9chargez gratuitement ce <strong>manuel complet<\/strong> pour apprendre \u00e0 exploiter pleinement <br>NeuronUP \u00c9valuation dans votre pratique clinique.<br>Apprenez \u00e0 :<\/p>\n\n\n\n<ul class=\"wp-block-list\">\n<li>Cr\u00e9er et g\u00e9rer un profil patient,<\/li>\n\n\n\n<li>Administrer des tests d\u2019\u00e9valuation neuropsychologique,<\/li>\n\n\n\n<li>Utiliser des batteries d\u2019\u00e9valuation,<\/li>\n\n\n\n<li>Personnaliser un protocole d\u2019\u00e9valuation,<\/li>\n\n\n\n<li>Interpr\u00e9ter les r\u00e9sultats cliniques,<\/li>\n\n\n\n<li>G\u00e9n\u00e9rer des comptes rendus professionnels.<\/li>\n<\/ul>\n\n\n\n<div class=\"wp-block-buttons is-layout-flex wp-block-buttons-is-layout-flex\">\n<div class=\"wp-block-button alignleft\"><a class=\"wp-block-button__link button button-link wp-element-button\" href=\"https:\/\/neuronup.com\/fr\/wp-content\/uploads\/2026\/02\/FR_NUP_NeuronUP-Assessment.pdf\" target=\"_blank\" rel=\"noreferrer noopener\">T\u00e9l\u00e9charger le manuel d\u2019utilisation de NeuronUP \u00c9valuation<\/a><\/div>\n<\/div>\n<\/div>\n<\/div>\n\n\n\n<div style=\"height:80px\" aria-hidden=\"true\" class=\"wp-block-spacer\"><\/div>\n","protected":false},"excerpt":{"rendered":"<p>Manuels d\u2019utilisation de NeuronUP Manuel d\u2019utilisation de NeuronUP R\u00e9\u00e9ducation T\u00e9l\u00e9chargez gratuitement ce manuel complet pour apprendre \u00e0 exploiter pleinement NeuronUP R\u00e9\u00e9ducation dans votre pratique clinique. Apprenez \u00e0 : Manuel d\u2019utilisation de NeuronUP \u00c9valuation T\u00e9l\u00e9chargez gratuitement ce manuel complet pour apprendre \u00e0 exploiter pleinement NeuronUP \u00c9valuation dans votre pratique clinique.Apprenez \u00e0 :<\/p>\n","protected":false},"author":7,"featured_media":0,"parent":0,"menu_order":0,"comment_status":"closed","ping_status":"closed","template":"","meta":{"_acf_changed":false,"_genesis_hide_title":false,"_genesis_hide_breadcrumbs":false,"_genesis_hide_singular_image":false,"_genesis_hide_footer_widgets":false,"_genesis_custom_body_class":"","_genesis_custom_post_class":"","_genesis_layout":"wide-content","footnotes":""},"class_list":{"1":"page","2":"type-page","5":"entry"},"acf":[],"_links":{"self":[{"href":"https:\/\/neuronup.com\/fr\/wp-json\/wp\/v2\/pages\/46901","targetHints":{"allow":["GET"]}}],"collection":[{"href":"https:\/\/neuronup.com\/fr\/wp-json\/wp\/v2\/pages"}],"about":[{"href":"https:\/\/neuronup.com\/fr\/wp-json\/wp\/v2\/types\/page"}],"author":[{"embeddable":true,"href":"https:\/\/neuronup.com\/fr\/wp-json\/wp\/v2\/users\/7"}],"replies":[{"embeddable":true,"href":"https:\/\/neuronup.com\/fr\/wp-json\/wp\/v2\/comments?post=46901"}],"version-history":[{"count":0,"href":"https:\/\/neuronup.com\/fr\/wp-json\/wp\/v2\/pages\/46901\/revisions"}],"wp:attachment":[{"href":"https:\/\/neuronup.com\/fr\/wp-json\/wp\/v2\/media?parent=46901"}],"curies":[{"name":"wp","href":"https:\/\/api.w.org\/{rel}","templated":true}]}}