{"id":46769,"date":"2026-01-21T13:12:33","date_gmt":"2026-01-21T11:12:33","guid":{"rendered":"https:\/\/neuronup.com\/fr\/?page_id=46769"},"modified":"2026-01-29T17:56:59","modified_gmt":"2026-01-29T15:56:59","slug":"ambassadeur-neuronup","status":"publish","type":"page","link":"https:\/\/neuronup.com\/fr\/solutions-de-neurorehabilitation\/ambassadeur-neuronup\/","title":{"rendered":"Ambassadeur NeuronUP"},"content":{"rendered":"\n<div class=\"wp-block-cover alignfull has-lg-content-width has-md-padding-top has-md-padding-bottom has-sm-padding-left has-sm-padding-right\" style=\"min-height:228px;aspect-ratio:unset;--cover-block-justify-content:center;\"><span aria-hidden=\"true\" class=\"wp-block-cover__background has-primary-background-color has-background-dim-100 has-background-dim\"><\/span><div class=\"wp-block-cover__inner-container is-layout-constrained wp-block-cover-is-layout-constrained\">\n<h1 class=\"wp-block-heading has-text-align-center has-xxl-font-size\"><strong>Programme ambassadeur NeuronUP : <\/strong>                                     Valoriser l\u2019expertise des professionnels et co-construire l\u2019\u00e9volution de la rem\u00e9diation cognitive<\/h1>\n<\/div><\/div>\n\n\n\n<div style=\"height:84px\" aria-hidden=\"true\" class=\"wp-block-spacer\"><\/div>\n\n\n\n<div class=\"wp-block-columns is-layout-flex wp-container-core-columns-is-layout-9d6595d7 wp-block-columns-is-layout-flex\">\n<div class=\"wp-block-column is-layout-flow wp-block-column-is-layout-flow\" style=\"flex-basis:50%\">\n\n\n<h2 class=\"wp-block-heading has-text-align-center has-xl-font-size\">Partagez votre exp\u00e9rience, gagnez en visibilit\u00e9 professionnelle<strong> <\/strong>et participez activement <strong>aux \u00e9volutions de NeuronUP.<\/strong><\/h2>\n\n\n\n<div class=\"wp-block-buttons is-layout-flex wp-block-buttons-is-layout-flex\">\n<div class=\"wp-block-button\"><a class=\"wp-block-button__link button wp-element-button\" href=\"https:\/\/neuronup1.typeform.com\/to\/s4vuZJmd?utm_country=FR&amp;utm_first_source=Web&amp;utm_first_campaign_name=Request_ambassador\"><strong><strong>Rejoindre le programme<\/strong><\/strong><\/a><\/div>\n\n\n\n<div class=\"wp-block-button\" style=\"--button-background:var(--color-custom-1);--button-background-hover:#cc7e00;\"><a class=\"wp-block-button__link button   wp-element-button\" href=\"https:\/\/neuronup1.typeform.com\/to\/s4vuZJmd?utm_country=FR&#038;utm_first_source=Web&#038;utm_first_campaign_name=Request_ambassador\"><strong><strong>D\u00e9couvrir les avantages<\/strong><\/strong><\/a><\/div>\n\n<\/div>\n<\/div>\n\n\n\n<div class=\"wp-block-column relative is-layout-flow wp-block-column-is-layout-flow\" style=\"flex-basis:50%\"><div class=\"wp-block-image image-interface absolute-l image-interface animate-scroll\">\n<figure class=\"aligncenter size-full is-resized\"><img decoding=\"async\" width=\"1000\" height=\"679\" src=\"https:\/\/neuronup.com\/fr\/wp-content\/uploads\/2024\/11\/neuronup-multiformato.webp\" alt=\"\u00c9cran d&#039;ordinateur et tablette affichant des activit\u00e9s \u00e9ducatives num\u00e9riques, ic\u00f4nes illustratives et carnet avec crayon sur le bureau.\" class=\"wp-image-35744\" style=\"aspect-ratio:1.4727696793002916;width:342px;height:auto\" srcset=\"https:\/\/neuronup.com\/fr\/wp-content\/uploads\/2024\/11\/neuronup-multiformato-300x204.webp 300w, https:\/\/neuronup.com\/fr\/wp-content\/uploads\/2024\/11\/neuronup-multiformato-768x521.webp 768w, https:\/\/neuronup.com\/fr\/wp-content\/uploads\/2024\/11\/neuronup-multiformato.webp 1000w\" sizes=\"(max-width: 1000px) 100vw, 1000px\" \/><\/figure>\n<\/div><\/div>\n<\/div>\n\n\n\n<div style=\"height:27px\" aria-hidden=\"true\" class=\"wp-block-spacer\"><\/div>\n\n\n\n<div style=\"height:68px\" aria-hidden=\"true\" class=\"wp-block-spacer\"><\/div>\n\n\n\n<div class=\"wp-block-group alignfull back-blue has-alt-background-color has-background has-light-background has-sm-padding-top has-lg-padding-bottom has-no-margin-top\"><div class=\"wp-block-group__inner-container is-layout-flow wp-block-group-is-layout-flow\">\n<h1 class=\"wp-block-heading has-text-align-center has-lg-font-size\"><strong>Pourquoi devenir Ambassadeur NeuronUP ?<\/strong><\/h1>\n\n\n<div class=\"wp-block-image\">\n<figure class=\"aligncenter size-full is-resized\"><img decoding=\"async\" width=\"546\" height=\"418\" src=\"https:\/\/neuronup.com\/fr\/wp-content\/uploads\/2024\/11\/Produit-NeuronUP-Score.webp\" alt=\"Tableau de bord d'une application d'\u00e9valuations cognitives montrant des noms d'utilisateurs et des scores en pourcentage.\" class=\"wp-image-35881\" style=\"aspect-ratio:1.3062315427460656;width:414px;height:auto\" srcset=\"https:\/\/neuronup.com\/fr\/wp-content\/uploads\/2024\/11\/Produit-NeuronUP-Score-300x230.webp 300w, https:\/\/neuronup.com\/fr\/wp-content\/uploads\/2024\/11\/Produit-NeuronUP-Score.webp 546w\" sizes=\"(max-width: 546px) 100vw, 546px\" \/><\/figure>\n<\/div>\n\n\n<div style=\"height:25px\" aria-hidden=\"true\" class=\"wp-block-spacer\"><\/div>\n\n\n\n<h2 class=\"wp-block-heading has-text-align-center\">NeuronUP \u00e9volue gr\u00e2ce aux <strong>retours d\u2019exp\u00e9rience des professionnels<\/strong> qui l\u2019utilisent au quotidien.<\/h2>\n\n\n\n<div style=\"height:50px\" aria-hidden=\"true\" class=\"wp-block-spacer\"><\/div>\n\n\n\n<div class=\"wp-block-columns is-layout-flex wp-container-core-columns-is-layout-9d6595d7 wp-block-columns-is-layout-flex\">\n<div class=\"wp-block-column is-vertically-aligned-center is-layout-flow wp-block-column-is-layout-flow\">\n<div class=\"wp-block-group\"><div class=\"wp-block-group__inner-container is-layout-flow wp-block-group-is-layout-flow\">\n<p class=\"has-text-align-center has-xl-font-size\"><strong>Vous utilisez NeuronUP r\u00e9guli\u00e8rement et souhaitez contribuer \u00e0 son \u00e9volution ?<\/strong><\/p>\n\n\n\n<ul class=\"wp-block-list has-heading-color has-text-color\">\n<li>Vous candidatez (2 min)<\/li>\n\n\n\n<li>\u00c9change de cadrage (15\u201320 min)<\/li>\n\n\n\n<li>On planifie vos contributions (sur 3\u20136 mois)<\/li>\n\n\n\n<li>Mise en avant + Ambassador Council trimestriel<\/li>\n<\/ul>\n\n\n<\/div><\/div>\n<\/div>\n\n\n\n<div class=\"wp-block-column is-vertically-aligned-center is-layout-flow wp-block-column-is-layout-flow\">\n<p class=\"has-text-align-center has-xl-font-size\"><strong>CE QUE FONT NOS AMBASSADEURS<\/strong><\/p>\n\n\n\n<p class=\"has-text-align-center\">Les ambassadeurs partagent leur exp\u00e9rience et participent activement \u00e0 la valorisation des usages professionnels de NeuronUP. <\/p>\n<\/div>\n<\/div>\n\n\n\n<div class=\"wp-block-columns is-layout-flex wp-container-core-columns-is-layout-9d6595d7 wp-block-columns-is-layout-flex\">\n<div class=\"wp-block-column is-layout-flow wp-block-column-is-layout-flow\">\n<div class=\"wp-block-buttons is-content-justification-center is-layout-flex wp-container-core-buttons-is-layout-16018d1d wp-block-buttons-is-layout-flex\">\n<div class=\"wp-block-button is-style-default\" style=\"--button-background:var(--color-custom-1);--button-background-hover:#cc7e00;\"><a class=\"wp-block-button__link button   has-text-align-center wp-element-button\" href=\"https:\/\/neuronup1.typeform.com\/to\/s4vuZJmd?utm_country=FR&#038;utm_first_source=Web&#038;utm_first_campaign_name=Request_ambassador\"><strong><strong>Je souhaite participer<\/strong><\/strong><\/a><\/div>\n\n<\/div>\n<\/div>\n\n\n\n<div class=\"wp-block-column is-layout-flow wp-block-column-is-layout-flow\">\n<div class=\"wp-block-buttons is-content-justification-center is-layout-flex wp-container-core-buttons-is-layout-16018d1d wp-block-buttons-is-layout-flex\">\n<div class=\"wp-block-button\"><a class=\"wp-block-button__link button has-text-align-center wp-element-button\" href=\"https:\/\/neuronup1.typeform.com\/to\/s4vuZJmd?utm_country=FR&#038;utm_first_source=Web&#038;utm_first_campaign_name=Request_ambassador\"><strong>D\u00e9couvrir les avantages<\/strong><\/a><\/div>\n<\/div>\n<\/div>\n<\/div>\n<\/div><\/div>\n\n\n\n\n<div style=\"height:24px\" aria-hidden=\"true\" class=\"wp-block-spacer\"><\/div>\n\n\n\n<h2 class=\"wp-block-heading has-text-align-center has-xl-font-size\">\u00a0Le Programme Ambassadeur valorise les usages, connecte les pairs et <strong>acc\u00e9l\u00e8re l\u2019\u00e9volution de la plateforme.<\/strong><\/h2>\n\n\n\n<div style=\"height:50px\" aria-hidden=\"true\" class=\"wp-block-spacer\"><\/div>\n\n\n\n<div class=\"wp-block-columns is-layout-flex wp-container-core-columns-is-layout-9d6595d7 wp-block-columns-is-layout-flex\">\n<div class=\"wp-block-column testimonial-block p-5 is-layout-flow wp-block-column-is-layout-flow\"><div class=\"wp-block-image is-style-default\">\n<figure class=\"aligncenter size-full is-resized\"><img decoding=\"async\" width=\"301\" height=\"151\" src=\"https:\/\/neuronup.com\/fr\/wp-content\/uploads\/2025\/03\/seguimiento-del-alumno.webp\" alt=\"Graphique \u00e0 barres illustrant des donn\u00e9es d\u2019\u00e9l\u00e8ve, feuille avec liste et cases \u00e0 cocher, tons bleu et turquoise.\" class=\"wp-image-37501\" style=\"aspect-ratio:1.9934802856255822;width:229px;height:auto\"\/><\/figure>\n<\/div>\n\n\n<h3 class=\"wp-block-heading has-text-align-center\"><strong><strong>Visibilit\u00e9 professionnelle<\/strong><\/strong><\/h3>\n\n\n\n<p class=\"has-text-align-center\"><strong>Mise en avant de votre structure<\/strong> et de vos pratiques sur le site NeuronUP France.<br><\/p>\n<\/div>\n\n\n\n<div class=\"wp-block-column testimonial-block p-5 is-layout-flow wp-block-column-is-layout-flow\"><div class=\"wp-block-image\">\n<figure class=\"aligncenter size-full is-resized\"><img decoding=\"async\" width=\"301\" height=\"151\" src=\"https:\/\/neuronup.com\/fr\/wp-content\/uploads\/2025\/03\/multiformato.webp\" alt=\"Trois ic\u00f4nes illustrant l\u2019interaction tactile, l\u2019\u00e9cran d\u2019ordinateur et une feuille de papier avec stylo.\" class=\"wp-image-37500\" style=\"aspect-ratio:1.9934802856255822;width:205px;height:auto\"\/><\/figure>\n<\/div>\n\n\n<h3 class=\"wp-block-heading has-text-align-center\"><strong>Ambassador Council<\/strong><\/h3>\n\n\n\n<p class=\"has-text-align-center\">Acc\u00e8s \u00e0 des \u00e9changes trimestriels avec l\u2019\u00e9quipe NeuronUP : <strong>nouveaut\u00e9s produit, retours d\u2019usage et discussions collectives<\/strong>.<\/p>\n<\/div>\n<\/div>\n\n\n\n<div style=\"height:51px\" aria-hidden=\"true\" class=\"wp-block-spacer\"><\/div>\n\n\n\n<div class=\"wp-block-columns testimonial-block p-5 is-layout-flex wp-container-core-columns-is-layout-9d6595d7 wp-block-columns-is-layout-flex\">\n<div class=\"wp-block-column is-layout-flow wp-block-column-is-layout-flow\" style=\"flex-basis:30%\"><div class=\"wp-block-image\">\n<figure class=\"aligncenter size-full is-resized\"><img decoding=\"async\" width=\"301\" height=\"151\" src=\"https:\/\/neuronup.com\/fr\/wp-content\/uploads\/2025\/03\/estudiantes-ilimitados.webp\" alt=\"Plusieurs personnages bleus lisent des livres, chacun tenant un livre ouvert, symbolisant la lecture collective et l&#039;apprentissage en groupe.\" class=\"wp-image-37497\" style=\"aspect-ratio:1.9934802856255822;width:201px;height:auto\"\/><\/figure>\n<\/div><\/div>\n\n\n\n<div class=\"wp-block-column is-layout-flow wp-block-column-is-layout-flow\" style=\"flex-basis:70%\">\n<h3 class=\"wp-block-heading has-text-align-center\"><strong>Ressources d\u00e9di\u00e9es<\/strong><\/h3>\n\n\n\n<p class=\"has-text-align-center\">Badge Centre partenaire \/ Ambassadeur NeuronUP. <strong>Kit de communication NeuronUP<\/strong> \u00e0 destination des patients et coll\u00e8gues.<\/p>\n<\/div>\n<\/div>\n\n\n\n<div style=\"height:68px\" aria-hidden=\"true\" class=\"wp-block-spacer\"><\/div>\n\n\n\n<div class=\"wp-block-group alignfull has-background\" style=\"background-color:#dff3f6\"><div class=\"wp-block-group__inner-container is-layout-flow wp-block-group-is-layout-flow\">\n<div style=\"height:50px\" aria-hidden=\"true\" class=\"wp-block-spacer\"><\/div>\n\n\n\n<div class=\"wp-block-columns is-layout-flex wp-container-core-columns-is-layout-9d6595d7 wp-block-columns-is-layout-flex\">\n<div class=\"wp-block-column is-layout-flow wp-block-column-is-layout-flow\" style=\"flex-basis:33.33%\"><div class=\"wp-block-image\">\n<figure class=\"aligncenter size-full is-resized\"><img decoding=\"async\" width=\"724\" height=\"1024\" src=\"https:\/\/neuronup.com\/fr\/wp-content\/uploads\/2025\/08\/Affiches-Ici-nous-travaillons-avec-Adultos-image.webp\" alt=\"Promotion NeuronUP montrant ordinateur portable avec l\u2019interface, tablette et smartphone affichant les apps; logo en haut.\" class=\"wp-image-41723\" style=\"aspect-ratio:0.770836512344737;width:352px;height:auto\" srcset=\"https:\/\/neuronup.com\/fr\/wp-content\/uploads\/2025\/08\/Affiches-Ici-nous-travaillons-avec-Adultos-image-212x300.webp 212w, https:\/\/neuronup.com\/fr\/wp-content\/uploads\/2025\/08\/Affiches-Ici-nous-travaillons-avec-Adultos-image.webp 724w\" sizes=\"(max-width: 724px) 100vw, 724px\" \/><\/figure>\n<\/div><\/div>\n\n\n\n<div class=\"wp-block-column is-layout-flow wp-block-column-is-layout-flow\" style=\"flex-basis:66.66%\">\n<h4 class=\"wp-block-heading has-text-align-left has-xl-margin-bottom\"><strong>Des milliers de professionnels font d\u00e9j\u00e0 \u00e9voluer NeuronUP par leurs retours.<\/strong><\/h4>\n\n\n\n<blockquote class=\"wp-block-quote is-style-default is-layout-flow wp-block-quote-is-layout-flow\">\n<p>NeuronUP est d\u00e9j\u00e0 utilis\u00e9e par plus de <strong>7 000 professionnels<\/strong> dans <strong>75+ pays<\/strong>, en h\u00f4pitaux, SSR, EHPAD et cabinets lib\u00e9raux.<\/p>\n\n\n\n\n\n<p><br>Certifi\u00e9e <strong>ISO 27001<\/strong>, labellis\u00e9e <strong>PME innovante<\/strong> et laur\u00e9ate du <strong>prix PME de l\u2019ann\u00e9e<\/strong>, la plateforme r\u00e9pond aux exigences des structures de sant\u00e9 en mati\u00e8re de s\u00e9curit\u00e9 et de fiabilit\u00e9.<\/p>\n<\/blockquote>\n\n\n\n\n\n<blockquote class=\"wp-block-quote is-style-default is-layout-flow wp-block-quote-is-layout-flow\">\n<p><em>\u00ab Avant NeuronUP, je passais des heures \u00e0 pr\u00e9parer mes s\u00e9ances. Aujourd\u2019hui, en 15 minutes j\u2019ai un programme complet, adapt\u00e9 au profil cognitif de chaque patient. \u00bb<\/em><br><strong>Neuropsychologue, service de SSR neurologique<\/strong><\/p>\n<\/blockquote>\n<\/div>\n<\/div>\n\n\n\n<div style=\"height:50px\" aria-hidden=\"true\" class=\"wp-block-spacer\"><\/div>\n<\/div><\/div>\n\n\n\n<div style=\"height:81px\" aria-hidden=\"true\" class=\"wp-block-spacer\"><\/div>\n\n\n\n<div class=\"wp-block-columns is-layout-flex wp-container-core-columns-is-layout-9d6595d7 wp-block-columns-is-layout-flex\">\n<div class=\"wp-block-column testimonial-block p-5 is-layout-flow wp-block-column-is-layout-flow\">\n<h3 class=\"wp-block-heading has-text-align-center has-heading-color has-text-color\"><strong><strong>Envie de rejoindre le Programme Ambassadeur ?<\/strong><\/strong><\/h3>\n\n\n\n<p class=\"has-text-align-left has-custom-2-color has-text-color\"><strong><strong>Remplissez le formulaire pour nous en dire plus sur votre utilisation de NeuronUP.<\/strong><\/strong><\/p>\n\n\n\n<p class=\"has-text-align-left\">Notre \u00e9quipe vous recontactera pour \u00e9changer sur les prochaines \u00e9tapes.<\/p>\n\n\n\n<div style=\"height:165px\" aria-hidden=\"true\" class=\"wp-block-spacer\"><\/div>\n\n\n\n<div class=\"wp-block-buttons is-content-justification-center is-layout-flex wp-container-core-buttons-is-layout-16018d1d wp-block-buttons-is-layout-flex\">\n<div class=\"wp-block-button\"><a class=\"wp-block-button__link button wp-element-button\" href=\"https:\/\/neuronup1.typeform.com\/to\/s4vuZJmd?utm_country=FR&amp;utm_first_source=Web&amp;utm_first_campaign_name=Request_ambassador\"><strong>Remplir le formulaire<\/strong><\/a><\/div>\n<\/div>\n<\/div>\n\n\n\n<div class=\"wp-block-column testimonial-block  p-5 is-layout-flow wp-block-column-is-layout-flow\">\n<h3 class=\"wp-block-heading has-text-align-center has-heading-color has-text-color\"><strong>Vos prochaines \u00e9tapes<\/strong> <\/h3>\n\n\n\n<div style=\"height:36px\" aria-hidden=\"true\" class=\"wp-block-spacer\"><\/div>\n\n\n\n<p class=\"has-text-align-center has-custom-2-color has-text-color\"><strong>Partagez votre pratique, et faisons \u00e9voluer la rem\u00e9diation cognitive.<\/strong><\/p>\n\n\n\n<p class=\"has-text-align-left\"><strong>Candidature clients actifs<\/strong> : r\u00e9serv\u00e9 aux utilisateurs r\u00e9guliers. <\/p>\n\n\n\n<p class=\"has-text-align-left\"><strong>On vous accompagne<\/strong> : \u00e9change de cadrage, puis contributions <strong>selon vos disponibilit\u00e9s<\/strong>. Webinaire <strong>optionnel<\/strong> si pertinent.<\/p>\n\n\n\n<p class=\"has-text-align-left\"><strong>Vous gardez la main<\/strong> : mise en avant (site \/ t\u00e9moignage \/ webinaire) et <strong>validation de chaque contenu avant diffusion<\/strong>. <\/p>\n\n\n\n<p class=\"has-text-align-left\">Participation <strong>arr\u00eatable \u00e0 tout moment<\/strong>.<\/p>\n\n\n\n<div class=\"wp-block-buttons is-content-justification-center is-layout-flex wp-container-core-buttons-is-layout-16018d1d wp-block-buttons-is-layout-flex\">\n<div class=\"wp-block-button\"><a class=\"wp-block-button__link button wp-element-button\" href=\"https:\/\/meetings-eu1.hubspot.com\/albane-jeanblanc?uuid=730107b6-817b-4de4-aa11-7fb7098f0c35\"><strong>\u00c9changer avec la r\u00e9f\u00e9rente support client<\/strong><\/a><\/div>\n<\/div>\n<\/div>\n<\/div>\n\n\n","protected":false},"excerpt":{"rendered":"<p>Partagez votre exp\u00e9rience, gagnez en visibilit\u00e9 professionnelle et participez activement aux \u00e9volutions de NeuronUP. Pourquoi devenir Ambassadeur NeuronUP ? NeuronUP \u00e9volue gr\u00e2ce aux retours d\u2019exp\u00e9rience des professionnels qui l\u2019utilisent au quotidien. Vous utilisez NeuronUP r\u00e9guli\u00e8rement et souhaitez contribuer \u00e0 son \u00e9volution ? CE QUE FONT NOS AMBASSADEURS Les ambassadeurs partagent leur exp\u00e9rience et participent activement &hellip;<\/p>\n","protected":false},"author":7,"featured_media":31661,"parent":37453,"menu_order":0,"comment_status":"closed","ping_status":"closed","template":"","meta":{"_acf_changed":false,"_genesis_hide_title":false,"_genesis_hide_breadcrumbs":false,"_genesis_hide_singular_image":false,"_genesis_hide_footer_widgets":false,"_genesis_custom_body_class":"","_genesis_custom_post_class":"","_genesis_layout":"wide-content","footnotes":""},"class_list":{"1":"page","2":"type-page","6":"entry"},"acf":[],"_links":{"self":[{"href":"https:\/\/neuronup.com\/fr\/wp-json\/wp\/v2\/pages\/46769","targetHints":{"allow":["GET"]}}],"collection":[{"href":"https:\/\/neuronup.com\/fr\/wp-json\/wp\/v2\/pages"}],"about":[{"href":"https:\/\/neuronup.com\/fr\/wp-json\/wp\/v2\/types\/page"}],"author":[{"embeddable":true,"href":"https:\/\/neuronup.com\/fr\/wp-json\/wp\/v2\/users\/7"}],"replies":[{"embeddable":true,"href":"https:\/\/neuronup.com\/fr\/wp-json\/wp\/v2\/comments?post=46769"}],"version-history":[{"count":0,"href":"https:\/\/neuronup.com\/fr\/wp-json\/wp\/v2\/pages\/46769\/revisions"}],"up":[{"embeddable":true,"href":"https:\/\/neuronup.com\/fr\/wp-json\/wp\/v2\/pages\/37453"}],"wp:featuredmedia":[{"embeddable":true,"href":"https:\/\/neuronup.com\/fr\/wp-json\/wp\/v2\/media\/31661"}],"wp:attachment":[{"href":"https:\/\/neuronup.com\/fr\/wp-json\/wp\/v2\/media?parent=46769"}],"curies":[{"name":"wp","href":"https:\/\/api.w.org\/{rel}","templated":true}]}}