{"id":46559,"date":"2025-12-15T10:39:43","date_gmt":"2025-12-15T08:39:43","guid":{"rendered":"https:\/\/neuronup.com\/fr\/?page_id=46559"},"modified":"2026-03-15T19:23:26","modified_gmt":"2026-03-15T17:23:26","slug":"neuronup-avantages","status":"publish","type":"page","link":"https:\/\/neuronup.com\/fr\/solutions-de-neurorehabilitation\/neuronup-avantages\/","title":{"rendered":"NeuronUP avantages"},"content":{"rendered":"\n<div class=\"wp-block-cover alignfull has-lg-content-width has-md-padding-top has-md-padding-bottom has-sm-padding-left has-sm-padding-right\" style=\"min-height:228px;aspect-ratio:unset;--cover-block-justify-content:center;\"><span aria-hidden=\"true\" class=\"wp-block-cover__background has-primary-background-color has-background-dim-100 has-background-dim\"><\/span><div class=\"wp-block-cover__inner-container is-layout-constrained wp-block-cover-is-layout-constrained\">\n<h1 class=\"wp-block-heading has-text-align-center has-xxl-font-size\">NeuronUP : Gagnez des heures de pr\u00e9paration <strong>gr\u00e2ce<\/strong> <strong>\u00e0 la rem\u00e9diation cognitive digitale<\/strong><\/h1>\n<\/div><\/div>\n\n\n\n<div style=\"height:84px\" aria-hidden=\"true\" class=\"wp-block-spacer\"><\/div>\n\n\n\n<div class=\"wp-block-columns is-layout-flex wp-container-core-columns-is-layout-9d6595d7 wp-block-columns-is-layout-flex\">\n<div class=\"wp-block-column is-layout-flow wp-block-column-is-layout-flow\" style=\"flex-basis:50%\">\n\n\n<h2 class=\"wp-block-heading has-text-align-center has-xl-font-size\">Remplacez les fiches papier et les jeux de soci\u00e9t\u00e9 par une plateforme digitale tout-en-un : <strong>activit\u00e9s, protocoles, suivi et rapports professionnels en quelques minutes.<\/strong><\/h2>\n\n\n\n<div class=\"wp-block-buttons is-layout-flex wp-block-buttons-is-layout-flex\">\n<div class=\"wp-block-button\"><a class=\"wp-block-button__link button wp-element-button\" href=\"https:\/\/neuronup.com\/fr\/demande-demo\/\"><strong>Demander une d\u00e9mo<\/strong><\/a><\/div>\n\n\n\n<div class=\"wp-block-button\" style=\"--button-background:var(--color-custom-1);--button-background-hover:#cc7e00;\"><a class=\"wp-block-button__link button   wp-element-button\" href=\"https:\/\/neuronup.com\/fr\/landing-store-user\/\"><strong>Commencer votre essai gratuit<\/strong><\/a><\/div>\n\n<\/div>\n<\/div>\n\n\n\n<div class=\"wp-block-column relative is-layout-flow wp-block-column-is-layout-flow\" style=\"flex-basis:50%\"><div class=\"wp-block-image image-interface absolute-l image-interface animate-scroll\">\n<figure class=\"aligncenter size-full is-resized\"><img decoding=\"async\" width=\"1000\" height=\"679\" src=\"https:\/\/neuronup.com\/fr\/wp-content\/uploads\/2024\/11\/neuronup-multiformato.webp\" alt=\"\u00c9cran d'ordinateur et tablette affichant des activit\u00e9s \u00e9ducatives num\u00e9riques, ic\u00f4nes illustratives et carnet avec crayon sur le bureau.\" class=\"wp-image-35744\" style=\"aspect-ratio:1.4727696793002916;width:342px;height:auto\" srcset=\"https:\/\/neuronup.com\/fr\/wp-content\/uploads\/2024\/11\/neuronup-multiformato-300x204.webp 300w, https:\/\/neuronup.com\/fr\/wp-content\/uploads\/2024\/11\/neuronup-multiformato-768x521.webp 768w, https:\/\/neuronup.com\/fr\/wp-content\/uploads\/2024\/11\/neuronup-multiformato.webp 1000w\" sizes=\"(max-width: 1000px) 100vw, 1000px\" \/><\/figure>\n<\/div><\/div>\n<\/div>\n\n\n\n<div style=\"height:27px\" aria-hidden=\"true\" class=\"wp-block-spacer\"><\/div>\n\n\n\n<div style=\"height:68px\" aria-hidden=\"true\" class=\"wp-block-spacer\"><\/div>\n\n\n\n<div class=\"wp-block-group alignfull back-blue has-alt-background-color has-background has-light-background has-sm-padding-top has-lg-padding-bottom has-no-margin-top\"><div class=\"wp-block-group__inner-container is-layout-flow wp-block-group-is-layout-flow\">\n<h1 class=\"wp-block-heading has-text-align-center has-lg-font-size\">La plateforme con\u00e7ue pour soutenir<strong> les neuropsychologues, ergoth\u00e9rapeutes, orthophonistes, psychologues et \u00e9quipes pluridisciplinaires dans leurs pratiques<\/strong><\/h1>\n\n\n<div class=\"wp-block-image\">\n<figure class=\"aligncenter size-full is-resized\"><img decoding=\"async\" width=\"546\" height=\"418\" src=\"https:\/\/neuronup.com\/fr\/wp-content\/uploads\/2024\/11\/Produit-NeuronUP-Score.webp\" alt=\"Tableau de bord d'une application d'\u00e9valuations cognitives montrant des noms d'utilisateurs et des scores en pourcentage.\" class=\"wp-image-35881\" style=\"aspect-ratio:1.3062315427460656;width:620px;height:auto\" srcset=\"https:\/\/neuronup.com\/fr\/wp-content\/uploads\/2024\/11\/Produit-NeuronUP-Score-300x230.webp 300w, https:\/\/neuronup.com\/fr\/wp-content\/uploads\/2024\/11\/Produit-NeuronUP-Score.webp 546w\" sizes=\"(max-width: 546px) 100vw, 546px\" \/><\/figure>\n<\/div>\n\n\n<div style=\"height:25px\" aria-hidden=\"true\" class=\"wp-block-spacer\"><\/div>\n\n\n\n<h2 class=\"wp-block-heading has-text-align-center\">Avant \/ Apr\u00e8s : Digitaliser vos s\u00e9ances de rem\u00e9diation cognitive<\/h2>\n\n\n\n<div class=\"wp-block-columns is-layout-flex wp-container-core-columns-is-layout-9d6595d7 wp-block-columns-is-layout-flex\">\n<div class=\"wp-block-column is-vertically-aligned-center is-layout-flow wp-block-column-is-layout-flow\">\n<div class=\"wp-block-group\"><div class=\"wp-block-group__inner-container is-layout-flow wp-block-group-is-layout-flow\">\n<p class=\"has-text-align-center has-xl-font-size\"><strong>AVANT<\/strong><\/p>\n\n\n\n<ul class=\"wp-block-list has-heading-color has-text-color\">\n<li>Beaucoup de temps perdu \u00e0 pr\u00e9parer  les s\u00e9ances<\/li>\n\n\n\n<li>Recherche d\u2019exercices <\/li>\n\n\n\n<li>Planning et suivi g\u00e9r\u00e9s manuellement<\/li>\n<\/ul>\n<\/div><\/div>\n<\/div>\n\n\n\n<div class=\"wp-block-column is-vertically-aligned-center is-layout-flow wp-block-column-is-layout-flow\">\n<p class=\"has-text-align-center has-xl-font-size\"><strong>APR\u00c8S<\/strong><\/p>\n\n\n\n<ul class=\"wp-block-list has-heading-color has-text-color\">\n<li>15 minutes pour pr\u00e9parer une semaine de s\u00e9ances<\/li>\n\n\n\n<li>Activit\u00e9s pr\u00eates \u00e0 l\u2019emploi, filtr\u00e9es par : \u00e2ge, fonction cognitive <\/li>\n\n\n\n<li>Export en version \u00e9cran ou imprimable<\/li>\n\n\n\n<li>Suivi automatique et rapports g\u00e9n\u00e9r\u00e9s en 1 clic<\/li>\n<\/ul>\n<\/div>\n<\/div>\n\n\n\n<div class=\"wp-block-columns is-layout-flex wp-container-core-columns-is-layout-9d6595d7 wp-block-columns-is-layout-flex\">\n<div class=\"wp-block-column is-layout-flow wp-block-column-is-layout-flow\">\n<div class=\"wp-block-buttons is-content-justification-center is-layout-flex wp-container-core-buttons-is-layout-16018d1d wp-block-buttons-is-layout-flex\">\n<div class=\"wp-block-button is-style-default\" style=\"--button-background:var(--color-custom-1);--button-background-hover:#cc7e00;\"><a class=\"wp-block-button__link button   has-text-align-center wp-element-button\" href=\"https:\/\/neuronup.com\/fr\/demande-demo\/\"><strong>Demander une d\u00e9mo<\/strong><\/a><\/div>\n\n<\/div>\n<\/div>\n\n\n\n<div class=\"wp-block-column is-layout-flow wp-block-column-is-layout-flow\">\n<div class=\"wp-block-buttons is-content-justification-center is-layout-flex wp-container-core-buttons-is-layout-16018d1d wp-block-buttons-is-layout-flex\">\n<div class=\"wp-block-button\"><a class=\"wp-block-button__link button has-text-align-center wp-element-button\" href=\"https:\/\/neuronup.com\/fr\/landing-store-user\/\"><strong>Essai gratuit 7 jours <\/strong><\/a><\/div>\n<\/div>\n<\/div>\n<\/div>\n<\/div><\/div>\n\n\n\n\n<div style=\"height:24px\" aria-hidden=\"true\" class=\"wp-block-spacer\"><\/div>\n\n\n\n<h2 class=\"wp-block-heading has-text-align-center has-xl-font-size\">Plateforme de rem\u00e9diation cognitive en ligne : <strong>Digitaliser vos s\u00e9ances, protocoles et suivis patients<\/strong><\/h2>\n\n\n\n<div style=\"height:50px\" aria-hidden=\"true\" class=\"wp-block-spacer\"><\/div>\n\n\n\n<div class=\"wp-block-columns is-layout-flex wp-container-core-columns-is-layout-9d6595d7 wp-block-columns-is-layout-flex\">\n<div class=\"wp-block-column testimonial-block p-5 is-layout-flow wp-block-column-is-layout-flow\"><div class=\"wp-block-image is-style-default\">\n<figure class=\"aligncenter size-full is-resized\"><img decoding=\"async\" width=\"301\" height=\"151\" src=\"https:\/\/neuronup.com\/fr\/wp-content\/uploads\/2025\/03\/seguimiento-del-alumno.webp\" alt=\"Graphique \u00e0 barres illustrant des donn\u00e9es d\u2019\u00e9l\u00e8ve, feuille avec liste et cases \u00e0 cocher, tons bleu et turquoise.\" class=\"wp-image-37501\" style=\"aspect-ratio:1.9934802856255822;width:229px;height:auto\"\/><\/figure>\n<\/div>\n\n\n<h3 class=\"wp-block-heading has-text-align-center\"><strong>Suivi des patients et rapports automatis\u00e9s<\/strong><\/h3>\n\n\n\n<p>Centralisez les r\u00e9sultats et l\u2019\u00e9volution de chaque patient et <strong>g\u00e9n\u00e9rez des rapports clairs pour les familles et les \u00e9quipes<\/strong>, avec moins d\u2019administratif et plus de temps en s\u00e9ance.<\/p>\n<\/div>\n\n\n\n<div class=\"wp-block-column testimonial-block p-5 is-layout-flow wp-block-column-is-layout-flow\"><div class=\"wp-block-image\">\n<figure class=\"aligncenter size-full is-resized\"><img decoding=\"async\" width=\"301\" height=\"151\" src=\"https:\/\/neuronup.com\/fr\/wp-content\/uploads\/2025\/03\/multiformato.webp\" alt=\"Trois ic\u00f4nes illustrant l\u2019interaction tactile, l\u2019\u00e9cran d\u2019ordinateur et une feuille de papier avec stylo.\" class=\"wp-image-37500\" style=\"aspect-ratio:1.9934802856255822;width:205px;height:auto\"\/><\/figure>\n<\/div>\n\n\n<h3 class=\"wp-block-heading has-text-align-center\"><strong>Biblioth\u00e8que d\u2019activit\u00e9s de rem\u00e9diation cognitive<\/strong><\/h3>\n\n\n\n<p>Acc\u00e9dez \u00e0 des exercices num\u00e9riques et des fiches imprimables pour enfants et adultes, organis\u00e9s par fonctions cognitives et profils de patients pour<strong> trouver rapidement l\u2019activit\u00e9 la plus adapt\u00e9e.<\/strong><\/p>\n<\/div>\n<\/div>\n\n\n\n<div style=\"height:51px\" aria-hidden=\"true\" class=\"wp-block-spacer\"><\/div>\n\n\n\n<div class=\"wp-block-columns testimonial-block p-5 is-layout-flex wp-container-core-columns-is-layout-9d6595d7 wp-block-columns-is-layout-flex\">\n<div class=\"wp-block-column is-layout-flow wp-block-column-is-layout-flow\" style=\"flex-basis:30%\"><div class=\"wp-block-image\">\n<figure class=\"aligncenter size-full is-resized\"><img decoding=\"async\" width=\"301\" height=\"151\" src=\"https:\/\/neuronup.com\/fr\/wp-content\/uploads\/2025\/03\/estudiantes-ilimitados.webp\" alt=\"Plusieurs personnages bleus lisent des livres, chacun tenant un livre ouvert, symbolisant la lecture collective et l'apprentissage en groupe.\" class=\"wp-image-37497\" style=\"aspect-ratio:1.9934802856255822;width:201px;height:auto\"\/><\/figure>\n<\/div><\/div>\n\n\n\n<div class=\"wp-block-column is-layout-flow wp-block-column-is-layout-flow\" style=\"flex-basis:70%\">\n<h3 class=\"wp-block-heading has-text-align-left\"><strong>Protocoles de rem\u00e9diation r\u00e9utilisables<\/strong><\/h3>\n\n\n\n<p class=\"has-text-align-left\">Cr\u00e9ez des protocoles de rem\u00e9diation structur\u00e9s par trouble, objectif ou profil de patient, puis <strong>r\u00e9utilisez-les et personnalisez-les facilement d\u2019un patient \u00e0 l\u2019autre<\/strong>.<\/p>\n<\/div>\n<\/div>\n\n\n\n<div style=\"height:68px\" aria-hidden=\"true\" class=\"wp-block-spacer\"><\/div>\n\n\n\n<div class=\"wp-block-group alignfull has-background\" style=\"background-color:#dff3f6\"><div class=\"wp-block-group__inner-container is-layout-flow wp-block-group-is-layout-flow\">\n<div style=\"height:50px\" aria-hidden=\"true\" class=\"wp-block-spacer\"><\/div>\n\n\n\n<div class=\"wp-block-columns is-layout-flex wp-container-core-columns-is-layout-9d6595d7 wp-block-columns-is-layout-flex\">\n<div class=\"wp-block-column is-layout-flow wp-block-column-is-layout-flow\" style=\"flex-basis:33.33%\"><div class=\"wp-block-image\">\n<figure class=\"aligncenter size-full is-resized\"><img decoding=\"async\" width=\"724\" height=\"1024\" src=\"https:\/\/neuronup.com\/fr\/wp-content\/uploads\/2025\/08\/Affiches-Ici-nous-travaillons-avec-Adultos-image.webp\" alt=\"Promotion NeuronUP montrant ordinateur portable avec l\u2019interface, tablette et smartphone affichant les apps; logo en haut.\" class=\"wp-image-41723\" style=\"aspect-ratio:0.770836512344737;width:352px;height:auto\" srcset=\"https:\/\/neuronup.com\/fr\/wp-content\/uploads\/2025\/08\/Affiches-Ici-nous-travaillons-avec-Adultos-image-212x300.webp 212w, https:\/\/neuronup.com\/fr\/wp-content\/uploads\/2025\/08\/Affiches-Ici-nous-travaillons-avec-Adultos-image.webp 724w\" sizes=\"(max-width: 724px) 100vw, 724px\" \/><\/figure>\n<\/div><\/div>\n\n\n\n<div class=\"wp-block-column is-layout-flow wp-block-column-is-layout-flow\" style=\"flex-basis:66.66%\">\n<h4 class=\"wp-block-heading has-text-align-left has-xl-margin-bottom\"><strong>Ils utilisent d\u00e9j\u00e0 NeuronUP pour structurer leur rem\u00e9diation cognitive<\/strong><\/h4>\n\n\n\n<blockquote class=\"wp-block-quote is-style-default is-layout-flow wp-block-quote-is-layout-flow\">\n<p>NeuronUP est d\u00e9j\u00e0 utilis\u00e9e par plus de <strong>7 000 professionnels<\/strong> dans <strong>75+ pays<\/strong>, en h\u00f4pitaux, SSR, EHPAD et cabinets lib\u00e9raux.<\/p>\n\n\n\n\n\n<p><br>Certifi\u00e9e <strong>ISO 27001<\/strong>, labellis\u00e9e <strong>PME innovante<\/strong> et laur\u00e9ate du <strong>prix PME de l\u2019ann\u00e9e<\/strong>, la plateforme r\u00e9pond aux exigences des structures de sant\u00e9 en mati\u00e8re de s\u00e9curit\u00e9 et de fiabilit\u00e9.<\/p>\n<\/blockquote>\n\n\n\n\n\n<blockquote class=\"wp-block-quote is-style-default is-layout-flow wp-block-quote-is-layout-flow\">\n<p><em>\u00ab Avant NeuronUP, je passais des heures \u00e0 pr\u00e9parer mes s\u00e9ances. Aujourd\u2019hui, en 15 minutes j\u2019ai un programme complet, adapt\u00e9 au profil cognitif de chaque patient. \u00bb<\/em><br><strong>Neuropsychologue, service de SSR neurologique<\/strong><\/p>\n<\/blockquote>\n<\/div>\n<\/div>\n\n\n\n<div style=\"height:50px\" aria-hidden=\"true\" class=\"wp-block-spacer\"><\/div>\n<\/div><\/div>\n\n\n\n<div style=\"height:81px\" aria-hidden=\"true\" class=\"wp-block-spacer\"><\/div>\n\n\n\n<div class=\"wp-block-columns is-layout-flex wp-container-core-columns-is-layout-9d6595d7 wp-block-columns-is-layout-flex\">\n<div class=\"wp-block-column testimonial-block p-5 is-layout-flow wp-block-column-is-layout-flow\">\n<h3 class=\"wp-block-heading has-text-align-center has-heading-color has-text-color\"><strong><strong>Kit gratuit de rem\u00e9diation cognitive<\/strong><\/strong><\/h3>\n\n\n\n<p class=\"has-text-align-center has-custom-2-color has-text-color\"><strong><strong>Structurer votre programme en quelques pages<\/strong><\/strong><\/p>\n\n\n\n<p>T\u00e9l\u00e9chargez notre kit pour organiser un programme de rem\u00e9diation cognitive dans votre \u00e9tablissement : <strong>mod\u00e8les de planning sur plusieurs semaines, fiches objectifs par patient et exemples de rapports pour les familles et les \u00e9quipes<\/strong>. Une base pr\u00eate \u00e0 l\u2019emploi que vous pouvez adapter \u00e0 votre service.<\/p>\n\n\n\n<div class=\"wp-block-buttons is-content-justification-center is-layout-flex wp-container-core-buttons-is-layout-16018d1d wp-block-buttons-is-layout-flex\">\n<div class=\"wp-block-button\"><a class=\"wp-block-button__link button wp-element-button\" href=\"https:\/\/neuronup.com\/redirect\/?target=typeform\/to\/PZPfVXZp?utm_first_source=Web&amp;utm_first_campaign_name=Kit_NeuronUP\"><strong>T\u00e9l\u00e9charger le kit gratuit<\/strong><\/a><\/div>\n<\/div>\n<\/div>\n\n\n\n<div class=\"wp-block-column testimonial-block  p-5 is-layout-flow wp-block-column-is-layout-flow\">\n<h3 class=\"wp-block-heading has-text-align-center has-heading-color has-text-color\"><strong>Mise en place simple dans votre \u00e9tablissement<\/strong><\/h3>\n\n\n\n<p class=\"has-text-align-center has-custom-2-color has-text-color\"><strong>Une plateforme pr\u00eate \u00e0 l\u2019emploi<\/strong><\/p>\n\n\n\n<p class=\"has-text-align-center\">En quelques jours, vous pouvez commencer \u00e0 utiliser NeuronUP avec vos patients : cr\u00e9ation des comptes th\u00e9rapeutes, premiers protocoles de rem\u00e9diation, mod\u00e8les de s\u00e9ances pr\u00eats \u00e0 adapter \u00e0 votre pratique. Notre \u00e9quipe vous accompagne pour param\u00e9trer la plateforme selon vos besoins (types de patients, unit\u00e9s, objectifs cognitifs).<\/p>\n\n\n\n<div class=\"wp-block-buttons is-content-justification-center is-layout-flex wp-container-core-buttons-is-layout-16018d1d wp-block-buttons-is-layout-flex\"><\/div>\n<\/div>\n<\/div>\n\n\n\n<div style=\"height:68px\" aria-hidden=\"true\" class=\"wp-block-spacer\"><\/div>\n\n\n\n<div class=\"wp-block-columns testimonial-block p-5 is-layout-flex wp-container-core-columns-is-layout-9d6595d7 wp-block-columns-is-layout-flex\">\n<div class=\"wp-block-column is-layout-flow wp-block-column-is-layout-flow\"><div class=\"wp-block-image is-style-default\">\n<figure class=\"aligncenter size-full is-resized\"><img decoding=\"async\" width=\"800\" height=\"535\" src=\"https:\/\/neuronup.com\/fr\/wp-content\/uploads\/2025\/03\/Actividades-de-neuronup-de-lenguaje-para-ninos-con-necesidades-educativas-especiales-1.webp\" alt=\"Personnage bleu souriant au premier plan, interface \u00e9ducative color\u00e9e avec des \u00e9crans d\u2019activit\u00e9s interactives.\" class=\"wp-image-37502\" style=\"width:auto;height:400px\" srcset=\"https:\/\/neuronup.com\/fr\/wp-content\/uploads\/2025\/03\/Actividades-de-neuronup-de-lenguaje-para-ninos-con-necesidades-educativas-especiales-1-300x201.webp 300w, https:\/\/neuronup.com\/fr\/wp-content\/uploads\/2025\/03\/Actividades-de-neuronup-de-lenguaje-para-ninos-con-necesidades-educativas-especiales-1-768x514.webp 768w, https:\/\/neuronup.com\/fr\/wp-content\/uploads\/2025\/03\/Actividades-de-neuronup-de-lenguaje-para-ninos-con-necesidades-educativas-especiales-1.webp 800w\" sizes=\"(max-width: 800px) 100vw, 800px\" \/><\/figure>\n<\/div>\n\n\n<div style=\"height:80px\" aria-hidden=\"true\" class=\"wp-block-spacer\"><\/div>\n<\/div>\n\n\n\n<div class=\"wp-block-column is-layout-flow wp-block-column-is-layout-flow\">\n<h2 class=\"wp-block-heading\"><strong><strong>Envie de tester NeuronUP dans votre pratique ?<\/strong><\/strong><\/h2>\n\n\n\n<p>Testez gratuitement NeuronUP pendant 7 jours : explorez la biblioth\u00e8que d\u2019activit\u00e9s, cr\u00e9ez vos premiers patients et pr\u00e9parez vos s\u00e9ances en quelques minutes, sans engagement.<\/p>\n\n\n\n<div class=\"wp-block-buttons is-content-justification-center is-layout-flex wp-container-core-buttons-is-layout-16018d1d wp-block-buttons-is-layout-flex\">\n<div class=\"wp-block-button\" style=\"--button-background:var(--color-custom-1);--button-background-hover:#cc7e00;\"><a class=\"wp-block-button__link button   wp-element-button\" href=\"https:\/\/neuronup.com\/fr\/landing-store-user\/\"><strong><strong>Essai gratuit 7 jours<\/strong><\/strong><\/a><\/div>\n\n<\/div>\n<\/div>\n<\/div>\n\n\n","protected":false},"excerpt":{"rendered":"<p>Remplacez les fiches papier et les jeux de soci\u00e9t\u00e9 par une plateforme digitale tout-en-un : activit\u00e9s, protocoles, suivi et rapports professionnels en quelques minutes. La plateforme con\u00e7ue pour soutenir les neuropsychologues, ergoth\u00e9rapeutes, orthophonistes, psychologues et \u00e9quipes pluridisciplinaires dans leurs pratiques Avant \/ Apr\u00e8s : Digitaliser vos s\u00e9ances de rem\u00e9diation cognitive AVANT APR\u00c8S Plateforme de rem\u00e9diation &hellip;<\/p>\n","protected":false},"author":7,"featured_media":31661,"parent":37453,"menu_order":0,"comment_status":"closed","ping_status":"closed","template":"","meta":{"_acf_changed":false,"_genesis_hide_title":false,"_genesis_hide_breadcrumbs":false,"_genesis_hide_singular_image":false,"_genesis_hide_footer_widgets":false,"_genesis_custom_body_class":"","_genesis_custom_post_class":"","_genesis_layout":"wide-content","footnotes":""},"class_list":{"1":"page","2":"type-page","6":"entry"},"acf":[],"_links":{"self":[{"href":"https:\/\/neuronup.com\/fr\/wp-json\/wp\/v2\/pages\/46559","targetHints":{"allow":["GET"]}}],"collection":[{"href":"https:\/\/neuronup.com\/fr\/wp-json\/wp\/v2\/pages"}],"about":[{"href":"https:\/\/neuronup.com\/fr\/wp-json\/wp\/v2\/types\/page"}],"author":[{"embeddable":true,"href":"https:\/\/neuronup.com\/fr\/wp-json\/wp\/v2\/users\/7"}],"replies":[{"embeddable":true,"href":"https:\/\/neuronup.com\/fr\/wp-json\/wp\/v2\/comments?post=46559"}],"version-history":[{"count":0,"href":"https:\/\/neuronup.com\/fr\/wp-json\/wp\/v2\/pages\/46559\/revisions"}],"up":[{"embeddable":true,"href":"https:\/\/neuronup.com\/fr\/wp-json\/wp\/v2\/pages\/37453"}],"wp:featuredmedia":[{"embeddable":true,"href":"https:\/\/neuronup.com\/fr\/wp-json\/wp\/v2\/media\/31661"}],"wp:attachment":[{"href":"https:\/\/neuronup.com\/fr\/wp-json\/wp\/v2\/media?parent=46559"}],"curies":[{"name":"wp","href":"https:\/\/api.w.org\/{rel}","templated":true}]}}