{"id":46444,"date":"2025-11-19T17:46:38","date_gmt":"2025-11-19T15:46:38","guid":{"rendered":"https:\/\/neuronup.com\/fr\/?page_id=46444"},"modified":"2025-12-10T12:17:18","modified_gmt":"2025-12-10T10:17:18","slug":"offre-promotionnelle","status":"publish","type":"page","link":"https:\/\/neuronup.com\/fr\/produit\/offre-promotionnelle\/","title":{"rendered":"Offre Black Friday"},"content":{"rendered":"\n<h1 class=\"wp-block-heading has-primary-color has-text-color has-link-color wp-elements-cdbc89cc0870c0126111a92b592fedab\">Offre promotionnelle NeuronUP : <strong>1 mois suppl\u00e9mentaire offert sur votre 1\u02b3\u1d49 ann\u00e9e<\/strong><\/h1>\n\n\n\n<p><strong>Du 24 novembre au 1\u1d49\u02b3 d\u00e9cembre<\/strong>, NeuronUP propose une offre exceptionnelle pour les professionnels de la r\u00e9\u00e9ducation cognitive en France : pour tout achat d\u2019un pack Starter ou Pro, <strong>nous vous offrons 1 mois suppl\u00e9mentaire la 1\u02b3\u1d49 ann\u00e9e d\u2019abonnement (12 + 1)<\/strong>.<\/p>\n\n\n\n<div style=\"height:50px\" aria-hidden=\"true\" class=\"wp-block-spacer\"><\/div>\n\n\n\n<h2 class=\"wp-block-heading has-primary-color has-text-color has-link-color wp-elements-8db1d40634791d1bc9c97214d79bd47c\"><strong>Acc\u00e9l\u00e9rez la r\u00e9habilitation cognitive, all\u00e9gez votre charge de travail<\/strong><\/h2>\n\n\n\n<p>NeuronUP est une <strong>plateforme clinique de r\u00e9habilitation, rem\u00e9diation et \u00e9valuation cognitive,<\/strong> con\u00e7ue par des neuropsychologues. <strong>Notre objectif : <\/strong>am\u00e9liorer les capacit\u00e9s cognitives et l\u2019autonomie des patients, tout en simplifiant et standardisant le travail des \u00e9quipes (neuropsychologues, orthophonistes, ergoth\u00e9rapeutes, centres de r\u00e9\u00e9ducation, \u00e9tablissements m\u00e9dico-sociaux\u2026).<\/p>\n\n\n\n<div style=\"height:50px\" aria-hidden=\"true\" class=\"wp-block-spacer\"><\/div>\n\n\n\n<p class=\"has-text-align-left br-0101 has-custom-11-background-color has-background has-lg-font-size has-xxl-margin-top\"><strong>Avec NeuronUP, vous pouvez :<\/strong> Acc\u00e9der \u00e0 des centaines d\u2019activit\u00e9s de rem\u00e9diation cognitive, pr\u00eates \u00e0 l\u2019emploi. Cr\u00e9er des protocoles personnalis\u00e9s et adaptatifs en quelques clics. B\u00e9n\u00e9ficier d\u2019une \u00e9valuation et d\u2019un suivi automatis\u00e9s des s\u00e9ances. Visualiser la progression gr\u00e2ce \u00e0 des tableaux de bord cliniques. Disposer de feedback structur\u00e9 pour documenter vos prises en charge.                                                                                                                                                                                                                           <\/p>\n\n\n\n<div style=\"height:50px\" aria-hidden=\"true\" class=\"wp-block-spacer\"><\/div>\n\n\n\n<h3 class=\"wp-block-heading\"><strong>Conditions de l\u2019offre promotionnelle<\/strong> <\/h3>\n\n\n\n<div class=\"wp-block-columns is-layout-flex wp-container-core-columns-is-layout-9d6595d7 wp-block-columns-is-layout-flex\">\n<div class=\"wp-block-column is-layout-flow wp-block-column-is-layout-flow\">\n<ul class=\"wp-block-list\">\n<li><strong>Offre :<\/strong> 1 mois suppl\u00e9mentaire offert la 1\u02b3\u1d49 ann\u00e9e pour tout achat d\u2019un pack Starter ou Pro (12 + 1).<\/li>\n\n\n\n<li><strong>P\u00e9riode :<\/strong> du 24\/11 \u00e0 00:00 au 01\/12 \u00e0 23:59 (heure locale).<\/li>\n\n\n\n<li><strong>Valable pour :<\/strong> les nouveaux abonnements Starter\/Pro.<\/li>\n\n\n\n<li><strong>Non cumulable<\/strong> avec d\u2019autres remises. TVA non incluse.<\/li>\n\n\n\n<li>Valable pour toute signature de devis avant le 01\/12 \u00e0 23:59, avec la mention :<br><strong>\u00ab Offre promotionnelle \u2013 1 mois en plus offert \u00bb<\/strong><\/li>\n<\/ul>\n<\/div>\n<\/div>\n\n\n\n<hr class=\"wp-block-separator has-alpha-channel-opacity\"\/>\n\n\n\n<div style=\"height:50px\" aria-hidden=\"true\" class=\"wp-block-spacer\"><\/div>\n\n\n\n<div class=\"wp-block-group\"><div class=\"wp-block-group__inner-container is-layout-constrained wp-block-group-is-layout-constrained\">\n<div class=\"wp-block-columns is-layout-flex wp-container-core-columns-is-layout-9d6595d7 wp-block-columns-is-layout-flex\">\n<div class=\"wp-block-column is-vertically-aligned-stretch br-0111 p-5 particle-bg anims-fadein-up has-primary-background-color has-background is-layout-flow wp-block-column-is-layout-flow\">\n<h2 class=\"wp-block-heading has-white-color has-text-color\">En savoir plus sur <br><strong>NeuronUP<\/strong><\/h2>\n\n\n\n<div class=\"wp-block-buttons is-layout-flex wp-block-buttons-is-layout-flex\">\n<div class=\"wp-block-button--1\" style=\"--button-outline-color:var(--color-white);--button-outline-color-hover:rgba(0,0,0,0.8);\"><a class=\"wp-block-button__link button button-outline   wp-element-button\" href=\"https:\/\/neuronup.com\/fr\/demande-informations\/\">Demander des informations<\/a><\/div>\n\n<\/div>\n<\/div>\n\n\n\n<div class=\"wp-block-column is-vertically-aligned-stretch br-0111 p-5 particle-bg anims-fadein-up has-primary-background-color has-background is-layout-flow wp-block-column-is-layout-flow\">\n<h2 class=\"wp-block-heading has-white-color has-text-color\">Essayez-le gratuitement<\/h2>\n\n\n\n<p class=\"has-white-color has-text-color\">La plateforme que plus de <strong>7 000 professionnels<\/strong> utilisent chaque jour<\/p>\n\n\n\n<div class=\"wp-block-buttons is-layout-flex wp-block-buttons-is-layout-flex\">\n<div class=\"wp-block-button orange-button\" style=\"--button-background:var(--color-custom-1);--button-background-hover:#cc7e00;\"><a class=\"wp-block-button__link button   wp-element-button\" href=\"https:\/\/neuronup.com\/fr\/landing\/\">Demander un essai<img decoding=\"async\" class=\"wp-image-18719\" style=\"width: 8px;\" src=\"\/wp-content\/uploads\/2022\/v3\/icon_rightArrow-white.svg\"><\/a><\/div>\n\n<\/div>\n<\/div>\n<\/div>\n<\/div><\/div>\n\n\n\n<div style=\"height:50px\" aria-hidden=\"true\" class=\"wp-block-spacer\"><\/div>\n\n\n\n<h2 class=\"wp-block-heading has-primary-color has-text-color has-link-color wp-elements-3c75effd12f3e85cd11251f8c72b9627\"><strong>Comment en profiter ?<\/strong><\/h2>\n\n\n\n<p><strong>Demandez une d\u00e9mo ou \u00e9changez avec notre \u00e9quipe<\/strong> pour d\u00e9couvrir comment NeuronUP peut s\u2019int\u00e9grer dans votre pratique.<\/p>\n\n\n\n<div style=\"height:50px\" aria-hidden=\"true\" class=\"wp-block-spacer\"><\/div>\n\n\n\n<div class=\"wp-block-buttons is-content-justification-center is-layout-flex wp-container-core-buttons-is-layout-16018d1d wp-block-buttons-is-layout-flex\">\n<div class=\"wp-block-button\"><a class=\"wp-block-button__link button has-sm-font-size has-text-align-center has-custom-font-size wp-element-button\" href=\"#boxzilla-37803\"><strong>Profitez de l&rsquo;offre<\/strong><\/a><\/div>\n<\/div>\n\n\n\n<div style=\"height:50px\" aria-hidden=\"true\" class=\"wp-block-spacer\"><\/div>\n\n\n\n<div style=\"height:50px\" aria-hidden=\"true\" class=\"wp-block-spacer\"><\/div>\n","protected":false},"excerpt":{"rendered":"<p>Offre promotionnelle NeuronUP : 1 mois suppl\u00e9mentaire offert sur votre 1\u02b3\u1d49 ann\u00e9e Du 24 novembre au 1\u1d49\u02b3 d\u00e9cembre, NeuronUP propose une offre exceptionnelle pour les professionnels de la r\u00e9\u00e9ducation cognitive en France : pour tout achat d\u2019un pack Starter ou Pro, nous vous offrons 1 mois suppl\u00e9mentaire la 1\u02b3\u1d49 ann\u00e9e d\u2019abonnement (12 + 1). Acc\u00e9l\u00e9rez &hellip;<\/p>\n","protected":false},"author":7,"featured_media":0,"parent":32257,"menu_order":0,"comment_status":"closed","ping_status":"closed","template":"","meta":{"_acf_changed":false,"_genesis_hide_title":false,"_genesis_hide_breadcrumbs":false,"_genesis_hide_singular_image":false,"_genesis_hide_footer_widgets":false,"_genesis_custom_body_class":"","_genesis_custom_post_class":"","_genesis_layout":"","footnotes":""},"class_list":{"1":"page","2":"type-page","5":"entry"},"acf":[],"_links":{"self":[{"href":"https:\/\/neuronup.com\/fr\/wp-json\/wp\/v2\/pages\/46444","targetHints":{"allow":["GET"]}}],"collection":[{"href":"https:\/\/neuronup.com\/fr\/wp-json\/wp\/v2\/pages"}],"about":[{"href":"https:\/\/neuronup.com\/fr\/wp-json\/wp\/v2\/types\/page"}],"author":[{"embeddable":true,"href":"https:\/\/neuronup.com\/fr\/wp-json\/wp\/v2\/users\/7"}],"replies":[{"embeddable":true,"href":"https:\/\/neuronup.com\/fr\/wp-json\/wp\/v2\/comments?post=46444"}],"version-history":[{"count":0,"href":"https:\/\/neuronup.com\/fr\/wp-json\/wp\/v2\/pages\/46444\/revisions"}],"up":[{"embeddable":true,"href":"https:\/\/neuronup.com\/fr\/wp-json\/wp\/v2\/pages\/32257"}],"wp:attachment":[{"href":"https:\/\/neuronup.com\/fr\/wp-json\/wp\/v2\/media?parent=46444"}],"curies":[{"name":"wp","href":"https:\/\/api.w.org\/{rel}","templated":true}]}}