{"id":41181,"date":"2025-06-26T13:34:11","date_gmt":"2025-06-26T11:34:11","guid":{"rendered":"https:\/\/neuronup.com\/fr\/?page_id=41181"},"modified":"2025-08-01T09:47:15","modified_gmt":"2025-08-01T07:47:15","slug":"demander-acces","status":"publish","type":"page","link":"https:\/\/neuronup.com\/fr\/neuronup-assessment\/demander-acces\/","title":{"rendered":"Lancement des tests d\u2019\u00e9valuation"},"content":{"rendered":"\n<div class=\"wp-block-cover alignfull has-md-padding-top has-md-padding-bottom has-sm-padding-left has-sm-padding-right\"><span aria-hidden=\"true\" class=\"wp-block-cover__background has-primary-background-color has-background-dim-100 has-background-dim\"><\/span><div class=\"wp-block-cover__inner-container is-layout-constrained wp-block-cover-is-layout-constrained\">\n<h2 class=\"wp-block-heading has-text-align-center has-xxxl-font-size\">NeuronUP Assessment, votre nouvel outil d\u2019\u00e9valuation<\/h2>\n<\/div><\/div>\n\n\n\n<p class=\"has-text-align-center is-style-heading has-xxl-margin-top\"><strong>Vous souhaitez disposer d\u2019un outil 360 pour vos interventions ?<\/strong><\/p>\n\n\n\n<p class=\"has-text-align-center is-style-default has-lg-font-size has-xxl-margin-bottom\">Chez NeuronUP, nous avons lanc\u00e9 un <strong>nouveau produit pour vous aider dans l\u2019\u00e9valuation<\/strong> de vos utilisateurs. Un compl\u00e9ment parfait pour NeuronUP Rehab qui vous permettra d\u00e9sormais de combiner <strong>intervention et \u00e9valuation dans un m\u00eame outil.<\/strong><\/p>\n\n\n\n<p class=\"has-text-align-center is-style-default has-lg-font-size has-xxl-margin-bottom\">Essayez NeuronUP Assessment et pr\u00e9parez-vous \u00e0 l\u2019avenir de l\u2019\u00e9valuation neuropsychologique. D\u00e9p\u00eachez-vous, il sera <strong>gratuit pour une dur\u00e9e limit\u00e9e.<\/strong><\/p>\n\n\n\n<p class=\"has-text-align-center is-style-heading has-xxl-margin-top\"><strong>Rejoignez la liste pour d\u00e9couvrir tout son potentiel de premi\u00e8re main !<\/strong><\/p>\n\n\n<div class=\"wp-block-image\">\n<figure class=\"aligncenter size-large is-resized\"><img decoding=\"async\" width=\"96\" height=\"87\" src=\"https:\/\/neuronup.com\/fr\/wp-content\/uploads\/2025\/06\/icon-flecha.svg\" alt=\"icon-flecha\" class=\"wp-image-41184\" style=\"width:60px\"\/><\/figure>\n<\/div>\n\n\n<div style=\"height:60px\" aria-hidden=\"true\" class=\"wp-block-spacer\"><\/div>\n\n\n\n<div class=\"wp-block-group br-0101 p-4 has-alt-background-color has-background has-light-background\"><div class=\"wp-block-group__inner-container is-layout-constrained wp-block-group-is-layout-constrained\">\n<h2 class=\"wp-block-heading has-text-align-center has-xl-margin-top\"><strong style=\"color:#00abc7;\">Inscrivez-vous<\/strong> \u00e0 la liste<\/h2>\n\n\n\n<p class=\"has-text-align-center\">En vous inscrivant, vous vous assurez un <strong>acc\u00e8s anticip\u00e9<\/strong> au nouveau produit d&rsquo;\u00e9valuation.<\/p>\n\n\n\n<div class=\"hs-form-frame\" data-region=\"eu1\" data-form-id=\"ef3f24bf-4977-44b9-8621-af7f33d6cbdf\" data-portal-id=\"143501970\"><\/div>\n\n\n\n<div style=\"height:30px\" aria-hidden=\"true\" class=\"wp-block-spacer\"><\/div>\n<\/div><\/div>\n\n\n\n\n<div style=\"height:100px\" aria-hidden=\"true\" class=\"wp-block-spacer\"><\/div>\n","protected":false},"excerpt":{"rendered":"<p>Vous souhaitez disposer d\u2019un outil 360 pour vos interventions ? Chez NeuronUP, nous avons lanc\u00e9 un nouveau produit pour vous aider dans l\u2019\u00e9valuation de vos utilisateurs. Un compl\u00e9ment parfait pour NeuronUP Rehab qui vous permettra d\u00e9sormais de combiner intervention et \u00e9valuation dans un m\u00eame outil. Essayez NeuronUP Assessment et pr\u00e9parez-vous \u00e0 l\u2019avenir de l\u2019\u00e9valuation neuropsychologique. &hellip;<\/p>\n","protected":false},"author":1,"featured_media":41182,"parent":41232,"menu_order":0,"comment_status":"closed","ping_status":"closed","template":"","meta":{"_acf_changed":false,"_genesis_hide_title":false,"_genesis_hide_breadcrumbs":false,"_genesis_hide_singular_image":false,"_genesis_hide_footer_widgets":false,"_genesis_custom_body_class":"","_genesis_custom_post_class":"","_genesis_layout":"standard-content","footnotes":""},"class_list":{"1":"page","2":"type-page","6":"entry"},"acf":[],"_links":{"self":[{"href":"https:\/\/neuronup.com\/fr\/wp-json\/wp\/v2\/pages\/41181","targetHints":{"allow":["GET"]}}],"collection":[{"href":"https:\/\/neuronup.com\/fr\/wp-json\/wp\/v2\/pages"}],"about":[{"href":"https:\/\/neuronup.com\/fr\/wp-json\/wp\/v2\/types\/page"}],"author":[{"embeddable":true,"href":"https:\/\/neuronup.com\/fr\/wp-json\/wp\/v2\/users\/1"}],"replies":[{"embeddable":true,"href":"https:\/\/neuronup.com\/fr\/wp-json\/wp\/v2\/comments?post=41181"}],"version-history":[{"count":0,"href":"https:\/\/neuronup.com\/fr\/wp-json\/wp\/v2\/pages\/41181\/revisions"}],"up":[{"embeddable":true,"href":"https:\/\/neuronup.com\/fr\/wp-json\/wp\/v2\/pages\/41232"}],"wp:featuredmedia":[{"embeddable":true,"href":"https:\/\/neuronup.com\/fr\/wp-json\/wp\/v2\/media\/41182"}],"wp:attachment":[{"href":"https:\/\/neuronup.com\/fr\/wp-json\/wp\/v2\/media?parent=41181"}],"curies":[{"name":"wp","href":"https:\/\/api.w.org\/{rel}","templated":true}]}}