{"id":36114,"date":"2024-12-04T13:43:17","date_gmt":"2024-12-04T11:43:17","guid":{"rendered":"https:\/\/neuronup.com\/fr\/?page_id=36114"},"modified":"2025-07-29T14:17:27","modified_gmt":"2025-07-29T12:17:27","slug":"cookies","status":"publish","type":"page","link":"https:\/\/neuronup.com\/fr\/politique-de-confidentialite\/cookies\/","title":{"rendered":"Cookies"},"content":{"rendered":"\n<h2 class=\"wp-block-heading\">Dispositif: localStorage<\/h2>\n\n\n\n<figure class=\"wp-block-table\"><table><thead><tr><th>Nom<\/th><th>Objectif<\/th><th>Description<\/th><th>Propri\u00e9t\u00e9<\/th><th>Duration<\/th><\/tr><\/thead><tbody><tr><td>activity_digital_<br>filter<\/td><td>Pr\u00e9f\u00e9rences<\/td><td>M\u00e9moriser les pr\u00e9f\u00e9rences de l&rsquo;utilisateur :<br>M\u00e9moriser les filtres utilis\u00e9s par l&rsquo;utilisateur pour am\u00e9liorer l&rsquo;exp\u00e9rience de navigation.<\/td><td>Propre<\/td><td>permanent<\/td><\/tr><tr><td>session_digital_<br>calendar_owner<\/td><td>Pr\u00e9f\u00e9rences<\/td><td>M\u00e9moriser les pr\u00e9f\u00e9rences de l&rsquo;utilisateur :<br>M\u00e9moriser les filtres utilis\u00e9s par l&rsquo;utilisateur pour am\u00e9liorer l&rsquo;exp\u00e9rience de navigation.<\/td><td>Propre<\/td><td>permanent<\/td><\/tr><tr><td>session_digital_<br>prototype_owner<\/td><td>Pr\u00e9f\u00e9rences<\/td><td>M\u00e9moriser les pr\u00e9f\u00e9rences de l&rsquo;utilisateur :<br>M\u00e9moriser les filtres utilis\u00e9s par l&rsquo;utilisateur pour am\u00e9liorer l&rsquo;exp\u00e9rience de navigation.<\/td><td>Propre<\/td><td>permanent<\/td><\/tr><tr><td>session_digital_<br>tab<\/td><td>Pr\u00e9f\u00e9rences<\/td><td>M\u00e9moriser les pr\u00e9f\u00e9rences de l&rsquo;utilisateur :<br>M\u00e9moriser les filtres utilis\u00e9s par l&rsquo;utilisateur pour am\u00e9liorer l&rsquo;exp\u00e9rience de navigation.<\/td><td>Propre<\/td><td>permanent<\/td><\/tr><tr><td>session_digital_<br>schedule_owner<\/td><td>Pr\u00e9f\u00e9rences<\/td><td>M\u00e9moriser les pr\u00e9f\u00e9rences de l&rsquo;utilisateur :<br>M\u00e9moriser les filtres utilis\u00e9s par l&rsquo;utilisateur pour am\u00e9liorer l&rsquo;exp\u00e9rience de navigation.<\/td><td>Propre<\/td><td>permanent<\/td><\/tr><tr><td>program_digital_<br>prototype_owner<\/td><td>Pr\u00e9f\u00e9rences<\/td><td>M\u00e9moriser les pr\u00e9f\u00e9rences de l&rsquo;utilisateur :<br>M\u00e9moriser les filtres utilis\u00e9s par l&rsquo;utilisateur pour am\u00e9liorer l&rsquo;exp\u00e9rience de navigation.<\/td><td>Propre<\/td><td>permanent<\/td><\/tr><tr><td>program_digital_<br>calendar_owner<\/td><td>Pr\u00e9f\u00e9rences<\/td><td>M\u00e9moriser les pr\u00e9f\u00e9rences de l&rsquo;utilisateur :<br>M\u00e9moriser les filtres utilis\u00e9s par l&rsquo;utilisateur pour am\u00e9liorer l&rsquo;exp\u00e9rience de navigation.<\/td><td>Propre<\/td><td>permanent<\/td><\/tr><tr><td>activity_paper_<br>filter<\/td><td>Pr\u00e9f\u00e9rences<\/td><td>M\u00e9moriser les pr\u00e9f\u00e9rences de l&rsquo;utilisateur :<br>M\u00e9moriser les filtres utilis\u00e9s par l&rsquo;utilisateur pour am\u00e9liorer l&rsquo;exp\u00e9rience de navigation.<\/td><td>Propre<\/td><td>permanent<\/td><\/tr><tr><td>session_paper_<br>tab<\/td><td>Pr\u00e9f\u00e9rences<\/td><td>M\u00e9moriser les pr\u00e9f\u00e9rences de l&rsquo;utilisateur :<br>M\u00e9moriser les filtres utilis\u00e9s par l&rsquo;utilisateur pour am\u00e9liorer l&rsquo;exp\u00e9rience de navigation.<\/td><td>Propre<\/td><td>permanent<\/td><\/tr><tr><td>session_paper_<br>schedule_owner<\/td><td>Pr\u00e9f\u00e9rences<\/td><td>M\u00e9moriser les pr\u00e9f\u00e9rences de l&rsquo;utilisateur :<br>M\u00e9moriser les filtres utilis\u00e9s par l&rsquo;utilisateur pour am\u00e9liorer l&rsquo;exp\u00e9rience de navigation.<\/td><td>Propre<\/td><td>permanent<\/td><\/tr><tr><td>session_paper_<br>prototype_owner<\/td><td>Pr\u00e9f\u00e9rences<\/td><td>M\u00e9moriser les pr\u00e9f\u00e9rences de l&rsquo;utilisateur :<br>M\u00e9moriser les filtres utilis\u00e9s par l&rsquo;utilisateur pour am\u00e9liorer l&rsquo;exp\u00e9rience de navigation.<\/td><td>Propre<\/td><td>permanent<\/td><\/tr><tr><td>session_paper_<br>calendar_owner<\/td><td>Pr\u00e9f\u00e9rences<\/td><td>M\u00e9moriser les pr\u00e9f\u00e9rences de l&rsquo;utilisateur :<br>M\u00e9moriser les filtres utilis\u00e9s par l&rsquo;utilisateur pour am\u00e9liorer l&rsquo;exp\u00e9rience de navigation.<\/td><td>Propre<\/td><td>permanent<\/td><\/tr><tr><td>program_paper_<br>calendar_owner<\/td><td>Pr\u00e9f\u00e9rences<\/td><td>M\u00e9moriser les pr\u00e9f\u00e9rences de l&rsquo;utilisateur :<br>M\u00e9moriser les filtres utilis\u00e9s par l&rsquo;utilisateur pour am\u00e9liorer l&rsquo;exp\u00e9rience de navigation.<\/td><td>Propre<\/td><td>permanent<\/td><\/tr><tr><td>program_paper_<br>prototype_owner<\/td><td>Pr\u00e9f\u00e9rences<\/td><td>M\u00e9moriser les pr\u00e9f\u00e9rences de l&rsquo;utilisateur :<br>M\u00e9moriser les filtres utilis\u00e9s par l&rsquo;utilisateur pour am\u00e9liorer l&rsquo;exp\u00e9rience de navigation.<\/td><td>Propre<\/td><td>permanent<\/td><\/tr><tr><td>result_digital_<br>tab<\/td><td>Pr\u00e9f\u00e9rences<\/td><td>M\u00e9moriser les pr\u00e9f\u00e9rences de l&rsquo;utilisateur :<br>M\u00e9moriser les filtres utilis\u00e9s par l&rsquo;utilisateur pour am\u00e9liorer l&rsquo;exp\u00e9rience de navigation.<\/td><td>Propre<\/td><td>permanent<\/td><\/tr><tr><td>result_digital_<br>program_owner<\/td><td>Pr\u00e9f\u00e9rences<\/td><td>M\u00e9moriser les pr\u00e9f\u00e9rences de l&rsquo;utilisateur :<br>M\u00e9moriser les filtres utilis\u00e9s par l&rsquo;utilisateur pour am\u00e9liorer l&rsquo;exp\u00e9rience de navigation.<\/td><td>Propre<\/td><td>permanent<\/td><\/tr><tr><td>result_digital_<br>session_owner<\/td><td>Pr\u00e9f\u00e9rences<\/td><td>M\u00e9moriser les pr\u00e9f\u00e9rences de l&rsquo;utilisateur :<br>M\u00e9moriser les filtres utilis\u00e9s par l&rsquo;utilisateur pour am\u00e9liorer l&rsquo;exp\u00e9rience de navigation.<\/td><td>Propre<\/td><td>permanent<\/td><\/tr><tr><td>result_paper_<br>tab<\/td><td>Pr\u00e9f\u00e9rences<\/td><td>M\u00e9moriser les pr\u00e9f\u00e9rences de l&rsquo;utilisateur :<br>M\u00e9moriser les filtres utilis\u00e9s par l&rsquo;utilisateur pour am\u00e9liorer l&rsquo;exp\u00e9rience de navigation.<\/td><td>Propre<\/td><td>permanent<\/td><\/tr><tr><td>result_paper_<br>program_owner<\/td><td>Pr\u00e9f\u00e9rences<\/td><td>M\u00e9moriser les pr\u00e9f\u00e9rences de l&rsquo;utilisateur :<br>M\u00e9moriser les filtres utilis\u00e9s par l&rsquo;utilisateur pour am\u00e9liorer l&rsquo;exp\u00e9rience de navigation.<\/td><td>Propre<\/td><td>permanent<\/td><\/tr><tr><td><br>result_paper_<br>session_owner<\/td><td>Pr\u00e9f\u00e9rences<\/td><td>M\u00e9moriser les pr\u00e9f\u00e9rences de l&rsquo;utilisateur :<br>M\u00e9moriser les filtres utilis\u00e9s par l&rsquo;utilisateur pour am\u00e9liorer l&rsquo;exp\u00e9rience de navigation.<\/td><td>Propre<\/td><td>permanent<\/td><\/tr><tr><td>token<\/td><td>Pr\u00e9f\u00e9rences<\/td><td>Authentification :<br>Jeton d&rsquo;authentification des utilisateurs de la plate-forme.<\/td><td>Propre<\/td><td>permanent<\/td><\/tr><tr><td>locale<\/td><td>Pr\u00e9f\u00e9rences<\/td><td>M\u00e9moriser les pr\u00e9f\u00e9rences de l&rsquo;utilisateur :<br>Langue de la plate-forme s\u00e9lectionn\u00e9e.<\/td><td>Propre<\/td><td>permanent<\/td><\/tr><tr><td>last_url<\/td><td>Pr\u00e9f\u00e9rences<\/td><td>M\u00e9moriser la navigation :<br>Derni\u00e8re URL consult\u00e9e.<\/td><td>Propre<\/td><td>permanent<\/td><\/tr><tr><td>theme<\/td><td>Pr\u00e9f\u00e9rences<\/td><td>M\u00e9moriser les pr\u00e9f\u00e9rences de l&rsquo;utilisateur, les filtres utilis\u00e9s pour am\u00e9liorer l&rsquo;exp\u00e9rience de navigation.<\/td><td>Propre<\/td><td>permanent<\/td><\/tr><tr><td>content_locale<\/td><td>Pr\u00e9f\u00e9rences<\/td><td>M\u00e9moriser les pr\u00e9f\u00e9rences de l&rsquo;utilisateur, les filtres utilis\u00e9s pour am\u00e9liorer l&rsquo;exp\u00e9rience de navigation.<\/td><td>Propre<\/td><td>permanent<\/td><\/tr><\/tbody><\/table><\/figure>\n\n\n","protected":false},"excerpt":{"rendered":"<p>Dispositif: localStorage Nom Objectif Description Propri\u00e9t\u00e9 Duration activity_digital_filter Pr\u00e9f\u00e9rences M\u00e9moriser les pr\u00e9f\u00e9rences de l&rsquo;utilisateur :M\u00e9moriser les filtres utilis\u00e9s par l&rsquo;utilisateur pour am\u00e9liorer l&rsquo;exp\u00e9rience de navigation. Propre permanent session_digital_calendar_owner Pr\u00e9f\u00e9rences M\u00e9moriser les pr\u00e9f\u00e9rences de l&rsquo;utilisateur :M\u00e9moriser les filtres utilis\u00e9s par l&rsquo;utilisateur pour am\u00e9liorer l&rsquo;exp\u00e9rience de navigation. Propre permanent session_digital_prototype_owner Pr\u00e9f\u00e9rences M\u00e9moriser les pr\u00e9f\u00e9rences de l&rsquo;utilisateur :M\u00e9moriser &hellip;<\/p>\n","protected":false},"author":3,"featured_media":0,"parent":32638,"menu_order":0,"comment_status":"closed","ping_status":"closed","template":"","meta":{"_acf_changed":false,"_genesis_hide_title":false,"_genesis_hide_breadcrumbs":false,"_genesis_hide_singular_image":false,"_genesis_hide_footer_widgets":false,"_genesis_custom_body_class":"","_genesis_custom_post_class":"","_genesis_layout":"","footnotes":""},"class_list":{"1":"page","2":"type-page","5":"entry"},"acf":[],"_links":{"self":[{"href":"https:\/\/neuronup.com\/fr\/wp-json\/wp\/v2\/pages\/36114","targetHints":{"allow":["GET"]}}],"collection":[{"href":"https:\/\/neuronup.com\/fr\/wp-json\/wp\/v2\/pages"}],"about":[{"href":"https:\/\/neuronup.com\/fr\/wp-json\/wp\/v2\/types\/page"}],"author":[{"embeddable":true,"href":"https:\/\/neuronup.com\/fr\/wp-json\/wp\/v2\/users\/3"}],"replies":[{"embeddable":true,"href":"https:\/\/neuronup.com\/fr\/wp-json\/wp\/v2\/comments?post=36114"}],"version-history":[{"count":0,"href":"https:\/\/neuronup.com\/fr\/wp-json\/wp\/v2\/pages\/36114\/revisions"}],"up":[{"embeddable":true,"href":"https:\/\/neuronup.com\/fr\/wp-json\/wp\/v2\/pages\/32638"}],"wp:attachment":[{"href":"https:\/\/neuronup.com\/fr\/wp-json\/wp\/v2\/media?parent=36114"}],"curies":[{"name":"wp","href":"https:\/\/api.w.org\/{rel}","templated":true}]}}