{"id":36041,"date":"2024-11-29T10:35:52","date_gmt":"2024-11-29T08:35:52","guid":{"rendered":"https:\/\/neuronup.com\/fr\/?page_id=36041"},"modified":"2026-01-29T17:56:38","modified_gmt":"2026-01-29T15:56:38","slug":"solutions-pour-les-professionnels-de-la-neurorehabilitation","status":"publish","type":"page","link":"https:\/\/neuronup.com\/fr\/quest-ce-que-neuronup\/solutions-pour-les-professionnels-de-la-neurorehabilitation\/","title":{"rendered":"Solutions pour les professionnels de la neuror\u00e9habilitation"},"content":{"rendered":"\n<div class=\"wp-block-columns is-layout-flex wp-container-core-columns-is-layout-9d6595d7 wp-block-columns-is-layout-flex\">\n<div class=\"wp-block-column is-layout-flow wp-block-column-is-layout-flow\" style=\"flex-basis:66.66%\">\n<h2 class=\"wp-block-heading\">NeuronUP est une application qui <strong>fournit des outils au th\u00e9rapeute<\/strong> pour atteindre la plus grande autonomie fonctionnelle possible chez les patients<\/h2>\n\n\n\n<p>Une intervention th\u00e9rapeutique avec NeuronUP facilite le travail tant au niveau cognitif que comportemental pour r\u00e9tablir l&rsquo;estime de soi du patient, renforcer les capacit\u00e9s pr\u00e9serv\u00e9es, obtenir une meilleure r\u00e9insertion sociale et informer et conseiller l&rsquo;entourage familial sur l&rsquo;\u00e9volution de la personne concern\u00e9e.<\/p>\n\n\n\n<p>NeuronUP permet de combiner les techniques <strong>conventionnelles en r\u00e9habilitation<\/strong> avec l&rsquo;introduction des nouvelles technologies et d&rsquo;appliquer des techniques de <strong>recherche<\/strong> dans l&rsquo;am\u00e9lioration des troubles neurologiques, minimisant les r\u00e9percussions de la pathologie dupatient et maximisant les r\u00e9sultats de la m\u00e9thodologie th\u00e9rapeutique du professionnel pour une possible r\u00e9cup\u00e9ration.<\/p>\n\n\n\n<div class=\"wp-block-buttons is-layout-flex wp-block-buttons-is-layout-flex\">\n<div class=\"wp-block-button--1\"><a class=\"wp-block-button__link button button-outline wp-element-button\" href=\"https:\/\/neuronup.com\/fr\/quest-ce-que-neuronup\/\">En savoir plus sur NeuronUP<\/a><\/div>\n<\/div>\n<\/div>\n\n\n\n<div class=\"wp-block-column relative is-layout-flow wp-block-column-is-layout-flow\" style=\"flex-basis:33.33%\">\n<figure class=\"wp-block-image size-full absolute-l image-interface animate-scroll\"><img decoding=\"async\" width=\"899\" height=\"446\" src=\"https:\/\/neuronup.com\/fr\/wp-content\/uploads\/2024\/11\/sesiones-digitales-neuronup.webp\" alt=\"Interface NeuronUP montrant la gestion de sessions num\u00e9riques: menu, calendrier septembre 2021 et bouton Cr\u00e9er session.\" class=\"wp-image-36032\" srcset=\"https:\/\/neuronup.com\/fr\/wp-content\/uploads\/2024\/11\/sesiones-digitales-neuronup-300x149.webp 300w, https:\/\/neuronup.com\/fr\/wp-content\/uploads\/2024\/11\/sesiones-digitales-neuronup-768x381.webp 768w, https:\/\/neuronup.com\/fr\/wp-content\/uploads\/2024\/11\/sesiones-digitales-neuronup.webp 899w\" sizes=\"(max-width: 899px) 100vw, 899px\" \/><\/figure>\n<\/div>\n<\/div>\n\n\n\n<div style=\"height:100px\" aria-hidden=\"true\" class=\"wp-block-spacer\"><\/div>\n\n\n\n<div class=\"wp-block-columns is-layout-flex wp-container-core-columns-is-layout-9d6595d7 wp-block-columns-is-layout-flex\">\n<div class=\"wp-block-column image-interface p-5 is-layout-flow wp-block-column-is-layout-flow\">\n<h4 class=\"wp-block-heading\">NeuronUP University<\/h4>\n\n\n\n<p><strong>Placez votre universit\u00e9 \u00e0 l&rsquo;avant-garde<\/strong> de l&rsquo;\u00e9ducation et <strong>formez les futurs professionnels de la sant\u00e9 mentale<\/strong> avec notre outil.<\/p>\n\n\n\n<div class=\"wp-block-buttons is-layout-flex wp-block-buttons-is-layout-flex\">\n<div class=\"wp-block-button--2\"><a class=\"wp-block-button__link button button-outline wp-element-button\" href=\"https:\/\/neuronup.com\/fr\/solutions-de-neurorehabilitation\/universites\/\">Consultez les avantages pour votre universit\u00e9<\/a><\/div>\n<\/div>\n<\/div>\n\n\n\n<div class=\"wp-block-column image-interface p-5 is-layout-flow wp-block-column-is-layout-flow\">\n<h4 class=\"wp-block-heading\">NeuronUP School<\/h4>\n\n\n\n<p>Offrez une <strong>valeur ajout\u00e9e<\/strong> \u00e0 vos professeurs et \u00e9tudiants, <strong>abordez les probl\u00e8mes d&rsquo;apprentissage<\/strong> de vos \u00e9l\u00e8ves.<\/p>\n\n\n\n<div class=\"wp-block-buttons is-layout-flex wp-block-buttons-is-layout-flex\">\n<div class=\"wp-block-button--3\"><a class=\"wp-block-button__link button button-outline wp-element-button\" href=\"https:\/\/neuronup.com\/fr\/solutions-de-neurorehabilitation\/colleges\/\">Consultez nos options pour les \u00e9coles<\/a><\/div>\n<\/div>\n<\/div>\n<\/div>\n\n\n\n<div class=\"wp-block-group alignfull back-blue has-alt-background-color has-background has-light-background has-lg-padding-top has-lg-padding-bottom has-xxxxl-margin-top\"><div class=\"wp-block-group__inner-container is-layout-flow wp-block-group-is-layout-flow\">\n<h2 class=\"wp-block-heading has-text-align-center\">Produits de NeuronUP<\/h2>\n\n\n\n<div style=\"height:100px\" aria-hidden=\"true\" class=\"wp-block-spacer\"><\/div>\n\n\n\n<div class=\"wp-block-columns is-layout-flex wp-container-core-columns-is-layout-9d6595d7 wp-block-columns-is-layout-flex\">\n<div class=\"wp-block-column is-vertically-aligned-center is-layout-flow wp-block-column-is-layout-flow\">\n<div class=\"wp-block-group\"><div class=\"wp-block-group__inner-container is-layout-flow wp-block-group-is-layout-flow\">\n<figure class=\"wp-block-gallery has-nested-images columns-2 is-cropped image-interface-gallery animate-scroll-left wp-block-gallery-4 is-layout-flex wp-block-gallery-is-layout-flex\">\n<figure class=\"wp-block-image size-large\"><img decoding=\"async\" width=\"1024\" height=\"769\" data-id=\"33147\" src=\"https:\/\/neuronup.com\/fr\/wp-content\/uploads\/2024\/11\/Capture-decran-2021-10-14-a-12.36.56-1024x769.webp\" alt=\"Terrain de football stylis\u00e9 avec des cercles color\u00e9s portant des lettres, dispos\u00e9s al\u00e9atoirement; ic\u00f4nes de contr\u00f4le en bas.\" class=\"wp-image-33147\" srcset=\"https:\/\/neuronup.com\/fr\/wp-content\/uploads\/2024\/11\/Capture-decran-2021-10-14-a-12.36.56-300x225.webp 300w, https:\/\/neuronup.com\/fr\/wp-content\/uploads\/2024\/11\/Capture-decran-2021-10-14-a-12.36.56-400x300.webp 400w, https:\/\/neuronup.com\/fr\/wp-content\/uploads\/2024\/11\/Capture-decran-2021-10-14-a-12.36.56-768x577.webp 768w, https:\/\/neuronup.com\/fr\/wp-content\/uploads\/2024\/11\/Capture-decran-2021-10-14-a-12.36.56-800x600.webp 800w, https:\/\/neuronup.com\/fr\/wp-content\/uploads\/2024\/11\/Capture-decran-2021-10-14-a-12.36.56-1024x769.webp 1024w, https:\/\/neuronup.com\/fr\/wp-content\/uploads\/2024\/11\/Capture-decran-2021-10-14-a-12.36.56-1200x900.webp 1200w, https:\/\/neuronup.com\/fr\/wp-content\/uploads\/2024\/11\/Capture-decran-2021-10-14-a-12.36.56-1536x1153.webp 1536w, https:\/\/neuronup.com\/fr\/wp-content\/uploads\/2024\/11\/Capture-decran-2021-10-14-a-12.36.56-2048x1537.webp 2048w\" sizes=\"(max-width: 1024px) 100vw, 1024px\" \/><\/figure>\n\n\n\n<figure class=\"wp-block-image size-large\"><img decoding=\"async\" width=\"1024\" height=\"762\" data-id=\"34112\" src=\"https:\/\/neuronup.com\/fr\/wp-content\/uploads\/2024\/11\/Trouve-les-paires-1024x762.webp\" alt=\"Grille de six illustrations en deux rang\u00e9es pr\u00e9sentant fleurs pompon roses, orchid\u00e9e bleue et succulentes vertes sur fond bleu clair.\" class=\"wp-image-34112\" srcset=\"https:\/\/neuronup.com\/fr\/wp-content\/uploads\/2024\/11\/Trouve-les-paires-300x223.webp 300w, https:\/\/neuronup.com\/fr\/wp-content\/uploads\/2024\/11\/Trouve-les-paires-768x571.webp 768w, https:\/\/neuronup.com\/fr\/wp-content\/uploads\/2024\/11\/Trouve-les-paires-1024x762.webp 1024w, https:\/\/neuronup.com\/fr\/wp-content\/uploads\/2024\/11\/Trouve-les-paires.webp 1450w\" sizes=\"(max-width: 1024px) 100vw, 1024px\" \/><\/figure>\n\n\n\n<figure class=\"wp-block-image size-large\"><img decoding=\"async\" width=\"1024\" height=\"770\" data-id=\"33136\" src=\"https:\/\/neuronup.com\/fr\/wp-content\/uploads\/2024\/11\/Capture-decran-2021-10-01-a-14.52.18-1024x770.webp\" alt=\"Sc\u00e8ne naturelle avec un animal fouisseur brun \u00e9mergeant d\u2019un trou, entour\u00e9 de v\u00e9g\u00e9tation; interface de jeu en bas avec c\u0153urs et Passer.\" class=\"wp-image-33136\" srcset=\"https:\/\/neuronup.com\/fr\/wp-content\/uploads\/2024\/11\/Capture-decran-2021-10-01-a-14.52.18-300x226.webp 300w, https:\/\/neuronup.com\/fr\/wp-content\/uploads\/2024\/11\/Capture-decran-2021-10-01-a-14.52.18-400x300.webp 400w, https:\/\/neuronup.com\/fr\/wp-content\/uploads\/2024\/11\/Capture-decran-2021-10-01-a-14.52.18-768x578.webp 768w, https:\/\/neuronup.com\/fr\/wp-content\/uploads\/2024\/11\/Capture-decran-2021-10-01-a-14.52.18-1024x770.webp 1024w, https:\/\/neuronup.com\/fr\/wp-content\/uploads\/2024\/11\/Capture-decran-2021-10-01-a-14.52.18-1536x1156.webp 1536w, https:\/\/neuronup.com\/fr\/wp-content\/uploads\/2024\/11\/Capture-decran-2021-10-01-a-14.52.18-2048x1541.webp 2048w\" sizes=\"(max-width: 1024px) 100vw, 1024px\" \/><\/figure>\n\n\n\n<figure class=\"wp-block-image size-large\"><img decoding=\"async\" width=\"1024\" height=\"771\" data-id=\"33284\" src=\"https:\/\/neuronup.com\/fr\/wp-content\/uploads\/2024\/11\/Cherche-et-tu-trouveras-Difficile-1024x771.webp\" alt=\"Sc\u00e8ne cartoon color\u00e9e avec animaux de ferme et sauvages sur un terrain vert, maison rouge en arri\u00e8re-plan, c\u0153urs et bouton d\u2019activit\u00e9 en bas.\" class=\"wp-image-33284\" srcset=\"https:\/\/neuronup.com\/fr\/wp-content\/uploads\/2024\/11\/Cherche-et-tu-trouveras-Difficile-300x226.webp 300w, https:\/\/neuronup.com\/fr\/wp-content\/uploads\/2024\/11\/Cherche-et-tu-trouveras-Difficile-400x300.webp 400w, https:\/\/neuronup.com\/fr\/wp-content\/uploads\/2024\/11\/Cherche-et-tu-trouveras-Difficile-768x578.webp 768w, https:\/\/neuronup.com\/fr\/wp-content\/uploads\/2024\/11\/Cherche-et-tu-trouveras-Difficile-1024x771.webp 1024w, https:\/\/neuronup.com\/fr\/wp-content\/uploads\/2024\/11\/Cherche-et-tu-trouveras-Difficile.webp 1435w\" sizes=\"(max-width: 1024px) 100vw, 1024px\" \/><\/figure>\n<\/figure>\n<\/div><\/div>\n<\/div>\n\n\n\n<div class=\"wp-block-column is-vertically-aligned-center is-layout-flow wp-block-column-is-layout-flow\">\n<h3 class=\"wp-block-heading\">Plan d&rsquo;activit\u00e9s num\u00e9riques Enfants<\/h3>\n\n\n\n<p>3 000 activit\u00e9s de stimulation cognitive sp\u00e9cialement con\u00e7ues pour les enfants, d\u00e9velopp\u00e9es par des psychologues, des orthophonistes et des p\u00e9dagogues, ax\u00e9es sur le TDAH, les troubles de l&rsquo;apprentissage et d&rsquo;autres troubles du neurod\u00e9veloppement.<\/p>\n\n\n\n<p class=\"has-sm-font-size\">Des exercices con\u00e7us sp\u00e9cifiquement pour les enfants, avec une large gamme de niveaux. Un accent particulier a \u00e9t\u00e9 mis sur la cr\u00e9ation d&rsquo;activit\u00e9s d&rsquo;entra\u00eenement c\u00e9r\u00e9bral qui augmentent la motivation lors de la r\u00e9alisation de la r\u00e9habilitation cognitive comme point de d\u00e9part pour accro\u00eetre l&rsquo;implication de l&rsquo;utilisateur enfant. NeuronUP Kids propose des jeux de stimulation cognitive sp\u00e9cialis\u00e9s et interactifs pour travailler la d\u00e9ficience intellectuelle, le TDAH, l&rsquo;autisme, les divers troubles de l&rsquo;apprentissage tels que la dyslexie, la dysgraphie, la dyscalculie, les troubles d&rsquo;expression et de compr\u00e9hension ainsi que d&rsquo;autres troubles de la communication.<\/p>\n\n\n\n<div class=\"wp-block-buttons is-layout-flex wp-block-buttons-is-layout-flex\">\n<div class=\"wp-block-button--5\"><a class=\"wp-block-button__link button button-outline wp-element-button\" href=\"https:\/\/neuronup.com\/fr\/landing-store-user\/\">Je veux essayer ce plan<\/a><\/div>\n<\/div>\n<\/div>\n<\/div>\n\n\n\n<div style=\"height:100px\" aria-hidden=\"true\" class=\"wp-block-spacer\"><\/div>\n\n\n\n<div class=\"wp-block-columns is-layout-flex wp-container-core-columns-is-layout-9d6595d7 wp-block-columns-is-layout-flex\">\n<div class=\"wp-block-column is-vertically-aligned-center is-layout-flow wp-block-column-is-layout-flow\">\n<h3 class=\"wp-block-heading\">Plan d&rsquo;activit\u00e9s num\u00e9riques Adultes<\/h3>\n\n\n\n<p>Plus de 6 000 activit\u00e9s \u00e0 haute valeur \u00e9cologique d\u00e9velopp\u00e9es par des neuropsychologues et des ergoth\u00e9rapeutes destin\u00e9es \u00e0 travailler sur les l\u00e9sions c\u00e9r\u00e9brales, la maladie mentale, le vieillissement sain et les maladies neurod\u00e9g\u00e9n\u00e9ratives comme la scl\u00e9rose en plaques, la maladie de Parkinson ou d&rsquo;Alzheimer.<\/p>\n\n\n\n<p class=\"has-sm-font-size\">Des exercices de m\u00e9moire, attention, langage, orientation, cognition sociale, praxies, comp\u00e9tences visuo-spatiales, fonctions ex\u00e9cutives et autres fonctions cognitives, la grande majorit\u00e9 bas\u00e9s sur des activit\u00e9s de la vie quotidienne visant la r\u00e9habilitation cognitive fonctionnelle et plus de 3 000 ressources suppl\u00e9mentaires. Il dispose d&rsquo;une \u00e9norme vari\u00e9t\u00e9 d&rsquo;activit\u00e9s de stimulation c\u00e9r\u00e9brale avec support technique continu, permettant au professionnel d&rsquo;\u00e9conomiser du temps et de l&rsquo;argent et faisant de NeuronUP le meilleur outil de r\u00e9habilitation cognitive professionnelle implant\u00e9 dans 12 pays.<\/p>\n\n\n\n<div class=\"wp-block-buttons is-layout-flex wp-block-buttons-is-layout-flex\">\n<div class=\"wp-block-button--6\"><a class=\"wp-block-button__link button button-outline wp-element-button\" href=\"https:\/\/neuronup.com\/fr\/landing-store-user\/\">Je veux essayer ce plan<\/a><\/div>\n<\/div>\n<\/div>\n\n\n\n<div class=\"wp-block-column is-vertically-aligned-center is-layout-flow wp-block-column-is-layout-flow\">\n<figure class=\"wp-block-gallery has-nested-images columns-2 is-cropped image-interface-gallery animate-scroll-right wp-block-gallery-7 is-layout-flex wp-block-gallery-is-layout-flex\">\n<figure class=\"wp-block-image size-large\"><img decoding=\"async\" width=\"1024\" height=\"757\" data-id=\"33960\" src=\"https:\/\/neuronup.com\/fr\/wp-content\/uploads\/2024\/11\/Recyclez-vos-dechets-1024x757.webp\" alt=\"Quatre poubelles color\u00e9es: bleu, vert, jaune et rouge, d\u00e9di\u00e9es au recyclage; bananes et bouteilles sur la table, vue sur une ville moderne.\" class=\"wp-image-33960\" srcset=\"https:\/\/neuronup.com\/fr\/wp-content\/uploads\/2024\/11\/Recyclez-vos-dechets-300x222.webp 300w, https:\/\/neuronup.com\/fr\/wp-content\/uploads\/2024\/11\/Recyclez-vos-dechets-768x568.webp 768w, https:\/\/neuronup.com\/fr\/wp-content\/uploads\/2024\/11\/Recyclez-vos-dechets-1024x757.webp 1024w, https:\/\/neuronup.com\/fr\/wp-content\/uploads\/2024\/11\/Recyclez-vos-dechets.webp 1460w\" sizes=\"(max-width: 1024px) 100vw, 1024px\" \/><\/figure>\n\n\n\n<figure class=\"wp-block-image size-large\"><img decoding=\"async\" width=\"1024\" height=\"776\" data-id=\"33144\" src=\"https:\/\/neuronup.com\/fr\/wp-content\/uploads\/2024\/11\/Capture-decran-2021-10-13-a-10.47.20-1024x776.webp\" alt=\"Cuisine moderne et lumineuse avec r\u00e9frig\u00e9rateur \u00e0 portes vitr\u00e9es affichant viande et l\u00e9gumes, cuisini\u00e8re int\u00e9gr\u00e9e et plan de travail en bois clair.\" class=\"wp-image-33144\" srcset=\"https:\/\/neuronup.com\/fr\/wp-content\/uploads\/2024\/11\/Capture-decran-2021-10-13-a-10.47.20-300x227.webp 300w, https:\/\/neuronup.com\/fr\/wp-content\/uploads\/2024\/11\/Capture-decran-2021-10-13-a-10.47.20-768x582.webp 768w, https:\/\/neuronup.com\/fr\/wp-content\/uploads\/2024\/11\/Capture-decran-2021-10-13-a-10.47.20-1024x776.webp 1024w, https:\/\/neuronup.com\/fr\/wp-content\/uploads\/2024\/11\/Capture-decran-2021-10-13-a-10.47.20-1536x1164.webp 1536w, https:\/\/neuronup.com\/fr\/wp-content\/uploads\/2024\/11\/Capture-decran-2021-10-13-a-10.47.20-2048x1552.webp 2048w\" sizes=\"(max-width: 1024px) 100vw, 1024px\" \/><\/figure>\n\n\n\n<figure class=\"wp-block-image size-large\"><img decoding=\"async\" width=\"1024\" height=\"699\" data-id=\"33427\" src=\"https:\/\/neuronup.com\/fr\/wp-content\/uploads\/2024\/11\/Fiche-pour-travailler-sur-la-discrimination-chez-les-enfants-Quel-nombre-entends-tu-1-1024x699.webp\" alt=\"Fond bleu clair affichant quatre options de r\u00e9ponse: A: 36, B: 28, C: 34 et D: 45, indiquant un exercice d\u2019\u00e9coute interactif.\" class=\"wp-image-33427\" srcset=\"https:\/\/neuronup.com\/fr\/wp-content\/uploads\/2024\/11\/Fiche-pour-travailler-sur-la-discrimination-chez-les-enfants-Quel-nombre-entends-tu-1-300x205.webp 300w, https:\/\/neuronup.com\/fr\/wp-content\/uploads\/2024\/11\/Fiche-pour-travailler-sur-la-discrimination-chez-les-enfants-Quel-nombre-entends-tu-1-768x524.webp 768w, https:\/\/neuronup.com\/fr\/wp-content\/uploads\/2024\/11\/Fiche-pour-travailler-sur-la-discrimination-chez-les-enfants-Quel-nombre-entends-tu-1-1024x699.webp 1024w, https:\/\/neuronup.com\/fr\/wp-content\/uploads\/2024\/11\/Fiche-pour-travailler-sur-la-discrimination-chez-les-enfants-Quel-nombre-entends-tu-1.webp 1432w\" sizes=\"(max-width: 1024px) 100vw, 1024px\" \/><\/figure>\n\n\n\n<figure class=\"wp-block-image size-large\"><img decoding=\"async\" width=\"1024\" height=\"760\" data-id=\"33977\" src=\"https:\/\/neuronup.com\/fr\/wp-content\/uploads\/2024\/11\/Reprenez-votre-valise-1024x760.webp\" alt=\"Sc\u00e8ne d\u2019a\u00e9roport: deux valises sur un tapis roulant, marron et grise, \u00e9tiquet\u00e9es; si\u00e8ges rouges et avion en mouvement \u00e0 l\u2019arri\u00e8re.\" class=\"wp-image-33977\" srcset=\"https:\/\/neuronup.com\/fr\/wp-content\/uploads\/2024\/11\/Reprenez-votre-valise-300x223.webp 300w, https:\/\/neuronup.com\/fr\/wp-content\/uploads\/2024\/11\/Reprenez-votre-valise-768x570.webp 768w, https:\/\/neuronup.com\/fr\/wp-content\/uploads\/2024\/11\/Reprenez-votre-valise-1024x760.webp 1024w, https:\/\/neuronup.com\/fr\/wp-content\/uploads\/2024\/11\/Reprenez-votre-valise.webp 1454w\" sizes=\"(max-width: 1024px) 100vw, 1024px\" \/><\/figure>\n<\/figure>\n<\/div>\n<\/div>\n\n\n\n<div style=\"height:100px\" aria-hidden=\"true\" class=\"wp-block-spacer\"><\/div>\n\n\n\n<div class=\"wp-block-columns is-layout-flex wp-container-core-columns-is-layout-9d6595d7 wp-block-columns-is-layout-flex\">\n<div class=\"wp-block-column is-vertically-aligned-center is-layout-flow wp-block-column-is-layout-flow\">\n<figure class=\"wp-block-image size-full is-resized w-100\"><img decoding=\"async\" width=\"512\" height=\"388\" src=\"https:\/\/neuronup.com\/fr\/wp-content\/uploads\/2024\/11\/NeuronUP-2GO-pour-travailler-depuis-nimporte-ou.webp\" alt=\"Femme sur un canap\u00e9 jaune utilisant un ordinateur portable; lumi\u00e8re naturelle, cheveux longs et ondul\u00e9s, NeuronUP 2GO.\" class=\"wp-image-36046\" style=\"width:512px;height:388px\" srcset=\"https:\/\/neuronup.com\/fr\/wp-content\/uploads\/2024\/11\/NeuronUP-2GO-pour-travailler-depuis-nimporte-ou-300x227.webp 300w, https:\/\/neuronup.com\/fr\/wp-content\/uploads\/2024\/11\/NeuronUP-2GO-pour-travailler-depuis-nimporte-ou.webp 512w\" sizes=\"(max-width: 512px) 100vw, 512px\" \/><\/figure>\n<\/div>\n\n\n\n<div class=\"wp-block-column is-vertically-aligned-center is-layout-flow wp-block-column-is-layout-flow\">\n<h3 class=\"wp-block-heading\">NeuronUP 2GO pour travailler depuis n&rsquo;importe o\u00f9<\/h3>\n\n\n\n<p>NeuronUP2GO sont des sessions personnalis\u00e9es de NeuronUP qui permettent aux patiens de faire confortablement depuis chez eux les exercices de stimulation cognitive que leur th\u00e9rapeute leur a programm\u00e9s.<\/p>\n\n\n\n<p>Le professionnel aura enregistr\u00e9 les r\u00e9sultats des exercices de chaque utilisateur et pourra augmenter la capacit\u00e9 de son centre en g\u00e9rant la r\u00e9habilitation cognitive d&rsquo;utilisateurs situ\u00e9s n&rsquo;importe o\u00f9 dans le monde.<\/p>\n\n\n\n<p>Avec NeuronUP2GO, il ne sera pas n\u00e9cessaire d&rsquo;interrompre le traitement pour quelque raison que ce soit, car le professionnel peut programmer les sessions de mani\u00e8re \u00e0 ce que l&rsquo;utilisateur poursuive r\u00e9guli\u00e8rement son traitement de neuro-r\u00e9habilitation avec les exercices de NeuronUP.<\/p>\n\n\n\n<p>Pour utiliser NeuronUP2GO, il est n\u00e9cessaire d&rsquo;avoir pr\u00e9alablement souscrit \u00e0 l&rsquo;un des plans d&rsquo;activit\u00e9s Enfants et\/ou Adultes.<\/p>\n\n\n\n<div class=\"wp-block-buttons is-layout-flex wp-block-buttons-is-layout-flex\">\n<div class=\"wp-block-button--8\"><a class=\"wp-block-button__link button button-outline wp-element-button\" href=\"https:\/\/neuronup.com\/fr\/landing-store-user\/\">Je veux essayer de travailler \u00e0 distance<\/a><\/div>\n<\/div>\n<\/div>\n<\/div>\n\n\n\n<div style=\"height:100px\" aria-hidden=\"true\" class=\"wp-block-spacer\"><\/div>\n\n\n\n<div class=\"wp-block-columns is-layout-flex wp-container-core-columns-is-layout-9d6595d7 wp-block-columns-is-layout-flex\">\n<div class=\"wp-block-column is-vertically-aligned-center is-layout-flow wp-block-column-is-layout-flow\">\n<h3 class=\"wp-block-heading\">Plans d&rsquo;activit\u00e9s Papier<\/h3>\n\n\n\n<p>NeuronUP est une plateforme multiformat qui dispose de centaines de fiches et de g\u00e9n\u00e9rateurs papier avec des exercices sp\u00e9cialement con\u00e7us pour les patients ayant des difficult\u00e9s \u00e0 travailler avec des \u00e9crans.<\/p>\n\n\n\n<p class=\"has-sm-font-size\">De cette mani\u00e8re, le professionnel pourra adapter l&rsquo;interface des exercices de son intervention \u00e0 la technologie qui convient le mieux \u00e0 la r\u00e9habilitation cognitive dont vos patients ont besoin.<\/p>\n\n\n\n<div class=\"wp-block-buttons is-layout-flex wp-block-buttons-is-layout-flex\">\n<div class=\"wp-block-button--9\"><a class=\"wp-block-button__link button button-outline wp-element-button\" href=\"https:\/\/app.neuronup.com\/public\/signup\/adults_kids_paper\/single\">Je veux acheter ce plan<\/a><\/div>\n<\/div>\n<\/div>\n\n\n\n<div class=\"wp-block-column is-vertically-aligned-center is-layout-flow wp-block-column-is-layout-flow\"><div class=\"wp-block-image\">\n<figure class=\"aligncenter size-large\"><img decoding=\"async\" width=\"1024\" height=\"596\" src=\"https:\/\/neuronup.com\/fr\/wp-content\/uploads\/2024\/11\/Plans-dactivites-Papier-1024x596.webp\" alt=\"Pages de mat\u00e9riel \u00e9ducatif papier: labyrinthe \u00e0 gauche, animaux en bas, et visages avec \u00e9motions et mots \u00e0 associer.\" activit papier class=\"wp-image-36047\" srcset=\"https:\/\/neuronup.com\/fr\/wp-content\/uploads\/2024\/11\/Plans-dactivites-Papier-300x175.webp 300w, https:\/\/neuronup.com\/fr\/wp-content\/uploads\/2024\/11\/Plans-dactivites-Papier-768x447.webp 768w, https:\/\/neuronup.com\/fr\/wp-content\/uploads\/2024\/11\/Plans-dactivites-Papier-1024x596.webp 1024w, https:\/\/neuronup.com\/fr\/wp-content\/uploads\/2024\/11\/Plans-dactivites-Papier.webp 1200w\" sizes=\"(max-width: 1024px) 100vw, 1024px\" \/><\/figure>\n<\/div><\/div>\n<\/div>\n<\/div><\/div>\n\n\n\n\n<div style=\"height:100px\" aria-hidden=\"true\" class=\"wp-block-spacer\"><\/div>\n\n\n\n<div class=\"wp-block-columns is-layout-flex wp-container-core-columns-is-layout-9d6595d7 wp-block-columns-is-layout-flex\">\n<div class=\"wp-block-column is-layout-flow wp-block-column-is-layout-flow\">\n<h2 class=\"wp-block-heading\">Avantages pour les professionnels<\/h2>\n\n\n\n<ul class=\"wp-block-list\">\n<li>Gain de temps dans la planification des sessions du traitement.<\/li>\n\n\n\n<li>Activit\u00e9s d\u00e9velopp\u00e9es et class\u00e9es sur la base de <strong>preuves cliniques<\/strong> et de la <strong>neuroscience<\/strong>.<\/li>\n\n\n\n<li>Mat\u00e9riel multiple et vari\u00e9 pour rendre le processus de r\u00e9habilitation\/stimulation plus complet.<\/li>\n\n\n\n<li>Possibilit\u00e9 d&rsquo;une personnalisation \u00e9lev\u00e9e pour rendre les t\u00e2ches plus \u00e9cologiques et les adapter aux besoins concrets de chaque sujet.<\/li>\n\n\n\n<li>Acc\u00e8s depuis n&rsquo;importe quel point avec internet (syst\u00e8me Cloud Computing). Pas d&rsquo;installation n\u00e9cessaire et les mises \u00e0 jour sont disponibles en temps r\u00e9el.<\/li>\n\n\n\n<li>Gestionnaire de r\u00e9sultats o\u00f9 enregistrer et consulter rapidement l&rsquo;\u00e9volution du sujet.<\/li>\n\n\n\n<li>Communication interprofessionnelle <strong>facilitant l&rsquo;\u00e9change d&rsquo;id\u00e9es et de mat\u00e9riels.<\/strong><\/li>\n\n\n\n<li>Augmenter la capacit\u00e9 de votre entreprise en r\u00e9alisant une intervention th\u00e9rapeutique aupr\u00e8s d&rsquo;utilisateurs situ\u00e9s n&rsquo;importe o\u00f9 dans le monde.<\/li>\n<\/ul>\n<\/div>\n\n\n\n<div class=\"wp-block-column is-layout-flow wp-block-column-is-layout-flow\">\n<h2 class=\"wp-block-heading\">Avantages pour les patients<\/h2>\n\n\n\n<ul class=\"wp-block-list\">\n<li>Intervention personnalis\u00e9e et adapt\u00e9e \u00e0 chaque personne et \u00e0 ses circonstances.<\/li>\n\n\n\n<li>Entra\u00eenement aux t\u00e2ches utiles du quotidien.<\/li>\n\n\n\n<li>Mat\u00e9riel multiple et vari\u00e9 d\u00e9velopp\u00e9 par des professionnels.<\/li>\n\n\n\n<li>Contenus motivants et avec un design soign\u00e9 adapt\u00e9 \u00e0 l&rsquo;\u00e2ge.<\/li>\n\n\n\n<li>Format imprim\u00e9 et num\u00e9rique.<\/li>\n\n\n\n<li>Possibilit\u00e9 de poursuivre le traitement en r\u00e9alisant des t\u00e2ches \u00e0 la maison avec NeuronUP2GO (toujours pr\u00e9alablement prescrites par le professionnel).<\/li>\n<\/ul>\n<\/div>\n<\/div>\n","protected":false},"excerpt":{"rendered":"<p>NeuronUP est une application qui fournit des outils au th\u00e9rapeute pour atteindre la plus grande autonomie fonctionnelle possible chez les patients Une intervention th\u00e9rapeutique avec NeuronUP facilite le travail tant au niveau cognitif que comportemental pour r\u00e9tablir l&rsquo;estime de soi du patient, renforcer les capacit\u00e9s pr\u00e9serv\u00e9es, obtenir une meilleure r\u00e9insertion sociale et informer et conseiller &hellip;<\/p>\n","protected":false},"author":1,"featured_media":0,"parent":36028,"menu_order":0,"comment_status":"closed","ping_status":"closed","template":"","meta":{"_acf_changed":false,"_genesis_hide_title":false,"_genesis_hide_breadcrumbs":false,"_genesis_hide_singular_image":false,"_genesis_hide_footer_widgets":false,"_genesis_custom_body_class":"nup-style","_genesis_custom_post_class":"nup-style","_genesis_layout":"wide-content","footnotes":""},"class_list":{"1":"page","2":"type-page","5":"entry","6":"nup-style"},"acf":[],"_links":{"self":[{"href":"https:\/\/neuronup.com\/fr\/wp-json\/wp\/v2\/pages\/36041","targetHints":{"allow":["GET"]}}],"collection":[{"href":"https:\/\/neuronup.com\/fr\/wp-json\/wp\/v2\/pages"}],"about":[{"href":"https:\/\/neuronup.com\/fr\/wp-json\/wp\/v2\/types\/page"}],"author":[{"embeddable":true,"href":"https:\/\/neuronup.com\/fr\/wp-json\/wp\/v2\/users\/1"}],"replies":[{"embeddable":true,"href":"https:\/\/neuronup.com\/fr\/wp-json\/wp\/v2\/comments?post=36041"}],"version-history":[{"count":0,"href":"https:\/\/neuronup.com\/fr\/wp-json\/wp\/v2\/pages\/36041\/revisions"}],"up":[{"embeddable":true,"href":"https:\/\/neuronup.com\/fr\/wp-json\/wp\/v2\/pages\/36028"}],"wp:attachment":[{"href":"https:\/\/neuronup.com\/fr\/wp-json\/wp\/v2\/media?parent=36041"}],"curies":[{"name":"wp","href":"https:\/\/api.w.org\/{rel}","templated":true}]}}