{"id":35694,"date":"2024-11-28T09:48:57","date_gmt":"2024-11-28T07:48:57","guid":{"rendered":"https:\/\/neuronup.com\/fr\/?page_id=35694"},"modified":"2026-01-29T17:56:29","modified_gmt":"2026-01-29T15:56:29","slug":"universites","status":"publish","type":"page","link":"https:\/\/neuronup.com\/fr\/solutions-de-neurorehabilitation\/universites\/","title":{"rendered":"NeuronUP Universit\u00e9"},"content":{"rendered":"\n<div style=\"--cover-block-justify-content:center;\" class=\"wp-block-cover alignfull has-lg-content-width has-md-padding-top has-md-padding-bottom has-sm-padding-left has-sm-padding-right\"><span aria-hidden=\"true\" class=\"wp-block-cover__background has-primary-background-color has-background-dim-100 has-background-dim\"><\/span><div class=\"wp-block-cover__inner-container is-layout-constrained wp-block-cover-is-layout-constrained\">\n<h1 class=\"wp-block-heading has-text-align-center\">NeuronUP University<\/h1>\n\n\n\n<p class=\"has-text-align-center\">Placez votre universit\u00e9 \u00e0 la pointe de l&rsquo;\u00e9ducation<\/p>\n<\/div><\/div>\n\n\n\n<div style=\"height:100px\" aria-hidden=\"true\" class=\"wp-block-spacer\"><\/div>\n\n\n\n<div class=\"wp-block-columns is-layout-flex wp-container-core-columns-is-layout-9d6595d7 wp-block-columns-is-layout-flex\">\n<div class=\"wp-block-column is-layout-flow wp-block-column-is-layout-flow\">\n<p>Offrez une valeur ajout\u00e9e \u00e0 vos enseignants et \u00e0 vos \u00e9l\u00e8ves, choisissez un enseignement pratique et engagez-vous dans la recherche et l&rsquo;innovation en classe.<\/p>\n\n\n\n<div class=\"wp-block-buttons is-layout-flex wp-block-buttons-is-layout-flex\">\n<div class=\"wp-block-button\"><a class=\"wp-block-button__link button wp-element-button\" href=\"https:\/\/neuronup.com\/fr\/demande-demo\/\"><strong>Demander une d\u00e9mo<\/strong><\/a><\/div>\n\n\n\n<div class=\"wp-block-button\" style=\"--button-background:var(--color-custom-1);--button-background-hover:#cc7e00;\"><a class=\"wp-block-button__link button   wp-element-button\" href=\"https:\/\/neuronup.com\/fr\/landing-store-user\/\"><strong>Commencer votre essai gratuit<\/strong><\/a><\/div>\n\n<\/div>\n<\/div>\n\n\n\n<div class=\"wp-block-column is-layout-flow wp-block-column-is-layout-flow\"><div class=\"wp-block-image image-interface\">\n<figure class=\"aligncenter size-full\"><img decoding=\"async\" width=\"899\" height=\"446\" src=\"https:\/\/neuronup.com\/fr\/wp-content\/uploads\/2024\/11\/universite.webp\" alt=\"Groupe de personnes autour de tables avec ordinateurs portables; femme au premier plan souriante et concentr\u00e9e dans un espace de coworking universitaire.\" class=\"wp-image-35695\" srcset=\"https:\/\/neuronup.com\/fr\/wp-content\/uploads\/2024\/11\/universite-300x149.webp 300w, https:\/\/neuronup.com\/fr\/wp-content\/uploads\/2024\/11\/universite-768x381.webp 768w, https:\/\/neuronup.com\/fr\/wp-content\/uploads\/2024\/11\/universite.webp 899w\" sizes=\"(max-width: 899px) 100vw, 899px\" \/><\/figure>\n<\/div><\/div>\n<\/div>\n\n\n\n<div style=\"height:50px\" aria-hidden=\"true\" class=\"wp-block-spacer\"><\/div>\n\n\n\n<h3 class=\"wp-block-heading\">Plus de 50 universit\u00e9s nous font d\u00e9j\u00e0 confiance<\/h3>\n\n\n<div class=\"wp-block-image\">\n<figure class=\"aligncenter size-large\"><img decoding=\"async\" width=\"1024\" height=\"286\" src=\"https:\/\/neuronup.com\/fr\/wp-content\/uploads\/2024\/11\/logo-universite-1024x286.webp\" alt=\"Collection de logos universitaires et d\u2019institutions acad\u00e9miques, incluant Barry University et Florida Gulf Coast University, sur fond neutre.\" class=\"wp-image-35696\" srcset=\"https:\/\/neuronup.com\/fr\/wp-content\/uploads\/2024\/11\/logo-universite-300x84.webp 300w, https:\/\/neuronup.com\/fr\/wp-content\/uploads\/2024\/11\/logo-universite-768x214.webp 768w, https:\/\/neuronup.com\/fr\/wp-content\/uploads\/2024\/11\/logo-universite-1024x286.webp 1024w, https:\/\/neuronup.com\/fr\/wp-content\/uploads\/2024\/11\/logo-universite-1536x429.webp 1536w, https:\/\/neuronup.com\/fr\/wp-content\/uploads\/2024\/11\/logo-universite-2048x571.webp 2048w\" sizes=\"(max-width: 1024px) 100vw, 1024px\" \/><\/figure>\n<\/div>\n\n\n<h2 class=\"wp-block-heading\">Avantages pour les professeurs<\/h2>\n\n\n\n<ul class=\"wp-block-list\">\n<li>Utilisez NeuronUP pendant les cours pour apprendre aux \u00e9tudiants \u00e0 <strong>concevoir des s\u00e9ances d&rsquo;intervention neuropsychologique.<\/strong><\/li>\n\n\n\n<li>Suivi complet des \u00e9tudiants. Avec NeuronUP, les travaux de l&rsquo;\u00e9tudiant seront <strong>enregistr\u00e9s en temps r\u00e9el.<\/strong><\/li>\n\n\n\n<li>Possibilit\u00e9 de <strong>travailler \u00e0 distance <\/strong>avec les \u00e9tudiants.<\/li>\n\n\n\n<li>Avoir du mat\u00e9riel con\u00e7u par et pour des professionnels de la neuror\u00e9\u00e9ducation.<\/li>\n<\/ul>\n\n\n\n<figure class=\"wp-block-image size-full\"><img decoding=\"async\" width=\"125\" height=\"56\" src=\"https:\/\/neuronup.com\/fr\/wp-content\/uploads\/2024\/11\/estudiantes.webp\" alt=\"Silhouettes bleues de lecteurs en groupe lisant des documents, \u00e9voquant l\u2019apprentissage collectif et la concentration.\" class=\"wp-image-35697\"\/><\/figure>\n\n\n\n<h2 class=\"wp-block-heading\">Avantages pour les \u00e9l\u00e8ves <\/h2>\n\n\n\n<ul class=\"wp-block-list\">\n<li><strong>Apprentissage par la pratique<\/strong>. Ils pourront utiliser NeuronUP une fois sur le terrain, en stage par exemple : dans les h\u00f4pitaux, les cliniques, les centres de neuror\u00e9\u00e9ducation, etc.<\/li>\n\n\n\n<li>Possibilit\u00e9 de r\u00e9aliser <strong>un projet de recherche<\/strong> avec la plateforme.<\/li>\n\n\n\n<li>Apprendre \u00e0 utiliser un <strong>outil fondamental <\/strong>de neuror\u00e9\u00e9ducation pour leur vie professionnelle.<\/li>\n\n\n\n<li>Obtenir le <strong>certificat d&rsquo;expert NeuronUP<\/strong> \u00e0 la fin du cours.<\/li>\n<\/ul>\n\n\n\n<h3 class=\"wp-block-heading\">Enseignement pratique<\/h3>\n\n\n\n<p><strong>L&rsquo;intervention cognitive ne s&rsquo;apprend que par la pratique.<\/strong> Avec NeuronUP vous pourrez proposer \u00e0 vos \u00e9tudiants un enseignement pratique, puisque ces derniers pourront <strong>concevoir<\/strong> de v\u00e9ritables <strong>s\u00e9ances et programmes d&rsquo;intervention neuropsychologique<\/strong> pendant les cours et dans leurs stages.<\/p>\n\n\n<div class=\"wp-block-image image-interface\">\n<figure class=\"aligncenter size-full\"><img decoding=\"async\" width=\"887\" height=\"527\" src=\"https:\/\/neuronup.com\/fr\/wp-content\/uploads\/2024\/11\/profesional-con-neuronup.webp\" alt=\"Personne vue de dos assise devant un ordinateur portable ASUS; bureau organis\u00e9 et espace lumineux avec des chaises jaunes en arri\u00e8re-plan.\" class=\"wp-image-35698\" srcset=\"https:\/\/neuronup.com\/fr\/wp-content\/uploads\/2024\/11\/profesional-con-neuronup-300x178.webp 300w, https:\/\/neuronup.com\/fr\/wp-content\/uploads\/2024\/11\/profesional-con-neuronup-768x456.webp 768w, https:\/\/neuronup.com\/fr\/wp-content\/uploads\/2024\/11\/profesional-con-neuronup.webp 887w\" sizes=\"(max-width: 887px) 100vw, 887px\" \/><\/figure>\n<\/div>\n\n<div class=\"wp-block-image image-interface\">\n<figure class=\"aligncenter size-large\"><img decoding=\"async\" width=\"1024\" height=\"725\" src=\"https:\/\/neuronup.com\/fr\/wp-content\/uploads\/2024\/11\/Certificat-Expert-de-NeuronUP-1024x725.webp\" alt=\"Certificat NeuronUP affichant le titre Expert, ic\u00f4nes d&#039;outils en bas et les champs lieu, date et signature.\" class=\"wp-image-35699\" srcset=\"https:\/\/neuronup.com\/fr\/wp-content\/uploads\/2024\/11\/Certificat-Expert-de-NeuronUP-300x212.webp 300w, https:\/\/neuronup.com\/fr\/wp-content\/uploads\/2024\/11\/Certificat-Expert-de-NeuronUP-768x544.webp 768w, https:\/\/neuronup.com\/fr\/wp-content\/uploads\/2024\/11\/Certificat-Expert-de-NeuronUP-1024x725.webp 1024w, https:\/\/neuronup.com\/fr\/wp-content\/uploads\/2024\/11\/Certificat-Expert-de-NeuronUP-1536x1088.webp 1536w, https:\/\/neuronup.com\/fr\/wp-content\/uploads\/2024\/11\/Certificat-Expert-de-NeuronUP.webp 1884w\" sizes=\"(max-width: 1024px) 100vw, 1024px\" \/><\/figure>\n<\/div>\n\n\n<h3 class=\"wp-block-heading\">Pr\u00e9parez vos \u00e9tudiants au march\u00e9 du travail<\/h3>\n\n\n\n<p>Les \u00e9tudiants apprendront \u00e0 <strong>utiliser l&rsquo;outil phare de la r\u00e9\u00e9ducation et de la stimulation cognitive<\/strong> et \u00e0 la fin du cours, ils obtiendront un certificat d&rsquo;expert NeuronUP, une<strong> valeur ajout\u00e9e sur leurs CV.<\/strong><\/p>\n\n\n<div class=\"wp-block-image image-interface\">\n<figure class=\"aligncenter size-full is-resized\"><img decoding=\"async\" width=\"400\" height=\"504\" src=\"https:\/\/neuronup.com\/fr\/wp-content\/uploads\/2024\/11\/Raquel-Balsameda.webp\" alt=\"Photo professionnelle montrant une personne non identifiable dans un cadre bureautique, sans r\u00e9v\u00e9ler son identit\u00e9.\" class=\"wp-image-35700\" style=\"width:180px\" srcset=\"https:\/\/neuronup.com\/fr\/wp-content\/uploads\/2024\/11\/Raquel-Balsameda-238x300.webp 238w, https:\/\/neuronup.com\/fr\/wp-content\/uploads\/2024\/11\/Raquel-Balsameda.webp 400w\" sizes=\"(max-width: 400px) 100vw, 400px\" \/><\/figure>\n<\/div>\n\n\n<blockquote class=\"wp-block-quote is-layout-flow wp-block-quote-is-layout-flow\">\n<p>\u00ab Quelle meilleure fa\u00e7on d&rsquo;entrer sur le march\u00e9 du travail que de savoir utiliser NeuronUP, le principal outil de stimulation cognitive et de neuror\u00e9habilitation, afin que les \u00e9tudiants qui terminent notre dipl\u00f4me et commencent \u00e0 d\u00e9velopper leur profession aient d\u00e9j\u00e0 une exp\u00e9rience pratique avec l&rsquo;outil qui qu&rsquo;ils utiliseront certainement dans leur travail quotidien.<\/p>\n<cite>Raquel Balmaseda, directrice du Master en neuropsychologie clinique \u00e0 l&rsquo;UNIR<\/cite><\/blockquote>\n\n\n\n<figure class=\"wp-block-image size-large is-resized\"><img decoding=\"async\" width=\"234\" height=\"234\" src=\"https:\/\/neuronup.com\/fr\/wp-content\/uploads\/2024\/11\/resultados-de-neuronup.svg\" alt=\"icon - resultados de neuronup\" class=\"wp-image-35701\" style=\"object-fit:cover;width:150px;height:150px\"\/><\/figure>\n\n\n\n<h3 class=\"wp-block-heading\">Suivi complet des \u00e9tudiants<\/h3>\n\n\n\n<p>Notre plateforme est id\u00e9ale pour un <strong>suivi individualis\u00e9<\/strong> de chaque \u00e9tudiant, puisque vous pouvez analyser en temps r\u00e9el les activit\u00e9s que chaque \u00e9tudiant r\u00e9alise pour v\u00e9rifier s&rsquo;il int\u00e9riorise les connaissances.<\/p>\n\n\n\n<hr class=\"wp-block-separator has-css-opacity\"\/>\n\n\n\n<h3 class=\"wp-block-heading\">Recherche clinique<\/h3>\n\n\n\n<p>L&rsquo;\u00e9tudiant peut utiliser NeuronUP dans ses<strong> projets de recherche <\/strong>sur la stimulation neuropsychologique et la r\u00e9\u00e9ducation pour am\u00e9liorer le quotidien des patients.<\/p>\n\n\n\n<figure class=\"wp-block-image size-large is-resized\"><img decoding=\"async\" width=\"265\" height=\"256\" src=\"https:\/\/neuronup.com\/fr\/wp-content\/uploads\/2024\/11\/icon-publicaciones-y-proyectos.svg\" alt=\"icon - publicaciones y proyectos\" class=\"wp-image-35702\" style=\"object-fit:cover;width:150px;height:150px\"\/><\/figure>\n\n\n\n<h3 class=\"wp-block-heading\"><strong>Service et assistance continus<\/strong><\/h3>\n\n\n\n<p><strong>Nous vous accompagnons dans l&rsquo;apprentissage.<\/strong><\/p>\n\n\n\n<p>Les experts de NeuronUP offriront une <strong>formation gratuite et continue<\/strong> sur la plateforme aux enseignants et aux \u00e9tudiants pour les aider \u00e0 tirer le meilleur parti de la plateforme.<\/p>\n\n\n\n<h3 class=\"wp-block-heading\"><strong>Multilingue<\/strong><\/h3>\n\n\n\n<p>Possibilit\u00e9 de travailler en fran\u00e7ais, anglais, espagnol et portugais avec la plateforme.<\/p>\n\n\n<div class=\"wp-block-image\">\n<figure class=\"aligncenter size-full\"><img decoding=\"async\" width=\"977\" height=\"148\" src=\"https:\/\/neuronup.com\/fr\/wp-content\/uploads\/2024\/11\/Idiomas-disponibles-en-NeuronUP.webp\" alt=\"Cinq cercles color\u00e9s affichent les drapeaux Espagne, \u00c9tats-Unis, France, Portugal et Br\u00e9sil sur fond clair.\" class=\"wp-image-35703\" srcset=\"https:\/\/neuronup.com\/fr\/wp-content\/uploads\/2024\/11\/Idiomas-disponibles-en-NeuronUP-300x45.webp 300w, https:\/\/neuronup.com\/fr\/wp-content\/uploads\/2024\/11\/Idiomas-disponibles-en-NeuronUP-768x116.webp 768w, https:\/\/neuronup.com\/fr\/wp-content\/uploads\/2024\/11\/Idiomas-disponibles-en-NeuronUP.webp 977w\" sizes=\"(max-width: 977px) 100vw, 977px\" \/><\/figure>\n<\/div>\n\n\n<h4 class=\"wp-block-heading\">Ce que disent les \u00e9l\u00e8ves :<\/h4>\n\n\n<div class=\"wp-block-image image-interface\">\n<figure class=\"aligncenter size-full is-resized\"><img decoding=\"async\" width=\"800\" height=\"545\" src=\"https:\/\/neuronup.com\/fr\/wp-content\/uploads\/2024\/11\/Olga-estudiante-universidad-con-neuronup.webp\" alt=\"Femme \u00e9tudiante devant un ordinateur, cheveux bruns attach\u00e9s, pull clair; \u00e9cran affiche une interface de travail.\" class=\"wp-image-35704\" style=\"width:550px\" srcset=\"https:\/\/neuronup.com\/fr\/wp-content\/uploads\/2024\/11\/Olga-estudiante-universidad-con-neuronup-300x204.webp 300w, https:\/\/neuronup.com\/fr\/wp-content\/uploads\/2024\/11\/Olga-estudiante-universidad-con-neuronup-768x523.webp 768w, https:\/\/neuronup.com\/fr\/wp-content\/uploads\/2024\/11\/Olga-estudiante-universidad-con-neuronup.webp 800w\" sizes=\"(max-width: 800px) 100vw, 800px\" \/><\/figure>\n<\/div>\n\n\n<blockquote class=\"wp-block-quote is-layout-flow wp-block-quote-is-layout-flow\">\n<p>\u00ab En tant qu&rsquo;\u00e9tudiante du Master en Neuropsychologie Clinique \u00e0 l&rsquo;UNIR, je consid\u00e8re qu&rsquo;il est tr\u00e8s utile d&rsquo;inclure l&rsquo;utilisation de l&rsquo;outil NeuronUP dans le programme de formation. Son design intuitif et les nombreuses ressources disponibles sur la plateforme facilitent le travail du professionnel lorsqu&rsquo;il s&rsquo;agit de programmer des s\u00e9ances th\u00e9rapeutiques.<\/p>\n<cite><strong>Olga Oceja<\/strong><\/cite><\/blockquote>\n\n\n\n<h2 class=\"wp-block-heading has-text-align-center\" id=\"block-e8cc320b-cf75-4b55-8a2b-6ea44d37729f\">D\u00e9couvrez tout ce que NeuronUP peut faire pour vos \u00e9tudiants.<\/h2>\n\n\n\n<div class=\"wp-block-buttons is-content-justification-center is-layout-flex wp-container-core-buttons-is-layout-16018d1d wp-block-buttons-is-layout-flex\">\n<div class=\"wp-block-button\"><a class=\"wp-block-button__link button wp-element-button\" href=\"https:\/\/neuronup.com\/fr\/demande-demo\/\"><strong>Demander une d\u00e9mo<\/strong><\/a><\/div>\n<\/div>\n\n\n\n<h2 class=\"wp-block-heading has-text-align-center\" id=\"block-01ee5a20-2e88-4e0d-8136-7cb7662bdfe6\">Essayez NeuronUP gratuitement.<\/h2>\n\n\n\n<div class=\"wp-block-buttons is-content-justification-center is-layout-flex wp-container-core-buttons-is-layout-16018d1d wp-block-buttons-is-layout-flex\">\n<div class=\"wp-block-button\" style=\"--button-background:var(--color-custom-1);--button-background-hover:#cc7e00;\"><a class=\"wp-block-button__link button   wp-element-button\" href=\"https:\/\/neuronup.com\/fr\/landing-store-user\/\"><strong>Commencer votre essai gratuit<\/strong><\/a><\/div>\n\n<\/div>\n","protected":false},"excerpt":{"rendered":"<p>Offrez une valeur ajout\u00e9e \u00e0 vos enseignants et \u00e0 vos \u00e9l\u00e8ves, choisissez un enseignement pratique et engagez-vous dans la recherche et l&rsquo;innovation en classe. Plus de 50 universit\u00e9s nous font d\u00e9j\u00e0 confiance Avantages pour les professeurs Avantages pour les \u00e9l\u00e8ves Enseignement pratique L&rsquo;intervention cognitive ne s&rsquo;apprend que par la pratique. Avec NeuronUP vous pourrez proposer &hellip;<\/p>\n","protected":false},"author":1,"featured_media":0,"parent":37453,"menu_order":0,"comment_status":"closed","ping_status":"closed","template":"","meta":{"_acf_changed":false,"_genesis_hide_title":false,"_genesis_hide_breadcrumbs":false,"_genesis_hide_singular_image":false,"_genesis_hide_footer_widgets":false,"_genesis_custom_body_class":"nup-style","_genesis_custom_post_class":"nup-style","_genesis_layout":"wide-content","footnotes":""},"class_list":{"1":"page","2":"type-page","5":"entry","6":"nup-style"},"acf":[],"_links":{"self":[{"href":"https:\/\/neuronup.com\/fr\/wp-json\/wp\/v2\/pages\/35694","targetHints":{"allow":["GET"]}}],"collection":[{"href":"https:\/\/neuronup.com\/fr\/wp-json\/wp\/v2\/pages"}],"about":[{"href":"https:\/\/neuronup.com\/fr\/wp-json\/wp\/v2\/types\/page"}],"author":[{"embeddable":true,"href":"https:\/\/neuronup.com\/fr\/wp-json\/wp\/v2\/users\/1"}],"replies":[{"embeddable":true,"href":"https:\/\/neuronup.com\/fr\/wp-json\/wp\/v2\/comments?post=35694"}],"version-history":[{"count":0,"href":"https:\/\/neuronup.com\/fr\/wp-json\/wp\/v2\/pages\/35694\/revisions"}],"up":[{"embeddable":true,"href":"https:\/\/neuronup.com\/fr\/wp-json\/wp\/v2\/pages\/37453"}],"wp:attachment":[{"href":"https:\/\/neuronup.com\/fr\/wp-json\/wp\/v2\/media?parent=35694"}],"curies":[{"name":"wp","href":"https:\/\/api.w.org\/{rel}","templated":true}]}}