{"id":35660,"date":"2024-11-28T01:11:54","date_gmt":"2024-11-27T23:11:54","guid":{"rendered":"https:\/\/neuronup.com\/fr\/?page_id=35660"},"modified":"2026-01-29T17:56:27","modified_gmt":"2026-01-29T15:56:27","slug":"neuronup-vs-happy-neuron-pro","status":"publish","type":"page","link":"https:\/\/neuronup.com\/fr\/neuronup-vs-happy-neuron-pro\/","title":{"rendered":"NeuronUP vs Happy Neuron Pro"},"content":{"rendered":"\n<div class=\"wp-block-columns is-layout-flex wp-container-core-columns-is-layout-9d6595d7 wp-block-columns-is-layout-flex\">\n<div class=\"wp-block-column is-layout-flow wp-block-column-is-layout-flow\">\n<h2 class=\"wp-block-heading has-text-align-center\">NeuronUP <\/h2>\n\n\n\n<p>NeuronUP est une plateforme web de neuro-\u00e9ducation, c&rsquo;est un support fondamental pour les professionnels impliqu\u00e9s dans les processus de r\u00e9\u00e9ducation et stimulation cognitive.<\/p>\n<\/div>\n\n\n\n<div class=\"wp-block-column is-layout-flow wp-block-column-is-layout-flow\">\n<h2 class=\"wp-block-heading has-text-align-center\">Happy Neuron Pro<\/h2>\n\n\n\n<p>Outils num\u00e9riques de th\u00e9rapie cognitive pour simplifier la pratique. Ils cr\u00e9ent des logiciels pour les cliniciens afin de leur permettre de gagner du temps, d&rsquo;am\u00e9liorer leurs outils th\u00e9rapeutiques et de gagner de l&rsquo;argent.<\/p>\n<\/div>\n<\/div>\n\n\n\n<div style=\"height:80px\" aria-hidden=\"true\" class=\"wp-block-spacer\"><\/div>\n\n\n\n<div class=\"wp-block-buttons is-content-justification-center is-layout-flex wp-container-core-buttons-is-layout-16018d1d wp-block-buttons-is-layout-flex\">\n<div class=\"wp-block-button\"><a class=\"wp-block-button__link button wp-element-button\" href=\"https:\/\/neuronup.com\/fr\/landing-store-user\">P\u00e9riode d&rsquo;essai gratuite sans engagement de NeuronUP<\/a><\/div>\n<\/div>\n\n\n\n<div style=\"height:80px\" aria-hidden=\"true\" class=\"wp-block-spacer\"><\/div>\n\n\n\n<figure class=\"wp-block-table table-nup\"><table><thead><tr><th class=\"has-text-align-center\" data-align=\"center\"><\/th><th class=\"has-text-align-center\" data-align=\"center\"><strong>NeuronUP<\/strong><\/th><th class=\"has-text-align-center\" data-align=\"center\"><strong>Happy Neuron<\/strong> <strong>Pro<\/strong><\/th><\/tr><\/thead><tbody><tr><td class=\"has-text-align-center\" data-align=\"center\"><strong>Langues<\/strong><\/td><td class=\"has-text-align-center\" data-align=\"center\"><br>Fran\u00e7ais, espagnol, anglais, portugais, italien et  allemand<br><mark style=\"background-color:rgba(0, 0, 0, 0)\" class=\"has-inline-color has-white-color\">.<\/mark><\/td><td class=\"has-text-align-center\" data-align=\"center\">Fran\u00e7ais, anglais, allemand et su\u00e9dois<\/td><\/tr><tr><td class=\"has-text-align-center\" data-align=\"center\"><strong>Distinction entre enfants et adultes<\/strong> <\/td><td class=\"has-text-align-center\" data-align=\"center\"><br>\u2705<br><mark style=\"background-color:rgba(0, 0, 0, 0)\" class=\"has-inline-color has-white-color\">.<\/mark><\/td><td class=\"has-text-align-center\" data-align=\"center\">\u274c<\/td><\/tr><tr><td class=\"has-text-align-center\" data-align=\"center\"><strong>Fonctions cognitives<\/strong><\/td><td class=\"has-text-align-center\" data-align=\"center\"><br>Orientation, Gnosies, Attention, Fonctions \u00e9x\u00e9cutives, Praxies, Langage, M\u00e9moire, Cognition sociale et Comp\u00e9tences visio-spatiales<br><mark style=\"background-color:rgba(0, 0, 0, 0)\" class=\"has-inline-color has-white-color\">.<\/mark><\/td><td class=\"has-text-align-center\" data-align=\"center\">M\u00e9moire, Attention, Langage, Fonctions \u00e9x\u00e9cutives et Attention visio-spatiales<\/td><\/tr><tr><td class=\"has-text-align-center\" data-align=\"center\"><strong>Sessions<\/strong><\/td><td class=\"has-text-align-center\" data-align=\"center\"><br>Personnalisables en fonction des besoins des patients<br><mark style=\"background-color:rgba(0, 0, 0, 0)\" class=\"has-inline-color has-white-color\">.<\/mark><\/td><td class=\"has-text-align-center\" data-align=\"center\">Non personnalisables<\/td><\/tr><tr><td class=\"has-text-align-center\" data-align=\"center\"><strong>Programmes<\/strong><\/td><td class=\"has-text-align-center\" data-align=\"center\"><br>\u2705<br><mark style=\"background-color:rgba(0, 0, 0, 0)\" class=\"has-inline-color has-white-color\">.<\/mark><\/td><td class=\"has-text-align-center\" data-align=\"center\">\u274c<\/td><\/tr><tr><td class=\"has-text-align-center\" data-align=\"center\"><strong>Quantit\u00e9 d&rsquo;activit\u00e9s<\/strong><\/td><td class=\"has-text-align-center\" data-align=\"center\"><br>Milliers d&rsquo;activit\u00e9s<br><mark style=\"background-color:rgba(0, 0, 0, 0)\" class=\"has-inline-color has-white-color\">.<\/mark><\/td><td class=\"has-text-align-center\" data-align=\"center\">Moins<\/td><\/tr><tr><td class=\"has-text-align-center\" data-align=\"center\"><strong>Types d&rsquo;activit\u00e9s<\/strong><\/td><td class=\"has-text-align-center\" data-align=\"center\"><br>Fiches, jeux et g\u00e9n\u00e9rateurs<br><mark style=\"background-color:rgba(0, 0, 0, 0)\" class=\"has-inline-color has-white-color\">.<\/mark><\/td><td class=\"has-text-align-center\" data-align=\"center\">Fiches et jeux<\/td><\/tr><tr><td class=\"has-text-align-center\" data-align=\"center\"><strong>Formations<\/strong><\/td><td class=\"has-text-align-center\" data-align=\"center\"><br>Neurologues, Neuropsychologue, Kin\u00e9sith\u00e9rapeutes et Ortophonistes<br><mark style=\"background-color:rgba(0, 0, 0, 0)\" class=\"has-inline-color has-white-color\">.<\/mark><\/td><td class=\"has-text-align-center\" data-align=\"center\">Ortophonistes<\/td><\/tr><tr><td class=\"has-text-align-center\" data-align=\"center\"><strong>Domaines d&rsquo;occupation<\/strong><\/td><td class=\"has-text-align-center\" data-align=\"center\"><br>Activit\u00e9s basiques de la vie quotidienne, Activit\u00e9s instrumentales, \u00c9ducation, Jeux, Loisirs et Travail<br><mark style=\"background-color:rgba(0, 0, 0, 0)\" class=\"has-inline-color has-white-color\">.<\/mark><\/td><td class=\"has-text-align-center\" data-align=\"center\">Fonctions cognitives et Activit\u00e9s de la vie quotidienne<\/td><\/tr><tr><td class=\"has-text-align-center\" data-align=\"center\"><br><strong>Sessions \u00e0 distance<\/strong><br><mark style=\"background-color:rgba(0, 0, 0, 0)\" class=\"has-inline-color has-white-color\">.<\/mark><\/td><td class=\"has-text-align-center\" data-align=\"center\">\u2705<\/td><td class=\"has-text-align-center\" data-align=\"center\">\u2705<\/td><\/tr><tr><td class=\"has-text-align-center\" data-align=\"center\"><strong>Essai gratuit<\/strong><\/td><td class=\"has-text-align-center\" data-align=\"center\"><br>Essai gratuit de 7 jours sans condition<br><mark style=\"background-color:rgba(0, 0, 0, 0)\" class=\"has-inline-color has-white-color\">.<\/mark><\/td><td class=\"has-text-align-center\" data-align=\"center\">Entretien en appel vid\u00e9o pour obtenir l&rsquo;essai gratuit de 7 jours<\/td><\/tr><\/tbody><\/table><\/figure>\n\n\n\n<div style=\"height:50px\" aria-hidden=\"true\" class=\"wp-block-spacer\"><\/div>\n\n\n\n<h2 class=\"wp-block-heading has-text-align-center\">Activit\u00e9s<\/h2>\n\n\n\n<p class=\"has-text-align-center\">Acc\u00e9dez \u00e0 un catalogue de plusieurs milliers de ressources de stimulation cognitive hautement personnalisables, class\u00e9es par domaines d&rsquo;intervention et par type d&rsquo;exercice.<\/p>\n\n\n\n<div class=\"wp-block-columns is-layout-flex wp-container-core-columns-is-layout-9d6595d7 wp-block-columns-is-layout-flex\">\n<div class=\"wp-block-column is-layout-flow wp-block-column-is-layout-flow\"><div class=\"wp-block-image\">\n<figure class=\"aligncenter size-full\"><img decoding=\"async\" width=\"264\" height=\"227\" src=\"https:\/\/neuronup.com\/fr\/wp-content\/uploads\/2024\/11\/Produit-Generateurs.webp\" alt=\"Interface utilisateur avec des cases \u00e0 cocher pour \u00e9motions (joie, peur, col\u00e8re), un bouton G\u00e9n\u00e9rer bleu et une fl\u00e8che, outil de personnalisation.\" class=\"wp-image-35879\" style=\"object-fit:cover\"\/><\/figure>\n<\/div>\n\n\n<h3 class=\"wp-block-heading has-text-align-center\">  G\u00e9n\u00e9rateurs<\/h3>\n<\/div>\n\n\n\n<div class=\"wp-block-column is-layout-flow wp-block-column-is-layout-flow\"><div class=\"wp-block-image\">\n<figure class=\"aligncenter size-full\"><img decoding=\"async\" width=\"292\" height=\"229\" src=\"https:\/\/neuronup.com\/fr\/wp-content\/uploads\/2024\/11\/Produit-Jeux.webp\" alt=\"Interface d\u2019application \u00e9ducative avec tableau d\u2019images color\u00e9es, s\u00e9lecteur de difficult\u00e9 (facile \u00e0 difficile), \u00e9toiles d\u2019\u00e9valuation et champ de nom en bas.\" class=\"wp-image-35878\" style=\"object-fit:cover\"\/><\/figure>\n<\/div>\n\n\n<h3 class=\"wp-block-heading has-text-align-center\">Jeux<\/h3>\n<\/div>\n\n\n\n<div class=\"wp-block-column is-layout-flow wp-block-column-is-layout-flow\"><div class=\"wp-block-image\">\n<figure class=\"aligncenter size-full\"><img decoding=\"async\" width=\"263\" height=\"235\" src=\"https:\/\/neuronup.com\/fr\/wp-content\/uploads\/2024\/11\/Produit-Fiches.webp\" alt=\"Interface graphique avec un tableau d\u2019activit\u00e9s par niveaux de difficult\u00e9 et un panneau d\u2019assignation \u00e0 droite.\" class=\"wp-image-35877\" style=\"object-fit:cover\"\/><\/figure>\n<\/div>\n\n\n<h3 class=\"wp-block-heading has-text-align-center\">Fiches<\/h3>\n<\/div>\n<\/div>\n\n\n\n<div style=\"height:80px\" aria-hidden=\"true\" class=\"wp-block-spacer\"><\/div>\n\n\n\n<div class=\"wp-block-media-text is-stacked-on-mobile is-vertically-aligned-center\" style=\"grid-template-columns:47% auto\"><figure class=\"wp-block-media-text__media\"><img decoding=\"async\" width=\"572\" height=\"414\" src=\"https:\/\/neuronup.com\/fr\/wp-content\/uploads\/2024\/11\/Produit-Creez-des-sessions.webp\" alt=\"Interface num\u00e9rique avec fen\u00eatre de cr\u00e9ation de session \u00e0 droite, colonne d\u2019ic\u00f4nes color\u00e9es \u00e0 gauche et chats en bas.\" class=\"wp-image-35880 size-full\" srcset=\"https:\/\/neuronup.com\/fr\/wp-content\/uploads\/2024\/11\/Produit-Creez-des-sessions-300x217.webp 300w, https:\/\/neuronup.com\/fr\/wp-content\/uploads\/2024\/11\/Produit-Creez-des-sessions.webp 572w\" sizes=\"(max-width: 572px) 100vw, 572px\" \/><\/figure><div class=\"wp-block-media-text__content\">\n<h2 class=\"wp-block-heading\">Cr\u00e9er des sessions personnalis\u00e9es<\/h2>\n\n\n\n<p>Acc\u00e9dez \u00e0 des milliers d&rsquo;exercices de neuror\u00e9habilitation class\u00e9s par domaines d&rsquo;intervention, personnalisez-les et int\u00e9grez-les dans la s\u00e9ance de chaque patient le plus rapidement et le plus facilement possible.<\/p>\n<\/div><\/div>\n\n\n\n<div style=\"height:50px\" aria-hidden=\"true\" class=\"wp-block-spacer\"><\/div>\n\n\n\n<div class=\"wp-block-media-text has-media-on-the-right is-stacked-on-mobile is-vertically-aligned-center\" style=\"grid-template-columns:auto 47%\"><div class=\"wp-block-media-text__content\">\n<h2 class=\"wp-block-heading\">R\u00e9habilitation sans limites avec NeuronUP2GO<\/h2>\n\n\n\n<p>Il programme des s\u00e9ances de t\u00e9l\u00e9r\u00e9habilitation pour renforcer ce qui a \u00e9t\u00e9 travaill\u00e9 lors de la consultation et facilite la continuit\u00e9 des interventions pour les utilisateurs qui habitent loin, sont en vacances ou ont des difficult\u00e9s de d\u00e9placement.<\/p>\n<\/div><figure class=\"wp-block-media-text__media\"><img decoding=\"async\" width=\"828\" height=\"452\" src=\"https:\/\/neuronup.com\/fr\/wp-content\/uploads\/2024\/10\/intervention-professionnelle-a-distance.webp\" alt=\"Plusieurs personnes utilisant ordinateurs et tablettes autour d&#039;une femme en blouse blanche souriante, en t\u00e9l\u00e9consultation.\" class=\"wp-image-31538 size-full\" srcset=\"https:\/\/neuronup.com\/fr\/wp-content\/uploads\/2024\/10\/intervention-professionnelle-a-distance-300x164.webp 300w, https:\/\/neuronup.com\/fr\/wp-content\/uploads\/2024\/10\/intervention-professionnelle-a-distance-768x419.webp 768w, https:\/\/neuronup.com\/fr\/wp-content\/uploads\/2024\/10\/intervention-professionnelle-a-distance.webp 828w\" sizes=\"(max-width: 828px) 100vw, 828px\" \/><\/figure><\/div>\n\n\n\n<div style=\"height:50px\" aria-hidden=\"true\" class=\"wp-block-spacer\"><\/div>\n\n\n\n<div class=\"wp-block-media-text is-stacked-on-mobile is-vertically-aligned-center\" style=\"grid-template-columns:47% auto\"><figure class=\"wp-block-media-text__media\"><img decoding=\"async\" width=\"583\" height=\"450\" src=\"https:\/\/neuronup.com\/fr\/wp-content\/uploads\/2024\/11\/Personalisez-vos-activites.webp\" alt=\"Capture d&#039;\u00e9cran d&#039;une interface: chronom\u00e8tre 10 mins, cartes &#039;Compte les sons&#039; et &#039;Compte les stimuli&#039;, panneau param\u00e8tres.\" class=\"wp-image-35928 size-full\" srcset=\"https:\/\/neuronup.com\/fr\/wp-content\/uploads\/2024\/11\/Personalisez-vos-activites-300x232.webp 300w, https:\/\/neuronup.com\/fr\/wp-content\/uploads\/2024\/11\/Personalisez-vos-activites.webp 583w\" sizes=\"(max-width: 583px) 100vw, 583px\" \/><\/figure><div class=\"wp-block-media-text__content\">\n<h2 class=\"wp-block-heading\">Formation personnalis\u00e9e<\/h2>\n\n\n\n<p>Dans la formation, vous pourrez r\u00e9soudre vos doutes sur la plateforme et&nbsp;nous vous apprendrons \u00e0 r\u00e9aliser une intervention adapt\u00e9e et personnalis\u00e9e&nbsp;aux besoins de chacun de vos patients. <\/p>\n<\/div><\/div>\n\n\n\n<div style=\"height:80px\" aria-hidden=\"true\" class=\"wp-block-spacer\"><\/div>\n\n\n\n<h2 class=\"wp-block-heading has-text-align-center\">Plus de 4.500 professionnels nous font d\u00e9j\u00e0 confiance<\/h2>\n\n\n\n<div style=\"height:50px\" aria-hidden=\"true\" class=\"wp-block-spacer\"><\/div>\n\n\n\n<div class=\"wp-block-columns are-vertically-aligned-center is-layout-flex wp-container-core-columns-is-layout-9d6595d7 wp-block-columns-is-layout-flex\">\n<div class=\"wp-block-column is-vertically-aligned-center is-layout-flow wp-block-column-is-layout-flow\">\n<figure class=\"wp-block-gallery has-nested-images columns-6 wp-block-gallery-1 is-layout-flex wp-block-gallery-is-layout-flex\">\n<figure class=\"wp-block-image size-full\"><img decoding=\"async\" width=\"500\" height=\"175\" data-id=\"35668\" src=\"https:\/\/neuronup.com\/fr\/wp-content\/uploads\/2024\/11\/Logo-Domus.webp\" alt=\"Logo DomusVi stylis\u00e9 en gris, incorporant une forme \u00e9voquant un c\u0153ur, sur fond neutre.\" class=\"wp-image-35668\" srcset=\"https:\/\/neuronup.com\/fr\/wp-content\/uploads\/2024\/11\/Logo-Domus-300x105.webp 300w, https:\/\/neuronup.com\/fr\/wp-content\/uploads\/2024\/11\/Logo-Domus.webp 500w\" sizes=\"(max-width: 500px) 100vw, 500px\" \/><\/figure>\n\n\n\n<figure class=\"wp-block-image size-full\"><img decoding=\"async\" width=\"500\" height=\"218\" data-id=\"35670\" src=\"https:\/\/neuronup.com\/fr\/wp-content\/uploads\/2024\/11\/Logo-Clinalliance.webp\" alt=\"Logo CLINALLIANCE en gris sur fond blanc avec une typographie \u00e9pur\u00e9e et sans \u00e9l\u00e9ments suppl\u00e9mentaires.\" class=\"wp-image-35670\" srcset=\"https:\/\/neuronup.com\/fr\/wp-content\/uploads\/2024\/11\/Logo-Clinalliance-300x131.webp 300w, https:\/\/neuronup.com\/fr\/wp-content\/uploads\/2024\/11\/Logo-Clinalliance.webp 500w\" sizes=\"(max-width: 500px) 100vw, 500px\" \/><\/figure>\n\n\n\n<figure class=\"wp-block-image size-full\"><img decoding=\"async\" width=\"500\" height=\"231\" data-id=\"35669\" src=\"https:\/\/neuronup.com\/fr\/wp-content\/uploads\/2024\/11\/Logo-Tea.webp\" alt=\"Logo Tea stylis\u00e9 repr\u00e9sentant le mot tea, typographie moderne sur fond color\u00e9, avec une vapeur sugg\u00e9r\u00e9e par la lettre t.\" class=\"wp-image-35669\" srcset=\"https:\/\/neuronup.com\/fr\/wp-content\/uploads\/2024\/11\/Logo-Tea-300x139.webp 300w, https:\/\/neuronup.com\/fr\/wp-content\/uploads\/2024\/11\/Logo-Tea.webp 500w\" sizes=\"(max-width: 500px) 100vw, 500px\" \/><\/figure>\n\n\n\n<figure class=\"wp-block-image size-full\"><img decoding=\"async\" width=\"500\" height=\"175\" data-id=\"35668\" src=\"https:\/\/neuronup.com\/fr\/wp-content\/uploads\/2024\/11\/Logo-Domus.webp\" alt=\"Logo DomusVi stylis\u00e9 en gris, incorporant une forme \u00e9voquant un c\u0153ur, sur fond neutre.\" class=\"wp-image-35668\" srcset=\"https:\/\/neuronup.com\/fr\/wp-content\/uploads\/2024\/11\/Logo-Domus-300x105.webp 300w, https:\/\/neuronup.com\/fr\/wp-content\/uploads\/2024\/11\/Logo-Domus.webp 500w\" sizes=\"(max-width: 500px) 100vw, 500px\" \/><\/figure>\n\n\n\n<figure class=\"wp-block-image size-full\"><img decoding=\"async\" width=\"500\" height=\"255\" data-id=\"35667\" src=\"https:\/\/neuronup.com\/fr\/wp-content\/uploads\/2024\/11\/Logo-Orpea-Group.webp\" alt=\"Logo ORPEA en lettres capitales avec un O stylis\u00e9 int\u00e9gr\u00e9, GROUP en petit \u00e0 droite et ESPAGNE en bas \u00e0 droite, gris.\" class=\"wp-image-35667\" srcset=\"https:\/\/neuronup.com\/fr\/wp-content\/uploads\/2024\/11\/Logo-Orpea-Group-300x153.webp 300w, https:\/\/neuronup.com\/fr\/wp-content\/uploads\/2024\/11\/Logo-Orpea-Group.webp 500w\" sizes=\"(max-width: 500px) 100vw, 500px\" \/><\/figure>\n\n\n\n<figure class=\"wp-block-image size-full\"><img decoding=\"async\" width=\"500\" height=\"159\" data-id=\"35666\" src=\"https:\/\/neuronup.com\/fr\/wp-content\/uploads\/2024\/11\/Logo-Colisee.webp\" alt=\"Logo Colisee en gris avec symbole circulaire \u00e0 gauche et COLISEE en majuscules; ESPAGNE en dessous, style sobre.\" class=\"wp-image-35666\" srcset=\"https:\/\/neuronup.com\/fr\/wp-content\/uploads\/2024\/11\/Logo-Colisee-300x95.webp 300w, https:\/\/neuronup.com\/fr\/wp-content\/uploads\/2024\/11\/Logo-Colisee.webp 500w\" sizes=\"(max-width: 500px) 100vw, 500px\" \/><\/figure>\n\n\n\n<figure class=\"wp-block-image size-full\"><img decoding=\"async\" width=\"400\" height=\"300\" data-id=\"35665\" src=\"https:\/\/neuronup.com\/fr\/wp-content\/uploads\/2024\/11\/Logo-Sanofi-2.webp\" alt=\"Logo Sanofi en noir sur fond blanc, lettres minuscules avec le s stylis\u00e9 et souvent suivi d&#039;un point avant le reste.\" class=\"wp-image-35665\" srcset=\"https:\/\/neuronup.com\/fr\/wp-content\/uploads\/2024\/11\/Logo-Sanofi-2-300x225.webp 300w, https:\/\/neuronup.com\/fr\/wp-content\/uploads\/2024\/11\/Logo-Sanofi-2.webp 400w\" sizes=\"(max-width: 400px) 100vw, 400px\" \/><\/figure>\n\n\n\n<figure class=\"wp-block-image size-full\"><img decoding=\"async\" width=\"260\" height=\"140\" data-id=\"31794\" src=\"https:\/\/neuronup.com\/fr\/wp-content\/uploads\/2024\/10\/university-hong-kong-neuronup.webp\" alt=\"\u00c9cusson noir repr\u00e9sentant l\u2019Universit\u00e9 de Hong Kong: livre ouvert au centre, lion en haut, devise Sapientia et Virtus en bas.\" class=\"wp-image-31794\"\/><\/figure>\n\n\n\n<figure class=\"wp-block-image size-full\"><img decoding=\"async\" width=\"260\" height=\"260\" data-id=\"35664\" src=\"https:\/\/neuronup.com\/fr\/wp-content\/uploads\/2024\/11\/Logo-Greenville-Health-System.webp\" alt=\"Logo Greenville Health System avec symbole v\u00e9g\u00e9tal \u00e0 gauche et texte GREENVILLE HEALTH SYSTEM avec initiales GHS.\" class=\"wp-image-35664\" srcset=\"https:\/\/neuronup.com\/fr\/wp-content\/uploads\/2024\/11\/Logo-Greenville-Health-System-24x24.webp 24w, https:\/\/neuronup.com\/fr\/wp-content\/uploads\/2024\/11\/Logo-Greenville-Health-System-48x48.webp 48w, https:\/\/neuronup.com\/fr\/wp-content\/uploads\/2024\/11\/Logo-Greenville-Health-System-80x80.webp 80w, https:\/\/neuronup.com\/fr\/wp-content\/uploads\/2024\/11\/Logo-Greenville-Health-System-96x96.webp 96w, https:\/\/neuronup.com\/fr\/wp-content\/uploads\/2024\/11\/Logo-Greenville-Health-System-150x150.webp 150w, https:\/\/neuronup.com\/fr\/wp-content\/uploads\/2024\/11\/Logo-Greenville-Health-System.webp 260w\" sizes=\"(max-width: 260px) 100vw, 260px\" \/><\/figure>\n\n\n\n<figure class=\"wp-block-image size-full\"><img decoding=\"async\" width=\"260\" height=\"260\" data-id=\"35663\" src=\"https:\/\/neuronup.com\/fr\/wp-content\/uploads\/2024\/11\/Logo-Ruber.webp\" alt=\"Logo Ruber stylis\u00e9 avec un embl\u00e8me \u00e0 gauche, texte Ruber en gris monochrome; apparence professionnelle et moderne.\" class=\"wp-image-35663\" srcset=\"https:\/\/neuronup.com\/fr\/wp-content\/uploads\/2024\/11\/Logo-Ruber-24x24.webp 24w, https:\/\/neuronup.com\/fr\/wp-content\/uploads\/2024\/11\/Logo-Ruber-48x48.webp 48w, https:\/\/neuronup.com\/fr\/wp-content\/uploads\/2024\/11\/Logo-Ruber-80x80.webp 80w, https:\/\/neuronup.com\/fr\/wp-content\/uploads\/2024\/11\/Logo-Ruber-96x96.webp 96w, https:\/\/neuronup.com\/fr\/wp-content\/uploads\/2024\/11\/Logo-Ruber-150x150.webp 150w, https:\/\/neuronup.com\/fr\/wp-content\/uploads\/2024\/11\/Logo-Ruber.webp 260w\" sizes=\"(max-width: 260px) 100vw, 260px\" \/><\/figure>\n\n\n\n<figure class=\"wp-block-image size-full\"><img decoding=\"async\" width=\"260\" height=\"140\" data-id=\"31628\" src=\"https:\/\/neuronup.com\/fr\/wp-content\/uploads\/2024\/10\/logo-sanitas.webp\" alt=\"Logo Sanitas gris avec un symbole \u00e9voquant un battement cardiaque et le texte SANITAS sur fond neutre, indiquant l&#039;affiliation \u00e0 Bupa.\" class=\"wp-image-31628\"\/><\/figure>\n<\/figure>\n<\/div>\n<\/div>\n\n\n\n<div style=\"height:80px\" aria-hidden=\"true\" class=\"wp-block-spacer\"><\/div>\n\n\n\n<h2 class=\"wp-block-heading has-text-align-center\">Comment passer de Happy Neuron Pro \u00e0 NeuronUP ?<\/h2>\n\n\n\n<p>Vous utilisez actuellement Happy Neuron Pro et envisagez de passer \u00e0 NeuronUP ? Vous \u00eates au bon endroit ! Chez NeuronUP, nous comprenons que changer de plateforme peut sembler complexe, mais nous sommes l\u00e0 pour vous faciliter la t\u00e2che et vous accompagner \u00e0 chaque \u00e9tape de la transition.<\/p>\n\n\n\n<p>Remplissez simplement notre formulaire de demande d&rsquo;informations ci-dessous. <strong>Un membre de notre \u00e9quipe vous contactera rapidement<\/strong> pour discuter de vos besoins et vous guider dans les premi\u00e8res \u00e9tapes.<\/p>\n\n\n\n<div class=\"hs-form-frame\" data-region=\"eu1\" data-form-id=\"b550ec35-868e-481e-af18-ad60ee42aa0c\" data-portal-id=\"143501970\"><\/div>\n","protected":false},"excerpt":{"rendered":"<p>NeuronUP NeuronUP est une plateforme web de neuro-\u00e9ducation, c&rsquo;est un support fondamental pour les professionnels impliqu\u00e9s dans les processus de r\u00e9\u00e9ducation et stimulation cognitive. Happy Neuron Pro Outils num\u00e9riques de th\u00e9rapie cognitive pour simplifier la pratique. Ils cr\u00e9ent des logiciels pour les cliniciens afin de leur permettre de gagner du temps, d&rsquo;am\u00e9liorer leurs outils th\u00e9rapeutiques &hellip;<\/p>\n","protected":false},"author":1,"featured_media":0,"parent":0,"menu_order":0,"comment_status":"closed","ping_status":"closed","template":"","meta":{"_acf_changed":false,"_genesis_hide_title":false,"_genesis_hide_breadcrumbs":false,"_genesis_hide_singular_image":false,"_genesis_hide_footer_widgets":false,"_genesis_custom_body_class":"nup-style","_genesis_custom_post_class":"nup-style","_genesis_layout":"wide-content","footnotes":""},"class_list":{"1":"page","2":"type-page","5":"entry","6":"nup-style"},"acf":[],"_links":{"self":[{"href":"https:\/\/neuronup.com\/fr\/wp-json\/wp\/v2\/pages\/35660","targetHints":{"allow":["GET"]}}],"collection":[{"href":"https:\/\/neuronup.com\/fr\/wp-json\/wp\/v2\/pages"}],"about":[{"href":"https:\/\/neuronup.com\/fr\/wp-json\/wp\/v2\/types\/page"}],"author":[{"embeddable":true,"href":"https:\/\/neuronup.com\/fr\/wp-json\/wp\/v2\/users\/1"}],"replies":[{"embeddable":true,"href":"https:\/\/neuronup.com\/fr\/wp-json\/wp\/v2\/comments?post=35660"}],"version-history":[{"count":0,"href":"https:\/\/neuronup.com\/fr\/wp-json\/wp\/v2\/pages\/35660\/revisions"}],"wp:attachment":[{"href":"https:\/\/neuronup.com\/fr\/wp-json\/wp\/v2\/media?parent=35660"}],"curies":[{"name":"wp","href":"https:\/\/api.w.org\/{rel}","templated":true}]}}