{"id":35622,"date":"2024-11-27T15:35:00","date_gmt":"2024-11-27T13:35:00","guid":{"rendered":"https:\/\/neuronup.com\/fr\/?page_id=35622"},"modified":"2026-02-13T13:29:43","modified_gmt":"2026-02-13T11:29:43","slug":"centre-daide-neuronup","status":"publish","type":"page","link":"https:\/\/neuronup.com\/fr\/centre-daide-neuronup\/","title":{"rendered":"Centre d&#8217;aide de NeuronUP"},"content":{"rendered":"\n<h1 class=\"wp-block-heading has-text-align-center\">Centre d&rsquo;aide de NeuronUP<\/h1>\n\n\n\n<h2 class=\"wp-block-heading alignfull has-text-align-center has-lg-font-size has-no-margin-top has-lg-margin-bottom\">Profitez des manuels et des vid\u00e9os que nous avons cr\u00e9\u00e9s pour vous aider \u00e0 tirer le meilleur parti de la plateforme.<\/h2>\n\n\n\n<div class=\"wp-block-columns is-layout-flex wp-container-core-columns-is-layout-9d6595d7 wp-block-columns-is-layout-flex\">\n<div class=\"wp-block-column p-4 is-layout-flow wp-block-column-is-layout-flow\"><div class=\"wp-block-image image-interface\">\n<figure class=\"aligncenter size-full is-resized\"><img decoding=\"async\" width=\"500\" height=\"350\" src=\"https:\/\/neuronup.com\/fr\/wp-content\/uploads\/2024\/11\/manuel-complet-neuronup.webp\" alt=\"Grand livre central Manuel complet NeuronUP entour\u00e9 de manuels color\u00e9s sur fond bleu clair, ressources d'apprentissage.\" class=\"wp-image-35629\" style=\"width:300px\" srcset=\"https:\/\/neuronup.com\/fr\/wp-content\/uploads\/2024\/11\/manuel-complet-neuronup-300x210.webp 300w, https:\/\/neuronup.com\/fr\/wp-content\/uploads\/2024\/11\/manuel-complet-neuronup.webp 500w\" sizes=\"(max-width: 500px) 100vw, 500px\" \/><\/figure>\n<\/div>\n\n\n<h3 class=\"wp-block-heading has-text-align-center has-xl-margin-top\"><small style=\"font-size: 14px;\">[PDF]<\/small> Manuels d&rsquo;utilisation de NeuronUP<\/h3>\n\n\n\n<p class=\"has-text-align-center\">Dans cette section, vous trouverez des manuels pour apprendre \u00e0 tirer le meilleur parti de NeuronUP.<\/p>\n\n\n\n<div class=\"wp-block-buttons is-content-justification-center is-layout-flex wp-container-core-buttons-is-layout-16018d1d wp-block-buttons-is-layout-flex\">\n<div class=\"wp-block-button alignleft--1\" style=\"--button-outline-color:var(--color-primary);\"><a class=\"wp-block-button__link button button-outline   has-text-align-center wp-element-button\" href=\"https:\/\/neuronup.com\/fr\/manuels-dutilisation-de-neuronup\/\">Acc\u00e9der aux manuels<\/a><\/div>\n\n<\/div>\n<\/div>\n\n\n\n<div class=\"wp-block-column p-4 is-layout-flow wp-block-column-is-layout-flow\"><div class=\"wp-block-image image-interface\">\n<figure class=\"aligncenter size-full is-resized\"><img decoding=\"async\" width=\"500\" height=\"350\" src=\"https:\/\/neuronup.com\/fr\/wp-content\/uploads\/2024\/11\/videos-formation-neuronup.webp\" alt=\"Captures d'\u00e9cran d'une formation NeuronUP montrant des ic\u00f4nes d'outils et d'activit\u00e9s, avec des coches de progression.\" class=\"wp-image-35630\" style=\"width:300px\" srcset=\"https:\/\/neuronup.com\/fr\/wp-content\/uploads\/2024\/11\/videos-formation-neuronup-300x210.webp 300w, https:\/\/neuronup.com\/fr\/wp-content\/uploads\/2024\/11\/videos-formation-neuronup.webp 500w\" sizes=\"(max-width: 500px) 100vw, 500px\" \/><\/figure>\n<\/div>\n\n\n<h3 class=\"wp-block-heading has-text-align-center has-xl-margin-top\"><small style=\"font-size: 14px;\">[VID\u00c9O]<\/small> Tutoriels vid\u00e9o de formation<\/h3>\n\n\n\n<p class=\"has-text-align-center\">Sur cette page, vous trouverez des tutoriels vid\u00e9o dans lesquels&nbsp;<strong>nous expliquons visuellement le fonctionnement de NeuronUP<\/strong>.<\/p>\n\n\n\n<div class=\"wp-block-buttons is-content-justification-center is-layout-flex wp-container-core-buttons-is-layout-16018d1d wp-block-buttons-is-layout-flex\">\n<div class=\"wp-block-button alignleft--2\" style=\"--button-outline-color:var(--color-primary);\"><a class=\"wp-block-button__link button button-outline   wp-element-button\" href=\"https:\/\/neuronup.com\/fr\/centre-daide-neuronup\/videos-de-formation-apprenez-a-travailler-avec-neuronup\/\">Acc\u00e9der aux tutoriels vid\u00e9o<\/a><\/div>\n\n<\/div>\n<\/div>\n<\/div>\n\n\n\n<div style=\"height:30px\" aria-hidden=\"true\" class=\"wp-block-spacer\"><\/div>\n\n\n\n<div class=\"wp-block-columns particle-bg br-0101 has-primary-background-color has-background is-layout-flex wp-container-core-columns-is-layout-9d6595d7 wp-block-columns-is-layout-flex\">\n<div class=\"wp-block-column is-layout-flow wp-block-column-is-layout-flow\" style=\"flex-basis:100%\">\n<div class=\"wp-block-group\"><div class=\"wp-block-group__inner-container is-layout-flow wp-block-group-is-layout-flow\">\n<p class=\"has-text-align-center has-white-color has-text-color\"> Si vous avez des questions sur l&rsquo;utilisation de NeuronUP, \u00e9crivez-nous via le chat et nous vous aiderons d\u00e8s que possible.<\/p>\n\n\n\n<div class=\"wp-block-buttons is-horizontal is-content-justification-center is-layout-flex wp-container-core-buttons-is-layout-499968f5 wp-block-buttons-is-layout-flex\">\n<div class=\"wp-block-button--3\" id=\"intercom_link\" style=\"--button-outline-color:var(--color-white);--button-outline-color-hover:rgba(0,0,0,0.8);\"><a class=\"wp-block-button__link button button-outline   wp-element-button\">Ouvrir le Chat<\/a><\/div>\n\n<\/div>\n<\/div><\/div>\n<\/div>\n<\/div>\n\n\n\n<div style=\"height:80px\" aria-hidden=\"true\" class=\"wp-block-spacer\"><\/div>\n\n\n\n<div class=\"wp-block-columns is-layout-flex wp-container-core-columns-is-layout-9d6595d7 wp-block-columns-is-layout-flex\">\n<div class=\"wp-block-column is-layout-flow wp-block-column-is-layout-flow\" style=\"flex-basis:50%\">\n<div class=\"wp-block-group br-0101 has-alt-background-color has-background has-light-background has-md-padding-top has-md-padding-bottom has-md-padding-left has-md-padding-right\"><div class=\"wp-block-group__inner-container is-layout-constrained wp-block-group-is-layout-constrained\">\n<h2 class=\"wp-block-heading\">Doutes sur le fonctionnement de NeuronUP<\/h2>\n\n\n\n<p>Si vous \u00eates un client de NeuronUP ou si vous testez la plateforme et que vous avez des doutes sur son utilisation, \u00e9crivez-nous votre question :<\/p>\n<\/div><\/div>\n\n<\/div>\n\n\n\n<div class=\"wp-block-column is-layout-flow wp-block-column-is-layout-flow\" style=\"flex-basis:50%\">\n<div class=\"wp-block-group br-0101 has-alt-background-color has-background has-light-background has-md-padding-top has-md-padding-bottom has-md-padding-left has-md-padding-right\"><div class=\"wp-block-group__inner-container is-layout-constrained wp-block-group-is-layout-constrained\">\n<div class=\"hs-form-frame\" data-region=\"eu1\" data-form-id=\"1845e706-4ab9-4e5b-bac9-76496ba6bd9a\" data-portal-id=\"143501970\"><\/div>\n<\/div><\/div>\n\n<\/div>\n<\/div>\n\n\n\n<div style=\"height:100px\" aria-hidden=\"true\" class=\"wp-block-spacer\"><\/div>\n","protected":false},"excerpt":{"rendered":"<p>Centre d&rsquo;aide de NeuronUP Profitez des manuels et des vid\u00e9os que nous avons cr\u00e9\u00e9s pour vous aider \u00e0 tirer le meilleur parti de la plateforme. [PDF] Manuels d&rsquo;utilisation de NeuronUP Dans cette section, vous trouverez des manuels pour apprendre \u00e0 tirer le meilleur parti de NeuronUP. [VID\u00c9O] Tutoriels vid\u00e9o de formation Sur cette page, vous &hellip;<\/p>\n","protected":false},"author":1,"featured_media":0,"parent":0,"menu_order":0,"comment_status":"closed","ping_status":"closed","template":"","meta":{"_acf_changed":false,"_genesis_hide_title":false,"_genesis_hide_breadcrumbs":false,"_genesis_hide_singular_image":false,"_genesis_hide_footer_widgets":false,"_genesis_custom_body_class":"nup-style","_genesis_custom_post_class":"nup-style","_genesis_layout":"wide-content","footnotes":""},"class_list":{"1":"page","2":"type-page","5":"entry","6":"nup-style"},"acf":[],"_links":{"self":[{"href":"https:\/\/neuronup.com\/fr\/wp-json\/wp\/v2\/pages\/35622","targetHints":{"allow":["GET"]}}],"collection":[{"href":"https:\/\/neuronup.com\/fr\/wp-json\/wp\/v2\/pages"}],"about":[{"href":"https:\/\/neuronup.com\/fr\/wp-json\/wp\/v2\/types\/page"}],"author":[{"embeddable":true,"href":"https:\/\/neuronup.com\/fr\/wp-json\/wp\/v2\/users\/1"}],"replies":[{"embeddable":true,"href":"https:\/\/neuronup.com\/fr\/wp-json\/wp\/v2\/comments?post=35622"}],"version-history":[{"count":0,"href":"https:\/\/neuronup.com\/fr\/wp-json\/wp\/v2\/pages\/35622\/revisions"}],"wp:attachment":[{"href":"https:\/\/neuronup.com\/fr\/wp-json\/wp\/v2\/media?parent=35622"}],"curies":[{"name":"wp","href":"https:\/\/api.w.org\/{rel}","templated":true}]}}