{"id":35606,"date":"2024-11-27T14:47:13","date_gmt":"2024-11-27T12:47:13","guid":{"rendered":"https:\/\/neuronup.com\/fr\/?page_id=35606"},"modified":"2026-01-29T17:56:23","modified_gmt":"2026-01-29T15:56:23","slug":"videos-de-formation-apprenez-a-travailler-avec-neuronup","status":"publish","type":"page","link":"https:\/\/neuronup.com\/fr\/centre-daide-neuronup\/videos-de-formation-apprenez-a-travailler-avec-neuronup\/","title":{"rendered":"Vid\u00e9os de formation : apprenez \u00e0 travailler avec NeuronUP"},"content":{"rendered":"\n<div class=\"wp-block-cover alignfull is-light has-lg-padding-top has-md-padding-bottom\" style=\"min-height:338px;aspect-ratio:unset;\"><span aria-hidden=\"true\" class=\"wp-block-cover__background has-white-background-color has-background-dim-100 has-background-dim\"><\/span><img decoding=\"async\" width=\"1280\" height=\"768\" sizes=\"100vw\" class=\"wp-block-cover__image-background wp-image-2497\" alt=\"neuronup neurones fonctions fond\" src=\"https:\/\/neuronup.com\/fr\/wp-content\/uploads\/2021\/08\/neuronup-ilustration-price-03.svg\" data-object-fit=\"cover\"\/><div class=\"wp-block-cover__inner-container is-layout-flow wp-block-cover-is-layout-flow\">\n<h1 class=\"wp-block-heading has-text-align-center is-style-subheading\" style=\"text-transform:none\">Vid\u00e9os de formation<\/h1>\n\n\n\n<h2 class=\"wp-block-heading has-text-align-center is-style-subheading\" style=\"text-transform:none\">Apprenez \u00e0 travailler avec NeuronUP !<\/h2>\n<\/div><\/div>\n\n\n\n<div style=\"height:70px\" aria-hidden=\"true\" class=\"wp-block-spacer\"><\/div>\n\n\n\n<div class=\"wp-block-columns is-layout-flex wp-container-core-columns-is-layout-9d6595d7 wp-block-columns-is-layout-flex\">\n<div class=\"wp-block-column is-layout-flow wp-block-column-is-layout-flow\" style=\"flex-basis:100%\">\n<div class=\"wp-block-columns is-layout-flex wp-container-core-columns-is-layout-9d6595d7 wp-block-columns-is-layout-flex\">\n<div class=\"wp-block-column is-layout-flow wp-block-column-is-layout-flow\">\n<figure class=\"wp-block-image size-large is-resized\"><img decoding=\"async\" width=\"256\" height=\"256\" src=\"https:\/\/neuronup.com\/fr\/wp-content\/uploads\/2024\/11\/actividades-de-neurorrehabilitacion.svg\" alt=\"Activit\u00e9s\" class=\"wp-image-35610\" style=\"width:113px;height:113px\"\/><\/figure>\n\n\n\n<h3 class=\"wp-block-heading is-style-subheading\">Activit\u00e9s<\/h3>\n\n\n\n<p><a href=\"https:\/\/youtu.be\/XjZpNkktoSs?si=Kd6NxjaSPcANvPmG\" target=\"_blank\" rel=\"noreferrer noopener\">Ouvrir et travailler avec une fiche digitale<\/a><\/p>\n\n\n\n<p><a href=\"https:\/\/youtu.be\/Nd0klsSSIq8?si=BSC4yK2hoCuX_QXE\" target=\"_blank\" rel=\"noreferrer noopener\">Ouvrir, personnaliser et travailler avec les fiches NeuronUP<\/a><\/p>\n\n\n\n<p><a href=\"https:\/\/youtu.be\/6gk24X7K0-o?si=JOQ_Be10DXalcPW-\" target=\"_blank\" rel=\"noreferrer noopener\">Ouvrir, personnaliser et travailler avec les g\u00e9n\u00e9rateurs NeuronUP<\/a><\/p>\n\n\n\n<p><a href=\"https:\/\/youtu.be\/1hyk_N1n1Pg?si=CbFnZASHFopBzOVQ\" target=\"_blank\" rel=\"noreferrer noopener\">Ouvrir, personnaliser et travailler avec les jeux NeuronUP<\/a><\/p>\n\n\n\n<p><a href=\"https:\/\/youtu.be\/FPYokD0gWYM?si=dWSjumfMmwVdv2z_\" target=\"_blank\" rel=\"noreferrer noopener\">Filtrer par utilisateur<\/a><\/p>\n\n\n\n<p><a href=\"https:\/\/youtu.be\/tG06Z7-nyXw?si=dkNh_zWaiGuGT3jl\" target=\"_blank\" rel=\"noreferrer noopener\">Personnaliser un g\u00e9n\u00e9rateur<\/a><\/p>\n<\/div>\n\n\n\n<div class=\"wp-block-column is-layout-flow wp-block-column-is-layout-flow\">\n<figure class=\"wp-block-image size-large is-resized\"><img decoding=\"async\" width=\"256\" height=\"256\" src=\"https:\/\/neuronup.com\/fr\/wp-content\/uploads\/2024\/11\/crear-sesiones-en-neuronup.svg\" alt=\"Sessions\" class=\"wp-image-35613\" style=\"width:113px;height:113px\"\/><\/figure>\n\n\n\n<h3 class=\"wp-block-heading is-style-subheading\">Sessions<\/h3>\n\n\n\n<p><a href=\"https:\/\/youtu.be\/_RMlOuHjmy4?si=IWRiwrb-rfMbTIbr\" target=\"_blank\" rel=\"noreferrer noopener\">Sessions types<\/a><\/p>\n\n\n\n<p><a href=\"https:\/\/youtu.be\/ghD_BG0_I3k?si=Y7GpjHdUo97Z9rv2\" target=\"_blank\" rel=\"noreferrer noopener\">Cr\u00e9er une session<\/a><\/p>\n\n\n\n<p><a href=\"https:\/\/youtu.be\/eED_e_hAF5c?si=Mg7E5ZyBGVVLvvbB\" target=\"_blank\" rel=\"noreferrer noopener\">Attribuer des sessions<\/a><\/p>\n\n\n\n<p><a href=\"https:\/\/youtu.be\/6Njs4E0KYfk?si=e4tp6-9cJdgKFyRr\" target=\"_blank\" rel=\"noreferrer noopener\">Commencer une session<\/a><\/p>\n\n\n\n<p><a href=\"https:\/\/youtu.be\/mXFV0vl7YDU?si=ewTsNmnSyPqz7hzR\" target=\"_blank\" rel=\"noreferrer noopener\">Ajouter des exercices personnalis\u00e9s aux sessions<\/a><\/p>\n\n\n\n<p><a href=\"https:\/\/youtu.be\/R3zo4xIe5yM?si=CiymzKaqDcf_RCJm\" target=\"_blank\" rel=\"noreferrer noopener\">Modifier une session<\/a><\/p>\n\n\n\n<p><a href=\"https:\/\/youtu.be\/TjTLw1TbUCQ?si=DZPgaq5d0Ngub8P4\" target=\"_blank\" rel=\"noreferrer noopener\">Modifier les dates d&rsquo;une session<\/a><\/p>\n\n\n\n<p><a href=\"https:\/\/youtu.be\/FPYokD0gWYM?si=Sc6BvmItvvHqXrQ_\" target=\"_blank\" rel=\"noreferrer noopener\">Filtrer par utilisateur<\/a><\/p>\n\n\n\n<p><a href=\"https:\/\/youtu.be\/j4Q92PGak5Q?si=9pzka8wL1GCb9A3c\" target=\"_blank\" rel=\"noreferrer noopener\">Dupliquer une session<\/a><\/p>\n\n\n\n<p><a href=\"https:\/\/youtu.be\/jHrrnbi6LHU?si=epRJQW2DfQW8KRqh\" target=\"_blank\" rel=\"noreferrer noopener\">Supprimer une session<\/a><\/p>\n\n\n\n<p><a href=\"https:\/\/youtu.be\/O07VHgNEvJY?si=Iayks7uZS05KxJwd\" target=\"_blank\" rel=\"noreferrer noopener\">Supprimer des activit\u00e9s invalides dans les sessions<\/a><\/p>\n<\/div>\n\n\n\n<div class=\"wp-block-column is-layout-flow wp-block-column-is-layout-flow\">\n<figure class=\"wp-block-image size-large is-resized\"><img decoding=\"async\" width=\"256\" height=\"256\" src=\"https:\/\/neuronup.com\/fr\/wp-content\/uploads\/2024\/11\/crear-programas-en-neuronup.svg\" alt=\"Programmes\" class=\"wp-image-35612\" style=\"width:113px;height:113px\"\/><\/figure>\n\n\n\n<h3 class=\"wp-block-heading is-style-subheading\">Programmes<\/h3>\n\n\n\n<p><a href=\"https:\/\/youtu.be\/3JNL93MZSP8?si=qR6PF4puiL9b70SD\" target=\"_blank\" rel=\"noreferrer noopener\">Cr\u00e9er un programme<\/a><\/p>\n\n\n\n<p><a href=\"https:\/\/youtu.be\/r1_KfEeFq60?si=VQO93oQ62O_nFDZ4\" target=\"_blank\" rel=\"noreferrer noopener\">Assigner un programme \u00e0 un utilisateur<\/a><\/p>\n\n\n\n<p><a href=\"https:\/\/youtu.be\/xdTlmhKY2QI?si=0nm96pAH6xmJ7BU9\" target=\"_blank\" rel=\"noreferrer noopener\">Commencer un programme<\/a><\/p>\n\n\n\n<p><a href=\"https:\/\/youtu.be\/wkDNrpyeUXM?si=YRvOCu50n2SXHLOC\" target=\"_blank\" rel=\"noreferrer noopener\">Modifier un programme<\/a><\/p>\n\n\n\n<p><a href=\"https:\/\/youtu.be\/7oQ3TR8xBiQ?si=_0tOyQeMOy4Fq1fY\" target=\"_blank\" rel=\"noreferrer noopener\">Modifier les dates d&rsquo;un programme<\/a><\/p>\n\n\n\n<p><a href=\"https:\/\/youtu.be\/-t0XDSc1-XQ?si=kvr1ln-dNeTI1yp4\" target=\"_blank\" rel=\"noreferrer noopener\">Dupliquer un programme<\/a><\/p>\n\n\n\n<p><a href=\"https:\/\/youtu.be\/vEk_NDDD7mI?si=72q6RYhgt0nH_Byo\" target=\"_blank\" rel=\"noreferrer noopener\">Supprimer un programme<\/a><\/p>\n\n\n\n<p><a href=\"https:\/\/youtu.be\/qXTJPOpalcA?si=mnJu6dtj1h9Hlo8Z\" target=\"_blank\" rel=\"noreferrer noopener\">R\u00e9cup\u00e9rer d&rsquo;anciens programmes<\/a><\/p>\n<\/div>\n<\/div>\n<\/div>\n<\/div>\n\n\n\n<div style=\"height:60px\" aria-hidden=\"true\" class=\"wp-block-spacer\"><\/div>\n\n\n\n<div style=\"height:10px\" aria-hidden=\"true\" class=\"wp-block-spacer\"><\/div>\n\n\n\n<div class=\"wp-block-columns is-layout-flex wp-container-core-columns-is-layout-9d6595d7 wp-block-columns-is-layout-flex\">\n<div class=\"wp-block-column is-layout-flow wp-block-column-is-layout-flow\">\n<figure class=\"wp-block-image size-large is-resized\"><img decoding=\"async\" width=\"256\" height=\"256\" src=\"https:\/\/neuronup.com\/fr\/wp-content\/uploads\/2024\/11\/gestor-de-pacientes-en-neuronup.svg\" alt=\"Utilisateurs\" class=\"wp-image-35615\" style=\"width:113px;height:113px\"\/><\/figure>\n\n\n\n<h3 class=\"wp-block-heading is-style-subheading\">Utilisateurs<\/h3>\n\n\n\n<p><a href=\"https:\/\/youtu.be\/ZIigS4tKHMw?si=FvMQTaCyS72fXS0X\" target=\"_blank\" rel=\"noreferrer noopener\">Cr\u00e9er un utilisateur<\/a><\/p>\n\n\n\n<p><a href=\"https:\/\/youtu.be\/9XU4B-v7g9E?si=Jw81ctF3VGNomSi3\" target=\"_blank\" rel=\"noreferrer noopener\">Modifier un utilisateur<\/a><\/p>\n\n\n\n<p><a href=\"https:\/\/youtu.be\/FPYokD0gWYM?si=09_IPuojZ9pJDNTU\" target=\"_blank\" rel=\"noreferrer noopener\">Filtrer par utilisateur<\/a><\/p>\n\n\n\n<p><a href=\"https:\/\/youtu.be\/tD0QgjltrOY?si=TgeUgQz2LQnSyqUy\" target=\"_blank\" rel=\"noreferrer noopener\">Supprimer un utilisateur<\/a><\/p>\n\n\n\n<p><a href=\"https:\/\/youtu.be\/jePlrTJzpl0?si=6sX3fnZcZzmMM4Eh\" target=\"_blank\" rel=\"noreferrer noopener\">Travailler avec plusieurs utilisateurs<\/a><\/p>\n<\/div>\n\n\n\n<div class=\"wp-block-column is-layout-flow wp-block-column-is-layout-flow\">\n<figure class=\"wp-block-image size-large is-resized\"><img decoding=\"async\" width=\"256\" height=\"256\" src=\"https:\/\/neuronup.com\/fr\/wp-content\/uploads\/2024\/11\/cuenta-de-profesional-en-neuronup.svg\" alt=\"Professionnels\" class=\"wp-image-35614\" style=\"width:113px;height:113px\"\/><\/figure>\n\n\n\n<h3 class=\"wp-block-heading is-style-subheading\">Professionnels<\/h3>\n\n\n\n<p><a href=\"https:\/\/youtu.be\/B9E_W6B-Zxk?si=3lEcX2FFFLGN0J6Y\" target=\"_blank\" rel=\"noreferrer noopener\">Modifier le profil professionnel<\/a><\/p>\n\n\n\n<p><a href=\"https:\/\/youtu.be\/IQxrDy0aBsQ?si=5ePv476iV6sDGQZk\" target=\"_blank\" rel=\"noreferrer noopener\">Modifier le mot de passe<\/a><\/p>\n\n\n\n<p><a href=\"https:\/\/youtu.be\/ssIuDD53jfE?si=9B6ZOR-6EqZck5sP\" target=\"_blank\" rel=\"noreferrer noopener\">S\u00e9lectionner les utilisateurs avec lesquels je travaille<\/a><\/p>\n\n\n\n<p><a href=\"https:\/\/youtu.be\/ZT8uHYehRy4?si=5m9bIkPzyBfngh5k\" target=\"_blank\" rel=\"noreferrer noopener\">Recevoir la Newsletter de NeuronUP<\/a><\/p>\n<\/div>\n\n\n\n<div class=\"wp-block-column is-layout-flow wp-block-column-is-layout-flow\">\n<figure class=\"wp-block-image size-large is-resized\"><img decoding=\"async\" width=\"256\" height=\"256\" src=\"https:\/\/neuronup.com\/fr\/wp-content\/uploads\/2024\/11\/resultados-de-actividades-y-sesiones-de-neuronup.svg\" alt=\"R\u00e9sultats\" class=\"wp-image-35616\" style=\"width:113px;height:113px\"\/><\/figure>\n\n\n\n<h3 class=\"wp-block-heading is-style-subheading\">R\u00e9sultats<\/h3>\n\n\n\n<p><a href=\"https:\/\/youtu.be\/xBuZ1Q5u-u0?si=lzChKndhK-pUbdh_\" target=\"_blank\" rel=\"noreferrer noopener\">Analyser les r\u00e9sultats<\/a><\/p>\n<\/div>\n<\/div>\n\n\n\n<div style=\"height:60px\" aria-hidden=\"true\" class=\"wp-block-spacer\"><\/div>\n\n\n\n<div class=\"wp-block-group has-xxl-margin-right has-xxl-margin-left\"><div class=\"wp-block-group__inner-container is-layout-flow wp-block-group-is-layout-flow\">\n<div class=\"wp-block-columns is-layout-flex wp-container-core-columns-is-layout-9d6595d7 wp-block-columns-is-layout-flex\">\n<div class=\"wp-block-column is-layout-flow wp-block-column-is-layout-flow\">\n<figure class=\"wp-block-image size-large is-resized\"><img decoding=\"async\" width=\"256\" height=\"256\" src=\"https:\/\/neuronup.com\/fr\/wp-content\/uploads\/2024\/11\/administrar-cuenta-de-neuronup.svg\" alt=\"Administration\" class=\"wp-image-35611\" style=\"width:113px;height:113px\"\/><\/figure>\n\n\n\n<h3 class=\"wp-block-heading is-style-subheading\">Administration<\/h3>\n\n\n\n<p><a href=\"https:\/\/youtu.be\/UhN5f7K_mD4?si=5oTldCxzrK5kGfO9\" target=\"_blank\" rel=\"noreferrer noopener\">Administration<\/a><\/p>\n<\/div>\n\n\n\n<div class=\"wp-block-column is-layout-flow wp-block-column-is-layout-flow\">\n<figure class=\"wp-block-image size-full is-resized\"><img decoding=\"async\" width=\"71\" height=\"71\" src=\"https:\/\/neuronup.com\/fr\/wp-content\/uploads\/2024\/11\/icono_contacto.webp\" alt=\"Ic\u00f4ne de contact symbolisant la communication, utilis\u00e9e sur le site pour acc\u00e9der au formulaire et aux informations de contact.\" class=\"wp-image-35575\" style=\"width:113px;height:113px\" srcset=\"https:\/\/neuronup.com\/fr\/wp-content\/uploads\/2024\/11\/icono_contacto-24x24.webp 24w, https:\/\/neuronup.com\/fr\/wp-content\/uploads\/2024\/11\/icono_contacto-48x48.webp 48w, https:\/\/neuronup.com\/fr\/wp-content\/uploads\/2024\/11\/icono_contacto.webp 71w\" sizes=\"(max-width: 71px) 100vw, 71px\" \/><\/figure>\n\n\n\n<h3 class=\"wp-block-heading is-style-subheading\">Autres vid\u00e9os<\/h3>\n\n\n\n<p><a href=\"https:\/\/youtu.be\/MZW0pEKrw1s?si=ih-jBO_UJJ_1bQLU\" target=\"_blank\" rel=\"noreferrer noopener\">Acc\u00e9der \u00e0 l&rsquo;acad\u00e9mie en ligne<\/a><\/p>\n\n\n\n<p><a href=\"https:\/\/youtu.be\/GqNlNyZtDF0?si=EiiIhLGQfxcweO6l\" target=\"_blank\" rel=\"noreferrer noopener\">Rappels pour travailler avec NeuronUP<\/a><\/p>\n\n\n\n<p><a href=\"https:\/\/youtu.be\/JMZtXeoOksM?si=NEzr37MdHITtYgSO\" target=\"_blank\" rel=\"noreferrer noopener\">Pr\u00e9sentation de NeuronUP<\/a><\/p>\n\n\n\n<p><a href=\"https:\/\/youtu.be\/l5lTJPJMzP8?si=2YI3kwPpyv3H4kj0\" target=\"_blank\" rel=\"noreferrer noopener\">Rapports<\/a><\/p>\n\n\n\n<p><a href=\"https:\/\/youtu.be\/szYInL4Y7M8?si=bHi98dmNskVjv44X\" target=\"_blank\" rel=\"noreferrer noopener\">Rappels pour personnaliser les g\u00e9n\u00e9rateurs<\/a><\/p>\n<\/div>\n<\/div>\n<\/div><\/div>\n\n\n","protected":false},"excerpt":{"rendered":"<p>Activit\u00e9s Ouvrir et travailler avec une fiche digitale Ouvrir, personnaliser et travailler avec les fiches NeuronUP Ouvrir, personnaliser et travailler avec les g\u00e9n\u00e9rateurs NeuronUP Ouvrir, personnaliser et travailler avec les jeux NeuronUP Filtrer par utilisateur Personnaliser un g\u00e9n\u00e9rateur Sessions Sessions types Cr\u00e9er une session Attribuer des sessions Commencer une session Ajouter des exercices personnalis\u00e9s aux &hellip;<\/p>\n","protected":false},"author":1,"featured_media":0,"parent":35622,"menu_order":0,"comment_status":"closed","ping_status":"closed","template":"","meta":{"_acf_changed":false,"_genesis_hide_title":false,"_genesis_hide_breadcrumbs":false,"_genesis_hide_singular_image":false,"_genesis_hide_footer_widgets":false,"_genesis_custom_body_class":"nup-style","_genesis_custom_post_class":"nup-style","_genesis_layout":"wide-content","footnotes":""},"class_list":{"1":"page","2":"type-page","5":"entry","6":"nup-style"},"acf":[],"_links":{"self":[{"href":"https:\/\/neuronup.com\/fr\/wp-json\/wp\/v2\/pages\/35606","targetHints":{"allow":["GET"]}}],"collection":[{"href":"https:\/\/neuronup.com\/fr\/wp-json\/wp\/v2\/pages"}],"about":[{"href":"https:\/\/neuronup.com\/fr\/wp-json\/wp\/v2\/types\/page"}],"author":[{"embeddable":true,"href":"https:\/\/neuronup.com\/fr\/wp-json\/wp\/v2\/users\/1"}],"replies":[{"embeddable":true,"href":"https:\/\/neuronup.com\/fr\/wp-json\/wp\/v2\/comments?post=35606"}],"version-history":[{"count":0,"href":"https:\/\/neuronup.com\/fr\/wp-json\/wp\/v2\/pages\/35606\/revisions"}],"up":[{"embeddable":true,"href":"https:\/\/neuronup.com\/fr\/wp-json\/wp\/v2\/pages\/35622"}],"wp:attachment":[{"href":"https:\/\/neuronup.com\/fr\/wp-json\/wp\/v2\/media?parent=35606"}],"curies":[{"name":"wp","href":"https:\/\/api.w.org\/{rel}","templated":true}]}}