{"id":35511,"date":"2024-11-27T10:08:31","date_gmt":"2024-11-27T08:08:31","guid":{"rendered":"https:\/\/neuronup.com\/fr\/?page_id=35511"},"modified":"2026-01-29T17:56:16","modified_gmt":"2026-01-29T15:56:16","slug":"outils-pour-les-chercheurs","status":"publish","type":"page","link":"https:\/\/neuronup.com\/fr\/neuronup-labs\/outils-pour-les-chercheurs\/","title":{"rendered":"Outils de NeuronUP Labs pour les chercheurs"},"content":{"rendered":"\n<div class=\"wp-block-columns alignfull are-vertically-aligned-center is-not-stacked-on-mobile labs-menu is-layout-flex wp-container-core-columns-is-layout-9d6595d7 wp-block-columns-is-layout-flex\">\n<div class=\"wp-block-column is-vertically-aligned-center logo-container is-layout-flow wp-block-column-is-layout-flow\" style=\"flex-basis:175px\">\n<figure class=\"wp-block-image size-large is-resized\"><img decoding=\"async\" width=\"350\" height=\"200\" src=\"https:\/\/neuronup.com\/fr\/wp-content\/uploads\/2024\/11\/NeuronUP-LABS-investigacion.svg\" alt=\"NeuronUP-LABS-investigacion\" class=\"wp-image-35962\" style=\"width:180px\"\/><\/figure>\n<\/div>\n\n\n\n<div class=\"wp-block-column is-vertically-aligned-center menu is-layout-flow wp-block-column-is-layout-flow\"><div id=\"mega-menu-wrap-max_mega_menu_1\" class=\"mega-menu-wrap\"><div class=\"mega-menu-toggle\"><div class=\"mega-toggle-blocks-left\"><\/div><div class=\"mega-toggle-blocks-center\"><\/div><div class=\"mega-toggle-blocks-right\"><div class='mega-toggle-block mega-html-block mega-toggle-block-1' id='mega-toggle-block-1'><a class=\"mobile-login\" href=\"https:\/\/neuronup.com\/fr\/\" tabindex=\"0\">Torna a neuronup.com\/fr\/<\/a><\/div><div class='mega-toggle-block mega-html-block mega-toggle-block-2' id='mega-toggle-block-2'><div class=\"mobile-freetry\" style=\" --button-background: var(--color-custom-1); --button-background-hover: #cc7e00; \" >\r\n  <a class=\"button button-primary\" href=\"https:\/\/neuronup.com\/fr\/neuronup-labs\/collabore-id\/\" >Collabora <\/a>\r\n<\/div><\/div><div class='mega-toggle-block mega-menu-toggle-animated-block mega-toggle-block-3' id='mega-toggle-block-3'><button aria-label=\"Toggle Menu\" class=\"mega-toggle-animated mega-toggle-animated-slider\" type=\"button\" aria-haspopup=\"true\" aria-expanded=\"false\" aria-controls=\"mega-menu-max_mega_menu_1\">\n                  <span class=\"mega-toggle-animated-box\">\n                    <span class=\"mega-toggle-animated-inner\"><\/span>\n                  <\/span>\n                <\/button><\/div><\/div><\/div><ul id=\"mega-menu-max_mega_menu_1\" class=\"mega-menu max-mega-menu mega-menu-horizontal mega-no-js\" data-event=\"click\" data-effect=\"slide\" data-effect-speed=\"200\" data-effect-mobile=\"slide\" data-effect-speed-mobile=\"200\" data-mobile-force-width=\"body\" data-second-click=\"go\" data-document-click=\"collapse\" data-vertical-behaviour=\"standard\" data-breakpoint=\"1182\" data-unbind=\"true\" data-mobile-state=\"collapse_all\" data-mobile-direction=\"vertical\" data-hover-intent-timeout=\"300\" data-hover-intent-interval=\"100\" data-overlay-desktop=\"false\" data-overlay-mobile=\"false\"><li class=\"mega-menu-item mega-menu-item-type-post_type mega-menu-item-object-page mega-align-bottom-left mega-menu-flyout mega-menu-item-first mega-menu-item-35967\" id=\"mega-menu-item-35967\"><a class=\"mega-menu-link\" href=\"https:\/\/neuronup.com\/fr\/neuronup-labs\/outils-pour-les-chercheurs\/\">Outils<\/a><\/li><li class=\"mega-menu-item mega-menu-item-type-post_type mega-menu-item-object-page mega-align-bottom-left mega-menu-flyout mega-menu-item-35965\" id=\"mega-menu-item-35965\"><a class=\"mega-menu-link\" href=\"https:\/\/neuronup.com\/fr\/neuronup-labs\/lignes-de-recherche-neuropsychologique\/\">Publications<\/a><\/li><li class=\"mega-menu-item mega-menu-item-type-post_type mega-menu-item-object-page mega-align-bottom-left mega-menu-flyout mega-menu-item-35966\" id=\"mega-menu-item-35966\"><a class=\"mega-menu-link\" href=\"https:\/\/neuronup.com\/fr\/neuronup-labs\/papers-id-neuronup\/\">Lignes de recherche<\/a><\/li><li class=\"mega-wp-block-button__link mega-button mega-button-outline mega-megamenu-login mega-menu-item mega-menu-item-type-post_type mega-menu-item-object-page mega-menu-item-home mega-align-bottom-left mega-menu-flyout mega-has-icon mega-icon-left mega-menu-item-35968 wp-block-button__link button button-outline megamenu-login\" id=\"mega-menu-item-35968\"><a class=\"mega-custom-icon mega-menu-link\" href=\"https:\/\/neuronup.com\/fr\/\">Retour \u00e0 l&rsquo;accueil<\/a><\/li><li class=\"mega-wp-block-button__link mega-button mega-button-secondary mega-megamenu-freetry mega-orange-button mega-menu-item mega-menu-item-type-post_type mega-menu-item-object-page mega-align-bottom-left mega-menu-flyout mega-menu-item-last mega-menu-item-35969 wp-block-button__link button button-secondary megamenu-freetry orange-button\" id=\"mega-menu-item-35969\"><a class=\"mega-menu-link\" href=\"https:\/\/neuronup.com\/fr\/neuronup-labs\/collabore-id\/\">Collaborez<\/a><\/li><\/ul><\/div><\/div>\n<\/div>\n\n\n\n<div style=\"height:50px\" aria-hidden=\"true\" class=\"wp-block-spacer\"><\/div>\n\n\n\n<figure class=\"wp-block-image size-full neuron-header\"><img decoding=\"async\" width=\"859\" height=\"727\" src=\"https:\/\/neuronup.com\/fr\/wp-content\/uploads\/2024\/11\/neurona-puntos-header.svg\" alt=\"neurona-puntos-header\" class=\"wp-image-35518\"\/><\/figure>\n\n\n\n<header class=\"wp-block-group has-xl-margin-top\"><div class=\"wp-block-group__inner-container is-layout-constrained wp-block-group-is-layout-constrained\">\n<p class=\"has-text-align-center\">NeuronUP Labs<\/p>\n\n\n\n<h1 class=\"wp-block-heading has-text-align-center\"><strong>Outils <\/strong>de NeuronUP Labs <strong>pour les chercheurs<\/strong><\/h1>\n\n\n\n<h2 class=\"wp-block-heading has-text-align-center has-md-font-size has-xl-margin-bottom\">NeuronUP Labs est conscient des limitations actuelles en Neuropsychologie et cherche \u00e0 int\u00e9grer diverses technologies pour d\u00e9velopper des m\u00e9thodologies de pointe en \u00e9valuation, \u00e9ducation, pr\u00e9vention, intervention, neurologie et sant\u00e9 mentale.<\/h2>\n\n\n\n<div class=\"wp-block-buttons is-content-justification-center is-layout-flex wp-container-core-buttons-is-layout-16018d1d wp-block-buttons-is-layout-flex\">\n<div class=\"wp-block-button\" style=\"--button-background:var(--color-custom-1);--button-background-hover:#cc7e00;\"><a class=\"wp-block-button__link button   wp-element-button\" href=\"https:\/\/neuronup.com\/fr\/neuronup-labs\/collabore-id\/\">Travailler avec nos outils<\/a><\/div>\n\n<\/div>\n\n\n\n<div style=\"height:30px\" aria-hidden=\"true\" class=\"wp-block-spacer\"><\/div>\n<\/div><\/header>\n\n\n\n<div class=\"wp-block-buttons alignwide has-custom-font-size has-xs-font-size is-content-justification-center is-layout-flex wp-container-core-buttons-is-layout-64b26803 wp-block-buttons-is-layout-flex\">\n<div class=\"wp-block-button has-custom-font-size casos-tag has-sm-font-size--1\"><a class=\"wp-block-button__link button button-outline wp-element-button\" href=\"#score-raw\">Score raw<\/a><\/div>\n\n\n\n<div class=\"wp-block-button has-custom-font-size casos-tag has-sm-font-size--2\"><a class=\"wp-block-button__link button button-outline wp-element-button\" href=\"#NeuronUP-Normativo\">NeuronUP Normatif<\/a><\/div>\n\n\n\n<div class=\"wp-block-button has-custom-font-size casos-tag has-sm-font-size--3\"><a class=\"wp-block-button__link button button-outline wp-element-button\" href=\"#NeuronUP-Evolutif\">NeuronUP \u00c9volutif<\/a><\/div>\n\n\n\n<div class=\"wp-block-button has-custom-font-size casos-tag has-sm-font-size--4\"><a class=\"wp-block-button__link button button-outline wp-element-button\" href=\"#NeuronUP-Cohorte\">NeuronUP Cohorte<\/a><\/div>\n\n\n\n<div class=\"wp-block-button has-custom-font-size casos-tag has-sm-font-size--5\"><a class=\"wp-block-button__link button button-outline wp-element-button\" href=\"#Age-C\u00e9r\u00e9bral\">\u00c2ge c\u00e9r\u00e9bral<\/a><\/div>\n<\/div>\n\n\n\n<div style=\"height:50px\" aria-hidden=\"true\" class=\"wp-block-spacer\"><\/div>\n\n\n\n<div class=\"wp-block-columns alignfull are-vertically-aligned-center column-reverse is-layout-flex wp-container-core-columns-is-layout-9d6595d7 wp-block-columns-is-layout-flex\" id=\"score-raw\">\n<div class=\"wp-block-column is-vertically-aligned-center br-0010 flex-align-center has-alt-background-color has-background is-layout-flow wp-block-column-is-layout-flow\"><div class=\"wp-block-image\">\n<figure class=\"aligncenter size-full has-xxl-margin-top has-xxl-margin-bottom\"><img decoding=\"async\" width=\"546\" height=\"418\" src=\"https:\/\/neuronup.com\/fr\/wp-content\/uploads\/2024\/11\/Produit-NeuronUP-Score.webp\" alt=\"Tableau de bord d&#039;une application d&#039;\u00e9valuations cognitives montrant des noms d&#039;utilisateurs et des scores en pourcentage.\" class=\"wp-image-35881\" srcset=\"https:\/\/neuronup.com\/fr\/wp-content\/uploads\/2024\/11\/Produit-NeuronUP-Score-300x230.webp 300w, https:\/\/neuronup.com\/fr\/wp-content\/uploads\/2024\/11\/Produit-NeuronUP-Score.webp 546w\" sizes=\"(max-width: 546px) 100vw, 546px\" \/><\/figure>\n<\/div><\/div>\n\n\n\n<div class=\"wp-block-column is-vertically-aligned-center anims-fadein-left is-layout-flow wp-block-column-is-layout-flow\" id=\"score-raw\">\n<div class=\"wp-block-group p-inline-5 mw-700 m-inline-auto has-xxl-margin-top has-xxl-margin-bottom\"><div class=\"wp-block-group__inner-container is-layout-constrained wp-block-group-is-layout-constrained\">\n<p>Outils accessibles aux clients de NeuronUP<\/p>\n\n\n\n<h2 class=\"wp-block-heading\"><strong>Score<\/strong> Raw<\/h2>\n\n\n\n<h3 class=\"wp-block-heading\">Une m\u00e9trique normalis\u00e9e entre 0 et 100 pour mesurer les performances cognitives<\/h3>\n\n\n\n<p>Le NeuronUP&nbsp;Score est la m\u00e9trique utilis\u00e9e pour mesurer les performances cognitives de chaque utilisateur et session, au niveau de l&rsquo;activit\u00e9, du domaine cognitif ou global.<\/p>\n\n\n\n<p><strong>Cet outil est d\u00e9j\u00e0 disponible pour tous<\/strong> les clients de NeuronUP, permettant de mesurer les performances de leurs patients de mani\u00e8re visuelle et comparative \u00e0 travers les diff\u00e9rents domaines cognitifs.<\/p>\n\n\n\n<p>Lors des sessions d&rsquo;intervention enregistr\u00e9es et r\u00e9p\u00e9t\u00e9es pour un m\u00eame patient, le NeuronUP Score permet de visualiser l&rsquo;\u00e9volution des performances cognitives.<\/p>\n\n\n\n<div class=\"wp-block-buttons is-layout-flex wp-block-buttons-is-layout-flex\">\n<div class=\"wp-block-button\"><a class=\"wp-block-button__link button button-link wp-element-button\" href=\"https:\/\/neuronup.com\/fr\/produit\/neuronup-score\/\">Voir NeuronUP Score<\/a><\/div>\n<\/div>\n<\/div><\/div>\n<\/div>\n<\/div>\n\n\n\n<div class=\"wp-block-group alignfull\"><div class=\"wp-block-group__inner-container is-layout-constrained wp-block-group-is-layout-constrained\">\n<div class=\"wp-block-columns alignfull is-layout-flex wp-container-core-columns-is-layout-9d6595d7 wp-block-columns-is-layout-flex\">\n<div class=\"wp-block-column is-vertically-aligned-center anims-fadein-right is-layout-flow wp-block-column-is-layout-flow\" id=\"NeuronUP-Normativo\">\n<div class=\"wp-block-group p-inline-5 mw-700 m-inline-auto has-xl-margin-top has-xxl-margin-bottom\"><div class=\"wp-block-group__inner-container is-layout-constrained wp-block-group-is-layout-constrained\">\n<p>Comparez les performances de vos utilisateurs avec des utilisateurs \u00e9quivalents<\/p>\n\n\n\n<h2 class=\"wp-block-heading\">NeuronUP <strong>Normatif<\/strong><\/h2>\n\n\n\n<h3 class=\"wp-block-heading\">D\u00e9terminez la \u201cnormalit\u00e9\u201d de chaque score \u00e0 l&rsquo;aide de cohortes<\/h3>\n\n\n\n<p>Cet outil permet de d\u00e9terminer pr\u00e9cis\u00e9ment \u00e0 quel point les performances de votre utilisateur ressemblent \u00e0 celles de patients \u00e9quivalents. Cela permet d&rsquo;identifier des situations de normalit\u00e9 et d&rsquo;anormalit\u00e9 (outliers). Des scores Z et standardis\u00e9s peuvent \u00e9galement \u00eatre calcul\u00e9s.<\/p>\n\n\n\n<p>Gr\u00e2ce \u00e0 des cohortes de dizaines de milliers de participants, nous calculons des percentiles (corrig\u00e9s selon l&rsquo;\u00e2ge, le sexe et les ann\u00e9es d&rsquo;\u00e9ducation) pour d\u00e9terminer la \u201cnormalit\u00e9\u201d de chaque score.<\/p>\n\n\n\n<p><strong><em>Disponible exclusivement pour les chercheurs.<\/em><\/strong><\/p>\n<\/div><\/div>\n<\/div>\n\n\n\n<div class=\"wp-block-column is-vertically-aligned-stretch br-0001 flex-align-center has-alt-background-color has-background is-layout-flow wp-block-column-is-layout-flow\"><div class=\"wp-block-image\">\n<figure class=\"aligncenter size-full is-resized\"><img decoding=\"async\" width=\"1243\" height=\"700\" src=\"https:\/\/neuronup.com\/fr\/wp-content\/uploads\/2024\/11\/neuronup-normativo-cohortes-puntuacion.webp\" alt=\"\u00c0 gauche, distribution globale des scores en courbe en cloche; \u00e0 droite, tableau de percentiles indiquant 29,37 et 43.\" class=\"wp-image-35513\" style=\"width:650px\" srcset=\"https:\/\/neuronup.com\/fr\/wp-content\/uploads\/2024\/11\/neuronup-normativo-cohortes-puntuacion-300x169.webp 300w, https:\/\/neuronup.com\/fr\/wp-content\/uploads\/2024\/11\/neuronup-normativo-cohortes-puntuacion-768x433.webp 768w, https:\/\/neuronup.com\/fr\/wp-content\/uploads\/2024\/11\/neuronup-normativo-cohortes-puntuacion-1024x577.webp 1024w, https:\/\/neuronup.com\/fr\/wp-content\/uploads\/2024\/11\/neuronup-normativo-cohortes-puntuacion.webp 1243w\" sizes=\"(max-width: 1243px) 100vw, 1243px\" \/><\/figure>\n<\/div><\/div>\n<\/div>\n<\/div><\/div>\n\n\n\n<div class=\"wp-block-columns alignfull column-reverse is-layout-flex wp-container-core-columns-is-layout-9d6595d7 wp-block-columns-is-layout-flex\">\n<div class=\"wp-block-column is-vertically-aligned-stretch br-0010 flex-align-center has-alt-background-color has-background is-layout-flow wp-block-column-is-layout-flow\"><div class=\"wp-block-image\">\n<figure class=\"aligncenter size-full is-resized has-xxl-margin-top has-xxl-margin-bottom\"><img decoding=\"async\" width=\"1400\" height=\"657\" src=\"https:\/\/neuronup.com\/fr\/wp-content\/uploads\/2024\/11\/NeuronUP-evolutivo-trayectoria-cognitiva-usuario.webp\" alt=\"\u00c9volution quotidienne d&#039;un score sur plusieurs jours avec marqueurs verts et orange, fl\u00e8che rouge, et histogramme.\" class=\"wp-image-35514\" style=\"width:650px\" srcset=\"https:\/\/neuronup.com\/fr\/wp-content\/uploads\/2024\/11\/NeuronUP-evolutivo-trayectoria-cognitiva-usuario-300x141.webp 300w, https:\/\/neuronup.com\/fr\/wp-content\/uploads\/2024\/11\/NeuronUP-evolutivo-trayectoria-cognitiva-usuario-768x360.webp 768w, https:\/\/neuronup.com\/fr\/wp-content\/uploads\/2024\/11\/NeuronUP-evolutivo-trayectoria-cognitiva-usuario-1024x481.webp 1024w, https:\/\/neuronup.com\/fr\/wp-content\/uploads\/2024\/11\/NeuronUP-evolutivo-trayectoria-cognitiva-usuario.webp 1400w\" sizes=\"(max-width: 1400px) 100vw, 1400px\" \/><\/figure>\n<\/div><\/div>\n\n\n\n<div class=\"wp-block-column is-vertically-aligned-center anims-fadein-left is-layout-flow wp-block-column-is-layout-flow\" id=\"NeuronUP-Evolutivo\">\n<div class=\"wp-block-group p-inline-5 mw-700 m-inline-auto has-xxl-margin-top has-xxl-margin-bottom\"><div class=\"wp-block-group__inner-container is-layout-constrained wp-block-group-is-layout-constrained\">\n<p>Analysez et enregistrez la trajectoire de chaque utilisateur dans le temps<\/p>\n\n\n\n<h2 class=\"wp-block-heading\">NeuronUP <strong>\u00c9volutif<\/strong><\/h2>\n\n\n\n<h3 class=\"wp-block-heading\">Le suivi propos\u00e9 par NeuronUP Labs d\u00e9passe largement les \u00e9tudes longitudinales \u201ctypiques\u201d<\/h3>\n\n\n\n<p>NeuronUP Labs vous permet de suivre l&rsquo;\u00e9volution des performances cognitives de chaque utilisateur, au niveau des tests individuels, des domaines cognitifs ou de la session globale. Les sessions enregistr\u00e9es depuis plus de 10 ans respectent la D\u00e9claration d&rsquo;Helsinki et diverses lois sur la protection des donn\u00e9es pour la recherche clinique.<\/p>\n\n\n\n<p>Par ailleurs, le suivi propos\u00e9 par NeuronUP Labs est bien sup\u00e9rieur aux \u00e9tudes longitudinales \u201ctypiques\u201d. Par exemple, l&rsquo;utilisateur 46533, repr\u00e9sent\u00e9 dans le graphique, a \u00e9t\u00e9 suivi en moyenne 5,57 fois par semaine sur 1180 jours diff\u00e9rents.<\/p>\n\n\n\n<p>En outre, NeuronUP \u00c9volutif s&rsquo;appuie sur des trajectoires bien document\u00e9es pour mener diverses \u00e9tudes.<\/p>\n\n\n\n<p><strong><em>Disponible exclusivement pour les chercheurs.<\/em><\/strong><\/p>\n<\/div><\/div>\n<\/div>\n<\/div>\n\n\n\n<div class=\"wp-block-group alignfull\"><div class=\"wp-block-group__inner-container is-layout-constrained wp-block-group-is-layout-constrained\">\n<div class=\"wp-block-columns alignfull is-layout-flex wp-container-core-columns-is-layout-9d6595d7 wp-block-columns-is-layout-flex\">\n<div class=\"wp-block-column is-vertically-aligned-center anims-fadein-right is-layout-flow wp-block-column-is-layout-flow\" id=\"NeuronUP-Cohorte\">\n<div class=\"wp-block-group p-inline-5 mw-700 m-inline-auto has-xl-margin-top has-xxl-margin-bottom\"><div class=\"wp-block-group__inner-container is-layout-constrained wp-block-group-is-layout-constrained\">\n<p>Identifiez des mod\u00e8les dans des ensembles d&rsquo;utilisateurs<\/p>\n\n\n\n<h2 class=\"wp-block-heading\">NeuronUP <strong>Cohorte<\/strong><\/h2>\n\n\n\n<h3 class=\"wp-block-heading\">Identifiez des cohortes cliniques bien d\u00e9finies avec des crit\u00e8res pr\u00e9cis d&rsquo;inclusion et d&rsquo;exclusion<\/h3>\n\n\n\n<p>Par exemple, apr\u00e8s avoir identifi\u00e9 une cohorte de 1072 participants, nous pouvons quantifier l&rsquo;effet d&rsquo;une intervention sur la cohorte et dans le temps. Dans cette illustration, toutes les deux semaines, nous surveillons les performances cognitives de la cohorte (histogramme) et \u00e9valuons l&rsquo;efficacit\u00e9 de l&rsquo;intervention \u00e0 l&rsquo;aide de statistiques non param\u00e9triques.<\/p>\n\n\n\n<p><strong><em>Disponible exclusivement pour les chercheurs.<\/em><\/strong><\/p>\n<\/div><\/div>\n<\/div>\n\n\n\n<div class=\"wp-block-column is-vertically-aligned-stretch br-0001 flex-align-center has-alt-background-color has-background is-layout-flow wp-block-column-is-layout-flow\"><div class=\"wp-block-image\">\n<figure class=\"aligncenter size-large is-resized has-xxl-margin-top has-xxl-margin-bottom\"><img decoding=\"async\" width=\"1024\" height=\"578\" src=\"https:\/\/neuronup.com\/fr\/wp-content\/uploads\/2024\/11\/NeuronUP-cohorte-clinica-rendimiento-cognitivo-1-1024x578.webp\" alt=\"Graphiques de performance: gauche, aire par couches; droite, ligne jour 0\u2013365 et histogramme, avec l\u00e9gendes en espagnol.\" class=\"wp-image-35515\" style=\"width:650px\" srcset=\"https:\/\/neuronup.com\/fr\/wp-content\/uploads\/2024\/11\/NeuronUP-cohorte-clinica-rendimiento-cognitivo-1-300x169.webp 300w, https:\/\/neuronup.com\/fr\/wp-content\/uploads\/2024\/11\/NeuronUP-cohorte-clinica-rendimiento-cognitivo-1-768x433.webp 768w, https:\/\/neuronup.com\/fr\/wp-content\/uploads\/2024\/11\/NeuronUP-cohorte-clinica-rendimiento-cognitivo-1-1024x578.webp 1024w, https:\/\/neuronup.com\/fr\/wp-content\/uploads\/2024\/11\/NeuronUP-cohorte-clinica-rendimiento-cognitivo-1.webp 1400w\" sizes=\"(max-width: 1024px) 100vw, 1024px\" \/><\/figure>\n<\/div><\/div>\n<\/div>\n<\/div><\/div>\n\n\n\n<div class=\"wp-block-columns alignfull column-reverse is-layout-flex wp-container-core-columns-is-layout-9d6595d7 wp-block-columns-is-layout-flex\">\n<div class=\"wp-block-column is-vertically-aligned-stretch br-0010 flex-align-center has-alt-background-color has-background is-layout-flow wp-block-column-is-layout-flow\"><div class=\"wp-block-image\">\n<figure class=\"aligncenter size-full is-resized has-xxl-margin-top has-xxl-margin-bottom\"><img decoding=\"async\" width=\"1400\" height=\"915\" src=\"https:\/\/neuronup.com\/fr\/wp-content\/uploads\/2024\/11\/NeuronUP-edad-cerebral.webp\" alt=\"Graphique composite: \u00e2ge chronologique vs performance \u00e0 gauche; \u00e0 droite, Train et Test montrant une relation avec l&#039;\u00e2ge.\" class=\"wp-image-35516\" style=\"width:650px\" srcset=\"https:\/\/neuronup.com\/fr\/wp-content\/uploads\/2024\/11\/NeuronUP-edad-cerebral-300x196.webp 300w, https:\/\/neuronup.com\/fr\/wp-content\/uploads\/2024\/11\/NeuronUP-edad-cerebral-768x502.webp 768w, https:\/\/neuronup.com\/fr\/wp-content\/uploads\/2024\/11\/NeuronUP-edad-cerebral-1024x669.webp 1024w, https:\/\/neuronup.com\/fr\/wp-content\/uploads\/2024\/11\/NeuronUP-edad-cerebral.webp 1400w\" sizes=\"(max-width: 1400px) 100vw, 1400px\" \/><\/figure>\n<\/div><\/div>\n\n\n\n<div class=\"wp-block-column is-vertically-aligned-center anims-fadein-left is-layout-flow wp-block-column-is-layout-flow\" id=\"Age-C\u00e9r\u00e9bral\">\n<div class=\"wp-block-group p-inline-5 mw-700 m-inline-auto has-xxl-margin-top has-xxl-margin-bottom\"><div class=\"wp-block-group__inner-container is-layout-constrained wp-block-group-is-layout-constrained\">\n<p>Soutenez-vous sur l&rsquo;IA pour pr\u00e9dire l&rsquo;\u00e2ge c\u00e9r\u00e9bral de vos utilisateurs<\/p>\n\n\n\n<h2 class=\"wp-block-heading\">NeuronUP <strong>\u00c2ge c\u00e9r\u00e9bral<\/strong><\/h2>\n\n\n\n<h3 class=\"wp-block-heading\">Identifiez des sujets avec une fragilit\u00e9 c\u00e9r\u00e9brale accrue gr\u00e2ce \u00e0 l&rsquo;intelligence artificielle<\/h3>\n\n\n\n<p>Nous avons entra\u00een\u00e9 plusieurs mod\u00e8les d&rsquo;IA \u00e0 partir d&rsquo;une multitude de scores dans une population saine, ce qui nous permet de <strong>pr\u00e9dire l&rsquo;\u00e2ge des sujets \u00e0 partir de leurs scores<\/strong> au niveau des tests, des domaines cognitifs ou des sessions globales.<\/p>\n\n\n\n<p>Chez les nouveaux utilisateurs de NeuronUP, nous d\u00e9terminons leur \u00e2ge c\u00e9r\u00e9bral et utilisons leur \u00e9cart par rapport \u00e0 l&rsquo;\u00e2ge chronologique comme mesure de vieillissement c\u00e9r\u00e9bral pr\u00e9matur\u00e9. Ainsi, nous cherchons \u00e0 <strong>identifier les sujets pr\u00e9sentant une fragilit\u00e9 accrue<\/strong> face au vieillissement.<\/p>\n\n\n\n<p>En outre, en nous appuyant sur l&rsquo;IA, nous tentons de d\u00e9finir des strat\u00e9gies d&rsquo;intervention pour rajeunir l&rsquo;\u00e2ge c\u00e9r\u00e9bral.<\/p>\n\n\n\n<p><strong><em>Disponible exclusivement pour les chercheurs.<\/em><\/strong><\/p>\n<\/div><\/div>\n<\/div>\n<\/div>\n\n\n\n<div style=\"height:100px\" aria-hidden=\"true\" class=\"wp-block-spacer\"><\/div>\n\n\n\n<div class=\"wp-block-group alignfull br-0100 has-custom-13-background-color has-background has-light-background has-md-padding-top has-md-padding-bottom has-md-padding-left has-md-padding-right\"><div class=\"wp-block-group__inner-container is-layout-constrained wp-block-group-is-layout-constrained\">\n<p class=\"has-text-align-center\">Collaborez avec nous<\/p>\n\n\n\n<h2 class=\"wp-block-heading has-text-align-center has-xxl-margin-bottom\">Acc\u00e9dez aux outils de recherche de NeuronUP Labs<\/h2>\n\n\n\n<p class=\"has-text-align-center\">Souhaitez-vous <strong>acc\u00e9der aux outils de recherche<\/strong> de NeuronUP Labs\u00a0? Envoyez-nous votre proposition de recherche, notre comit\u00e9 \u00e9valuera votre projet et, une fois valid\u00e9, nous vous fournirons les outils les plus innovants pour d\u00e9velopper votre recherche.<\/p>\n\n\n\n<div class=\"wp-block-buttons is-content-justification-center is-layout-flex wp-container-core-buttons-is-layout-16018d1d wp-block-buttons-is-layout-flex\">\n<div class=\"wp-block-button\"><a class=\"wp-block-button__link button button-link wp-element-button\" href=\"https:\/\/neuronup.com\/fr\/neuronup-labs\/collabore-id\/\">Travailler avec nos outils<\/a><\/div>\n<\/div>\n\n\n\n<div style=\"height:40px\" aria-hidden=\"true\" class=\"wp-block-spacer\"><\/div>\n<\/div><\/div>\n\n","protected":false},"excerpt":{"rendered":"<p>NeuronUP Labs Outils de NeuronUP Labs pour les chercheurs NeuronUP Labs est conscient des limitations actuelles en Neuropsychologie et cherche \u00e0 int\u00e9grer diverses technologies pour d\u00e9velopper des m\u00e9thodologies de pointe en \u00e9valuation, \u00e9ducation, pr\u00e9vention, intervention, neurologie et sant\u00e9 mentale. Outils accessibles aux clients de NeuronUP Score Raw Une m\u00e9trique normalis\u00e9e entre 0 et 100 pour &hellip;<\/p>\n","protected":false},"author":1,"featured_media":0,"parent":35505,"menu_order":0,"comment_status":"closed","ping_status":"closed","template":"","meta":{"_acf_changed":false,"_genesis_hide_title":false,"_genesis_hide_breadcrumbs":false,"_genesis_hide_singular_image":false,"_genesis_hide_footer_widgets":false,"_genesis_custom_body_class":"","_genesis_custom_post_class":"","_genesis_layout":"","footnotes":""},"class_list":{"1":"page","2":"type-page","5":"entry"},"acf":[],"_links":{"self":[{"href":"https:\/\/neuronup.com\/fr\/wp-json\/wp\/v2\/pages\/35511","targetHints":{"allow":["GET"]}}],"collection":[{"href":"https:\/\/neuronup.com\/fr\/wp-json\/wp\/v2\/pages"}],"about":[{"href":"https:\/\/neuronup.com\/fr\/wp-json\/wp\/v2\/types\/page"}],"author":[{"embeddable":true,"href":"https:\/\/neuronup.com\/fr\/wp-json\/wp\/v2\/users\/1"}],"replies":[{"embeddable":true,"href":"https:\/\/neuronup.com\/fr\/wp-json\/wp\/v2\/comments?post=35511"}],"version-history":[{"count":0,"href":"https:\/\/neuronup.com\/fr\/wp-json\/wp\/v2\/pages\/35511\/revisions"}],"up":[{"embeddable":true,"href":"https:\/\/neuronup.com\/fr\/wp-json\/wp\/v2\/pages\/35505"}],"wp:attachment":[{"href":"https:\/\/neuronup.com\/fr\/wp-json\/wp\/v2\/media?parent=35511"}],"curies":[{"name":"wp","href":"https:\/\/api.w.org\/{rel}","templated":true}]}}