{"id":35498,"date":"2024-11-26T18:45:00","date_gmt":"2024-11-26T16:45:00","guid":{"rendered":"https:\/\/neuronup.com\/fr\/?page_id=35498"},"modified":"2025-07-29T14:17:35","modified_gmt":"2025-07-29T12:17:35","slug":"politique-environnementale","status":"publish","type":"page","link":"https:\/\/neuronup.com\/fr\/a-propos\/politique-environnementale\/","title":{"rendered":"Politique Environnementale"},"content":{"rendered":"\n<h2 class=\"wp-block-heading\">1. Objectif<\/h2>\n\n\n\n<p>Chez NeuronUP, nous reconnaissons l&rsquo;importance de prot\u00e9ger l&rsquo;environnement et nous nous engageons \u00e0 agir de mani\u00e8re responsable pour r\u00e9duire notre impact.<\/p>\n\n\n\n<h2 class=\"wp-block-heading\">2. Port\u00e9e<\/h2>\n\n\n\n<p>Cette politique s&rsquo;applique \u00e0 toutes les activit\u00e9s de NeuronUP, ainsi qu&rsquo;\u00e0 tous les employ\u00e9s, fournisseurs et collaborateurs qui travaillent avec nous.<\/p>\n\n\n\n<h2 class=\"wp-block-heading\">3. Objectifs Environnementaux<\/h2>\n\n\n\n<h3 class=\"wp-block-heading\">3.1 Contribuer \u00e0 un Bureau Sans Papier (Z\u00e9ro Papier)<\/h3>\n\n\n\n<p>R\u00e9duire l&rsquo;utilisation du papier en promouvant des pratiques num\u00e9riques dans tous les processus administratifs.<br>Imprimer uniquement lorsque cela est absolument n\u00e9cessaire.<\/p>\n\n\n\n<h3 class=\"wp-block-heading\">3.2 R\u00e9duction des \u00c9missions<\/h3>\n\n\n\n<p>Mettre en \u0153uvre des mesures dans la s\u00e9lection des fournisseurs, en privil\u00e9giant ceux ayant des politiques environnementales.<\/p>\n\n\n\n<h2 class=\"wp-block-heading\">4. Engagements et Actions<\/h2>\n\n\n\n<h3 class=\"wp-block-heading\">4.1 Gestion des D\u00e9chets<\/h3>\n\n\n\n<p>Nous minimisons la production de d\u00e9chets et promouvons le recyclage et la r\u00e9utilisation. Des distributeurs d&rsquo;eau ont \u00e9t\u00e9 install\u00e9s pour r\u00e9duire l&rsquo;utilisation de bouteilles en plastique.<br>Nous disposons de conteneurs s\u00e9par\u00e9s pour les mat\u00e9riaux recyclables.<\/p>\n\n\n\n<h3 class=\"wp-block-heading\">4.2 Conservation de l&rsquo;\u00c9nergie<\/h3>\n\n\n\n<p>Nous \u00e9teignons les \u00e9quipements lorsqu&rsquo;ils ne sont pas utilis\u00e9s.<\/p>\n\n\n\n<h3 class=\"wp-block-heading\">4.3 Sensibilisation<\/h3>\n\n\n\n<p>Nous informons les employ\u00e9s des pratiques environnementales par le biais d&rsquo;affiches informatives sur la v\u00e9rification des appareils avant de quitter les bureaux et de rappels dans les bulletins internes.<\/p>\n\n\n\n<h2 class=\"wp-block-heading\">5. Responsabilit\u00e9s<\/h2>\n\n\n\n<p>La mise en \u0153uvre et la supervision de cette politique rel\u00e8vent du D\u00e9partement Administratif de NeuronUP, avec le soutien de tous les employ\u00e9s. Ce d\u00e9partement est charg\u00e9 de :<\/p>\n\n\n\n<ul class=\"wp-block-list\">\n<li>S&rsquo;assurer que toutes les pratiques \u00e9tablies sont respect\u00e9es.<\/li>\n\n\n\n<li>Proposer de meilleures pratiques environnementales.<\/li>\n<\/ul>\n\n\n\n<h2 class=\"wp-block-heading\">6. Engagement de la Direction<\/h2>\n\n\n\n<p>La direction de NeuronUP s&rsquo;engage \u00e0 fournir les ressources n\u00e9cessaires pour mettre en \u0153uvre cette politique et assurer son efficacit\u00e9. Nous nous engageons \u00e0 travailler en continu pour r\u00e9duire notre impact environnemental et contribuer positivement \u00e0 la durabilit\u00e9 de l&rsquo;environnement dans lequel nous op\u00e9rons.<\/p>\n\n\n\n<h2 class=\"wp-block-heading\">7. Conclusion<\/h2>\n\n\n\n<p>Chez NeuronUP, nous croyons que chaque petit geste compte. En adh\u00e9rant \u00e0 cette politique environnementale, nous visons non seulement \u00e0 remplir nos responsabilit\u00e9s en tant qu&rsquo;entreprise, mais aussi \u00e0 inspirer d&rsquo;autres \u00e0 adopter des pratiques plus durables. Ensemble, nous pouvons faire une diff\u00e9rence significative dans la protection de notre plan\u00e8te.<\/p>\n","protected":false},"excerpt":{"rendered":"<p>1. Objectif Chez NeuronUP, nous reconnaissons l&rsquo;importance de prot\u00e9ger l&rsquo;environnement et nous nous engageons \u00e0 agir de mani\u00e8re responsable pour r\u00e9duire notre impact. 2. Port\u00e9e Cette politique s&rsquo;applique \u00e0 toutes les activit\u00e9s de NeuronUP, ainsi qu&rsquo;\u00e0 tous les employ\u00e9s, fournisseurs et collaborateurs qui travaillent avec nous. 3. Objectifs Environnementaux 3.1 Contribuer \u00e0 un Bureau Sans &hellip;<\/p>\n","protected":false},"author":1,"featured_media":0,"parent":32360,"menu_order":0,"comment_status":"closed","ping_status":"closed","template":"","meta":{"_acf_changed":false,"_genesis_hide_title":false,"_genesis_hide_breadcrumbs":false,"_genesis_hide_singular_image":false,"_genesis_hide_footer_widgets":false,"_genesis_custom_body_class":"","_genesis_custom_post_class":"","_genesis_layout":"","footnotes":""},"class_list":{"1":"page","2":"type-page","5":"entry"},"acf":[],"_links":{"self":[{"href":"https:\/\/neuronup.com\/fr\/wp-json\/wp\/v2\/pages\/35498","targetHints":{"allow":["GET"]}}],"collection":[{"href":"https:\/\/neuronup.com\/fr\/wp-json\/wp\/v2\/pages"}],"about":[{"href":"https:\/\/neuronup.com\/fr\/wp-json\/wp\/v2\/types\/page"}],"author":[{"embeddable":true,"href":"https:\/\/neuronup.com\/fr\/wp-json\/wp\/v2\/users\/1"}],"replies":[{"embeddable":true,"href":"https:\/\/neuronup.com\/fr\/wp-json\/wp\/v2\/comments?post=35498"}],"version-history":[{"count":0,"href":"https:\/\/neuronup.com\/fr\/wp-json\/wp\/v2\/pages\/35498\/revisions"}],"up":[{"embeddable":true,"href":"https:\/\/neuronup.com\/fr\/wp-json\/wp\/v2\/pages\/32360"}],"wp:attachment":[{"href":"https:\/\/neuronup.com\/fr\/wp-json\/wp\/v2\/media?parent=35498"}],"curies":[{"name":"wp","href":"https:\/\/api.w.org\/{rel}","templated":true}]}}