{"id":35370,"date":"2024-11-26T13:11:16","date_gmt":"2024-11-26T11:11:16","guid":{"rendered":"https:\/\/neuronup.com\/fr\/?page_id=35370"},"modified":"2026-04-20T09:33:59","modified_gmt":"2026-04-20T07:33:59","slug":"telechargements","status":"publish","type":"page","link":"https:\/\/neuronup.com\/fr\/centre-daide-neuronup\/telechargements\/","title":{"rendered":"Ressources professionnelles pour les pratiques en neuropsychologie et rem\u00e9diation cognitive"},"content":{"rendered":"\n<div style=\"height:50px\" aria-hidden=\"true\" class=\"wp-block-spacer\"><\/div>\n\n\n\n<div class=\"wp-block-columns is-layout-flex wp-container-core-columns-is-layout-9d6595d7 wp-block-columns-is-layout-flex\">\n<div class=\"wp-block-column is-vertically-aligned-top testimonial-block br-0010 is-layout-flow wp-block-column-is-layout-flow\">\n<p class=\"has-text-align-center has-primary-color has-text-color has-link-color wp-elements-1494cb28d47408bb80b7cbb98071ac6c\"><strong>PRATIQUE CLINIQUE<\/strong><\/p>\n\n\n\n<figure class=\"wp-block-image size-full\"><img decoding=\"async\" src=\"https:\/\/neuronup.com\/wp-content\/uploads\/2025\/02\/Fuentes-de-Informacion.webp\" alt=\"\" class=\"wp-image-38209\"\/><\/figure>\n\n\n\n<h3 class=\"wp-block-heading has-text-align-center\">Structurer vos programmes de rem\u00e9diation cognitive<\/h3>\n\n\n\n<p class=\"has-text-align-center\">Trames et supports pour cadrer les prises en charge : admission, planification, t\u00e2ches inter-s\u00e9ances et exercices de stimulation cognitive imprimables.<\/p>\n\n\n\n<div style=\"height:10px\" aria-hidden=\"true\" class=\"wp-block-spacer\"><\/div>\n\n\n\n<div class=\"wp-block-buttons is-content-justification-center is-layout-flex wp-container-core-buttons-is-layout-16018d1d wp-block-buttons-is-layout-flex\">\n<div class=\"wp-block-button\"><a class=\"wp-block-button__link button wp-element-button\" href=\"https:\/\/neuronup.com\/redirect\/?target=typeform\/to\/PZPfVXZp?utm_first_source=Web&amp;utm_first_campaign_name=Kit_NeuronUP\"><strong>T\u00e9l\u00e9charger<\/strong><\/a><\/div>\n<\/div>\n<\/div>\n\n\n\n<div class=\"wp-block-column testimonial-block br-0010 is-layout-flow wp-block-column-is-layout-flow\">\n<p class=\"has-text-align-center has-primary-color has-text-color has-link-color wp-elements-b07880a6ed8bf1378871e3c68a34f37e\"><strong>ACTIVIT\u00c9S DE STIMULATION<\/strong><\/p>\n\n\n\n<figure class=\"wp-block-image size-full\"><img decoding=\"async\" src=\"https:\/\/neuronup.com\/wp-content\/uploads\/2025\/02\/Combinacuon-sesiones-Online-presencial.webp\" alt=\"\" class=\"wp-image-38208\"\/><\/figure>\n\n\n\n<h3 class=\"wp-block-heading has-text-align-center\">Activit\u00e9s de r\u00e9habilitation et de stimulation cognitive pour adultes et enfants<\/h3>\n\n\n\n<p class=\"has-text-align-center\">Obtenez maintenant 10 activit\u00e9s imprimables diff\u00e9rentes pour la r\u00e9\u00e9ducation et la stimulation cognitive des adultes et des enfants.<\/p>\n\n\n\n<div style=\"height:10px\" aria-hidden=\"true\" class=\"wp-block-spacer\"><\/div>\n\n\n\n<div class=\"wp-block-buttons is-content-justification-center is-layout-flex wp-container-core-buttons-is-layout-16018d1d wp-block-buttons-is-layout-flex\">\n<div class=\"wp-block-button\"><a class=\"wp-block-button__link button wp-element-button\" href=\"https:\/\/neuronup.com\/redirect\/?target=typeform\/worksheets-kids?utm_first_source=Web&amp;utm_first_campaign_name=Worksheets_general_adults_kids\"><strong>T\u00e9l\u00e9charger<\/strong><\/a><\/div>\n<\/div>\n<\/div>\n\n\n\n<div class=\"wp-block-column testimonial-block br-0010 is-layout-flow wp-block-column-is-layout-flow\">\n<p class=\"has-text-align-center has-primary-color has-text-color has-link-color wp-elements-450f1edd38e4cf5f18abac908ceb36ae\"><strong><strong>ATTENTION<\/strong><\/strong><\/p>\n\n\n\n<figure class=\"wp-block-image size-full\"><img decoding=\"async\" src=\"https:\/\/neuronup.com\/wp-content\/uploads\/2025\/02\/Actividades-de-atencion.webp\" alt=\"\" class=\"wp-image-38206\"\/><\/figure>\n\n\n\n<h3 class=\"wp-block-heading has-text-align-center\">Activit\u00e9s pour travailler l&rsquo;attention soutenue<\/h3>\n\n\n\n<p class=\"has-text-align-center\">Obtenez maintenant 10 activit\u00e9s imprimables diff\u00e9rentes pour travailler l&rsquo;attention soutenue pour les adultes et les enfants.<\/p>\n\n\n\n<div style=\"height:10px\" aria-hidden=\"true\" class=\"wp-block-spacer\"><\/div>\n\n\n\n<div class=\"wp-block-buttons is-content-justification-center is-layout-flex wp-container-core-buttons-is-layout-16018d1d wp-block-buttons-is-layout-flex\">\n<div class=\"wp-block-button\"><a class=\"wp-block-button__link button wp-element-button\" href=\"https:\/\/neuronup.com\/redirect\/?target=typeform\/attention10?utm_first_source=Web&amp;utm_first_campaign_name=Worksheets_attention\"><strong>T\u00e9l\u00e9charger<\/strong><\/a><\/div>\n<\/div>\n<\/div>\n<\/div>\n\n\n\n<div style=\"height:100px\" aria-hidden=\"true\" class=\"wp-block-spacer\"><\/div>\n\n\n\n<div class=\"wp-block-columns is-layout-flex wp-container-core-columns-is-layout-9d6595d7 wp-block-columns-is-layout-flex\">\n<div class=\"wp-block-column testimonial-block br-0010 is-layout-flow wp-block-column-is-layout-flow\">\n<p class=\"has-text-align-center has-primary-color has-text-color has-link-color wp-elements-041b13a8ad555032d0f7b48dc504c7af\"><strong>AUTISME<\/strong><\/p>\n\n\n\n<figure class=\"wp-block-image size-full\"><img decoding=\"async\" src=\"https:\/\/neuronup.com\/wp-content\/uploads\/2025\/02\/10-Actividades.webp\" alt=\"\" class=\"wp-image-38203\"\/><\/figure>\n\n\n\n<h3 class=\"wp-block-heading has-text-align-center\">Activit\u00e9s pour travailler avec les personnes ayant un trouble autistique<\/h3>\n\n\n\n<p class=\"has-text-align-center\">Obtenez un document contenant l&rsquo;explication de 5 exercices sp\u00e9cialement con\u00e7us pour travailler avec les personnes autistes, ainsi qu&rsquo;une activit\u00e9 papier \u00e0 utiliser imm\u00e9diatement.<\/p>\n\n\n\n<div style=\"height:10px\" aria-hidden=\"true\" class=\"wp-block-spacer\"><\/div>\n\n\n\n<div class=\"wp-block-buttons is-content-justification-center is-layout-flex wp-container-core-buttons-is-layout-16018d1d wp-block-buttons-is-layout-flex\">\n<div class=\"wp-block-button\"><a class=\"wp-block-button__link button wp-element-button\" href=\"https:\/\/neuronup.com\/redirect\/?target=typeform\/autisme?utm_first_source=Web&amp;utm_first_campaign_name=Worksheets_autism\"><strong>T\u00e9l\u00e9charger<\/strong><\/a><\/div>\n<\/div>\n<\/div>\n\n\n\n<div class=\"wp-block-column testimonial-block br-0010 is-layout-flow wp-block-column-is-layout-flow\">\n<p class=\"has-text-align-center has-primary-color has-text-color has-link-color wp-elements-96e465bd67daa94d725f109f70fcdce4\"><strong>ALZHEIMER<\/strong><\/p>\n\n\n\n<figure class=\"wp-block-image size-full\"><img decoding=\"async\" src=\"https:\/\/neuronup.com\/wp-content\/uploads\/2025\/02\/AFA-RIOJA.webp\" alt=\"\" class=\"wp-image-38186\"\/><\/figure>\n\n\n\n<h3 class=\"wp-block-heading has-text-align-center\">Programme de stimulation cognitive pour les personnes atteintes de la maladie d&rsquo;Alzheimer<\/h3>\n\n\n\n<p class=\"has-text-align-center\">B\u00e9n\u00e9ficiez d&rsquo;un programme de stimulation cognitive pour les personnes atteintes de la maladie d&rsquo;Alzheimer gr\u00e2ce au t\u00e9moignage de l&rsquo;AFA Rioja.<\/p>\n\n\n\n<div style=\"height:10px\" aria-hidden=\"true\" class=\"wp-block-spacer\"><\/div>\n\n\n\n<div class=\"wp-block-buttons is-content-justification-center is-layout-flex wp-container-core-buttons-is-layout-16018d1d wp-block-buttons-is-layout-flex\">\n<div class=\"wp-block-button\"><a class=\"wp-block-button__link button wp-element-button\" href=\"https:\/\/neuronup.com\/redirect\/?target=typeform\/w-alzheimer?utm_first_source=Web&amp;utm_first_campaign_name=Worksheets_alzheimer\"><strong>T\u00e9l\u00e9charger<\/strong><\/a><\/div>\n<\/div>\n<\/div>\n\n\n\n<div class=\"wp-block-column testimonial-block br-0010 is-layout-flow wp-block-column-is-layout-flow\">\n<p class=\"has-text-align-center has-primary-color has-text-color has-link-color wp-elements-3c02f9862de9fb1e819f43435bd55f0f\"><strong>LANGAGE<\/strong><\/p>\n\n\n\n<figure class=\"wp-block-image size-full\"><img decoding=\"async\" src=\"https:\/\/neuronup.com\/wp-content\/uploads\/2025\/02\/Actividades-lenguaje-ninos.webp\" alt=\"\" class=\"wp-image-38207\"\/><\/figure>\n\n\n\n<h3 class=\"wp-block-heading has-text-align-center\">Activit\u00e9s linguistiques pour les enfants ayant des besoins particuliers<\/h3>\n\n\n\n<p class=\"has-text-align-center\">Obtenez maintenant 7 activit\u00e9s linguistiques imprimables pour la stimulation cognitive des enfants ayant des besoins particuliers.<\/p>\n\n\n\n<div style=\"height:10px\" aria-hidden=\"true\" class=\"wp-block-spacer\"><\/div>\n\n\n\n<div class=\"wp-block-buttons is-content-justification-center is-layout-flex wp-container-core-buttons-is-layout-16018d1d wp-block-buttons-is-layout-flex\">\n<div class=\"wp-block-button\"><a class=\"wp-block-button__link button wp-element-button\" href=\"https:\/\/neuronup.com\/redirect\/?target=typeform\/w-langage-kids?utm_first_source=Web&amp;utm_first_campaign_name=Worksheets_language_kids\"><strong>T\u00e9l\u00e9charger<\/strong><\/a><\/div>\n<\/div>\n<\/div>\n<\/div>\n\n\n\n<div style=\"height:100px\" aria-hidden=\"true\" class=\"wp-block-spacer\"><\/div>\n\n\n\n<div class=\"wp-block-columns is-layout-flex wp-container-core-columns-is-layout-9d6595d7 wp-block-columns-is-layout-flex\">\n<div class=\"wp-block-column testimonial-block br-0010 is-layout-flow wp-block-column-is-layout-flow\">\n<p class=\"has-text-align-center has-primary-color has-text-color has-link-color wp-elements-c218a06b12ba14e9949724f95dea1d7f\"><strong><strong>TDAH<\/strong><\/strong><\/p>\n\n\n\n<figure class=\"wp-block-image size-full\"><img decoding=\"async\" width=\"334\" height=\"334\" src=\"https:\/\/neuronup.com\/fr\/wp-content\/uploads\/2025\/03\/Ilustracion.webp\" alt=\"Trois enfants assis par terre r\u00e9solvent un puzzle avec une licorne; une fille et un gar\u00e7on concentr\u00e9s, une autre fille observe.\" class=\"wp-image-37341\" srcset=\"https:\/\/neuronup.com\/fr\/wp-content\/uploads\/2025\/03\/Ilustracion-24x24.webp 24w, https:\/\/neuronup.com\/fr\/wp-content\/uploads\/2025\/03\/Ilustracion-48x48.webp 48w, https:\/\/neuronup.com\/fr\/wp-content\/uploads\/2025\/03\/Ilustracion-80x80.webp 80w, https:\/\/neuronup.com\/fr\/wp-content\/uploads\/2025\/03\/Ilustracion-96x96.webp 96w, https:\/\/neuronup.com\/fr\/wp-content\/uploads\/2025\/03\/Ilustracion-150x150.webp 150w, https:\/\/neuronup.com\/fr\/wp-content\/uploads\/2025\/03\/Ilustracion-300x300.webp 300w, https:\/\/neuronup.com\/fr\/wp-content\/uploads\/2025\/03\/Ilustracion.webp 334w\" sizes=\"(max-width: 334px) 100vw, 334px\" \/><\/figure>\n\n\n\n<h3 class=\"wp-block-heading has-text-align-center\">Activit\u00e9s pour travailler avec les enfants atteints de TDAH<\/h3>\n\n\n\n<p class=\"has-text-align-center\">Obtenez 5 exercices imprimables et 5 exercices num\u00e9riques sp\u00e9cialement con\u00e7us pour la stimulation cognitive chez les enfants atteints de TDAH.<\/p>\n\n\n\n<div style=\"height:10px\" aria-hidden=\"true\" class=\"wp-block-spacer\"><\/div>\n\n\n\n<div class=\"wp-block-buttons is-content-justification-center is-layout-flex wp-container-core-buttons-is-layout-16018d1d wp-block-buttons-is-layout-flex\">\n<div class=\"wp-block-button\"><a class=\"wp-block-button__link button wp-element-button\" href=\"https:\/\/neuronup.com\/redirect\/?target=typeform\/TDAHFR?utm_first_source=Web&amp;utm_first_campaign_name=TDAH_guide\"><strong>T\u00e9l\u00e9charger<\/strong><\/a><\/div>\n<\/div>\n<\/div>\n\n\n\n<div class=\"wp-block-column testimonial-block br-0010 is-layout-flow wp-block-column-is-layout-flow\">\n<p class=\"has-text-align-center has-primary-color has-text-color has-link-color wp-elements-9ccff65b2c28b283959cab3d5e92d8ba\"><strong><strong>INVESTIGATION<\/strong><\/strong><\/p>\n\n\n\n<figure class=\"wp-block-image size-full\"><img decoding=\"async\" src=\"https:\/\/neuronup.com\/wp-content\/uploads\/2025\/02\/Fuentes-de-Informacion.webp\" alt=\"\" class=\"wp-image-38209\"\/><\/figure>\n\n\n\n<h3 class=\"wp-block-heading has-text-align-center\">Des avanc\u00e9es en neurosciences expliqu\u00e9es : 6 investigations cl\u00e9es <\/h3>\n\n\n\n<p class=\"has-text-align-center\">Les investigations vont de la connectivit\u00e9 fonctionnelle dans la dyscalculie d\u00e9veloppementale aux effets de la stimulation magn\u00e9tique transcr\u00e2nienne sur le d\u00e9clin cognitif post-AVC.<\/p>\n\n\n\n<div style=\"height:10px\" aria-hidden=\"true\" class=\"wp-block-spacer\"><\/div>\n\n\n\n<div class=\"wp-block-buttons is-content-justification-center is-layout-flex wp-container-core-buttons-is-layout-16018d1d wp-block-buttons-is-layout-flex\">\n<div class=\"wp-block-button\"><a class=\"wp-block-button__link button wp-element-button\"><strong>T\u00e9l\u00e9charger<\/strong><\/a><\/div>\n<\/div>\n<\/div>\n\n\n\n<div class=\"wp-block-column testimonial-block br-0010 is-layout-flow wp-block-column-is-layout-flow\">\n<p class=\"has-text-align-center has-primary-color has-text-color has-link-color wp-elements-6cfc044fcf25c6b3f22fc07f66018ac1\"><strong>L\u00c9SIONS C\u00c9R\u00c9BRALES<\/strong><\/p>\n\n\n\n<figure class=\"wp-block-image size-full\"><img decoding=\"async\" src=\"https:\/\/neuronup.com\/wp-content\/uploads\/2025\/02\/Actividades-dano-cerebral.webp\" alt=\"\" class=\"wp-image-38205\"\/><\/figure>\n\n\n\n<h3 class=\"wp-block-heading has-text-align-center\">Activit\u00e9s pour travailler avec des personnes souffrant de l\u00e9sions c\u00e9r\u00e9brales<\/h3>\n\n\n\n<p class=\"has-text-align-center\">Obtenez maintenant 10 activit\u00e9s imprimables pour travailler sur la stimulation cognitive des personnes souffrant de l\u00e9sions c\u00e9r\u00e9brales.<\/p>\n\n\n\n<div style=\"height:10px\" aria-hidden=\"true\" class=\"wp-block-spacer\"><\/div>\n\n\n\n<div class=\"wp-block-buttons is-content-justification-center is-layout-flex wp-container-core-buttons-is-layout-16018d1d wp-block-buttons-is-layout-flex\">\n<div class=\"wp-block-button\"><a class=\"wp-block-button__link button wp-element-button\" href=\"https:\/\/neuronup.com\/redirect\/?target=typeform\/w-brain-injury?utm_first_source=Web&amp;utm_first_campaign_name=Worksheets_brain_injury\"><strong>T\u00e9l\u00e9charger<\/strong><\/a><\/div>\n<\/div>\n<\/div>\n<\/div>\n\n\n\n<div style=\"height:100px\" aria-hidden=\"true\" class=\"wp-block-spacer\"><\/div>\n\n\n\n<div class=\"wp-block-group\"><div class=\"wp-block-group__inner-container is-layout-constrained wp-block-group-is-layout-constrained\">\n<div class=\"wp-block-columns br-0111 particle-bg p-5 has-primary-background-color has-background is-layout-flex wp-container-core-columns-is-layout-9d6595d7 wp-block-columns-is-layout-flex\">\n<div class=\"wp-block-column is-layout-flow wp-block-column-is-layout-flow\" style=\"flex-basis:66.66%\">\n<h2 class=\"wp-block-heading has-white-color has-text-color\">Essayez NeuronUP 7 jours gratuitement<\/h2>\n\n\n\n<p class=\"has-white-color has-text-color\">Vous pourrez travailler avec nos activit\u00e9s, concevoir des s\u00e9ances ou effectuer des r\u00e9habilitations \u00e0 distance<\/p>\n<\/div>\n\n\n\n<div class=\"wp-block-column is-layout-flow wp-block-column-is-layout-flow\" style=\"flex-basis:33.33%\">\n<div class=\"wp-block-buttons is-content-justification-center is-layout-flex wp-container-core-buttons-is-layout-16018d1d wp-block-buttons-is-layout-flex\">\n<div class=\"wp-block-button\" style=\"--button-background:var(--color-custom-1);--button-background-hover:#cc7e00;\"><a class=\"wp-block-button__link button   wp-element-button\" href=\"https:\/\/neuronup.com\/fr\/landing\/\">Commencez votre essai<\/a><\/div>\n\n<\/div>\n<\/div>\n<\/div>\n<\/div><\/div>\n\n\n\n<div style=\"height:100px\" aria-hidden=\"true\" class=\"wp-block-spacer\"><\/div>\n\n\n\n<div class=\"wp-block-columns testimonial-block is-layout-flex wp-container-core-columns-is-layout-9d6595d7 wp-block-columns-is-layout-flex\">\n<div class=\"wp-block-column is-layout-flow wp-block-column-is-layout-flow\" style=\"flex-basis:100%\">\n<figure class=\"wp-block-image size-full\"><img decoding=\"async\" src=\"https:\/\/neuronup.com\/wp-content\/uploads\/2021\/11\/Presentacion-de-NeuronUP.webp\" alt=\"\" class=\"wp-image-7247\"\/><\/figure>\n<\/div>\n\n\n\n<div class=\"wp-block-column is-layout-flow wp-block-column-is-layout-flow\" style=\"flex-basis:100%\">\n<h2 class=\"wp-block-heading\"><strong>Ressources pour les professionnels<\/strong><\/h2>\n\n\n\n<p>Nous vous proposons ici une collection de ressources que vous pouvez utiliser dans votre centre, \u00e0 la fois pour promouvoir le fait que vous travaillez avec NeuronUP et pour donner des conseils \u00e0 vos patients.<\/p>\n\n\n\n<ul class=\"wp-block-list\">\n<li>Pr\u00e9sentation de NeuronUP<\/li>\n\n\n\n<li>Affiches<\/li>\n\n\n\n<li>Dipl\u00f4mes<\/li>\n\n\n\n<li>Guides<\/li>\n\n\n\n<li>Logos<\/li>\n<\/ul>\n\n\n\n<div class=\"wp-block-buttons is-layout-flex wp-block-buttons-is-layout-flex\">\n<div class=\"wp-block-button\"><a class=\"wp-block-button__link button wp-element-button\" href=\"https:\/\/neuronup.com\/fr\/ressources\/\">Consulter les ressources<\/a><\/div>\n<\/div>\n<\/div>\n<\/div>\n\n\n\n<div style=\"height:100px\" aria-hidden=\"true\" class=\"wp-block-spacer\"><\/div>\n","protected":false},"excerpt":{"rendered":"<p>PRATIQUE CLINIQUE Structurer vos programmes de rem\u00e9diation cognitive Trames et supports pour cadrer les prises en charge : admission, planification, t\u00e2ches inter-s\u00e9ances et exercices de stimulation cognitive imprimables. ACTIVIT\u00c9S DE STIMULATION Activit\u00e9s de r\u00e9habilitation et de stimulation cognitive pour adultes et enfants Obtenez maintenant 10 activit\u00e9s imprimables diff\u00e9rentes pour la r\u00e9\u00e9ducation et la stimulation cognitive &hellip;<\/p>\n","protected":false},"author":1,"featured_media":0,"parent":35622,"menu_order":0,"comment_status":"closed","ping_status":"closed","template":"","meta":{"_acf_changed":false,"_genesis_hide_title":false,"_genesis_hide_breadcrumbs":false,"_genesis_hide_singular_image":false,"_genesis_hide_footer_widgets":false,"_genesis_custom_body_class":"nup-style","_genesis_custom_post_class":"nup-style","_genesis_layout":"wide-content","footnotes":""},"class_list":{"1":"page","2":"type-page","5":"entry","6":"nup-style"},"acf":[],"_links":{"self":[{"href":"https:\/\/neuronup.com\/fr\/wp-json\/wp\/v2\/pages\/35370","targetHints":{"allow":["GET"]}}],"collection":[{"href":"https:\/\/neuronup.com\/fr\/wp-json\/wp\/v2\/pages"}],"about":[{"href":"https:\/\/neuronup.com\/fr\/wp-json\/wp\/v2\/types\/page"}],"author":[{"embeddable":true,"href":"https:\/\/neuronup.com\/fr\/wp-json\/wp\/v2\/users\/1"}],"replies":[{"embeddable":true,"href":"https:\/\/neuronup.com\/fr\/wp-json\/wp\/v2\/comments?post=35370"}],"version-history":[{"count":0,"href":"https:\/\/neuronup.com\/fr\/wp-json\/wp\/v2\/pages\/35370\/revisions"}],"up":[{"embeddable":true,"href":"https:\/\/neuronup.com\/fr\/wp-json\/wp\/v2\/pages\/35622"}],"wp:attachment":[{"href":"https:\/\/neuronup.com\/fr\/wp-json\/wp\/v2\/media?parent=35370"}],"curies":[{"name":"wp","href":"https:\/\/api.w.org\/{rel}","templated":true}]}}