{"id":35356,"date":"2024-11-26T12:20:13","date_gmt":"2024-11-26T10:20:13","guid":{"rendered":"https:\/\/neuronup.com\/fr\/?page_id=35356"},"modified":"2025-01-07T23:03:43","modified_gmt":"2025-01-07T21:03:43","slug":"la-maladie-de-huntington","status":"publish","type":"page","link":"https:\/\/neuronup.com\/fr\/la-neuro-reeducation\/les-maladies-neurodegeneratives\/la-maladie-de-huntington\/","title":{"rendered":"La maladie de Huntington"},"content":{"rendered":"\n<p>La <strong>maladie de Huntington<\/strong>, \u00e9galement appel\u00e9e&nbsp;Chor\u00e9e, est une maladie ra<strong>re qui touche environ 5 \u00e0 10 personnes pour 100 000 habitants<\/strong>. Il s&rsquo;agit d&rsquo;une maladie neurod\u00e9g\u00e9n\u00e9rative h\u00e9r\u00e9ditaire caus\u00e9e par une anomalie g\u00e9n\u00e9tique sur le chromosome 4. Le g\u00e8ne de la maladie de Huntington est dominant, donc une seule copie du g\u00e8ne anormal, h\u00e9rit\u00e9 d&rsquo;un parent, suffit \u00e0 provoquer la maladie. Ainsi, les enfants d&rsquo;une personne atteinte de la maladie de Huntington ont 50% de&nbsp;risques&nbsp;de la d\u00e9velopper.<\/p>\n\n\n\n<p>La maladie de Huntington est caus\u00e9e par la <strong>d\u00e9g\u00e9n\u00e9rescence progressive<\/strong> de certaines parties des noyaux gris centraux, affectant principalement les cellules du noyau caud\u00e9 et du putamen, qui sont directement li\u00e9es au mouvement.<\/p>\n\n\n\n<p>Les <strong>changements de comportement<\/strong> sont g\u00e9n\u00e9ralement les premiers sympt\u00f4mes et comprennent des comportements antisociaux, de l&rsquo;irritabilit\u00e9, des sautes d&rsquo;humeur, de l&rsquo;agitation ou de l&rsquo;impatience, entre autres.<\/p>\n\n\n\n<p>Il existe \u00e9galement des <strong>troubles moteurs<\/strong> tels que des grimaces faciales, des mouvements saccad\u00e9s rapides et soudains des bras, des jambes, du visage et d&rsquo;autres parties du corps, des mouvements lents et incontr\u00f4lables ou une d\u00e9marche instable.<\/p>\n\n\n\n<p>Les principaux <strong>d\u00e9ficits cognitifs<\/strong> sont li\u00e9s \u00e0 la m\u00e9moire et \u00e0 la capacit\u00e9 d&rsquo;apprentissage, au raisonnement et \u00e0 la r\u00e9solution de probl\u00e8mes, \u00e0 l&rsquo;organisation, \u00e0 la planification, au s\u00e9quen\u00e7age et \u00e0 la flexibilit\u00e9.<\/p>\n\n\n\n<p>Il n&rsquo;existe actuellement aucun rem\u00e8de. Il existe des m\u00e9dicaments qui peuvent aider \u00e0 contr\u00f4ler certains sympt\u00f4mes, tels que la chor\u00e9e ou la d\u00e9pression et l&rsquo;anxi\u00e9t\u00e9, mais ils ne peuvent pas ralentir ou arr\u00eater la maladie.<\/p>\n\n\n\n<p class=\"has-sm-font-size\">R\u00e9f\u00e9rence : Manuels MSD. (2020). La maladie de Huntington. Version manuelle MSD pour les professionnels.\u00a0<em>https:\/\/www.msdmanuals.com\/fr\/professional\/troubles-neurologiques\/troubles-du-mouvement-et-troubles-c\u00e9r\u00e9belleux\/maladie-de-huntington?query=huntington<\/em><\/p>\n\n\n","protected":false},"excerpt":{"rendered":"<p>La maladie de Huntington, \u00e9galement appel\u00e9e&nbsp;Chor\u00e9e, est une maladie rare qui touche environ 5 \u00e0 10 personnes pour 100 000 habitants. Il s&rsquo;agit d&rsquo;une maladie neurod\u00e9g\u00e9n\u00e9rative h\u00e9r\u00e9ditaire caus\u00e9e par une anomalie g\u00e9n\u00e9tique sur le chromosome 4. Le g\u00e8ne de la maladie de Huntington est dominant, donc une seule copie du g\u00e8ne anormal, h\u00e9rit\u00e9 d&rsquo;un parent, &hellip;<\/p>\n","protected":false},"author":1,"featured_media":35357,"parent":32443,"menu_order":0,"comment_status":"closed","ping_status":"closed","template":"","meta":{"_acf_changed":false,"_genesis_hide_title":false,"_genesis_hide_breadcrumbs":false,"_genesis_hide_singular_image":false,"_genesis_hide_footer_widgets":false,"_genesis_custom_body_class":"nup-style","_genesis_custom_post_class":"","_genesis_layout":"","footnotes":""},"class_list":{"1":"page","2":"type-page","6":"entry"},"acf":[],"_links":{"self":[{"href":"https:\/\/neuronup.com\/fr\/wp-json\/wp\/v2\/pages\/35356","targetHints":{"allow":["GET"]}}],"collection":[{"href":"https:\/\/neuronup.com\/fr\/wp-json\/wp\/v2\/pages"}],"about":[{"href":"https:\/\/neuronup.com\/fr\/wp-json\/wp\/v2\/types\/page"}],"author":[{"embeddable":true,"href":"https:\/\/neuronup.com\/fr\/wp-json\/wp\/v2\/users\/1"}],"replies":[{"embeddable":true,"href":"https:\/\/neuronup.com\/fr\/wp-json\/wp\/v2\/comments?post=35356"}],"version-history":[{"count":0,"href":"https:\/\/neuronup.com\/fr\/wp-json\/wp\/v2\/pages\/35356\/revisions"}],"up":[{"embeddable":true,"href":"https:\/\/neuronup.com\/fr\/wp-json\/wp\/v2\/pages\/32443"}],"wp:featuredmedia":[{"embeddable":true,"href":"https:\/\/neuronup.com\/fr\/wp-json\/wp\/v2\/media\/35357"}],"wp:attachment":[{"href":"https:\/\/neuronup.com\/fr\/wp-json\/wp\/v2\/media?parent=35356"}],"curies":[{"name":"wp","href":"https:\/\/api.w.org\/{rel}","templated":true}]}}