{"id":35352,"date":"2024-11-26T12:12:43","date_gmt":"2024-11-26T10:12:43","guid":{"rendered":"https:\/\/neuronup.com\/fr\/?page_id=35352"},"modified":"2025-01-07T23:04:16","modified_gmt":"2025-01-07T21:04:16","slug":"parkinson","status":"publish","type":"page","link":"https:\/\/neuronup.com\/fr\/la-neuro-reeducation\/les-maladies-neurodegeneratives\/parkinson\/","title":{"rendered":"Maladie de Parkinson"},"content":{"rendered":"\n<p>Elle est class\u00e9e dans les troubles du mouvement, bien qu&rsquo;elle pr\u00e9sente aussi g\u00e9n\u00e9ralement des sympt\u00f4mes cognitifs.<\/p>\n\n\n\n<p>Elle est due \u00e0 la mort progressive des neurones dans une partie du cerveau appel\u00e9e substantia nigra et plus pr\u00e9cis\u00e9ment, dans une partie de ce noyau appel\u00e9e partie compacte. Cela provoque une diminution de la synth\u00e8se de dopamine, ce qui provoque un dysfonctionnement dans la r\u00e9gulation des principales structures c\u00e9r\u00e9brales impliqu\u00e9es dans le contr\u00f4le du mouvement.<\/p>\n\n\n\n<p>Ses principaux sympt\u00f4mes sont :<\/p>\n\n\n\n<ul class=\"wp-block-list\">\n<li>maladresse g\u00e9n\u00e9rale avec lenteur dans l&rsquo;ex\u00e9cution des mouvements,<\/li>\n\n\n\n<li>mauvaise motilit\u00e9 spontan\u00e9e,<\/li>\n\n\n\n<li>tremblement de repos,<\/li>\n\n\n\n<li>raideur,<\/li>\n\n\n\n<li>alt\u00e9ration des r\u00e9flexes de r\u00e9\u00e9quilibrage (conduisant \u00e0 des chutes).<\/li>\n<\/ul>\n\n\n\n<p>Outre les sympt\u00f4mes moteurs, l&rsquo;association de sympt\u00f4mes \u00e9motionnels tels que l&rsquo;anxi\u00e9t\u00e9, la d\u00e9pression et l&rsquo;apathie et l&rsquo;apparition d&rsquo;une d\u00e9t\u00e9rioration cognitive est fr\u00e9quente, affectant la m\u00e9moire, l&rsquo;attention ou la vitesse de traitement, entre autres fonctions. Des troubles du sommeil, de la constipation, des dermatites, des dysfonctionnements sexuels, etc. peuvent \u00e9galement appara\u00eetre.<\/p>\n\n\n\n<p>Actuellement, il n&rsquo;existe aucun m\u00e9dicament qui gu\u00e9rit la maladie de Parkinson, mais il existe divers m\u00e9dicaments pour am\u00e9liorer les sympt\u00f4mes et, avec eux, la qualit\u00e9 de vie de la personne. Pour y parvenir, ces traitements augmentent et\/ou remplacent la teneur en dopamine dans le cerveau. Lorsque les sympt\u00f4mes moteurs ne s&rsquo;am\u00e9liorent pas avec les m\u00e9dicaments, une stimulation c\u00e9r\u00e9brale profonde peut m\u00eame \u00eatre utilis\u00e9e.<\/p>\n\n\n\n<p class=\"has-sm-font-size\">R\u00e9f\u00e9rences : Conna\u00eetre la maladie. (9 mars 2020). F\u00e9d\u00e9ration espagnole de la maladie de Parkinson.<\/p>\n\n\n\n<p class=\"has-sm-font-size\">https:\/\/franceparkinson.fr\/la-maladie\/presentation-maladie-parkinson<\/p>\n\n\n\n<h3 class=\"wp-block-heading\">Quelques articles qui pourraient vous int\u00e9resser :<\/h3>\n\n\n<div class=\"mai-grid entries entries-grid has-boxed has-image-full\" style=\"--entry-title-font-size:var(--font-size-lg);--align-text:start;--entry-meta-text-align:start;\"><div class=\"entries-wrap has-columns\" style=\"--columns-xs:1\/1;--columns-sm:1\/1;--columns-md:1\/3;--columns-lg:1\/3;--flex-xs:0 0 var(--flex-basis);--flex-sm:0 0 var(--flex-basis);--flex-md:0 0 var(--flex-basis);--flex-lg:0 0 var(--flex-basis);--column-gap:var(--spacing-lg);--row-gap:var(--spacing-lg);--align-columns:start;\"><article class=\"entry entry-grid is-column has-entry-link has-image has-image-first type-post category-parkinson tag-investigation tag-nouveautes-de-neuronup tag-parkinson\" style=\"--entry-index:1;\" aria-label=\"Effets de l&rsquo;entra\u00eenement cognitif sur l&rsquo;\u00e9quilibre et les sympt\u00f4mes moteurs dans la maladie de Parkinson : un essai exploratoire contr\u00f4l\u00e9 et randomis\u00e9\" itemscope itemtype=\"https:\/\/schema.org\/CreativeWork\"><a class=\"entry-image-link\" href=\"https:\/\/neuronup.com\/fr\/actualites-de-la-stimulation-cognitive\/maladies-neurodegeneratives\/parkinson\/effets-de-lentrainement-cognitif-sur-lequilibre-et-les-symptomes-moteurs-dans-la-maladie-de-parkinson-un-essai-exploratoire-controle-et-randomise\/\" tabindex=\"-1\" aria-hidden=\"true\"><img decoding=\"async\" width=\"400\" height=\"300\" src=\"https:\/\/neuronup.com\/fr\/wp-content\/uploads\/2025\/04\/Effets-de-lentrainement-cognitif-sur-lequilibre-et-les-symptomes-moteurs-dans-la-maladie-de-Parkinson-un-essai-exploratoire-controle-et-randomise-400x300.webp\" class=\"entry-image size-landscape-sm\" alt=\"Sc\u00e8ne de recherche clinique sur l\u2019entra\u00eenement cognitif pour Parkinson: participants et graphiques li\u00e9s \u00e0 l\u2019\u00e9quilibre.\" srcset=\"https:\/\/neuronup.com\/fr\/wp-content\/uploads\/2025\/04\/Effets-de-lentrainement-cognitif-sur-lequilibre-et-les-symptomes-moteurs-dans-la-maladie-de-Parkinson-un-essai-exploratoire-controle-et-randomise-400x300.webp 400w, https:\/\/neuronup.com\/fr\/wp-content\/uploads\/2025\/04\/Effets-de-lentrainement-cognitif-sur-lequilibre-et-les-symptomes-moteurs-dans-la-maladie-de-Parkinson-un-essai-exploratoire-controle-et-randomise-800x600.webp 800w\" sizes=\"(max-width:599px) 599px, (min-width:600px) and (max-width: 799px) 799px, (min-width:800px) and (max-width: 999px) 333px, (min-width:1000px) 400px\" \/><\/a><div class=\"entry-wrap entry-wrap-grid\"><h3 class=\"entry-title\" itemprop=\"headline\"><a class=\"entry-title-link\" href=\"https:\/\/neuronup.com\/fr\/actualites-de-la-stimulation-cognitive\/maladies-neurodegeneratives\/parkinson\/effets-de-lentrainement-cognitif-sur-lequilibre-et-les-symptomes-moteurs-dans-la-maladie-de-parkinson-un-essai-exploratoire-controle-et-randomise\/\" rel=\"bookmark\">Effets de l&rsquo;entra\u00eenement cognitif sur l&rsquo;\u00e9quilibre et les sympt\u00f4mes moteurs dans la maladie de Parkinson : un essai exploratoire contr\u00f4l\u00e9 et randomis\u00e9<\/a><\/h3>\n<\/div><\/article><article class=\"entry entry-grid is-column has-entry-link has-image has-image-first type-post category-parkinson tag-parkinson tag-stimulation-cognitive\" style=\"--entry-index:2;\" aria-label=\"Impulsivit\u00e9 et troubles de la prise de d\u00e9cision dans la maladie de Parkinson : un d\u00e9fi clinique croissant\" itemscope itemtype=\"https:\/\/schema.org\/CreativeWork\"><a class=\"entry-image-link\" href=\"https:\/\/neuronup.com\/fr\/actualites-de-la-stimulation-cognitive\/maladies-neurodegeneratives\/parkinson\/impulsivite-et-troubles-de-la-prise-de-decision-dans-la-maladie-de-parkinson-un-defi-clinique-croissant\/\" tabindex=\"-1\" aria-hidden=\"true\"><img decoding=\"async\" width=\"400\" height=\"300\" src=\"https:\/\/neuronup.com\/fr\/wp-content\/uploads\/2025\/04\/Impulsivite-et-troubles-de-la-prise-de-decision-dans-la-maladie-de-Parkinson-un-defi-clinique-croissant-400x300.webp\" class=\"entry-image size-landscape-sm\" alt=\"Deux mains se touchent: une main claire sur le poignet d\u2019une main plus fonc\u00e9e, la droite tenant une poign\u00e9e; fond neutre.\" srcset=\"https:\/\/neuronup.com\/fr\/wp-content\/uploads\/2025\/04\/Impulsivite-et-troubles-de-la-prise-de-decision-dans-la-maladie-de-Parkinson-un-defi-clinique-croissant-400x300.webp 400w, https:\/\/neuronup.com\/fr\/wp-content\/uploads\/2025\/04\/Impulsivite-et-troubles-de-la-prise-de-decision-dans-la-maladie-de-Parkinson-un-defi-clinique-croissant-800x600.webp 800w\" sizes=\"(max-width:599px) 599px, (min-width:600px) and (max-width: 799px) 799px, (min-width:800px) and (max-width: 999px) 333px, (min-width:1000px) 400px\" \/><\/a><div class=\"entry-wrap entry-wrap-grid\"><h3 class=\"entry-title\" itemprop=\"headline\"><a class=\"entry-title-link\" href=\"https:\/\/neuronup.com\/fr\/actualites-de-la-stimulation-cognitive\/maladies-neurodegeneratives\/parkinson\/impulsivite-et-troubles-de-la-prise-de-decision-dans-la-maladie-de-parkinson-un-defi-clinique-croissant\/\" rel=\"bookmark\">Impulsivit\u00e9 et troubles de la prise de d\u00e9cision dans la maladie de Parkinson : un d\u00e9fi clinique croissant<\/a><\/h3>\n<\/div><\/article><article class=\"entry entry-grid is-column has-entry-link has-image has-image-first type-post category-parkinson tag-parkinson tag-stimulation-cognitive\" style=\"--entry-index:3;\" aria-label=\"R\u00e9\u00e9ducation neuropsychologique dans la maladie de Parkinson\" itemscope itemtype=\"https:\/\/schema.org\/CreativeWork\"><a class=\"entry-image-link\" href=\"https:\/\/neuronup.com\/fr\/actualites-de-la-stimulation-cognitive\/maladies-neurodegeneratives\/parkinson\/reeducation-neuropsychologique-dans-la-maladie-de-parkinson\/\" tabindex=\"-1\" aria-hidden=\"true\"><img decoding=\"async\" width=\"400\" height=\"300\" src=\"https:\/\/neuronup.com\/fr\/wp-content\/uploads\/2025\/04\/Reeducation-neuropsychologique-dans-la-maladie-de-Parkinson-400x300.webp\" class=\"entry-image size-landscape-sm\" alt=\"Personne \u00e2g\u00e9e assise devant un ordinateur, touchant une ic\u00f4ne sur une grille d&#039;ic\u00f4nes, d\u00e9cor minimaliste.\" srcset=\"https:\/\/neuronup.com\/fr\/wp-content\/uploads\/2025\/04\/Reeducation-neuropsychologique-dans-la-maladie-de-Parkinson-300x226.webp 300w, https:\/\/neuronup.com\/fr\/wp-content\/uploads\/2025\/04\/Reeducation-neuropsychologique-dans-la-maladie-de-Parkinson-400x300.webp 400w, https:\/\/neuronup.com\/fr\/wp-content\/uploads\/2025\/04\/Reeducation-neuropsychologique-dans-la-maladie-de-Parkinson-800x600.webp 800w, https:\/\/neuronup.com\/fr\/wp-content\/uploads\/2025\/04\/Reeducation-neuropsychologique-dans-la-maladie-de-Parkinson-1024x771.webp 1024w, https:\/\/neuronup.com\/fr\/wp-content\/uploads\/2025\/04\/Reeducation-neuropsychologique-dans-la-maladie-de-Parkinson.webp 1200w\" sizes=\"(max-width:599px) 599px, (min-width:600px) and (max-width: 799px) 799px, (min-width:800px) and (max-width: 999px) 333px, (min-width:1000px) 400px\" \/><\/a><div class=\"entry-wrap entry-wrap-grid\"><h3 class=\"entry-title\" itemprop=\"headline\"><a class=\"entry-title-link\" href=\"https:\/\/neuronup.com\/fr\/actualites-de-la-stimulation-cognitive\/maladies-neurodegeneratives\/parkinson\/reeducation-neuropsychologique-dans-la-maladie-de-parkinson\/\" rel=\"bookmark\">R\u00e9\u00e9ducation neuropsychologique dans la maladie de Parkinson<\/a><\/h3>\n<\/div><\/article><\/div><\/div>","protected":false},"excerpt":{"rendered":"<p>Elle est class\u00e9e dans les troubles du mouvement, bien qu&rsquo;elle pr\u00e9sente aussi g\u00e9n\u00e9ralement des sympt\u00f4mes cognitifs. Elle est due \u00e0 la mort progressive des neurones dans une partie du cerveau appel\u00e9e substantia nigra et plus pr\u00e9cis\u00e9ment, dans une partie de ce noyau appel\u00e9e partie compacte. Cela provoque une diminution de la synth\u00e8se de dopamine, ce &hellip;<\/p>\n","protected":false},"author":1,"featured_media":35353,"parent":32443,"menu_order":0,"comment_status":"closed","ping_status":"closed","template":"","meta":{"_acf_changed":false,"_genesis_hide_title":false,"_genesis_hide_breadcrumbs":false,"_genesis_hide_singular_image":false,"_genesis_hide_footer_widgets":false,"_genesis_custom_body_class":"","_genesis_custom_post_class":"","_genesis_layout":"","footnotes":""},"class_list":{"1":"page","2":"type-page","6":"entry"},"acf":[],"_links":{"self":[{"href":"https:\/\/neuronup.com\/fr\/wp-json\/wp\/v2\/pages\/35352","targetHints":{"allow":["GET"]}}],"collection":[{"href":"https:\/\/neuronup.com\/fr\/wp-json\/wp\/v2\/pages"}],"about":[{"href":"https:\/\/neuronup.com\/fr\/wp-json\/wp\/v2\/types\/page"}],"author":[{"embeddable":true,"href":"https:\/\/neuronup.com\/fr\/wp-json\/wp\/v2\/users\/1"}],"replies":[{"embeddable":true,"href":"https:\/\/neuronup.com\/fr\/wp-json\/wp\/v2\/comments?post=35352"}],"version-history":[{"count":0,"href":"https:\/\/neuronup.com\/fr\/wp-json\/wp\/v2\/pages\/35352\/revisions"}],"up":[{"embeddable":true,"href":"https:\/\/neuronup.com\/fr\/wp-json\/wp\/v2\/pages\/32443"}],"wp:featuredmedia":[{"embeddable":true,"href":"https:\/\/neuronup.com\/fr\/wp-json\/wp\/v2\/media\/35353"}],"wp:attachment":[{"href":"https:\/\/neuronup.com\/fr\/wp-json\/wp\/v2\/media?parent=35352"}],"curies":[{"name":"wp","href":"https:\/\/api.w.org\/{rel}","templated":true}]}}