{"id":35332,"date":"2024-11-26T11:43:24","date_gmt":"2024-11-26T09:43:24","guid":{"rendered":"https:\/\/neuronup.com\/fr\/?page_id=35332"},"modified":"2025-01-07T23:05:23","modified_gmt":"2025-01-07T21:05:23","slug":"troubles-du-spectre-autistique-tsa","status":"publish","type":"page","link":"https:\/\/neuronup.com\/fr\/la-neuro-reeducation\/les-troubles-neuro-developpementaux\/troubles-du-spectre-autistique-tsa\/","title":{"rendered":"Troubles du spectre autistique (TSA)"},"content":{"rendered":"\n<p>La mani\u00e8re dont ces troubles se manifestent varie consid\u00e9rablement d&rsquo;un enfant \u00e0 l&rsquo;autre, d&rsquo;o\u00f9 le terme \u00ab spectre \u00bb ou \u00ab continuum de troubles \u00bb, qui signifie que les sympt\u00f4mes de<strong> ces troubles se manifestent de diff\u00e9rentes mani\u00e8res<\/strong> et que leur gravit\u00e9 varie d&rsquo;un cas \u00e0 l&rsquo;autre. Le<strong> tableau clinique<\/strong> n&rsquo;est ni uniforme ni absolument <strong>d\u00e9limit\u00e9<\/strong>, et sa pr\u00e9sentation s&rsquo;\u00e9tend sur un spectre allant de plus \u00e0 moins affect\u00e9, varie dans le temps et est influenc\u00e9e par des facteurs tels que le degr\u00e9 de capacit\u00e9 intellectuelle associ\u00e9e ou l&rsquo;acc\u00e8s \u00e0 un soutien sp\u00e9cialis\u00e9.<\/p>\n\n\n\n<p>Les personnes atteintes de TSA traitent l&rsquo;information dans leur cerveau de mani\u00e8re diff\u00e9rente des autres et se d\u00e9veloppent \u00e0 leur propre rythme dans chaque domaine. Elles se caract\u00e9risent par la <strong>pr\u00e9sence de difficult\u00e9s cliniquement significatives et persistantes dans la communication sociale<\/strong> (difficult\u00e9s marqu\u00e9es dans la communication non verbale et verbale utilis\u00e9e dans l&rsquo;interaction, absence de r\u00e9ciprocit\u00e9 sociale et difficult\u00e9s \u00e0 \u00e9tablir et maintenir des relations appropri\u00e9es \u00e0 leur niveau de d\u00e9veloppement), de comportements moteurs ou verbaux st\u00e9r\u00e9otyp\u00e9s, de comportements sensoriels inhabituels, d&rsquo;attachement excessif aux routines et aux mod\u00e8les de comportement ritualis\u00e9s, ainsi que d&rsquo;int\u00e9r\u00eats restreints.<\/p>\n\n\n\n<p>Les crit\u00e8res actuels pour le diagnostic sont les suivants :<\/p>\n\n\n\n<p style=\"font-size:20px\">A. D\u00e9ficits persistants dans la communication et l&rsquo;interaction sociale dans de multiples contextes, actuellement ou dans le pass\u00e9, se manifestant de la mani\u00e8re suivante :<\/p>\n\n\n\n<p>1. D\u00e9ficits dans la r\u00e9ciprocit\u00e9 socio-\u00e9motionnelle.<\/p>\n\n\n\n<p>2. D\u00e9ficits dans les comportements de communication non verbale utilis\u00e9s dans les interactions sociales.<\/p>\n\n\n\n<p>3. D\u00e9ficits dans le d\u00e9veloppement, l&rsquo;\u00e9tablissement et la compr\u00e9hension des relations.<\/p>\n\n\n\n<p>* La gravit\u00e9 doit \u00eatre sp\u00e9cifi\u00e9e.<\/p>\n\n\n\n<p style=\"font-size:20px\">B. R\u00e9pertoire de comportements, d&rsquo;int\u00e9r\u00eats ou d&rsquo;activit\u00e9s restreints et r\u00e9p\u00e9titifs, pr\u00e9sentant au moins deux des crit\u00e8res suivants actuellement ou dans le pass\u00e9 :<\/p>\n\n\n\n<p>1. Mouvements moteurs, utilisation d&rsquo;objets ou vocalisations st\u00e9r\u00e9otyp\u00e9s ou r\u00e9p\u00e9titifs.<\/p>\n\n\n\n<p>2. Insistance sur la monotonie, attachement rigide aux routines ou mod\u00e8les de comportements verbaux ou non verbaux.<\/p>\n\n\n\n<p>3. Int\u00e9r\u00eats tr\u00e8s restreints et intenses, focalis\u00e9s de mani\u00e8re anormale.<\/p>\n\n\n\n<p>4. R\u00e9actions inhabituelles aux stimuli sensoriels ou un int\u00e9r\u00eat inhabituel pour les aspects sensoriels de l&rsquo;environnement.<\/p>\n\n\n\n<p>* La gravit\u00e9 doit \u00eatre sp\u00e9cifi\u00e9e.<\/p>\n\n\n\n<p style=\"font-size:20px\">C. Les sympt\u00f4mes doivent \u00eatre pr\u00e9sents depuis une <strong>p\u00e9riode pr\u00e9coce du d\u00e9veloppement<\/strong> (m\u00eame s&rsquo;ils peuvent ne pas \u00eatre pleinement manifest\u00e9s tant que les capacit\u00e9s limit\u00e9es ne permettent plus de r\u00e9pondre aux exigences sociales, ou s&rsquo;ils sont dissimul\u00e9s plus tard par des strat\u00e9gies apprises).<\/p>\n\n\n\n<p style=\"font-size:20px\">D. Les sympt\u00f4mes entra\u00eenent des d\u00e9ficiences importantes du point de vue clinique dans les domaines social, professionnel ou dans d&rsquo;autres domaines de fonctionnement.<\/p>\n\n\n\n<p style=\"font-size:20px\">E. L&rsquo;intellectuellement handicap\u00e9 (trouble du d\u00e9veloppement intellectuel) ou un retard g\u00e9n\u00e9ral du d\u00e9veloppement ne justifient pas mieux ces troubles.<\/p>\n\n\n\n<p>Il est \u00e9galement essentiel de sp\u00e9cifier les points suivants :<\/p>\n\n\n\n<ul class=\"wp-block-list\">\n<li>Pr\u00e9sence de d\u00e9ficience intellectuelle<\/li>\n\n\n\n<li>Pr\u00e9sence de d\u00e9ficit du langage<\/li>\n\n\n\n<li>Associ\u00e9 \u00e0 une condition m\u00e9dicale ou g\u00e9n\u00e9tique, ou \u00e0 un facteur environnemental connu<\/li>\n\n\n\n<li>Associ\u00e9 \u00e0 un autre trouble du d\u00e9veloppement neurologique, mental ou du comportement<\/li>\n\n\n\n<li>Catatonie<\/li>\n\n\n\n<li>Perte de comp\u00e9tences acquises<\/li>\n<\/ul>\n\n\n\n<p><strong><em>Changement de paradigme<\/em><\/strong><\/p>\n\n\n\n<p>Ces derni\u00e8res ann\u00e9es, avec la publication du DSM-V, il y a eu un changement tr\u00e8s important dans la classification de cette pathologie. Le DSM-IV \u00e9tablissait la cat\u00e9gorie des \u00ab\u00a0Troubles envahissants du d\u00e9veloppement\u00a0\u00bb qui comprenait 5 types :<\/p>\n\n\n\n<ul class=\"wp-block-list\">\n<li>Trouble autistique<\/li>\n\n\n\n<li>Trouble de Rett<\/li>\n\n\n\n<li>Trouble d\u00e9sint\u00e9gratif de l&rsquo;enfance<\/li>\n\n\n\n<li>Trouble d&rsquo;Asperger<\/li>\n\n\n\n<li>Trouble envahissant du d\u00e9veloppement non sp\u00e9cifi\u00e9<\/li>\n<\/ul>\n\n\n\n<p>Le DSM-V a cr\u00e9\u00e9 le terme \u00ab\u00a0Troubles du spectre autistique\u00a0\u00bb (TSA), qui est lui-m\u00eame inclus dans la cat\u00e9gorie \u00ab\u00a0Troubles du neurod\u00e9veloppement\u00a0\u00bb, englobant tous ces types \u00e0 l&rsquo;exception du trouble de Rett qui n&rsquo;en fait plus partie. Au lieu de faire une distinction entre ces sous-types, la d\u00e9finition diagnostique du DSM-V sp\u00e9cifie trois niveaux de gravit\u00e9 des sympt\u00f4mes, ainsi que le niveau de soutien n\u00e9cessaire, comme nous l&rsquo;avons d\u00e9velopp\u00e9 pr\u00e9c\u00e9demment.<\/p>\n\n\n\n<h2 class=\"wp-block-heading\">Articles sur les Troubles du Spectre de l&rsquo;Autisme (TSA) :<\/h2>\n\n\n<div class=\"mai-grid entries entries-grid has-boxed has-image-full\" style=\"--entry-title-font-size:var(--font-size-lg);--align-text:start;--entry-meta-text-align:start;\"><div class=\"entries-wrap has-columns\" style=\"--columns-xs:1\/1;--columns-sm:1\/1;--columns-md:1\/3;--columns-lg:1\/3;--flex-xs:0 0 var(--flex-basis);--flex-sm:0 0 var(--flex-basis);--flex-md:0 0 var(--flex-basis);--flex-lg:0 0 var(--flex-basis);--column-gap:var(--spacing-lg);--row-gap:var(--spacing-lg);--align-columns:start;\"><article class=\"entry entry-grid is-column has-entry-link has-image has-image-first type-post category-tsa tag-autisme tag-enfants tag-neuropsychologie tag-troubles-du-neurodeveloppement\" style=\"--entry-index:1;\" aria-label=\"Le syndrome d&#8217;Asperger : d\u00e9finition, domaines, caract\u00e9ristiques et neuropsychologie\" itemscope itemtype=\"https:\/\/schema.org\/CreativeWork\"><a class=\"entry-image-link\" href=\"https:\/\/neuronup.com\/fr\/actualites-de-la-stimulation-cognitive\/troubles-neuro-developpementaux\/tsa\/le-syndrome-dasperger-quest-ce-que-cest-domaines-caracteristiques-et-neuropsychologie\/\" tabindex=\"-1\" aria-hidden=\"true\"><img decoding=\"async\" width=\"400\" height=\"267\" src=\"https:\/\/neuronup.com\/fr\/wp-content\/uploads\/2022\/11\/El-sindrome-de-Asperger.webp\" class=\"entry-image size-landscape-sm\" alt=\"Jeune gar\u00e7on assis sur le sol, visage pensif, chemise bleue \u00e0 rayures et d\u00e9cor minimaliste, th\u00e8me Asperger.\" srcset=\"https:\/\/neuronup.com\/fr\/wp-content\/uploads\/2022\/11\/El-sindrome-de-Asperger-300x200.webp 300w, https:\/\/neuronup.com\/fr\/wp-content\/uploads\/2022\/11\/El-sindrome-de-Asperger-768x512.webp 768w, https:\/\/neuronup.com\/fr\/wp-content\/uploads\/2022\/11\/El-sindrome-de-Asperger-1024x683.webp 1024w, https:\/\/neuronup.com\/fr\/wp-content\/uploads\/2022\/11\/El-sindrome-de-Asperger.webp 1205w\" sizes=\"(max-width:599px) 599px, (min-width:600px) and (max-width: 799px) 799px, (min-width:800px) and (max-width: 999px) 333px, (min-width:1000px) 400px\" \/><\/a><div class=\"entry-wrap entry-wrap-grid\"><h3 class=\"entry-title\" itemprop=\"headline\"><a class=\"entry-title-link\" href=\"https:\/\/neuronup.com\/fr\/actualites-de-la-stimulation-cognitive\/troubles-neuro-developpementaux\/tsa\/le-syndrome-dasperger-quest-ce-que-cest-domaines-caracteristiques-et-neuropsychologie\/\" rel=\"bookmark\">Le syndrome d&#8217;Asperger : d\u00e9finition, domaines, caract\u00e9ristiques et neuropsychologie<\/a><\/h3>\n<\/div><\/article><article class=\"entry entry-grid is-column has-entry-link has-image has-image-first type-post category-tsa tag-sante-mentale tag-stimulation-cognitive tag-tsa\" style=\"--entry-index:2;\" aria-label=\"Traitement \u00e9motionnel chez les personnes atteintes de trouble du spectre autistique (TSA)\" itemscope itemtype=\"https:\/\/schema.org\/CreativeWork\"><a class=\"entry-image-link\" href=\"https:\/\/neuronup.com\/fr\/actualites-de-la-stimulation-cognitive\/troubles-neuro-developpementaux\/tsa\/traitement-emotionnel-chez-les-personnes-atteintes-dun-trouble-du-spectre-de-lautisme-tsa\/\" tabindex=\"-1\" aria-hidden=\"true\"><img decoding=\"async\" width=\"400\" height=\"224\" src=\"https:\/\/neuronup.com\/fr\/wp-content\/uploads\/2024\/10\/Procesamiento-emocional-en-personas-con-trastorno-del-espectro-autista-TEA-NeuronUP.webp\" class=\"entry-image size-landscape-sm\" alt=\"Jeune enfant brun escalade un mur int\u00e9rieur, visage poudr\u00e9 de magn\u00e9sie; prises color\u00e9es visibles en arri\u00e8re-plan, ambiance sportive.\" srcset=\"https:\/\/neuronup.com\/fr\/wp-content\/uploads\/2024\/10\/Procesamiento-emocional-en-personas-con-trastorno-del-espectro-autista-TEA-NeuronUP-300x168.webp 300w, https:\/\/neuronup.com\/fr\/wp-content\/uploads\/2024\/10\/Procesamiento-emocional-en-personas-con-trastorno-del-espectro-autista-TEA-NeuronUP-768x431.webp 768w, https:\/\/neuronup.com\/fr\/wp-content\/uploads\/2024\/10\/Procesamiento-emocional-en-personas-con-trastorno-del-espectro-autista-TEA-NeuronUP-1024x574.webp 1024w, https:\/\/neuronup.com\/fr\/wp-content\/uploads\/2024\/10\/Procesamiento-emocional-en-personas-con-trastorno-del-espectro-autista-TEA-NeuronUP.webp 1204w\" sizes=\"(max-width:599px) 599px, (min-width:600px) and (max-width: 799px) 799px, (min-width:800px) and (max-width: 999px) 333px, (min-width:1000px) 400px\" \/><\/a><div class=\"entry-wrap entry-wrap-grid\"><h3 class=\"entry-title\" itemprop=\"headline\"><a class=\"entry-title-link\" href=\"https:\/\/neuronup.com\/fr\/actualites-de-la-stimulation-cognitive\/troubles-neuro-developpementaux\/tsa\/traitement-emotionnel-chez-les-personnes-atteintes-dun-trouble-du-spectre-de-lautisme-tsa\/\" rel=\"bookmark\">Traitement \u00e9motionnel chez les personnes atteintes de trouble du spectre autistique (TSA)<\/a><\/h3>\n<\/div><\/article><article class=\"entry entry-grid is-column has-entry-link has-image has-image-first type-post category-tsa tag-autisme tag-enfants tag-trouble-du-spectre-autistique\" style=\"--entry-index:3;\" aria-label=\"L&rsquo;autisme et la r\u00e9alit\u00e9 des personnes atteintes de troubles du spectre autistique\" itemscope itemtype=\"https:\/\/schema.org\/CreativeWork\"><a class=\"entry-image-link\" href=\"https:\/\/neuronup.com\/fr\/actualites-de-la-stimulation-cognitive\/troubles-neuro-developpementaux\/tsa\/lautisme-et-la-realite-des-personnes-atteintes-de-troubles-du-spectre-autistique\/\" tabindex=\"-1\" aria-hidden=\"true\"><img decoding=\"async\" width=\"400\" height=\"300\" src=\"https:\/\/neuronup.com\/fr\/wp-content\/uploads\/2024\/12\/Tendances-actuelles-dans-le-traitement-des-lesions-cerebrales-acquises-LCA-1-400x300.webp\" class=\"entry-image size-landscape-sm\" alt=\"Mains d\u2019enfants lev\u00e9es au premier plan sur fond de pi\u00e8ces de puzzle color\u00e9es, palette rouge, jaune, vert et bleu.\" srcset=\"https:\/\/neuronup.com\/fr\/wp-content\/uploads\/2024\/12\/Tendances-actuelles-dans-le-traitement-des-lesions-cerebrales-acquises-LCA-1-300x225.webp 300w, https:\/\/neuronup.com\/fr\/wp-content\/uploads\/2024\/12\/Tendances-actuelles-dans-le-traitement-des-lesions-cerebrales-acquises-LCA-1-400x300.webp 400w, https:\/\/neuronup.com\/fr\/wp-content\/uploads\/2024\/12\/Tendances-actuelles-dans-le-traitement-des-lesions-cerebrales-acquises-LCA-1-768x576.webp 768w, https:\/\/neuronup.com\/fr\/wp-content\/uploads\/2024\/12\/Tendances-actuelles-dans-le-traitement-des-lesions-cerebrales-acquises-LCA-1-800x600.webp 800w, https:\/\/neuronup.com\/fr\/wp-content\/uploads\/2024\/12\/Tendances-actuelles-dans-le-traitement-des-lesions-cerebrales-acquises-LCA-1-1024x768.webp 1024w, https:\/\/neuronup.com\/fr\/wp-content\/uploads\/2024\/12\/Tendances-actuelles-dans-le-traitement-des-lesions-cerebrales-acquises-LCA-1.webp 1200w\" sizes=\"(max-width:599px) 599px, (min-width:600px) and (max-width: 799px) 799px, (min-width:800px) and (max-width: 999px) 333px, (min-width:1000px) 400px\" \/><\/a><div class=\"entry-wrap entry-wrap-grid\"><h3 class=\"entry-title\" itemprop=\"headline\"><a class=\"entry-title-link\" href=\"https:\/\/neuronup.com\/fr\/actualites-de-la-stimulation-cognitive\/troubles-neuro-developpementaux\/tsa\/lautisme-et-la-realite-des-personnes-atteintes-de-troubles-du-spectre-autistique\/\" rel=\"bookmark\">L&rsquo;autisme et la r\u00e9alit\u00e9 des personnes atteintes de troubles du spectre autistique<\/a><\/h3>\n<\/div><\/article><\/div><\/div>","protected":false},"excerpt":{"rendered":"<p>La mani\u00e8re dont ces troubles se manifestent varie consid\u00e9rablement d&rsquo;un enfant \u00e0 l&rsquo;autre, d&rsquo;o\u00f9 le terme \u00ab spectre \u00bb ou \u00ab continuum de troubles \u00bb, qui signifie que les sympt\u00f4mes de ces troubles se manifestent de diff\u00e9rentes mani\u00e8res et que leur gravit\u00e9 varie d&rsquo;un cas \u00e0 l&rsquo;autre. Le tableau clinique n&rsquo;est ni uniforme ni absolument &hellip;<\/p>\n","protected":false},"author":1,"featured_media":35333,"parent":32448,"menu_order":0,"comment_status":"closed","ping_status":"closed","template":"","meta":{"_acf_changed":false,"_genesis_hide_title":false,"_genesis_hide_breadcrumbs":false,"_genesis_hide_singular_image":false,"_genesis_hide_footer_widgets":false,"_genesis_custom_body_class":"","_genesis_custom_post_class":"","_genesis_layout":"","footnotes":""},"class_list":{"1":"page","2":"type-page","6":"entry"},"acf":[],"_links":{"self":[{"href":"https:\/\/neuronup.com\/fr\/wp-json\/wp\/v2\/pages\/35332","targetHints":{"allow":["GET"]}}],"collection":[{"href":"https:\/\/neuronup.com\/fr\/wp-json\/wp\/v2\/pages"}],"about":[{"href":"https:\/\/neuronup.com\/fr\/wp-json\/wp\/v2\/types\/page"}],"author":[{"embeddable":true,"href":"https:\/\/neuronup.com\/fr\/wp-json\/wp\/v2\/users\/1"}],"replies":[{"embeddable":true,"href":"https:\/\/neuronup.com\/fr\/wp-json\/wp\/v2\/comments?post=35332"}],"version-history":[{"count":0,"href":"https:\/\/neuronup.com\/fr\/wp-json\/wp\/v2\/pages\/35332\/revisions"}],"up":[{"embeddable":true,"href":"https:\/\/neuronup.com\/fr\/wp-json\/wp\/v2\/pages\/32448"}],"wp:featuredmedia":[{"embeddable":true,"href":"https:\/\/neuronup.com\/fr\/wp-json\/wp\/v2\/media\/35333"}],"wp:attachment":[{"href":"https:\/\/neuronup.com\/fr\/wp-json\/wp\/v2\/media?parent=35332"}],"curies":[{"name":"wp","href":"https:\/\/api.w.org\/{rel}","templated":true}]}}