{"id":32749,"date":"2024-11-05T14:34:20","date_gmt":"2024-11-05T12:34:20","guid":{"rendered":"https:\/\/neuronup.com\/fr\/?page_id=32749"},"modified":"2025-01-07T23:16:14","modified_gmt":"2025-01-07T21:16:14","slug":"landing-store-family","status":"publish","type":"page","link":"https:\/\/neuronup.com\/fr\/landing-store-family\/","title":{"rendered":"Store Familiar"},"content":{"rendered":"<div class=\"wp-block-image\">\n<figure class=\"aligncenter size-large is-resized has-xxxxl-margin-top\"><img decoding=\"async\" width=\"978\" height=\"317\" src=\"https:\/\/neuronup.com\/fr\/wp-content\/uploads\/2024\/10\/logo-neuronup-core.svg\" alt=\"Logo NeuronUP\" class=\"wp-image-31542\" style=\"width:225px;height:73px\"\/><\/figure>\n<\/div>\n\n\n<h2 class=\"wp-block-heading has-text-align-left has-md-max-width has-xl-margin-top has-xxl-margin-bottom\">Bonjour,<\/h2>\n\n\n\n<p class=\"has-md-max-width\">Tout d&rsquo;abord, merci pour l&rsquo;int\u00e9r\u00eat que vous portez \u00e0 NeuronUP&nbsp;!<\/p>\n\n\n\n<p class=\"has-md-max-width\">NeuronUP est une plateforme de stimulation cognitive sp\u00e9cialement con\u00e7ue pour les professionnels. Si vous, en tant que personne concern\u00e9e ou membre de la famille, souhaitez travailler avec NeuronUP, veuillez informer votre th\u00e9rapeute de notre plateforme et nous l&rsquo;aiderons \u00e0 choisir le plan qui correspond le mieux \u00e0 ses besoins professionnels.<\/p>\n\n\n\n<hr class=\"wp-block-separator has-css-opacity is-style-wide has-xl-margin-top has-xl-margin-bottom\"\/>\n\n\n\n<h2 class=\"wp-block-heading has-text-align-center has-lg-font-size has-md-max-width has-xl-margin-top has-xl-margin-bottom\">T\u00e9l\u00e9chargez la pr\u00e9sentation de NeuronUP \u00e0 partager avec votre professionnel<\/h2>\n\n\n\n<div class=\"wp-block-group has-xl-margin-bottom\"><div class=\"wp-block-group__inner-container is-layout-flow wp-block-group-is-layout-flow\">\n<div class=\"wp-block-buttons is-horizontal is-content-justification-center is-layout-flex wp-container-core-buttons-is-layout-499968f5 wp-block-buttons-is-layout-flex\">\n<div class=\"wp-block-button\" id=\"info-pdf\"><a class=\"wp-block-button__link button wp-element-button\" href=\"https:\/\/neuronup.com\/fr\/wp-content\/uploads\/2024\/11\/Presentacion-producto-version-2023-web-FR.pdf\">T\u00e9l\u00e9charger<\/a><\/div>\n<\/div>\n<\/div><\/div>\n\n\n\n<div class=\"wp-block-columns has-alt-background-color has-background is-layout-flex wp-container-core-columns-is-layout-9d6595d7 wp-block-columns-is-layout-flex\">\n<div class=\"wp-block-column is-layout-flow wp-block-column-is-layout-flow\" style=\"flex-basis:100%\">\n<div class=\"wp-block-group\"><div class=\"wp-block-group__inner-container is-layout-flow wp-block-group-is-layout-flow\">\n<p class=\"has-text-align-center\">Si vous avez des questions ou si vous n\u2019avez pas de th\u00e9rapeute, contactez-nous et nous vous aiderons.<\/p>\n\n\n\n<div class=\"wp-block-buttons is-horizontal is-content-justification-center is-layout-flex wp-container-core-buttons-is-layout-499968f5 wp-block-buttons-is-layout-flex\">\n<div class=\"wp-block-button--1\" id=\"intercom_link\"><a class=\"wp-block-button__link button button-outline wp-element-button\" href=\"https:\/\/neuronup.com\/fr\/contact\/\">Contact<\/a><\/div>\n<\/div>\n<\/div><\/div>\n<\/div>\n<\/div>\n\n\n\n<div style=\"height:100px\" aria-hidden=\"true\" class=\"wp-block-spacer\"><\/div>\n","protected":false},"excerpt":{"rendered":"<p>Bonjour, Tout d&rsquo;abord, merci pour l&rsquo;int\u00e9r\u00eat que vous portez \u00e0 NeuronUP&nbsp;! NeuronUP est une plateforme de stimulation cognitive sp\u00e9cialement con\u00e7ue pour les professionnels. Si vous, en tant que personne concern\u00e9e ou membre de la famille, souhaitez travailler avec NeuronUP, veuillez informer votre th\u00e9rapeute de notre plateforme et nous l&rsquo;aiderons \u00e0 choisir le plan qui correspond &hellip;<\/p>\n","protected":false},"author":1,"featured_media":31542,"parent":0,"menu_order":0,"comment_status":"closed","ping_status":"closed","template":"","meta":{"_acf_changed":false,"_genesis_hide_title":false,"_genesis_hide_breadcrumbs":false,"_genesis_hide_singular_image":false,"_genesis_hide_footer_widgets":false,"_genesis_custom_body_class":"","_genesis_custom_post_class":"","_genesis_layout":"","footnotes":""},"class_list":{"1":"page","2":"type-page","6":"entry"},"acf":[],"_links":{"self":[{"href":"https:\/\/neuronup.com\/fr\/wp-json\/wp\/v2\/pages\/32749","targetHints":{"allow":["GET"]}}],"collection":[{"href":"https:\/\/neuronup.com\/fr\/wp-json\/wp\/v2\/pages"}],"about":[{"href":"https:\/\/neuronup.com\/fr\/wp-json\/wp\/v2\/types\/page"}],"author":[{"embeddable":true,"href":"https:\/\/neuronup.com\/fr\/wp-json\/wp\/v2\/users\/1"}],"replies":[{"embeddable":true,"href":"https:\/\/neuronup.com\/fr\/wp-json\/wp\/v2\/comments?post=32749"}],"version-history":[{"count":0,"href":"https:\/\/neuronup.com\/fr\/wp-json\/wp\/v2\/pages\/32749\/revisions"}],"wp:featuredmedia":[{"embeddable":true,"href":"https:\/\/neuronup.com\/fr\/wp-json\/wp\/v2\/media\/31542"}],"wp:attachment":[{"href":"https:\/\/neuronup.com\/fr\/wp-json\/wp\/v2\/media?parent=32749"}],"curies":[{"name":"wp","href":"https:\/\/api.w.org\/{rel}","templated":true}]}}