{"id":32579,"date":"2024-10-31T16:14:53","date_gmt":"2024-10-31T14:14:53","guid":{"rendered":"https:\/\/neuronup.com\/fr\/?page_id=32579"},"modified":"2026-01-29T17:56:05","modified_gmt":"2026-01-29T15:56:05","slug":"contact","status":"publish","type":"page","link":"https:\/\/neuronup.com\/fr\/contact\/","title":{"rendered":"Contact"},"content":{"rendered":"<div class=\"wp-block-image\">\n<figure class=\"aligncenter size-full\"><img decoding=\"async\" width=\"101\" height=\"101\" src=\"https:\/\/neuronup.com\/fr\/wp-content\/uploads\/2024\/10\/icone-contact.webp\" alt=\"Ic\u00f4ne turquoise d&#039;un t\u00e9l\u00e9phone avec bulle, sur fond bleu clair, symbolisant les communications t\u00e9l\u00e9phoniques et de texte.\" class=\"wp-image-31650\" srcset=\"https:\/\/neuronup.com\/fr\/wp-content\/uploads\/2024\/10\/icone-contact-24x24.webp 24w, https:\/\/neuronup.com\/fr\/wp-content\/uploads\/2024\/10\/icone-contact-48x48.webp 48w, https:\/\/neuronup.com\/fr\/wp-content\/uploads\/2024\/10\/icone-contact-80x80.webp 80w, https:\/\/neuronup.com\/fr\/wp-content\/uploads\/2024\/10\/icone-contact-96x96.webp 96w, https:\/\/neuronup.com\/fr\/wp-content\/uploads\/2024\/10\/icone-contact.webp 101w\" sizes=\"(max-width: 101px) 100vw, 101px\" \/><\/figure>\n<\/div>\n\n\n<h1 class=\"wp-block-heading has-text-align-center\">Contactez-nous<\/h1>\n\n\n\n<p class=\"has-text-align-center has-xxl-margin-bottom\">N&rsquo;h\u00e9sitez pas \u00e0 nous appeler ou \u00e0 nous envoyer un e-mail si vous avez des questions.<br>L&rsquo;\u00e9quipe de NeuronUP sera ravie de vous aider.<\/p>\n\n\n\n<div class=\"wp-block-columns alignwide is-layout-flex wp-container-core-columns-is-layout-9d6595d7 wp-block-columns-is-layout-flex\">\n<div class=\"wp-block-column testimonial-block p-3 br-0101 is-layout-flow wp-block-column-is-layout-flow\">\n<h2 class=\"wp-block-heading has-text-align-center has-xl-font-size has-xl-margin-top\">Ventes<\/h2>\n\n\n\n<p>R\u00e9solvez vos doutes, apprenez-en plus sur NeuronUP ou organisez un appel vid\u00e9o pour apprendre \u00e0 utiliser notre plateforme.<\/p>\n\n\n\n<p class=\"has-text-align-center has-primary-color has-text-color\"><span itemprop=\"telephone\" content=\"+19295791273\">+33&nbsp;<strong>(7)45 89 33 78<\/strong><\/span><\/p>\n\n\n\n<div class=\"wp-block-buttons is-content-justification-center is-layout-flex wp-container-core-buttons-is-layout-16018d1d wp-block-buttons-is-layout-flex\">\n<div class=\"wp-block-button orange-button\" style=\"--button-background:var(--color-custom-1);--button-background-hover:#cc7e00;\"><a class=\"wp-block-button__link button   wp-element-button\" href=\"tel:+33749654227\">Appeler<\/a><\/div>\n\n<\/div>\n<\/div>\n\n\n\n<div class=\"wp-block-column testimonial-block p-3 br-0101 is-layout-flow wp-block-column-is-layout-flow\">\n<h2 class=\"wp-block-heading has-text-align-center has-xl-font-size has-xl-margin-top\">Assistance et support<\/h2>\n\n\n\n<p>Vous avez des probl\u00e8mes techniques ou des doutes sur le fonctionnement de NeuronUP ? Nous pouvons vous aider.<\/p>\n\n\n\n<p class=\"has-text-align-center has-primary-color has-text-color\"><span itemprop=\"telephone\" content=\"+19295791273\"><span itemprop=\"telephone\" content=\"+19295791273\">+33&nbsp;<strong>(7)45 89 33 78<\/strong><\/span><\/span><\/p>\n\n\n\n<div class=\"wp-block-buttons is-content-justification-center is-layout-flex wp-container-core-buttons-is-layout-16018d1d wp-block-buttons-is-layout-flex\">\n<div class=\"wp-block-button orange-button\" style=\"--button-background:var(--color-custom-1);--button-background-hover:#cc7e00;\"><a class=\"wp-block-button__link button   wp-element-button\" href=\"tel:+33749654227\" rel=\"intercom_link\">Appeler<\/a><\/div>\n\n<\/div>\n\n\n\n<div class=\"wp-block-buttons is-vertical is-content-justification-center is-layout-flex wp-container-core-buttons-is-layout-4b2eccd6 wp-block-buttons-is-layout-flex\">\n<div class=\"wp-block-button\"><a class=\"wp-block-button__link button button-link wp-element-button\" href=\"mailto:contact@neuronup.com\">contact@neuronup.com<\/a><\/div>\n\n\n\n<div class=\"wp-block-button\"><a class=\"wp-block-button__link button button-link wp-element-button\" href=\"https:\/\/neuronup.com\/fr\/centre-daide-neuronup\/\">Visiter le centre d&rsquo;aide<\/a><\/div>\n\n\n\n<div class=\"wp-block-button\"><a class=\"wp-block-button__link button button-link wp-element-button\" href=\"https:\/\/neuronup.com\/fr\/faq-questions-frequentes\/\">Consultez nos FAQ<\/a><\/div>\n<\/div>\n<\/div>\n\n\n\n<div class=\"wp-block-column testimonial-block p-3 br-0101 is-layout-flow wp-block-column-is-layout-flow\">\n<h2 class=\"wp-block-heading has-text-align-center has-xl-font-size has-xl-margin-top\">Facturation<\/h2>\n\n\n\n<p>Si vous devez apporter des modifications \u00e0 votre facture ou si vous avez rencontr\u00e9 un incident dans votre facturation, faites-le nous savoir et nous vous aiderons \u00e0 le g\u00e9rer.<\/p>\n\n\n\n<p class=\"has-text-align-center has-primary-color has-text-color\"><span itemprop=\"telephone\" content=\"+19295791273\">+33&nbsp;<strong>(7)45 89 33 78<\/strong><\/span><\/p>\n\n\n\n<div class=\"wp-block-buttons is-content-justification-center is-layout-flex wp-container-core-buttons-is-layout-16018d1d wp-block-buttons-is-layout-flex\">\n<div class=\"wp-block-button orange-button\" style=\"--button-background:var(--color-custom-1);--button-background-hover:#cc7e00;\"><a class=\"wp-block-button__link button   wp-element-button\" href=\"tel:+33749654227\">Appeler<\/a><\/div>\n\n<\/div>\n<\/div>\n\n\n\n<div class=\"wp-block-column testimonial-block p-3 br-0101 is-layout-flow wp-block-column-is-layout-flow\">\n<h2 class=\"wp-block-heading has-text-align-center has-xl-font-size has-xl-margin-top\">Suggestions<\/h2>\n\n\n\n<p>Ensemble, nous faisons grandir NeuronUP. Si vous avez cr\u00e9\u00e9 manuellement une activit\u00e9 pour vos patient et que vous souhaitez que nous la num\u00e9risions, \u00e9crivez-nous et nous \u00e9tudierons son int\u00e9gration dans la plateforme.<\/p>\n\n\n\n<div class=\"wp-block-buttons is-content-justification-center is-layout-flex wp-container-core-buttons-is-layout-16018d1d wp-block-buttons-is-layout-flex\">\n<div class=\"wp-block-button\"><a class=\"wp-block-button__link button button-link wp-element-button\" href=\"mailto:contact@neuronup.com\">contact@neuronup.com<\/a><\/div>\n<\/div>\n<\/div>\n<\/div>\n\n\n\n<div style=\"height:100px\" aria-hidden=\"true\" class=\"wp-block-spacer\"><\/div>\n\n\n\n<div class=\"wp-block-columns alignwide anims-fadein-up is-layout-flex wp-container-core-columns-is-layout-9d6595d7 wp-block-columns-is-layout-flex\">\n<div class=\"wp-block-column br-0111 p-5 particle-bg has-primary-background-color has-background is-layout-flow wp-block-column-is-layout-flow\">\n<h2 class=\"wp-block-heading has-white-color has-text-color\">Information<\/h2>\n\n\n\n<p class=\"has-white-color has-text-color\"><strong>Vous souhaitez en savoir plus sur NeuronUP ?<\/strong><\/p>\n\n\n\n<p class=\"has-white-color has-text-color\">Remplissez notre formulaire et notre \u00e9quipe vous contactera.<\/p>\n\n\n\n<div class=\"wp-block-buttons is-layout-flex wp-block-buttons-is-layout-flex\">\n<div class=\"wp-block-button--1\" style=\"--button-outline-color:var(--color-white);--button-outline-color-hover:rgba(0,0,0,0.8);\"><a class=\"wp-block-button__link button button-outline   wp-element-button\" href=\"https:\/\/neuronup.com\/fr\/demande-informations\/\">Demande d&rsquo;information<\/a><\/div>\n\n<\/div>\n<\/div>\n\n\n\n<div class=\"wp-block-column br-0111 p-5 particle-bg has-primary-background-color has-background is-layout-flow wp-block-column-is-layout-flow\">\n<h2 class=\"wp-block-heading has-white-color has-text-color\">Vous ne savez pas quel service contacter ?<\/h2>\n\n\n\n<p class=\"has-white-color has-text-color\">Appelez-nous et nous vous mettrons en contact avec la bonne personne <span itemprop=\"telephone\" content=\"+19295791273\">+33&nbsp;<strong>(7)45 89 33 78<\/strong><\/span><\/p>\n\n\n\n<div class=\"wp-block-buttons is-layout-flex wp-block-buttons-is-layout-flex\">\n<div class=\"wp-block-button--2\" style=\"--button-outline-color:var(--color-white);--button-outline-color-hover:rgba(0,0,0,0.8);\"><a class=\"wp-block-button__link button button-outline   wp-element-button\" href=\"tel:+33749654227\">Appeler maintenant<\/a><\/div>\n\n<\/div>\n<\/div>\n<\/div>\n\n\n\n<h2 class=\"wp-block-heading has-text-align-center anims-fadein-up has-xxxxl-margin-top has-xl-margin-bottom\">Bureaux<\/h2>\n\n\n\n<div id=\"map\" class=\"anims-fadein-up br-0101 alignwide\"><\/div>\n\n\n\n<div style=\"height:100px\" aria-hidden=\"true\" class=\"wp-block-spacer\"><\/div>\n","protected":false},"excerpt":{"rendered":"<p>Contactez-nous N&rsquo;h\u00e9sitez pas \u00e0 nous appeler ou \u00e0 nous envoyer un e-mail si vous avez des questions.L&rsquo;\u00e9quipe de NeuronUP sera ravie de vous aider. Ventes R\u00e9solvez vos doutes, apprenez-en plus sur NeuronUP ou organisez un appel vid\u00e9o pour apprendre \u00e0 utiliser notre plateforme. +33&nbsp;(7)45 89 33 78 Assistance et support Vous avez des probl\u00e8mes techniques &hellip;<\/p>\n","protected":false},"author":1,"featured_media":0,"parent":0,"menu_order":0,"comment_status":"closed","ping_status":"closed","template":"","meta":{"_acf_changed":false,"_genesis_hide_title":false,"_genesis_hide_breadcrumbs":false,"_genesis_hide_singular_image":false,"_genesis_hide_footer_widgets":false,"_genesis_custom_body_class":"","_genesis_custom_post_class":"","_genesis_layout":"wide-content","footnotes":""},"class_list":{"1":"page","2":"type-page","5":"entry"},"acf":[],"_links":{"self":[{"href":"https:\/\/neuronup.com\/fr\/wp-json\/wp\/v2\/pages\/32579","targetHints":{"allow":["GET"]}}],"collection":[{"href":"https:\/\/neuronup.com\/fr\/wp-json\/wp\/v2\/pages"}],"about":[{"href":"https:\/\/neuronup.com\/fr\/wp-json\/wp\/v2\/types\/page"}],"author":[{"embeddable":true,"href":"https:\/\/neuronup.com\/fr\/wp-json\/wp\/v2\/users\/1"}],"replies":[{"embeddable":true,"href":"https:\/\/neuronup.com\/fr\/wp-json\/wp\/v2\/comments?post=32579"}],"version-history":[{"count":0,"href":"https:\/\/neuronup.com\/fr\/wp-json\/wp\/v2\/pages\/32579\/revisions"}],"wp:attachment":[{"href":"https:\/\/neuronup.com\/fr\/wp-json\/wp\/v2\/media?parent=32579"}],"curies":[{"name":"wp","href":"https:\/\/api.w.org\/{rel}","templated":true}]}}