{"id":32560,"date":"2024-10-31T15:46:30","date_gmt":"2024-10-31T13:46:30","guid":{"rendered":"https:\/\/neuronup.com\/fr\/?page_id=32560"},"modified":"2026-03-13T11:16:31","modified_gmt":"2026-03-13T09:16:31","slug":"les-activites-de-la-vie-quotidienne-avqs","status":"publish","type":"page","link":"https:\/\/neuronup.com\/fr\/domaines-dintervention\/les-activites-de-la-vie-quotidienne-avqs\/","title":{"rendered":"Activit\u00e9s de la Vie Quotidienne (AVQs)"},"content":{"rendered":"\n<div class=\"wp-block-group alignfull has-custom-12-background-color has-background has-light-background has-md-padding-top has-md-padding-bottom\"><div class=\"wp-block-group__inner-container is-layout-constrained wp-block-group-is-layout-constrained\"><div class=\"wp-block-image\">\n<figure class=\"aligncenter size-large\"><img decoding=\"async\" width=\"92\" height=\"92\" src=\"https:\/\/neuronup.com\/fr\/wp-content\/uploads\/2024\/10\/icon-personne.svg\" alt=\"Activit\u00e9s de la vie quotidienne (AVQ)\" class=\"wp-image-31546\"><\/figure>\n<\/div>\n\n\n<h1 class=\"wp-block-heading has-text-align-center\">Activit\u00e9s de la Vie Quotidienne (AVQs)<\/h1>\n\n\n\n<p>Aussi appel\u00e9s \u00ab domaines occupations \u00bb, elles englobent toutes les activit\u00e9s de la vie quotidienne qui ont une valeur et une signification concr\u00e8tes pour une personne et, en outre, un but.<\/p>\n<\/div><\/div>\n\n\n\n\n<h2 class=\"wp-block-heading\">Types d&rsquo;activit\u00e9s de la vie quotidienne<\/h2>\n\n\n\n<p class=\"has-lg-font-size has-xxxl-margin-bottom\">Les occupations sont au c\u0153ur de l\u2019identit\u00e9 et des capacit\u00e9s d\u2019une personne et influencent la fa\u00e7on dont nous passons le temps et prenons des d\u00e9cisions.<\/p>\n\n\n\n<div class=\"wp-block-columns is-layout-flex wp-container-core-columns-is-layout-9d6595d7 wp-block-columns-is-layout-flex\">\n<div class=\"wp-block-column p-3 is-layout-flow wp-block-column-is-layout-flow\"><div class=\"wp-block-image\">\n<figure class=\"aligncenter size-full\"><img decoding=\"async\" width=\"100\" height=\"100\" src=\"https:\/\/neuronup.com\/fr\/wp-content\/uploads\/2024\/10\/icon-basic-activities.webp\" alt=\"Ic\u00f4ne turquoise montrant une douche stylis\u00e9e avec des gouttes d'eau et un peigne sur fond noir.\" class=\"wp-image-32563\" srcset=\"https:\/\/neuronup.com\/fr\/wp-content\/uploads\/2024\/10\/icon-basic-activities-24x24.webp 24w, https:\/\/neuronup.com\/fr\/wp-content\/uploads\/2024\/10\/icon-basic-activities-48x48.webp 48w, https:\/\/neuronup.com\/fr\/wp-content\/uploads\/2024\/10\/icon-basic-activities-80x80.webp 80w, https:\/\/neuronup.com\/fr\/wp-content\/uploads\/2024\/10\/icon-basic-activities-96x96.webp 96w, https:\/\/neuronup.com\/fr\/wp-content\/uploads\/2024\/10\/icon-basic-activities.webp 100w\" sizes=\"(max-width: 100px) 100vw, 100px\" \/><\/figure>\n<\/div>\n\n\n<h3 class=\"wp-block-heading has-text-align-center\">Activit\u00e9s basiques<\/h3>\n\n\n\n<p>Ce sont des activit\u00e9s orient\u00e9es vers les soins de son propre corps.<\/p>\n\n\n\n<ul class=\"wp-block-list\">\n<li>Bain \/ douche.<\/li>\n\n\n\n<li>Soins de la vessie et des intestins.<\/li>\n\n\n\n<li>V\u00eatements.<\/li>\n\n\n\n<li>Manger.<\/li>\n\n\n\n<li>Alimentation.<\/li>\n\n\n\n<li>Mobilit\u00e9 fonctionnelle.<\/li>\n\n\n\n<li>Entretien des aides techniques personnelles.<\/li>\n\n\n\n<li>Hygi\u00e8ne personnelle et toilettes.<\/li>\n\n\n\n<li>Activit\u00e9 sexuelle.<\/li>\n\n\n\n<li>Dormir \/ repos.<\/li>\n\n\n\n<li>Hygi\u00e8ne des toilettes.<\/li>\n<\/ul>\n<\/div>\n\n\n\n<div class=\"wp-block-column br-0101 p-3 has-alt-background-color has-background is-layout-flow wp-block-column-is-layout-flow\"><div class=\"wp-block-image\">\n<figure class=\"aligncenter size-full\"><img decoding=\"async\" width=\"100\" height=\"100\" src=\"https:\/\/neuronup.com\/fr\/wp-content\/uploads\/2024\/10\/icon-instrumental-activities.webp\" alt=\"Deux ic\u00f4nes turquoise sur fond noir : casserole fumante et outil de jardinage, repr\u00e9sentant des activit\u00e9s instrumentales.\" class=\"wp-image-32564\" srcset=\"https:\/\/neuronup.com\/fr\/wp-content\/uploads\/2024\/10\/icon-instrumental-activities-24x24.webp 24w, https:\/\/neuronup.com\/fr\/wp-content\/uploads\/2024\/10\/icon-instrumental-activities-48x48.webp 48w, https:\/\/neuronup.com\/fr\/wp-content\/uploads\/2024\/10\/icon-instrumental-activities-80x80.webp 80w, https:\/\/neuronup.com\/fr\/wp-content\/uploads\/2024\/10\/icon-instrumental-activities-96x96.webp 96w, https:\/\/neuronup.com\/fr\/wp-content\/uploads\/2024\/10\/icon-instrumental-activities.webp 100w\" sizes=\"(max-width: 100px) 100vw, 100px\" \/><\/figure>\n<\/div>\n\n\n<h3 class=\"wp-block-heading has-text-align-center\">Activit\u00e9s instrumentales<\/h3>\n\n\n\n<p>Ce sont les activit\u00e9s orient\u00e9es vers l\u2019interaction avec l\u2019environnement qui sont souvent complexes e, g\u00e9n\u00e9ralement, optionnelles, puisqu\u2019elles peuvent \u00eatre d\u00e9l\u00e9gu\u00e9es \u00e0 d\u2019autres.<\/p>\n\n\n\n<ul class=\"wp-block-list\">\n<li>Soins des animaux.<\/li>\n\n\n\n<li>\u00c9lever les enfants.<\/li>\n\n\n\n<li>Utilisation des syst\u00e8mes de communication.<\/li>\n\n\n\n<li>Mobilit\u00e9 g\u00e9ographique.<\/li>\n\n\n\n<li>Gestion financi\u00e8re.<\/li>\n\n\n\n<li>Soins de sant\u00e9 et entretien.<\/li>\n\n\n\n<li>Cr\u00e9er et entretenir une maison.<\/li>\n\n\n\n<li>Pr\u00e9paration des repas et nettoyage.<\/li>\n\n\n\n<li>Protocoles de s\u00e9curit\u00e9 et r\u00e9ponses \u00e0 l\u2019urgence.<\/li>\n\n\n\n<li>Achats.<\/li>\n<\/ul>\n<\/div>\n\n\n\n<div class=\"wp-block-column p-3 is-layout-flow wp-block-column-is-layout-flow\"><div class=\"wp-block-image\">\n<figure class=\"aligncenter size-full\"><img decoding=\"async\" width=\"100\" height=\"101\" src=\"https:\/\/neuronup.com\/fr\/wp-content\/uploads\/2024\/10\/icon-education.webp\" alt=\"Chapeau de dipl\u00f4m\u00e9 bleu avec gland sur le c\u00f4t\u00e9 et motif simple, symbole de graduation utilis\u00e9 lors des c\u00e9r\u00e9monies.\" class=\"wp-image-32565\" srcset=\"https:\/\/neuronup.com\/fr\/wp-content\/uploads\/2024\/10\/icon-education-24x24.webp 24w, https:\/\/neuronup.com\/fr\/wp-content\/uploads\/2024\/10\/icon-education-48x48.webp 48w, https:\/\/neuronup.com\/fr\/wp-content\/uploads\/2024\/10\/icon-education-80x80.webp 80w, https:\/\/neuronup.com\/fr\/wp-content\/uploads\/2024\/10\/icon-education-96x96.webp 96w, https:\/\/neuronup.com\/fr\/wp-content\/uploads\/2024\/10\/icon-education.webp 100w\" sizes=\"(max-width: 100px) 100vw, 100px\" \/><\/figure>\n<\/div>\n\n\n<h3 class=\"wp-block-heading has-text-align-center\">L\u2019\u00c9ducation<\/h3>\n\n\n\n<p>Ce sont les activit\u00e9s n\u00e9cessaires pour \u00eatre \u00e9tudiant et participer \u00e0 l\u2019environnement \u00e9ducatif.<\/p>\n\n\n\n<ul class=\"wp-block-list\">\n<li>Participation \u00e0 l\u2019\u00e9ducation formelle.<\/li>\n\n\n\n<li>Exploration des besoins ou int\u00e9r\u00eats personnels en mati\u00e8re d\u2019\u00e9ducation.<\/li>\n\n\n\n<li>Participation personnelle \u00e0 l\u2019\u00e9ducation informelle.<\/li>\n<\/ul>\n<\/div>\n<\/div>\n\n\n\n<div style=\"height:60px\" aria-hidden=\"true\" class=\"wp-block-spacer\"><\/div>\n\n\n\n<div class=\"wp-block-columns is-layout-flex wp-container-core-columns-is-layout-9d6595d7 wp-block-columns-is-layout-flex\">\n<div class=\"wp-block-column p-3 is-layout-flow wp-block-column-is-layout-flow\"><div class=\"wp-block-image\">\n<figure class=\"aligncenter size-full\"><img decoding=\"async\" width=\"100\" height=\"101\" src=\"https:\/\/neuronup.com\/fr\/wp-content\/uploads\/2024\/10\/icon-work.webp\" alt=\"Silhouette turquoise d'une personne creusant avec une pelle sur fond noir, mettant en valeur l'effort et l'outil.\" class=\"wp-image-32566\" srcset=\"https:\/\/neuronup.com\/fr\/wp-content\/uploads\/2024\/10\/icon-work-24x24.webp 24w, https:\/\/neuronup.com\/fr\/wp-content\/uploads\/2024\/10\/icon-work-48x48.webp 48w, https:\/\/neuronup.com\/fr\/wp-content\/uploads\/2024\/10\/icon-work-80x80.webp 80w, https:\/\/neuronup.com\/fr\/wp-content\/uploads\/2024\/10\/icon-work-96x96.webp 96w, https:\/\/neuronup.com\/fr\/wp-content\/uploads\/2024\/10\/icon-work.webp 100w\" sizes=\"(max-width: 100px) 100vw, 100px\" \/><\/figure>\n<\/div>\n\n\n<h3 class=\"wp-block-heading has-text-align-center\">Le Travail<\/h3>\n\n\n\n<p>Ce sont les activit\u00e9s n\u00e9cessaires pour obtenir un emploi r\u00e9mun\u00e9r\u00e9 ou des activit\u00e9s b\u00e9n\u00e9voles.<\/p>\n\n\n\n<ul class=\"wp-block-list\">\n<li>Int\u00e9r\u00eat et recherche d\u2019emploi.<\/li>\n\n\n\n<li>Trouver et obtenir un travail.<\/li>\n\n\n\n<li>Rendement au travail.<\/li>\n\n\n\n<li>Pr\u00e9paration \u00e0 la retraite.<\/li>\n\n\n\n<li>Explorer le b\u00e9n\u00e9volat.<\/li>\n\n\n\n<li>Participation b\u00e9n\u00e9vole.<\/li>\n<\/ul>\n<\/div>\n\n\n\n<div class=\"wp-block-column br-0101 p-3 has-alt-background-color has-background is-layout-flow wp-block-column-is-layout-flow\"><div class=\"wp-block-image\">\n<figure class=\"aligncenter size-full\"><img decoding=\"async\" width=\"100\" height=\"101\" src=\"https:\/\/neuronup.com\/fr\/wp-content\/uploads\/2024\/10\/icon-play.webp\" alt=\"Ballon de football stylis\u00e9 blanc avec motifs hexagonaux noirs et accents turquoise sur fond noir, \u00e9voquant le jeu.\" class=\"wp-image-32567\" srcset=\"https:\/\/neuronup.com\/fr\/wp-content\/uploads\/2024\/10\/icon-play-24x24.webp 24w, https:\/\/neuronup.com\/fr\/wp-content\/uploads\/2024\/10\/icon-play-48x48.webp 48w, https:\/\/neuronup.com\/fr\/wp-content\/uploads\/2024\/10\/icon-play-80x80.webp 80w, https:\/\/neuronup.com\/fr\/wp-content\/uploads\/2024\/10\/icon-play-96x96.webp 96w, https:\/\/neuronup.com\/fr\/wp-content\/uploads\/2024\/10\/icon-play.webp 100w\" sizes=\"(max-width: 100px) 100vw, 100px\" \/><\/figure>\n<\/div>\n\n\n<h3 class=\"wp-block-heading has-text-align-center\">Le Jeu<\/h3>\n\n\n\n<p>Ce sont les activit\u00e9s spontan\u00e9es ou organis\u00e9es qui procurent distraction, divertissement, passe-temps ou amusement.<\/p>\n\n\n\n<ul class=\"wp-block-list\">\n<li>D\u00e9couverte du jeu.<\/li>\n\n\n\n<li>Jeux de participation.<\/li>\n<\/ul>\n<\/div>\n<\/div>\n\n\n\n<div class=\"wp-block-columns is-layout-flex wp-container-core-columns-is-layout-9d6595d7 wp-block-columns-is-layout-flex\">\n<div class=\"wp-block-column br-0101 p-3 has-alt-background-color has-background is-layout-flow wp-block-column-is-layout-flow\"><div class=\"wp-block-image\">\n<figure class=\"aligncenter size-full\"><img decoding=\"async\" width=\"100\" height=\"101\" src=\"https:\/\/neuronup.com\/fr\/wp-content\/uploads\/2024\/10\/icon-leisure.webp\" alt=\"Illustration stylis\u00e9e d'un cocktail et d'une pellicule cin\u00e9matographique en bleus sur fond noir, \u00e9voquant loisirs et cin\u00e9ma.\" class=\"wp-image-32568\" srcset=\"https:\/\/neuronup.com\/fr\/wp-content\/uploads\/2024\/10\/icon-leisure-24x24.webp 24w, https:\/\/neuronup.com\/fr\/wp-content\/uploads\/2024\/10\/icon-leisure-48x48.webp 48w, https:\/\/neuronup.com\/fr\/wp-content\/uploads\/2024\/10\/icon-leisure-80x80.webp 80w, https:\/\/neuronup.com\/fr\/wp-content\/uploads\/2024\/10\/icon-leisure-96x96.webp 96w, https:\/\/neuronup.com\/fr\/wp-content\/uploads\/2024\/10\/icon-leisure.webp 100w\" sizes=\"(max-width: 100px) 100vw, 100px\" \/><\/figure>\n<\/div>\n\n\n<h3 class=\"wp-block-heading has-text-align-center\">Le Temps libre<\/h3>\n\n\n\n<p>Ce sont les activit\u00e9s non obligatoires, choisies volontairement et effectu\u00e9es durant le temps qui n\u2019est pas consacr\u00e9 aux occupations obligatoires telles que le travail, les soins personnels ou dormir.<\/p>\n\n\n\n<ul class=\"wp-block-list\">\n<li>D\u00e9couverte du temps libre.<\/li>\n\n\n\n<li>Pr\u00e9paration aux loisirs.<\/li>\n<\/ul>\n<\/div>\n\n\n\n<div class=\"wp-block-column p-3 is-layout-flow wp-block-column-is-layout-flow\"><div class=\"wp-block-image\">\n<figure class=\"aligncenter size-full\"><img decoding=\"async\" width=\"100\" height=\"100\" src=\"https:\/\/neuronup.com\/fr\/wp-content\/uploads\/2024\/10\/icon-Social-Participation.webp\" alt=\"Groupe de silhouettes bleues sur fond noir, dont une avec une canne, illustrant participation sociale et inclusion.\" class=\"wp-image-32569\" srcset=\"https:\/\/neuronup.com\/fr\/wp-content\/uploads\/2024\/10\/icon-Social-Participation-24x24.webp 24w, https:\/\/neuronup.com\/fr\/wp-content\/uploads\/2024\/10\/icon-Social-Participation-48x48.webp 48w, https:\/\/neuronup.com\/fr\/wp-content\/uploads\/2024\/10\/icon-Social-Participation-80x80.webp 80w, https:\/\/neuronup.com\/fr\/wp-content\/uploads\/2024\/10\/icon-Social-Participation-96x96.webp 96w, https:\/\/neuronup.com\/fr\/wp-content\/uploads\/2024\/10\/icon-Social-Participation.webp 100w\" sizes=\"(max-width: 100px) 100vw, 100px\" \/><\/figure>\n<\/div>\n\n\n<h3 class=\"wp-block-heading has-text-align-center\">Participation sociale<\/h3>\n\n\n\n<p>Ce sont les activit\u00e9s associ\u00e9es \u00e0 l\u2019organisation des comportements qui sont caract\u00e9ristiques et attendus dans une interaction individuelle ou collective avec autrui au sein d\u2019un syst\u00e8me social donn\u00e9.<\/p>\n\n\n\n<ul class=\"wp-block-list\">\n<li>Communaut\u00e9<\/li>\n\n\n\n<li>Famille<\/li>\n\n\n\n<li>Partenaire \/ ami<\/li>\n<\/ul>\n<\/div>\n<\/div>\n\n\n\n\n\n<div style=\"height:100px\" aria-hidden=\"true\" class=\"wp-block-spacer\"><\/div>\n\n\n\n<div class=\"wp-block-columns are-vertically-aligned-top is-layout-flex wp-container-core-columns-is-layout-9d6595d7 wp-block-columns-is-layout-flex\">\n<div class=\"wp-block-column is-vertically-aligned-top is-layout-flow wp-block-column-is-layout-flow\">\n<figure class=\"wp-block-video aligncenter image-interface\"><video height=\"600\" style=\"aspect-ratio: 1200 \/ 600;\" width=\"1200\" autoplay loop muted src=\"https:\/\/neuronup.com\/fr\/wp-content\/uploads\/2026\/02\/Activite-NeuronUP-Habillez-vous-femme-Vistete-mujer.webm\" playsinline><\/video><figcaption class=\"wp-element-caption\">NeuronUP Activity: Habillez-vous (femme).<\/figcaption><\/figure>\n<\/div>\n\n\n\n<div class=\"wp-block-column is-vertically-aligned-top is-layout-flow wp-block-column-is-layout-flow\">\n<figure class=\"wp-block-video aligncenter image-interface\"><video height=\"600\" style=\"aspect-ratio: 1200 \/ 600;\" width=\"1200\" autoplay loop muted src=\"https:\/\/neuronup.com\/fr\/wp-content\/uploads\/2026\/02\/Activite-NeuronUP-Rangez-la-cuisine-Ordena-la-cocina.webm\" playsinline><\/video><figcaption class=\"wp-element-caption\">NeuronUP Activity: Rangez la cuisine.<\/figcaption><\/figure>\n<\/div>\n\n\n\n<div class=\"wp-block-column is-vertically-aligned-top is-layout-flow wp-block-column-is-layout-flow\">\n<figure class=\"wp-block-video aligncenter image-interface\"><video height=\"600\" style=\"aspect-ratio: 1200 \/ 600;\" width=\"1200\" autoplay loop muted src=\"https:\/\/neuronup.com\/fr\/wp-content\/uploads\/2026\/02\/Activite-NeuronUP-Recyclez-vos-dechets-Recicla-tu-basura.webm\" playsinline><\/video><figcaption class=\"wp-element-caption\">NeuronUP Activity: Recyclez vos d\u00e9chets.<\/figcaption><\/figure>\n<\/div>\n<\/div>\n\n\n\n<div style=\"height:100px\" aria-hidden=\"true\" class=\"wp-block-spacer\"><\/div>\n\n\n<div class=\"wp-block-image image-interface\">\n<figure class=\"aligncenter size-full is-resized\"><img decoding=\"async\" width=\"1200\" height=\"934\" src=\"https:\/\/neuronup.com\/fr\/wp-content\/uploads\/2026\/03\/ACTIVITES-DE-LA-VIE-QUOTIDIENNE-Domaines-doccupation.webp\" alt=\"ACTIVIT\u00c9S DE LA VIE QUOTIDIENNE - Domaines d\u2019occupation\" class=\"wp-image-47131\" style=\"width:800px\" srcset=\"https:\/\/neuronup.com\/fr\/wp-content\/uploads\/2026\/03\/ACTIVITES-DE-LA-VIE-QUOTIDIENNE-Domaines-doccupation-300x234.webp 300w, https:\/\/neuronup.com\/fr\/wp-content\/uploads\/2026\/03\/ACTIVITES-DE-LA-VIE-QUOTIDIENNE-Domaines-doccupation-768x598.webp 768w, https:\/\/neuronup.com\/fr\/wp-content\/uploads\/2026\/03\/ACTIVITES-DE-LA-VIE-QUOTIDIENNE-Domaines-doccupation-1024x797.webp 1024w, https:\/\/neuronup.com\/fr\/wp-content\/uploads\/2026\/03\/ACTIVITES-DE-LA-VIE-QUOTIDIENNE-Domaines-doccupation.webp 1200w\" sizes=\"(max-width: 1200px) 100vw, 1200px\" \/><\/figure>\n<\/div>\n\n\n<div style=\"height:100px\" aria-hidden=\"true\" class=\"wp-block-spacer\"><\/div>\n\n\n\n<h3 class=\"wp-block-heading\">Actualit\u00e9s et articles sur les activit\u00e9s de la vie quotidienne :<\/h3>\n\n\n<div class=\"mai-grid entries entries-grid has-boxed has-image-left-full\" style=\"--entry-title-font-size:var(--font-size-lg);--aspect-ratio:4\/3;--entry-image-link-max-width:25%;--align-text:start;--align-text-vertical:unset;--entry-meta-text-align:start;\"><div class=\"entries-wrap has-columns has-image-stack\" style=\"--columns-xs:1\/1;--columns-sm:1\/1;--columns-md:1\/1;--columns-lg:1\/1;--flex-xs:0 0 var(--flex-basis);--flex-sm:0 0 var(--flex-basis);--flex-md:0 0 var(--flex-basis);--flex-lg:0 0 var(--flex-basis);--column-gap:var(--spacing-lg);--row-gap:var(--spacing-lg);--align-columns:start;\"><article class=\"entry entry-grid is-column has-entry-link has-image has-image-first type-post category-activites-de-la-vie-quotidienne tag-activites-de-la-vie-quotidienne tag-activites-de-stimulation-cognitive\" style=\"--entry-index:1;\" aria-label=\"Activit\u00e9s de la vie quotidienne (AVQ) : d\u00e9finition, classification et exercices\" itemscope itemtype=\"https:\/\/schema.org\/CreativeWork\"><a class=\"entry-image-link\" href=\"https:\/\/neuronup.com\/fr\/activites-de-neuro-reeducation\/activites-de-la-vie-quotidienne\/activites-de-la-vie-quotidienne-avq-definition-classification-et-exercices\/\" tabindex=\"-1\" aria-hidden=\"true\"><img decoding=\"async\" width=\"400\" height=\"269\" src=\"https:\/\/neuronup.com\/fr\/wp-content\/uploads\/2022\/03\/activida-de-la-vida-diaria-de-NeuronUP-Ordena-la-cocina-1.webp\" class=\"entry-image size-landscape-sm\" alt=\"activit\u00e9 de la vie quotidienne de NeuronUP Organise la cuisine\" srcset=\"https:\/\/neuronup.com\/fr\/wp-content\/uploads\/2022\/03\/activida-de-la-vida-diaria-de-NeuronUP-Ordena-la-cocina-1-300x202.webp 300w, https:\/\/neuronup.com\/fr\/wp-content\/uploads\/2022\/03\/activida-de-la-vida-diaria-de-NeuronUP-Ordena-la-cocina-1-768x516.webp 768w, https:\/\/neuronup.com\/fr\/wp-content\/uploads\/2022\/03\/activida-de-la-vida-diaria-de-NeuronUP-Ordena-la-cocina-1-1024x688.webp 1024w, https:\/\/neuronup.com\/fr\/wp-content\/uploads\/2022\/03\/activida-de-la-vida-diaria-de-NeuronUP-Ordena-la-cocina-1.webp 1200w\" sizes=\"(max-width:599px) 599px, (min-width:600px) and (max-width: 799px) 199.75px, (min-width:800px) and (max-width: 999px) 249.75px, (min-width:1000px) 300px\" \/><\/a><div class=\"entry-wrap entry-wrap-grid\"><h3 class=\"entry-title\" itemprop=\"headline\"><a class=\"entry-title-link\" href=\"https:\/\/neuronup.com\/fr\/activites-de-neuro-reeducation\/activites-de-la-vie-quotidienne\/activites-de-la-vie-quotidienne-avq-definition-classification-et-exercices\/\" rel=\"bookmark\">Activit\u00e9s de la vie quotidienne (AVQ) : d\u00e9finition, classification et exercices<\/a><\/h3>\n<div class=\"entry-excerpt\"><p>Sais-tu quelles sont les activit\u00e9s de la vie quotidienne ? Connais-tu la diff\u00e9rence entre les activit\u00e9s de base et instrumentales ? Sais-tu comment les travailler ? Qu&rsquo;est-ce que les activit\u00e9s de la vie quotidienne (AVQ) ? Les activit\u00e9s de la vie quotidienne (AVQ) comprennent toutes les occupations de la vie courante qui ont une valeur &hellip;<\/p>\n<\/div><div class=\"entry-more\"><a class=\"entry-more-link button button-secondary button-small\" href=\"https:\/\/neuronup.com\/fr\/activites-de-neuro-reeducation\/activites-de-la-vie-quotidienne\/activites-de-la-vie-quotidienne-avq-definition-classification-et-exercices\/\">Lire l&rsquo;article complet<span class=\"screen-reader-text\">Activit\u00e9s de la vie quotidienne (AVQ) : d\u00e9finition, classification et exercices<\/span><\/a><\/div><\/div><\/article><article class=\"entry entry-grid is-column has-entry-link has-image has-image-first type-post category-activites-de-la-vie-quotidienne tag-activites-de-la-vie-quotidienne tag-activites-de-stimulation-cognitive tag-attention tag-fonctions-executives tag-memoire tag-orientation\" style=\"--entry-index:2;\" aria-label=\"Activit\u00e9s instrumentales de la vie quotidienne : qu&#8217;est-ce que c&#8217;est, types et exemples\" itemscope itemtype=\"https:\/\/schema.org\/CreativeWork\"><a class=\"entry-image-link\" href=\"https:\/\/neuronup.com\/fr\/activites-de-neuro-reeducation\/activites-de-la-vie-quotidienne\/activites-instrumentales-de-la-vie-quotidienne-quest-ce-que-cest-types-et-exemples\/\" tabindex=\"-1\" aria-hidden=\"true\"><img decoding=\"async\" width=\"400\" height=\"297\" src=\"https:\/\/neuronup.com\/fr\/wp-content\/uploads\/2022\/06\/Actividades-instrumentales-de-la-vida-diaria.-Actividad-de-NeuronUP-Recicla-tu-basura.webp\" class=\"entry-image size-landscape-sm\" alt=\"Espace de tri des d\u00e9chets avec des conteneurs color\u00e9s pour le verre, les emballages, le papier et les d\u00e9chets organiques, et des sacs autour.\" srcset=\"https:\/\/neuronup.com\/fr\/wp-content\/uploads\/2022\/06\/Actividades-instrumentales-de-la-vida-diaria.-Actividad-de-NeuronUP-Recicla-tu-basura-300x223.webp 300w, https:\/\/neuronup.com\/fr\/wp-content\/uploads\/2022\/06\/Actividades-instrumentales-de-la-vida-diaria.-Actividad-de-NeuronUP-Recicla-tu-basura-768x570.webp 768w, https:\/\/neuronup.com\/fr\/wp-content\/uploads\/2022\/06\/Actividades-instrumentales-de-la-vida-diaria.-Actividad-de-NeuronUP-Recicla-tu-basura.webp 879w\" sizes=\"(max-width:599px) 599px, (min-width:600px) and (max-width: 799px) 199.75px, (min-width:800px) and (max-width: 999px) 249.75px, (min-width:1000px) 300px\" \/><\/a><div class=\"entry-wrap entry-wrap-grid\"><h3 class=\"entry-title\" itemprop=\"headline\"><a class=\"entry-title-link\" href=\"https:\/\/neuronup.com\/fr\/activites-de-neuro-reeducation\/activites-de-la-vie-quotidienne\/activites-instrumentales-de-la-vie-quotidienne-quest-ce-que-cest-types-et-exemples\/\" rel=\"bookmark\">Activit\u00e9s instrumentales de la vie quotidienne : qu&#8217;est-ce que c&#8217;est, types et exemples<\/a><\/h3>\n<div class=\"entry-excerpt\"><p>Les activit\u00e9s de la vie quotidienne sont celles qui augmentent l\u2019ind\u00e9pendance de la personne et son adaptation \u00e0 l\u2019environnement. Il en existe trois types : les activit\u00e9s de base, instrumentales et avanc\u00e9es. Qu&rsquo;est-ce que les activit\u00e9s instrumentales de la vie quotidienne ? Ce sont des activit\u00e9s ax\u00e9es sur l\u2019interaction avec l\u2019environnement qui sont souvent complexes &hellip;<\/p>\n<\/div><div class=\"entry-more\"><a class=\"entry-more-link button button-secondary button-small\" href=\"https:\/\/neuronup.com\/fr\/activites-de-neuro-reeducation\/activites-de-la-vie-quotidienne\/activites-instrumentales-de-la-vie-quotidienne-quest-ce-que-cest-types-et-exemples\/\">Lire l&rsquo;article complet<span class=\"screen-reader-text\">Activit\u00e9s instrumentales de la vie quotidienne : qu&#8217;est-ce que c&#8217;est, types et exemples<\/span><\/a><\/div><\/div><\/article><\/div><\/div>\n\n","protected":false},"excerpt":{"rendered":"<p>Activit\u00e9s de la Vie Quotidienne (AVQs) Aussi appel\u00e9s \u00ab domaines occupations \u00bb, elles englobent toutes les activit\u00e9s de la vie quotidienne qui ont une valeur et une signification concr\u00e8tes pour une personne et, en outre, un but. Types d&rsquo;activit\u00e9s de la vie quotidienne Les occupations sont au c\u0153ur de l\u2019identit\u00e9 et des capacit\u00e9s d\u2019une personne &hellip;<\/p>\n","protected":false},"author":1,"featured_media":0,"parent":32467,"menu_order":2,"comment_status":"closed","ping_status":"closed","template":"","meta":{"_acf_changed":false,"_genesis_hide_title":false,"_genesis_hide_breadcrumbs":false,"_genesis_hide_singular_image":false,"_genesis_hide_footer_widgets":false,"_genesis_custom_body_class":"","_genesis_custom_post_class":"","_genesis_layout":"wide-content","footnotes":""},"class_list":{"1":"page","2":"type-page","5":"entry"},"acf":[],"_links":{"self":[{"href":"https:\/\/neuronup.com\/fr\/wp-json\/wp\/v2\/pages\/32560","targetHints":{"allow":["GET"]}}],"collection":[{"href":"https:\/\/neuronup.com\/fr\/wp-json\/wp\/v2\/pages"}],"about":[{"href":"https:\/\/neuronup.com\/fr\/wp-json\/wp\/v2\/types\/page"}],"author":[{"embeddable":true,"href":"https:\/\/neuronup.com\/fr\/wp-json\/wp\/v2\/users\/1"}],"replies":[{"embeddable":true,"href":"https:\/\/neuronup.com\/fr\/wp-json\/wp\/v2\/comments?post=32560"}],"version-history":[{"count":0,"href":"https:\/\/neuronup.com\/fr\/wp-json\/wp\/v2\/pages\/32560\/revisions"}],"up":[{"embeddable":true,"href":"https:\/\/neuronup.com\/fr\/wp-json\/wp\/v2\/pages\/32467"}],"wp:attachment":[{"href":"https:\/\/neuronup.com\/fr\/wp-json\/wp\/v2\/media?parent=32560"}],"curies":[{"name":"wp","href":"https:\/\/api.w.org\/{rel}","templated":true}]}}