{"id":32543,"date":"2024-10-31T15:28:06","date_gmt":"2024-10-31T13:28:06","guid":{"rendered":"https:\/\/neuronup.com\/fr\/?page_id=32543"},"modified":"2026-03-23T16:26:57","modified_gmt":"2026-03-23T14:26:57","slug":"capacites-visuo-spatiales","status":"publish","type":"page","link":"https:\/\/neuronup.com\/fr\/domaines-dintervention\/fonctions-cognitives\/capacites-visuo-spatiales\/","title":{"rendered":"Capacit\u00e9s visuo-spatiales"},"content":{"rendered":"\n<div class=\"wp-block-columns is-layout-flex wp-container-core-columns-is-layout-9d6595d7 wp-block-columns-is-layout-flex\">\n<div class=\"wp-block-column is-layout-flow wp-block-column-is-layout-flow\" style=\"flex-basis:66.66%\">\n\n\n<p class=\"is-style-subheading\">En ce qui concerne les <strong>capacit\u00e9s visuospatiales<\/strong>, nous manipulons deux concepts importants, \u00e0 savoir :<\/p>\n\n\n\n<ul class=\"wp-block-list\">\n<li><strong>Relation spatiale :<\/strong>&nbsp;capacit\u00e9 \u00e0 repr\u00e9senter et \u00e0 manipuler mentalement des objets en deux dimensions.<\/li>\n\n\n\n<li><strong>Visualisation spatiale&nbsp;:<\/strong> capacit\u00e9 \u00e0 repr\u00e9senter et \u00e0 manipuler mentalement des objets en trois dimensions.<\/li>\n<\/ul>\n\n\n\n<h2 class=\"wp-block-heading\">\u00c0 quoi servent les capacit\u00e9s visuospatiales ?<\/h2>\n\n\n\n<p>Les capacit\u00e9s visuospatiales sont tr\u00e8s utiles dans notre vie quotidienne. Gr\u00e2ce \u00e0 elles, nous contr\u00f4lons la distance qui peut exister entre deux objets, ce qui peut \u00eatre tr\u00e8s utile, par exemple, au moment de se garer pour contr\u00f4ler l\u2019espace dont nous disposons entre notre voiture et les obstacles autour. Nous utilisons \u00e9galement les capacit\u00e9s visuospatiales lorsqu\u2019il s\u2019agit d\u2019imaginer un lieu ou une direction dont on nous parle, ou lorsque nous avons besoin de faire pivoter mentalement des objets pour savoir de quelle mani\u00e8re ils pourraient se positionner avant de le faire.<\/p>\n\n\n\n<h2 class=\"wp-block-heading\">Exercices de NeuronUP pour r\u00e9\u00e9duquer les capacit\u00e9s visuospatiales<\/h2>\n\n\n<div class=\"wp-block-image image-interface\">\n<figure class=\"aligncenter size-full\"><img decoding=\"async\" width=\"1200\" height=\"675\" src=\"https:\/\/neuronup.com\/fr\/wp-content\/uploads\/2026\/03\/Interface-de-la-plateforme-NeuronUP.-Activites-pour-travailler-sur-las-habilites-visuo-spatiales.webp\" alt=\"Interface de la plateforme NeuronUP. Activit\u00e9s pour travailler sur las habilit\u00e9s visuo-spatiales\" class=\"wp-image-47162\" srcset=\"https:\/\/neuronup.com\/fr\/wp-content\/uploads\/2026\/03\/Interface-de-la-plateforme-NeuronUP.-Activites-pour-travailler-sur-las-habilites-visuo-spatiales-300x169.webp 300w, https:\/\/neuronup.com\/fr\/wp-content\/uploads\/2026\/03\/Interface-de-la-plateforme-NeuronUP.-Activites-pour-travailler-sur-las-habilites-visuo-spatiales-768x432.webp 768w, https:\/\/neuronup.com\/fr\/wp-content\/uploads\/2026\/03\/Interface-de-la-plateforme-NeuronUP.-Activites-pour-travailler-sur-las-habilites-visuo-spatiales-1024x576.webp 1024w, https:\/\/neuronup.com\/fr\/wp-content\/uploads\/2026\/03\/Interface-de-la-plateforme-NeuronUP.-Activites-pour-travailler-sur-las-habilites-visuo-spatiales.webp 1200w\" sizes=\"(max-width: 1200px) 100vw, 1200px\" \/><figcaption class=\"wp-element-caption\">Activit\u00e9s de NeuronUP pour les capacit\u00e9s visuospatiales<\/figcaption><\/figure>\n<\/div>\n\n\n<p>Voici deux exemples d\u2019exercices de relations spatiales. Le premier exercice consiste \u00e0 calculer le moment exact o\u00f9 un \u00e9l\u00e9ment (la balle) passe par un point pr\u00e9cis. Dans le deuxi\u00e8me exercice, nous pr\u00e9sentons une activit\u00e9 de visualisation spatiale qui consiste \u00e0 calculer \u00e0 quoi ressemblerait une s\u00e9rie de cubes apr\u00e8s en avoir d\u00e9plac\u00e9 certains.<\/p>\n\n\n\n<div style=\"height:50px\" aria-hidden=\"true\" class=\"wp-block-spacer\"><\/div>\n\n\n\n<figure class=\"wp-block-video aligncenter image-interface\"><video height=\"600\" style=\"aspect-ratio: 1200 \/ 600;\" width=\"1200\" autoplay loop muted src=\"https:\/\/neuronup.com\/fr\/wp-content\/uploads\/2026\/02\/Activite-NeuronUP-Arrete-la-bille-Para-la-bola.webm\" playsinline><\/video><figcaption class=\"wp-element-caption\">Activit\u00e9 de NeuronUP : Arr\u00eate la bille.<\/figcaption><\/figure>\n\n\n\n<figure class=\"wp-block-video aligncenter image-interface\"><video height=\"600\" style=\"aspect-ratio: 1200 \/ 600;\" width=\"1200\" autoplay loop muted src=\"https:\/\/neuronup.com\/fr\/wp-content\/uploads\/2026\/02\/Activite-NeuronUP-Mouvements-de-cubes-Movimiento-de-cubos.webm\" playsinline><\/video><figcaption class=\"wp-element-caption\">Activit\u00e9 de NeuronUP : Mouvements de cubes.<\/figcaption><\/figure>\n\n\n\n<div style=\"height:100px\" aria-hidden=\"true\" class=\"wp-block-spacer\"><\/div>\n<\/div>\n\n\n\n<div class=\"wp-block-column is-layout-flow wp-block-column-is-layout-flow\" style=\"flex-basis:33.33%\">\n<div class=\"wp-block-buttons sticky is-layout-flex wp-block-buttons-is-layout-flex\">\n<div class=\"wp-block-button\"><a class=\"wp-block-button__link button wp-element-button\" href=\"https:\/\/neuronup.com\/fr\/domaines-dintervention\/fonctions-cognitives\/lorientation\/\">L&rsquo;Orientation<\/a><\/div>\n\n\n\n<div class=\"wp-block-button\"><a class=\"wp-block-button__link button wp-element-button\" href=\"https:\/\/neuronup.com\/fr\/domaines-dintervention\/fonctions-cognitives\/gnosies\/\">Gnosies<\/a><\/div>\n\n\n\n<div class=\"wp-block-button\"><a class=\"wp-block-button__link button wp-element-button\" href=\"https:\/\/neuronup.com\/fr\/domaines-dintervention\/fonctions-cognitives\/lattention\/\">L&rsquo;Attention<\/a><\/div>\n\n\n\n<div class=\"wp-block-button\"><a class=\"wp-block-button__link button wp-element-button\" href=\"https:\/\/neuronup.com\/fr\/domaines-dintervention\/fonctions-cognitives\/fonctions-executives\/\">Fonctions ex\u00e9cutives<\/a><\/div>\n\n\n\n<div class=\"wp-block-button\"><a class=\"wp-block-button__link button wp-element-button\" href=\"https:\/\/neuronup.com\/fr\/domaines-dintervention\/fonctions-cognitives\/praxies\/\">Praxies<\/a><\/div>\n\n\n\n<div class=\"wp-block-button\"><a class=\"wp-block-button__link button wp-element-button\" href=\"https:\/\/neuronup.com\/fr\/domaines-dintervention\/fonctions-cognitives\/memoire\/\">M\u00e9moire<\/a><\/div>\n\n\n\n<div class=\"wp-block-button\"><a class=\"wp-block-button__link button wp-element-button\" href=\"https:\/\/neuronup.com\/fr\/domaines-dintervention\/fonctions-cognitives\/le-langage\/\">Le langage<\/a><\/div>\n\n\n\n<div class=\"wp-block-button\"><a class=\"wp-block-button__link button wp-element-button\" href=\"https:\/\/neuronup.com\/fr\/domaines-dintervention\/fonctions-cognitives\/cognition-sociale\/\">Cognition sociale<\/a><\/div>\n\n\n\n<div class=\"wp-block-button\"><a class=\"wp-block-button__link button wp-element-button\" href=\"https:\/\/neuronup.com\/fr\/domaines-dintervention\/fonctions-cognitives\/capacites-visuo-spatiales\/\">Capacit\u00e9s visuo-spatiales<\/a><\/div>\n<\/div>\n<\/div>\n<\/div>\n\n\n\n<h3 class=\"wp-block-heading\">Consultez nos articles sur les capacit\u00e9s visuospatiales :<\/h3>\n\n\n<div class=\"mai-grid entries entries-grid has-boxed has-image-full\" style=\"--entry-title-font-size:var(--font-size-lg);--align-text:start;--entry-meta-text-align:start;\"><div class=\"entries-wrap has-columns\" style=\"--columns-xs:1\/1;--columns-sm:1\/1;--columns-md:1\/3;--columns-lg:1\/3;--flex-xs:0 0 var(--flex-basis);--flex-sm:0 0 var(--flex-basis);--flex-md:0 0 var(--flex-basis);--flex-lg:0 0 var(--flex-basis);--column-gap:var(--spacing-lg);--row-gap:var(--spacing-lg);--align-columns:start;\"><article class=\"entry entry-grid is-column has-entry-link has-image has-image-first type-post category-activites-sur-les-capacites-visuo-spatiales tag-activites-de-stimulation-cognitive tag-competences-visuo-spatiales\" style=\"--entry-index:1;\" aria-label=\"8 activit\u00e9s pour r\u00e9habiliter les comp\u00e9tences visuo-spatiales\" itemscope itemtype=\"https:\/\/schema.org\/CreativeWork\"><a class=\"entry-image-link\" href=\"https:\/\/neuronup.com\/fr\/activites-de-neuro-reeducation\/activites-pour-les-fonctions-cognitives\/activites-sur-les-capacites-visuo-spatiales\/8-activites-pour-rehabiliter-les-competences-visuo-spatiales\/\" tabindex=\"-1\" aria-hidden=\"true\"><img decoding=\"async\" width=\"400\" height=\"278\" src=\"https:\/\/neuronup.com\/fr\/wp-content\/uploads\/2022\/03\/Actividad-para-rehabilitar-las-habilidades-visoespaciales-Parada-en-boxes-1.webp\" class=\"entry-image size-landscape-sm\" alt=\"Activit\u00e9 pour r\u00e9habiliter les comp\u00e9tences visuo-spatiales Arr\u00eat dans des boxes\" srcset=\"https:\/\/neuronup.com\/fr\/wp-content\/uploads\/2022\/03\/Actividad-para-rehabilitar-las-habilidades-visoespaciales-Parada-en-boxes-1-300x209.webp 300w, https:\/\/neuronup.com\/fr\/wp-content\/uploads\/2022\/03\/Actividad-para-rehabilitar-las-habilidades-visoespaciales-Parada-en-boxes-1-768x534.webp 768w, https:\/\/neuronup.com\/fr\/wp-content\/uploads\/2022\/03\/Actividad-para-rehabilitar-las-habilidades-visoespaciales-Parada-en-boxes-1-1024x713.webp 1024w, https:\/\/neuronup.com\/fr\/wp-content\/uploads\/2022\/03\/Actividad-para-rehabilitar-las-habilidades-visoespaciales-Parada-en-boxes-1.webp 1200w\" sizes=\"(max-width:599px) 599px, (min-width:600px) and (max-width: 799px) 799px, (min-width:800px) and (max-width: 999px) 333px, (min-width:1000px) 400px\" \/><\/a><div class=\"entry-wrap entry-wrap-grid\"><h3 class=\"entry-title\" itemprop=\"headline\"><a class=\"entry-title-link\" href=\"https:\/\/neuronup.com\/fr\/activites-de-neuro-reeducation\/activites-pour-les-fonctions-cognitives\/activites-sur-les-capacites-visuo-spatiales\/8-activites-pour-rehabiliter-les-competences-visuo-spatiales\/\" rel=\"bookmark\">8 activit\u00e9s pour r\u00e9habiliter les comp\u00e9tences visuo-spatiales<\/a><\/h3>\n<\/div><\/article><article class=\"entry entry-grid is-column has-entry-link has-image has-image-first type-post category-activites-de-neuro-reeducation category-activites-sur-les-capacites-visuo-spatiales category-actualites-de-la-stimulation-cognitive tag-activites-de-stimulation-cognitive tag-activites-de-stimulation-cognitive-pour-enfants tag-actualites-de-neuronup tag-enfants tag-visualizacion-espacial\" style=\"--entry-index:2;\" aria-label=\"Jeu de visualisation spatiale pour enfants : Cordes emm\u00eal\u00e9es\" itemscope itemtype=\"https:\/\/schema.org\/CreativeWork\"><a class=\"entry-image-link\" href=\"https:\/\/neuronup.com\/fr\/activites-de-neuro-reeducation\/jeu-de-visualisation-spatiale-pour-enfants-cordes-emmelees\/\" tabindex=\"-1\" aria-hidden=\"true\"><img decoding=\"async\" width=\"400\" height=\"226\" src=\"https:\/\/neuronup.com\/fr\/wp-content\/uploads\/2025\/05\/cuerdas-enredadas.webp\" class=\"entry-image size-landscape-sm\" alt=\"Capture d&#039;\u00e9cran d&#039;une activit\u00e9 interactive: n\u0153uds reli\u00e9s par des lignes vertes et rouges, signes +, indicateur 0\/5 et bouton Finalizar.\" srcset=\"https:\/\/neuronup.com\/fr\/wp-content\/uploads\/2025\/05\/cuerdas-enredadas-300x170.webp 300w, https:\/\/neuronup.com\/fr\/wp-content\/uploads\/2025\/05\/cuerdas-enredadas-768x434.webp 768w, https:\/\/neuronup.com\/fr\/wp-content\/uploads\/2025\/05\/cuerdas-enredadas-1024x579.webp 1024w, https:\/\/neuronup.com\/fr\/wp-content\/uploads\/2025\/05\/cuerdas-enredadas.webp 1194w\" sizes=\"(max-width:599px) 599px, (min-width:600px) and (max-width: 799px) 799px, (min-width:800px) and (max-width: 999px) 333px, (min-width:1000px) 400px\" \/><\/a><div class=\"entry-wrap entry-wrap-grid\"><h3 class=\"entry-title\" itemprop=\"headline\"><a class=\"entry-title-link\" href=\"https:\/\/neuronup.com\/fr\/activites-de-neuro-reeducation\/jeu-de-visualisation-spatiale-pour-enfants-cordes-emmelees\/\" rel=\"bookmark\">Jeu de visualisation spatiale pour enfants : Cordes emm\u00eal\u00e9es<\/a><\/h3>\n<\/div><\/article><article class=\"entry entry-grid is-column has-entry-link has-image has-image-first type-post category-activites-sur-les-capacites-visuo-spatiales tag-activites-de-stimulation-cognitive tag-actualites-de-neuronup tag-adultes tag-competences-visuospatiales\" style=\"--entry-index:3;\" aria-label=\"Fiche pour travailler la visualisation spatiale chez les adultes: Reconstruction mentale de cubes\" itemscope itemtype=\"https:\/\/schema.org\/CreativeWork\"><a class=\"entry-image-link\" href=\"https:\/\/neuronup.com\/fr\/activites-de-neuro-reeducation\/activites-pour-les-fonctions-cognitives\/activites-sur-les-capacites-visuo-spatiales\/fiche-pour-travailler-la-visualisation-spatiale-chez-les-adultes-reconstruction-mentale-de-cubes\/\" tabindex=\"-1\" aria-hidden=\"true\"><img decoding=\"async\" width=\"400\" height=\"300\" src=\"https:\/\/neuronup.com\/fr\/wp-content\/uploads\/2024\/11\/Activite-blog-cubes-2-400x300.webp\" class=\"entry-image size-landscape-sm\" alt=\"Patron en croix de carr\u00e9s turquoise et blancs; \u00e0 droite, trois options de cubes A, B et C illustrant des pliages.\" srcset=\"https:\/\/neuronup.com\/fr\/wp-content\/uploads\/2024\/11\/Activite-blog-cubes-2-400x300.webp 400w, https:\/\/neuronup.com\/fr\/wp-content\/uploads\/2024\/11\/Activite-blog-cubes-2-800x600.webp 800w, https:\/\/neuronup.com\/fr\/wp-content\/uploads\/2024\/11\/Activite-blog-cubes-2-1200x900.webp 1200w\" sizes=\"(max-width:599px) 599px, (min-width:600px) and (max-width: 799px) 799px, (min-width:800px) and (max-width: 999px) 333px, (min-width:1000px) 400px\" \/><\/a><div class=\"entry-wrap entry-wrap-grid\"><h3 class=\"entry-title\" itemprop=\"headline\"><a class=\"entry-title-link\" href=\"https:\/\/neuronup.com\/fr\/activites-de-neuro-reeducation\/activites-pour-les-fonctions-cognitives\/activites-sur-les-capacites-visuo-spatiales\/fiche-pour-travailler-la-visualisation-spatiale-chez-les-adultes-reconstruction-mentale-de-cubes\/\" rel=\"bookmark\">Fiche pour travailler la visualisation spatiale chez les adultes: Reconstruction mentale de cubes<\/a><\/h3>\n<\/div><\/article><\/div><\/div>","protected":false},"excerpt":{"rendered":"<p>En ce qui concerne les capacit\u00e9s visuospatiales, nous manipulons deux concepts importants, \u00e0 savoir : \u00c0 quoi servent les capacit\u00e9s visuospatiales ? Les capacit\u00e9s visuospatiales sont tr\u00e8s utiles dans notre vie quotidienne. Gr\u00e2ce \u00e0 elles, nous contr\u00f4lons la distance qui peut exister entre deux objets, ce qui peut \u00eatre tr\u00e8s utile, par exemple, au moment &hellip;<\/p>\n","protected":false},"author":1,"featured_media":32544,"parent":32474,"menu_order":8,"comment_status":"closed","ping_status":"closed","template":"","meta":{"_acf_changed":false,"_genesis_hide_title":false,"_genesis_hide_breadcrumbs":false,"_genesis_hide_singular_image":false,"_genesis_hide_footer_widgets":false,"_genesis_custom_body_class":"","_genesis_custom_post_class":"","_genesis_layout":"wide-content","footnotes":""},"class_list":{"1":"page","2":"type-page","6":"entry"},"acf":[],"_links":{"self":[{"href":"https:\/\/neuronup.com\/fr\/wp-json\/wp\/v2\/pages\/32543","targetHints":{"allow":["GET"]}}],"collection":[{"href":"https:\/\/neuronup.com\/fr\/wp-json\/wp\/v2\/pages"}],"about":[{"href":"https:\/\/neuronup.com\/fr\/wp-json\/wp\/v2\/types\/page"}],"author":[{"embeddable":true,"href":"https:\/\/neuronup.com\/fr\/wp-json\/wp\/v2\/users\/1"}],"replies":[{"embeddable":true,"href":"https:\/\/neuronup.com\/fr\/wp-json\/wp\/v2\/comments?post=32543"}],"version-history":[{"count":0,"href":"https:\/\/neuronup.com\/fr\/wp-json\/wp\/v2\/pages\/32543\/revisions"}],"up":[{"embeddable":true,"href":"https:\/\/neuronup.com\/fr\/wp-json\/wp\/v2\/pages\/32474"}],"wp:featuredmedia":[{"embeddable":true,"href":"https:\/\/neuronup.com\/fr\/wp-json\/wp\/v2\/media\/32544"}],"wp:attachment":[{"href":"https:\/\/neuronup.com\/fr\/wp-json\/wp\/v2\/media?parent=32543"}],"curies":[{"name":"wp","href":"https:\/\/api.w.org\/{rel}","templated":true}]}}