{"id":32528,"date":"2024-10-31T15:00:53","date_gmt":"2024-10-31T13:00:53","guid":{"rendered":"https:\/\/neuronup.com\/fr\/?page_id=32528"},"modified":"2026-03-23T12:57:52","modified_gmt":"2026-03-23T10:57:52","slug":"le-langage","status":"publish","type":"page","link":"https:\/\/neuronup.com\/fr\/domaines-dintervention\/fonctions-cognitives\/le-langage\/","title":{"rendered":"Le langage"},"content":{"rendered":"\n<div class=\"wp-block-columns is-layout-flex wp-container-core-columns-is-layout-9d6595d7 wp-block-columns-is-layout-flex\">\n<div class=\"wp-block-column is-layout-flow wp-block-column-is-layout-flow\" style=\"flex-basis:66.66%\">\n<blockquote class=\"wp-block-quote is-layout-flow wp-block-quote-is-layout-flow\">\n<p>La production du langage consiste en la mat\u00e9rialisation de signes (sonores ou \u00e9crits) qui symbolisent des objets, des id\u00e9es, etc., en accord avec une convention d\u2019une communaut\u00e9 linguistique<\/p>\n<cite>Lecours y cols., (1979)<\/cite><\/blockquote>\n\n\n\n<p>Au sein m\u00eame du langage, nous rencontrons divers processus qui peuvent se voir affect\u00e9s :<\/p>\n\n\n\n<p><strong>\u2022 L\u2019Expression&nbsp;:&nbsp;<\/strong>capacit\u00e9 \u00e0 formuler des id\u00e9es avec un sens et de mani\u00e8re grammaticalement correcte.<\/p>\n\n\n\n<p><strong>\u2022 La Compr\u00e9hension :&nbsp;<\/strong>capacit\u00e9 \u00e0 comprendre la signification des mots ou des id\u00e9es.<\/p>\n\n\n\n<p><strong>\u2022 Le Vocabulaire :&nbsp;<\/strong>connaissance du lexique.<\/p>\n\n\n\n<p><strong>\u2022 La D\u00e9nomination :&nbsp;<\/strong>capacit\u00e9 de nommer des objets, des personnes ou des faits.<\/p>\n\n\n\n<p><strong>\u2022 La Fluidit\u00e9 :&nbsp;<\/strong>capacit\u00e9 de produire de mani\u00e8re rapide et efficace des contenus linguistiques.<\/p>\n\n\n\n<p><strong>\u2022 La Discrimination :&nbsp;<\/strong>capacit\u00e9 \u00e0 reconna\u00eetre, diff\u00e9rencier et interpr\u00e9ter des contenus li\u00e9s au langage.<\/p>\n\n\n\n<p><strong>\u2022 La R\u00e9p\u00e9tition :&nbsp;<\/strong>capacit\u00e9 \u00e0 produire les m\u00eames sons que nous \u00e9coutons.<\/p>\n\n\n\n<p><strong>\u2022 L\u2019\u00c9criture :&nbsp;<\/strong>capacit\u00e9 \u00e0 transformer des id\u00e9es en symboles, caract\u00e8res et images.<\/p>\n\n\n\n<p><strong>\u2022 La Lecture :&nbsp;<\/strong>capacit\u00e9 \u00e0 interpr\u00e9ter des symboles, caract\u00e8res et images et les transformer en paroles.<\/p>\n\n\n\n<p>Un alt\u00e9ration totale ou partielle du langage se nomme g\u00e9n\u00e9ralement aphasie, mais ils existent une multitude de types selon les aspects concrets qui sont d\u00e9ficients. Ainsi certains des troubles du langage li\u00e9s \u00e0 l\u2019expression sont le mutisme, la anomie et l\u2019agrammatisme.<\/p>\n\n\n\n<p>En revanche, si la compr\u00e9hension est affect\u00e9e, nous parlons de troubles comme la surdit\u00e9 verbale ou, si la personne pr\u00e9sente des probl\u00e8mes d\u2019\u00e9criture, d\u2019agraphie. Ce ne sont l\u00e0 que quelques exemples parmi la grande vari\u00e9t\u00e9 des troubles du langage car, comme nous l\u2019avons dit , le langage est une fonction tr\u00e8s complexe.<\/p>\n\n\n\n<h3 class=\"wp-block-heading\">\u00c0 quoi sert le langage ?<\/h3>\n\n\n\n<p>Les \u00eatres humains sont de par nature sociaux et le langage nous sert \u00e0 communiquer sous quelques formes que ce soient (orale ou \u00e9crite).<\/p>\n\n\n\n<p>Par cons\u00e9quent, et comme nous vivons actuellement dans une soci\u00e9t\u00e9 de l\u2019information, les probl\u00e8me dans ce domaine se traduisent \u00e0 limiter la vie quotidienne d\u2019une personne \u00e0 diff\u00e9rents niveaux. Pouvez-vous imaginer ne pas pouvoir dire ce que vous pensez ? Il vous est s\u00fbrement d\u00e9j\u00e0 arriv\u00e9 de ne plus vous souvenir le mot exact que vous vouliez dire ; cela repr\u00e9sente uniquement la pointe de l\u2019iceberg. En plus de communiquer ce que nous souhaitons ou n\u00e9cessitons, il est \u00e9galement essentiel de comprendre ce que les autres nous disent. Imaginez-vous dans un pays o\u00f9 l\u2019on parle une langue inconnue et que vous ne comprenez rien. Ou que vous ne soyez pas capable de lire un panneau car vous m\u00e9langez les lettres, ou \u00e9crire une liste de course. Comme vous pouvez le constater, le langage est fondamental dans notre vie quotidienne.<\/p>\n\n\n\n<h3 class=\"wp-block-heading\">Quelques exemples d\u2019exercices de NeuronUP pour r\u00e9\u00e9duquer le langage<\/h3>\n\n\n\n<p>Chez NeuronUP, nous disposons de nombreuses activit\u00e9s pour r\u00e9\u00e9duquer le langage, comme par exemple le jeu du pendu, un jeu divertissant pour travailler le vocabulaire en devinant des mots cach\u00e9s en choisissant une \u00e0 une les lettres qui le composent.<\/p>\n\n\n\n<p>Nous disposons \u00e9galement d\u2019un exercice id\u00e9al pour travailler la d\u00e9nomination, qui consiste \u00e0 nommer des objets \u00e0 l\u2019aide d\u2019indices phonologiques.<\/p>\n\n\n\n<p>Enfin, en ce qui concerne la compr\u00e9hension, l\u2019activit\u00e9 que nous vous proposons de voir en suivant consiste \u00e0 dire si une s\u00e9rie de phrases sont correctes ou incorrectes en fonction de la situation repr\u00e9sent\u00e9e sur une image. Comme tous les patients n\u2019ont pas la m\u00eame d\u00e9ficience, cette activit\u00e9, par exemple, comporte deux m\u00e9thodes ; une o\u00f9 les phrases sont pr\u00e9sent\u00e9es verbalement, et l\u2019autre o\u00f9 elles apparaissent par \u00e9crit.<\/p>\n\n\n\n<div style=\"height:25px\" aria-hidden=\"true\" class=\"wp-block-spacer\"><\/div>\n\n\n<div class=\"wp-block-image image-interface\">\n<figure class=\"aligncenter size-full\"><img decoding=\"async\" width=\"800\" height=\"477\" src=\"https:\/\/neuronup.com\/fr\/wp-content\/uploads\/2024\/10\/lenguage-game.webp\" alt=\"Sc\u00e8ne en trois: ruines avec grille de lettres \u00e0 gauche, \u0153uf au plat au centre, salle de bain moderne \u00e0 droite; clavier en bas, saisie utile pour NeuronUP.\" class=\"wp-image-32532\" srcset=\"https:\/\/neuronup.com\/fr\/wp-content\/uploads\/2024\/10\/lenguage-game-300x179.webp 300w, https:\/\/neuronup.com\/fr\/wp-content\/uploads\/2024\/10\/lenguage-game-768x458.webp 768w, https:\/\/neuronup.com\/fr\/wp-content\/uploads\/2024\/10\/lenguage-game.webp 800w\" sizes=\"(max-width: 800px) 100vw, 800px\" \/><\/figure>\n<\/div>\n\n\n<div style=\"height:100px\" aria-hidden=\"true\" class=\"wp-block-spacer\"><\/div>\n\n\n<\/div>\n\n\n\n<div class=\"wp-block-column is-layout-flow wp-block-column-is-layout-flow\" style=\"flex-basis:33.33%\">\n<div class=\"wp-block-buttons sticky is-layout-flex wp-block-buttons-is-layout-flex\">\n<div class=\"wp-block-button\"><a class=\"wp-block-button__link button wp-element-button\" href=\"https:\/\/neuronup.com\/fr\/domaines-dintervention\/fonctions-cognitives\/lorientation\/\">L&rsquo;Orientation<\/a><\/div>\n\n\n\n<div class=\"wp-block-button\"><a class=\"wp-block-button__link button wp-element-button\" href=\"https:\/\/neuronup.com\/fr\/domaines-dintervention\/fonctions-cognitives\/gnosies\/\">Gnosies<\/a><\/div>\n\n\n\n<div class=\"wp-block-button\"><a class=\"wp-block-button__link button wp-element-button\" href=\"https:\/\/neuronup.com\/fr\/domaines-dintervention\/fonctions-cognitives\/lattention\/\">L&rsquo;Attention<\/a><\/div>\n\n\n\n<div class=\"wp-block-button\"><a class=\"wp-block-button__link button wp-element-button\" href=\"https:\/\/neuronup.com\/fr\/domaines-dintervention\/fonctions-cognitives\/fonctions-executives\/\">Fonctions ex\u00e9cutives<\/a><\/div>\n\n\n\n<div class=\"wp-block-button\"><a class=\"wp-block-button__link button wp-element-button\" href=\"https:\/\/neuronup.com\/fr\/domaines-dintervention\/fonctions-cognitives\/praxies\/\">Praxies<\/a><\/div>\n\n\n\n<div class=\"wp-block-button\"><a class=\"wp-block-button__link button wp-element-button\" href=\"https:\/\/neuronup.com\/fr\/domaines-dintervention\/fonctions-cognitives\/memoire\/\">M\u00e9moire<\/a><\/div>\n\n\n\n<div class=\"wp-block-button\"><a class=\"wp-block-button__link button wp-element-button\" href=\"https:\/\/neuronup.com\/fr\/domaines-dintervention\/fonctions-cognitives\/le-langage\/\">Le langage<\/a><\/div>\n\n\n\n<div class=\"wp-block-button\"><a class=\"wp-block-button__link button wp-element-button\" href=\"https:\/\/neuronup.com\/fr\/domaines-dintervention\/fonctions-cognitives\/cognition-sociale\/\">Cognition sociale<\/a><\/div>\n\n\n\n<div class=\"wp-block-button\"><a class=\"wp-block-button__link button wp-element-button\" href=\"https:\/\/neuronup.com\/fr\/domaines-dintervention\/fonctions-cognitives\/capacites-visuo-spatiales\/\">Capacit\u00e9s visuo-spatiales<\/a><\/div>\n<\/div>\n<\/div>\n<\/div>\n\n\n\n<h2 class=\"wp-block-heading\">Lisez nos articles sur le langage :<\/h2>\n\n\n<div class=\"mai-grid entries entries-grid has-boxed has-image-full\" style=\"--entry-title-font-size:var(--font-size-lg);--align-text:start;--entry-meta-text-align:start;\"><div class=\"entries-wrap has-columns\" style=\"--columns-xs:1\/1;--columns-sm:1\/1;--columns-md:1\/3;--columns-lg:1\/3;--flex-xs:0 0 var(--flex-basis);--flex-sm:0 0 var(--flex-basis);--flex-md:0 0 var(--flex-basis);--flex-lg:0 0 var(--flex-basis);--column-gap:var(--spacing-lg);--row-gap:var(--spacing-lg);--align-columns:start;\"><article class=\"entry entry-grid is-column has-entry-link has-image has-image-first type-post category-activites-du-langage tag-activites-de-stimulation-cognitive tag-activites-de-stimulation-cognitive-pour-enfants tag-actualites-de-neuronup tag-enfants tag-langage\" style=\"--entry-index:1;\" aria-label=\"Fiche pour travailler la discrimination auditive chez les enfants : Quel num\u00e9ro entends-tu ?\" itemscope itemtype=\"https:\/\/schema.org\/CreativeWork\"><a class=\"entry-image-link\" href=\"https:\/\/neuronup.com\/fr\/activites-de-neuro-reeducation\/activites-pour-les-fonctions-cognitives\/activites-du-langage\/fiche-pour-travailler-la-discrimination-auditive-chez-les-enfants-quel-nombre-entends-tu\/\" tabindex=\"-1\" aria-hidden=\"true\"><img decoding=\"async\" width=\"400\" height=\"270\" src=\"https:\/\/neuronup.com\/fr\/wp-content\/uploads\/2023\/05\/Captura-de-pantalla-2023-05-30-a-las-20.45.54.webp\" class=\"entry-image size-landscape-sm\" alt=\"Fond bleu clair avec silhouette et quatre options A-D (22, 39, 75, 92); texte Escuchar otra vez en la partie sup\u00e9rieure.\" srcset=\"https:\/\/neuronup.com\/fr\/wp-content\/uploads\/2023\/05\/Captura-de-pantalla-2023-05-30-a-las-20.45.54-300x203.webp 300w, https:\/\/neuronup.com\/fr\/wp-content\/uploads\/2023\/05\/Captura-de-pantalla-2023-05-30-a-las-20.45.54-768x519.webp 768w, https:\/\/neuronup.com\/fr\/wp-content\/uploads\/2023\/05\/Captura-de-pantalla-2023-05-30-a-las-20.45.54-1024x692.webp 1024w, https:\/\/neuronup.com\/fr\/wp-content\/uploads\/2023\/05\/Captura-de-pantalla-2023-05-30-a-las-20.45.54.webp 1300w\" sizes=\"(max-width:599px) 599px, (min-width:600px) and (max-width: 799px) 799px, (min-width:800px) and (max-width: 999px) 333px, (min-width:1000px) 400px\" \/><\/a><div class=\"entry-wrap entry-wrap-grid\"><h3 class=\"entry-title\" itemprop=\"headline\"><a class=\"entry-title-link\" href=\"https:\/\/neuronup.com\/fr\/activites-de-neuro-reeducation\/activites-pour-les-fonctions-cognitives\/activites-du-langage\/fiche-pour-travailler-la-discrimination-auditive-chez-les-enfants-quel-nombre-entends-tu\/\" rel=\"bookmark\">Fiche pour travailler la discrimination auditive chez les enfants : Quel num\u00e9ro entends-tu ?<\/a><\/h3>\n<\/div><\/article><article class=\"entry entry-grid is-column has-entry-link has-image has-image-first type-post category-activites-du-langage tag-activites-de-stimulation-cognitive tag-activites-de-stimulation-cognitive-pour-enfants tag-actualites-de-neuronup tag-enfants tag-langage\" style=\"--entry-index:2;\" aria-label=\"Nouvel exercice de discrimination auditive pour enfants\" itemscope itemtype=\"https:\/\/schema.org\/CreativeWork\"><a class=\"entry-image-link\" href=\"https:\/\/neuronup.com\/fr\/activites-de-neuro-reeducation\/activites-pour-les-fonctions-cognitives\/activites-du-langage\/nouvel-exercice-de-discrimination-auditive-pour-enfants\/\" tabindex=\"-1\" aria-hidden=\"true\"><img decoding=\"async\" width=\"400\" height=\"257\" src=\"https:\/\/neuronup.com\/fr\/wp-content\/uploads\/2022\/02\/Ejercicio-de-discriminacion-auditiva-para-ninos-1-1-1.webp\" class=\"entry-image size-landscape-sm\" alt=\"Exercice-de-discrimination-auditive-pour-enfants-1 (1)\" srcset=\"https:\/\/neuronup.com\/fr\/wp-content\/uploads\/2022\/02\/Ejercicio-de-discriminacion-auditiva-para-ninos-1-1-1-300x193.webp 300w, https:\/\/neuronup.com\/fr\/wp-content\/uploads\/2022\/02\/Ejercicio-de-discriminacion-auditiva-para-ninos-1-1-1-768x494.webp 768w, https:\/\/neuronup.com\/fr\/wp-content\/uploads\/2022\/02\/Ejercicio-de-discriminacion-auditiva-para-ninos-1-1-1-1024x659.webp 1024w, https:\/\/neuronup.com\/fr\/wp-content\/uploads\/2022\/02\/Ejercicio-de-discriminacion-auditiva-para-ninos-1-1-1.webp 1200w\" sizes=\"(max-width:599px) 599px, (min-width:600px) and (max-width: 799px) 799px, (min-width:800px) and (max-width: 999px) 333px, (min-width:1000px) 400px\" \/><\/a><div class=\"entry-wrap entry-wrap-grid\"><h3 class=\"entry-title\" itemprop=\"headline\"><a class=\"entry-title-link\" href=\"https:\/\/neuronup.com\/fr\/activites-de-neuro-reeducation\/activites-pour-les-fonctions-cognitives\/activites-du-langage\/nouvel-exercice-de-discrimination-auditive-pour-enfants\/\" rel=\"bookmark\">Nouvel exercice de discrimination auditive pour enfants<\/a><\/h3>\n<\/div><\/article><article class=\"entry entry-grid is-column has-entry-link has-image has-image-first type-post category-activites-du-langage tag-activites-de-stimulation-cognitive tag-langage\" style=\"--entry-index:3;\" aria-label=\"10 exercices pour stimuler le langage\" itemscope itemtype=\"https:\/\/schema.org\/CreativeWork\"><a class=\"entry-image-link\" href=\"https:\/\/neuronup.com\/fr\/activites-de-neuro-reeducation\/activites-pour-les-fonctions-cognitives\/activites-du-langage\/10-exercices-pour-stimuler-le-langage\/\" tabindex=\"-1\" aria-hidden=\"true\"><img decoding=\"async\" width=\"400\" height=\"253\" src=\"https:\/\/neuronup.com\/fr\/wp-content\/uploads\/2022\/01\/a-1-1.webp\" class=\"entry-image size-landscape-sm\" alt=\"exercices pour stimuler le langage\" srcset=\"https:\/\/neuronup.com\/fr\/wp-content\/uploads\/2022\/01\/a-1-1-300x190.webp 300w, https:\/\/neuronup.com\/fr\/wp-content\/uploads\/2022\/01\/a-1-1-768x486.webp 768w, https:\/\/neuronup.com\/fr\/wp-content\/uploads\/2022\/01\/a-1-1-1024x648.webp 1024w, https:\/\/neuronup.com\/fr\/wp-content\/uploads\/2022\/01\/a-1-1.webp 1200w\" sizes=\"(max-width:599px) 599px, (min-width:600px) and (max-width: 799px) 799px, (min-width:800px) and (max-width: 999px) 333px, (min-width:1000px) 400px\" \/><\/a><div class=\"entry-wrap entry-wrap-grid\"><h3 class=\"entry-title\" itemprop=\"headline\"><a class=\"entry-title-link\" href=\"https:\/\/neuronup.com\/fr\/activites-de-neuro-reeducation\/activites-pour-les-fonctions-cognitives\/activites-du-langage\/10-exercices-pour-stimuler-le-langage\/\" rel=\"bookmark\">10 exercices pour stimuler le langage<\/a><\/h3>\n<\/div><\/article><\/div><\/div>","protected":false},"excerpt":{"rendered":"<p>La production du langage consiste en la mat\u00e9rialisation de signes (sonores ou \u00e9crits) qui symbolisent des objets, des id\u00e9es, etc., en accord avec une convention d\u2019une communaut\u00e9 linguistique Au sein m\u00eame du langage, nous rencontrons divers processus qui peuvent se voir affect\u00e9s : \u2022 L\u2019Expression&nbsp;:&nbsp;capacit\u00e9 \u00e0 formuler des id\u00e9es avec un sens et de mani\u00e8re &hellip;<\/p>\n","protected":false},"author":1,"featured_media":32540,"parent":32474,"menu_order":6,"comment_status":"closed","ping_status":"closed","template":"","meta":{"_acf_changed":false,"_genesis_hide_title":false,"_genesis_hide_breadcrumbs":false,"_genesis_hide_singular_image":false,"_genesis_hide_footer_widgets":false,"_genesis_custom_body_class":"","_genesis_custom_post_class":"","_genesis_layout":"wide-content","footnotes":""},"class_list":{"1":"page","2":"type-page","6":"entry"},"acf":[],"_links":{"self":[{"href":"https:\/\/neuronup.com\/fr\/wp-json\/wp\/v2\/pages\/32528","targetHints":{"allow":["GET"]}}],"collection":[{"href":"https:\/\/neuronup.com\/fr\/wp-json\/wp\/v2\/pages"}],"about":[{"href":"https:\/\/neuronup.com\/fr\/wp-json\/wp\/v2\/types\/page"}],"author":[{"embeddable":true,"href":"https:\/\/neuronup.com\/fr\/wp-json\/wp\/v2\/users\/1"}],"replies":[{"embeddable":true,"href":"https:\/\/neuronup.com\/fr\/wp-json\/wp\/v2\/comments?post=32528"}],"version-history":[{"count":0,"href":"https:\/\/neuronup.com\/fr\/wp-json\/wp\/v2\/pages\/32528\/revisions"}],"up":[{"embeddable":true,"href":"https:\/\/neuronup.com\/fr\/wp-json\/wp\/v2\/pages\/32474"}],"wp:featuredmedia":[{"embeddable":true,"href":"https:\/\/neuronup.com\/fr\/wp-json\/wp\/v2\/media\/32540"}],"wp:attachment":[{"href":"https:\/\/neuronup.com\/fr\/wp-json\/wp\/v2\/media?parent=32528"}],"curies":[{"name":"wp","href":"https:\/\/api.w.org\/{rel}","templated":true}]}}