{"id":32520,"date":"2024-10-31T14:41:13","date_gmt":"2024-10-31T12:41:13","guid":{"rendered":"https:\/\/neuronup.com\/fr\/?page_id=32520"},"modified":"2026-03-23T16:43:18","modified_gmt":"2026-03-23T14:43:18","slug":"praxies","status":"publish","type":"page","link":"https:\/\/neuronup.com\/fr\/domaines-dintervention\/fonctions-cognitives\/praxies\/","title":{"rendered":"Praxies"},"content":{"rendered":"\n<div class=\"wp-block-columns is-layout-flex wp-container-core-columns-is-layout-9d6595d7 wp-block-columns-is-layout-flex\">\n<div class=\"wp-block-column is-layout-flow wp-block-column-is-layout-flow\" style=\"flex-basis:66.66%\">\n<p>Au sein des praxies nous diff\u00e9rencions :<\/p>\n\n\n\n<p><strong>\u2022 Praxies id\u00e9omotrices :&nbsp;<\/strong>capacit\u00e9 de r\u00e9aliser un mouvement ou un geste simple de mani\u00e8re intentionn\u00e9e.<\/p>\n\n\n\n<p><strong>\u2022 Praxies id\u00e9atoires :&nbsp;<\/strong>capacit\u00e9 \u00e0 manipuler des objets gr\u00e2ce \u00e0 une s\u00e9quence de gestes, ce qui implique la connaissance de la fonction de l\u2019objet, la connaissance de l\u2019action, et la connaissance de l\u2019ordre s\u00e9quentiel des actes qui m\u00e8nent \u00e0 cette action.<\/p>\n\n\n\n<p><strong>\u2022 Praxies bucco-facial&nbsp;:&nbsp;<\/strong>capacit\u00e9 d\u2019ex\u00e9cuter de mani\u00e8re volontaire des mouvements ou des gestes avec diff\u00e9rentes parties du visage : l\u00e8vres, yeux, langue, sourcils, joues, etc.<\/p>\n\n\n\n<p><strong>\u2022 Praxies visuo-constructives&nbsp;:&nbsp;<\/strong>capacit\u00e9 \u00e0 planifier et ex\u00e9cuter les mouvements n\u00e9cessaires pour organiser une s\u00e9rie d\u2019\u00e9l\u00e9ments dans l\u2019espace afin de former un dessin ou une figure finale.<\/p>\n\n\n\n<h3 class=\"wp-block-heading\">A quoi servent les praxies ?<\/h3>\n\n\n\n<p>Comme nous l\u2019avons expliqu\u00e9 en amont, la praxie est une aptitude \u00e0 ex\u00e9cuter un mouvement. Quand nous marchons, nous nous habillons ou que nous faisons n\u2019importe quelle activit\u00e9 motrice, nous faisons usage de cette aptitude, et l\u2019incapacit\u00e9 \u00e0 ex\u00e9cuter ces actions est appel\u00e9e apraxie. La praxie implique aussi la connaissance des fonctions des objets que nous souhaitons utiliser, ou des actes que nous devons r\u00e9aliser pour utiliser un objet ou effectuer une action. Ainsi, les praxies sont une partie tr\u00e8s importante de notre quotidien, toute action que nous voulons r\u00e9aliser implique cette capacit\u00e9. Des activit\u00e9s aussi simples et importantes que sourire ou parler sont des comp\u00e9tences qui n\u00e9cessitent ces aptitudes pour les r\u00e9aliser. Les personnes atteintes d\u2019apraxie quant \u00e0 elles ne peuvent pas les r\u00e9aliser.<\/p>\n\n\n\n<h3 class=\"wp-block-heading\">Exercices NeuronUP pour r\u00e9\u00e9duquer les praxies<\/h3>\n\n\n\n<p>Afin de travailler cette aptitude, chez NeuronUP, nous avons con\u00e7u des exercices aussi n\u00e9cessaires que copier une s\u00e9rie de figures (praxies visuo-constructives) ou repr\u00e9senter l\u2019usage d\u2019un objet (praxies id\u00e9omotrices), soit \u00e0 la demande, soit par imitation, avec ou sans objet, afin d\u2019adapter la difficult\u00e9 \u00e0 chaque cas.<\/p>\n\n\n\n<div style=\"height:50px\" aria-hidden=\"true\" class=\"wp-block-spacer\"><\/div>\n\n\n\n<figure class=\"wp-block-video aligncenter image-interface\"><video height=\"600\" style=\"aspect-ratio: 1200 \/ 600;\" width=\"1200\" autoplay loop muted src=\"https:\/\/neuronup.com\/fr\/wp-content\/uploads\/2026\/02\/Activite-NeuronUP-Puzzle-Puzzle.webm\" playsinline><\/video><figcaption class=\"wp-element-caption\">Activit\u00e9 NeuronUP: Puzzle.<\/figcaption><\/figure>\n\n\n\n<figure class=\"wp-block-video aligncenter image-interface\"><video height=\"600\" style=\"aspect-ratio: 1200 \/ 600;\" width=\"1200\" autoplay loop muted src=\"https:\/\/neuronup.com\/fr\/wp-content\/uploads\/2026\/02\/Activite-NeuronUP-Meli-melo-dimages-Imagenes-revueltas.webm\" playsinline><\/video><figcaption class=\"wp-element-caption\">Activit\u00e9 NeuronUP: M\u00e9li-m\u00e9lo d\u2019images<\/figcaption><\/figure>\n\n\n\n<div style=\"height:100px\" aria-hidden=\"true\" class=\"wp-block-spacer\"><\/div>\n\n\n<\/div>\n\n\n\n<div class=\"wp-block-column is-layout-flow wp-block-column-is-layout-flow\" style=\"flex-basis:33.33%\">\n<div class=\"wp-block-buttons sticky is-layout-flex wp-block-buttons-is-layout-flex\">\n<div class=\"wp-block-button\"><a class=\"wp-block-button__link button wp-element-button\" href=\"https:\/\/neuronup.com\/fr\/domaines-dintervention\/fonctions-cognitives\/lorientation\/\">L&rsquo;Orientation<\/a><\/div>\n\n\n\n<div class=\"wp-block-button\"><a class=\"wp-block-button__link button wp-element-button\" href=\"https:\/\/neuronup.com\/fr\/domaines-dintervention\/fonctions-cognitives\/gnosies\/\">Gnosies<\/a><\/div>\n\n\n\n<div class=\"wp-block-button\"><a class=\"wp-block-button__link button wp-element-button\" href=\"https:\/\/neuronup.com\/fr\/domaines-dintervention\/fonctions-cognitives\/lattention\/\">L&rsquo;Attention<\/a><\/div>\n\n\n\n<div class=\"wp-block-button\"><a class=\"wp-block-button__link button wp-element-button\" href=\"https:\/\/neuronup.com\/fr\/domaines-dintervention\/fonctions-cognitives\/fonctions-executives\/\">Fonctions ex\u00e9cutives<\/a><\/div>\n\n\n\n<div class=\"wp-block-button\"><a class=\"wp-block-button__link button wp-element-button\" href=\"https:\/\/neuronup.com\/fr\/domaines-dintervention\/fonctions-cognitives\/praxies\/\">Praxies<\/a><\/div>\n\n\n\n<div class=\"wp-block-button\"><a class=\"wp-block-button__link button wp-element-button\" href=\"https:\/\/neuronup.com\/fr\/domaines-dintervention\/fonctions-cognitives\/memoire\/\">M\u00e9moire<\/a><\/div>\n\n\n\n<div class=\"wp-block-button\"><a class=\"wp-block-button__link button wp-element-button\" href=\"https:\/\/neuronup.com\/fr\/domaines-dintervention\/fonctions-cognitives\/le-langage\/\">Le langage<\/a><\/div>\n\n\n\n<div class=\"wp-block-button\"><a class=\"wp-block-button__link button wp-element-button\" href=\"https:\/\/neuronup.com\/fr\/domaines-dintervention\/fonctions-cognitives\/cognition-sociale\/\">Cognition sociale<\/a><\/div>\n\n\n\n<div class=\"wp-block-button\"><a class=\"wp-block-button__link button wp-element-button\" href=\"https:\/\/neuronup.com\/fr\/domaines-dintervention\/fonctions-cognitives\/capacites-visuo-spatiales\/\">Capacit\u00e9s visuo-spatiales<\/a><\/div>\n<\/div>\n<\/div>\n<\/div>\n\n\n\n<h2 class=\"wp-block-heading\">Lisez nos articles sur les praxies :<\/h2>\n\n\n<div class=\"mai-grid entries entries-grid has-boxed has-image-full\" style=\"--entry-title-font-size:var(--font-size-lg);--align-text:start;--entry-meta-text-align:start;\"><div class=\"entries-wrap has-columns\" style=\"--columns-xs:1\/1;--columns-sm:1\/1;--columns-md:1\/3;--columns-lg:1\/3;--flex-xs:0 0 var(--flex-basis);--flex-sm:0 0 var(--flex-basis);--flex-md:0 0 var(--flex-basis);--flex-lg:0 0 var(--flex-basis);--column-gap:var(--spacing-lg);--row-gap:var(--spacing-lg);--align-columns:start;\"><article class=\"entry entry-grid is-column has-entry-link has-image has-image-first type-post category-activites-de-praxies tag-activites-de-stimulation-cognitive tag-activites-de-stimulation-cognitive-pour-enfants tag-enfants tag-praxies\" style=\"--entry-index:1;\" aria-label=\"5 exercices pour travailler les praxies avec des adultes et des enfants\" itemscope itemtype=\"https:\/\/schema.org\/CreativeWork\"><a class=\"entry-image-link\" href=\"https:\/\/neuronup.com\/fr\/activites-de-neuro-reeducation\/activites-pour-les-fonctions-cognitives\/activites-de-praxies\/5-exercices-pour-travailler-les-praxies-avec-adultes-et-enfants\/\" tabindex=\"-1\" aria-hidden=\"true\"><img decoding=\"async\" width=\"400\" height=\"282\" src=\"https:\/\/neuronup.com\/fr\/wp-content\/uploads\/2022\/03\/Ejercicio-para-trabajar-las-praxias-Imagenes-revueltas-1.webp\" class=\"entry-image size-landscape-sm\" alt=\"Exercice-pour-travailler-les-praxies-Images-m\u00e9lang\u00e9es\" srcset=\"https:\/\/neuronup.com\/fr\/wp-content\/uploads\/2022\/03\/Ejercicio-para-trabajar-las-praxias-Imagenes-revueltas-1-300x212.webp 300w, https:\/\/neuronup.com\/fr\/wp-content\/uploads\/2022\/03\/Ejercicio-para-trabajar-las-praxias-Imagenes-revueltas-1-768x542.webp 768w, https:\/\/neuronup.com\/fr\/wp-content\/uploads\/2022\/03\/Ejercicio-para-trabajar-las-praxias-Imagenes-revueltas-1-1024x723.webp 1024w, https:\/\/neuronup.com\/fr\/wp-content\/uploads\/2022\/03\/Ejercicio-para-trabajar-las-praxias-Imagenes-revueltas-1.webp 1200w\" sizes=\"(max-width:599px) 599px, (min-width:600px) and (max-width: 799px) 799px, (min-width:800px) and (max-width: 999px) 333px, (min-width:1000px) 400px\" \/><\/a><div class=\"entry-wrap entry-wrap-grid\"><h3 class=\"entry-title\" itemprop=\"headline\"><a class=\"entry-title-link\" href=\"https:\/\/neuronup.com\/fr\/activites-de-neuro-reeducation\/activites-pour-les-fonctions-cognitives\/activites-de-praxies\/5-exercices-pour-travailler-les-praxies-avec-adultes-et-enfants\/\" rel=\"bookmark\">5 exercices pour travailler les praxies avec des adultes et des enfants<\/a><\/h3>\n<\/div><\/article><article class=\"entry entry-grid is-column has-entry-link has-image has-image-first type-post category-activites-de-praxies tag-activites-de-stimulation-cognitive tag-activites-de-stimulation-cognitive-enfants tag-neuronup tag-nouvelle-activite tag-stimulation-cognitive\" style=\"--entry-index:2;\" aria-label=\"Jeu pour travailler les praxies visoconstructives chez l&#8217;enfant\" itemscope itemtype=\"https:\/\/schema.org\/CreativeWork\"><a class=\"entry-image-link\" href=\"https:\/\/neuronup.com\/fr\/activites-de-neuro-reeducation\/activites-pour-les-fonctions-cognitives\/activites-de-praxies\/jeu-pour-travailler-les-praxies-visoconstructives-chez-lenfant\/\" tabindex=\"-1\" aria-hidden=\"true\"><img decoding=\"async\" width=\"400\" height=\"300\" src=\"https:\/\/neuronup.com\/fr\/wp-content\/uploads\/2024\/11\/Jeu-pour-travailler-les-praxies-visoconstructives-chez-lenfant-400x300.webp\" class=\"entry-image size-landscape-sm\" alt=\"Puzzle tropical avec toucan et ara, pi\u00e8ces manquantes, utilis\u00e9 pour travailler les praxies visoconstructives chez l&#039;enfant.\" srcset=\"https:\/\/neuronup.com\/fr\/wp-content\/uploads\/2024\/11\/Jeu-pour-travailler-les-praxies-visoconstructives-chez-lenfant-400x300.webp 400w, https:\/\/neuronup.com\/fr\/wp-content\/uploads\/2024\/11\/Jeu-pour-travailler-les-praxies-visoconstructives-chez-lenfant-800x600.webp 800w, https:\/\/neuronup.com\/fr\/wp-content\/uploads\/2024\/11\/Jeu-pour-travailler-les-praxies-visoconstructives-chez-lenfant-1200x900.webp 1200w\" sizes=\"(max-width:599px) 599px, (min-width:600px) and (max-width: 799px) 799px, (min-width:800px) and (max-width: 999px) 333px, (min-width:1000px) 400px\" \/><\/a><div class=\"entry-wrap entry-wrap-grid\"><h3 class=\"entry-title\" itemprop=\"headline\"><a class=\"entry-title-link\" href=\"https:\/\/neuronup.com\/fr\/activites-de-neuro-reeducation\/activites-pour-les-fonctions-cognitives\/activites-de-praxies\/jeu-pour-travailler-les-praxies-visoconstructives-chez-lenfant\/\" rel=\"bookmark\">Jeu pour travailler les praxies visoconstructives chez l&#8217;enfant<\/a><\/h3>\n<\/div><\/article><\/div><\/div>","protected":false},"excerpt":{"rendered":"<p>Au sein des praxies nous diff\u00e9rencions : \u2022 Praxies id\u00e9omotrices :&nbsp;capacit\u00e9 de r\u00e9aliser un mouvement ou un geste simple de mani\u00e8re intentionn\u00e9e. \u2022 Praxies id\u00e9atoires :&nbsp;capacit\u00e9 \u00e0 manipuler des objets gr\u00e2ce \u00e0 une s\u00e9quence de gestes, ce qui implique la connaissance de la fonction de l\u2019objet, la connaissance de l\u2019action, et la connaissance de l\u2019ordre &hellip;<\/p>\n","protected":false},"author":1,"featured_media":32521,"parent":32474,"menu_order":5,"comment_status":"closed","ping_status":"closed","template":"","meta":{"_acf_changed":false,"_genesis_hide_title":false,"_genesis_hide_breadcrumbs":false,"_genesis_hide_singular_image":false,"_genesis_hide_footer_widgets":false,"_genesis_custom_body_class":"","_genesis_custom_post_class":"","_genesis_layout":"wide-content","footnotes":""},"class_list":{"1":"page","2":"type-page","6":"entry"},"acf":[],"_links":{"self":[{"href":"https:\/\/neuronup.com\/fr\/wp-json\/wp\/v2\/pages\/32520","targetHints":{"allow":["GET"]}}],"collection":[{"href":"https:\/\/neuronup.com\/fr\/wp-json\/wp\/v2\/pages"}],"about":[{"href":"https:\/\/neuronup.com\/fr\/wp-json\/wp\/v2\/types\/page"}],"author":[{"embeddable":true,"href":"https:\/\/neuronup.com\/fr\/wp-json\/wp\/v2\/users\/1"}],"replies":[{"embeddable":true,"href":"https:\/\/neuronup.com\/fr\/wp-json\/wp\/v2\/comments?post=32520"}],"version-history":[{"count":0,"href":"https:\/\/neuronup.com\/fr\/wp-json\/wp\/v2\/pages\/32520\/revisions"}],"up":[{"embeddable":true,"href":"https:\/\/neuronup.com\/fr\/wp-json\/wp\/v2\/pages\/32474"}],"wp:featuredmedia":[{"embeddable":true,"href":"https:\/\/neuronup.com\/fr\/wp-json\/wp\/v2\/media\/32521"}],"wp:attachment":[{"href":"https:\/\/neuronup.com\/fr\/wp-json\/wp\/v2\/media?parent=32520"}],"curies":[{"name":"wp","href":"https:\/\/api.w.org\/{rel}","templated":true}]}}