{"id":32514,"date":"2024-10-31T14:29:23","date_gmt":"2024-10-31T12:29:23","guid":{"rendered":"https:\/\/neuronup.com\/fr\/?page_id=32514"},"modified":"2026-03-23T12:56:31","modified_gmt":"2026-03-23T10:56:31","slug":"fonctions-executives","status":"publish","type":"page","link":"https:\/\/neuronup.com\/fr\/domaines-dintervention\/fonctions-cognitives\/fonctions-executives\/","title":{"rendered":"Fonctions ex\u00e9cutives"},"content":{"rendered":"\n<div class=\"wp-block-columns is-layout-flex wp-container-core-columns-is-layout-9d6595d7 wp-block-columns-is-layout-flex\">\n<div class=\"wp-block-column is-layout-flow wp-block-column-is-layout-flow\" style=\"flex-basis:66.66%\">\n<p>Au sein des fonctions ex\u00e9cutives, nous distinguons diff\u00e9rents processus fondamentaux pour notre quotidien :<\/p>\n\n\n\n<p><strong>\u2022 M\u00e9moire de travail :&nbsp;<\/strong>capacit\u00e9 de stockage temporaire des informations et de leur traitement. C\u2019est un espace dans lequel des informations sp\u00e9cifiques sont disponibles pour leur manipulation et leur transformation pour une p\u00e9riode de temps donn\u00e9e.<\/p>\n\n\n\n<p><strong>\u2022 Planification :&nbsp;<\/strong>facult\u00e9 qui nous permet de r\u00e9soudre de mani\u00e8re consciente des probl\u00e8mes de diff\u00e9rentes natures, en \u00e9tablissant des relations causales entre eux.<\/p>\n\n\n\n<p><strong>\u2022 Reasoning : <\/strong>the ability to consciously solve problems of all kinds by establishing causal relationships between them.<\/p>\n\n\n\n<p><strong>\u2022 Fl\u00e9xibilit\u00e9 :&nbsp;<\/strong>habilit\u00e9 qui nous permet d\u2019apporter des changements pour quelque chose qui \u00e9tait auparavant pr\u00e9vu, nous adaptant ainsi aux circonstances de notre environnement.<\/p>\n\n\n\n<p><strong>\u2022 Inhibition :&nbsp;<\/strong>habilit\u00e9 qui nous permet d\u2019apporter des changements pour quelque chose qui \u00e9tait auparavant pr\u00e9vu, nous adaptant ainsi aux circonstances de notre environnement.<\/p>\n\n\n\n<p><strong>\u2022 Prise de d\u00e9cisions :&nbsp;<\/strong>processus de choix entre plusieurs alternatives en fonction de nos besoins, en pesant les r\u00e9sultats et les cons\u00e9quences de toutes les options.<\/p>\n\n\n\n<p><strong>\u2022 Estimation temporelle :&nbsp;<\/strong>capacit\u00e9 d\u2019estimer de mani\u00e8re approximative le passage du temps et la dur\u00e9e d\u2019un \u00e9v\u00e8nement ou d\u2019une activit\u00e9.<\/p>\n\n\n\n<p><strong>\u2022 Double t\u00e2che :&nbsp;<\/strong>capacit\u00e9 \u00e0 effectuer deux t\u00e2ches en m\u00eame temps (ces t\u00e2ches doivent \u00eatre diff\u00e9rentes), en faisant constamment attention aux deux.<\/p>\n\n\n\n<p><strong>\u2022 Branching (multit\u00e2che) :&nbsp;<\/strong>capacit\u00e9 d\u2019organiser et de r\u00e9aliser de mani\u00e8re optimale des t\u00e2ches simultan\u00e9ment, passant de l\u2019une \u00e0 l\u2019autre, tout en sachant l\u2019\u00e9tat de chacune d\u2019elles \u00e0 tout moment.<\/p>\n\n\n\n<h3 class=\"wp-block-heading\">\u00c0 quoi servent les fonctions ex\u00e9cutives ?<\/h3>\n\n\n\n<p>Dans notre vie quotidienne, nous avons besoin des fonctions ex\u00e9cutives pour nous \u00e9panouir dans notre environnement afin d\u2019atteindre nos objectifs. Elles sont essentielles par exemple quand nous planifions l\u2019heure \u00e0 laquelle nous nous levons le matin, quand nous pensons \u00e0 ce que nous devons faire, dans quel ordre, combien de temps cela nous prendra de faire chacune des choses, d\u2019aller d\u2019un endroit \u00e0 un autre, et ce m\u00eame si nous devons changer de plan en cas d\u2019impr\u00e9vu ou que nous devons effectuer une nouvelle t\u00e2che qui n\u2019\u00e9tait pas planifi\u00e9e.<\/p>\n\n\n\n<h3 class=\"wp-block-heading\">Exercices NeuronUP pour r\u00e9\u00e9duquer les fonctions ex\u00e9cutives<\/h3>\n\n\n\n<p>Pour travailler la m\u00e9moire de travail, un de nos exercices consiste par exemple \u00e0 ordonner une suite de num\u00e9ros en mouvement, qui sera plus difficile \u00e0 mesure que les nombres appara\u00eetront.<br>Pour travailler le raisonnement, nous disposons d\u2019une activit\u00e9 tr\u00e8s utile qui consiste \u00e0 faire correspondre des concepts de la vie quotidienne en fonction de la cat\u00e9gorie \u00e0 laquelle ils appartiennent.<\/p>\n\n\n\n<p>Pour travailler la planification, une des activit\u00e9s les plus utilis\u00e9es sans conteste est \u00ab Ordonner les \u00e9tapes des activit\u00e9s \u00bb qui est disponible \u00e0 la fois en version avec images et en version avec uniquement du texte.<\/p>\n\n\n\n<div style=\"height:25px\" aria-hidden=\"true\" class=\"wp-block-spacer\"><\/div>\n\n\n<div class=\"wp-block-image image-interface\">\n<figure class=\"aligncenter size-full\"><img decoding=\"async\" width=\"600\" height=\"358\" src=\"https:\/\/neuronup.com\/fr\/wp-content\/uploads\/2024\/10\/executives-functions_games.webp\" alt=\"\u00c0 gauche : formes color\u00e9es et chiffres; liste de mots color\u00e9s au centre; sc\u00e9narios illustr\u00e9s \u00e0 droite.\" class=\"wp-image-32518\" srcset=\"https:\/\/neuronup.com\/fr\/wp-content\/uploads\/2024\/10\/executives-functions_games-300x179.webp 300w, https:\/\/neuronup.com\/fr\/wp-content\/uploads\/2024\/10\/executives-functions_games.webp 600w\" sizes=\"(max-width: 600px) 100vw, 600px\" \/><\/figure>\n<\/div>\n\n\n<div style=\"height:100px\" aria-hidden=\"true\" class=\"wp-block-spacer\"><\/div>\n<\/div>\n\n\n\n<div class=\"wp-block-column is-layout-flow wp-block-column-is-layout-flow\" style=\"flex-basis:33.33%\">\n<div class=\"wp-block-buttons sticky is-layout-flex wp-block-buttons-is-layout-flex\">\n<div class=\"wp-block-button\"><a class=\"wp-block-button__link button wp-element-button\" href=\"https:\/\/neuronup.com\/fr\/domaines-dintervention\/fonctions-cognitives\/lorientation\/\">L&rsquo;Orientation<\/a><\/div>\n\n\n\n<div class=\"wp-block-button\"><a class=\"wp-block-button__link button wp-element-button\" href=\"https:\/\/neuronup.com\/fr\/domaines-dintervention\/fonctions-cognitives\/gnosies\/\">Gnosies<\/a><\/div>\n\n\n\n<div class=\"wp-block-button\"><a class=\"wp-block-button__link button wp-element-button\" href=\"https:\/\/neuronup.com\/fr\/domaines-dintervention\/fonctions-cognitives\/lattention\/\">L&rsquo;Attention<\/a><\/div>\n\n\n\n<div class=\"wp-block-button\"><a class=\"wp-block-button__link button wp-element-button\" href=\"https:\/\/neuronup.com\/fr\/domaines-dintervention\/fonctions-cognitives\/fonctions-executives\/\">Fonctions ex\u00e9cutives<\/a><\/div>\n\n\n\n<div class=\"wp-block-button\"><a class=\"wp-block-button__link button wp-element-button\" href=\"https:\/\/neuronup.com\/fr\/domaines-dintervention\/fonctions-cognitives\/praxies\/\">Praxies<\/a><\/div>\n\n\n\n<div class=\"wp-block-button\"><a class=\"wp-block-button__link button wp-element-button\" href=\"https:\/\/neuronup.com\/fr\/domaines-dintervention\/fonctions-cognitives\/memoire\/\">M\u00e9moire<\/a><\/div>\n\n\n\n<div class=\"wp-block-button\"><a class=\"wp-block-button__link button wp-element-button\" href=\"https:\/\/neuronup.com\/fr\/domaines-dintervention\/fonctions-cognitives\/le-langage\/\">Le langage<\/a><\/div>\n\n\n\n<div class=\"wp-block-button\"><a class=\"wp-block-button__link button wp-element-button\" href=\"https:\/\/neuronup.com\/fr\/domaines-dintervention\/fonctions-cognitives\/cognition-sociale\/\">Cognition sociale<\/a><\/div>\n\n\n\n<div class=\"wp-block-button\"><a class=\"wp-block-button__link button wp-element-button\" href=\"https:\/\/neuronup.com\/fr\/domaines-dintervention\/fonctions-cognitives\/capacites-visuo-spatiales\/\">Capacit\u00e9s visuo-spatiales<\/a><\/div>\n<\/div>\n<\/div>\n<\/div>\n\n\n\n\n\n<h2 class=\"wp-block-heading\">Lisez nos articles sur les fonctions ex\u00e9cutives :<\/h2>\n\n\n<div class=\"mai-grid entries entries-grid has-boxed has-image-full\" style=\"--entry-title-font-size:var(--font-size-lg);--align-text:start;--entry-meta-text-align:start;\"><div class=\"entries-wrap has-columns\" style=\"--columns-xs:1\/1;--columns-sm:1\/1;--columns-md:1\/3;--columns-lg:1\/3;--flex-xs:0 0 var(--flex-basis);--flex-sm:0 0 var(--flex-basis);--flex-md:0 0 var(--flex-basis);--flex-lg:0 0 var(--flex-basis);--column-gap:var(--spacing-lg);--row-gap:var(--spacing-lg);--align-columns:start;\"><article class=\"entry entry-grid is-column has-entry-link has-image has-image-first type-post category-activites-des-fonctions-executives tag-activites-de-stimulation-cognitive tag-activites-de-stimulation-cognitive-pour-enfants tag-actualites-de-neuronup tag-enfants tag-fonctions-executives\" style=\"--entry-index:1;\" aria-label=\"Fiche pour stimuler la m\u00e9moire de travail chez les enfants : Le bon ordre\" itemscope itemtype=\"https:\/\/schema.org\/CreativeWork\"><a class=\"entry-image-link\" href=\"https:\/\/neuronup.com\/fr\/activites-de-neuro-reeducation\/activites-pour-les-fonctions-cognitives\/activites-des-fonctions-executives\/fiche-pour-stimuler-la-memoire-de-travail-chez-les-enfants-le-bon-ordre\/\" tabindex=\"-1\" aria-hidden=\"true\"><img decoding=\"async\" width=\"400\" height=\"280\" src=\"https:\/\/neuronup.com\/fr\/wp-content\/uploads\/2022\/11\/Ficha-para-estimular-la-memoria-de-trabajo-en-ninos-2.webp\" class=\"entry-image size-landscape-sm\" alt=\"Tableau \u00e0 cinq lignes A \u00e0 E avec ic\u00f4nes vari\u00e9es (h\u00e9licopt\u00e8res, soleils et personnages) pr\u00e9sentant un motif \u00e0 d\u00e9chiffrer.\" srcset=\"https:\/\/neuronup.com\/fr\/wp-content\/uploads\/2022\/11\/Ficha-para-estimular-la-memoria-de-trabajo-en-ninos-2-300x210.webp 300w, https:\/\/neuronup.com\/fr\/wp-content\/uploads\/2022\/11\/Ficha-para-estimular-la-memoria-de-trabajo-en-ninos-2-768x538.webp 768w, https:\/\/neuronup.com\/fr\/wp-content\/uploads\/2022\/11\/Ficha-para-estimular-la-memoria-de-trabajo-en-ninos-2-1024x717.webp 1024w, https:\/\/neuronup.com\/fr\/wp-content\/uploads\/2022\/11\/Ficha-para-estimular-la-memoria-de-trabajo-en-ninos-2.webp 1205w\" sizes=\"(max-width:599px) 599px, (min-width:600px) and (max-width: 799px) 799px, (min-width:800px) and (max-width: 999px) 333px, (min-width:1000px) 400px\" \/><\/a><div class=\"entry-wrap entry-wrap-grid\"><h3 class=\"entry-title\" itemprop=\"headline\"><a class=\"entry-title-link\" href=\"https:\/\/neuronup.com\/fr\/activites-de-neuro-reeducation\/activites-pour-les-fonctions-cognitives\/activites-des-fonctions-executives\/fiche-pour-stimuler-la-memoire-de-travail-chez-les-enfants-le-bon-ordre\/\" rel=\"bookmark\">Fiche pour stimuler la m\u00e9moire de travail chez les enfants : Le bon ordre<\/a><\/h3>\n<\/div><\/article><article class=\"entry entry-grid is-column has-entry-link has-image has-image-first type-post category-activites-des-fonctions-executives tag-activites-de-stimulation-cognitive tag-activites-de-stimulation-cognitive-pour-enfants tag-fonctions-executives\" style=\"--entry-index:2;\" aria-label=\"Nouvelle liste d\u2019activit\u00e9s : choisissez plus facilement et cr\u00e9ez vos s\u00e9ances en moins de temps\" itemscope itemtype=\"https:\/\/schema.org\/CreativeWork\"><a class=\"entry-image-link\" href=\"https:\/\/neuronup.com\/fr\/activites-de-neuro-reeducation\/activites-pour-les-fonctions-cognitives\/activites-des-fonctions-executives\/nouvelle-liste-dactivites-choisissez-plus-facilement-et-creez-vos-seances-en-moins-de-temps\/\" tabindex=\"-1\" aria-hidden=\"true\"><img decoding=\"async\" width=\"400\" height=\"300\" src=\"https:\/\/neuronup.com\/fr\/wp-content\/uploads\/2025\/12\/Capture-decran-2025-12-22-140740-400x300.webp\" class=\"entry-image size-landscape-sm\" alt=\"Interface NeuronUP avec barre de recherche, cat\u00e9gories et vignettes d\u2019activit\u00e9s, nouveaut\u00e9s et sessions.\" srcset=\"https:\/\/neuronup.com\/fr\/wp-content\/uploads\/2025\/12\/Capture-decran-2025-12-22-140740-400x300.webp 400w, https:\/\/neuronup.com\/fr\/wp-content\/uploads\/2025\/12\/Capture-decran-2025-12-22-140740-800x600.webp 800w\" sizes=\"(max-width:599px) 599px, (min-width:600px) and (max-width: 799px) 799px, (min-width:800px) and (max-width: 999px) 333px, (min-width:1000px) 400px\" \/><\/a><div class=\"entry-wrap entry-wrap-grid\"><h3 class=\"entry-title\" itemprop=\"headline\"><a class=\"entry-title-link\" href=\"https:\/\/neuronup.com\/fr\/activites-de-neuro-reeducation\/activites-pour-les-fonctions-cognitives\/activites-des-fonctions-executives\/nouvelle-liste-dactivites-choisissez-plus-facilement-et-creez-vos-seances-en-moins-de-temps\/\" rel=\"bookmark\">Nouvelle liste d\u2019activit\u00e9s : choisissez plus facilement et cr\u00e9ez vos s\u00e9ances en moins de temps<\/a><\/h3>\n<\/div><\/article><article class=\"entry entry-grid is-column has-entry-link has-image has-image-first type-post category-activites-des-fonctions-executives tag-activites-de-stimulation-cognitive tag-activites-de-stimulation-cognitive-pour-adultes tag-actualites-de-neuronup tag-adultes tag-fonctions-executives\" style=\"--entry-index:3;\" aria-label=\"Jeu d&#8217;inhibition pour adultes : Cat\u00e9gories contre-la-montre\" itemscope itemtype=\"https:\/\/schema.org\/CreativeWork\"><a class=\"entry-image-link\" href=\"https:\/\/neuronup.com\/fr\/activites-de-neuro-reeducation\/activites-pour-les-fonctions-cognitives\/activites-des-fonctions-executives\/jeu-d-inhibition-pour-adultes-categories-contre-la-montre\/\" tabindex=\"-1\" aria-hidden=\"true\"><img decoding=\"async\" width=\"400\" height=\"225\" src=\"https:\/\/neuronup.com\/fr\/wp-content\/uploads\/2024\/03\/Categorias-a-contrarreloj-NeuronUP.webp\" class=\"entry-image size-landscape-sm\" alt=\"\u00c9cran d\u2019application montrant la cat\u00e9gorie professions en bleu, camionero saisi et valid\u00e9, progression en bas avec l\u2019option Saltar.\" srcset=\"https:\/\/neuronup.com\/fr\/wp-content\/uploads\/2024\/03\/Categorias-a-contrarreloj-NeuronUP-300x169.webp 300w, https:\/\/neuronup.com\/fr\/wp-content\/uploads\/2024\/03\/Categorias-a-contrarreloj-NeuronUP-768x432.webp 768w, https:\/\/neuronup.com\/fr\/wp-content\/uploads\/2024\/03\/Categorias-a-contrarreloj-NeuronUP-1024x576.webp 1024w, https:\/\/neuronup.com\/fr\/wp-content\/uploads\/2024\/03\/Categorias-a-contrarreloj-NeuronUP.webp 1199w\" sizes=\"(max-width:599px) 599px, (min-width:600px) and (max-width: 799px) 799px, (min-width:800px) and (max-width: 999px) 333px, (min-width:1000px) 400px\" \/><\/a><div class=\"entry-wrap entry-wrap-grid\"><h3 class=\"entry-title\" itemprop=\"headline\"><a class=\"entry-title-link\" href=\"https:\/\/neuronup.com\/fr\/activites-de-neuro-reeducation\/activites-pour-les-fonctions-cognitives\/activites-des-fonctions-executives\/jeu-d-inhibition-pour-adultes-categories-contre-la-montre\/\" rel=\"bookmark\">Jeu d&#8217;inhibition pour adultes : Cat\u00e9gories contre-la-montre<\/a><\/h3>\n<\/div><\/article><\/div><\/div>","protected":false},"excerpt":{"rendered":"<p>Au sein des fonctions ex\u00e9cutives, nous distinguons diff\u00e9rents processus fondamentaux pour notre quotidien : \u2022 M\u00e9moire de travail :&nbsp;capacit\u00e9 de stockage temporaire des informations et de leur traitement. C\u2019est un espace dans lequel des informations sp\u00e9cifiques sont disponibles pour leur manipulation et leur transformation pour une p\u00e9riode de temps donn\u00e9e. \u2022 Planification :&nbsp;facult\u00e9 qui nous &hellip;<\/p>\n","protected":false},"author":1,"featured_media":32515,"parent":32474,"menu_order":4,"comment_status":"closed","ping_status":"closed","template":"","meta":{"_acf_changed":false,"_genesis_hide_title":false,"_genesis_hide_breadcrumbs":false,"_genesis_hide_singular_image":false,"_genesis_hide_footer_widgets":false,"_genesis_custom_body_class":"","_genesis_custom_post_class":"","_genesis_layout":"wide-content","footnotes":""},"class_list":{"1":"page","2":"type-page","6":"entry"},"acf":[],"_links":{"self":[{"href":"https:\/\/neuronup.com\/fr\/wp-json\/wp\/v2\/pages\/32514","targetHints":{"allow":["GET"]}}],"collection":[{"href":"https:\/\/neuronup.com\/fr\/wp-json\/wp\/v2\/pages"}],"about":[{"href":"https:\/\/neuronup.com\/fr\/wp-json\/wp\/v2\/types\/page"}],"author":[{"embeddable":true,"href":"https:\/\/neuronup.com\/fr\/wp-json\/wp\/v2\/users\/1"}],"replies":[{"embeddable":true,"href":"https:\/\/neuronup.com\/fr\/wp-json\/wp\/v2\/comments?post=32514"}],"version-history":[{"count":0,"href":"https:\/\/neuronup.com\/fr\/wp-json\/wp\/v2\/pages\/32514\/revisions"}],"up":[{"embeddable":true,"href":"https:\/\/neuronup.com\/fr\/wp-json\/wp\/v2\/pages\/32474"}],"wp:featuredmedia":[{"embeddable":true,"href":"https:\/\/neuronup.com\/fr\/wp-json\/wp\/v2\/media\/32515"}],"wp:attachment":[{"href":"https:\/\/neuronup.com\/fr\/wp-json\/wp\/v2\/media?parent=32514"}],"curies":[{"name":"wp","href":"https:\/\/api.w.org\/{rel}","templated":true}]}}