{"id":32507,"date":"2024-10-31T14:10:39","date_gmt":"2024-10-31T12:10:39","guid":{"rendered":"https:\/\/neuronup.com\/fr\/?page_id=32507"},"modified":"2026-03-23T12:55:07","modified_gmt":"2026-03-23T10:55:07","slug":"lattention","status":"publish","type":"page","link":"https:\/\/neuronup.com\/fr\/domaines-dintervention\/fonctions-cognitives\/lattention\/","title":{"rendered":"L\u2019Attention"},"content":{"rendered":"\n<div class=\"wp-block-columns is-layout-flex wp-container-core-columns-is-layout-9d6595d7 wp-block-columns-is-layout-flex\">\n<div class=\"wp-block-column is-layout-flow wp-block-column-is-layout-flow\" style=\"flex-basis:50%\">\n<blockquote class=\"wp-block-quote is-layout-flow wp-block-quote-is-layout-flow\">\n<p>L\u2019attention fait r\u00e9f\u00e9rence \u00e0 l\u2019\u00e9tat d\u2019observation et d\u2019alerte qui nous permet de prendre conscience de ce qui se passe dans notre environnement.<\/p>\n<cite><em>(Ballesteros, 2000)<\/em><\/cite><\/blockquote>\n\n\n\n<p class=\"pr-5\">En d\u2019autres termes, l\u2019<strong>attention<\/strong> est la capacit\u00e9 \u00e0 g\u00e9n\u00e9rer, orienter et maintenir un \u00e9tat d\u2019activation ad\u00e9quat pour le traitement correct de l\u2019information.<\/p>\n\n\n\n<p>Au sein de cette fonction, nous devons parler de 5 processus diff\u00e9rents :<\/p>\n\n\n\n<ul class=\"wp-block-list\">\n<li><strong>Attention soutenue :<\/strong>&nbsp;capacit\u00e9 \u00e0 maintenir de mani\u00e8re fluide le foyer attentionnel sur une t\u00e2che ou un \u00e9v\u00e9nement pendant une p\u00e9riode prolong\u00e9e. Ce type d\u2019attention est aussi appel\u00e9 vigilance.<\/li>\n\n\n\n<li><strong>Attention s\u00e9lective :<\/strong>&nbsp;capacit\u00e9 \u00e0 orienter l\u2019attention et \u00e0 se concentrer sur quelque chose sans permettre \u00e0 d\u2019autres stimuli, externes ou internes, d\u2019interrompre la t\u00e2che.<\/li>\n\n\n\n<li><strong>Attention altern\u00e9e :<\/strong>\u00a0capacit\u00e9 \u00e0 changer notre foyer attentionnel d\u2019une t\u00e2che ou d\u2019une r\u00e8gle interne \u00e0 une autre de mani\u00e8re fluide.<\/li>\n\n\n\n<li><strong>Vitesse de traitement :<\/strong>&nbsp;rythme auquel le cerveau r\u00e9alise une t\u00e2che (\u00e9videmment, il varie selon la t\u00e2che, en fonction des autres fonctions cognitives impliqu\u00e9es dans celle-ci). Elle se mesure \u00e0 travers le temps que le sujet met entre la r\u00e9ception du stimulus et l\u2019\u00e9mission de la r\u00e9ponse.<\/li>\n\n\n\n<li><strong>H\u00e9min\u00e9gligence :<\/strong>&nbsp;grande difficult\u00e9 ou incapacit\u00e9 \u00e0 orienter l\u2019attention vers l\u2019un des c\u00f4t\u00e9s (normalement, le gauche), tant en relation avec le propre corps qu\u2019avec l\u2019espace.<\/li>\n<\/ul>\n\n\n\n<h2 class=\"wp-block-heading\" id=\"para-que-sirve-la-atencion\">\u00c0 quoi sert l\u2019attention ?<\/h2>\n\n\n\n<p>Tout au long de notre vie, nous avons besoin de l\u2019attention pour toutes sortes de choses. D\u00e8s l\u2019enfance, nous apprenons \u00e0 nous concentrer sur certains stimuli en ignorant d\u2019autres moins importants. Parfois, nous sommes capables de nous souvenir facilement d\u2019une conversation que nous avons eue, mais nous ne parvenons pas \u00e0 nous rappeler d\u2019autres aspects, disons, secondaires : le lieu, les v\u00eatements de notre interlocuteur, s\u2019il faisait froid ou chaud&#8230; Un autre exemple serait lorsque nous devons \u00eatre capables de rester concentr\u00e9s sur quelque chose pendant longtemps, m\u00eame si c\u2019est ennuyeux, comme un cours en classe ou au travail.<\/p>\n\n\n\n<h2 class=\"wp-block-heading\" id=\"ejercicios-de-neuronup-para-rehabilitar-la-atencion\">Exercices de NeuronUP pour r\u00e9\u00e9duquer l\u2019attention<\/h2>\n\n\n<div class=\"wp-block-image image-interface\">\n<figure class=\"aligncenter size-full\"><img decoding=\"async\" width=\"1200\" height=\"675\" src=\"https:\/\/neuronup.com\/fr\/wp-content\/uploads\/2026\/03\/Interface-de-la-plateforme-NeuronUP.-Activites-pour-travailler-sur-lattention.webp\" alt=\"Interface de la plateforme NeuronUP. Activit\u00e9s pour travailler sur l' Attention.\" class=\"wp-image-47155\" srcset=\"https:\/\/neuronup.com\/fr\/wp-content\/uploads\/2026\/03\/Interface-de-la-plateforme-NeuronUP.-Activites-pour-travailler-sur-lattention-300x169.webp 300w, https:\/\/neuronup.com\/fr\/wp-content\/uploads\/2026\/03\/Interface-de-la-plateforme-NeuronUP.-Activites-pour-travailler-sur-lattention-768x432.webp 768w, https:\/\/neuronup.com\/fr\/wp-content\/uploads\/2026\/03\/Interface-de-la-plateforme-NeuronUP.-Activites-pour-travailler-sur-lattention-1024x576.webp 1024w, https:\/\/neuronup.com\/fr\/wp-content\/uploads\/2026\/03\/Interface-de-la-plateforme-NeuronUP.-Activites-pour-travailler-sur-lattention.webp 1200w\" sizes=\"(max-width: 1200px) 100vw, 1200px\" \/><figcaption class=\"wp-element-caption\">Activit\u00e9s de NeuronUP pour r\u00e9\u00e9duquer l\u2019attention<\/figcaption><\/figure>\n<\/div>\n\n\n<p><strong>Chez NeuronUP, nous proposons des activit\u00e9s pour les diff\u00e9rents types d\u2019attention. <\/strong>Ainsi, en ce qui concerne l\u2019attention soutenue, l\u2019activit\u00e9 propos\u00e9e en exemple consiste \u00e0 copier la figure que nous avons comme mod\u00e8le.<\/p>\n\n\n\n<figure class=\"wp-block-video aligncenter image-interface\"><video height=\"600\" style=\"aspect-ratio: 1200 \/ 600;\" width=\"1200\" autoplay loop muted src=\"https:\/\/neuronup.com\/fr\/wp-content\/uploads\/2026\/02\/Activite-NeuronUP-Copie-de-plans-Copia-de-planos.webm\" playsinline><\/video><figcaption class=\"wp-element-caption\">Activit\u00e9 de NeuronUP: Copie de plans.<\/figcaption><\/figure>\n\n\n\n<p>Pour travailler l\u2019<strong>attention s\u00e9lective<\/strong>, l\u2019une des activit\u00e9s propos\u00e9es est <em>Le mot magique<\/em>, une soupe de lettres classique dans laquelle les enfants doivent trouver les mots cach\u00e9s parmi un ensemble de lettres.<\/p>\n\n\n<div class=\"wp-block-image image-interface\">\n<figure class=\"aligncenter size-full has-xxl-margin-bottom\"><img decoding=\"async\" src=\"https:\/\/neuronup.com\/wp-content\/uploads\/2026\/02\/Actividad-de-NeuronUP-La-Palabra-Magica.webp\" alt=\"Activit\u00e9 de NeuronUP: Le mot magique.\" class=\"wp-image-48789\"\/><figcaption class=\"wp-element-caption\">Activit\u00e9 de NeuronUP: Le mot magique.<\/figcaption><\/figure>\n<\/div>\n\n\n<p>L\u2019activit\u00e9 infantile suivante pour travailler l\u2019<strong>attention altern\u00e9e <\/strong>consiste \u00e0 parcourir le chemin jusqu\u2019au ch\u00e2teau en sautant sur les diff\u00e9rentes cases selon ce qu\u2019indique le dessin.<\/p>\n\n\n<div class=\"wp-block-image image-interface\">\n<figure class=\"aligncenter size-full\"><img decoding=\"async\" width=\"1200\" height=\"900\" src=\"https:\/\/neuronup.com\/fr\/wp-content\/uploads\/2024\/10\/activite-follow-the-path.webp\" alt=\"\u00c9cran de jeu NeuronUP: chemin de tuiles jaunes avec cr\u00e9atures vertes et violettes; ch\u00e2teau bas \u00e0 droite; coches vertes.\" class=\"wp-image-31885\" style=\"object-fit:cover\" srcset=\"https:\/\/neuronup.com\/fr\/wp-content\/uploads\/2024\/10\/activite-follow-the-path-300x225.webp 300w, https:\/\/neuronup.com\/fr\/wp-content\/uploads\/2024\/10\/activite-follow-the-path-400x300.webp 400w, https:\/\/neuronup.com\/fr\/wp-content\/uploads\/2024\/10\/activite-follow-the-path-768x576.webp 768w, https:\/\/neuronup.com\/fr\/wp-content\/uploads\/2024\/10\/activite-follow-the-path-800x600.webp 800w, https:\/\/neuronup.com\/fr\/wp-content\/uploads\/2024\/10\/activite-follow-the-path-1024x768.webp 1024w, https:\/\/neuronup.com\/fr\/wp-content\/uploads\/2024\/10\/activite-follow-the-path.webp 1200w\" sizes=\"(max-width: 1200px) 100vw, 1200px\" \/><figcaption class=\"wp-element-caption\">Activit\u00e9 de NeuronUP: Follow the path.<\/figcaption><\/figure>\n<\/div>\n\n\n<p>Un exemple d\u2019activit\u00e9 pour am\u00e9liorer la vitesse de traitement consiste \u00e0 signaler le plus rapidement possible l\u2019image diff\u00e9rente au sein d\u2019une s\u00e9rie.<\/p>\n\n\n\n<div style=\"height:100px\" aria-hidden=\"true\" class=\"wp-block-spacer\"><\/div>\n<\/div>\n\n\n\n<div class=\"wp-block-column is-layout-flow wp-block-column-is-layout-flow\" style=\"flex-basis:50%\">\n<div class=\"wp-block-buttons sticky is-layout-flex wp-block-buttons-is-layout-flex\">\n<div class=\"wp-block-button\"><a class=\"wp-block-button__link button wp-element-button\" href=\"https:\/\/neuronup.com\/fr\/domaines-dintervention\/fonctions-cognitives\/lorientation\/\">L&rsquo;Orientation<\/a><\/div>\n\n\n\n<div class=\"wp-block-button\"><a class=\"wp-block-button__link button wp-element-button\" href=\"https:\/\/neuronup.com\/fr\/domaines-dintervention\/fonctions-cognitives\/gnosies\/\">Gnosies<\/a><\/div>\n\n\n\n<div class=\"wp-block-button\"><a class=\"wp-block-button__link button wp-element-button\" href=\"https:\/\/neuronup.com\/fr\/domaines-dintervention\/fonctions-cognitives\/lattention\/\">L&rsquo;Attention<\/a><\/div>\n\n\n\n<div class=\"wp-block-button\"><a class=\"wp-block-button__link button wp-element-button\" href=\"https:\/\/neuronup.com\/fr\/domaines-dintervention\/fonctions-cognitives\/fonctions-executives\/\">Fonctions ex\u00e9cutives<\/a><\/div>\n\n\n\n<div class=\"wp-block-button\"><a class=\"wp-block-button__link button wp-element-button\" href=\"https:\/\/neuronup.com\/fr\/domaines-dintervention\/fonctions-cognitives\/praxies\/\">Praxies<\/a><\/div>\n\n\n\n<div class=\"wp-block-button\"><a class=\"wp-block-button__link button wp-element-button\" href=\"https:\/\/neuronup.com\/fr\/domaines-dintervention\/fonctions-cognitives\/memoire\/\">M\u00e9moire<\/a><\/div>\n\n\n\n<div class=\"wp-block-button\"><a class=\"wp-block-button__link button wp-element-button\" href=\"https:\/\/neuronup.com\/fr\/domaines-dintervention\/fonctions-cognitives\/le-langage\/\">Le langage<\/a><\/div>\n\n\n\n<div class=\"wp-block-button\"><a class=\"wp-block-button__link button wp-element-button\" href=\"https:\/\/neuronup.com\/fr\/domaines-dintervention\/fonctions-cognitives\/cognition-sociale\/\">Cognition sociale<\/a><\/div>\n\n\n\n<div class=\"wp-block-button\"><a class=\"wp-block-button__link button wp-element-button\" href=\"https:\/\/neuronup.com\/fr\/domaines-dintervention\/fonctions-cognitives\/capacites-visuo-spatiales\/\">Capacit\u00e9s visuo-spatiales<\/a><\/div>\n<\/div>\n<\/div>\n<\/div>\n\n\n\n<h2 class=\"wp-block-heading\">D\u00e9couvrez-en plus sur les activit\u00e9s d&rsquo;attention :<\/h2>\n\n\n<div class=\"mai-grid entries entries-grid has-boxed has-image-full\" style=\"--entry-title-font-size:var(--font-size-lg);--align-text:start;--entry-meta-text-align:start;\"><div class=\"entries-wrap has-columns\" style=\"--columns-xs:1\/1;--columns-sm:1\/1;--columns-md:1\/3;--columns-lg:1\/3;--flex-xs:0 0 var(--flex-basis);--flex-sm:0 0 var(--flex-basis);--flex-md:0 0 var(--flex-basis);--flex-lg:0 0 var(--flex-basis);--column-gap:var(--spacing-lg);--row-gap:var(--spacing-lg);--align-columns:start;\"><article class=\"entry entry-grid is-column has-entry-link has-image has-image-first type-post category-activites-dattention category-activites-de-neuro-reeducation category-activites-pour-les-fonctions-cognitives tag-adulte\" style=\"--entry-index:1;\" aria-label=\"Nouvelle activit\u00e9 Attention s\u00e9lective (Adultes)\" itemscope itemtype=\"https:\/\/schema.org\/CreativeWork\"><a class=\"entry-image-link\" href=\"https:\/\/neuronup.com\/fr\/activites-de-neuro-reeducation\/nouvelle-activite-attention-selective-adultes\/\" tabindex=\"-1\" aria-hidden=\"true\"><img decoding=\"async\" width=\"253\" height=\"230\" src=\"https:\/\/neuronup.com\/fr\/wp-content\/uploads\/2026\/03\/Capture-decran-2026-03-03-160917.webp\" class=\"entry-image size-landscape-sm\" alt=\"\" \/><\/a><div class=\"entry-wrap entry-wrap-grid\"><h3 class=\"entry-title\" itemprop=\"headline\"><a class=\"entry-title-link\" href=\"https:\/\/neuronup.com\/fr\/activites-de-neuro-reeducation\/nouvelle-activite-attention-selective-adultes\/\" rel=\"bookmark\">Nouvelle activit\u00e9 Attention s\u00e9lective (Adultes)<\/a><\/h3>\n<\/div><\/article><article class=\"entry entry-grid is-column has-entry-link has-image has-image-first type-post category-activites-dattention tag-activites-de-stimulation-cognitive tag-actualites-de-neuronup tag-attention\" style=\"--entry-index:2;\" aria-label=\"Nouveau g\u00e9n\u00e9rateur pour copier le contenu d&#8217;un tableau dans un autre\" itemscope itemtype=\"https:\/\/schema.org\/CreativeWork\"><a class=\"entry-image-link\" href=\"https:\/\/neuronup.com\/fr\/activites-de-neuro-reeducation\/activites-pour-les-fonctions-cognitives\/activites-dattention\/nouveau-generateur-pour-copier-le-contenu-dune-matrice-a-une-autre\/\" tabindex=\"-1\" aria-hidden=\"true\"><img decoding=\"async\" width=\"400\" height=\"267\" src=\"https:\/\/neuronup.com\/fr\/wp-content\/uploads\/2022\/09\/copiar-el-contenido-de-una-matriz-2-1.webp\" class=\"entry-image size-landscape-sm\" alt=\"Nouveau g\u00e9n\u00e9rateur pour copier le contenu d&#039;une matrice \u00e0 une autre\" srcset=\"https:\/\/neuronup.com\/fr\/wp-content\/uploads\/2022\/09\/copiar-el-contenido-de-una-matriz-2-1-300x201.webp 300w, https:\/\/neuronup.com\/fr\/wp-content\/uploads\/2022\/09\/copiar-el-contenido-de-una-matriz-2-1-768x513.webp 768w, https:\/\/neuronup.com\/fr\/wp-content\/uploads\/2022\/09\/copiar-el-contenido-de-una-matriz-2-1-1024x684.webp 1024w, https:\/\/neuronup.com\/fr\/wp-content\/uploads\/2022\/09\/copiar-el-contenido-de-una-matriz-2-1.webp 1200w\" sizes=\"(max-width:599px) 599px, (min-width:600px) and (max-width: 799px) 799px, (min-width:800px) and (max-width: 999px) 333px, (min-width:1000px) 400px\" \/><\/a><div class=\"entry-wrap entry-wrap-grid\"><h3 class=\"entry-title\" itemprop=\"headline\"><a class=\"entry-title-link\" href=\"https:\/\/neuronup.com\/fr\/activites-de-neuro-reeducation\/activites-pour-les-fonctions-cognitives\/activites-dattention\/nouveau-generateur-pour-copier-le-contenu-dune-matrice-a-une-autre\/\" rel=\"bookmark\">Nouveau g\u00e9n\u00e9rateur pour copier le contenu d&#8217;un tableau dans un autre<\/a><\/h3>\n<\/div><\/article><article class=\"entry entry-grid is-column has-entry-link has-image has-image-first type-post category-activites-dattention tag-activites-de-stimulation-cognitive tag-activites-de-stimulation-cognitive-pour-enfants tag-actualites-de-neuronup tag-attention tag-enfants\" style=\"--entry-index:3;\" aria-label=\"Jeu pour travailler la vitesse de traitement chez les enfants : Paires \u00e0 la course\" itemscope itemtype=\"https:\/\/schema.org\/CreativeWork\"><a class=\"entry-image-link\" href=\"https:\/\/neuronup.com\/fr\/activites-de-neuro-reeducation\/activites-pour-les-fonctions-cognitives\/activites-dattention\/jeu-pour-travailler-la-vitesse-de-traitement-chez-les-enfants-courses-en-binomes\/\" tabindex=\"-1\" aria-hidden=\"true\"><img decoding=\"async\" width=\"400\" height=\"272\" src=\"https:\/\/neuronup.com\/fr\/wp-content\/uploads\/2023\/03\/Captura-de-Pantalla-2023-03-07-a-las-19.12.50.webp\" class=\"entry-image size-landscape-sm\" alt=\"Objets illustr\u00e9s en deux rang\u00e9es, avec un h\u00e9licopt\u00e8re central et une barre de progression; \u00e9l\u00e9ments vari\u00e9s.\" srcset=\"https:\/\/neuronup.com\/fr\/wp-content\/uploads\/2023\/03\/Captura-de-Pantalla-2023-03-07-a-las-19.12.50-300x204.webp 300w, https:\/\/neuronup.com\/fr\/wp-content\/uploads\/2023\/03\/Captura-de-Pantalla-2023-03-07-a-las-19.12.50-768x521.webp 768w, https:\/\/neuronup.com\/fr\/wp-content\/uploads\/2023\/03\/Captura-de-Pantalla-2023-03-07-a-las-19.12.50-1024x695.webp 1024w, https:\/\/neuronup.com\/fr\/wp-content\/uploads\/2023\/03\/Captura-de-Pantalla-2023-03-07-a-las-19.12.50.webp 1215w\" sizes=\"(max-width:599px) 599px, (min-width:600px) and (max-width: 799px) 799px, (min-width:800px) and (max-width: 999px) 333px, (min-width:1000px) 400px\" \/><\/a><div class=\"entry-wrap entry-wrap-grid\"><h3 class=\"entry-title\" itemprop=\"headline\"><a class=\"entry-title-link\" href=\"https:\/\/neuronup.com\/fr\/activites-de-neuro-reeducation\/activites-pour-les-fonctions-cognitives\/activites-dattention\/jeu-pour-travailler-la-vitesse-de-traitement-chez-les-enfants-courses-en-binomes\/\" rel=\"bookmark\">Jeu pour travailler la vitesse de traitement chez les enfants : Paires \u00e0 la course<\/a><\/h3>\n<\/div><\/article><\/div><\/div>","protected":false},"excerpt":{"rendered":"<p>L\u2019attention fait r\u00e9f\u00e9rence \u00e0 l\u2019\u00e9tat d\u2019observation et d\u2019alerte qui nous permet de prendre conscience de ce qui se passe dans notre environnement. En d\u2019autres termes, l\u2019attention est la capacit\u00e9 \u00e0 g\u00e9n\u00e9rer, orienter et maintenir un \u00e9tat d\u2019activation ad\u00e9quat pour le traitement correct de l\u2019information. Au sein de cette fonction, nous devons parler de 5 processus &hellip;<\/p>\n","protected":false},"author":1,"featured_media":32508,"parent":32474,"menu_order":3,"comment_status":"closed","ping_status":"closed","template":"","meta":{"_acf_changed":false,"_genesis_hide_title":false,"_genesis_hide_breadcrumbs":false,"_genesis_hide_singular_image":false,"_genesis_hide_footer_widgets":false,"_genesis_custom_body_class":"","_genesis_custom_post_class":"","_genesis_layout":"wide-content","footnotes":""},"class_list":{"1":"page","2":"type-page","6":"entry"},"acf":[],"_links":{"self":[{"href":"https:\/\/neuronup.com\/fr\/wp-json\/wp\/v2\/pages\/32507","targetHints":{"allow":["GET"]}}],"collection":[{"href":"https:\/\/neuronup.com\/fr\/wp-json\/wp\/v2\/pages"}],"about":[{"href":"https:\/\/neuronup.com\/fr\/wp-json\/wp\/v2\/types\/page"}],"author":[{"embeddable":true,"href":"https:\/\/neuronup.com\/fr\/wp-json\/wp\/v2\/users\/1"}],"replies":[{"embeddable":true,"href":"https:\/\/neuronup.com\/fr\/wp-json\/wp\/v2\/comments?post=32507"}],"version-history":[{"count":0,"href":"https:\/\/neuronup.com\/fr\/wp-json\/wp\/v2\/pages\/32507\/revisions"}],"up":[{"embeddable":true,"href":"https:\/\/neuronup.com\/fr\/wp-json\/wp\/v2\/pages\/32474"}],"wp:featuredmedia":[{"embeddable":true,"href":"https:\/\/neuronup.com\/fr\/wp-json\/wp\/v2\/media\/32508"}],"wp:attachment":[{"href":"https:\/\/neuronup.com\/fr\/wp-json\/wp\/v2\/media?parent=32507"}],"curies":[{"name":"wp","href":"https:\/\/api.w.org\/{rel}","templated":true}]}}