{"id":32490,"date":"2024-10-31T13:36:30","date_gmt":"2024-10-31T11:36:30","guid":{"rendered":"https:\/\/neuronup.com\/fr\/?page_id=32490"},"modified":"2026-03-23T12:34:28","modified_gmt":"2026-03-23T10:34:28","slug":"lorientation","status":"publish","type":"page","link":"https:\/\/neuronup.com\/fr\/domaines-dintervention\/fonctions-cognitives\/lorientation\/","title":{"rendered":"L\u2019Orientation"},"content":{"rendered":"\n<div class=\"wp-block-columns is-layout-flex wp-container-core-columns-is-layout-9d6595d7 wp-block-columns-is-layout-flex\">\n<div class=\"wp-block-column is-layout-flow wp-block-column-is-layout-flow\" style=\"flex-basis:66.66%\">\n<div style=\"height:50px\" aria-hidden=\"true\" class=\"wp-block-spacer\"><\/div>\n\n\n\n<p class=\"is-style-subheading\">L\u2019<strong>orientation<\/strong> se divise en trois types :<\/p>\n\n\n\n<ul class=\"wp-block-list\">\n<li><strong>Orientation personnelle :<\/strong>&nbsp;capacit\u00e9 \u00e0 int\u00e9grer des informations relatives \u00e0 l\u2019histoire et \u00e0 l\u2019identit\u00e9 personnelles, comme par exemple notre \u00e2ge, notre \u00e9tat civil ou nos \u00e9tudes.<\/li>\n\n\n\n<li><strong>Orientation temporelle :<\/strong>&nbsp;capacit\u00e9 \u00e0 g\u00e9rer des informations sur diff\u00e9rents faits ou situations et \u00e0 les situer chronologiquement dans le temps. Nous faisons r\u00e9f\u00e9rence \u00e0 des informations relatives au jour, \u00e0 l\u2019heure, au mois, \u00e0 l\u2019ann\u00e9e, etc., aux moments o\u00f9 r\u00e9aliser des activit\u00e9s, aux f\u00eates, aux saisons, etc.<\/li>\n\n\n\n<li><strong>Orientation spatiale :<\/strong>&nbsp;capacit\u00e9 \u00e0 g\u00e9rer des informations relatives \u00e0 l\u2019endroit d\u2019o\u00f9 nous venons, \u00e0 l\u2019endroit o\u00f9 nous sommes \u00e0 un moment pr\u00e9cis, \u00e0 l\u2019endroit o\u00f9 nous allons, etc.<\/li>\n<\/ul>\n\n\n\n<h2 class=\"wp-block-heading\" id=\"para-que-sirve-la-orientacion\">\u00c0 quoi sert l\u2019orientation ?<\/h2>\n\n\n\n<p>L\u2019un des aspects les plus importants de notre vie est de savoir nous situer, ainsi que les autres, dans une situation ou \u00e0 un moment donn\u00e9. Pour cela, nous devons avoir une bonne orientation de nous-m\u00eames et de ce qui nous entoure, ainsi que de concepts aussi importants que l\u2019espace ou le temps dans lesquels nous nous trouvons.<\/p>\n\n\n\n<p>Tous les jours, nous avons besoin de savoir \u00e0 un moment donn\u00e9 quel jour ou quelle heure il est et quelles activit\u00e9s nous pouvons r\u00e9aliser en fonction du moment o\u00f9 nous nous trouvons (prendre le petit-d\u00e9jeuner le matin, aller nous coucher le soir, consacrer du temps \u00e0 nos loisirs le week-end, etc.).<\/p>\n\n\n\n<h2 class=\"wp-block-heading\" id=\"ejercicios-de-neuronup-para-rehabilitar-la-orientacion\">Exercices de NeuronUP pour r\u00e9\u00e9duquer l\u2019orientation<\/h2>\n\n\n\n<p>Pour travailler l\u2019<strong>orientation temporelle<\/strong>, nous pouvons trouver des activit\u00e9s dans lesquelles le sujet doit dire quelle heure il est, en quel mois nous sommes ou en quelle saison de l\u2019ann\u00e9e nous nous trouvons.<\/p>\n\n\n\n<figure class=\"wp-block-image size-large image-interface w-100 has-xxl-margin-bottom\"><img decoding=\"async\" width=\"1024\" height=\"768\" src=\"https:\/\/neuronup.com\/fr\/wp-content\/uploads\/2026\/03\/Situation-dans-le-temps-1024x768.webp\" alt=\"Situation dans le temps\" class=\"wp-image-47148\" srcset=\"https:\/\/neuronup.com\/fr\/wp-content\/uploads\/2026\/03\/Situation-dans-le-temps-300x225.webp 300w, https:\/\/neuronup.com\/fr\/wp-content\/uploads\/2026\/03\/Situation-dans-le-temps-400x300.webp 400w, https:\/\/neuronup.com\/fr\/wp-content\/uploads\/2026\/03\/Situation-dans-le-temps-768x576.webp 768w, https:\/\/neuronup.com\/fr\/wp-content\/uploads\/2026\/03\/Situation-dans-le-temps-800x600.webp 800w, https:\/\/neuronup.com\/fr\/wp-content\/uploads\/2026\/03\/Situation-dans-le-temps-1024x768.webp 1024w, https:\/\/neuronup.com\/fr\/wp-content\/uploads\/2026\/03\/Situation-dans-le-temps.webp 1200w\" sizes=\"(max-width: 1024px) 100vw, 1024px\" \/><\/figure>\n\n\n\n<p>Enfin, l\u2019une des activit\u00e9s propos\u00e9es dans NeuronUP pour travailler l\u2019<strong>orientation spatiale<\/strong> est ax\u00e9e sur le fait d\u2019associer divers objets aux lieux o\u00f9 ils sont obtenus et aux professionnels qui s\u2019en chargent.<\/p>\n\n\n\n<figure class=\"wp-block-image size-large image-interface w-100\"><img decoding=\"async\" width=\"1024\" height=\"768\" src=\"https:\/\/neuronup.com\/fr\/wp-content\/uploads\/2026\/03\/Objets-etablissements-et-professions-1024x768.webp\" alt=\"Objets, \u00e9tablissements et professions\" class=\"wp-image-47146\" srcset=\"https:\/\/neuronup.com\/fr\/wp-content\/uploads\/2026\/03\/Objets-etablissements-et-professions-300x225.webp 300w, https:\/\/neuronup.com\/fr\/wp-content\/uploads\/2026\/03\/Objets-etablissements-et-professions-400x300.webp 400w, https:\/\/neuronup.com\/fr\/wp-content\/uploads\/2026\/03\/Objets-etablissements-et-professions-768x576.webp 768w, https:\/\/neuronup.com\/fr\/wp-content\/uploads\/2026\/03\/Objets-etablissements-et-professions-800x600.webp 800w, https:\/\/neuronup.com\/fr\/wp-content\/uploads\/2026\/03\/Objets-etablissements-et-professions-1024x768.webp 1024w, https:\/\/neuronup.com\/fr\/wp-content\/uploads\/2026\/03\/Objets-etablissements-et-professions.webp 1200w\" sizes=\"(max-width: 1024px) 100vw, 1024px\" \/><\/figure>\n\n\n\n<div style=\"height:100px\" aria-hidden=\"true\" class=\"wp-block-spacer\"><\/div>\n<\/div>\n\n\n\n<div class=\"wp-block-column is-layout-flow wp-block-column-is-layout-flow\" style=\"flex-basis:33.33%\">\n<div class=\"wp-block-buttons sticky is-layout-flex wp-block-buttons-is-layout-flex\">\n<div class=\"wp-block-button\"><a class=\"wp-block-button__link button wp-element-button\" href=\"https:\/\/neuronup.com\/fr\/domaines-dintervention\/fonctions-cognitives\/lorientation\/\">L&rsquo;Orientation<\/a><\/div>\n\n\n\n<div class=\"wp-block-button\"><a class=\"wp-block-button__link button wp-element-button\" href=\"https:\/\/neuronup.com\/fr\/domaines-dintervention\/fonctions-cognitives\/gnosies\/\">Gnosies<\/a><\/div>\n\n\n\n<div class=\"wp-block-button\"><a class=\"wp-block-button__link button wp-element-button\" href=\"https:\/\/neuronup.com\/fr\/domaines-dintervention\/fonctions-cognitives\/lattention\/\">L&rsquo;Attention<\/a><\/div>\n\n\n\n<div class=\"wp-block-button\"><a class=\"wp-block-button__link button wp-element-button\" href=\"https:\/\/neuronup.com\/fr\/domaines-dintervention\/fonctions-cognitives\/fonctions-executives\/\">Fonctions ex\u00e9cutives<\/a><\/div>\n\n\n\n<div class=\"wp-block-button\"><a class=\"wp-block-button__link button wp-element-button\" href=\"https:\/\/neuronup.com\/fr\/domaines-dintervention\/fonctions-cognitives\/praxies\/\">Praxies<\/a><\/div>\n\n\n\n<div class=\"wp-block-button\"><a class=\"wp-block-button__link button wp-element-button\" href=\"https:\/\/neuronup.com\/fr\/domaines-dintervention\/fonctions-cognitives\/memoire\/\">M\u00e9moire<\/a><\/div>\n\n\n\n<div class=\"wp-block-button\"><a class=\"wp-block-button__link button wp-element-button\" href=\"https:\/\/neuronup.com\/fr\/domaines-dintervention\/fonctions-cognitives\/le-langage\/\">Le langage<\/a><\/div>\n\n\n\n<div class=\"wp-block-button\"><a class=\"wp-block-button__link button wp-element-button\" href=\"https:\/\/neuronup.com\/fr\/domaines-dintervention\/fonctions-cognitives\/cognition-sociale\/\">Cognition sociale<\/a><\/div>\n\n\n\n<div class=\"wp-block-button\"><a class=\"wp-block-button__link button wp-element-button\" href=\"https:\/\/neuronup.com\/fr\/domaines-dintervention\/fonctions-cognitives\/capacites-visuo-spatiales\/\">Capacit\u00e9s visuo-spatiales<\/a><\/div>\n<\/div>\n<\/div>\n<\/div>\n\n\n\n<h2 class=\"wp-block-heading\">Lisez nos articles sur l&rsquo;orientation :<\/h2>\n\n\n<div class=\"mai-grid entries entries-grid has-boxed has-image-full\" style=\"--entry-title-font-size:var(--font-size-lg);--align-text:start;--entry-meta-text-align:start;\"><div class=\"entries-wrap has-columns\" style=\"--columns-xs:1\/1;--columns-sm:1\/1;--columns-md:1\/3;--columns-lg:1\/3;--flex-xs:0 0 var(--flex-basis);--flex-sm:0 0 var(--flex-basis);--flex-md:0 0 var(--flex-basis);--flex-lg:0 0 var(--flex-basis);--column-gap:var(--spacing-lg);--row-gap:var(--spacing-lg);--align-columns:start;\"><article class=\"entry entry-grid is-column has-entry-link has-image has-image-first type-post category-activites-dorientation tag-activites-de-stimulation-cognitive tag-activites-de-stimulation-cognitive-pour-enfants tag-actualites-de-neuronup tag-enfants tag-orientation\" style=\"--entry-index:1;\" aria-label=\"Fiche pour travailler l&#8217;orientation temporelle chez les enfants : Maintenant\" itemscope itemtype=\"https:\/\/schema.org\/CreativeWork\"><a class=\"entry-image-link\" href=\"https:\/\/neuronup.com\/fr\/activites-de-neuro-reeducation\/activites-pour-les-fonctions-cognitives\/activites-dorientation\/fiche-pour-travailler-lorientation-temporelle-chez-les-enfants-maintenant\/\" tabindex=\"-1\" aria-hidden=\"true\"><img decoding=\"async\" width=\"400\" height=\"271\" src=\"https:\/\/neuronup.com\/fr\/wp-content\/uploads\/2023\/01\/Ficha-para-trabajar-la-orientacion-temporal-en-ninos.webp\" class=\"entry-image size-landscape-sm\" alt=\"Fiche pour travailler l&#039;orientation temporelle chez les enfants : Maintenant\" srcset=\"https:\/\/neuronup.com\/fr\/wp-content\/uploads\/2023\/01\/Ficha-para-trabajar-la-orientacion-temporal-en-ninos-300x203.webp 300w, https:\/\/neuronup.com\/fr\/wp-content\/uploads\/2023\/01\/Ficha-para-trabajar-la-orientacion-temporal-en-ninos-768x520.webp 768w, https:\/\/neuronup.com\/fr\/wp-content\/uploads\/2023\/01\/Ficha-para-trabajar-la-orientacion-temporal-en-ninos-1024x693.webp 1024w, https:\/\/neuronup.com\/fr\/wp-content\/uploads\/2023\/01\/Ficha-para-trabajar-la-orientacion-temporal-en-ninos.webp 1200w\" sizes=\"(max-width:599px) 599px, (min-width:600px) and (max-width: 799px) 799px, (min-width:800px) and (max-width: 999px) 333px, (min-width:1000px) 400px\" \/><\/a><div class=\"entry-wrap entry-wrap-grid\"><h3 class=\"entry-title\" itemprop=\"headline\"><a class=\"entry-title-link\" href=\"https:\/\/neuronup.com\/fr\/activites-de-neuro-reeducation\/activites-pour-les-fonctions-cognitives\/activites-dorientation\/fiche-pour-travailler-lorientation-temporelle-chez-les-enfants-maintenant\/\" rel=\"bookmark\">Fiche pour travailler l&#8217;orientation temporelle chez les enfants : Maintenant<\/a><\/h3>\n<\/div><\/article><article class=\"entry entry-grid is-column has-entry-link has-image has-image-first type-post category-activites-dorientation tag-activites-de-stimulation-cognitive tag-orientation\" style=\"--entry-index:2;\" aria-label=\"Orientation : d\u00e9finition, types et activit\u00e9s d&#8217;orientation\" itemscope itemtype=\"https:\/\/schema.org\/CreativeWork\"><a class=\"entry-image-link\" href=\"https:\/\/neuronup.com\/fr\/activites-de-neuro-reeducation\/activites-pour-les-fonctions-cognitives\/activites-dorientation\/orientation-definition-types-et-activites-dorientation\/\" tabindex=\"-1\" aria-hidden=\"true\"><img decoding=\"async\" width=\"400\" height=\"269\" src=\"https:\/\/neuronup.com\/fr\/wp-content\/uploads\/2022\/01\/Actividades-de-orientacionObjetos-en-el-hogar.webp\" class=\"entry-image size-landscape-sm\" alt=\"Activit\u00e9 d&#039;orientation Objets dans le maison\" srcset=\"https:\/\/neuronup.com\/fr\/wp-content\/uploads\/2022\/01\/Actividades-de-orientacionObjetos-en-el-hogar-300x202.webp 300w, https:\/\/neuronup.com\/fr\/wp-content\/uploads\/2022\/01\/Actividades-de-orientacionObjetos-en-el-hogar-768x517.webp 768w, https:\/\/neuronup.com\/fr\/wp-content\/uploads\/2022\/01\/Actividades-de-orientacionObjetos-en-el-hogar-1024x689.webp 1024w, https:\/\/neuronup.com\/fr\/wp-content\/uploads\/2022\/01\/Actividades-de-orientacionObjetos-en-el-hogar.webp 1200w\" sizes=\"(max-width:599px) 599px, (min-width:600px) and (max-width: 799px) 799px, (min-width:800px) and (max-width: 999px) 333px, (min-width:1000px) 400px\" \/><\/a><div class=\"entry-wrap entry-wrap-grid\"><h3 class=\"entry-title\" itemprop=\"headline\"><a class=\"entry-title-link\" href=\"https:\/\/neuronup.com\/fr\/activites-de-neuro-reeducation\/activites-pour-les-fonctions-cognitives\/activites-dorientation\/orientation-definition-types-et-activites-dorientation\/\" rel=\"bookmark\">Orientation : d\u00e9finition, types et activit\u00e9s d&#8217;orientation<\/a><\/h3>\n<\/div><\/article><article class=\"entry entry-grid is-column has-entry-link has-image has-image-first type-post category-activites-dorientation category-activites-de-gnosies category-activites-de-neuro-reeducation category-activites-pour-les-fonctions-cognitives tag-enfants tag-orientation-spatiale tag-papier\" style=\"--entry-index:3;\" aria-label=\"Nouvelle activit\u00e9 au format papier pour travailler l\u2019orientation spatiale avec vos jeunes patients : Range la maison\" itemscope itemtype=\"https:\/\/schema.org\/CreativeWork\"><a class=\"entry-image-link\" href=\"https:\/\/neuronup.com\/fr\/activites-de-neuro-reeducation\/nouvelle-activite-au-format-papier-pour-travailler-lorientation-spatiale-avec-vos-jeunes-patients-range-la-maison\/\" tabindex=\"-1\" aria-hidden=\"true\"><img decoding=\"async\" width=\"400\" height=\"300\" src=\"https:\/\/neuronup.com\/fr\/wp-content\/uploads\/2025\/07\/Range-la-maison-fr-400x300.webp\" class=\"entry-image size-landscape-sm\" alt=\"\u00c0 gauche: salle de bains moderne avec douche et lavabo sur meuble en bois; \u00e0 droite, salon avec canap\u00e9, fauteuil et table basse; rideaux color\u00e9s.\" srcset=\"https:\/\/neuronup.com\/fr\/wp-content\/uploads\/2025\/07\/Range-la-maison-fr-400x300.webp 400w, https:\/\/neuronup.com\/fr\/wp-content\/uploads\/2025\/07\/Range-la-maison-fr-800x600.webp 800w\" sizes=\"(max-width:599px) 599px, (min-width:600px) and (max-width: 799px) 799px, (min-width:800px) and (max-width: 999px) 333px, (min-width:1000px) 400px\" \/><\/a><div class=\"entry-wrap entry-wrap-grid\"><h3 class=\"entry-title\" itemprop=\"headline\"><a class=\"entry-title-link\" href=\"https:\/\/neuronup.com\/fr\/activites-de-neuro-reeducation\/nouvelle-activite-au-format-papier-pour-travailler-lorientation-spatiale-avec-vos-jeunes-patients-range-la-maison\/\" rel=\"bookmark\">Nouvelle activit\u00e9 au format papier pour travailler l\u2019orientation spatiale avec vos jeunes patients : Range la maison<\/a><\/h3>\n<\/div><\/article><\/div><\/div>\n\n","protected":false},"excerpt":{"rendered":"<p>L\u2019orientation se divise en trois types : \u00c0 quoi sert l\u2019orientation ? L\u2019un des aspects les plus importants de notre vie est de savoir nous situer, ainsi que les autres, dans une situation ou \u00e0 un moment donn\u00e9. Pour cela, nous devons avoir une bonne orientation de nous-m\u00eames et de ce qui nous entoure, ainsi &hellip;<\/p>\n","protected":false},"author":1,"featured_media":32491,"parent":32474,"menu_order":1,"comment_status":"closed","ping_status":"closed","template":"","meta":{"_acf_changed":false,"_genesis_hide_title":false,"_genesis_hide_breadcrumbs":false,"_genesis_hide_singular_image":false,"_genesis_hide_footer_widgets":false,"_genesis_custom_body_class":"","_genesis_custom_post_class":"","_genesis_layout":"wide-content","footnotes":""},"class_list":{"1":"page","2":"type-page","6":"entry"},"acf":[],"_links":{"self":[{"href":"https:\/\/neuronup.com\/fr\/wp-json\/wp\/v2\/pages\/32490","targetHints":{"allow":["GET"]}}],"collection":[{"href":"https:\/\/neuronup.com\/fr\/wp-json\/wp\/v2\/pages"}],"about":[{"href":"https:\/\/neuronup.com\/fr\/wp-json\/wp\/v2\/types\/page"}],"author":[{"embeddable":true,"href":"https:\/\/neuronup.com\/fr\/wp-json\/wp\/v2\/users\/1"}],"replies":[{"embeddable":true,"href":"https:\/\/neuronup.com\/fr\/wp-json\/wp\/v2\/comments?post=32490"}],"version-history":[{"count":0,"href":"https:\/\/neuronup.com\/fr\/wp-json\/wp\/v2\/pages\/32490\/revisions"}],"up":[{"embeddable":true,"href":"https:\/\/neuronup.com\/fr\/wp-json\/wp\/v2\/pages\/32474"}],"wp:featuredmedia":[{"embeddable":true,"href":"https:\/\/neuronup.com\/fr\/wp-json\/wp\/v2\/media\/32491"}],"wp:attachment":[{"href":"https:\/\/neuronup.com\/fr\/wp-json\/wp\/v2\/media?parent=32490"}],"curies":[{"name":"wp","href":"https:\/\/api.w.org\/{rel}","templated":true}]}}